{"id":36344,"date":"2025-02-13T16:55:33","date_gmt":"2025-02-13T15:55:33","guid":{"rendered":"https:\/\/ironsky.pl\/drony-sklep\/produkt\/pix4dsurvey-licencja-miesieczna-plywajaca-1-urzadzenie\/"},"modified":"2026-03-05T15:54:24","modified_gmt":"2026-03-05T14:54:24","slug":"pix4dsurvey-licencja-miesieczna-plywajaca-1-urzadzenie","status":"publish","type":"product","link":"https:\/\/ironsky.pl\/sklep\/produkt\/pix4dsurvey-licencja-miesieczna-plywajaca-1-urzadzenie\/","title":{"rendered":"Pix4Dsurvey- Licencja miesi\u0119czna p\u0142ywaj\u0105ca (1 urz\u0105dzenie)"},"content":{"rendered":"<p><img decoding=\"async\" src=\"https:\/\/rcpro.pl\/data\/include\/cms\/enterprise\/Pix4d\/Survey\/Pix4Dsurvey-baner.jpg?v=1616508610806\" border=\"0\" \/><\/p>\n<h3>Pix4Dsurvey<\/p>\n<h3>Wype\u0142nij luk\u0119 mi\u0119dzy fotogrametri\u0105, a projektowaniem CAD.<\/h3>\n<table>\n<tbody>\n<tr>\n<td>\n<h3>Rejestruj<\/h3>\n<p>Wykonaj zdj\u0119cia lub chmury punkt\u00f3w za pomoc\u0105 drona lub dowolnego skanera laserowego.<\/p>\n<\/td>\n<td style=\"width: 50%; text-align: center; vertical-align: middle;\">\n<p><img decoding=\"async\" src=\"https:\/\/rcpro.pl\/data\/include\/cms\/enterprise\/Pix4d\/Survey\/Pix4Dsurvey-capture.png\" border=\"0\" \/><\/p>\n<\/td>\n<\/tr>\n<\/tbody>\n<\/table>\n<table>\n<tbody>\n<tr>\n<td style=\"width: 50%; text-align: center; vertical-align: middle;\"><img decoding=\"async\" src=\"https:\/\/rcpro.pl\/data\/include\/cms\/enterprise\/Pix4d\/Survey\/Pix4Dsurvey-model.png\" border=\"0\" \/><\/td>\n<td>\n<h3>Opracuj model<\/h3>\n<p>Przekszta\u0142\u0107 swoje pliki w cyfrowe chmury punkt\u00f3w i zaimportuj je do Pix4Dsurvey.<br \/>\nPracuj bezpo\u015brednio z plikami Pix4Dmapper lub Pix4Dmatic, jak r\u00f3wnie\u017c z ka\u017cdym plikiem w formacie .las lub .laz.<\/p>\n<\/td>\n<\/tr>\n<\/tbody>\n<\/table>\n<table>\n<tbody>\n<tr>\n<td>\n<h3>Wektoryzuj<\/h3>\n<p>Wygeneruj numeryczny model terenu TIN, aby wymodelowa\u0107 obszar i utw\u00f3rz pliki wektorowe CAD z chmury punkt\u00f3w, wyodr\u0119bniaj\u0105c kluczowe elementy projektu za pomoc\u0105 Pix4Dsurvey.<\/p>\n<\/td>\n<td style=\"width: 50%; text-align: center; vertical-align: middle;\">\n<p><img decoding=\"async\" src=\"https:\/\/rcpro.pl\/data\/include\/cms\/enterprise\/Pix4d\/Survey\/Pix4Dsurvey-vectorize.png?v=1616508610805\" border=\"0\" \/><\/p>\n<\/td>\n<\/tr>\n<\/tbody>\n<\/table>\n<table>\n<tbody>\n<tr>\n<td style=\"width: 50%; text-align: center; vertical-align: middle;\"><img decoding=\"async\" src=\"https:\/\/rcpro.pl\/data\/include\/cms\/enterprise\/Pix4d\/Survey\/Pix4Dsurvey-Integrate.png\" border=\"0\" \/><\/td>\n<td>\n<h3>Integruj<\/h3>\n<p>Otw\u00f3rz swoje dane w dowolnym oprogramowaniu CAD lub GIS z indywidualnymi warstwami i w\u0142a\u015bciwo\u015bciami, kt\u00f3re pasuj\u0105 do istniej\u0105cego schematu pracy.<\/p>\n<\/td>\n<\/tr>\n<\/tbody>\n<\/table>\n<p><img decoding=\"async\" src=\"https:\/\/rcpro.pl\/data\/include\/cms\/enterprise\/Pix4d\/Survey\/Pix4Dsurvey-beyond-the-point.jpg?v=1616510680057\" border=\"0\" \/>\u00a0\u00a0<\/p>\n<h3>Wi\u0119cej ni\u017c tylko punkt<\/h3>\n<p>Wyodr\u0119bnij tylko najbardziej istotne informacje, aby przyspieszy\u0107 i upro\u015bci\u0107 procesy pomiarowe.<\/p>\n<p><img decoding=\"async\" src=\"https:\/\/rcpro.pl\/data\/include\/cms\/enterprise\/Pix4d\/Survey\/Pix4Dsurvey_Built-in-vectorization-tools.jpg?v=1616510680056\" border=\"0\" alt=\"\" \/>\u00a0<\/p>\n<h3>Wbudowane narz\u0119dzia do wektoryzacji<\/h3>\n<p>Wektoryzuj sw\u00f3j projekt u\u017cywaj\u0105c punkt\u00f3w, polilinii, wielok\u0105t\u00f3w i krzywych katenowych za pomoc\u0105 kilku klikni\u0119\u0107.<\/p>\n<p><img decoding=\"async\" src=\"https:\/\/rcpro.pl\/data\/include\/cms\/enterprise\/Pix4d\/Survey\/Pix4Dsurvey_TIN_Mark_as_terrain.jpg?v=1616510680055\" border=\"0\" alt=\"\" \/><\/p>\n<h3>Tw\u00f3rz powierzchnie<\/h3>\n<p>Opracuj numeryczny model terenu za pomoc\u0105 TIN z punkt\u00f3w i linii \u0142amanych, aby odwzorowa\u0107 topografi\u0119 Twojego projektu. Zautomatyzuj tworzenie elewacji punktowych co wyra\u017anie prze\u0142o\u017cy si\u0119 uproszczenie chmury punkt\u00f3w.<\/p>\n<p><img decoding=\"async\" src=\"https:\/\/rcpro.pl\/data\/include\/cms\/enterprise\/Pix4d\/Survey\/Pix4Dsurvey-uzyskaj-dostep-do-danych.jpg\" border=\"0\" alt=\"\" \/><\/p>\n<h3>Uzyskaj dost\u0119p do wi\u0119kszej ilo\u015bci danych<\/h3>\n<p>Wyjd\u017a poza fotogrametri\u0119, ale nadal pracuj z Pix4D&#8217;s rayCloud, aby mie\u0107 dost\u0119p do oryginalnych obraz\u00f3w i chmur punkt\u00f3w 3D jednocze\u015bnie. Wektoryzuj w 3D, edytuj w 2D. Nawet skomplikowane obiekty, jak np. wn\u0119ki widoczne tylko na zdj\u0119ciach, mog\u0105 by\u0107 poddane pomiarowi.<\/p>\n<p><img decoding=\"async\" src=\"https:\/\/rcpro.pl\/data\/include\/cms\/enterprise\/Pix4d\/Survey\/Pix4Dsurvey-scale-up.jpg?v=1616576948590\" border=\"0\" alt=\"\" \/><\/p>\n<h3>Zwi\u0119ksz skal\u0119<\/h><\/p>\n<p>Pix4Dsurvey mo\u017ce obs\u0142ugiwa\u0107 miliardy punkt\u00f3w. Pracuj z wi\u0119cej ni\u017c jednym plikiem chmury punkt\u00f3w w tym samym czasie, na tym samym projekcie.<\/p>\n<p><img decoding=\"async\" src=\"https:\/\/rcpro.pl\/data\/include\/cms\/enterprise\/Pix4d\/Survey\/Pix4Dsurvey_Integrated_solution.jpg\" border=\"0\" alt=\"\" \/><\/p>\n<h3>Zintegrowane rozwi\u0105zania<\/h3>\n<p>Pix4Dsurvey wsp\u00f3\u0142pracuje z Twoimi dotychczasowym systemem pracy. Importuj pliki .p4d z Pix4Dmapper za pomoc\u0105 jednego przycisku, lub pracuj z plikami w formacie LAS.<\/p>\n<p><img decoding=\"async\" src=\"https:\/\/rcpro.pl\/data\/include\/cms\/enterprise\/Pix4d\/Survey\/Pix4Dsurvey_easy_export.jpg?v=1616577273404\" border=\"0\" alt=\"\" \/><\/p>\n<h3>U\u0142atwione eksportowanie\u00a0<\/h3>\n<p>Ka\u017cdy badany obiekt mo\u017ce by\u0107 przypisany do warstwy i edytowany. Warstwy mog\u0105 by\u0107 eksportowane oddzielnie lub razem, co umo\u017cliwia bezproblemowe przej\u015bcie do preferowanego oprogramowania CAD lub GIS.<\/p>\n<p><img decoding=\"async\" src=\"https:\/\/rcpro.pl\/data\/include\/cms\/enterprise\/Pix4d\/Survey\/Pix4Dsurvey_your_choice.jpg?v=1616577633630\" border=\"0\" alt=\"\" \/><\/p>\n<h3>To Ty wybierasz chmur\u0119 punkt\u00f3w<\/h3>\n<p>Importuj projekty z Pix4Dmapper, Pix4Dmatic lub dowolnego pliku .las lub .laz.<\/p>\n<h3>Licencja miesi\u0119czna p\u0142ywaj\u0105ca (1 urz\u0105dzenie)<\/h3>\n<p>Pozwala na zainstalowanie programu na dowolnej liczbie komputer\u00f3w i uruchamianie go w dowolnym momencie na tylu systemach, ile wskazuje liczba zakupionych licencji. Jedna maszyna komputerowa zostanie wyznaczona jako &#8222;serwer licencji&#8221;; zainstalowane na niej narz\u0119dzie serwera licencji b\u0119dzie zarz\u0105dza\u0107 dystrybucj\u0105 licencji w sieci komputer\u00f3w, na kt\u00f3rych program zosta\u0142 zainstalowany.<\/p>\n","protected":false},"excerpt":{"rendered":"<p>Pix4Dsurvey Wype\u0142nij luk\u0119 mi\u0119dzy fotogrametri\u0105, a projektowaniem CAD. Rejestruj Wykonaj zdj\u0119cia lub chmury punkt\u00f3w za pomoc\u0105 drona lub dowolnego skanera<\/p>\n","protected":false},"featured_media":36345,"comment_status":"closed","ping_status":"open","template":"","meta":{"_acf_changed":false},"product_brand":[],"product_cat":[1101,5684,1093],"product_tag":[],"class_list":{"0":"post-36344","1":"product","2":"type-product","3":"status-publish","4":"has-post-thumbnail","6":"product_cat-oprogramowanie-do-dronow","7":"product_cat-pix4d","8":"product_cat-urzadzenia-i-akcesoria","9":"pa_producent-pix4d","11":"first","12":"outofstock","13":"taxable","14":"shipping-taxable","15":"purchasable","16":"product-type-simple"},"acf":[],"yoast_head":"<!-- This site is optimized with the Yoast SEO plugin v27.2 - https:\/\/yoast.com\/product\/yoast-seo-wordpress\/ -->\n<title>Pix4Dsurvey- Licencja miesi\u0119czna p\u0142ywaj\u0105ca (1 urz\u0105dzenie) - IRONSKY.PL Sklep z Dronami<\/title>\n<meta name=\"description\" content=\"Pix4Dsurvey- Licencja miesi\u0119czna p\u0142ywaj\u0105ca (1 urz\u0105dzenie) - \u2705 sklep z dronami i fachowym doradztwem. \u2705 Tutaj kupisz produkty DJI, Yuneec, Parrot, Syma i wiele innych, a tak\u017ce kursy i licencje na operatora drona.\" \/>\n<meta name=\"robots\" content=\"index, follow, max-snippet:-1, max-image-preview:large, max-video-preview:-1\" \/>\n<link rel=\"canonical\" href=\"https:\/\/ironsky.pl\/sklep\/produkt\/pix4dsurvey-licencja-miesieczna-plywajaca-1-urzadzenie\/\" \/>\n<meta property=\"og:locale\" content=\"pl_PL\" \/>\n<meta property=\"og:type\" content=\"article\" \/>\n<meta property=\"og:title\" content=\"Pix4Dsurvey- Licencja miesi\u0119czna p\u0142ywaj\u0105ca (1 urz\u0105dzenie) - IRONSKY.PL Sklep z Dronami\" \/>\n<meta property=\"og:description\" content=\"Pix4Dsurvey- Licencja miesi\u0119czna p\u0142ywaj\u0105ca (1 urz\u0105dzenie) - \u2705 sklep z dronami i fachowym doradztwem. \u2705 Tutaj kupisz produkty DJI, Yuneec, Parrot, Syma i wiele innych, a tak\u017ce kursy i licencje na operatora drona.\" \/>\n<meta property=\"og:url\" content=\"https:\/\/ironsky.pl\/sklep\/produkt\/pix4dsurvey-licencja-miesieczna-plywajaca-1-urzadzenie\/\" \/>\n<meta property=\"og:site_name\" content=\"IRONSKY.PL Sklep z Dronami\" \/>\n<meta property=\"article:modified_time\" content=\"2026-03-05T14:54:24+00:00\" \/>\n<meta property=\"og:image\" content=\"https:\/\/ironsky.pl\/sklep\/wp-content\/uploads\/2025\/02\/19598_1.jpg\" \/>\n\t<meta property=\"og:image:width\" content=\"400\" \/>\n\t<meta property=\"og:image:height\" content=\"400\" \/>\n\t<meta property=\"og:image:type\" content=\"image\/jpeg\" \/>\n<meta name=\"twitter:card\" content=\"summary_large_image\" \/>\n<meta name=\"twitter:label1\" content=\"Szacowany czas czytania\" \/>\n\t<meta name=\"twitter:data1\" content=\"2 minuty\" \/>\n<script type=\"application\/ld+json\" class=\"yoast-schema-graph\">{\"@context\":\"https:\/\/schema.org\",\"@graph\":[{\"@type\":\"WebPage\",\"@id\":\"https:\/\/ironsky.pl\/sklep\/produkt\/pix4dsurvey-licencja-miesieczna-plywajaca-1-urzadzenie\/\",\"url\":\"https:\/\/ironsky.pl\/sklep\/produkt\/pix4dsurvey-licencja-miesieczna-plywajaca-1-urzadzenie\/\",\"name\":\"Pix4Dsurvey- Licencja miesi\u0119czna p\u0142ywaj\u0105ca (1 urz\u0105dzenie) - IRONSKY.PL Sklep z Dronami\",\"isPartOf\":{\"@id\":\"https:\/\/ironsky.pl\/sklep\/#website\"},\"primaryImageOfPage\":{\"@id\":\"https:\/\/ironsky.pl\/sklep\/produkt\/pix4dsurvey-licencja-miesieczna-plywajaca-1-urzadzenie\/#primaryimage\"},\"image\":{\"@id\":\"https:\/\/ironsky.pl\/sklep\/produkt\/pix4dsurvey-licencja-miesieczna-plywajaca-1-urzadzenie\/#primaryimage\"},\"thumbnailUrl\":\"https:\/\/ironsky.pl\/sklep\/wp-content\/uploads\/2025\/02\/19598_1.jpg\",\"datePublished\":\"2025-02-13T15:55:33+00:00\",\"dateModified\":\"2026-03-05T14:54:24+00:00\",\"description\":\"Pix4Dsurvey- Licencja miesi\u0119czna p\u0142ywaj\u0105ca (1 urz\u0105dzenie) - \u2705 sklep z dronami i fachowym doradztwem. \u2705 Tutaj kupisz produkty DJI, Yuneec, Parrot, Syma i wiele innych, a tak\u017ce kursy i licencje na operatora drona.\",\"breadcrumb\":{\"@id\":\"https:\/\/ironsky.pl\/sklep\/produkt\/pix4dsurvey-licencja-miesieczna-plywajaca-1-urzadzenie\/#breadcrumb\"},\"inLanguage\":\"pl-PL\",\"potentialAction\":[{\"@type\":\"ReadAction\",\"target\":[\"https:\/\/ironsky.pl\/sklep\/produkt\/pix4dsurvey-licencja-miesieczna-plywajaca-1-urzadzenie\/\"]}]},{\"@type\":\"ImageObject\",\"inLanguage\":\"pl-PL\",\"@id\":\"https:\/\/ironsky.pl\/sklep\/produkt\/pix4dsurvey-licencja-miesieczna-plywajaca-1-urzadzenie\/#primaryimage\",\"url\":\"https:\/\/ironsky.pl\/sklep\/wp-content\/uploads\/2025\/02\/19598_1.jpg\",\"contentUrl\":\"https:\/\/ironsky.pl\/sklep\/wp-content\/uploads\/2025\/02\/19598_1.jpg\",\"width\":400,\"height\":400},{\"@type\":\"BreadcrumbList\",\"@id\":\"https:\/\/ironsky.pl\/sklep\/produkt\/pix4dsurvey-licencja-miesieczna-plywajaca-1-urzadzenie\/#breadcrumb\",\"itemListElement\":[{\"@type\":\"ListItem\",\"position\":1,\"name\":\"Strona g\u0142\u00f3wna\",\"item\":\"https:\/\/ironsky.pl\/sklep\/\"},{\"@type\":\"ListItem\",\"position\":2,\"name\":\"Wszystkie produkty\",\"item\":\"https:\/\/ironsky.pl\/sklep\/produkty\/\"},{\"@type\":\"ListItem\",\"position\":3,\"name\":\"Pix4Dsurvey- Licencja miesi\u0119czna p\u0142ywaj\u0105ca (1 urz\u0105dzenie)\"}]},{\"@type\":\"WebSite\",\"@id\":\"https:\/\/ironsky.pl\/sklep\/#website\",\"url\":\"https:\/\/ironsky.pl\/sklep\/\",\"name\":\"IRONSKY.PL Sklep z Dronami\",\"description\":\"IRONSKY.PL Sklep z Dronami\",\"potentialAction\":[{\"@type\":\"SearchAction\",\"target\":{\"@type\":\"EntryPoint\",\"urlTemplate\":\"https:\/\/ironsky.pl\/sklep\/?s={search_term_string}\"},\"query-input\":{\"@type\":\"PropertyValueSpecification\",\"valueRequired\":true,\"valueName\":\"search_term_string\"}}],\"inLanguage\":\"pl-PL\"}]}<\/script>\n<!-- \/ Yoast SEO plugin. -->","yoast_head_json":{"title":"Pix4Dsurvey- Licencja miesi\u0119czna p\u0142ywaj\u0105ca (1 urz\u0105dzenie) - IRONSKY.PL Sklep z Dronami","description":"Pix4Dsurvey- Licencja miesi\u0119czna p\u0142ywaj\u0105ca (1 urz\u0105dzenie) - \u2705 sklep z dronami i fachowym doradztwem. \u2705 Tutaj kupisz produkty DJI, Yuneec, Parrot, Syma i wiele innych, a tak\u017ce kursy i licencje na operatora drona.","robots":{"index":"index","follow":"follow","max-snippet":"max-snippet:-1","max-image-preview":"max-image-preview:large","max-video-preview":"max-video-preview:-1"},"canonical":"https:\/\/ironsky.pl\/sklep\/produkt\/pix4dsurvey-licencja-miesieczna-plywajaca-1-urzadzenie\/","og_locale":"pl_PL","og_type":"article","og_title":"Pix4Dsurvey- Licencja miesi\u0119czna p\u0142ywaj\u0105ca (1 urz\u0105dzenie) - IRONSKY.PL Sklep z Dronami","og_description":"Pix4Dsurvey- Licencja miesi\u0119czna p\u0142ywaj\u0105ca (1 urz\u0105dzenie) - \u2705 sklep z dronami i fachowym doradztwem. \u2705 Tutaj kupisz produkty DJI, Yuneec, Parrot, Syma i wiele innych, a tak\u017ce kursy i licencje na operatora drona.","og_url":"https:\/\/ironsky.pl\/sklep\/produkt\/pix4dsurvey-licencja-miesieczna-plywajaca-1-urzadzenie\/","og_site_name":"IRONSKY.PL Sklep z Dronami","article_modified_time":"2026-03-05T14:54:24+00:00","og_image":[{"width":400,"height":400,"url":"https:\/\/ironsky.pl\/sklep\/wp-content\/uploads\/2025\/02\/19598_1.jpg","type":"image\/jpeg"}],"twitter_card":"summary_large_image","twitter_misc":{"Szacowany czas czytania":"2 minuty"},"schema":{"@context":"https:\/\/schema.org","@graph":[{"@type":"WebPage","@id":"https:\/\/ironsky.pl\/sklep\/produkt\/pix4dsurvey-licencja-miesieczna-plywajaca-1-urzadzenie\/","url":"https:\/\/ironsky.pl\/sklep\/produkt\/pix4dsurvey-licencja-miesieczna-plywajaca-1-urzadzenie\/","name":"Pix4Dsurvey- Licencja miesi\u0119czna p\u0142ywaj\u0105ca (1 urz\u0105dzenie) - IRONSKY.PL Sklep z Dronami","isPartOf":{"@id":"https:\/\/ironsky.pl\/sklep\/#website"},"primaryImageOfPage":{"@id":"https:\/\/ironsky.pl\/sklep\/produkt\/pix4dsurvey-licencja-miesieczna-plywajaca-1-urzadzenie\/#primaryimage"},"image":{"@id":"https:\/\/ironsky.pl\/sklep\/produkt\/pix4dsurvey-licencja-miesieczna-plywajaca-1-urzadzenie\/#primaryimage"},"thumbnailUrl":"https:\/\/ironsky.pl\/sklep\/wp-content\/uploads\/2025\/02\/19598_1.jpg","datePublished":"2025-02-13T15:55:33+00:00","dateModified":"2026-03-05T14:54:24+00:00","description":"Pix4Dsurvey- Licencja miesi\u0119czna p\u0142ywaj\u0105ca (1 urz\u0105dzenie) - \u2705 sklep z dronami i fachowym doradztwem. \u2705 Tutaj kupisz produkty DJI, Yuneec, Parrot, Syma i wiele innych, a tak\u017ce kursy i licencje na operatora drona.","breadcrumb":{"@id":"https:\/\/ironsky.pl\/sklep\/produkt\/pix4dsurvey-licencja-miesieczna-plywajaca-1-urzadzenie\/#breadcrumb"},"inLanguage":"pl-PL","potentialAction":[{"@type":"ReadAction","target":["https:\/\/ironsky.pl\/sklep\/produkt\/pix4dsurvey-licencja-miesieczna-plywajaca-1-urzadzenie\/"]}]},{"@type":"ImageObject","inLanguage":"pl-PL","@id":"https:\/\/ironsky.pl\/sklep\/produkt\/pix4dsurvey-licencja-miesieczna-plywajaca-1-urzadzenie\/#primaryimage","url":"https:\/\/ironsky.pl\/sklep\/wp-content\/uploads\/2025\/02\/19598_1.jpg","contentUrl":"https:\/\/ironsky.pl\/sklep\/wp-content\/uploads\/2025\/02\/19598_1.jpg","width":400,"height":400},{"@type":"BreadcrumbList","@id":"https:\/\/ironsky.pl\/sklep\/produkt\/pix4dsurvey-licencja-miesieczna-plywajaca-1-urzadzenie\/#breadcrumb","itemListElement":[{"@type":"ListItem","position":1,"name":"Strona g\u0142\u00f3wna","item":"https:\/\/ironsky.pl\/sklep\/"},{"@type":"ListItem","position":2,"name":"Wszystkie produkty","item":"https:\/\/ironsky.pl\/sklep\/produkty\/"},{"@type":"ListItem","position":3,"name":"Pix4Dsurvey- Licencja miesi\u0119czna p\u0142ywaj\u0105ca (1 urz\u0105dzenie)"}]},{"@type":"WebSite","@id":"https:\/\/ironsky.pl\/sklep\/#website","url":"https:\/\/ironsky.pl\/sklep\/","name":"IRONSKY.PL Sklep z Dronami","description":"IRONSKY.PL Sklep z Dronami","potentialAction":[{"@type":"SearchAction","target":{"@type":"EntryPoint","urlTemplate":"https:\/\/ironsky.pl\/sklep\/?s={search_term_string}"},"query-input":{"@type":"PropertyValueSpecification","valueRequired":true,"valueName":"search_term_string"}}],"inLanguage":"pl-PL"}]}},"_links":{"self":[{"href":"https:\/\/ironsky.pl\/sklep\/wp-json\/wp\/v2\/product\/36344","targetHints":{"allow":["GET"]}}],"collection":[{"href":"https:\/\/ironsky.pl\/sklep\/wp-json\/wp\/v2\/product"}],"about":[{"href":"https:\/\/ironsky.pl\/sklep\/wp-json\/wp\/v2\/types\/product"}],"replies":[{"embeddable":true,"href":"https:\/\/ironsky.pl\/sklep\/wp-json\/wp\/v2\/comments?post=36344"}],"wp:featuredmedia":[{"embeddable":true,"href":"https:\/\/ironsky.pl\/sklep\/wp-json\/wp\/v2\/media\/36345"}],"wp:attachment":[{"href":"https:\/\/ironsky.pl\/sklep\/wp-json\/wp\/v2\/media?parent=36344"}],"wp:term":[{"taxonomy":"product_brand","embeddable":true,"href":"https:\/\/ironsky.pl\/sklep\/wp-json\/wp\/v2\/product_brand?post=36344"},{"taxonomy":"product_cat","embeddable":true,"href":"https:\/\/ironsky.pl\/sklep\/wp-json\/wp\/v2\/product_cat?post=36344"},{"taxonomy":"product_tag","embeddable":true,"href":"https:\/\/ironsky.pl\/sklep\/wp-json\/wp\/v2\/product_tag?post=36344"}],"curies":[{"name":"wp","href":"https:\/\/api.w.org\/{rel}","templated":true}]}}