{"id":36342,"date":"2025-02-13T16:55:30","date_gmt":"2025-02-13T15:55:30","guid":{"rendered":"https:\/\/ironsky.pl\/drony-sklep\/produkt\/pix4dreact-licencja-miesieczna-plywajaca-1-urzadzenie\/"},"modified":"2026-03-05T15:54:24","modified_gmt":"2026-03-05T14:54:24","slug":"pix4dreact-licencja-miesieczna-plywajaca-1-urzadzenie","status":"publish","type":"product","link":"https:\/\/ironsky.pl\/sklep\/produkt\/pix4dreact-licencja-miesieczna-plywajaca-1-urzadzenie\/","title":{"rendered":"Pix4Dreact &#8211; Licencja miesi\u0119czna p\u0142ywaj\u0105ca (1 urz\u0105dzenie)"},"content":{"rendered":"<p><img decoding=\"async\" src=\"https:\/\/rcpro.pl\/data\/include\/cms\/enterprise\/Pix4d\/React\/Pix4Dreact-baner0.jpg\" border=\"0\" width=\"100%\" height=\"NaN\" \/><\/p>\n<p>\u00a0<\/p>\n<p style=\"text-align: center;\"><strong><span style=\"font-size: 14pt;\">Pix4Dreact<\/span><\/strong><\/p>\n<p style=\"text-align: center;\"><span style=\"font-size: 12pt;\">Zaawansowane oprogramowanie mapuj\u0105ce w 2D dla ratownictwa i s\u0142u\u017cb bezpiecze\u0144stwa publicznego.<\/span><\/p>\n<p>\u00a0<\/p>\n<table style=\"width: 100%; margin-left: auto; margin-right: auto;\">\n<tbody>\n<tr>\n<td style=\"width: 50%; text-align: center; vertical-align: middle;\"><img decoding=\"async\" src=\"https:\/\/rcpro.pl\/data\/include\/cms\/enterprise\/Pix4d\/React\/Pix4Dreact-capture.png\" border=\"0\" width=\"350\" height=\"350\" \/><\/td>\n<td style=\"width: 50%; text-align: center; vertical-align: middle;\">\n<p><strong><span style=\"font-size: 12pt;\">Uchwy\u0107<\/span><\/strong><\/p>\n<p><span style=\"font-size: 12pt;\">Lataj swoim dronem, aby robi\u0107 zdj\u0119cia, kt\u00f3rych potrzebujesz.<\/span><\/p>\n<\/td>\n<\/tr>\n<\/tbody>\n<\/table>\n<p>\u00a0<\/p>\n<table style=\"width: 100%; margin-left: auto; margin-right: auto;\">\n<tbody>\n<tr>\n<td style=\"width: 50%; text-align: center; vertical-align: middle;\">\n<p><span style=\"font-size: 12pt;\"><strong>Przetwarzaj<\/strong><\/span><\/p>\n<p><span style=\"font-size: 12pt;\">Po\u0142\u0105cz du\u017c\u0105 liczb\u0119 zdj\u0119\u0107 w kilka minut dzi\u0119ki Pix4Dreact. Tw\u00f3rz czytelne mapy 2D w terenie lub w biurze.<\/span><\/p>\n<p><span style=\"font-size: 12pt;\">*Wyniki i szybko\u015b\u0107 zale\u017c\u0105 od wielko\u015bci i liczby plik\u00f3w graficznych.<\/span><\/p>\n<\/td>\n<td style=\"width: 50%; text-align: center; vertical-align: middle;\">\n<p><img decoding=\"async\" src=\"https:\/\/rcpro.pl\/data\/include\/cms\/enterprise\/Pix4d\/React\/Pix4Dreact-process.png\" border=\"0\" width=\"350\" height=\"350\" \/><\/p>\n<\/td>\n<\/tr>\n<\/tbody>\n<\/table>\n<p>\u00a0<\/p>\n<table style=\"width: 100%; margin-left: auto; margin-right: auto;\">\n<tbody>\n<tr>\n<td style=\"width: 50%; text-align: center; vertical-align: middle;\"><img decoding=\"async\" src=\"https:\/\/rcpro.pl\/data\/include\/cms\/enterprise\/Pix4d\/React\/Pix4Dreact-examine.png\" border=\"0\" width=\"350\" height=\"350\" \/><\/td>\n<td style=\"width: 50%; text-align: center; vertical-align: middle;\">\n<p><strong><span style=\"font-size: 12pt;\">Zidentyfikuj<\/span><\/strong><\/p>\n<p><span style=\"font-size: 12pt;\">Dzi\u0119ki prostym narz\u0119dziom Pix4Dreact, zidentyfikuj i zmierz punkty zainteresowania, oznacz i oce\u0144 swoje mapy w terenie, aby dostarczy\u0107 danych niezb\u0119dnych do podj\u0119cia dzia\u0142a\u0144.<br \/><\/span><\/p>\n<\/td>\n<\/tr>\n<\/tbody>\n<\/table>\n<p>\u00a0<\/p>\n<table style=\"width: 100%; margin-left: auto; margin-right: auto;\">\n<tbody>\n<tr>\n<td style=\"width: 50%; text-align: center; vertical-align: middle;\">\n<p><strong><span style=\"font-size: 12pt;\">Udost\u0119pniaj<\/span><\/strong><\/p>\n<p><span style=\"font-size: 12pt;\">Eksportuj swoje mapy, aby zapewni\u0107 zespo\u0142om i jednostkom decyzyjnym dost\u0119p do skutecznych informacji wtedy, gdy s\u0105 one najbardziej potrzebne.<\/span><\/p>\n<\/td>\n<td style=\"width: 50%; text-align: center; vertical-align: middle;\">\n<p><img decoding=\"async\" src=\"https:\/\/rcpro.pl\/data\/include\/cms\/enterprise\/Pix4d\/React\/Pix4Dreact-share.png?v=1616500828125\" border=\"0\" width=\"350\" height=\"350\" \/><\/p>\n<\/td>\n<\/tr>\n<\/tbody>\n<\/table>\n<p>\u00a0<\/p>\n<table style=\"width: 100%; margin-left: auto; margin-right: auto;\">\n<tbody>\n<tr>\n<td style=\"width: 50%; text-align: center; vertical-align: middle;\"><img decoding=\"async\" src=\"https:\/\/rcpro.pl\/data\/include\/cms\/enterprise\/Pix4d\/React\/Pix4Dreact-respond.png?v=1616500828126\" border=\"0\" width=\"350\" height=\"350\" \/><\/td>\n<td style=\"width: 50%; text-align: center; vertical-align: middle;\">\n<p><strong><span style=\"font-size: 12pt;\">Reaguj<\/span><\/strong><\/p>\n<p><span style=\"font-size: 12pt;\">Dzi\u0119ki aktualnym mapom mo\u017cna zyska\u0107 cenny czas, poprawi\u0107 bezpiecze\u0144stwo i zmniejszy\u0107 koszty podczas reagowania na zmieniaj\u0105c\u0105 si\u0119 sytuacj\u0119.\u00a0<\/span><\/p>\n<\/td>\n<\/tr>\n<\/tbody>\n<\/table>\n<p>\u00a0<\/p>\n<p><img decoding=\"async\" src=\"https:\/\/rcpro.pl\/data\/include\/cms\/enterprise\/Pix4d\/React\/Pix4Dreact-reagowanie-w-sytuacjach-kryzysowych.jpg?v=1616502552175\" border=\"0\" alt=\"\" width=\"100%\" height=\"NaN\" \/>\u00a0<\/p>\n<p>\u00a0<\/p>\n<hr \/>\n<p style=\"text-align: center;\">\u00a0<\/p>\n<p style=\"text-align: center;\"><strong><span style=\"font-size: 14pt;\">Oprogramowanie mapuj\u0105ce do reagowania w sytuacjach kryzysowych<\/span><\/strong><\/p>\n<p style=\"text-align: center;\"><span style=\"font-size: 12pt;\">Uzyskaj szybk\u0105 i pewn\u0105 \u015bwiadomo\u015b\u0107 sytuacyjn\u0105, aby szybko podejmowa\u0107 decyzje i wsp\u00f3\u0142pracowa\u0107 w terenie.<\/span><\/p>\n<p style=\"text-align: center;\">\u00a0<\/p>\n<p style=\"text-align: center;\">\u00a0<\/p>\n<p style=\"text-align: center;\"><iframe src=\"\/\/www.youtube.com\/embed\/9rraIDCOU14\" width=\"789\" height=\"444\"><\/iframe><\/p>\n<p style=\"text-align: center;\">\u00a0<\/p>\n<p style=\"text-align: center;\">\u00a0<\/p>\n<hr \/>\n<p style=\"text-align: center;\">\u00a0<\/p>\n<p style=\"text-align: center;\"><strong><span style=\"font-size: 14pt;\">W sytuacji kryzysowej liczy si\u0119 ka\u017cda sekunda<\/span><\/strong><\/p>\n<p><strong><span style=\"font-size: 14pt;\">\u00a0<\/span><\/strong><\/p>\n<p>\u00a0<\/p>\n<p>\u00a0<\/p>\n<p>\u00a0<\/p>\n<p style=\"text-align: center;\"><span style=\"font-size: 14pt;\"><strong>Niezawodna \u015bwiadomo\u015b\u0107 sytuacyjna w z\u0142o\u017conych warunkach pracy<\/strong><\/span><\/p>\n<p>\u00a0<\/p>\n<p style=\"text-align: center;\">\u00a0<\/p>\n<table style=\"width: 100%; margin-left: auto; margin-right: auto;\">\n<tbody>\n<tr>\n<td style=\"width: 50%; text-align: center; vertical-align: middle;\"><img decoding=\"async\" src=\"https:\/\/rcpro.pl\/data\/include\/cms\/enterprise\/Pix4d\/React\/Pix4Dreact-intuicyjny-workflow.jpg\" border=\"0\" width=\"350\" height=\"197\" \/><\/td>\n<td style=\"width: 50%; text-align: center; vertical-align: middle;\">\n<p><strong><span style=\"font-size: 12pt;\">Intuicyjny workflow<\/span><\/strong><\/p>\n<p><span style=\"font-size: 12pt;\">Pix4Dreact zosta\u0142 zaprojektowany tak, aby by\u0142 intuicyjny i \u0142atwy w u\u017cyciu, nawet dla os\u00f3b z niewielkim lub \u017cadnym do\u015bwiadczeniem w lataniu dronem lub fotogrametrii.<\/span><\/p>\n<p><span style=\"font-size: 12pt;\">W z\u0142o\u017conych i zmieniaj\u0105cych si\u0119 \u015brodowiskach tworzenie, dokumentowanie i udost\u0119pnianie map jest \u0142atwo dost\u0119pne dla ka\u017cdego u\u017cytkownika.<\/span><\/p>\n<\/td>\n<\/tr>\n<\/tbody>\n<\/table>\n<p style=\"text-align: center;\">\u00a0<\/p>\n<table style=\"width: 100%; margin-left: auto; margin-right: auto;\">\n<tbody>\n<tr>\n<td style=\"width: 50%; text-align: center; vertical-align: middle;\">\n<p><span style=\"font-size: 12pt;\"><strong>Dokumentuj, opisuj i por\u00f3wnuj mapy<\/strong><\/span><\/p>\n<p><span style=\"font-size: 12pt;\">\u0141\u0105cz swoje mapy z tym, co widzisz w terenie. Polegaj na szybkich wnioskach bezpo\u015brednio z terenu oraz \u0142atwo oznaczaj i mierz punkty zainteresowania.<\/span><\/p>\n<\/td>\n<td style=\"width: 50%; text-align: center; vertical-align: middle;\">\n<p><img decoding=\"async\" src=\"https:\/\/rcpro.pl\/data\/include\/cms\/enterprise\/Pix4d\/React\/Pix4Dreact-dokumentuj.jpg\" border=\"0\" width=\"350\" height=\"198\" \/><\/p>\n<\/td>\n<\/tr>\n<\/tbody>\n<\/table>\n<p>\u00a0<\/p>\n<table style=\"width: 100%; margin-left: auto; margin-right: auto;\">\n<tbody>\n<tr>\n<td style=\"width: 50%; text-align: center; vertical-align: middle;\"><img decoding=\"async\" src=\"https:\/\/rcpro.pl\/data\/include\/cms\/enterprise\/Pix4d\/React\/Pix4Dreact-udostepnij-w-kilka-sekund.jpg\" border=\"0\" width=\"350\" height=\"197\" \/><\/td>\n<td style=\"width: 50%; text-align: center; vertical-align: middle;\">\n<p><span style=\"font-size: 12pt;\"><strong>Udost\u0119pnij w kilka sekund<\/strong><\/span><\/p>\n<p><span style=\"font-size: 12pt;\">Udost\u0119pniaj mapy 2D w postaci ortomozaiki i adnotacje jako raporty PDF, kt\u00f3re zajmuj\u0105 na tyle ma\u0142o miejsca, \u017ce mo\u017cna je wys\u0142a\u0107 mailem.<\/span><\/p>\n<p><span style=\"font-size: 12pt;\">U\u017cytkownik mo\u017ce r\u00f3wnie\u017c wskaza\u0107 i wyeksportowa\u0107 pojedyncze zdj\u0119cie lotnicze interesuj\u0105cego go obszaru.<\/span><\/p>\n<\/td>\n<\/tr>\n<\/tbody>\n<\/table>\n<p>\u00a0<\/p>\n<table style=\"width: 100%; margin-left: auto; margin-right: auto;\">\n<tbody>\n<tr>\n<td style=\"width: 50%; text-align: center; vertical-align: middle;\">\n<p><strong><span style=\"font-size: 12pt;\">Dopasowany do potrzeb<\/span><\/strong><\/p>\n<p><span style=\"font-size: 12pt;\">Pix4Dreact to oprogramowanie do szybkiego mapowania 2D, stworzone specjalnie na potrzeby reagowania kryzysowego. Mo\u017ce by\u0107 u\u017cywane niezale\u017cnie lub jako uzupe\u0142nienie Pix4Dmapper, wiod\u0105cego oprogramowania fotogrametrycznego do zada\u0144 rekonstrukcyjnych o charakterze geodezyjnym.<\/span><\/p>\n<\/td>\n<td style=\"width: 50%; text-align: center; vertical-align: middle;\">\n<p><img decoding=\"async\" src=\"https:\/\/rcpro.pl\/data\/include\/cms\/enterprise\/Pix4d\/React\/Pix4Dreact-dopasowany-do-potrzeb.jpg?v=1616504256805\" border=\"0\" width=\"350\" height=\"197\" \/><\/p>\n<\/td>\n<\/tr>\n<\/tbody>\n<\/table>\n<p>\u00a0<\/p>\n<p><img decoding=\"async\" src=\"https:\/\/rcpro.pl\/data\/include\/cms\/enterprise\/Pix4d\/React\/Pix4Dreact-mapa-ktorej-potrzebujesz.jpg\" border=\"0\" width=\"100%\" height=\"NaN\" \/><\/p>\n<p>\u00a0<\/p>\n<p>\u00a0<\/p>\n<hr \/>\n<p style=\"text-align: center;\">\u00a0<\/p>\n<p style=\"text-align: center;\"><strong><span style=\"font-size: 14pt;\">Mapa kt\u00f3rej potrzebujesz<\/span><\/strong><\/p>\n<p style=\"text-align: center;\"><span style=\"font-size: 12pt;\">Zapewnij zespo\u0142om natychmiastowy dost\u0119p do aktualnych i w\u0142a\u015bciwych informacji niezb\u0119dnych do podejmowania dzia\u0142a\u0144.<\/span><\/p>\n<p>\u00a0<\/p>\n<p>\u00a0<\/p>\n<p style=\"text-align: center;\">\u00a0<\/p>\n<p style=\"text-align: center;\">\u00a0<\/p>\n<p style=\"text-align: center;\">\u00a0<\/p>\n<p><span style=\"font-size: 14pt;\"><strong>Licencja miesi\u0119czna p\u0142ywaj\u0105ca (1 urz\u0105dzenie)<\/strong><\/span><\/p>\n<p><span style=\"font-size: 12pt;\">Pozwala na zainstalowanie programu na dowolnej liczbie komputer\u00f3w i uruchamianie go w dowolnym momencie na tylu systemach, ile wskazuje liczba zakupionych licencji. Jedna maszyna komputerowa zostanie wyznaczona jako &#8222;serwer licencji&#8221;; zainstalowane na niej narz\u0119dzie serwera licencji b\u0119dzie zarz\u0105dza\u0107 dystrybucj\u0105 licencji w sieci komputer\u00f3w, na kt\u00f3rych program zosta\u0142 zainstalowany.<\/span><\/p>\n","protected":false},"excerpt":{"rendered":"<p>\u00a0 Pix4Dreact Zaawansowane oprogramowanie mapuj\u0105ce w 2D dla ratownictwa i s\u0142u\u017cb bezpiecze\u0144stwa publicznego. \u00a0 Uchwy\u0107 Lataj swoim dronem, aby robi\u0107<\/p>\n","protected":false},"featured_media":36343,"comment_status":"closed","ping_status":"open","template":"","meta":{"_acf_changed":false},"product_brand":[],"product_cat":[1088,1101],"product_tag":[],"class_list":{"0":"post-36342","1":"product","2":"type-product","3":"status-publish","4":"has-post-thumbnail","6":"product_cat-drony","7":"product_cat-oprogramowanie-do-dronow","8":"pa_producent-pix4d","10":"first","11":"outofstock","12":"taxable","13":"shipping-taxable","14":"purchasable","15":"product-type-simple"},"acf":[],"yoast_head":"<!-- This site is optimized with the Yoast SEO plugin v27.2 - https:\/\/yoast.com\/product\/yoast-seo-wordpress\/ -->\n<title>Pix4Dreact - Licencja miesi\u0119czna p\u0142ywaj\u0105ca (1 urz\u0105dzenie) - IRONSKY.PL Sklep z Dronami<\/title>\n<meta name=\"description\" content=\"Pix4Dreact - Licencja miesi\u0119czna p\u0142ywaj\u0105ca (1 urz\u0105dzenie) - \u2705 sklep z dronami i fachowym doradztwem. \u2705 Tutaj kupisz produkty DJI, Yuneec, Parrot, Syma i wiele innych, a tak\u017ce kursy i licencje na operatora drona.\" \/>\n<meta name=\"robots\" content=\"index, follow, max-snippet:-1, max-image-preview:large, max-video-preview:-1\" \/>\n<link rel=\"canonical\" href=\"https:\/\/ironsky.pl\/sklep\/produkt\/pix4dreact-licencja-miesieczna-plywajaca-1-urzadzenie\/\" \/>\n<meta property=\"og:locale\" content=\"pl_PL\" \/>\n<meta property=\"og:type\" content=\"article\" \/>\n<meta property=\"og:title\" content=\"Pix4Dreact - Licencja miesi\u0119czna p\u0142ywaj\u0105ca (1 urz\u0105dzenie) - IRONSKY.PL Sklep z Dronami\" \/>\n<meta property=\"og:description\" content=\"Pix4Dreact - Licencja miesi\u0119czna p\u0142ywaj\u0105ca (1 urz\u0105dzenie) - \u2705 sklep z dronami i fachowym doradztwem. \u2705 Tutaj kupisz produkty DJI, Yuneec, Parrot, Syma i wiele innych, a tak\u017ce kursy i licencje na operatora drona.\" \/>\n<meta property=\"og:url\" content=\"https:\/\/ironsky.pl\/sklep\/produkt\/pix4dreact-licencja-miesieczna-plywajaca-1-urzadzenie\/\" \/>\n<meta property=\"og:site_name\" content=\"IRONSKY.PL Sklep z Dronami\" \/>\n<meta property=\"article:modified_time\" content=\"2026-03-05T14:54:24+00:00\" \/>\n<meta property=\"og:image\" content=\"https:\/\/ironsky.pl\/sklep\/wp-content\/uploads\/2025\/02\/19596_1.jpg\" \/>\n\t<meta property=\"og:image:width\" content=\"400\" \/>\n\t<meta property=\"og:image:height\" content=\"400\" \/>\n\t<meta property=\"og:image:type\" content=\"image\/jpeg\" \/>\n<meta name=\"twitter:card\" content=\"summary_large_image\" \/>\n<meta name=\"twitter:label1\" content=\"Szacowany czas czytania\" \/>\n\t<meta name=\"twitter:data1\" content=\"2 minuty\" \/>\n<script type=\"application\/ld+json\" class=\"yoast-schema-graph\">{\"@context\":\"https:\/\/schema.org\",\"@graph\":[{\"@type\":\"WebPage\",\"@id\":\"https:\/\/ironsky.pl\/sklep\/produkt\/pix4dreact-licencja-miesieczna-plywajaca-1-urzadzenie\/\",\"url\":\"https:\/\/ironsky.pl\/sklep\/produkt\/pix4dreact-licencja-miesieczna-plywajaca-1-urzadzenie\/\",\"name\":\"Pix4Dreact - Licencja miesi\u0119czna p\u0142ywaj\u0105ca (1 urz\u0105dzenie) - IRONSKY.PL Sklep z Dronami\",\"isPartOf\":{\"@id\":\"https:\/\/ironsky.pl\/sklep\/#website\"},\"primaryImageOfPage\":{\"@id\":\"https:\/\/ironsky.pl\/sklep\/produkt\/pix4dreact-licencja-miesieczna-plywajaca-1-urzadzenie\/#primaryimage\"},\"image\":{\"@id\":\"https:\/\/ironsky.pl\/sklep\/produkt\/pix4dreact-licencja-miesieczna-plywajaca-1-urzadzenie\/#primaryimage\"},\"thumbnailUrl\":\"https:\/\/ironsky.pl\/sklep\/wp-content\/uploads\/2025\/02\/19596_1.jpg\",\"datePublished\":\"2025-02-13T15:55:30+00:00\",\"dateModified\":\"2026-03-05T14:54:24+00:00\",\"description\":\"Pix4Dreact - Licencja miesi\u0119czna p\u0142ywaj\u0105ca (1 urz\u0105dzenie) - \u2705 sklep z dronami i fachowym doradztwem. \u2705 Tutaj kupisz produkty DJI, Yuneec, Parrot, Syma i wiele innych, a tak\u017ce kursy i licencje na operatora drona.\",\"breadcrumb\":{\"@id\":\"https:\/\/ironsky.pl\/sklep\/produkt\/pix4dreact-licencja-miesieczna-plywajaca-1-urzadzenie\/#breadcrumb\"},\"inLanguage\":\"pl-PL\",\"potentialAction\":[{\"@type\":\"ReadAction\",\"target\":[\"https:\/\/ironsky.pl\/sklep\/produkt\/pix4dreact-licencja-miesieczna-plywajaca-1-urzadzenie\/\"]}]},{\"@type\":\"ImageObject\",\"inLanguage\":\"pl-PL\",\"@id\":\"https:\/\/ironsky.pl\/sklep\/produkt\/pix4dreact-licencja-miesieczna-plywajaca-1-urzadzenie\/#primaryimage\",\"url\":\"https:\/\/ironsky.pl\/sklep\/wp-content\/uploads\/2025\/02\/19596_1.jpg\",\"contentUrl\":\"https:\/\/ironsky.pl\/sklep\/wp-content\/uploads\/2025\/02\/19596_1.jpg\",\"width\":400,\"height\":400},{\"@type\":\"BreadcrumbList\",\"@id\":\"https:\/\/ironsky.pl\/sklep\/produkt\/pix4dreact-licencja-miesieczna-plywajaca-1-urzadzenie\/#breadcrumb\",\"itemListElement\":[{\"@type\":\"ListItem\",\"position\":1,\"name\":\"Strona g\u0142\u00f3wna\",\"item\":\"https:\/\/ironsky.pl\/sklep\/\"},{\"@type\":\"ListItem\",\"position\":2,\"name\":\"Wszystkie produkty\",\"item\":\"https:\/\/ironsky.pl\/sklep\/produkty\/\"},{\"@type\":\"ListItem\",\"position\":3,\"name\":\"Pix4Dreact &#8211; Licencja miesi\u0119czna p\u0142ywaj\u0105ca (1 urz\u0105dzenie)\"}]},{\"@type\":\"WebSite\",\"@id\":\"https:\/\/ironsky.pl\/sklep\/#website\",\"url\":\"https:\/\/ironsky.pl\/sklep\/\",\"name\":\"IRONSKY.PL Sklep z Dronami\",\"description\":\"IRONSKY.PL Sklep z Dronami\",\"potentialAction\":[{\"@type\":\"SearchAction\",\"target\":{\"@type\":\"EntryPoint\",\"urlTemplate\":\"https:\/\/ironsky.pl\/sklep\/?s={search_term_string}\"},\"query-input\":{\"@type\":\"PropertyValueSpecification\",\"valueRequired\":true,\"valueName\":\"search_term_string\"}}],\"inLanguage\":\"pl-PL\"}]}<\/script>\n<!-- \/ Yoast SEO plugin. -->","yoast_head_json":{"title":"Pix4Dreact - Licencja miesi\u0119czna p\u0142ywaj\u0105ca (1 urz\u0105dzenie) - IRONSKY.PL Sklep z Dronami","description":"Pix4Dreact - Licencja miesi\u0119czna p\u0142ywaj\u0105ca (1 urz\u0105dzenie) - \u2705 sklep z dronami i fachowym doradztwem. \u2705 Tutaj kupisz produkty DJI, Yuneec, Parrot, Syma i wiele innych, a tak\u017ce kursy i licencje na operatora drona.","robots":{"index":"index","follow":"follow","max-snippet":"max-snippet:-1","max-image-preview":"max-image-preview:large","max-video-preview":"max-video-preview:-1"},"canonical":"https:\/\/ironsky.pl\/sklep\/produkt\/pix4dreact-licencja-miesieczna-plywajaca-1-urzadzenie\/","og_locale":"pl_PL","og_type":"article","og_title":"Pix4Dreact - Licencja miesi\u0119czna p\u0142ywaj\u0105ca (1 urz\u0105dzenie) - IRONSKY.PL Sklep z Dronami","og_description":"Pix4Dreact - Licencja miesi\u0119czna p\u0142ywaj\u0105ca (1 urz\u0105dzenie) - \u2705 sklep z dronami i fachowym doradztwem. \u2705 Tutaj kupisz produkty DJI, Yuneec, Parrot, Syma i wiele innych, a tak\u017ce kursy i licencje na operatora drona.","og_url":"https:\/\/ironsky.pl\/sklep\/produkt\/pix4dreact-licencja-miesieczna-plywajaca-1-urzadzenie\/","og_site_name":"IRONSKY.PL Sklep z Dronami","article_modified_time":"2026-03-05T14:54:24+00:00","og_image":[{"width":400,"height":400,"url":"https:\/\/ironsky.pl\/sklep\/wp-content\/uploads\/2025\/02\/19596_1.jpg","type":"image\/jpeg"}],"twitter_card":"summary_large_image","twitter_misc":{"Szacowany czas czytania":"2 minuty"},"schema":{"@context":"https:\/\/schema.org","@graph":[{"@type":"WebPage","@id":"https:\/\/ironsky.pl\/sklep\/produkt\/pix4dreact-licencja-miesieczna-plywajaca-1-urzadzenie\/","url":"https:\/\/ironsky.pl\/sklep\/produkt\/pix4dreact-licencja-miesieczna-plywajaca-1-urzadzenie\/","name":"Pix4Dreact - Licencja miesi\u0119czna p\u0142ywaj\u0105ca (1 urz\u0105dzenie) - IRONSKY.PL Sklep z Dronami","isPartOf":{"@id":"https:\/\/ironsky.pl\/sklep\/#website"},"primaryImageOfPage":{"@id":"https:\/\/ironsky.pl\/sklep\/produkt\/pix4dreact-licencja-miesieczna-plywajaca-1-urzadzenie\/#primaryimage"},"image":{"@id":"https:\/\/ironsky.pl\/sklep\/produkt\/pix4dreact-licencja-miesieczna-plywajaca-1-urzadzenie\/#primaryimage"},"thumbnailUrl":"https:\/\/ironsky.pl\/sklep\/wp-content\/uploads\/2025\/02\/19596_1.jpg","datePublished":"2025-02-13T15:55:30+00:00","dateModified":"2026-03-05T14:54:24+00:00","description":"Pix4Dreact - Licencja miesi\u0119czna p\u0142ywaj\u0105ca (1 urz\u0105dzenie) - \u2705 sklep z dronami i fachowym doradztwem. \u2705 Tutaj kupisz produkty DJI, Yuneec, Parrot, Syma i wiele innych, a tak\u017ce kursy i licencje na operatora drona.","breadcrumb":{"@id":"https:\/\/ironsky.pl\/sklep\/produkt\/pix4dreact-licencja-miesieczna-plywajaca-1-urzadzenie\/#breadcrumb"},"inLanguage":"pl-PL","potentialAction":[{"@type":"ReadAction","target":["https:\/\/ironsky.pl\/sklep\/produkt\/pix4dreact-licencja-miesieczna-plywajaca-1-urzadzenie\/"]}]},{"@type":"ImageObject","inLanguage":"pl-PL","@id":"https:\/\/ironsky.pl\/sklep\/produkt\/pix4dreact-licencja-miesieczna-plywajaca-1-urzadzenie\/#primaryimage","url":"https:\/\/ironsky.pl\/sklep\/wp-content\/uploads\/2025\/02\/19596_1.jpg","contentUrl":"https:\/\/ironsky.pl\/sklep\/wp-content\/uploads\/2025\/02\/19596_1.jpg","width":400,"height":400},{"@type":"BreadcrumbList","@id":"https:\/\/ironsky.pl\/sklep\/produkt\/pix4dreact-licencja-miesieczna-plywajaca-1-urzadzenie\/#breadcrumb","itemListElement":[{"@type":"ListItem","position":1,"name":"Strona g\u0142\u00f3wna","item":"https:\/\/ironsky.pl\/sklep\/"},{"@type":"ListItem","position":2,"name":"Wszystkie produkty","item":"https:\/\/ironsky.pl\/sklep\/produkty\/"},{"@type":"ListItem","position":3,"name":"Pix4Dreact &#8211; Licencja miesi\u0119czna p\u0142ywaj\u0105ca (1 urz\u0105dzenie)"}]},{"@type":"WebSite","@id":"https:\/\/ironsky.pl\/sklep\/#website","url":"https:\/\/ironsky.pl\/sklep\/","name":"IRONSKY.PL Sklep z Dronami","description":"IRONSKY.PL Sklep z Dronami","potentialAction":[{"@type":"SearchAction","target":{"@type":"EntryPoint","urlTemplate":"https:\/\/ironsky.pl\/sklep\/?s={search_term_string}"},"query-input":{"@type":"PropertyValueSpecification","valueRequired":true,"valueName":"search_term_string"}}],"inLanguage":"pl-PL"}]}},"_links":{"self":[{"href":"https:\/\/ironsky.pl\/sklep\/wp-json\/wp\/v2\/product\/36342","targetHints":{"allow":["GET"]}}],"collection":[{"href":"https:\/\/ironsky.pl\/sklep\/wp-json\/wp\/v2\/product"}],"about":[{"href":"https:\/\/ironsky.pl\/sklep\/wp-json\/wp\/v2\/types\/product"}],"replies":[{"embeddable":true,"href":"https:\/\/ironsky.pl\/sklep\/wp-json\/wp\/v2\/comments?post=36342"}],"wp:featuredmedia":[{"embeddable":true,"href":"https:\/\/ironsky.pl\/sklep\/wp-json\/wp\/v2\/media\/36343"}],"wp:attachment":[{"href":"https:\/\/ironsky.pl\/sklep\/wp-json\/wp\/v2\/media?parent=36342"}],"wp:term":[{"taxonomy":"product_brand","embeddable":true,"href":"https:\/\/ironsky.pl\/sklep\/wp-json\/wp\/v2\/product_brand?post=36342"},{"taxonomy":"product_cat","embeddable":true,"href":"https:\/\/ironsky.pl\/sklep\/wp-json\/wp\/v2\/product_cat?post=36342"},{"taxonomy":"product_tag","embeddable":true,"href":"https:\/\/ironsky.pl\/sklep\/wp-json\/wp\/v2\/product_tag?post=36342"}],"curies":[{"name":"wp","href":"https:\/\/api.w.org\/{rel}","templated":true}]}}