{"id":36314,"date":"2025-02-13T16:55:11","date_gmt":"2025-02-13T15:55:11","guid":{"rendered":"https:\/\/ironsky.pl\/drony-sklep\/produkt\/dji-care-refresh-ronin-s-kod-elektroniczny\/"},"modified":"2026-03-05T15:54:22","modified_gmt":"2026-03-05T14:54:22","slug":"dji-care-refresh-ronin-s-kod-elektroniczny","status":"publish","type":"product","link":"https:\/\/ironsky.pl\/sklep\/produkt\/dji-care-refresh-ronin-s-kod-elektroniczny\/","title":{"rendered":"DJI Care Refresh+ Ronin-S &#8211; kod elektroniczny"},"content":{"rendered":"<h3>Bezproblemowe u\u017cytkowanie na d\u0142u\u017cej<\/h3>\n<p>Us\u0142uga DJI Care Refresh+ to przed\u0142u\u017cenie o dwana\u015bcie miesi\u0119cy podstawowego ubezpieczenia oferowanego przez DJI na swoje produkty. Podczas jej obowi\u0105zywania mo\u017cna dokona\u0107, za niewielk\u0105 op\u0142at\u0105, jednej wymiany uszkodzonego sprz\u0119tu. Przed zakupem DJI Care Refresh+, upewnij si\u0119, \u017ce posiadasz DJI Care Refresh dla Twojego urz\u0105dzenia.<\/p>\n<p><img decoding=\"async\" src=\"https:\/\/b2b.innpro.pl\/data\/include\/cms\/121_Agnieksza\/DJI\/Care\/care6.png\" border=\"0\" alt=\"121_Agnieksza\/DJI\/Care\/care6\" \/><\/p>\n<h3>Pokrycie szk\u00f3d<\/h3>\n<p>Ubezpieczeniem obj\u0119te s\u0105 szkody spowodowane b\u0142\u0119dem operatora, kontaktem z wod\u0105, upadkiem czy zak\u0142\u00f3ceniem sygna\u0142u w czasie u\u017cytkowania.<\/p>\n<p><img decoding=\"async\" src=\"https:\/\/b2b.innpro.pl\/data\/include\/cms\/121_Agnieksza\/DJI\/Care\/care4.png\" border=\"0\" alt=\"121_Agnieksza\/DJI\/Care\/care4\" \/><\/p>\n<h3>Gdy zdarzy si\u0119 wypadek<\/h3>\n<p>1. U\u017cytkownik zg\u0142asza usterk\u0119 i wysy\u0142a produkt do serwisu DJI z adnotacj\u0105, \u017ce posiada DJI Care Refresh+.<br \/>2. U\u017cytkownik otrzymuje wycen\u0119 naprawy i na tej podstawie decyduje, czy chce dokona\u0107 naprawy\/wymiany odp\u0142atnie b\u0105d\u017a przez DJI Care Refresh+.<br \/>3. Po wybraniu opcji DJI Care Refresh+ u\u017cytkownik uiszcza op\u0142at\u0119.<br \/>4. Wymieniony b\u0105d\u017a naprawiony produkt zostaje priorytetowo dostarczony do u\u017cytkownika. Koszty transportu pokrywa DJI.<\/p>\n<p><img decoding=\"async\" src=\"https:\/\/b2b.innpro.pl\/data\/include\/cms\/121_Agnieksza\/DJI\/Care\/care2.png\" border=\"0\" alt=\"121_Agnieksza\/DJI\/Care\/care2\" \/><\/p>\n<h3>Uwaga<\/h3>\n<p>1. Przed zakupem DJI Care Refresh+, upewnij si\u0119, \u017ce DJI Care Refresh dla Twojego urz\u0105dzenia jest nadal aktywne i zosta\u0142a co najmniej jedna wymiana.<br \/>2. Po zakupie i przypisaniu DJI Care Refresh+, do swojego urz\u0105dzenia, umowa o \u015bwiadczeniu us\u0142ug zostanie wys\u0142ana do Ciebie na e-mail. DJI Care Refresh+ zostanie powi\u0105zane z Twoim urz\u0105dzeniem i zacznie obowi\u0105zywa\u0107 w ci\u0105gu 24 godzin. <br \/>3. Us\u0142uga wymiany \u015bwiadczona przez DJI Care Refresh+ jest wa\u017cna przez rok i nie rozpocznie si\u0119, dop\u00f3ki nie wyga\u015bnie DJI Care Refresh. Okres gwarancji na produkt zostaje natychmiast przed\u0142u\u017cony po otrzymaniu umowy serwisowej DJI Care Refresh+.<br \/>4. DJI Care Refresh+ i odpowiadaj\u0105cy mu produkt nale\u017cy zakupi\u0107 w tym samym kraju lub regionie, poniewa\u017c korzy\u015bci zapewniane przez DJI Care Refresh+ obowi\u0105zuj\u0105 tylko w regionie, w kt\u00f3rym zosta\u0142 zakupiony.<br \/>5. Gdy oddasz sw\u00f3j sprz\u0119t w ramach wymiany DJI Care Refresh+. Jednostka zast\u0119pcza b\u0119dzie nowa, b\u0105d\u017a odpowiadaj\u0105ca nowej pod wzgl\u0119dem wygl\u0105du i wydajno\u015bci.<\/p>\n<p><img decoding=\"async\" src=\"https:\/\/b2b.innpro.pl\/data\/include\/cms\/121_Agnieksza\/DJI\/Care\/care3.png\" border=\"0\" alt=\"121_Agnieksza\/DJI\/Care\/care3\" \/><\/p>\n<h3>Zastrze\u017cenia<\/h3>\n<p>DJI Care Refresh+ nie obejmuje:<\/p>\n<p>1. Zgubionego b\u0105d\u017a cz\u0119\u015bciowo produktu.<br \/>2. Kradzie\u017cy lub porzucenia produktu.<br \/>3. Uszkodze\u0144 spowodowanych u\u017cytkowaniem produktu w niew\u0142a\u015bciwych warunkach atmosferycznych.<br \/>4. Nadajnika, akcesori\u00f3w dodatkowych.<br \/>5. Umy\u015blnej utraty produktu.<br \/>6. Uszkodze\u0144 obudowy, kt\u00f3re nie wp\u0142ywaj\u0105 na dzia\u0142anie produktu.<br \/>7. Bezpo\u015brednich lub niebezpo\u015brednich uszkodze\u0144 spowodowanych dzia\u0142aniem si\u0142 wy\u017cszych.<br \/>8. Usterek powsta\u0142ych poza okresem wa\u017cno\u015bci DJI Care Refresh+.<br \/>9. Dodatkowych op\u0142at zwi\u0105zanych z ulepszaniem modelu, poprawianiem jego osi\u0105g\u00f3w.<br \/>10. Usterek wynikaj\u0105cych z przeprowadzania modyfikacji, kt\u00f3re nie s\u0105 zgodne z zaleceniami znajduj\u0105cymi si\u0119 w podr\u0119czniku u\u017cytkownika b\u0105d\u017a z u\u017cywania niekompatybilnych akumulator\u00f3w i \u0142adowarki.<br \/>11. Usterek wynikaj\u0105cych z korzystania z nieautoryzowanych akcesori\u00f3w, akumulator\u00f3w b\u0105d\u017a oprogramowania.<\/p>\n<p><img decoding=\"async\" src=\"https:\/\/b2b.innpro.pl\/data\/include\/cms\/121_Agnieksza\/DJI\/Care\/care1.png\" border=\"0\" alt=\"121_Agnieksza\/DJI\/Care\/care1\" \/><\/p>\n<h3>Najwa\u017cniejsze cechy DJI Care Refresh+<\/h3>\n<ul>\n<li>przed\u0142u\u017cenie us\u0142ugi Care Refresh o kolejne 12 miesi\u0119cy,<\/li>\n<li>wymiana b\u0105d\u017a naprawa produktu za niewielk\u0105 op\u0142at\u0105,<\/li>\n<li>obejmuje wypadki z winy operatora,<\/li>\n<li>szybka realizacja us\u0142ugi.<\/li>\n<\/ul>\n<table>\n<tbody>\n<tr>\n<th>Produkt<\/th>\n<td>Cena (brutto) wymiany w ramach us\u0142ug DJI Care Refresh+<\/td>\n<\/tr>\n<tr>\n<th>DJI Care Refresh + Mavic Air 2 EU<\/th>\n<td>279z\u0142<\/td>\n<\/tr>\n<tr>\n<th>DJI Care Refresh + Mavic Mini EU<\/th>\n<td>149z\u0142<\/td>\n<\/tr>\n<tr>\n<th>DJI Care Refresh + Mavic 2 EU<\/th>\n<td>559z\u0142<\/td>\n<\/tr>\n<tr>\n<th>DJI Care Refresh + Phantom 4 Pro<\/th>\n<td>599z\u0142<\/td>\n<\/tr>\n<tr>\n<th>DJI Care Refresh + Mavic Air EU<\/th>\n<td>279z\u0142<\/td>\n<\/tr>\n<tr>\n<th>DJI Care Refresh + Osmo Action EU<\/th>\n<td>139z\u0142<\/td>\n<\/tr>\n<tr>\n<th>DJI Care Refresh + Osmo Mobile 3 EU<\/th>\n<td>49z\u0142<\/td>\n<\/tr>\n<tr>\n<th>DJI Care Refresh + Osmo Pocket EU<\/th>\n<td>139z\u0142<\/td>\n<\/tr>\n<tr>\n<th>DJI Care Refresh + Ronin-S EU<\/th>\n<td>179z\u0142<\/td>\n<\/tr>\n<tr>\n<th>DJI Care Refresh + Ronin-SC EU<\/th>\n<td>139z\u0142<\/td>\n<\/tr>\n<\/tbody>\n<\/table>\n","protected":false},"excerpt":{"rendered":"<p>Bezproblemowe u\u017cytkowanie na d\u0142u\u017cej Us\u0142uga DJI Care Refresh+ to przed\u0142u\u017cenie o dwana\u015bcie miesi\u0119cy podstawowego ubezpieczenia oferowanego przez DJI na swoje<\/p>\n","protected":false},"featured_media":36315,"comment_status":"closed","ping_status":"open","template":"","meta":{"_acf_changed":false},"product_brand":[],"product_cat":[1094],"product_tag":[],"class_list":{"0":"post-36314","1":"product","2":"type-product","3":"status-publish","4":"has-post-thumbnail","6":"product_cat-ubezpieczenia-dji-care","7":"pa_okres-gwarancji-5757","8":"pa_producent-dji","10":"first","11":"outofstock","12":"taxable","13":"shipping-taxable","14":"purchasable","15":"product-type-simple"},"acf":[],"yoast_head":"<!-- This site is optimized with the Yoast SEO plugin v27.2 - https:\/\/yoast.com\/product\/yoast-seo-wordpress\/ -->\n<title>DJI Care Refresh+ Ronin-S - kod elektroniczny - IRONSKY.PL Sklep z Dronami<\/title>\n<meta name=\"description\" content=\"DJI Care Refresh+ Ronin-S - kod elektroniczny - \u2705 sklep z dronami i fachowym doradztwem. \u2705 Tutaj kupisz produkty DJI, Yuneec, Parrot, Syma i wiele innych, a tak\u017ce kursy i licencje na operatora drona.\" \/>\n<meta name=\"robots\" content=\"index, follow, max-snippet:-1, max-image-preview:large, max-video-preview:-1\" \/>\n<link rel=\"canonical\" href=\"https:\/\/ironsky.pl\/sklep\/produkt\/dji-care-refresh-ronin-s-kod-elektroniczny\/\" \/>\n<meta property=\"og:locale\" content=\"pl_PL\" \/>\n<meta property=\"og:type\" content=\"article\" \/>\n<meta property=\"og:title\" content=\"DJI Care Refresh+ Ronin-S - kod elektroniczny - IRONSKY.PL Sklep z Dronami\" \/>\n<meta property=\"og:description\" content=\"DJI Care Refresh+ Ronin-S - kod elektroniczny - \u2705 sklep z dronami i fachowym doradztwem. \u2705 Tutaj kupisz produkty DJI, Yuneec, Parrot, Syma i wiele innych, a tak\u017ce kursy i licencje na operatora drona.\" \/>\n<meta property=\"og:url\" content=\"https:\/\/ironsky.pl\/sklep\/produkt\/dji-care-refresh-ronin-s-kod-elektroniczny\/\" \/>\n<meta property=\"og:site_name\" content=\"IRONSKY.PL Sklep z Dronami\" \/>\n<meta property=\"article:modified_time\" content=\"2026-03-05T14:54:22+00:00\" \/>\n<meta property=\"og:image\" content=\"https:\/\/ironsky.pl\/sklep\/wp-content\/uploads\/2025\/02\/18471_1.jpg\" \/>\n\t<meta property=\"og:image:width\" content=\"1200\" \/>\n\t<meta property=\"og:image:height\" content=\"800\" \/>\n\t<meta property=\"og:image:type\" content=\"image\/jpeg\" \/>\n<meta name=\"twitter:card\" content=\"summary_large_image\" \/>\n<meta name=\"twitter:label1\" content=\"Szacowany czas czytania\" \/>\n\t<meta name=\"twitter:data1\" content=\"3 minuty\" \/>\n<script type=\"application\/ld+json\" class=\"yoast-schema-graph\">{\"@context\":\"https:\/\/schema.org\",\"@graph\":[{\"@type\":\"WebPage\",\"@id\":\"https:\/\/ironsky.pl\/sklep\/produkt\/dji-care-refresh-ronin-s-kod-elektroniczny\/\",\"url\":\"https:\/\/ironsky.pl\/sklep\/produkt\/dji-care-refresh-ronin-s-kod-elektroniczny\/\",\"name\":\"DJI Care Refresh+ Ronin-S - kod elektroniczny - IRONSKY.PL Sklep z Dronami\",\"isPartOf\":{\"@id\":\"https:\/\/ironsky.pl\/sklep\/#website\"},\"primaryImageOfPage\":{\"@id\":\"https:\/\/ironsky.pl\/sklep\/produkt\/dji-care-refresh-ronin-s-kod-elektroniczny\/#primaryimage\"},\"image\":{\"@id\":\"https:\/\/ironsky.pl\/sklep\/produkt\/dji-care-refresh-ronin-s-kod-elektroniczny\/#primaryimage\"},\"thumbnailUrl\":\"https:\/\/ironsky.pl\/sklep\/wp-content\/uploads\/2025\/02\/18471_1.jpg\",\"datePublished\":\"2025-02-13T15:55:11+00:00\",\"dateModified\":\"2026-03-05T14:54:22+00:00\",\"description\":\"DJI Care Refresh+ Ronin-S - kod elektroniczny - \u2705 sklep z dronami i fachowym doradztwem. \u2705 Tutaj kupisz produkty DJI, Yuneec, Parrot, Syma i wiele innych, a tak\u017ce kursy i licencje na operatora drona.\",\"breadcrumb\":{\"@id\":\"https:\/\/ironsky.pl\/sklep\/produkt\/dji-care-refresh-ronin-s-kod-elektroniczny\/#breadcrumb\"},\"inLanguage\":\"pl-PL\",\"potentialAction\":[{\"@type\":\"ReadAction\",\"target\":[\"https:\/\/ironsky.pl\/sklep\/produkt\/dji-care-refresh-ronin-s-kod-elektroniczny\/\"]}]},{\"@type\":\"ImageObject\",\"inLanguage\":\"pl-PL\",\"@id\":\"https:\/\/ironsky.pl\/sklep\/produkt\/dji-care-refresh-ronin-s-kod-elektroniczny\/#primaryimage\",\"url\":\"https:\/\/ironsky.pl\/sklep\/wp-content\/uploads\/2025\/02\/18471_1.jpg\",\"contentUrl\":\"https:\/\/ironsky.pl\/sklep\/wp-content\/uploads\/2025\/02\/18471_1.jpg\",\"width\":1200,\"height\":800},{\"@type\":\"BreadcrumbList\",\"@id\":\"https:\/\/ironsky.pl\/sklep\/produkt\/dji-care-refresh-ronin-s-kod-elektroniczny\/#breadcrumb\",\"itemListElement\":[{\"@type\":\"ListItem\",\"position\":1,\"name\":\"Strona g\u0142\u00f3wna\",\"item\":\"https:\/\/ironsky.pl\/sklep\/\"},{\"@type\":\"ListItem\",\"position\":2,\"name\":\"Wszystkie produkty\",\"item\":\"https:\/\/ironsky.pl\/sklep\/produkty\/\"},{\"@type\":\"ListItem\",\"position\":3,\"name\":\"DJI Care Refresh+ Ronin-S &#8211; kod elektroniczny\"}]},{\"@type\":\"WebSite\",\"@id\":\"https:\/\/ironsky.pl\/sklep\/#website\",\"url\":\"https:\/\/ironsky.pl\/sklep\/\",\"name\":\"IRONSKY.PL Sklep z Dronami\",\"description\":\"IRONSKY.PL Sklep z Dronami\",\"potentialAction\":[{\"@type\":\"SearchAction\",\"target\":{\"@type\":\"EntryPoint\",\"urlTemplate\":\"https:\/\/ironsky.pl\/sklep\/?s={search_term_string}\"},\"query-input\":{\"@type\":\"PropertyValueSpecification\",\"valueRequired\":true,\"valueName\":\"search_term_string\"}}],\"inLanguage\":\"pl-PL\"}]}<\/script>\n<!-- \/ Yoast SEO plugin. -->","yoast_head_json":{"title":"DJI Care Refresh+ Ronin-S - kod elektroniczny - IRONSKY.PL Sklep z Dronami","description":"DJI Care Refresh+ Ronin-S - kod elektroniczny - \u2705 sklep z dronami i fachowym doradztwem. \u2705 Tutaj kupisz produkty DJI, Yuneec, Parrot, Syma i wiele innych, a tak\u017ce kursy i licencje na operatora drona.","robots":{"index":"index","follow":"follow","max-snippet":"max-snippet:-1","max-image-preview":"max-image-preview:large","max-video-preview":"max-video-preview:-1"},"canonical":"https:\/\/ironsky.pl\/sklep\/produkt\/dji-care-refresh-ronin-s-kod-elektroniczny\/","og_locale":"pl_PL","og_type":"article","og_title":"DJI Care Refresh+ Ronin-S - kod elektroniczny - IRONSKY.PL Sklep z Dronami","og_description":"DJI Care Refresh+ Ronin-S - kod elektroniczny - \u2705 sklep z dronami i fachowym doradztwem. \u2705 Tutaj kupisz produkty DJI, Yuneec, Parrot, Syma i wiele innych, a tak\u017ce kursy i licencje na operatora drona.","og_url":"https:\/\/ironsky.pl\/sklep\/produkt\/dji-care-refresh-ronin-s-kod-elektroniczny\/","og_site_name":"IRONSKY.PL Sklep z Dronami","article_modified_time":"2026-03-05T14:54:22+00:00","og_image":[{"width":1200,"height":800,"url":"https:\/\/ironsky.pl\/sklep\/wp-content\/uploads\/2025\/02\/18471_1.jpg","type":"image\/jpeg"}],"twitter_card":"summary_large_image","twitter_misc":{"Szacowany czas czytania":"3 minuty"},"schema":{"@context":"https:\/\/schema.org","@graph":[{"@type":"WebPage","@id":"https:\/\/ironsky.pl\/sklep\/produkt\/dji-care-refresh-ronin-s-kod-elektroniczny\/","url":"https:\/\/ironsky.pl\/sklep\/produkt\/dji-care-refresh-ronin-s-kod-elektroniczny\/","name":"DJI Care Refresh+ Ronin-S - kod elektroniczny - IRONSKY.PL Sklep z Dronami","isPartOf":{"@id":"https:\/\/ironsky.pl\/sklep\/#website"},"primaryImageOfPage":{"@id":"https:\/\/ironsky.pl\/sklep\/produkt\/dji-care-refresh-ronin-s-kod-elektroniczny\/#primaryimage"},"image":{"@id":"https:\/\/ironsky.pl\/sklep\/produkt\/dji-care-refresh-ronin-s-kod-elektroniczny\/#primaryimage"},"thumbnailUrl":"https:\/\/ironsky.pl\/sklep\/wp-content\/uploads\/2025\/02\/18471_1.jpg","datePublished":"2025-02-13T15:55:11+00:00","dateModified":"2026-03-05T14:54:22+00:00","description":"DJI Care Refresh+ Ronin-S - kod elektroniczny - \u2705 sklep z dronami i fachowym doradztwem. \u2705 Tutaj kupisz produkty DJI, Yuneec, Parrot, Syma i wiele innych, a tak\u017ce kursy i licencje na operatora drona.","breadcrumb":{"@id":"https:\/\/ironsky.pl\/sklep\/produkt\/dji-care-refresh-ronin-s-kod-elektroniczny\/#breadcrumb"},"inLanguage":"pl-PL","potentialAction":[{"@type":"ReadAction","target":["https:\/\/ironsky.pl\/sklep\/produkt\/dji-care-refresh-ronin-s-kod-elektroniczny\/"]}]},{"@type":"ImageObject","inLanguage":"pl-PL","@id":"https:\/\/ironsky.pl\/sklep\/produkt\/dji-care-refresh-ronin-s-kod-elektroniczny\/#primaryimage","url":"https:\/\/ironsky.pl\/sklep\/wp-content\/uploads\/2025\/02\/18471_1.jpg","contentUrl":"https:\/\/ironsky.pl\/sklep\/wp-content\/uploads\/2025\/02\/18471_1.jpg","width":1200,"height":800},{"@type":"BreadcrumbList","@id":"https:\/\/ironsky.pl\/sklep\/produkt\/dji-care-refresh-ronin-s-kod-elektroniczny\/#breadcrumb","itemListElement":[{"@type":"ListItem","position":1,"name":"Strona g\u0142\u00f3wna","item":"https:\/\/ironsky.pl\/sklep\/"},{"@type":"ListItem","position":2,"name":"Wszystkie produkty","item":"https:\/\/ironsky.pl\/sklep\/produkty\/"},{"@type":"ListItem","position":3,"name":"DJI Care Refresh+ Ronin-S &#8211; kod elektroniczny"}]},{"@type":"WebSite","@id":"https:\/\/ironsky.pl\/sklep\/#website","url":"https:\/\/ironsky.pl\/sklep\/","name":"IRONSKY.PL Sklep z Dronami","description":"IRONSKY.PL Sklep z Dronami","potentialAction":[{"@type":"SearchAction","target":{"@type":"EntryPoint","urlTemplate":"https:\/\/ironsky.pl\/sklep\/?s={search_term_string}"},"query-input":{"@type":"PropertyValueSpecification","valueRequired":true,"valueName":"search_term_string"}}],"inLanguage":"pl-PL"}]}},"_links":{"self":[{"href":"https:\/\/ironsky.pl\/sklep\/wp-json\/wp\/v2\/product\/36314","targetHints":{"allow":["GET"]}}],"collection":[{"href":"https:\/\/ironsky.pl\/sklep\/wp-json\/wp\/v2\/product"}],"about":[{"href":"https:\/\/ironsky.pl\/sklep\/wp-json\/wp\/v2\/types\/product"}],"replies":[{"embeddable":true,"href":"https:\/\/ironsky.pl\/sklep\/wp-json\/wp\/v2\/comments?post=36314"}],"wp:featuredmedia":[{"embeddable":true,"href":"https:\/\/ironsky.pl\/sklep\/wp-json\/wp\/v2\/media\/36315"}],"wp:attachment":[{"href":"https:\/\/ironsky.pl\/sklep\/wp-json\/wp\/v2\/media?parent=36314"}],"wp:term":[{"taxonomy":"product_brand","embeddable":true,"href":"https:\/\/ironsky.pl\/sklep\/wp-json\/wp\/v2\/product_brand?post=36314"},{"taxonomy":"product_cat","embeddable":true,"href":"https:\/\/ironsky.pl\/sklep\/wp-json\/wp\/v2\/product_cat?post=36314"},{"taxonomy":"product_tag","embeddable":true,"href":"https:\/\/ironsky.pl\/sklep\/wp-json\/wp\/v2\/product_tag?post=36314"}],"curies":[{"name":"wp","href":"https:\/\/api.w.org\/{rel}","templated":true}]}}