{"id":30122,"date":"2023-08-25T11:44:18","date_gmt":"2023-08-25T09:44:18","guid":{"rendered":"http:\/\/gvshalph.pro-linuxpl.com\/ironskyprodukty\/produkt\/agrofotogrametria-kurs-sredniozaawansowany-2-dni-wykorzystanie-dronow-w-rolnictwie-online\/"},"modified":"2026-03-05T15:36:20","modified_gmt":"2026-03-05T14:36:20","slug":"agrofotogrametria-kurs-sredniozaawansowany-2-dni-wykorzystanie-dronow-w-rolnictwie-online","status":"publish","type":"product","link":"https:\/\/ironsky.pl\/sklep\/produkt\/agrofotogrametria-kurs-sredniozaawansowany-2-dni-wykorzystanie-dronow-w-rolnictwie-online\/","title":{"rendered":"AGROFOTOGRAMETRIA (kurs \u015bredniozaawansowany \u2013 2 dni) Wykorzystanie Dron\u00f3w w Rolnictwie [ONLINE]"},"content":{"rendered":"<p>Kurs adresowany do u\u017cytkownik\u00f3w dron\u00f3w ka\u017cdej wielko\u015bci, zawiera jednak wiele wskaz\u00f3wek, kt\u00f3re pozwalaj\u0105 tak\u017ce wej\u015b\u0107 w \u015brodowisko mapowania rolniczego posiadaczom ma\u0142ych platform (DJI MAVIC, MAVIC Mini, AIR. etc.). Wszystkie rozwi\u0105zania w nim zawarte s\u0105 uniwersalne i pozwalaj\u0105 na prac\u0119 nawet zar\u00f3wno z ka\u017cdym typem platformy, amatorsk\u0105, p\u00f3\u0142-profesjonaln\u0105 oraz w pe\u0142ni profesjonaln\u0105.<\/p>\n<p>Obr\u00f3bka i analiza prowadzone jest wy\u0142\u0105cznie w oprogramowaniu open-source, zatem jedynym ponoszonym kosztem jest koszt samego kursu.<\/p>\n<p>&nbsp;<\/p>\n<p><strong>Zakres kursu:<\/strong><\/p>\n<p>&nbsp;<\/p>\n<p><strong>Pozyskiwanie i obr\u00f3bka danych:<\/strong><\/p>\n<ul>\n<li>Platformy bezza\u0142ogowe (drony) \u2013 typy, mo\u017cliwo\u015bci, wyzwania,<\/li>\n<li>Kamery do analiz w rolnictwie,<\/li>\n<li>Czy ta kamera mo\u017ce wszystko? \u2013 jak parametry kamery wp\u0142ywaj\u0105 na jako\u015b\u0107 twojej mapy?<\/li>\n<li>Proces obr\u00f3bki danych i jego produkty ko\u0144cowe,<\/li>\n<li>Wska\u017aniki wegetacyjne \u2013 czy tylko NDVI?<\/li>\n<li>Planowanie lot\u00f3w,<\/li>\n<li>Obr\u00f3bka danych (WebODM),<\/li>\n<\/ul>\n<p>&nbsp;<\/p>\n<p><img decoding=\"async\" class=\"aligncenter size-full wp-image-11183\" src=\"https:\/\/ironsky.pl\/drony-sklep\/wp-content\/uploads\/2024\/10\/Agrofotogrametria-szkolenie-kurs-online-mapowanie-dronem.jpg\" alt=\"\" width=\"662\" height=\"526\" \/><\/p>\n<p>&nbsp;<\/p>\n<p><strong>Analiza danych (QGIS)<\/strong><\/p>\n<ul>\n<li>Wprowadzenie do QGIS,<\/li>\n<li>Pozyskiwanie i wykorzystanie danych z Geoportalu w analizie danych,<\/li>\n<li>Korekta dok\u0142adno\u015bci przestrzennej ortomozaiek z drona (gdy dron nie posiada RTK),<\/li>\n<li>Szacowanie wymiaru szk\u00f3d w uprawach,<\/li>\n<li>Od mapy wska\u017anikowej do mapy nawo\u017cenia \u2013 krok po kroku,<\/li>\n<li>Strefowe analizy statystyczne,<\/li>\n<\/ul>\n","protected":false},"excerpt":{"rendered":"<ul>\n<li><strong>TEORIA W WYGODNIEJ FORMIE ONLINE WARSZTATY + WYK\u0141ADY<\/strong><\/li>\n<li>Kurs prowadz\u0105\u00a0<strong>eksperci z dziedziny Agro Dronowej.<\/strong><\/li>\n<li>Kurs \u015brednio zaawansowany do u\u017cytku dron\u00f3w multispektralnych np. DJI Mavic Multispektral.<\/li>\n<li><strong>Kurs online \u2013 2 dni.<\/strong><\/li>\n<li>Szkolenie adresowane jest do os\u00f3b rozpoczynaj\u0105cych prac\u0119 z kamerami wielospektralnymi oraz analiz\u0105 danych pozyskiwanymi tymi sensorami.<\/li>\n<li>Setki opinii kursant\u00f3w na \u2b50\u2b50\u2b50\u2b50\u2b50 (4.9 \/ 5.0)<\/li>\n<li><strong>Dostaniesz rabat na zakup AgroDrona do oprysku lub multispektralnego!<\/strong><\/li>\n<\/ul>\n","protected":false},"featured_media":29952,"comment_status":"open","ping_status":"closed","template":"","meta":{"_acf_changed":false},"product_brand":[],"product_cat":[5567,5571],"product_tag":[662,501,413,663],"class_list":{"0":"post-30122","1":"product","2":"type-product","3":"status-publish","4":"has-post-thumbnail","6":"product_cat-fotogrametria-z-drona","7":"product_cat-na-drony-rolnicze","8":"product_tag-agrofotogrametria","9":"product_tag-fotogrametria","10":"product_tag-fotogrametria-dronem","11":"product_tag-fotogrametria-kurs","12":"product_shipping_class-darmowa","13":"pa_cena-od-2000-do-3000-zl","14":"pa_podstawowy-kurs","16":"first","17":"outofstock","18":"taxable","19":"shipping-taxable","20":"purchasable","21":"product-type-simple"},"acf":[],"yoast_head":"<!-- This site is optimized with the Yoast SEO plugin v27.2 - https:\/\/yoast.com\/product\/yoast-seo-wordpress\/ -->\n<title>AGROFOTOGRAMETRIA (kurs \u015bredniozaawansowany \u2013 2 dni) Wykorzystanie Dron\u00f3w w Rolnictwie [ONLINE] - IRONSKY.PL Sklep z Dronami<\/title>\n<meta name=\"description\" content=\"AGROFOTOGRAMETRIA (kurs \u015bredniozaawansowany \u2013 2 dni) Wykorzystanie Dron\u00f3w w Rolnictwie [ONLINE] - \u2705 sklep z dronami i fachowym doradztwem. \u2705 Tutaj kupisz produkty DJI, Yuneec, Parrot, Syma i wiele innych, a tak\u017ce kursy i licencje na operatora drona.\" \/>\n<meta name=\"robots\" content=\"index, follow, max-snippet:-1, max-image-preview:large, max-video-preview:-1\" \/>\n<link rel=\"canonical\" href=\"https:\/\/ironsky.pl\/sklep\/produkt\/agrofotogrametria-kurs-sredniozaawansowany-2-dni-wykorzystanie-dronow-w-rolnictwie-online\/\" \/>\n<meta property=\"og:locale\" content=\"pl_PL\" \/>\n<meta property=\"og:type\" content=\"article\" \/>\n<meta property=\"og:title\" content=\"AGROFOTOGRAMETRIA (kurs \u015bredniozaawansowany \u2013 2 dni) Wykorzystanie Dron\u00f3w w Rolnictwie [ONLINE] - IRONSKY.PL Sklep z Dronami\" \/>\n<meta property=\"og:description\" content=\"AGROFOTOGRAMETRIA (kurs \u015bredniozaawansowany \u2013 2 dni) Wykorzystanie Dron\u00f3w w Rolnictwie [ONLINE] - \u2705 sklep z dronami i fachowym doradztwem. \u2705 Tutaj kupisz produkty DJI, Yuneec, Parrot, Syma i wiele innych, a tak\u017ce kursy i licencje na operatora drona.\" \/>\n<meta property=\"og:url\" content=\"https:\/\/ironsky.pl\/sklep\/produkt\/agrofotogrametria-kurs-sredniozaawansowany-2-dni-wykorzystanie-dronow-w-rolnictwie-online\/\" \/>\n<meta property=\"og:site_name\" content=\"IRONSKY.PL Sklep z Dronami\" \/>\n<meta property=\"article:modified_time\" content=\"2026-03-05T14:36:20+00:00\" \/>\n<meta property=\"og:image\" content=\"https:\/\/ironsky.pl\/sklep\/wp-content\/uploads\/2024\/10\/Agrofotogrametria-szkolenie-kurs-online-mapowanie-dronem.jpg\" \/>\n\t<meta property=\"og:image:width\" content=\"662\" \/>\n\t<meta property=\"og:image:height\" content=\"526\" \/>\n\t<meta property=\"og:image:type\" content=\"image\/jpeg\" \/>\n<meta name=\"twitter:card\" content=\"summary_large_image\" \/>\n<meta name=\"twitter:label1\" content=\"Szacowany czas czytania\" \/>\n\t<meta name=\"twitter:data1\" content=\"2 minuty\" \/>\n<script type=\"application\/ld+json\" class=\"yoast-schema-graph\">{\"@context\":\"https:\/\/schema.org\",\"@graph\":[{\"@type\":\"WebPage\",\"@id\":\"https:\/\/ironsky.pl\/sklep\/produkt\/agrofotogrametria-kurs-sredniozaawansowany-2-dni-wykorzystanie-dronow-w-rolnictwie-online\/\",\"url\":\"https:\/\/ironsky.pl\/sklep\/produkt\/agrofotogrametria-kurs-sredniozaawansowany-2-dni-wykorzystanie-dronow-w-rolnictwie-online\/\",\"name\":\"AGROFOTOGRAMETRIA (kurs \u015bredniozaawansowany \u2013 2 dni) Wykorzystanie Dron\u00f3w w Rolnictwie [ONLINE] - IRONSKY.PL Sklep z Dronami\",\"isPartOf\":{\"@id\":\"https:\/\/ironsky.pl\/sklep\/#website\"},\"primaryImageOfPage\":{\"@id\":\"https:\/\/ironsky.pl\/sklep\/produkt\/agrofotogrametria-kurs-sredniozaawansowany-2-dni-wykorzystanie-dronow-w-rolnictwie-online\/#primaryimage\"},\"image\":{\"@id\":\"https:\/\/ironsky.pl\/sklep\/produkt\/agrofotogrametria-kurs-sredniozaawansowany-2-dni-wykorzystanie-dronow-w-rolnictwie-online\/#primaryimage\"},\"thumbnailUrl\":\"https:\/\/ironsky.pl\/sklep\/wp-content\/uploads\/2024\/10\/Agrofotogrametria-szkolenie-kurs-online-mapowanie-dronem.jpg\",\"datePublished\":\"2023-08-25T09:44:18+00:00\",\"dateModified\":\"2026-03-05T14:36:20+00:00\",\"description\":\"AGROFOTOGRAMETRIA (kurs \u015bredniozaawansowany \u2013 2 dni) Wykorzystanie Dron\u00f3w w Rolnictwie [ONLINE] - \u2705 sklep z dronami i fachowym doradztwem. \u2705 Tutaj kupisz produkty DJI, Yuneec, Parrot, Syma i wiele innych, a tak\u017ce kursy i licencje na operatora drona.\",\"breadcrumb\":{\"@id\":\"https:\/\/ironsky.pl\/sklep\/produkt\/agrofotogrametria-kurs-sredniozaawansowany-2-dni-wykorzystanie-dronow-w-rolnictwie-online\/#breadcrumb\"},\"inLanguage\":\"pl-PL\",\"potentialAction\":[{\"@type\":\"ReadAction\",\"target\":[\"https:\/\/ironsky.pl\/sklep\/produkt\/agrofotogrametria-kurs-sredniozaawansowany-2-dni-wykorzystanie-dronow-w-rolnictwie-online\/\"]}]},{\"@type\":\"ImageObject\",\"inLanguage\":\"pl-PL\",\"@id\":\"https:\/\/ironsky.pl\/sklep\/produkt\/agrofotogrametria-kurs-sredniozaawansowany-2-dni-wykorzystanie-dronow-w-rolnictwie-online\/#primaryimage\",\"url\":\"https:\/\/ironsky.pl\/sklep\/wp-content\/uploads\/2024\/10\/Agrofotogrametria-szkolenie-kurs-online-mapowanie-dronem.jpg\",\"contentUrl\":\"https:\/\/ironsky.pl\/sklep\/wp-content\/uploads\/2024\/10\/Agrofotogrametria-szkolenie-kurs-online-mapowanie-dronem.jpg\",\"width\":662,\"height\":526},{\"@type\":\"BreadcrumbList\",\"@id\":\"https:\/\/ironsky.pl\/sklep\/produkt\/agrofotogrametria-kurs-sredniozaawansowany-2-dni-wykorzystanie-dronow-w-rolnictwie-online\/#breadcrumb\",\"itemListElement\":[{\"@type\":\"ListItem\",\"position\":1,\"name\":\"Strona g\u0142\u00f3wna\",\"item\":\"https:\/\/ironsky.pl\/sklep\/\"},{\"@type\":\"ListItem\",\"position\":2,\"name\":\"Wszystkie produkty\",\"item\":\"https:\/\/ironsky.pl\/sklep\/sklep\/\"},{\"@type\":\"ListItem\",\"position\":3,\"name\":\"AGROFOTOGRAMETRIA (kurs \u015bredniozaawansowany \u2013 2 dni) Wykorzystanie Dron\u00f3w w Rolnictwie [ONLINE]\"}]},{\"@type\":\"WebSite\",\"@id\":\"https:\/\/ironsky.pl\/sklep\/#website\",\"url\":\"https:\/\/ironsky.pl\/sklep\/\",\"name\":\"IRONSKY.PL Sklep z Dronami\",\"description\":\"IRONSKY.PL Sklep z Dronami\",\"potentialAction\":[{\"@type\":\"SearchAction\",\"target\":{\"@type\":\"EntryPoint\",\"urlTemplate\":\"https:\/\/ironsky.pl\/sklep\/?s={search_term_string}\"},\"query-input\":{\"@type\":\"PropertyValueSpecification\",\"valueRequired\":true,\"valueName\":\"search_term_string\"}}],\"inLanguage\":\"pl-PL\"}]}<\/script>\n<!-- \/ Yoast SEO plugin. -->","yoast_head_json":{"title":"AGROFOTOGRAMETRIA (kurs \u015bredniozaawansowany \u2013 2 dni) Wykorzystanie Dron\u00f3w w Rolnictwie [ONLINE] - IRONSKY.PL Sklep z Dronami","description":"AGROFOTOGRAMETRIA (kurs \u015bredniozaawansowany \u2013 2 dni) Wykorzystanie Dron\u00f3w w Rolnictwie [ONLINE] - \u2705 sklep z dronami i fachowym doradztwem. \u2705 Tutaj kupisz produkty DJI, Yuneec, Parrot, Syma i wiele innych, a tak\u017ce kursy i licencje na operatora drona.","robots":{"index":"index","follow":"follow","max-snippet":"max-snippet:-1","max-image-preview":"max-image-preview:large","max-video-preview":"max-video-preview:-1"},"canonical":"https:\/\/ironsky.pl\/sklep\/produkt\/agrofotogrametria-kurs-sredniozaawansowany-2-dni-wykorzystanie-dronow-w-rolnictwie-online\/","og_locale":"pl_PL","og_type":"article","og_title":"AGROFOTOGRAMETRIA (kurs \u015bredniozaawansowany \u2013 2 dni) Wykorzystanie Dron\u00f3w w Rolnictwie [ONLINE] - IRONSKY.PL Sklep z Dronami","og_description":"AGROFOTOGRAMETRIA (kurs \u015bredniozaawansowany \u2013 2 dni) Wykorzystanie Dron\u00f3w w Rolnictwie [ONLINE] - \u2705 sklep z dronami i fachowym doradztwem. \u2705 Tutaj kupisz produkty DJI, Yuneec, Parrot, Syma i wiele innych, a tak\u017ce kursy i licencje na operatora drona.","og_url":"https:\/\/ironsky.pl\/sklep\/produkt\/agrofotogrametria-kurs-sredniozaawansowany-2-dni-wykorzystanie-dronow-w-rolnictwie-online\/","og_site_name":"IRONSKY.PL Sklep z Dronami","article_modified_time":"2026-03-05T14:36:20+00:00","og_image":[{"width":662,"height":526,"url":"https:\/\/ironsky.pl\/sklep\/wp-content\/uploads\/2024\/10\/Agrofotogrametria-szkolenie-kurs-online-mapowanie-dronem.jpg","type":"image\/jpeg"}],"twitter_card":"summary_large_image","twitter_misc":{"Szacowany czas czytania":"2 minuty"},"schema":{"@context":"https:\/\/schema.org","@graph":[{"@type":"WebPage","@id":"https:\/\/ironsky.pl\/sklep\/produkt\/agrofotogrametria-kurs-sredniozaawansowany-2-dni-wykorzystanie-dronow-w-rolnictwie-online\/","url":"https:\/\/ironsky.pl\/sklep\/produkt\/agrofotogrametria-kurs-sredniozaawansowany-2-dni-wykorzystanie-dronow-w-rolnictwie-online\/","name":"AGROFOTOGRAMETRIA (kurs \u015bredniozaawansowany \u2013 2 dni) Wykorzystanie Dron\u00f3w w Rolnictwie [ONLINE] - IRONSKY.PL Sklep z Dronami","isPartOf":{"@id":"https:\/\/ironsky.pl\/sklep\/#website"},"primaryImageOfPage":{"@id":"https:\/\/ironsky.pl\/sklep\/produkt\/agrofotogrametria-kurs-sredniozaawansowany-2-dni-wykorzystanie-dronow-w-rolnictwie-online\/#primaryimage"},"image":{"@id":"https:\/\/ironsky.pl\/sklep\/produkt\/agrofotogrametria-kurs-sredniozaawansowany-2-dni-wykorzystanie-dronow-w-rolnictwie-online\/#primaryimage"},"thumbnailUrl":"https:\/\/ironsky.pl\/sklep\/wp-content\/uploads\/2024\/10\/Agrofotogrametria-szkolenie-kurs-online-mapowanie-dronem.jpg","datePublished":"2023-08-25T09:44:18+00:00","dateModified":"2026-03-05T14:36:20+00:00","description":"AGROFOTOGRAMETRIA (kurs \u015bredniozaawansowany \u2013 2 dni) Wykorzystanie Dron\u00f3w w Rolnictwie [ONLINE] - \u2705 sklep z dronami i fachowym doradztwem. \u2705 Tutaj kupisz produkty DJI, Yuneec, Parrot, Syma i wiele innych, a tak\u017ce kursy i licencje na operatora drona.","breadcrumb":{"@id":"https:\/\/ironsky.pl\/sklep\/produkt\/agrofotogrametria-kurs-sredniozaawansowany-2-dni-wykorzystanie-dronow-w-rolnictwie-online\/#breadcrumb"},"inLanguage":"pl-PL","potentialAction":[{"@type":"ReadAction","target":["https:\/\/ironsky.pl\/sklep\/produkt\/agrofotogrametria-kurs-sredniozaawansowany-2-dni-wykorzystanie-dronow-w-rolnictwie-online\/"]}]},{"@type":"ImageObject","inLanguage":"pl-PL","@id":"https:\/\/ironsky.pl\/sklep\/produkt\/agrofotogrametria-kurs-sredniozaawansowany-2-dni-wykorzystanie-dronow-w-rolnictwie-online\/#primaryimage","url":"https:\/\/ironsky.pl\/sklep\/wp-content\/uploads\/2024\/10\/Agrofotogrametria-szkolenie-kurs-online-mapowanie-dronem.jpg","contentUrl":"https:\/\/ironsky.pl\/sklep\/wp-content\/uploads\/2024\/10\/Agrofotogrametria-szkolenie-kurs-online-mapowanie-dronem.jpg","width":662,"height":526},{"@type":"BreadcrumbList","@id":"https:\/\/ironsky.pl\/sklep\/produkt\/agrofotogrametria-kurs-sredniozaawansowany-2-dni-wykorzystanie-dronow-w-rolnictwie-online\/#breadcrumb","itemListElement":[{"@type":"ListItem","position":1,"name":"Strona g\u0142\u00f3wna","item":"https:\/\/ironsky.pl\/sklep\/"},{"@type":"ListItem","position":2,"name":"Wszystkie produkty","item":"https:\/\/ironsky.pl\/sklep\/sklep\/"},{"@type":"ListItem","position":3,"name":"AGROFOTOGRAMETRIA (kurs \u015bredniozaawansowany \u2013 2 dni) Wykorzystanie Dron\u00f3w w Rolnictwie [ONLINE]"}]},{"@type":"WebSite","@id":"https:\/\/ironsky.pl\/sklep\/#website","url":"https:\/\/ironsky.pl\/sklep\/","name":"IRONSKY.PL Sklep z Dronami","description":"IRONSKY.PL Sklep z Dronami","potentialAction":[{"@type":"SearchAction","target":{"@type":"EntryPoint","urlTemplate":"https:\/\/ironsky.pl\/sklep\/?s={search_term_string}"},"query-input":{"@type":"PropertyValueSpecification","valueRequired":true,"valueName":"search_term_string"}}],"inLanguage":"pl-PL"}]}},"_links":{"self":[{"href":"https:\/\/ironsky.pl\/sklep\/wp-json\/wp\/v2\/product\/30122","targetHints":{"allow":["GET"]}}],"collection":[{"href":"https:\/\/ironsky.pl\/sklep\/wp-json\/wp\/v2\/product"}],"about":[{"href":"https:\/\/ironsky.pl\/sklep\/wp-json\/wp\/v2\/types\/product"}],"replies":[{"embeddable":true,"href":"https:\/\/ironsky.pl\/sklep\/wp-json\/wp\/v2\/comments?post=30122"}],"wp:featuredmedia":[{"embeddable":true,"href":"https:\/\/ironsky.pl\/sklep\/wp-json\/wp\/v2\/media\/29952"}],"wp:attachment":[{"href":"https:\/\/ironsky.pl\/sklep\/wp-json\/wp\/v2\/media?parent=30122"}],"wp:term":[{"taxonomy":"product_brand","embeddable":true,"href":"https:\/\/ironsky.pl\/sklep\/wp-json\/wp\/v2\/product_brand?post=30122"},{"taxonomy":"product_cat","embeddable":true,"href":"https:\/\/ironsky.pl\/sklep\/wp-json\/wp\/v2\/product_cat?post=30122"},{"taxonomy":"product_tag","embeddable":true,"href":"https:\/\/ironsky.pl\/sklep\/wp-json\/wp\/v2\/product_tag?post=30122"}],"curies":[{"name":"wp","href":"https:\/\/api.w.org\/{rel}","templated":true}]}}