{"id":30109,"date":"2021-02-25T12:14:36","date_gmt":"2021-02-25T11:14:36","guid":{"rendered":"http:\/\/gvshalph.pro-linuxpl.com\/ironskyprodukty\/produkt\/a2-egzamin-teorytyczny-online-na-pilota-drona-w-kategorii-otwartej\/"},"modified":"2026-03-30T19:59:19","modified_gmt":"2026-03-30T17:59:19","slug":"a2-egzamin-teorytyczny-online-na-pilota-drona-w-kategorii-otwartej","status":"publish","type":"product","link":"https:\/\/ironsky.pl\/sklep\/produkt\/a2-egzamin-teorytyczny-online-na-pilota-drona-w-kategorii-otwartej\/","title":{"rendered":"A2 EGZAMIN Teoretyczny Online na Pilota Drona w Kategorii Otwartej"},"content":{"rendered":"<h1><strong>A2 EGZAMIN TEORYTYCZNY ONLINE Na Pilota Drona w Kategorii Otwartej &#8222;Open&#8221;<\/strong><\/h1>\r\nZapisz si\u0119 ju\u017c teraz na nadzorowany egzamin pa\u0144stwowy z teorii online, podczas kt\u00f3rego weryfikowana jest wiedza oraz umiej\u0119tno\u015bci przysz\u0142ego operatora BSP.\u00a0Nie musisz wszystkiego czyta\u0107. Dokonaj zakupu, a obs\u0142uga sklepu skontaktuje si\u0119 z Tob\u0105 mailowo z wszystkimi info.\r\n\r\n&nbsp;\r\n<h2 id=\"block-565af186-cf49-4534-8290-8f756e87b661\" class=\"block-editor-rich-text__editable block-editor-block-list__block wp-block is-selected is-hovered rich-text\"><strong>W skr\u00f3cie &#8211; jak wygl\u0105da egzamin?<\/strong><\/h2>\r\n<ul>\r\n \t<li>Egzaminy odbywaj\u0105 si\u0119 codziennie (jak s\u0105 wolne miejsca)<strong><\/strong><\/li>\r\n \t<li>Czas trwania egzaminu to <strong>45 minut<\/strong><\/li>\r\n \t<li><strong>30 pyta\u0144<\/strong>, test zamkni\u0119ty jednokrotnego wyboru<\/li>\r\n \t<li>Musisz mie\u0107 minimum <strong>75% prawid\u0142owych odpowiedzi<\/strong><\/li>\r\n \t<li>Ca\u0142o\u015b\u0107 za\u0142atwisz <strong>online<\/strong><\/li>\r\n \t<li>Negatywny wynik wymaga ponownego wykupienia egzaminu i ustalenia nast\u0119pnego terminu.<\/li>\r\n<\/ul>\r\n&nbsp;\r\n<h2><strong>Po co mi uprawnienie A2?<\/strong><\/h2>\r\nPo zaliczeniu egzaminu A2 na drona mo\u017cesz wykonywa\u0107 loty:\r\n<ul>\r\n \t<li><strong>VLOS<\/strong> \u2013 w zasi\u0119gu wzroku i <strong>FPV<\/strong> z obserwatorem<\/li>\r\n \t<li><strong>5m od ludzi<\/strong> w trybie niskiej pr\u0119dko\u015bci<\/li>\r\n \t<li>do maksymalnej wysoko\u015bci <strong>120m AGL<\/strong><\/li>\r\n \t<li>dronem klasy <strong>C2<\/strong><\/li>\r\n<\/ul>\r\nUprawnienia dla podkategorii A2 s\u0105 <strong>wa\u017cne przez 5 lat<\/strong>, zgodnie z dat\u0105 w profilu pilota na stronie drony.gov.pl\r\n\r\n&nbsp;\r\n\r\n<img decoding=\"async\" class=\"aligncenter wp-image-2789 size-full\" src=\"https:\/\/ironsky.pl\/drony-sklep\/wp-content\/uploads\/2024\/10\/certyfikat-a2-egzamin-online-na-drona-pilot-drona-ironsky-cc3-certyfikata2egzaminonlinena.png\" alt=\"certyfikat%20a2%20egzamin%20online%20na%\" width=\"400\" height=\"400\" \/>\r\n<div class=\"wp-block-image\">\r\n<h2><strong>Czy potrzebuj\u0119 szkolenia przed egzaminem A2?<\/strong><\/h2>\r\nNie, nie potrzebujesz szkole\u0144.\u00a0 Zupe\u0142nie wystarczy darmowa wiedza przygotowana przez Urz\u0105d Lotnictwa Cywilnego dost\u0119pna w tym <strong><a href=\"https:\/\/elearning.uav.pansa.pl\/catalog\">&gt;&gt;linku&lt;&lt;<\/a><\/strong>\r\n\r\n<\/div>\r\n&nbsp;\r\n<h2><strong>Co musz\u0119 zrobi\u0107, \u017ceby uzyska\u0107 certyfikat pilota drona A2?<\/strong><\/h2>\r\n<ul>\r\n \t<li>uko\u0144czy\u0107 szkolenie online oraz zaliczy\u0107 egzamin online z wiedzy teoretycznej dla podkategorii A1\/A3, dost\u0119pny po zarejestrowaniu si\u0119 na stronie: drony.gov.pl<\/li>\r\n \t<li>z\u0142o\u017cy\u0107 o\u015bwiadczenia o uko\u0144czeniu szkolenia praktycznego w trybie samokszta\u0142cenia<\/li>\r\n \t<li>zaliczy\u0107 nadzorowany egzamin online z wiedzy teoretycznej<\/li>\r\n<\/ul>\r\n&nbsp;\r\n<h2 style=\"font-weight: 400\"><strong>Wymagania techniczne:<\/strong><\/h2>\r\n<ul style=\"font-weight: 400\">\r\n \t<li>dost\u0119p do stabilnego internetu<\/li>\r\n \t<li>komputer z kamer\u0105 z dost\u0119pem do internetu<\/li>\r\n \t<li>telefon, tablet lub inne dodatkowe urz\u0105dzenie z kamer\u0105 i dost\u0119pem do internetu<\/li>\r\n \t<li>egzamin odbywa si\u0119 na google meets<\/li>\r\n<\/ul>\r\n<h2 style=\"font-weight: 400\"><strong>Egzamin sk\u0142ada si\u0119 z 30 pyta\u0144.<\/strong><\/h2>\r\n<ul style=\"font-weight: 400\">\r\n \t<li>Meteorologia (20%) &#8211; 6 pyta\u0144<\/li>\r\n \t<li>Osi\u0105gi systemu bezza\u0142ogowego statku powietrznego w locie (30%) &#8211; 9 pyta\u0144<\/li>\r\n \t<li>Techniczne i operacyjne \u015brodki ograniczaj\u0105ce ryzyko na ziemi (50%) &#8211; 15 pyta\u0144<\/li>\r\n<\/ul>\r\n<h2 style=\"font-weight: 400\"><strong>Dodatkowe informacje:<\/strong><\/h2>\r\n<ul style=\"font-weight: 400\">\r\n \t<li>Pr\u00f3g zaliczeniowy:\u00a0<strong>75%<\/strong>\u00a0(23 poprawne odpowiedzi)<\/li>\r\n \t<li>Czas na rozwi\u0105zanie:\u00a0<strong>90 sekund na ka\u017cde pytanie<\/strong>\u00a0(\u0142\u0105cznie na wszystkie pytania <strong>max. 45 minut<\/strong>) \u00a0&#8211; Czas liczony jest automatycznie. Nie jest mo\u017cliwe udzielenie odpowiedzi po tym czasie<\/li>\r\n \t<li>Egzamin teoretyczny sk\u0142ada si\u0119 wy\u0142\u0105cznie z pyta\u0144 testowych jednokrotnego wyboru. Pytania testowe jednokrotnego wyboru w rozumieniu wytycznych zawieraj\u0105 4 warianty odpowiedzi, z kt\u00f3rych<strong> tylko jedna jest prawid\u0142owa.<\/strong><\/li>\r\n \t<li>Zabronione jest korzystanie z pomocy os\u00f3b trzecich, notatek, innych stron internetowych. Test nale\u017cy rozwi\u0105zywa\u0107 samodzielnie. Korzystanie z pomocy ko\u0144czy si\u0119 zako\u0144czeniem egzaminu.<\/li>\r\n \t<li>Podczas egzaminu teoretycznego osoba egzaminowana ma mo\u017cliwo\u015b\u0107 sporz\u0105dzania notatek.<\/li>\r\n \t<li>Je\u017celi podczas egzaminu teoretycznego nast\u0105pi zerwanie po\u0142\u0105czenia osoby egzaminowanej z internetem, wynik egzaminu uzyskany do momentu zerwania po\u0142\u0105czenia z internetem uznaje si\u0119 za ostateczny. Do wyznaczenia wyniku w procentach uwzgl\u0119dnia si\u0119 wszystkie pytania przewidziane w ramach egzaminu.<\/li>\r\n \t<li>Je\u017celi podczas egzaminu teoretycznego nast\u0105pi zerwanie po\u0142\u0105czenia z przyczyn b\u0119d\u0105cych po stronie podmiotu wyznaczonego, egzamin teoretyczny nale\u017cy powt\u00f3rzy\u0107.<\/li>\r\n \t<li>W przypadku wykrycia i udokumentowania nieuczciwych dzia\u0142a\u0144 osoby egzaminowanej podczas egzaminu teoretycznego, osoba egzaminuj\u0105ca ma prawo przerwa\u0107 egzamin teoretyczny osoby egzaminowanej i zako\u0144czy\u0107 go z wynikiem negatywnym, przed up\u0142ywem czasu przewidzianego na zako\u0144czenie egzaminu teoretycznego.<\/li>\r\n<\/ul>\r\n<h2 style=\"font-weight: 400\"><strong>Nadzo\u0301r realizowany jest poprzez:<\/strong><\/h2>\r\n<ul style=\"font-weight: 400\">\r\n \t<li>weryfikacje\u0328 toz\u0307samos\u0301ci osoby egzaminowanej, kto\u0301ra w momencie rozpocze\u0328cia egzaminu teoretycznego okazuje dokument toz\u0307samos\u0301ci przy w\u0142a\u0328czonej kamerze internetowej;<\/li>\r\n \t<li>weryfikacje\u0328 ekranu udoste\u0328pnianego przez osobe\u0328 egzaminowana\u0328, kto\u0301ra zostaje przeprowadzona po weryfikacji toz\u0307samos\u0301ci;<\/li>\r\n \t<li>podgla\u0328d do pomieszczenia i przestrzeni woko\u0301\u0142 kaz\u0307dej osoby egzaminowanej, dokonanej przed rozpocze\u0328ciem egzaminu, jak i podgla\u0328d do pomieszczenia i przestrzeni woko\u0301\u0142 wybranej osoby egzaminowanej w trakcie przeprowadzania egzaminu;<\/li>\r\n \t<li>obserwacje\u0328 ekranu urza\u0328dzenia uz\u0307ywanego przez osobe\u0328 egzaminowana\u0328 podczas egzaminu teoretycznego, w tym automatyczne monitorowanie doste\u0328pu osoby egzaminowanej do innych stron internetowych, monitorowanie przechwyconych obrazo\u0301w i urza\u0328dzen\u0301 zewne\u0328trznych pod\u0142a\u0328czonych do urza\u0328dzenia oraz wykrywanie niepoz\u0307a\u0328danych dzia\u0142an\u0301 w czasie rzeczywistym (np. wygaszenie ekranu);<\/li>\r\n \t<li>obserwacje\u0328 w czasie rzeczywistym pomieszczenia i przestrzeni woko\u0301\u0142 osoby egzaminowanej, zapewniona\u0328 przez\u00a0<strong>dwie kamery<\/strong>:\r\n<ul>\r\n \t<li>jedna\u0328 skierowana\u0328 na osobe\u0328 egzaminowana\u0328;<\/li>\r\n \t<li>druga\u0328 skierowana\u0328 na ekran urza\u0328dzenia uz\u0307ywanego przez osobe\u0328 egzaminowana\u0328 i biurko wraz z ewentualnymi przyborami przeznaczonymi do sporza\u0328dzania notatek lub,<\/li>\r\n \t<li>przez jedna\u0328 kamere\u0328 obejmuja\u0328ca\u0328 zasie\u0328giem 360 stopni widocznos\u0301ci,<\/li>\r\n \t<li>a takz\u0307e przy\u00a0<strong>w\u0142a\u0328czonym mikrofonie<\/strong>\u00a0osoby egzaminowanej;<\/li>\r\n<\/ul>\r\n<\/li>\r\n \t<li>archiwizacje\u0328 przez system danych wideo i audio, umoz\u0307liwiaja\u0328ca\u0328 po\u0301z\u0301niejsze odtworzenie przebiegu egzaminu teoretycznego. Zarchiwizowane nagranie moz\u0307na usuna\u0328c\u0301 po okresie przewidzianym na z\u0142oz\u0307enie odwo\u0142ania od egzaminu.<\/li>\r\n<\/ul>\r\n&nbsp;\r\n<div class=\"wp-block-image\">\r\n<h2><strong>Gdzie i jak zrobi\u0107 egzamin do latania dronem w kategorii Otwartej (Open) A2?<\/strong><\/h2>\r\n<strong>Krok 1:<\/strong>\r\nZarejestruj si\u0119 na stronie drony.gov.pl i uzyskaj numer operatora i numer pilota.\r\n\r\n<strong>Krok 2:\r\n<\/strong>Przejd\u017a szkolenie A1\/A3 i uko\u0144cz egzamin online na tej samej stronie drony.gov.pl\r\n\r\n<strong>Krok 3:<\/strong>\r\nPrzejd\u017a darmowy kurs teoretyczny A2 dost\u0119pny na stronie drony.gov.pl na kt\u00f3rym poszerzysz wiedz\u0119 z temat\u00f3w takich jak:\r\n<ul>\r\n \t<li>Meteorologia<\/li>\r\n \t<li>Osi\u0105gi systemu bezza\u0142ogowego statku powietrznego w locie<\/li>\r\n \t<li>Techniczne i operacyjne \u015brodki ograniczaj\u0105ce ryzyko na ziemi<\/li>\r\n<\/ul>\r\n<strong>Krok 4:\r\n<\/strong>Z\u0142\u00f3\u017c o\u015bwiadczenie o samokszta\u0142ceniu, kt\u00f3re prze\u015blemy Ci po zam\u00f3wieniu. W o\u015bwiadczeniu o uko\u0144czeniu szkolenia praktycznego w trybie samokszta\u0142cenia dla podkategorii A2 potwierdzisz, \u017ce posiadasz wiedz\u0119 i umiej\u0119tno\u015bci z zakresu:\r\n<ul>\r\n \t<li>Przygotowanie do operacji UAS<\/li>\r\n \t<li>Przygotowanie BSP do lotu<\/li>\r\n \t<li>Lot w normalnych warunkach<\/li>\r\n \t<li>Lot w warunkach odbiegaj\u0105cych od normy<\/li>\r\n \t<li>Odprawa, podsumowanie i informacja zwrotna<\/li>\r\n<\/ul>\r\n<strong>Krok 5:<\/strong>\r\n\r\nWybierz termin egzaminu. Egzaminujemy od \u015brody do soboty (czwartek i sobota &#8211; godziny poranne) (\u015broda i pi\u0105tek &#8211; godziny wieczorne)\r\n\r\n<strong>Krok 6:<\/strong>\r\n\r\nZdaj egzamin do kategorii A2. Egzaminy organizujemy w konkretne dni na platformie testportal. Musisz mie\u0107 komputer ze sta\u0142ym dost\u0119pem do Internetu, kamerk\u0119 niezb\u0119dn\u0105 do weryfikacji dokumentu to\u017csamo\u015bci. Dow\u00f3d osobisty przygotuj w taki spos\u00f3b jak poni\u017cej, tak aby odkryte i widoczne zosta\u0142o tylko Twoje zdj\u0119cie, imi\u0119 i nazwisko. Pokazujesz odpowiednio zakryty dow\u00f3d do kamerki laptopa przed rozpocz\u0119ciem egzaminu A2 online. Poni\u017cej przyk\u0142ad w\u0142a\u015bciwie przygotowanego dokumentu do egzaminu w kategorii open na A2. <strong>Kandydat zg\u0142aszaj\u0105cy si\u0119 na egzamin A2 jest zobowi\u0105zany do podania:<\/strong>\r\n<ul>\r\n \t<li>imienia<\/li>\r\n \t<li>nazwiska<\/li>\r\n \t<li>adresu e-mail<\/li>\r\n \t<li>numeru operatora<\/li>\r\n \t<li>numeru pilota<\/li>\r\n<\/ul>\r\n<div class=\"wp-block-image\"><img decoding=\"async\" class=\"aligncenter wp-image-3054\" src=\"https:\/\/ironsky.pl\/drony-sklep\/wp-content\/uploads\/2024\/10\/przyklad-dowod-osobisty-na-egzamin-nadrona-A2-w-IRONSKY-wszystkie-dane-powinny-byc-zasloniete-poza-imieniem-nazwiskiem-i-zdjeciem.png\" alt=\"przyklad dow\u00f3d osobisty na egzamin nadrona A2 w IRONSKY wszystkie dane powinny by\u0107 zas\u0142oni\u0119te poza imieniem, nazwiskiem i zdj\u0119ciem\" width=\"354\" height=\"234\" \/><\/div>\r\n<strong>Krok 7:<\/strong>\r\n\r\nPo zaliczeniu egzaminu o\u015brodek powiadamia ULC podaj\u0105c dane kandydata, przekazuj\u0105c protok\u00f3\u0142 z egzaminu i o\u015bwiadczenie o uko\u0144czeniu szkolenia praktycznego.\r\n\r\n<strong>Krok 8:<\/strong>\r\n\r\nPo spe\u0142nieniu wszystkich wymog\u00f3w dla A2 kandydat otrzymuje certyfikat kompetencji pilota drona uprawniaj\u0105cy do lot\u00f3w w podkategorii A2. Certyfikat pojawi si\u0119 na zielono na koncie pilota BSP na stronie drony.ulc.gov.pl obok innych uprawnie\u0144 (do kategorii A1\/A3, STS).\r\n\r\n<\/div>\r\n<div class=\"elementor-element elementor-element-811e2c5 elementor-widget elementor-widget-text-editor\" data-id=\"811e2c5\" data-element_type=\"widget\" data-widget_type=\"text-editor.default\">\r\n<div class=\"elementor-widget-container\">\r\n<div data-id=\"167ed84\" data-element_type=\"widget\" data-widget_type=\"text-editor.default\">\r\n\r\n&nbsp;\r\n\r\n<\/div>\r\n<\/div>\r\n<\/div>\r\n<div class=\"elementor-element elementor-element-449a4a76 elementor-widget elementor-widget-spacer\" data-id=\"449a4a76\" data-element_type=\"widget\" data-widget_type=\"spacer.default\">\r\n<div class=\"elementor-widget-container\">\r\n<div class=\"elementor-spacer\">!UWAGA! &#8211; po zakupie przys\u0142uguje, mo\u017cliwo\u015b\u0107 jednej bezp\u0142atnej zmiany terminu egzaminu, zmiany terminu mo\u017cna dokona\u0107 najp\u00f3\u017aniej 24h przed planow\u0105 dat\u0105 rozpocz\u0119cia egzaminu, w przypadku nie pojawienia si\u0119 na egzaminie nie ma mo\u017cliwo\u015bci zmiany terminu, ani zwr\u00f3cenia pe\u0142nej kwoty za egzamin (potr\u0105cona jest w\u00f3wczas op\u0142ata 65 z\u0142). Kupuj\u0105cy ma 6 miesi\u0119cy od daty zakupu, aby um\u00f3wi\u0107 si\u0119 na egzamin<\/div>\r\n<\/div>\r\n<\/div><!-- \/wp:post-content -->","protected":false},"excerpt":{"rendered":"<h2>Zdaj kr\u00f3tki egzamin online A2 na pilota drona w kategorii otwartej i zacznij przygod\u0119 z dronami!<\/h2>\n<p>Planujesz loty dronem z klas\u0105 C2? Zdaj kr\u00f3tki egzamin online i zacznij lata\u0107 dronem do 4kg zachowuj\u0105c odleg\u0142o\u015b\u0107 od os\u00f3b 5m, w trybie niskiej pr\u0119dko\u015bci. Minimalny wiek pilota to 14 lat.<\/p>\n<div class=\"position-relative\">\n<div class=\"d-flex flex-column-reverse flex-lg-column\">\n<div class=\"bg-white overflow-hidden cart-page-min-height \">\n<div class=\"p-xs container\">\n<div class=\"pb-l px-xl-xxl row\">\n<div class=\"col-xl-8 col-lg-7\">\n<div class=\"mt-l\"><\/div>\n<\/div>\n<\/div>\n<\/div>\n<\/div>\n<\/div>\n<\/div>\n","protected":false},"featured_media":29853,"comment_status":"open","ping_status":"closed","template":"","meta":{"_acf_changed":false},"product_brand":[],"product_cat":[5564,5566],"product_tag":[5745,5744],"class_list":{"0":"post-30109","1":"product","2":"type-product","3":"status-publish","4":"has-post-thumbnail","6":"product_cat-kursy","7":"product_cat-specjalistyczne","8":"product_tag-egzamin-a2-drony","9":"product_tag-egzamin-na-drony","10":"product_shipping_class-darmowa","11":"pa_cena-od-100-do-200-zl","12":"pa_podstawowy-kurs","14":"first","15":"instock","16":"virtual","17":"taxable","18":"purchasable","19":"product-type-simple"},"acf":[],"yoast_head":"<!-- This site is optimized with the Yoast SEO plugin v27.2 - https:\/\/yoast.com\/product\/yoast-seo-wordpress\/ -->\n<title>A2 EGZAMIN Teoretyczny Online na Pilota Drona w Kategorii Otwartej - IRONSKY.PL Sklep z Dronami<\/title>\n<meta name=\"description\" content=\"A2 EGZAMIN Teoretyczny Online na Pilota Drona w Kategorii Otwartej - Kup, zdaj egzamin i zdob\u0105d\u017a uprawnienia w kategorii A2.\" \/>\n<meta name=\"robots\" content=\"index, follow, max-snippet:-1, max-image-preview:large, max-video-preview:-1\" \/>\n<link rel=\"canonical\" href=\"https:\/\/ironsky.pl\/sklep\/produkt\/a2-egzamin-teorytyczny-online-na-pilota-drona-w-kategorii-otwartej\/\" \/>\n<meta property=\"og:locale\" content=\"pl_PL\" \/>\n<meta property=\"og:type\" content=\"article\" \/>\n<meta property=\"og:title\" content=\"A2 EGZAMIN Teoretyczny Online na Pilota Drona w Kategorii Otwartej - IRONSKY.PL Sklep z Dronami\" \/>\n<meta property=\"og:description\" content=\"A2 EGZAMIN Teoretyczny Online na Pilota Drona w Kategorii Otwartej - Kup, zdaj egzamin i zdob\u0105d\u017a uprawnienia w kategorii A2.\" \/>\n<meta property=\"og:url\" content=\"https:\/\/ironsky.pl\/sklep\/produkt\/a2-egzamin-teorytyczny-online-na-pilota-drona-w-kategorii-otwartej\/\" \/>\n<meta property=\"og:site_name\" content=\"IRONSKY.PL Sklep z Dronami\" \/>\n<meta property=\"article:modified_time\" content=\"2026-03-30T17:59:19+00:00\" \/>\n<meta property=\"og:image\" content=\"https:\/\/ironsky.pl\/sklep\/wp-content\/uploads\/2024\/10\/19667-thickbox_default-f4b-A2-EGZAMIN-TEORYTYCZNY-ONLINE-Na-Pilota-Drona-w-Kategorii-Otwartej.jpg\" \/>\n\t<meta property=\"og:image:width\" content=\"800\" \/>\n\t<meta property=\"og:image:height\" content=\"800\" \/>\n\t<meta property=\"og:image:type\" content=\"image\/jpeg\" \/>\n<meta name=\"twitter:card\" content=\"summary_large_image\" \/>\n<meta name=\"twitter:label1\" content=\"Szacowany czas czytania\" \/>\n\t<meta name=\"twitter:data1\" content=\"7 minut\" \/>\n<script type=\"application\/ld+json\" class=\"yoast-schema-graph\">{\"@context\":\"https:\/\/schema.org\",\"@graph\":[{\"@type\":\"WebPage\",\"@id\":\"https:\/\/ironsky.pl\/sklep\/produkt\/a2-egzamin-teorytyczny-online-na-pilota-drona-w-kategorii-otwartej\/\",\"url\":\"https:\/\/ironsky.pl\/sklep\/produkt\/a2-egzamin-teorytyczny-online-na-pilota-drona-w-kategorii-otwartej\/\",\"name\":\"A2 EGZAMIN Teoretyczny Online na Pilota Drona w Kategorii Otwartej - IRONSKY.PL Sklep z Dronami\",\"isPartOf\":{\"@id\":\"https:\/\/ironsky.pl\/sklep\/#website\"},\"primaryImageOfPage\":{\"@id\":\"https:\/\/ironsky.pl\/sklep\/produkt\/a2-egzamin-teorytyczny-online-na-pilota-drona-w-kategorii-otwartej\/#primaryimage\"},\"image\":{\"@id\":\"https:\/\/ironsky.pl\/sklep\/produkt\/a2-egzamin-teorytyczny-online-na-pilota-drona-w-kategorii-otwartej\/#primaryimage\"},\"thumbnailUrl\":\"https:\/\/ironsky.pl\/sklep\/wp-content\/uploads\/2024\/10\/19667-thickbox_default-f4b-A2-EGZAMIN-TEORYTYCZNY-ONLINE-Na-Pilota-Drona-w-Kategorii-Otwartej.jpg\",\"datePublished\":\"2021-02-25T11:14:36+00:00\",\"dateModified\":\"2026-03-30T17:59:19+00:00\",\"description\":\"A2 EGZAMIN Teoretyczny Online na Pilota Drona w Kategorii Otwartej - Kup, zdaj egzamin i zdob\u0105d\u017a uprawnienia w kategorii A2.\",\"breadcrumb\":{\"@id\":\"https:\/\/ironsky.pl\/sklep\/produkt\/a2-egzamin-teorytyczny-online-na-pilota-drona-w-kategorii-otwartej\/#breadcrumb\"},\"inLanguage\":\"pl-PL\",\"potentialAction\":[{\"@type\":\"ReadAction\",\"target\":[\"https:\/\/ironsky.pl\/sklep\/produkt\/a2-egzamin-teorytyczny-online-na-pilota-drona-w-kategorii-otwartej\/\"]}]},{\"@type\":\"ImageObject\",\"inLanguage\":\"pl-PL\",\"@id\":\"https:\/\/ironsky.pl\/sklep\/produkt\/a2-egzamin-teorytyczny-online-na-pilota-drona-w-kategorii-otwartej\/#primaryimage\",\"url\":\"https:\/\/ironsky.pl\/sklep\/wp-content\/uploads\/2024\/10\/19667-thickbox_default-f4b-A2-EGZAMIN-TEORYTYCZNY-ONLINE-Na-Pilota-Drona-w-Kategorii-Otwartej.jpg\",\"contentUrl\":\"https:\/\/ironsky.pl\/sklep\/wp-content\/uploads\/2024\/10\/19667-thickbox_default-f4b-A2-EGZAMIN-TEORYTYCZNY-ONLINE-Na-Pilota-Drona-w-Kategorii-Otwartej.jpg\",\"width\":800,\"height\":800},{\"@type\":\"BreadcrumbList\",\"@id\":\"https:\/\/ironsky.pl\/sklep\/produkt\/a2-egzamin-teorytyczny-online-na-pilota-drona-w-kategorii-otwartej\/#breadcrumb\",\"itemListElement\":[{\"@type\":\"ListItem\",\"position\":1,\"name\":\"Strona g\u0142\u00f3wna\",\"item\":\"https:\/\/ironsky.pl\/sklep\/\"},{\"@type\":\"ListItem\",\"position\":2,\"name\":\"Wszystkie produkty\",\"item\":\"https:\/\/ironsky.pl\/sklep\/sklep\/\"},{\"@type\":\"ListItem\",\"position\":3,\"name\":\"A2 EGZAMIN Teoretyczny Online na Pilota Drona w Kategorii Otwartej\"}]},{\"@type\":\"WebSite\",\"@id\":\"https:\/\/ironsky.pl\/sklep\/#website\",\"url\":\"https:\/\/ironsky.pl\/sklep\/\",\"name\":\"IRONSKY.PL Sklep z Dronami\",\"description\":\"IRONSKY.PL Sklep z Dronami\",\"potentialAction\":[{\"@type\":\"SearchAction\",\"target\":{\"@type\":\"EntryPoint\",\"urlTemplate\":\"https:\/\/ironsky.pl\/sklep\/?s={search_term_string}\"},\"query-input\":{\"@type\":\"PropertyValueSpecification\",\"valueRequired\":true,\"valueName\":\"search_term_string\"}}],\"inLanguage\":\"pl-PL\"}]}<\/script>\n<!-- \/ Yoast SEO plugin. -->","yoast_head_json":{"title":"A2 EGZAMIN Teoretyczny Online na Pilota Drona w Kategorii Otwartej - IRONSKY.PL Sklep z Dronami","description":"A2 EGZAMIN Teoretyczny Online na Pilota Drona w Kategorii Otwartej - Kup, zdaj egzamin i zdob\u0105d\u017a uprawnienia w kategorii A2.","robots":{"index":"index","follow":"follow","max-snippet":"max-snippet:-1","max-image-preview":"max-image-preview:large","max-video-preview":"max-video-preview:-1"},"canonical":"https:\/\/ironsky.pl\/sklep\/produkt\/a2-egzamin-teorytyczny-online-na-pilota-drona-w-kategorii-otwartej\/","og_locale":"pl_PL","og_type":"article","og_title":"A2 EGZAMIN Teoretyczny Online na Pilota Drona w Kategorii Otwartej - IRONSKY.PL Sklep z Dronami","og_description":"A2 EGZAMIN Teoretyczny Online na Pilota Drona w Kategorii Otwartej - Kup, zdaj egzamin i zdob\u0105d\u017a uprawnienia w kategorii A2.","og_url":"https:\/\/ironsky.pl\/sklep\/produkt\/a2-egzamin-teorytyczny-online-na-pilota-drona-w-kategorii-otwartej\/","og_site_name":"IRONSKY.PL Sklep z Dronami","article_modified_time":"2026-03-30T17:59:19+00:00","og_image":[{"width":800,"height":800,"url":"https:\/\/ironsky.pl\/sklep\/wp-content\/uploads\/2024\/10\/19667-thickbox_default-f4b-A2-EGZAMIN-TEORYTYCZNY-ONLINE-Na-Pilota-Drona-w-Kategorii-Otwartej.jpg","type":"image\/jpeg"}],"twitter_card":"summary_large_image","twitter_misc":{"Szacowany czas czytania":"7 minut"},"schema":{"@context":"https:\/\/schema.org","@graph":[{"@type":"WebPage","@id":"https:\/\/ironsky.pl\/sklep\/produkt\/a2-egzamin-teorytyczny-online-na-pilota-drona-w-kategorii-otwartej\/","url":"https:\/\/ironsky.pl\/sklep\/produkt\/a2-egzamin-teorytyczny-online-na-pilota-drona-w-kategorii-otwartej\/","name":"A2 EGZAMIN Teoretyczny Online na Pilota Drona w Kategorii Otwartej - IRONSKY.PL Sklep z Dronami","isPartOf":{"@id":"https:\/\/ironsky.pl\/sklep\/#website"},"primaryImageOfPage":{"@id":"https:\/\/ironsky.pl\/sklep\/produkt\/a2-egzamin-teorytyczny-online-na-pilota-drona-w-kategorii-otwartej\/#primaryimage"},"image":{"@id":"https:\/\/ironsky.pl\/sklep\/produkt\/a2-egzamin-teorytyczny-online-na-pilota-drona-w-kategorii-otwartej\/#primaryimage"},"thumbnailUrl":"https:\/\/ironsky.pl\/sklep\/wp-content\/uploads\/2024\/10\/19667-thickbox_default-f4b-A2-EGZAMIN-TEORYTYCZNY-ONLINE-Na-Pilota-Drona-w-Kategorii-Otwartej.jpg","datePublished":"2021-02-25T11:14:36+00:00","dateModified":"2026-03-30T17:59:19+00:00","description":"A2 EGZAMIN Teoretyczny Online na Pilota Drona w Kategorii Otwartej - Kup, zdaj egzamin i zdob\u0105d\u017a uprawnienia w kategorii A2.","breadcrumb":{"@id":"https:\/\/ironsky.pl\/sklep\/produkt\/a2-egzamin-teorytyczny-online-na-pilota-drona-w-kategorii-otwartej\/#breadcrumb"},"inLanguage":"pl-PL","potentialAction":[{"@type":"ReadAction","target":["https:\/\/ironsky.pl\/sklep\/produkt\/a2-egzamin-teorytyczny-online-na-pilota-drona-w-kategorii-otwartej\/"]}]},{"@type":"ImageObject","inLanguage":"pl-PL","@id":"https:\/\/ironsky.pl\/sklep\/produkt\/a2-egzamin-teorytyczny-online-na-pilota-drona-w-kategorii-otwartej\/#primaryimage","url":"https:\/\/ironsky.pl\/sklep\/wp-content\/uploads\/2024\/10\/19667-thickbox_default-f4b-A2-EGZAMIN-TEORYTYCZNY-ONLINE-Na-Pilota-Drona-w-Kategorii-Otwartej.jpg","contentUrl":"https:\/\/ironsky.pl\/sklep\/wp-content\/uploads\/2024\/10\/19667-thickbox_default-f4b-A2-EGZAMIN-TEORYTYCZNY-ONLINE-Na-Pilota-Drona-w-Kategorii-Otwartej.jpg","width":800,"height":800},{"@type":"BreadcrumbList","@id":"https:\/\/ironsky.pl\/sklep\/produkt\/a2-egzamin-teorytyczny-online-na-pilota-drona-w-kategorii-otwartej\/#breadcrumb","itemListElement":[{"@type":"ListItem","position":1,"name":"Strona g\u0142\u00f3wna","item":"https:\/\/ironsky.pl\/sklep\/"},{"@type":"ListItem","position":2,"name":"Wszystkie produkty","item":"https:\/\/ironsky.pl\/sklep\/sklep\/"},{"@type":"ListItem","position":3,"name":"A2 EGZAMIN Teoretyczny Online na Pilota Drona w Kategorii Otwartej"}]},{"@type":"WebSite","@id":"https:\/\/ironsky.pl\/sklep\/#website","url":"https:\/\/ironsky.pl\/sklep\/","name":"IRONSKY.PL Sklep z Dronami","description":"IRONSKY.PL Sklep z Dronami","potentialAction":[{"@type":"SearchAction","target":{"@type":"EntryPoint","urlTemplate":"https:\/\/ironsky.pl\/sklep\/?s={search_term_string}"},"query-input":{"@type":"PropertyValueSpecification","valueRequired":true,"valueName":"search_term_string"}}],"inLanguage":"pl-PL"}]}},"_links":{"self":[{"href":"https:\/\/ironsky.pl\/sklep\/wp-json\/wp\/v2\/product\/30109","targetHints":{"allow":["GET"]}}],"collection":[{"href":"https:\/\/ironsky.pl\/sklep\/wp-json\/wp\/v2\/product"}],"about":[{"href":"https:\/\/ironsky.pl\/sklep\/wp-json\/wp\/v2\/types\/product"}],"replies":[{"embeddable":true,"href":"https:\/\/ironsky.pl\/sklep\/wp-json\/wp\/v2\/comments?post=30109"}],"wp:featuredmedia":[{"embeddable":true,"href":"https:\/\/ironsky.pl\/sklep\/wp-json\/wp\/v2\/media\/29853"}],"wp:attachment":[{"href":"https:\/\/ironsky.pl\/sklep\/wp-json\/wp\/v2\/media?parent=30109"}],"wp:term":[{"taxonomy":"product_brand","embeddable":true,"href":"https:\/\/ironsky.pl\/sklep\/wp-json\/wp\/v2\/product_brand?post=30109"},{"taxonomy":"product_cat","embeddable":true,"href":"https:\/\/ironsky.pl\/sklep\/wp-json\/wp\/v2\/product_cat?post=30109"},{"taxonomy":"product_tag","embeddable":true,"href":"https:\/\/ironsky.pl\/sklep\/wp-json\/wp\/v2\/product_tag?post=30109"}],"curies":[{"name":"wp","href":"https:\/\/api.w.org\/{rel}","templated":true}]}}