{"id":30106,"date":"2021-02-09T10:15:02","date_gmt":"2021-02-09T09:15:02","guid":{"rendered":"http:\/\/gvshalph.pro-linuxpl.com\/ironskyprodukty\/produkt\/fotografia-z-drona-i-obrobka-zdjec\/"},"modified":"2026-03-05T15:36:17","modified_gmt":"2026-03-05T14:36:17","slug":"fotografia-z-drona-i-obrobka-zdjec","status":"publish","type":"product","link":"https:\/\/ironsky.pl\/sklep\/produkt\/fotografia-z-drona-i-obrobka-zdjec\/","title":{"rendered":"FOTOGRAFIA Z DRONA I OBR\u00d3BKA ZDJ\u0118\u0106"},"content":{"rendered":"<p><a href=\"https:\/\/www.orlyksztalcenia.pl\/profile-233671-cmp\/\" target=\"_blank\" rel=\"noopener\"><img decoding=\"async\" class=\" size-full wp-image-2759\" style=\"width: 300px; height: 75px; border: 0;\" title=\"IRONSKY SP\u00d3\u0141KA Z OGRANICZON\u0104 ODPOWIEDZIALNO\u015aCI\u0104 SP. K. www.ironsky.pl - Buk\" src=\"https:\/\/ironsky.pl\/drony-sklep\/wp-content\/uploads\/2024\/10\/laureat300_black_2_pl-75e-IRONSKY-SPOLKA-Z-OGRANICZONA-ODPOWIEDZIALNOSCIA-SP.-K.-www.ironsky.pl-Buk-3.png\" alt=\"IRONSKY SP\u00d3\u0141KA Z OGRANICZON\u0104 ODPOWIEDZIALNO\u015aCI\u0104 SP. K. www.ironsky.pl - Buk\" width=\"298\" height=\"78\" \/><\/a><\/p>\n<h2><\/h2>\n<p style=\"text-align: center;\"><img decoding=\"async\" class=\" size-full wp-image-2760\" style=\"margin-left: auto; margin-right: auto;\" src=\"https:\/\/ironsky.pl\/drony-sklep\/wp-content\/uploads\/2024\/10\/Techno-Strefa-Iron-Sky-Wywiad-Drony-i-szkoleniach-na-operatora-drona-UAVO-licencja-na-drona-106-4.jpg\" alt=\"\" width=\"600\" height=\"400\" \/><\/p>\n<h1><strong>TE\u017b CHCESZ ROBI\u0106 TAKIE ZDJ\u0118CIA? NAUCZYMY CI\u0118!<\/strong><\/h1>\n<p>Program szkolenia w przygotowaniu.<\/p>\n<h1><strong>\u00a0<img decoding=\"async\" class=\" size-full wp-image-2775\" src=\"https:\/\/ironsky.pl\/drony-sklep\/wp-content\/uploads\/2024\/10\/pexels-manuel-moreno-5255311-22a.jpg\" alt=\"\" width=\"800\" height=\"1000\" \/><\/strong><\/h1>\n","protected":false},"excerpt":{"rendered":"<h1><strong>LATASZ DRONEM?\u00a0ROBISZ ZDJ\u0118CIA? \ud83d\ude09<\/strong><\/h1>\n<p>Zapisz si\u0119 na kurs online z zakresu fotografii lotniczej z drona. Szkolenie skierowane jest zar\u00f3wno dla profesjonalist\u00f3w jaki i\u00a0amator\u00f3w.<\/p>\n","protected":false},"featured_media":29845,"comment_status":"open","ping_status":"closed","template":"","meta":{"_acf_changed":false},"product_brand":[],"product_cat":[5564,5566],"product_tag":[],"class_list":{"0":"post-30106","1":"product","2":"type-product","3":"status-publish","4":"has-post-thumbnail","6":"product_cat-kursy","7":"product_cat-specjalistyczne","8":"product_shipping_class-darmowa","10":"first","11":"outofstock","12":"virtual","13":"taxable","14":"purchasable","15":"product-type-simple"},"acf":[],"yoast_head":"<!-- This site is optimized with the Yoast SEO plugin v27.2 - https:\/\/yoast.com\/product\/yoast-seo-wordpress\/ -->\n<title>FOTOGRAFIA Z DRONA I OBR\u00d3BKA ZDJ\u0118\u0106 - IRONSKY.PL Sklep z Dronami<\/title>\n<meta name=\"description\" content=\"FOTOGRAFIA Z DRONA I OBR\u00d3BKA ZDJ\u0118\u0106 - \u2705 sklep z dronami i fachowym doradztwem. \u2705 Tutaj kupisz produkty DJI, Yuneec, Parrot, Syma i wiele innych, a tak\u017ce kursy i licencje na operatora drona.\" \/>\n<meta name=\"robots\" content=\"index, follow, max-snippet:-1, max-image-preview:large, max-video-preview:-1\" \/>\n<link rel=\"canonical\" href=\"https:\/\/ironsky.pl\/sklep\/produkt\/fotografia-z-drona-i-obrobka-zdjec\/\" \/>\n<meta property=\"og:locale\" content=\"pl_PL\" \/>\n<meta property=\"og:type\" content=\"article\" \/>\n<meta property=\"og:title\" content=\"FOTOGRAFIA Z DRONA I OBR\u00d3BKA ZDJ\u0118\u0106 - IRONSKY.PL Sklep z Dronami\" \/>\n<meta property=\"og:description\" content=\"FOTOGRAFIA Z DRONA I OBR\u00d3BKA ZDJ\u0118\u0106 - \u2705 sklep z dronami i fachowym doradztwem. \u2705 Tutaj kupisz produkty DJI, Yuneec, Parrot, Syma i wiele innych, a tak\u017ce kursy i licencje na operatora drona.\" \/>\n<meta property=\"og:url\" content=\"https:\/\/ironsky.pl\/sklep\/produkt\/fotografia-z-drona-i-obrobka-zdjec\/\" \/>\n<meta property=\"og:site_name\" content=\"IRONSKY.PL Sklep z Dronami\" \/>\n<meta property=\"article:modified_time\" content=\"2026-03-05T14:36:17+00:00\" \/>\n<meta property=\"og:image\" content=\"https:\/\/ironsky.pl\/sklep\/wp-content\/uploads\/2024\/10\/19658-thickbox_default-13c-FOTOGRAFIA-Z-DRONA-I-OBROBKA-ZDJEC.jpg\" \/>\n\t<meta property=\"og:image:width\" content=\"800\" \/>\n\t<meta property=\"og:image:height\" content=\"800\" \/>\n\t<meta property=\"og:image:type\" content=\"image\/jpeg\" \/>\n<meta name=\"twitter:card\" content=\"summary_large_image\" \/>\n<meta name=\"twitter:label1\" content=\"Szacowany czas czytania\" \/>\n\t<meta name=\"twitter:data1\" content=\"1 minuta\" \/>\n<script type=\"application\/ld+json\" class=\"yoast-schema-graph\">{\"@context\":\"https:\/\/schema.org\",\"@graph\":[{\"@type\":\"WebPage\",\"@id\":\"https:\/\/ironsky.pl\/sklep\/produkt\/fotografia-z-drona-i-obrobka-zdjec\/\",\"url\":\"https:\/\/ironsky.pl\/sklep\/produkt\/fotografia-z-drona-i-obrobka-zdjec\/\",\"name\":\"FOTOGRAFIA Z DRONA I OBR\u00d3BKA ZDJ\u0118\u0106 - IRONSKY.PL Sklep z Dronami\",\"isPartOf\":{\"@id\":\"https:\/\/ironsky.pl\/sklep\/#website\"},\"primaryImageOfPage\":{\"@id\":\"https:\/\/ironsky.pl\/sklep\/produkt\/fotografia-z-drona-i-obrobka-zdjec\/#primaryimage\"},\"image\":{\"@id\":\"https:\/\/ironsky.pl\/sklep\/produkt\/fotografia-z-drona-i-obrobka-zdjec\/#primaryimage\"},\"thumbnailUrl\":\"https:\/\/ironsky.pl\/sklep\/wp-content\/uploads\/2024\/10\/19658-thickbox_default-13c-FOTOGRAFIA-Z-DRONA-I-OBROBKA-ZDJEC.jpg\",\"datePublished\":\"2021-02-09T09:15:02+00:00\",\"dateModified\":\"2026-03-05T14:36:17+00:00\",\"description\":\"FOTOGRAFIA Z DRONA I OBR\u00d3BKA ZDJ\u0118\u0106 - \u2705 sklep z dronami i fachowym doradztwem. \u2705 Tutaj kupisz produkty DJI, Yuneec, Parrot, Syma i wiele innych, a tak\u017ce kursy i licencje na operatora drona.\",\"breadcrumb\":{\"@id\":\"https:\/\/ironsky.pl\/sklep\/produkt\/fotografia-z-drona-i-obrobka-zdjec\/#breadcrumb\"},\"inLanguage\":\"pl-PL\",\"potentialAction\":[{\"@type\":\"ReadAction\",\"target\":[\"https:\/\/ironsky.pl\/sklep\/produkt\/fotografia-z-drona-i-obrobka-zdjec\/\"]}]},{\"@type\":\"ImageObject\",\"inLanguage\":\"pl-PL\",\"@id\":\"https:\/\/ironsky.pl\/sklep\/produkt\/fotografia-z-drona-i-obrobka-zdjec\/#primaryimage\",\"url\":\"https:\/\/ironsky.pl\/sklep\/wp-content\/uploads\/2024\/10\/19658-thickbox_default-13c-FOTOGRAFIA-Z-DRONA-I-OBROBKA-ZDJEC.jpg\",\"contentUrl\":\"https:\/\/ironsky.pl\/sklep\/wp-content\/uploads\/2024\/10\/19658-thickbox_default-13c-FOTOGRAFIA-Z-DRONA-I-OBROBKA-ZDJEC.jpg\",\"width\":800,\"height\":800},{\"@type\":\"BreadcrumbList\",\"@id\":\"https:\/\/ironsky.pl\/sklep\/produkt\/fotografia-z-drona-i-obrobka-zdjec\/#breadcrumb\",\"itemListElement\":[{\"@type\":\"ListItem\",\"position\":1,\"name\":\"Strona g\u0142\u00f3wna\",\"item\":\"https:\/\/ironsky.pl\/sklep\/\"},{\"@type\":\"ListItem\",\"position\":2,\"name\":\"Wszystkie produkty\",\"item\":\"https:\/\/ironsky.pl\/sklep\/produkty\/\"},{\"@type\":\"ListItem\",\"position\":3,\"name\":\"FOTOGRAFIA Z DRONA I OBR\u00d3BKA ZDJ\u0118\u0106\"}]},{\"@type\":\"WebSite\",\"@id\":\"https:\/\/ironsky.pl\/sklep\/#website\",\"url\":\"https:\/\/ironsky.pl\/sklep\/\",\"name\":\"IRONSKY.PL Sklep z Dronami\",\"description\":\"IRONSKY.PL Sklep z Dronami\",\"potentialAction\":[{\"@type\":\"SearchAction\",\"target\":{\"@type\":\"EntryPoint\",\"urlTemplate\":\"https:\/\/ironsky.pl\/sklep\/?s={search_term_string}\"},\"query-input\":{\"@type\":\"PropertyValueSpecification\",\"valueRequired\":true,\"valueName\":\"search_term_string\"}}],\"inLanguage\":\"pl-PL\"}]}<\/script>\n<!-- \/ Yoast SEO plugin. -->","yoast_head_json":{"title":"FOTOGRAFIA Z DRONA I OBR\u00d3BKA ZDJ\u0118\u0106 - IRONSKY.PL Sklep z Dronami","description":"FOTOGRAFIA Z DRONA I OBR\u00d3BKA ZDJ\u0118\u0106 - \u2705 sklep z dronami i fachowym doradztwem. \u2705 Tutaj kupisz produkty DJI, Yuneec, Parrot, Syma i wiele innych, a tak\u017ce kursy i licencje na operatora drona.","robots":{"index":"index","follow":"follow","max-snippet":"max-snippet:-1","max-image-preview":"max-image-preview:large","max-video-preview":"max-video-preview:-1"},"canonical":"https:\/\/ironsky.pl\/sklep\/produkt\/fotografia-z-drona-i-obrobka-zdjec\/","og_locale":"pl_PL","og_type":"article","og_title":"FOTOGRAFIA Z DRONA I OBR\u00d3BKA ZDJ\u0118\u0106 - IRONSKY.PL Sklep z Dronami","og_description":"FOTOGRAFIA Z DRONA I OBR\u00d3BKA ZDJ\u0118\u0106 - \u2705 sklep z dronami i fachowym doradztwem. \u2705 Tutaj kupisz produkty DJI, Yuneec, Parrot, Syma i wiele innych, a tak\u017ce kursy i licencje na operatora drona.","og_url":"https:\/\/ironsky.pl\/sklep\/produkt\/fotografia-z-drona-i-obrobka-zdjec\/","og_site_name":"IRONSKY.PL Sklep z Dronami","article_modified_time":"2026-03-05T14:36:17+00:00","og_image":[{"width":800,"height":800,"url":"https:\/\/ironsky.pl\/sklep\/wp-content\/uploads\/2024\/10\/19658-thickbox_default-13c-FOTOGRAFIA-Z-DRONA-I-OBROBKA-ZDJEC.jpg","type":"image\/jpeg"}],"twitter_card":"summary_large_image","twitter_misc":{"Szacowany czas czytania":"1 minuta"},"schema":{"@context":"https:\/\/schema.org","@graph":[{"@type":"WebPage","@id":"https:\/\/ironsky.pl\/sklep\/produkt\/fotografia-z-drona-i-obrobka-zdjec\/","url":"https:\/\/ironsky.pl\/sklep\/produkt\/fotografia-z-drona-i-obrobka-zdjec\/","name":"FOTOGRAFIA Z DRONA I OBR\u00d3BKA ZDJ\u0118\u0106 - IRONSKY.PL Sklep z Dronami","isPartOf":{"@id":"https:\/\/ironsky.pl\/sklep\/#website"},"primaryImageOfPage":{"@id":"https:\/\/ironsky.pl\/sklep\/produkt\/fotografia-z-drona-i-obrobka-zdjec\/#primaryimage"},"image":{"@id":"https:\/\/ironsky.pl\/sklep\/produkt\/fotografia-z-drona-i-obrobka-zdjec\/#primaryimage"},"thumbnailUrl":"https:\/\/ironsky.pl\/sklep\/wp-content\/uploads\/2024\/10\/19658-thickbox_default-13c-FOTOGRAFIA-Z-DRONA-I-OBROBKA-ZDJEC.jpg","datePublished":"2021-02-09T09:15:02+00:00","dateModified":"2026-03-05T14:36:17+00:00","description":"FOTOGRAFIA Z DRONA I OBR\u00d3BKA ZDJ\u0118\u0106 - \u2705 sklep z dronami i fachowym doradztwem. \u2705 Tutaj kupisz produkty DJI, Yuneec, Parrot, Syma i wiele innych, a tak\u017ce kursy i licencje na operatora drona.","breadcrumb":{"@id":"https:\/\/ironsky.pl\/sklep\/produkt\/fotografia-z-drona-i-obrobka-zdjec\/#breadcrumb"},"inLanguage":"pl-PL","potentialAction":[{"@type":"ReadAction","target":["https:\/\/ironsky.pl\/sklep\/produkt\/fotografia-z-drona-i-obrobka-zdjec\/"]}]},{"@type":"ImageObject","inLanguage":"pl-PL","@id":"https:\/\/ironsky.pl\/sklep\/produkt\/fotografia-z-drona-i-obrobka-zdjec\/#primaryimage","url":"https:\/\/ironsky.pl\/sklep\/wp-content\/uploads\/2024\/10\/19658-thickbox_default-13c-FOTOGRAFIA-Z-DRONA-I-OBROBKA-ZDJEC.jpg","contentUrl":"https:\/\/ironsky.pl\/sklep\/wp-content\/uploads\/2024\/10\/19658-thickbox_default-13c-FOTOGRAFIA-Z-DRONA-I-OBROBKA-ZDJEC.jpg","width":800,"height":800},{"@type":"BreadcrumbList","@id":"https:\/\/ironsky.pl\/sklep\/produkt\/fotografia-z-drona-i-obrobka-zdjec\/#breadcrumb","itemListElement":[{"@type":"ListItem","position":1,"name":"Strona g\u0142\u00f3wna","item":"https:\/\/ironsky.pl\/sklep\/"},{"@type":"ListItem","position":2,"name":"Wszystkie produkty","item":"https:\/\/ironsky.pl\/sklep\/produkty\/"},{"@type":"ListItem","position":3,"name":"FOTOGRAFIA Z DRONA I OBR\u00d3BKA ZDJ\u0118\u0106"}]},{"@type":"WebSite","@id":"https:\/\/ironsky.pl\/sklep\/#website","url":"https:\/\/ironsky.pl\/sklep\/","name":"IRONSKY.PL Sklep z Dronami","description":"IRONSKY.PL Sklep z Dronami","potentialAction":[{"@type":"SearchAction","target":{"@type":"EntryPoint","urlTemplate":"https:\/\/ironsky.pl\/sklep\/?s={search_term_string}"},"query-input":{"@type":"PropertyValueSpecification","valueRequired":true,"valueName":"search_term_string"}}],"inLanguage":"pl-PL"}]}},"_links":{"self":[{"href":"https:\/\/ironsky.pl\/sklep\/wp-json\/wp\/v2\/product\/30106","targetHints":{"allow":["GET"]}}],"collection":[{"href":"https:\/\/ironsky.pl\/sklep\/wp-json\/wp\/v2\/product"}],"about":[{"href":"https:\/\/ironsky.pl\/sklep\/wp-json\/wp\/v2\/types\/product"}],"replies":[{"embeddable":true,"href":"https:\/\/ironsky.pl\/sklep\/wp-json\/wp\/v2\/comments?post=30106"}],"wp:featuredmedia":[{"embeddable":true,"href":"https:\/\/ironsky.pl\/sklep\/wp-json\/wp\/v2\/media\/29845"}],"wp:attachment":[{"href":"https:\/\/ironsky.pl\/sklep\/wp-json\/wp\/v2\/media?parent=30106"}],"wp:term":[{"taxonomy":"product_brand","embeddable":true,"href":"https:\/\/ironsky.pl\/sklep\/wp-json\/wp\/v2\/product_brand?post=30106"},{"taxonomy":"product_cat","embeddable":true,"href":"https:\/\/ironsky.pl\/sklep\/wp-json\/wp\/v2\/product_cat?post=30106"},{"taxonomy":"product_tag","embeddable":true,"href":"https:\/\/ironsky.pl\/sklep\/wp-json\/wp\/v2\/product_tag?post=30106"}],"curies":[{"name":"wp","href":"https:\/\/api.w.org\/{rel}","templated":true}]}}