{"id":30103,"date":"2021-01-05T14:23:28","date_gmt":"2021-01-05T13:23:28","guid":{"rendered":"http:\/\/gvshalph.pro-linuxpl.com\/ironskyprodukty\/produkt\/online-nowe-unijne-prawo-lotnicze-a-drony\/"},"modified":"2026-03-05T15:36:17","modified_gmt":"2026-03-05T14:36:17","slug":"online-nowe-unijne-prawo-lotnicze-a-drony","status":"publish","type":"product","link":"https:\/\/ironsky.pl\/sklep\/produkt\/online-nowe-unijne-prawo-lotnicze-a-drony\/","title":{"rendered":"DroNowe Zmiany Prawne 2026 &#8211; Warsztaty dronowe &#8211; NOWE PRAWO LOTNICZE, A DRONY [KURS ONLINE]"},"content":{"rendered":"<p><span style=\"color: #ff0000;\"><strong>Wprowadzone zmiany powoduj\u0105, \u017ce czujesz si\u0119 jak dziecko zagubione we mgle?<\/strong><\/span><\/p>\n<p>Czytasz po kilka razy internetowe wpisy i nie wiesz ju\u017c co jest aktualne?<\/p>\n<ul>\n<li>Za co s\u0105 kary administracyjne i mandaty?<\/li>\n<li>Jakie op\u0142aty, za strefy geograficzne, kogo to dotyczy?<\/li>\n<li>Kto i od kiedy potrzebuje ubezpieczenia OC?<\/li>\n<li>Czyje uprawnienia zosta\u0142y rozszerzone i co to oznacza dla mnie jako pilota i operatora drona?<\/li>\n<li>Po co te ca\u0142e klasy dron\u00f3w?<\/li>\n<li>Jak w og\u00f3le mog\u0119 lata\u0107 dronem?<\/li>\n<li>Co to te A1, A2, A2, STS, STS?<\/li>\n<li>Jaki kurs na drona jest dla mnie najlepszy?<\/li>\n<li>Czy musz\u0119 robi\u0107 szkolenie i egzamin?<\/li>\n<li>Jak teraz lata\u0107 zleceniowo?<\/li>\n<li>Jak zg\u0142osi\u0107 lot?<\/li>\n<\/ul>\n<p>Zapisz si\u0119 na specjalny kr\u00f3tki warsztatowy kurs, odpowiemy.<\/p>\n<h1>Czego dowiem si\u0119 na tym kursie?<\/h1>\n<h1>Program szkolenia online (1-2 h) omawiaj\u0105cego szczeg\u00f3\u0142owo i prostym j\u0119zykiem zmiany w przepisach dronowych w 2026 roku obejmuje.<\/h1>\n<ol>\n<li>Wyja\u015bnienie genezy zmian w przepisach dronowych w 2025 roku.<\/li>\n<li>Przypomnienie istotnych poj\u0119\u0107 &#8211; &#8222;s\u0142owniczek pilota drona&#8221;.<\/li>\n<li>Obowi\u0105zkowe ubezpieczenie OC i op\u0142aty za czynno\u015bci administracyjne.<\/li>\n<li>Op\u0142aty za strefy geograficzne.<\/li>\n<li><\/li>\n<\/ol>\n<ol start=\"7\">\n<li>Gdzie i kiedy mog\u0119 lata\u0107 dronem? &#8211; weryfikacja stref geograficznych i stref przestrzeni powietrznej<\/li>\n<li>Co gdy nie ma dla mnie scenariusza?\n<ul>\n<li>&#8222;W\u0142asny scenariusz&#8221; czyli uzyskanie zezwolenia Prezesa Urz\u0119du Lotnictwa Cywilnego na operacj\u0119 w kategorii szczeg\u00f3ln<\/li>\n<li>Om\u00f3wienie predefiniowanej analizy ryzyka PDRA<\/li>\n<li>Om\u00f3wienie pe\u0142nej analizy ryzyka zgodnie metodologi\u0105 SORA<\/li>\n<\/ul>\n<\/li>\n<li>Sportowe latanie dronem &#8211; jak legalnie lata\u0107 FPV<\/li>\n<\/ol>\n<h1>Dla kogo jest ten kurs?<\/h1>\n<p>Szkolenie tego typu dedykujemy <strong>w szczeg\u00f3lno\u015bci pocz\u0105tkuj\u0105cym droniarzom<\/strong>, kt\u00f3rzy swoj\u0105 przygod\u0119 z dronami maj\u0105 zamiar zacz\u0105\u0107 w 2024r. lub p\u00f3\u017aniej, ale te\u017c wszystkim tym, kt\u00f3rzy nie bez powodu (EASA nie\u017ale namiesza\u0142a) gubi\u0105 si\u0119 w droNOWYCH zmianach w prawie lotniczym. Po pytaniach, kt\u00f3re jako do\u015bwiadczony o\u015brodek szkolenia pilot\u00f3w dron\u00f3w dostajemy codziennie telefonicznie i mailowo wiemy doskonale, \u017ce <strong>nawet piloci po zdanych egzaminach NSTS maj\u0105 problemy<\/strong> ze zrozumieniem regulacji i co wa\u017cniejsze zastosowaniu prawa w praktyce i ich lotach dronami. Ten jednodniowy warsztat zapewnia Ci wyja\u015bnienia wszystkiego na &#8222;ch\u0142opski rozum&#8221; przez do\u015bwiadczonych instruktor\u00f3w, egzaminator\u00f3w, droniarzy praktyk\u00f3w od 2014r. Zr\u00f3b sobie kaw\u0119 i zapraszamy! Kurs nie jest obowi\u0105zkowy, s\u0142u\u017cy uporz\u0105dkowaniu wiedzy lub jej nabyciu. Je\u017celi znasz wszystkie niuanse, szczeg\u00f3\u0142y, zasady i regulacje wprowadzane od lat przez EASA s\u0105 dla Ciebie jasne i przejrzyste jak g\u00f3rska woda, to ten kurs <strong>NIE JEST dla Ciebie!<\/strong><\/p>\n<p>&nbsp;<\/p>\n<h1>Gdzie, kiedy, jak?<\/h1>\n<ul>\n<li>Szkolenie prowadzone jest online <strong>NA \u017bYWO <\/strong>za po\u015brednictwem clickmeeting, tak \u017ceby\u015b m\u00f3g\u0142\/mog\u0142a zada\u0107 ka\u017cde nurtuj\u0105ce Ci\u0119 pytanie i uzyska\u0107 na nie odpowied\u017a.<\/li>\n<li>Terminy szkole\u0144 podane s\u0105 w poni\u017cszym kalendarzu.<\/li>\n<li>Szkolenie na \u017cywo rusza przy grupie minimalnej 5 os\u00f3b. Je\u017celi op\u0142aci\u0142e\u015b ju\u017c kurs i chcesz mie\u0107 ju\u017c dost\u0119p do materia\u0142\u00f3w szkoleniowych napisz na adres email serwis@ironsky.pl<\/li>\n<li><strong>Mo\u017cesz odby\u0107 szkolenie na \u017cywo online (webinarium) w ustalonym terminie lub uzyska\u0107 dost\u0119p do nagranego szkolenia, kt\u00f3re przerobisz we w\u0142asnym tempie i czasie.<\/strong><\/li>\n<\/ul>\n<p><iframe style=\"border: solid 1px #777;\" src=\"https:\/\/calendar.google.com\/calendar\/embed?height=600&amp;wkst=2&amp;bgcolor=%23ffffff&amp;ctz=Europe%2FWarsaw&amp;showTz=0&amp;showCalendars=0&amp;showTabs=0&amp;showPrint=0&amp;src=YnA5cDYyZGdpMnBvYXBvb20wNDB1aHVwbW9AZ3JvdXAuY2FsZW5kYXIuZ29vZ2xlLmNvbQ&amp;color=%23616161\" width=\"800\" height=\"600\" frameborder=\"0\" scrolling=\"no\"><\/iframe><\/p>\n<h1>Co otrzymam po szkoleniu? Czy dostan\u0119 materia\u0142y szkoleniowe?<\/h1>\n<ul>\n<li>Tak, po uko\u0144czonym szkoleniu <strong>otrzymasz materia\u0142y, ebooka w pdf<\/strong> &#8211; tak, dok\u0142adnie ten sam, kt\u00f3ry b\u0119dzie na prezentacji na \u017cywo.<\/li>\n<li>Je\u015bli chcesz, to udost\u0119pnimy Ci te\u017c<strong> nagranie wideo ze szkolenia.<\/strong><\/li>\n<li>Kursanci mog\u0105 liczy\u0107 na <strong>zni\u017cki na ca\u0142\u0105 gam\u0119 produkt\u00f3w marki DJI i DJI Enterprise<\/strong> &#8211; IRONSKY jest autoryzowanym partnerem DJI w Polsce.<\/li>\n<\/ul>\n<p>&nbsp;<\/p>\n<h1>Nie kupuj kota w worku! Chcesz si\u0119 szkoli\u0107 nie wiadomo u kogo? Sprawd\u017a nas w Internecie przed zakupem i poczytaj opinie, nie mamy si\u0119 czego wstydzi\u0107.<\/h1>\n<p style=\"text-align: left;\">Przed zakupem szkolenia zawsze sprawd\u017a podmiot szkoleniowy, przeczytaj opinie by\u0142ych kursant\u00f3w o IRONSKY. Jeste\u015bmy renomowan\u0105 og\u00f3lnopolsk\u0105 plac\u00f3wk\u0105 szkoleniow\u0105, posiadamy wpis do rejestru Urz\u0119du Lotnictwa, ponadto spe\u0142niamy te\u017c wymogi Powiatowych i Wojew\u00f3dzkich Urz\u0119d\u00f3w Pracy by szkoli\u0107 bezrobotnych. Uzyskali\u015bmy r\u00f3wnie\u017c akredytacj\u0119 szkoleniow\u0105 Polskiej Agencji Rozwoju Przedsi\u0119biorczo\u015bci (PARP). W 2018 i 2019 roku wyborem Klient\u00f3w uzyskali\u015bmy statuetk\u0119 i wyr\u00f3\u017cnienie \u201eOr\u0142y Kszta\u0142cenia\u201d zajmuj\u0105c 3 miejsce spo\u015br\u00f3d kilku tysi\u0119cy firm szkoleniowych.\u00a0Prowadzimy kursy na drona w ca\u0142ej Polsce. <strong>Naszymi klientami s\u0105 normalni droniarze tacy jak Ty, mikro, ma\u0142e i \u015brednie przedsi\u0119biorstwa, ale te\u017c najwi\u0119ksze globalne korporacje, znane marki, bardzo cz\u0119sto te\u017c urz\u0119dy, podmioty i instytucje pa\u0144stwowe najwy\u017cszego zaufania publicznego jak np. s\u0142u\u017cby specjalne.<\/strong><\/p>\n<p>&nbsp;<\/p>\n<h2><strong style=\"font-size: 22px;\">SKONTAKTUJ SI\u0118 Z NAMI:<\/strong><\/h2>\n<p style=\"text-align: left;\">Zapraszamy na udane zakupy w IRONSKY. Napisz lub zadzwo\u0144 do Nas \ud83d\ude42 Ca\u0142y czas jeste\u015bmy do Twojej dyspozycji. Odbieramy telefony, odpisujemy na maile, przyje\u017cd\u017camy na spotkania. Komunikatywno\u015b\u0107 to Nasza \u017celazna zasada.<\/p>\n<p style=\"text-align: left;\">\u2709 Email: sklep@ironsky.pl<br \/>\n\u260e Kom\u00f3rka: 503-503-517<\/p>\n","protected":false},"excerpt":{"rendered":"<h2><span style=\"color: #000000;\"><strong><span style=\"color: #ff0000;\">DroNOWE prawo<\/span> 2024 s\u0142abo\u00a0wchodzi Ci do g\u0142owy?<\/strong><\/span><\/h2>\n<p><strong>Wprowadzone zmiany powoduj\u0105, \u017ce czujesz si\u0119 jak dziecko zagubione we mgle?<\/strong> Czytasz po kilka razy internetowe wpisy i nie wiesz ju\u017c co jest aktualne? Po co te ca\u0142e klasy dron\u00f3w? Jak w og\u00f3le mog\u0119 lata\u0107 dronem? Co to te A1, A2, A2, SNTS, STS? Jaki kurs na drona jest dla mnie? Czy musz\u0119 robi\u0107 szkolenie i egzamin? Jak teraz lata\u0107 zleceniowo? Jak zg\u0142osi\u0107 lot? Odpowiemy \ud83d\ude42<\/p>\n","protected":false},"featured_media":29820,"comment_status":"open","ping_status":"closed","template":"","meta":{"_acf_changed":false},"product_brand":[],"product_cat":[5567,5569,5571,5570,5564,6161,5750,5566,5568],"product_tag":[379,380,459,381,460,382,385,386,387,388,390,461,462,391,392,393,394],"class_list":{"0":"post-30103","1":"product","2":"type-product","3":"status-publish","4":"has-post-thumbnail","6":"product_cat-fotogrametria-z-drona","7":"product_cat-inspekcja-dronem","8":"product_cat-na-drony-rolnicze","9":"product_cat-termowizja-z-drona","10":"product_cat-kursy","11":"product_cat-nsts","12":"product_cat-podstawowe","13":"product_cat-specjalistyczne","14":"product_cat-sts","15":"product_tag-certyfikat-kompetencji","16":"product_tag-distance-learning","17":"product_tag-dronowe-prawo","18":"product_tag-elearning","19":"product_tag-klasy-dronow","20":"product_tag-kurs-na-drona","21":"product_tag-kurs-na-pilota-drona","22":"product_tag-kurs-uavo","23":"product_tag-kurs-vlos-online","24":"product_tag-licencja-na-drony","25":"product_tag-pilot-drona","26":"product_tag-prawo-dla-dronow-w-2024","27":"product_tag-prawo-lotnicze-drony-2024","28":"product_tag-swiadectwo-kwalifikacji","29":"product_tag-uavo","30":"product_tag-unijny-kurs-na-drona","31":"product_tag-vlos","32":"product_shipping_class-darmowa","33":"pa_cena-od-200-do-300-zl","34":"pa_podstawowy-kurs","36":"first","37":"outofstock","38":"sale","39":"virtual","40":"taxable","41":"purchasable","42":"product-type-simple"},"acf":[],"yoast_head":"<!-- This site is optimized with the Yoast SEO plugin v27.2 - https:\/\/yoast.com\/product\/yoast-seo-wordpress\/ -->\n<title>DroNowe Zmiany Prawne 2026 - Warsztaty dronowe - NOWE PRAWO LOTNICZE, A DRONY [KURS ONLINE] - IRONSKY.PL Sklep z Dronami<\/title>\n<meta name=\"description\" content=\"DroNowe Zmiany Prawne 2026 - Warsztaty dronowe - NOWE PRAWO LOTNICZE, A DRONY [KURS ONLINE] - \u2705 sklep z dronami i fachowym doradztwem. \u2705 Tutaj kupisz produkty DJI, Yuneec, Parrot, Syma i wiele innych, a tak\u017ce kursy i licencje na operatora drona.\" \/>\n<meta name=\"robots\" content=\"index, follow, max-snippet:-1, max-image-preview:large, max-video-preview:-1\" \/>\n<link rel=\"canonical\" href=\"https:\/\/ironsky.pl\/sklep\/produkt\/online-nowe-unijne-prawo-lotnicze-a-drony\/\" \/>\n<meta property=\"og:locale\" content=\"pl_PL\" \/>\n<meta property=\"og:type\" content=\"article\" \/>\n<meta property=\"og:title\" content=\"DroNowe Zmiany Prawne 2026 - Warsztaty dronowe - NOWE PRAWO LOTNICZE, A DRONY [KURS ONLINE] - IRONSKY.PL Sklep z Dronami\" \/>\n<meta property=\"og:description\" content=\"DroNowe Zmiany Prawne 2026 - Warsztaty dronowe - NOWE PRAWO LOTNICZE, A DRONY [KURS ONLINE] - \u2705 sklep z dronami i fachowym doradztwem. \u2705 Tutaj kupisz produkty DJI, Yuneec, Parrot, Syma i wiele innych, a tak\u017ce kursy i licencje na operatora drona.\" \/>\n<meta property=\"og:url\" content=\"https:\/\/ironsky.pl\/sklep\/produkt\/online-nowe-unijne-prawo-lotnicze-a-drony\/\" \/>\n<meta property=\"og:site_name\" content=\"IRONSKY.PL Sklep z Dronami\" \/>\n<meta property=\"article:modified_time\" content=\"2026-03-05T14:36:17+00:00\" \/>\n<meta property=\"og:image\" content=\"https:\/\/ironsky.pl\/sklep\/wp-content\/uploads\/2024\/10\/szkolenie-na-temat-zmian-w-przepisach-dronowych-w-2024-roku.png\" \/>\n\t<meta property=\"og:image:width\" content=\"1080\" \/>\n\t<meta property=\"og:image:height\" content=\"1080\" \/>\n\t<meta property=\"og:image:type\" content=\"image\/png\" \/>\n<meta name=\"twitter:card\" content=\"summary_large_image\" \/>\n<meta name=\"twitter:label1\" content=\"Szacowany czas czytania\" \/>\n\t<meta name=\"twitter:data1\" content=\"5 minut\" \/>\n<script type=\"application\/ld+json\" class=\"yoast-schema-graph\">{\"@context\":\"https:\/\/schema.org\",\"@graph\":[{\"@type\":\"WebPage\",\"@id\":\"https:\/\/ironsky.pl\/sklep\/produkt\/online-nowe-unijne-prawo-lotnicze-a-drony\/\",\"url\":\"https:\/\/ironsky.pl\/sklep\/produkt\/online-nowe-unijne-prawo-lotnicze-a-drony\/\",\"name\":\"DroNowe Zmiany Prawne 2026 - Warsztaty dronowe - NOWE PRAWO LOTNICZE, A DRONY [KURS ONLINE] - IRONSKY.PL Sklep z Dronami\",\"isPartOf\":{\"@id\":\"https:\/\/ironsky.pl\/sklep\/#website\"},\"primaryImageOfPage\":{\"@id\":\"https:\/\/ironsky.pl\/sklep\/produkt\/online-nowe-unijne-prawo-lotnicze-a-drony\/#primaryimage\"},\"image\":{\"@id\":\"https:\/\/ironsky.pl\/sklep\/produkt\/online-nowe-unijne-prawo-lotnicze-a-drony\/#primaryimage\"},\"thumbnailUrl\":\"https:\/\/ironsky.pl\/sklep\/wp-content\/uploads\/2024\/10\/szkolenie-na-temat-zmian-w-przepisach-dronowych-w-2024-roku.png\",\"datePublished\":\"2021-01-05T13:23:28+00:00\",\"dateModified\":\"2026-03-05T14:36:17+00:00\",\"description\":\"DroNowe Zmiany Prawne 2026 - Warsztaty dronowe - NOWE PRAWO LOTNICZE, A DRONY [KURS ONLINE] - \u2705 sklep z dronami i fachowym doradztwem. \u2705 Tutaj kupisz produkty DJI, Yuneec, Parrot, Syma i wiele innych, a tak\u017ce kursy i licencje na operatora drona.\",\"breadcrumb\":{\"@id\":\"https:\/\/ironsky.pl\/sklep\/produkt\/online-nowe-unijne-prawo-lotnicze-a-drony\/#breadcrumb\"},\"inLanguage\":\"pl-PL\",\"potentialAction\":[{\"@type\":\"ReadAction\",\"target\":[\"https:\/\/ironsky.pl\/sklep\/produkt\/online-nowe-unijne-prawo-lotnicze-a-drony\/\"]}]},{\"@type\":\"ImageObject\",\"inLanguage\":\"pl-PL\",\"@id\":\"https:\/\/ironsky.pl\/sklep\/produkt\/online-nowe-unijne-prawo-lotnicze-a-drony\/#primaryimage\",\"url\":\"https:\/\/ironsky.pl\/sklep\/wp-content\/uploads\/2024\/10\/szkolenie-na-temat-zmian-w-przepisach-dronowych-w-2024-roku.png\",\"contentUrl\":\"https:\/\/ironsky.pl\/sklep\/wp-content\/uploads\/2024\/10\/szkolenie-na-temat-zmian-w-przepisach-dronowych-w-2024-roku.png\",\"width\":1080,\"height\":1080},{\"@type\":\"BreadcrumbList\",\"@id\":\"https:\/\/ironsky.pl\/sklep\/produkt\/online-nowe-unijne-prawo-lotnicze-a-drony\/#breadcrumb\",\"itemListElement\":[{\"@type\":\"ListItem\",\"position\":1,\"name\":\"Strona g\u0142\u00f3wna\",\"item\":\"https:\/\/ironsky.pl\/sklep\/\"},{\"@type\":\"ListItem\",\"position\":2,\"name\":\"Wszystkie produkty\",\"item\":\"https:\/\/ironsky.pl\/sklep\/sklep\/\"},{\"@type\":\"ListItem\",\"position\":3,\"name\":\"DroNowe Zmiany Prawne 2026 &#8211; Warsztaty dronowe &#8211; NOWE PRAWO LOTNICZE, A DRONY [KURS ONLINE]\"}]},{\"@type\":\"WebSite\",\"@id\":\"https:\/\/ironsky.pl\/sklep\/#website\",\"url\":\"https:\/\/ironsky.pl\/sklep\/\",\"name\":\"IRONSKY.PL Sklep z Dronami\",\"description\":\"IRONSKY.PL Sklep z Dronami\",\"potentialAction\":[{\"@type\":\"SearchAction\",\"target\":{\"@type\":\"EntryPoint\",\"urlTemplate\":\"https:\/\/ironsky.pl\/sklep\/?s={search_term_string}\"},\"query-input\":{\"@type\":\"PropertyValueSpecification\",\"valueRequired\":true,\"valueName\":\"search_term_string\"}}],\"inLanguage\":\"pl-PL\"}]}<\/script>\n<!-- \/ Yoast SEO plugin. -->","yoast_head_json":{"title":"DroNowe Zmiany Prawne 2026 - Warsztaty dronowe - NOWE PRAWO LOTNICZE, A DRONY [KURS ONLINE] - IRONSKY.PL Sklep z Dronami","description":"DroNowe Zmiany Prawne 2026 - Warsztaty dronowe - NOWE PRAWO LOTNICZE, A DRONY [KURS ONLINE] - \u2705 sklep z dronami i fachowym doradztwem. \u2705 Tutaj kupisz produkty DJI, Yuneec, Parrot, Syma i wiele innych, a tak\u017ce kursy i licencje na operatora drona.","robots":{"index":"index","follow":"follow","max-snippet":"max-snippet:-1","max-image-preview":"max-image-preview:large","max-video-preview":"max-video-preview:-1"},"canonical":"https:\/\/ironsky.pl\/sklep\/produkt\/online-nowe-unijne-prawo-lotnicze-a-drony\/","og_locale":"pl_PL","og_type":"article","og_title":"DroNowe Zmiany Prawne 2026 - Warsztaty dronowe - NOWE PRAWO LOTNICZE, A DRONY [KURS ONLINE] - IRONSKY.PL Sklep z Dronami","og_description":"DroNowe Zmiany Prawne 2026 - Warsztaty dronowe - NOWE PRAWO LOTNICZE, A DRONY [KURS ONLINE] - \u2705 sklep z dronami i fachowym doradztwem. \u2705 Tutaj kupisz produkty DJI, Yuneec, Parrot, Syma i wiele innych, a tak\u017ce kursy i licencje na operatora drona.","og_url":"https:\/\/ironsky.pl\/sklep\/produkt\/online-nowe-unijne-prawo-lotnicze-a-drony\/","og_site_name":"IRONSKY.PL Sklep z Dronami","article_modified_time":"2026-03-05T14:36:17+00:00","og_image":[{"width":1080,"height":1080,"url":"https:\/\/ironsky.pl\/sklep\/wp-content\/uploads\/2024\/10\/szkolenie-na-temat-zmian-w-przepisach-dronowych-w-2024-roku.png","type":"image\/png"}],"twitter_card":"summary_large_image","twitter_misc":{"Szacowany czas czytania":"5 minut"},"schema":{"@context":"https:\/\/schema.org","@graph":[{"@type":"WebPage","@id":"https:\/\/ironsky.pl\/sklep\/produkt\/online-nowe-unijne-prawo-lotnicze-a-drony\/","url":"https:\/\/ironsky.pl\/sklep\/produkt\/online-nowe-unijne-prawo-lotnicze-a-drony\/","name":"DroNowe Zmiany Prawne 2026 - Warsztaty dronowe - NOWE PRAWO LOTNICZE, A DRONY [KURS ONLINE] - IRONSKY.PL Sklep z Dronami","isPartOf":{"@id":"https:\/\/ironsky.pl\/sklep\/#website"},"primaryImageOfPage":{"@id":"https:\/\/ironsky.pl\/sklep\/produkt\/online-nowe-unijne-prawo-lotnicze-a-drony\/#primaryimage"},"image":{"@id":"https:\/\/ironsky.pl\/sklep\/produkt\/online-nowe-unijne-prawo-lotnicze-a-drony\/#primaryimage"},"thumbnailUrl":"https:\/\/ironsky.pl\/sklep\/wp-content\/uploads\/2024\/10\/szkolenie-na-temat-zmian-w-przepisach-dronowych-w-2024-roku.png","datePublished":"2021-01-05T13:23:28+00:00","dateModified":"2026-03-05T14:36:17+00:00","description":"DroNowe Zmiany Prawne 2026 - Warsztaty dronowe - NOWE PRAWO LOTNICZE, A DRONY [KURS ONLINE] - \u2705 sklep z dronami i fachowym doradztwem. \u2705 Tutaj kupisz produkty DJI, Yuneec, Parrot, Syma i wiele innych, a tak\u017ce kursy i licencje na operatora drona.","breadcrumb":{"@id":"https:\/\/ironsky.pl\/sklep\/produkt\/online-nowe-unijne-prawo-lotnicze-a-drony\/#breadcrumb"},"inLanguage":"pl-PL","potentialAction":[{"@type":"ReadAction","target":["https:\/\/ironsky.pl\/sklep\/produkt\/online-nowe-unijne-prawo-lotnicze-a-drony\/"]}]},{"@type":"ImageObject","inLanguage":"pl-PL","@id":"https:\/\/ironsky.pl\/sklep\/produkt\/online-nowe-unijne-prawo-lotnicze-a-drony\/#primaryimage","url":"https:\/\/ironsky.pl\/sklep\/wp-content\/uploads\/2024\/10\/szkolenie-na-temat-zmian-w-przepisach-dronowych-w-2024-roku.png","contentUrl":"https:\/\/ironsky.pl\/sklep\/wp-content\/uploads\/2024\/10\/szkolenie-na-temat-zmian-w-przepisach-dronowych-w-2024-roku.png","width":1080,"height":1080},{"@type":"BreadcrumbList","@id":"https:\/\/ironsky.pl\/sklep\/produkt\/online-nowe-unijne-prawo-lotnicze-a-drony\/#breadcrumb","itemListElement":[{"@type":"ListItem","position":1,"name":"Strona g\u0142\u00f3wna","item":"https:\/\/ironsky.pl\/sklep\/"},{"@type":"ListItem","position":2,"name":"Wszystkie produkty","item":"https:\/\/ironsky.pl\/sklep\/sklep\/"},{"@type":"ListItem","position":3,"name":"DroNowe Zmiany Prawne 2026 &#8211; Warsztaty dronowe &#8211; NOWE PRAWO LOTNICZE, A DRONY [KURS ONLINE]"}]},{"@type":"WebSite","@id":"https:\/\/ironsky.pl\/sklep\/#website","url":"https:\/\/ironsky.pl\/sklep\/","name":"IRONSKY.PL Sklep z Dronami","description":"IRONSKY.PL Sklep z Dronami","potentialAction":[{"@type":"SearchAction","target":{"@type":"EntryPoint","urlTemplate":"https:\/\/ironsky.pl\/sklep\/?s={search_term_string}"},"query-input":{"@type":"PropertyValueSpecification","valueRequired":true,"valueName":"search_term_string"}}],"inLanguage":"pl-PL"}]}},"_links":{"self":[{"href":"https:\/\/ironsky.pl\/sklep\/wp-json\/wp\/v2\/product\/30103","targetHints":{"allow":["GET"]}}],"collection":[{"href":"https:\/\/ironsky.pl\/sklep\/wp-json\/wp\/v2\/product"}],"about":[{"href":"https:\/\/ironsky.pl\/sklep\/wp-json\/wp\/v2\/types\/product"}],"replies":[{"embeddable":true,"href":"https:\/\/ironsky.pl\/sklep\/wp-json\/wp\/v2\/comments?post=30103"}],"wp:featuredmedia":[{"embeddable":true,"href":"https:\/\/ironsky.pl\/sklep\/wp-json\/wp\/v2\/media\/29820"}],"wp:attachment":[{"href":"https:\/\/ironsky.pl\/sklep\/wp-json\/wp\/v2\/media?parent=30103"}],"wp:term":[{"taxonomy":"product_brand","embeddable":true,"href":"https:\/\/ironsky.pl\/sklep\/wp-json\/wp\/v2\/product_brand?post=30103"},{"taxonomy":"product_cat","embeddable":true,"href":"https:\/\/ironsky.pl\/sklep\/wp-json\/wp\/v2\/product_cat?post=30103"},{"taxonomy":"product_tag","embeddable":true,"href":"https:\/\/ironsky.pl\/sklep\/wp-json\/wp\/v2\/product_tag?post=30103"}],"curies":[{"name":"wp","href":"https:\/\/api.w.org\/{rel}","templated":true}]}}