{"id":30101,"date":"2020-04-02T10:16:54","date_gmt":"2020-04-02T08:16:54","guid":{"rendered":"http:\/\/gvshalph.pro-linuxpl.com\/ironskyprodukty\/produkt\/loty-bvlos-dodatkowa-1-godzina-praktyki-z-instruktorem\/"},"modified":"2026-03-05T15:36:17","modified_gmt":"2026-03-05T14:36:17","slug":"loty-bvlos-dodatkowa-1-godzina-praktyki-z-instruktorem","status":"publish","type":"product","link":"https:\/\/ironsky.pl\/sklep\/produkt\/loty-bvlos-dodatkowa-1-godzina-praktyki-z-instruktorem\/","title":{"rendered":"[1H] PRAKTYKA BVLOS \u2013 Dodatkowa Godzina Lot\u00f3w Poza Zasi\u0119giem Wzroku z Instruktorem"},"content":{"rendered":"<p>&nbsp;<\/p>\n<h2><span style=\"color: #d0121a\"><strong>WIESZ CO KUPUJESZ!<\/strong><\/span><\/h2>\n<p>&nbsp;<\/p>\n<ul>\n<li>Termin lot\u00f3w umawiany jest indywidualnie i uwzgl\u0119dnia warunki meteorologiczne.<\/li>\n<li>W cenie jest wynajem drona szkoleniowego IRONSKY oraz godzina indywidualnych lot\u00f3w z instruktorem UAVO.<\/li>\n<li>Dotyczy wy\u0142\u0105cznie lot\u00f3w na l\u0105dowisku IRONSKY w Buku pod Poznaniem.<\/li>\n<\/ul>\n<h2 style=\"text-align: left\"><\/h2>\n<p><img decoding=\"async\" class=\" size-full wp-image-296\" style=\"margin-left: auto;margin-right: auto\" src=\"https:\/\/ironsky.pl\/drony-sklep\/wp-content\/uploads\/2024\/10\/3-IRON-SKY-IRONSKY-PL-szkolenie-na-operatora-drona-w-Poznaniu-kurs-na-drony-z-egzaminem-f93-scaled-3.jpg\" alt=\"\" width=\"600\" height=\"451\" \/><\/p>\n<h2 style=\"text-align: left\"><strong>SZKOLENIE PRAKTYCZNE BVLOS<\/strong><\/h2>\n<p style=\"text-align: left\">Dbamy o mark\u0119 &#8211; szkolenia i warsztaty prowadzone s\u0105 z najwy\u017csz\u0105 staranno\u015bci\u0105 przez ekspert\u00f3w w dziedzinie prawa lotniczego, in\u017cynier\u00f3w i konstruktor\u00f3w bezza\u0142ogowych statk\u00f3w powietrznych, wi\u0119c \u017cadne pytanie nie pozostaje bez odpowiedzi. Kadr\u0119 stanowi\u0105 do\u015bwiadczeni instruktorzy z uprawnieniami INS UAVO, kt\u00f3rzy od lat s\u0105 zwi\u0105zani z dronami zawodowo i hobbystycznie tworz\u0105c aktywnie bran\u017c\u0119 RPAS w Polsce. Firma IRONSKY jest plac\u00f3wk\u0105 szkolenia lotniczego zarejestrowan\u0105 w Urz\u0119dzie Lotnictwa Cywilnego pod numerem 186RPS-04\/2016 i prowadzi szkolenia UAVO w ca\u0142ej Polsce.<\/p>\n<p style=\"text-align: left\"><strong>Jako oficjalny dealer DJI, DJI Enterprise oraz Yuneec Commercial Partner<\/strong> zapewniamy Naszym Kursantom konkurencyjne oferty na drony i akcesoria ze zni\u017ckami.<\/p>\n<p style=\"text-align: left\">Szkolimy operator\u00f3w dron\u00f3w ju\u017c prawie 5 lat, dzi\u0119ki Nam legalnie lataj\u0105 ju\u017c setki wykwalifikowanych operator\u00f3w dron\u00f3w w<strong> Polsce! Szkolili\u015bmy m.in. Polskie S\u0142u\u017cby Specjalne, Wojsko Polskie, Stra\u017c Graniczn\u0105, Stra\u017c Po\u017carn\u0105, Policj\u0119, CB\u015a, Stra\u017c Miejsk\u0105, TVN, Polsat,<\/strong> operator\u00f3w kamer z telewizji, dziennikarzy, kadry menad\u017cerskie, in\u017cynier\u00f3w i naukowc\u00f3w, przedsi\u0119biorc\u00f3w, fotograf\u00f3w, hobbyst\u00f3w. Stworzyli\u015bmy dla Allegro &#8222;Stref\u0119 Dron\u00f3w&#8221; na Woodstocku\u00a0oraz w trakcie Allegro Tech Days. Nasi Instruktorzy wielokrotnie wypowiadali si\u0119 w mediach w roli eksperta ds. dron\u00f3w np. <strong>Fakty TVN, czy FORBES.<\/strong><\/p>\n<p style=\"text-align: center\"><img decoding=\"async\" class=\" size-full wp-image-294\" style=\"margin-left: auto;margin-right: auto\" src=\"https:\/\/ironsky.pl\/drony-sklep\/wp-content\/uploads\/2024\/10\/Techno-Strefa-Iron-Sky-Wywiad-Drony-i-szkoleniach-na-operatora-drona-UAVO-licencja-na-drona-106-2.jpg\" alt=\"\" width=\"600\" height=\"400\" \/><\/p>\n<h2 style=\"text-align: left\"><\/h2>\n<h2 style=\"text-align: left\"><\/h2>\n<h2 style=\"text-align: left\"><strong>NIE KUPUJ KOTA W WORKU &#8211; SPRAWD\u0179 NAS!<\/strong><\/h2>\n<p style=\"text-align: left\">Przed zakupem szkolenia sprawd\u017a podmiot szkoleniowy, przeczytaj opinie by\u0142ych kursant\u00f3w o IRONSKY. Jeste\u015bmy og\u00f3lnopolsk\u0105 plac\u00f3wk\u0105 szkoleniow\u0105, posiadamy wpis do rejestru Urz\u0119du Lotnictwa Cywilnego 186RPS-04\/2016, ponadto spe\u0142niamy te\u017c wymogi Powiatowych i Wojew\u00f3dzkich Urz\u0119d\u00f3w Pracy by szkoli\u0107 bezrobotnych. Uzyskali\u015bmy r\u00f3wnie\u017c akredytacj\u0119 szkoleniow\u0105 Polskiej Agencji Rozwoju Przedsi\u0119biorczo\u015bci. W 2018 roku wyborem Klient\u00f3w uzyskali\u015bmy statuetk\u0119 i wyr\u00f3\u017cnienie <strong>\u201eOr\u0142y Kszta\u0142cenia\u201d<\/strong> zajmuj\u0105c 3 miejsce spo\u015br\u00f3d kilku tysi\u0119cy firm szkoleniowych.\u00a0<strong>Prowadzimy kursy na drona w ca\u0142ej Polsce, a w szczeg\u00f3lno\u015bci w Poznaniu, Warszawie, \u0141odzi, Olsztynie, Lublinie, Gdyni, Wroc\u0142awiu i Krakowie.<\/strong><\/p>\n<p style=\"text-align: center\"><img decoding=\"async\" class=\" size-full wp-image-295\" style=\"margin-left: auto;margin-right: auto\" src=\"https:\/\/ironsky.pl\/drony-sklep\/wp-content\/uploads\/2024\/10\/Szkolenia-na-drony-w-calej-Polsce-IRON-SKY-3ce-2.jpg\" alt=\"\" width=\"600\" height=\"499\" \/><\/p>\n<h2><strong>TERMINY SZKOLE\u0143:<\/strong><\/h2>\n<p><span style=\"color: #d0121a\"><strong>Szkolenia odbywaj\u0105 si\u0119 indywidualnie po wcze\u015bniejszym kontakcie z IRONSKY.<\/strong><\/span><\/p>\n<h2><strong>SKONTAKTUJ SI\u0118 Z NAMI:<\/strong><\/h2>\n<p>Zapraszamy na udane zakupy w IRONSKY. Napisz lub zadzwo\u0144 do Nas \ud83d\ude42 Ca\u0142y czas jeste\u015bmy do Twojej dyspozycji. Odbieramy telefony, odpisujemy na maile, przyje\u017cd\u017camy na spotkania. Komunikatywno\u015b\u0107 to Nasza \u017celazna zasada.<\/p>\n<p>\u2709 Email: biuro@ironsky.pl<br \/>\n\u260e Darek: 519-410-610<br \/>\n\u260e Kuba: 663-944-151<\/p>\n<p style=\"text-align: center\"><img decoding=\"async\" class=\" size-full wp-image-298\" src=\"https:\/\/ironsky.pl\/drony-sklep\/wp-content\/uploads\/2024\/10\/1-IRON-SKY-IRONSKY-PL-szkolenie-na-operatora-drona-w-Poznaniu-kurs-na-drony-z-egzaminem-345-scaled-3.jpg\" alt=\"\" width=\"600\" height=\"450\" \/><\/p>\n<h2><\/h2>\n<h2><\/h2>\n<h2><\/h2>\n<h2><\/h2>\n<h2><strong>GALERIA:<\/strong><\/h2>\n<p><img decoding=\"async\" class=\" size-full wp-image-304\" src=\"https:\/\/ironsky.pl\/drony-sklep\/wp-content\/uploads\/2024\/10\/Dyplom-Orly-Ksztalcenia-Orly-biznesu-poziomo-fd1-scaled-3.jpg\" alt=\"\" width=\"600\" height=\"421\" \/><\/p>\n<p><img decoding=\"async\" class=\" size-full wp-image-305\" src=\"https:\/\/ironsky.pl\/drony-sklep\/wp-content\/uploads\/2024\/10\/Wpis-do-rejestru-podmiotow-szkoleniowych-Urzedu-Lotnictwa-Cywilnego-081-2.jpg\" alt=\"\" width=\"600\" height=\"856\" \/><\/p>\n<p><video width=\"746\" height=\"497\"><\/video><\/p>\n<p><video width=\"800\" height=\"400\"><\/video><\/p>\n","protected":false},"excerpt":{"rendered":"<h1 style=\"text-align: left\"><span style=\"color: #d0121a\">Polatamy?<\/span><\/h1>\n<p>Chcesz powt\u00f3rzy\u0107 \u0107wiczenia przed egzaminem? Nie masz sprz\u0119tu, a chcesz polata\u0107? Potrzebujesz wsparcia? Chcesz odby\u0107 sw\u00f3j pierwszy lot dronem pod okiem do\u015bwiadczonego instruktora dronowego? Wybierz ilo\u015b\u0107 godzin i dodaj do koszyka. Skontaktujemy si\u0119, aby ustali\u0107 dogodny termin lot\u00f3w.<\/p>\n","protected":false},"featured_media":29808,"comment_status":"open","ping_status":"closed","template":"","meta":{"_acf_changed":false},"product_brand":[],"product_cat":[5564,5566],"product_tag":[382,386,388,391,392,394],"class_list":{"0":"post-30101","1":"product","2":"type-product","3":"status-publish","4":"has-post-thumbnail","6":"product_cat-kursy","7":"product_cat-specjalistyczne","8":"product_tag-kurs-na-drona","9":"product_tag-kurs-uavo","10":"product_tag-licencja-na-drony","11":"product_tag-swiadectwo-kwalifikacji","12":"product_tag-uavo","13":"product_tag-vlos","14":"product_shipping_class-darmowa","16":"first","17":"instock","18":"virtual","19":"taxable","20":"purchasable","21":"product-type-simple"},"acf":[],"yoast_head":"<!-- This site is optimized with the Yoast SEO plugin v27.2 - https:\/\/yoast.com\/product\/yoast-seo-wordpress\/ -->\n<title>[1H] PRAKTYKA BVLOS \u2013 Dodatkowa Godzina Lot\u00f3w Poza Zasi\u0119giem Wzroku z Instruktorem - IRONSKY.PL Sklep z Dronami<\/title>\n<meta name=\"description\" content=\"[1H] PRAKTYKA BVLOS \u2013 Dodatkowa Godzina Lot\u00f3w Poza Zasi\u0119giem Wzroku z Instruktorem - \u2705 sklep z dronami i fachowym doradztwem. \u2705 Tutaj kupisz produkty DJI, Yuneec, Parrot, Syma i wiele innych, a tak\u017ce kursy i licencje na operatora drona.\" \/>\n<meta name=\"robots\" content=\"index, follow, max-snippet:-1, max-image-preview:large, max-video-preview:-1\" \/>\n<link rel=\"canonical\" href=\"https:\/\/ironsky.pl\/sklep\/produkt\/loty-bvlos-dodatkowa-1-godzina-praktyki-z-instruktorem\/\" \/>\n<meta property=\"og:locale\" content=\"pl_PL\" \/>\n<meta property=\"og:type\" content=\"article\" \/>\n<meta property=\"og:title\" content=\"[1H] PRAKTYKA BVLOS \u2013 Dodatkowa Godzina Lot\u00f3w Poza Zasi\u0119giem Wzroku z Instruktorem - IRONSKY.PL Sklep z Dronami\" \/>\n<meta property=\"og:description\" content=\"[1H] PRAKTYKA BVLOS \u2013 Dodatkowa Godzina Lot\u00f3w Poza Zasi\u0119giem Wzroku z Instruktorem - \u2705 sklep z dronami i fachowym doradztwem. \u2705 Tutaj kupisz produkty DJI, Yuneec, Parrot, Syma i wiele innych, a tak\u017ce kursy i licencje na operatora drona.\" \/>\n<meta property=\"og:url\" content=\"https:\/\/ironsky.pl\/sklep\/produkt\/loty-bvlos-dodatkowa-1-godzina-praktyki-z-instruktorem\/\" \/>\n<meta property=\"og:site_name\" content=\"IRONSKY.PL Sklep z Dronami\" \/>\n<meta property=\"article:modified_time\" content=\"2026-03-05T14:36:17+00:00\" \/>\n<meta property=\"og:image\" content=\"https:\/\/ironsky.pl\/sklep\/wp-content\/uploads\/2024\/10\/13397-thickbox_default-6d9-Szkolenie-UAVO-VLOS-uprawnienia-na-drona-w-zasiegu-wzroku.jpg\" \/>\n\t<meta property=\"og:image:width\" content=\"800\" \/>\n\t<meta property=\"og:image:height\" content=\"800\" \/>\n\t<meta property=\"og:image:type\" content=\"image\/jpeg\" \/>\n<meta name=\"twitter:card\" content=\"summary_large_image\" \/>\n<meta name=\"twitter:label1\" content=\"Szacowany czas czytania\" \/>\n\t<meta name=\"twitter:data1\" content=\"4 minuty\" \/>\n<script type=\"application\/ld+json\" class=\"yoast-schema-graph\">{\"@context\":\"https:\/\/schema.org\",\"@graph\":[{\"@type\":\"WebPage\",\"@id\":\"https:\/\/ironsky.pl\/sklep\/produkt\/loty-bvlos-dodatkowa-1-godzina-praktyki-z-instruktorem\/\",\"url\":\"https:\/\/ironsky.pl\/sklep\/produkt\/loty-bvlos-dodatkowa-1-godzina-praktyki-z-instruktorem\/\",\"name\":\"[1H] PRAKTYKA BVLOS \u2013 Dodatkowa Godzina Lot\u00f3w Poza Zasi\u0119giem Wzroku z Instruktorem - IRONSKY.PL Sklep z Dronami\",\"isPartOf\":{\"@id\":\"https:\/\/ironsky.pl\/sklep\/#website\"},\"primaryImageOfPage\":{\"@id\":\"https:\/\/ironsky.pl\/sklep\/produkt\/loty-bvlos-dodatkowa-1-godzina-praktyki-z-instruktorem\/#primaryimage\"},\"image\":{\"@id\":\"https:\/\/ironsky.pl\/sklep\/produkt\/loty-bvlos-dodatkowa-1-godzina-praktyki-z-instruktorem\/#primaryimage\"},\"thumbnailUrl\":\"https:\/\/ironsky.pl\/sklep\/wp-content\/uploads\/2024\/10\/13397-thickbox_default-6d9-Szkolenie-UAVO-VLOS-uprawnienia-na-drona-w-zasiegu-wzroku.jpg\",\"datePublished\":\"2020-04-02T08:16:54+00:00\",\"dateModified\":\"2026-03-05T14:36:17+00:00\",\"description\":\"[1H] PRAKTYKA BVLOS \u2013 Dodatkowa Godzina Lot\u00f3w Poza Zasi\u0119giem Wzroku z Instruktorem - \u2705 sklep z dronami i fachowym doradztwem. \u2705 Tutaj kupisz produkty DJI, Yuneec, Parrot, Syma i wiele innych, a tak\u017ce kursy i licencje na operatora drona.\",\"breadcrumb\":{\"@id\":\"https:\/\/ironsky.pl\/sklep\/produkt\/loty-bvlos-dodatkowa-1-godzina-praktyki-z-instruktorem\/#breadcrumb\"},\"inLanguage\":\"pl-PL\",\"potentialAction\":[{\"@type\":\"ReadAction\",\"target\":[\"https:\/\/ironsky.pl\/sklep\/produkt\/loty-bvlos-dodatkowa-1-godzina-praktyki-z-instruktorem\/\"]}]},{\"@type\":\"ImageObject\",\"inLanguage\":\"pl-PL\",\"@id\":\"https:\/\/ironsky.pl\/sklep\/produkt\/loty-bvlos-dodatkowa-1-godzina-praktyki-z-instruktorem\/#primaryimage\",\"url\":\"https:\/\/ironsky.pl\/sklep\/wp-content\/uploads\/2024\/10\/13397-thickbox_default-6d9-Szkolenie-UAVO-VLOS-uprawnienia-na-drona-w-zasiegu-wzroku.jpg\",\"contentUrl\":\"https:\/\/ironsky.pl\/sklep\/wp-content\/uploads\/2024\/10\/13397-thickbox_default-6d9-Szkolenie-UAVO-VLOS-uprawnienia-na-drona-w-zasiegu-wzroku.jpg\",\"width\":800,\"height\":800},{\"@type\":\"BreadcrumbList\",\"@id\":\"https:\/\/ironsky.pl\/sklep\/produkt\/loty-bvlos-dodatkowa-1-godzina-praktyki-z-instruktorem\/#breadcrumb\",\"itemListElement\":[{\"@type\":\"ListItem\",\"position\":1,\"name\":\"Strona g\u0142\u00f3wna\",\"item\":\"https:\/\/ironsky.pl\/sklep\/\"},{\"@type\":\"ListItem\",\"position\":2,\"name\":\"Wszystkie produkty\",\"item\":\"https:\/\/ironsky.pl\/sklep\/sklep\/\"},{\"@type\":\"ListItem\",\"position\":3,\"name\":\"[1H] PRAKTYKA BVLOS \u2013 Dodatkowa Godzina Lot\u00f3w Poza Zasi\u0119giem Wzroku z Instruktorem\"}]},{\"@type\":\"WebSite\",\"@id\":\"https:\/\/ironsky.pl\/sklep\/#website\",\"url\":\"https:\/\/ironsky.pl\/sklep\/\",\"name\":\"IRONSKY.PL Sklep z Dronami\",\"description\":\"IRONSKY.PL Sklep z Dronami\",\"potentialAction\":[{\"@type\":\"SearchAction\",\"target\":{\"@type\":\"EntryPoint\",\"urlTemplate\":\"https:\/\/ironsky.pl\/sklep\/?s={search_term_string}\"},\"query-input\":{\"@type\":\"PropertyValueSpecification\",\"valueRequired\":true,\"valueName\":\"search_term_string\"}}],\"inLanguage\":\"pl-PL\"}]}<\/script>\n<!-- \/ Yoast SEO plugin. -->","yoast_head_json":{"title":"[1H] PRAKTYKA BVLOS \u2013 Dodatkowa Godzina Lot\u00f3w Poza Zasi\u0119giem Wzroku z Instruktorem - IRONSKY.PL Sklep z Dronami","description":"[1H] PRAKTYKA BVLOS \u2013 Dodatkowa Godzina Lot\u00f3w Poza Zasi\u0119giem Wzroku z Instruktorem - \u2705 sklep z dronami i fachowym doradztwem. \u2705 Tutaj kupisz produkty DJI, Yuneec, Parrot, Syma i wiele innych, a tak\u017ce kursy i licencje na operatora drona.","robots":{"index":"index","follow":"follow","max-snippet":"max-snippet:-1","max-image-preview":"max-image-preview:large","max-video-preview":"max-video-preview:-1"},"canonical":"https:\/\/ironsky.pl\/sklep\/produkt\/loty-bvlos-dodatkowa-1-godzina-praktyki-z-instruktorem\/","og_locale":"pl_PL","og_type":"article","og_title":"[1H] PRAKTYKA BVLOS \u2013 Dodatkowa Godzina Lot\u00f3w Poza Zasi\u0119giem Wzroku z Instruktorem - IRONSKY.PL Sklep z Dronami","og_description":"[1H] PRAKTYKA BVLOS \u2013 Dodatkowa Godzina Lot\u00f3w Poza Zasi\u0119giem Wzroku z Instruktorem - \u2705 sklep z dronami i fachowym doradztwem. \u2705 Tutaj kupisz produkty DJI, Yuneec, Parrot, Syma i wiele innych, a tak\u017ce kursy i licencje na operatora drona.","og_url":"https:\/\/ironsky.pl\/sklep\/produkt\/loty-bvlos-dodatkowa-1-godzina-praktyki-z-instruktorem\/","og_site_name":"IRONSKY.PL Sklep z Dronami","article_modified_time":"2026-03-05T14:36:17+00:00","og_image":[{"width":800,"height":800,"url":"https:\/\/ironsky.pl\/sklep\/wp-content\/uploads\/2024\/10\/13397-thickbox_default-6d9-Szkolenie-UAVO-VLOS-uprawnienia-na-drona-w-zasiegu-wzroku.jpg","type":"image\/jpeg"}],"twitter_card":"summary_large_image","twitter_misc":{"Szacowany czas czytania":"4 minuty"},"schema":{"@context":"https:\/\/schema.org","@graph":[{"@type":"WebPage","@id":"https:\/\/ironsky.pl\/sklep\/produkt\/loty-bvlos-dodatkowa-1-godzina-praktyki-z-instruktorem\/","url":"https:\/\/ironsky.pl\/sklep\/produkt\/loty-bvlos-dodatkowa-1-godzina-praktyki-z-instruktorem\/","name":"[1H] PRAKTYKA BVLOS \u2013 Dodatkowa Godzina Lot\u00f3w Poza Zasi\u0119giem Wzroku z Instruktorem - IRONSKY.PL Sklep z Dronami","isPartOf":{"@id":"https:\/\/ironsky.pl\/sklep\/#website"},"primaryImageOfPage":{"@id":"https:\/\/ironsky.pl\/sklep\/produkt\/loty-bvlos-dodatkowa-1-godzina-praktyki-z-instruktorem\/#primaryimage"},"image":{"@id":"https:\/\/ironsky.pl\/sklep\/produkt\/loty-bvlos-dodatkowa-1-godzina-praktyki-z-instruktorem\/#primaryimage"},"thumbnailUrl":"https:\/\/ironsky.pl\/sklep\/wp-content\/uploads\/2024\/10\/13397-thickbox_default-6d9-Szkolenie-UAVO-VLOS-uprawnienia-na-drona-w-zasiegu-wzroku.jpg","datePublished":"2020-04-02T08:16:54+00:00","dateModified":"2026-03-05T14:36:17+00:00","description":"[1H] PRAKTYKA BVLOS \u2013 Dodatkowa Godzina Lot\u00f3w Poza Zasi\u0119giem Wzroku z Instruktorem - \u2705 sklep z dronami i fachowym doradztwem. \u2705 Tutaj kupisz produkty DJI, Yuneec, Parrot, Syma i wiele innych, a tak\u017ce kursy i licencje na operatora drona.","breadcrumb":{"@id":"https:\/\/ironsky.pl\/sklep\/produkt\/loty-bvlos-dodatkowa-1-godzina-praktyki-z-instruktorem\/#breadcrumb"},"inLanguage":"pl-PL","potentialAction":[{"@type":"ReadAction","target":["https:\/\/ironsky.pl\/sklep\/produkt\/loty-bvlos-dodatkowa-1-godzina-praktyki-z-instruktorem\/"]}]},{"@type":"ImageObject","inLanguage":"pl-PL","@id":"https:\/\/ironsky.pl\/sklep\/produkt\/loty-bvlos-dodatkowa-1-godzina-praktyki-z-instruktorem\/#primaryimage","url":"https:\/\/ironsky.pl\/sklep\/wp-content\/uploads\/2024\/10\/13397-thickbox_default-6d9-Szkolenie-UAVO-VLOS-uprawnienia-na-drona-w-zasiegu-wzroku.jpg","contentUrl":"https:\/\/ironsky.pl\/sklep\/wp-content\/uploads\/2024\/10\/13397-thickbox_default-6d9-Szkolenie-UAVO-VLOS-uprawnienia-na-drona-w-zasiegu-wzroku.jpg","width":800,"height":800},{"@type":"BreadcrumbList","@id":"https:\/\/ironsky.pl\/sklep\/produkt\/loty-bvlos-dodatkowa-1-godzina-praktyki-z-instruktorem\/#breadcrumb","itemListElement":[{"@type":"ListItem","position":1,"name":"Strona g\u0142\u00f3wna","item":"https:\/\/ironsky.pl\/sklep\/"},{"@type":"ListItem","position":2,"name":"Wszystkie produkty","item":"https:\/\/ironsky.pl\/sklep\/sklep\/"},{"@type":"ListItem","position":3,"name":"[1H] PRAKTYKA BVLOS \u2013 Dodatkowa Godzina Lot\u00f3w Poza Zasi\u0119giem Wzroku z Instruktorem"}]},{"@type":"WebSite","@id":"https:\/\/ironsky.pl\/sklep\/#website","url":"https:\/\/ironsky.pl\/sklep\/","name":"IRONSKY.PL Sklep z Dronami","description":"IRONSKY.PL Sklep z Dronami","potentialAction":[{"@type":"SearchAction","target":{"@type":"EntryPoint","urlTemplate":"https:\/\/ironsky.pl\/sklep\/?s={search_term_string}"},"query-input":{"@type":"PropertyValueSpecification","valueRequired":true,"valueName":"search_term_string"}}],"inLanguage":"pl-PL"}]}},"_links":{"self":[{"href":"https:\/\/ironsky.pl\/sklep\/wp-json\/wp\/v2\/product\/30101","targetHints":{"allow":["GET"]}}],"collection":[{"href":"https:\/\/ironsky.pl\/sklep\/wp-json\/wp\/v2\/product"}],"about":[{"href":"https:\/\/ironsky.pl\/sklep\/wp-json\/wp\/v2\/types\/product"}],"replies":[{"embeddable":true,"href":"https:\/\/ironsky.pl\/sklep\/wp-json\/wp\/v2\/comments?post=30101"}],"wp:featuredmedia":[{"embeddable":true,"href":"https:\/\/ironsky.pl\/sklep\/wp-json\/wp\/v2\/media\/29808"}],"wp:attachment":[{"href":"https:\/\/ironsky.pl\/sklep\/wp-json\/wp\/v2\/media?parent=30101"}],"wp:term":[{"taxonomy":"product_brand","embeddable":true,"href":"https:\/\/ironsky.pl\/sklep\/wp-json\/wp\/v2\/product_brand?post=30101"},{"taxonomy":"product_cat","embeddable":true,"href":"https:\/\/ironsky.pl\/sklep\/wp-json\/wp\/v2\/product_cat?post=30101"},{"taxonomy":"product_tag","embeddable":true,"href":"https:\/\/ironsky.pl\/sklep\/wp-json\/wp\/v2\/product_tag?post=30101"}],"curies":[{"name":"wp","href":"https:\/\/api.w.org\/{rel}","templated":true}]}}