{"id":29643,"date":"2024-09-16T20:56:08","date_gmt":"2024-09-16T18:56:08","guid":{"rendered":"http:\/\/gvshalph.pro-linuxpl.com\/ironskyprodukty\/produkt\/akumulator-gens-ace-8000mah-14-8v-100c-4s2p-lipo-pack\/"},"modified":"2026-05-03T03:04:31","modified_gmt":"2026-05-03T01:04:31","slug":"akumulator-gens-ace-8000mah-14-8v-100c-4s2p-lipo-pack","status":"publish","type":"product","link":"https:\/\/ironsky.pl\/sklep\/produkt\/akumulator-gens-ace-8000mah-14-8v-100c-4s2p-lipo-pack\/","title":{"rendered":"Akumulator Gens ace 8000mAh 14.8V 100C 4S2P Lipo Pack"},"content":{"rendered":"<h3>Gens ace 8000mAh 14.8V 100C 4S2P Lipo Battery Pack<\/h3>\n<p>Akumulator Gens Ace to akumulator litowo-polimerowy, dostosowany do specyficznych potrzeb pojazd\u00f3w ARRMA. Z jego pojemno\u015bci\u0105 8000 mAh i napi\u0119ciem 14,8 V, zapewnia d\u0142ugotrwa\u0142e zasilanie i optymalizacj\u0119 wydajno\u015bci. Wa\u017c\u0105cy 740 g akumulator ma wymiary 157 \u00d7 55 \u00d7 42 mm, co umo\u017cliwia \u0142atwe umieszczenie w standardowych szufladach akumulatorowych. Dodatkow\u0105 zalet\u0105 jest u\u017cycie wtyczki r\u00f3wnowa\u017c\u0105cej JST-XHR oraz wtyczki wy\u0142adowczej EC5, kt\u00f3re zwi\u0119kszaj\u0105 kompatybilno\u015b\u0107 i efektywno\u015b\u0107 u\u017cytkowania. Obudowa wykonana z kombinacji PC i gumy silikonowej oferuje podw\u00f3jn\u0105 ochron\u0119, co nie tylko zabezpiecza akumulator przed uszkodzeniami mechanicznymi, ale tak\u017ce poprawia stabilno\u015b\u0107 jego mocowania w pojazdach.<\/p>\n<p>\n<img decoding=\"async\" border=\"0\" src=\"https:\/\/assets.innpro.pl\/6019\/7055\/1.jpg\"\/>\n<\/p>\n<div class=\"table-wrapper\">\n<p>\u00a0<\/p>\n<h3><\/h3>\n<table>\n<tbody>\n<tr>\n<th>Producent <\/th>\n<td>Gens Ace<\/td>\n<\/tr>\n<tr>\n<th>Model<\/th>\n<td>GEA8K4S10E5GT<\/td>\n<\/tr>\n<tr>\n<th>Pojemno\u015b\u0107<\/th>\n<td>8000 mAh<\/td>\n<\/tr>\n<tr>\n<th>Napi\u0119cie <\/th>\n<td>14,8 V<\/td>\n<\/tr>\n<tr>\n<th>Waga <\/th>\n<td>740 g<\/td>\n<\/tr>\n<tr>\n<th>Wymiary <\/th>\n<td>157 \u00d7 55 \u00d7 42 mm<\/td>\n<\/tr>\n<tr>\n<th>Wtyczka r\u00f3wnowa\u017c\u0105ca<\/th>\n<td>JST-XHR<\/td>\n<\/tr>\n<tr>\n<th>Wtyczka wy\u0142adowcza<\/th>\n<td>EC5<\/td>\n<\/tr>\n<\/tbody>\n<\/table>\n<\/div>\n","protected":false},"excerpt":{"rendered":"<p>Gens ace 8000mAh 14.8V 100C 4S2P Lipo Battery Pack Akumulator Gens Ace to akumulator litowo-polimerowy, dostosowany do specyficznych potrzeb pojazd\u00f3w<\/p>\n","protected":false},"featured_media":29644,"comment_status":"closed","ping_status":"open","template":"","meta":{"_acf_changed":false},"product_brand":[],"product_cat":[1183,1182,1169],"product_tag":[],"class_list":{"0":"post-29643","1":"product","2":"type-product","3":"status-publish","4":"has-post-thumbnail","6":"product_cat-litowe-i-nimh","7":"product_cat-akumulatory","8":"product_cat-modele-rc","9":"pa_box-height-1465","10":"pa_box-length-3760","11":"pa_box-width-1439","12":"pa_gross-weight-5366","13":"pa_napiecie-v-14-8","14":"pa_net-weight-5365","15":"pa_pojemnosc-mah-2700","16":"pa_prad-rozladowania-c-2679","17":"pa_waga-netto-g-5368","19":"first","20":"instock","21":"taxable","22":"shipping-taxable","23":"purchasable","24":"product-type-simple"},"acf":[],"yoast_head":"<!-- This site is optimized with the Yoast SEO plugin v27.2 - https:\/\/yoast.com\/product\/yoast-seo-wordpress\/ -->\n<title>Akumulator Gens ace 8000mAh 14.8V 100C 4S2P Lipo Pack - IRONSKY.PL Sklep z Dronami<\/title>\n<meta name=\"description\" content=\"Akumulator Gens ace 8000mAh 14.8V 100C 4S2P Lipo Pack - \u2705 sklep z dronami i fachowym doradztwem. \u2705 Tutaj kupisz produkty DJI, Yuneec, Parrot, Syma i wiele innych, a tak\u017ce kursy i licencje na operatora drona.\" \/>\n<meta name=\"robots\" content=\"index, follow, max-snippet:-1, max-image-preview:large, max-video-preview:-1\" \/>\n<link rel=\"canonical\" href=\"https:\/\/ironsky.pl\/sklep\/produkt\/akumulator-gens-ace-8000mah-14-8v-100c-4s2p-lipo-pack\/\" \/>\n<meta property=\"og:locale\" content=\"pl_PL\" \/>\n<meta property=\"og:type\" content=\"article\" \/>\n<meta property=\"og:title\" content=\"Akumulator Gens ace 8000mAh 14.8V 100C 4S2P Lipo Pack - IRONSKY.PL Sklep z Dronami\" \/>\n<meta property=\"og:description\" content=\"Akumulator Gens ace 8000mAh 14.8V 100C 4S2P Lipo Pack - \u2705 sklep z dronami i fachowym doradztwem. \u2705 Tutaj kupisz produkty DJI, Yuneec, Parrot, Syma i wiele innych, a tak\u017ce kursy i licencje na operatora drona.\" \/>\n<meta property=\"og:url\" content=\"https:\/\/ironsky.pl\/sklep\/produkt\/akumulator-gens-ace-8000mah-14-8v-100c-4s2p-lipo-pack\/\" \/>\n<meta property=\"og:site_name\" content=\"IRONSKY.PL Sklep z Dronami\" \/>\n<meta property=\"article:modified_time\" content=\"2026-05-03T01:04:31+00:00\" \/>\n<meta property=\"og:image\" content=\"https:\/\/ironsky.pl\/sklep\/wp-content\/uploads\/2024\/09\/43124_1.jpg\" \/>\n\t<meta property=\"og:image:width\" content=\"800\" \/>\n\t<meta property=\"og:image:height\" content=\"800\" \/>\n\t<meta property=\"og:image:type\" content=\"image\/jpeg\" \/>\n<meta name=\"twitter:card\" content=\"summary_large_image\" \/>\n<meta name=\"twitter:label1\" content=\"Szacowany czas czytania\" \/>\n\t<meta name=\"twitter:data1\" content=\"1 minuta\" \/>\n<script type=\"application\/ld+json\" class=\"yoast-schema-graph\">{\"@context\":\"https:\/\/schema.org\",\"@graph\":[{\"@type\":\"WebPage\",\"@id\":\"https:\/\/ironsky.pl\/sklep\/produkt\/akumulator-gens-ace-8000mah-14-8v-100c-4s2p-lipo-pack\/\",\"url\":\"https:\/\/ironsky.pl\/sklep\/produkt\/akumulator-gens-ace-8000mah-14-8v-100c-4s2p-lipo-pack\/\",\"name\":\"Akumulator Gens ace 8000mAh 14.8V 100C 4S2P Lipo Pack - IRONSKY.PL Sklep z Dronami\",\"isPartOf\":{\"@id\":\"https:\/\/ironsky.pl\/sklep\/#website\"},\"primaryImageOfPage\":{\"@id\":\"https:\/\/ironsky.pl\/sklep\/produkt\/akumulator-gens-ace-8000mah-14-8v-100c-4s2p-lipo-pack\/#primaryimage\"},\"image\":{\"@id\":\"https:\/\/ironsky.pl\/sklep\/produkt\/akumulator-gens-ace-8000mah-14-8v-100c-4s2p-lipo-pack\/#primaryimage\"},\"thumbnailUrl\":\"https:\/\/ironsky.pl\/sklep\/wp-content\/uploads\/2024\/09\/43124_1.jpg\",\"datePublished\":\"2024-09-16T18:56:08+00:00\",\"dateModified\":\"2026-05-03T01:04:31+00:00\",\"description\":\"Akumulator Gens ace 8000mAh 14.8V 100C 4S2P Lipo Pack - \u2705 sklep z dronami i fachowym doradztwem. \u2705 Tutaj kupisz produkty DJI, Yuneec, Parrot, Syma i wiele innych, a tak\u017ce kursy i licencje na operatora drona.\",\"breadcrumb\":{\"@id\":\"https:\/\/ironsky.pl\/sklep\/produkt\/akumulator-gens-ace-8000mah-14-8v-100c-4s2p-lipo-pack\/#breadcrumb\"},\"inLanguage\":\"pl-PL\",\"potentialAction\":[{\"@type\":\"ReadAction\",\"target\":[\"https:\/\/ironsky.pl\/sklep\/produkt\/akumulator-gens-ace-8000mah-14-8v-100c-4s2p-lipo-pack\/\"]}]},{\"@type\":\"ImageObject\",\"inLanguage\":\"pl-PL\",\"@id\":\"https:\/\/ironsky.pl\/sklep\/produkt\/akumulator-gens-ace-8000mah-14-8v-100c-4s2p-lipo-pack\/#primaryimage\",\"url\":\"https:\/\/ironsky.pl\/sklep\/wp-content\/uploads\/2024\/09\/43124_1.jpg\",\"contentUrl\":\"https:\/\/ironsky.pl\/sklep\/wp-content\/uploads\/2024\/09\/43124_1.jpg\",\"width\":800,\"height\":800},{\"@type\":\"BreadcrumbList\",\"@id\":\"https:\/\/ironsky.pl\/sklep\/produkt\/akumulator-gens-ace-8000mah-14-8v-100c-4s2p-lipo-pack\/#breadcrumb\",\"itemListElement\":[{\"@type\":\"ListItem\",\"position\":1,\"name\":\"Strona g\u0142\u00f3wna\",\"item\":\"https:\/\/ironsky.pl\/sklep\/\"},{\"@type\":\"ListItem\",\"position\":2,\"name\":\"Wszystkie produkty\",\"item\":\"https:\/\/ironsky.pl\/sklep\/produkty\/\"},{\"@type\":\"ListItem\",\"position\":3,\"name\":\"Akumulator Gens ace 8000mAh 14.8V 100C 4S2P Lipo Pack\"}]},{\"@type\":\"WebSite\",\"@id\":\"https:\/\/ironsky.pl\/sklep\/#website\",\"url\":\"https:\/\/ironsky.pl\/sklep\/\",\"name\":\"IRONSKY.PL Sklep z Dronami\",\"description\":\"IRONSKY.PL Sklep z Dronami\",\"potentialAction\":[{\"@type\":\"SearchAction\",\"target\":{\"@type\":\"EntryPoint\",\"urlTemplate\":\"https:\/\/ironsky.pl\/sklep\/?s={search_term_string}\"},\"query-input\":{\"@type\":\"PropertyValueSpecification\",\"valueRequired\":true,\"valueName\":\"search_term_string\"}}],\"inLanguage\":\"pl-PL\"}]}<\/script>\n<!-- \/ Yoast SEO plugin. -->","yoast_head_json":{"title":"Akumulator Gens ace 8000mAh 14.8V 100C 4S2P Lipo Pack - IRONSKY.PL Sklep z Dronami","description":"Akumulator Gens ace 8000mAh 14.8V 100C 4S2P Lipo Pack - \u2705 sklep z dronami i fachowym doradztwem. \u2705 Tutaj kupisz produkty DJI, Yuneec, Parrot, Syma i wiele innych, a tak\u017ce kursy i licencje na operatora drona.","robots":{"index":"index","follow":"follow","max-snippet":"max-snippet:-1","max-image-preview":"max-image-preview:large","max-video-preview":"max-video-preview:-1"},"canonical":"https:\/\/ironsky.pl\/sklep\/produkt\/akumulator-gens-ace-8000mah-14-8v-100c-4s2p-lipo-pack\/","og_locale":"pl_PL","og_type":"article","og_title":"Akumulator Gens ace 8000mAh 14.8V 100C 4S2P Lipo Pack - IRONSKY.PL Sklep z Dronami","og_description":"Akumulator Gens ace 8000mAh 14.8V 100C 4S2P Lipo Pack - \u2705 sklep z dronami i fachowym doradztwem. \u2705 Tutaj kupisz produkty DJI, Yuneec, Parrot, Syma i wiele innych, a tak\u017ce kursy i licencje na operatora drona.","og_url":"https:\/\/ironsky.pl\/sklep\/produkt\/akumulator-gens-ace-8000mah-14-8v-100c-4s2p-lipo-pack\/","og_site_name":"IRONSKY.PL Sklep z Dronami","article_modified_time":"2026-05-03T01:04:31+00:00","og_image":[{"width":800,"height":800,"url":"https:\/\/ironsky.pl\/sklep\/wp-content\/uploads\/2024\/09\/43124_1.jpg","type":"image\/jpeg"}],"twitter_card":"summary_large_image","twitter_misc":{"Szacowany czas czytania":"1 minuta"},"schema":{"@context":"https:\/\/schema.org","@graph":[{"@type":"WebPage","@id":"https:\/\/ironsky.pl\/sklep\/produkt\/akumulator-gens-ace-8000mah-14-8v-100c-4s2p-lipo-pack\/","url":"https:\/\/ironsky.pl\/sklep\/produkt\/akumulator-gens-ace-8000mah-14-8v-100c-4s2p-lipo-pack\/","name":"Akumulator Gens ace 8000mAh 14.8V 100C 4S2P Lipo Pack - IRONSKY.PL Sklep z Dronami","isPartOf":{"@id":"https:\/\/ironsky.pl\/sklep\/#website"},"primaryImageOfPage":{"@id":"https:\/\/ironsky.pl\/sklep\/produkt\/akumulator-gens-ace-8000mah-14-8v-100c-4s2p-lipo-pack\/#primaryimage"},"image":{"@id":"https:\/\/ironsky.pl\/sklep\/produkt\/akumulator-gens-ace-8000mah-14-8v-100c-4s2p-lipo-pack\/#primaryimage"},"thumbnailUrl":"https:\/\/ironsky.pl\/sklep\/wp-content\/uploads\/2024\/09\/43124_1.jpg","datePublished":"2024-09-16T18:56:08+00:00","dateModified":"2026-05-03T01:04:31+00:00","description":"Akumulator Gens ace 8000mAh 14.8V 100C 4S2P Lipo Pack - \u2705 sklep z dronami i fachowym doradztwem. \u2705 Tutaj kupisz produkty DJI, Yuneec, Parrot, Syma i wiele innych, a tak\u017ce kursy i licencje na operatora drona.","breadcrumb":{"@id":"https:\/\/ironsky.pl\/sklep\/produkt\/akumulator-gens-ace-8000mah-14-8v-100c-4s2p-lipo-pack\/#breadcrumb"},"inLanguage":"pl-PL","potentialAction":[{"@type":"ReadAction","target":["https:\/\/ironsky.pl\/sklep\/produkt\/akumulator-gens-ace-8000mah-14-8v-100c-4s2p-lipo-pack\/"]}]},{"@type":"ImageObject","inLanguage":"pl-PL","@id":"https:\/\/ironsky.pl\/sklep\/produkt\/akumulator-gens-ace-8000mah-14-8v-100c-4s2p-lipo-pack\/#primaryimage","url":"https:\/\/ironsky.pl\/sklep\/wp-content\/uploads\/2024\/09\/43124_1.jpg","contentUrl":"https:\/\/ironsky.pl\/sklep\/wp-content\/uploads\/2024\/09\/43124_1.jpg","width":800,"height":800},{"@type":"BreadcrumbList","@id":"https:\/\/ironsky.pl\/sklep\/produkt\/akumulator-gens-ace-8000mah-14-8v-100c-4s2p-lipo-pack\/#breadcrumb","itemListElement":[{"@type":"ListItem","position":1,"name":"Strona g\u0142\u00f3wna","item":"https:\/\/ironsky.pl\/sklep\/"},{"@type":"ListItem","position":2,"name":"Wszystkie produkty","item":"https:\/\/ironsky.pl\/sklep\/produkty\/"},{"@type":"ListItem","position":3,"name":"Akumulator Gens ace 8000mAh 14.8V 100C 4S2P Lipo Pack"}]},{"@type":"WebSite","@id":"https:\/\/ironsky.pl\/sklep\/#website","url":"https:\/\/ironsky.pl\/sklep\/","name":"IRONSKY.PL Sklep z Dronami","description":"IRONSKY.PL Sklep z Dronami","potentialAction":[{"@type":"SearchAction","target":{"@type":"EntryPoint","urlTemplate":"https:\/\/ironsky.pl\/sklep\/?s={search_term_string}"},"query-input":{"@type":"PropertyValueSpecification","valueRequired":true,"valueName":"search_term_string"}}],"inLanguage":"pl-PL"}]}},"_links":{"self":[{"href":"https:\/\/ironsky.pl\/sklep\/wp-json\/wp\/v2\/product\/29643","targetHints":{"allow":["GET"]}}],"collection":[{"href":"https:\/\/ironsky.pl\/sklep\/wp-json\/wp\/v2\/product"}],"about":[{"href":"https:\/\/ironsky.pl\/sklep\/wp-json\/wp\/v2\/types\/product"}],"replies":[{"embeddable":true,"href":"https:\/\/ironsky.pl\/sklep\/wp-json\/wp\/v2\/comments?post=29643"}],"wp:featuredmedia":[{"embeddable":true,"href":"https:\/\/ironsky.pl\/sklep\/wp-json\/wp\/v2\/media\/29644"}],"wp:attachment":[{"href":"https:\/\/ironsky.pl\/sklep\/wp-json\/wp\/v2\/media?parent=29643"}],"wp:term":[{"taxonomy":"product_brand","embeddable":true,"href":"https:\/\/ironsky.pl\/sklep\/wp-json\/wp\/v2\/product_brand?post=29643"},{"taxonomy":"product_cat","embeddable":true,"href":"https:\/\/ironsky.pl\/sklep\/wp-json\/wp\/v2\/product_cat?post=29643"},{"taxonomy":"product_tag","embeddable":true,"href":"https:\/\/ironsky.pl\/sklep\/wp-json\/wp\/v2\/product_tag?post=29643"}],"curies":[{"name":"wp","href":"https:\/\/api.w.org\/{rel}","templated":true}]}}