{"id":29594,"date":"2024-09-16T20:56:08","date_gmt":"2024-09-16T18:56:08","guid":{"rendered":"http:\/\/gvshalph.pro-linuxpl.com\/ironskyprodukty\/produkt\/akumulator-tattu-11-1v-15c-3s-10000mah-lipo-z-konektorem-ec5\/"},"modified":"2026-03-05T15:54:16","modified_gmt":"2026-03-05T14:54:16","slug":"akumulator-tattu-11-1v-15c-3s-10000mah-lipo-z-konektorem-ec5","status":"publish","type":"product","link":"https:\/\/ironsky.pl\/sklep\/produkt\/akumulator-tattu-11-1v-15c-3s-10000mah-lipo-z-konektorem-ec5\/","title":{"rendered":"Akumulator Tattu 11.1V 15C 3S 10000mAh Lipo z konektorem EC5"},"content":{"rendered":"<h3>Akumulator Tattu 11.1V 15C 3S 10000mAh Lipo<\/h3>\n<p>Akumulator Tattu 11.1V 15C 3S 10000mAh LiPo to solidne \u017ar\u00f3d\u0142o zasilania dla r\u00f3\u017cnorodnych zastosowa\u0144. Oferuje pojemno\u015b\u0107 10000mAh i napi\u0119cie 11.1V. Maksymalne ci\u0105g\u0142e roz\u0142adowanie wynosi 15C (150A), z maksymalnym roz\u0142adowaniem skokowym (Max Burst Discharge) 30C (300A), co zapewnia odpowiedni\u0105 moc nawet w intensywnych sytuacjach. Jest odpowiedni dla r\u00f3\u017cnych profesjonalnych zastosowa\u0144, w tym do dron\u00f3w i innych urz\u0105dze\u0144 UAV. Posiada wtyczk\u0119 balansuj\u0105c\u0105 JST-XHR oraz wtyczk\u0119 roz\u0142adowania EC5, a zalecana szybko\u015b\u0107 \u0142adowania wynosi od 1 do 3C, z maksymalnym zalecanym u\u017cyciem 5C, co zapewnia bezpieczne i skuteczne \u0142adowanie. Do \u0142adowania zalecana jest \u0142adowarka dwukana\u0142owa Tattu TA1000 G-Tech 25A*2 1000W do akumulator\u00f3w 1S-7S.<\/p>\n<p>\n<img decoding=\"async\" src=\"https:\/\/assets.innpro.pl\/6378\/7473\/1.jpg\" border=\"0\" \/>\n<\/p>\n<div class=\"table-wrapper\">\n<p>\u00a0<\/p>\n<h3><\/h3>\n<table>\n<tbody>\n<tr>\n<th>Producent<\/th>\n<td>Gens Ace<\/td>\n<\/tr>\n<tr>\n<th>Model<\/th>\n<td>TAA10K3S15E5<\/td>\n<\/tr>\n<tr>\n<th>Pojemno\u015b\u0107<\/th>\n<td>10000mAh<\/td>\n<\/tr>\n<tr>\n<th>Napi\u0119cie<\/th>\n<td>11,1 V<\/td>\n<\/tr>\n<tr>\n<th>Maksymalne ci\u0105g\u0142e roz\u0142adowanie<\/th>\n<td>15C (150A)<\/td>\n<\/tr>\n<tr>\n<th>Max Burst Discharge<\/th>\n<td>30C (300A)<\/td>\n<\/tr>\n<tr>\n<th>Waga <\/th>\n<td>595 g<\/td>\n<\/tr>\n<tr>\n<th>Wymiary<\/th>\n<td>165 \u00d7 65 \u00d7 31 mm<\/td>\n<\/tr>\n<tr>\n<th>Wtyczka balansuj\u0105ca<\/th>\n<td>JST-XHR<\/td>\n<\/tr>\n<tr>\n<th>Wtyczka roz\u0142adowania<\/th>\n<td>EC5<\/td>\n<\/tr>\n<tr>\n<th>Szybko\u015b\u0107 \u0142adowania<\/th>\n<td>Zalecane 1-3C, maks. 5C<\/td>\n<\/tr>\n<\/tbody>\n<\/table>\n<\/div>\n","protected":false},"excerpt":{"rendered":"<p>Akumulator Tattu 11.1V 15C 3S 10000mAh Lipo Akumulator Tattu 11.1V 15C 3S 10000mAh LiPo to solidne \u017ar\u00f3d\u0142o zasilania dla r\u00f3\u017cnorodnych<\/p>\n","protected":false},"featured_media":29595,"comment_status":"closed","ping_status":"open","template":"","meta":{"_acf_changed":false},"product_brand":[],"product_cat":[1183,1182,1169],"product_tag":[],"class_list":{"0":"post-29594","1":"product","2":"type-product","3":"status-publish","4":"has-post-thumbnail","6":"product_cat-litowe-i-nimh","7":"product_cat-akumulatory","8":"product_cat-modele-rc","9":"pa_box-height-2966","10":"pa_box-length-1410","11":"pa_box-width-1382","12":"pa_gross-weight-1965","13":"pa_napiecie-v-11-1","14":"pa_net-weight-5301","15":"pa_pojemnosc-mah-3167","16":"pa_prad-rozladowania-c-1430","17":"pa_waga-netto-g-5303","19":"first","20":"outofstock","21":"taxable","22":"shipping-taxable","23":"purchasable","24":"product-type-simple"},"acf":[],"yoast_head":"<!-- This site is optimized with the Yoast SEO plugin v27.2 - https:\/\/yoast.com\/product\/yoast-seo-wordpress\/ -->\n<title>Akumulator Tattu 11.1V 15C 3S 10000mAh Lipo z konektorem EC5 - IRONSKY.PL Sklep z Dronami<\/title>\n<meta name=\"description\" content=\"Akumulator Tattu 11.1V 15C 3S 10000mAh Lipo z konektorem EC5 - \u2705 sklep z dronami i fachowym doradztwem. \u2705 Tutaj kupisz produkty DJI, Yuneec, Parrot, Syma i wiele innych, a tak\u017ce kursy i licencje na operatora drona.\" \/>\n<meta name=\"robots\" content=\"index, follow, max-snippet:-1, max-image-preview:large, max-video-preview:-1\" \/>\n<link rel=\"canonical\" href=\"https:\/\/ironsky.pl\/sklep\/produkt\/akumulator-tattu-11-1v-15c-3s-10000mah-lipo-z-konektorem-ec5\/\" \/>\n<meta property=\"og:locale\" content=\"pl_PL\" \/>\n<meta property=\"og:type\" content=\"article\" \/>\n<meta property=\"og:title\" content=\"Akumulator Tattu 11.1V 15C 3S 10000mAh Lipo z konektorem EC5 - IRONSKY.PL Sklep z Dronami\" \/>\n<meta property=\"og:description\" content=\"Akumulator Tattu 11.1V 15C 3S 10000mAh Lipo z konektorem EC5 - \u2705 sklep z dronami i fachowym doradztwem. \u2705 Tutaj kupisz produkty DJI, Yuneec, Parrot, Syma i wiele innych, a tak\u017ce kursy i licencje na operatora drona.\" \/>\n<meta property=\"og:url\" content=\"https:\/\/ironsky.pl\/sklep\/produkt\/akumulator-tattu-11-1v-15c-3s-10000mah-lipo-z-konektorem-ec5\/\" \/>\n<meta property=\"og:site_name\" content=\"IRONSKY.PL Sklep z Dronami\" \/>\n<meta property=\"article:modified_time\" content=\"2026-03-05T14:54:16+00:00\" \/>\n<meta property=\"og:image\" content=\"https:\/\/ironsky.pl\/sklep\/wp-content\/uploads\/2024\/09\/42842_3.jpg\" \/>\n\t<meta property=\"og:image:width\" content=\"800\" \/>\n\t<meta property=\"og:image:height\" content=\"800\" \/>\n\t<meta property=\"og:image:type\" content=\"image\/jpeg\" \/>\n<meta name=\"twitter:card\" content=\"summary_large_image\" \/>\n<meta name=\"twitter:label1\" content=\"Szacowany czas czytania\" \/>\n\t<meta name=\"twitter:data1\" content=\"1 minuta\" \/>\n<script type=\"application\/ld+json\" class=\"yoast-schema-graph\">{\"@context\":\"https:\/\/schema.org\",\"@graph\":[{\"@type\":\"WebPage\",\"@id\":\"https:\/\/ironsky.pl\/sklep\/produkt\/akumulator-tattu-11-1v-15c-3s-10000mah-lipo-z-konektorem-ec5\/\",\"url\":\"https:\/\/ironsky.pl\/sklep\/produkt\/akumulator-tattu-11-1v-15c-3s-10000mah-lipo-z-konektorem-ec5\/\",\"name\":\"Akumulator Tattu 11.1V 15C 3S 10000mAh Lipo z konektorem EC5 - IRONSKY.PL Sklep z Dronami\",\"isPartOf\":{\"@id\":\"https:\/\/ironsky.pl\/sklep\/#website\"},\"primaryImageOfPage\":{\"@id\":\"https:\/\/ironsky.pl\/sklep\/produkt\/akumulator-tattu-11-1v-15c-3s-10000mah-lipo-z-konektorem-ec5\/#primaryimage\"},\"image\":{\"@id\":\"https:\/\/ironsky.pl\/sklep\/produkt\/akumulator-tattu-11-1v-15c-3s-10000mah-lipo-z-konektorem-ec5\/#primaryimage\"},\"thumbnailUrl\":\"https:\/\/ironsky.pl\/sklep\/wp-content\/uploads\/2024\/09\/42842_3.jpg\",\"datePublished\":\"2024-09-16T18:56:08+00:00\",\"dateModified\":\"2026-03-05T14:54:16+00:00\",\"description\":\"Akumulator Tattu 11.1V 15C 3S 10000mAh Lipo z konektorem EC5 - \u2705 sklep z dronami i fachowym doradztwem. \u2705 Tutaj kupisz produkty DJI, Yuneec, Parrot, Syma i wiele innych, a tak\u017ce kursy i licencje na operatora drona.\",\"breadcrumb\":{\"@id\":\"https:\/\/ironsky.pl\/sklep\/produkt\/akumulator-tattu-11-1v-15c-3s-10000mah-lipo-z-konektorem-ec5\/#breadcrumb\"},\"inLanguage\":\"pl-PL\",\"potentialAction\":[{\"@type\":\"ReadAction\",\"target\":[\"https:\/\/ironsky.pl\/sklep\/produkt\/akumulator-tattu-11-1v-15c-3s-10000mah-lipo-z-konektorem-ec5\/\"]}]},{\"@type\":\"ImageObject\",\"inLanguage\":\"pl-PL\",\"@id\":\"https:\/\/ironsky.pl\/sklep\/produkt\/akumulator-tattu-11-1v-15c-3s-10000mah-lipo-z-konektorem-ec5\/#primaryimage\",\"url\":\"https:\/\/ironsky.pl\/sklep\/wp-content\/uploads\/2024\/09\/42842_3.jpg\",\"contentUrl\":\"https:\/\/ironsky.pl\/sklep\/wp-content\/uploads\/2024\/09\/42842_3.jpg\",\"width\":800,\"height\":800},{\"@type\":\"BreadcrumbList\",\"@id\":\"https:\/\/ironsky.pl\/sklep\/produkt\/akumulator-tattu-11-1v-15c-3s-10000mah-lipo-z-konektorem-ec5\/#breadcrumb\",\"itemListElement\":[{\"@type\":\"ListItem\",\"position\":1,\"name\":\"Strona g\u0142\u00f3wna\",\"item\":\"https:\/\/ironsky.pl\/sklep\/\"},{\"@type\":\"ListItem\",\"position\":2,\"name\":\"Wszystkie produkty\",\"item\":\"https:\/\/ironsky.pl\/sklep\/produkty\/\"},{\"@type\":\"ListItem\",\"position\":3,\"name\":\"Akumulator Tattu 11.1V 15C 3S 10000mAh Lipo z konektorem EC5\"}]},{\"@type\":\"WebSite\",\"@id\":\"https:\/\/ironsky.pl\/sklep\/#website\",\"url\":\"https:\/\/ironsky.pl\/sklep\/\",\"name\":\"IRONSKY.PL Sklep z Dronami\",\"description\":\"IRONSKY.PL Sklep z Dronami\",\"potentialAction\":[{\"@type\":\"SearchAction\",\"target\":{\"@type\":\"EntryPoint\",\"urlTemplate\":\"https:\/\/ironsky.pl\/sklep\/?s={search_term_string}\"},\"query-input\":{\"@type\":\"PropertyValueSpecification\",\"valueRequired\":true,\"valueName\":\"search_term_string\"}}],\"inLanguage\":\"pl-PL\"}]}<\/script>\n<!-- \/ Yoast SEO plugin. -->","yoast_head_json":{"title":"Akumulator Tattu 11.1V 15C 3S 10000mAh Lipo z konektorem EC5 - IRONSKY.PL Sklep z Dronami","description":"Akumulator Tattu 11.1V 15C 3S 10000mAh Lipo z konektorem EC5 - \u2705 sklep z dronami i fachowym doradztwem. \u2705 Tutaj kupisz produkty DJI, Yuneec, Parrot, Syma i wiele innych, a tak\u017ce kursy i licencje na operatora drona.","robots":{"index":"index","follow":"follow","max-snippet":"max-snippet:-1","max-image-preview":"max-image-preview:large","max-video-preview":"max-video-preview:-1"},"canonical":"https:\/\/ironsky.pl\/sklep\/produkt\/akumulator-tattu-11-1v-15c-3s-10000mah-lipo-z-konektorem-ec5\/","og_locale":"pl_PL","og_type":"article","og_title":"Akumulator Tattu 11.1V 15C 3S 10000mAh Lipo z konektorem EC5 - IRONSKY.PL Sklep z Dronami","og_description":"Akumulator Tattu 11.1V 15C 3S 10000mAh Lipo z konektorem EC5 - \u2705 sklep z dronami i fachowym doradztwem. \u2705 Tutaj kupisz produkty DJI, Yuneec, Parrot, Syma i wiele innych, a tak\u017ce kursy i licencje na operatora drona.","og_url":"https:\/\/ironsky.pl\/sklep\/produkt\/akumulator-tattu-11-1v-15c-3s-10000mah-lipo-z-konektorem-ec5\/","og_site_name":"IRONSKY.PL Sklep z Dronami","article_modified_time":"2026-03-05T14:54:16+00:00","og_image":[{"width":800,"height":800,"url":"https:\/\/ironsky.pl\/sklep\/wp-content\/uploads\/2024\/09\/42842_3.jpg","type":"image\/jpeg"}],"twitter_card":"summary_large_image","twitter_misc":{"Szacowany czas czytania":"1 minuta"},"schema":{"@context":"https:\/\/schema.org","@graph":[{"@type":"WebPage","@id":"https:\/\/ironsky.pl\/sklep\/produkt\/akumulator-tattu-11-1v-15c-3s-10000mah-lipo-z-konektorem-ec5\/","url":"https:\/\/ironsky.pl\/sklep\/produkt\/akumulator-tattu-11-1v-15c-3s-10000mah-lipo-z-konektorem-ec5\/","name":"Akumulator Tattu 11.1V 15C 3S 10000mAh Lipo z konektorem EC5 - IRONSKY.PL Sklep z Dronami","isPartOf":{"@id":"https:\/\/ironsky.pl\/sklep\/#website"},"primaryImageOfPage":{"@id":"https:\/\/ironsky.pl\/sklep\/produkt\/akumulator-tattu-11-1v-15c-3s-10000mah-lipo-z-konektorem-ec5\/#primaryimage"},"image":{"@id":"https:\/\/ironsky.pl\/sklep\/produkt\/akumulator-tattu-11-1v-15c-3s-10000mah-lipo-z-konektorem-ec5\/#primaryimage"},"thumbnailUrl":"https:\/\/ironsky.pl\/sklep\/wp-content\/uploads\/2024\/09\/42842_3.jpg","datePublished":"2024-09-16T18:56:08+00:00","dateModified":"2026-03-05T14:54:16+00:00","description":"Akumulator Tattu 11.1V 15C 3S 10000mAh Lipo z konektorem EC5 - \u2705 sklep z dronami i fachowym doradztwem. \u2705 Tutaj kupisz produkty DJI, Yuneec, Parrot, Syma i wiele innych, a tak\u017ce kursy i licencje na operatora drona.","breadcrumb":{"@id":"https:\/\/ironsky.pl\/sklep\/produkt\/akumulator-tattu-11-1v-15c-3s-10000mah-lipo-z-konektorem-ec5\/#breadcrumb"},"inLanguage":"pl-PL","potentialAction":[{"@type":"ReadAction","target":["https:\/\/ironsky.pl\/sklep\/produkt\/akumulator-tattu-11-1v-15c-3s-10000mah-lipo-z-konektorem-ec5\/"]}]},{"@type":"ImageObject","inLanguage":"pl-PL","@id":"https:\/\/ironsky.pl\/sklep\/produkt\/akumulator-tattu-11-1v-15c-3s-10000mah-lipo-z-konektorem-ec5\/#primaryimage","url":"https:\/\/ironsky.pl\/sklep\/wp-content\/uploads\/2024\/09\/42842_3.jpg","contentUrl":"https:\/\/ironsky.pl\/sklep\/wp-content\/uploads\/2024\/09\/42842_3.jpg","width":800,"height":800},{"@type":"BreadcrumbList","@id":"https:\/\/ironsky.pl\/sklep\/produkt\/akumulator-tattu-11-1v-15c-3s-10000mah-lipo-z-konektorem-ec5\/#breadcrumb","itemListElement":[{"@type":"ListItem","position":1,"name":"Strona g\u0142\u00f3wna","item":"https:\/\/ironsky.pl\/sklep\/"},{"@type":"ListItem","position":2,"name":"Wszystkie produkty","item":"https:\/\/ironsky.pl\/sklep\/produkty\/"},{"@type":"ListItem","position":3,"name":"Akumulator Tattu 11.1V 15C 3S 10000mAh Lipo z konektorem EC5"}]},{"@type":"WebSite","@id":"https:\/\/ironsky.pl\/sklep\/#website","url":"https:\/\/ironsky.pl\/sklep\/","name":"IRONSKY.PL Sklep z Dronami","description":"IRONSKY.PL Sklep z Dronami","potentialAction":[{"@type":"SearchAction","target":{"@type":"EntryPoint","urlTemplate":"https:\/\/ironsky.pl\/sklep\/?s={search_term_string}"},"query-input":{"@type":"PropertyValueSpecification","valueRequired":true,"valueName":"search_term_string"}}],"inLanguage":"pl-PL"}]}},"_links":{"self":[{"href":"https:\/\/ironsky.pl\/sklep\/wp-json\/wp\/v2\/product\/29594","targetHints":{"allow":["GET"]}}],"collection":[{"href":"https:\/\/ironsky.pl\/sklep\/wp-json\/wp\/v2\/product"}],"about":[{"href":"https:\/\/ironsky.pl\/sklep\/wp-json\/wp\/v2\/types\/product"}],"replies":[{"embeddable":true,"href":"https:\/\/ironsky.pl\/sklep\/wp-json\/wp\/v2\/comments?post=29594"}],"wp:featuredmedia":[{"embeddable":true,"href":"https:\/\/ironsky.pl\/sklep\/wp-json\/wp\/v2\/media\/29595"}],"wp:attachment":[{"href":"https:\/\/ironsky.pl\/sklep\/wp-json\/wp\/v2\/media?parent=29594"}],"wp:term":[{"taxonomy":"product_brand","embeddable":true,"href":"https:\/\/ironsky.pl\/sklep\/wp-json\/wp\/v2\/product_brand?post=29594"},{"taxonomy":"product_cat","embeddable":true,"href":"https:\/\/ironsky.pl\/sklep\/wp-json\/wp\/v2\/product_cat?post=29594"},{"taxonomy":"product_tag","embeddable":true,"href":"https:\/\/ironsky.pl\/sklep\/wp-json\/wp\/v2\/product_tag?post=29594"}],"curies":[{"name":"wp","href":"https:\/\/api.w.org\/{rel}","templated":true}]}}