{"id":29520,"date":"2024-09-16T20:54:11","date_gmt":"2024-09-16T18:54:11","guid":{"rendered":"http:\/\/gvshalph.pro-linuxpl.com\/ironskyprodukty\/produkt\/akumulator-gens-ace-g-tech-advanced-6800mah-22-8v-100c-6s1p-hardcase-61lipo-z-konektorem-ec5\/"},"modified":"2026-03-05T15:54:14","modified_gmt":"2026-03-05T14:54:14","slug":"akumulator-gens-ace-g-tech-advanced-6800mah-22-8v-100c-6s1p-hardcase-61lipo-z-konektorem-ec5","status":"publish","type":"product","link":"https:\/\/ironsky.pl\/sklep\/produkt\/akumulator-gens-ace-g-tech-advanced-6800mah-22-8v-100c-6s1p-hardcase-61lipo-z-konektorem-ec5\/","title":{"rendered":"Akumulator Gens ace G-Tech Advanced 6800mAh 22.8V 100C 6S1P HardCase 61#Lipo z konektorem EC5"},"content":{"rendered":"<h3>Akumulator Gens ace G-Tech Advanced 6800mAh 22.8V 100C 6S1P HardCase 61#Lipo z konektorem EC5<\/h3>\n<p>Gens Ace G-Tech Advanced to zaawansowany model akumulatora, zaprojektowany z my\u015bl\u0105 o najwy\u017cszej wydajno\u015bci i bezpiecze\u0144stwie u\u017cytkowania. Dzi\u0119ki pojemno\u015bci 6800mAh i wysokiemu napi\u0119ciu 22.8V akumulator jest idealny dla wymagaj\u0105cych modeli RC, takich jak samochody w skali 1\/7, w tym modele takie jak FELONY 6S BLX, LIMITLESS czy INFRACTION 6S BLX. Oferuje ekstremalnie wysoki wsp\u00f3\u0142czynnik roz\u0142adowania 100C, co zapewnia pot\u0119\u017cny przyp\u0142yw mocy w kr\u00f3tkim czasie. Akumulator jest wyposa\u017cony trwa\u0142\u0105 obudow\u0119 typu HardCase, wewn\u0119trzne obwody, wska\u017anik mocy LED oraz wska\u017anik statusu napi\u0119cia, co znacznie u\u0142atwia zarz\u0105dzanie energi\u0105. Dodatkowe funkcje, takie jak samoczynny tryb przechowywania, zabezpieczenie przed prze\u0142adowaniem i gruby 8-gauge przew\u00f3d, podnosz\u0105 poziom bezpiecze\u0144stwa i wygody u\u017cytkowania. Z\u0142\u0105cze balansuj\u0105ce JST-XHR oraz z\u0142\u0105cze roz\u0142adowania EC5 zapewniaj\u0105 solidne i niezawodne po\u0142\u0105czenia.<\/p>\n<p>\n<img decoding=\"async\" src=\"https:\/\/assets.innpro.pl\/6308\/7401\/1.jpg\" border=\"0\" \/>\n<\/p>\n<div class=\"table-wrapper\">\n<p>\u00a0<\/p>\n<h3><\/h3>\n<table>\n<tbody>\n<tr>\n<th>Producent<\/th>\n<td>Gens Ace<\/td>\n<\/tr>\n<tr>\n<th>Model<\/th>\n<td>GEA686S10E5GT<\/td>\n<\/tr>\n<tr>\n<th>Typ produktu<\/th>\n<td>Obudowa typu Hardcase<\/td>\n<\/tr>\n<tr>\n<th>Pojemno\u015b\u0107<\/th>\n<td>6800 mAh<\/td>\n<\/tr>\n<tr>\n<th>Napi\u0119cie<\/th>\n<td>22.8V<\/td>\n<\/tr>\n<tr>\n<th>Waga netto<\/th>\n<td>945 g<\/td>\n<\/tr>\n<tr>\n<th>Wymiary<\/th>\n<td>165 x 68 x 47 mm<\/td>\n<\/tr>\n<tr>\n<th>Z\u0142\u0105cze balansuj\u0105ce<\/th>\n<td>JST-XHR<\/td>\n<\/tr>\n<tr>\n<th>Z\u0142\u0105cze roz\u0142adowania<\/th>\n<td>EC5<\/td>\n<\/tr>\n<tr>\n<th>Rodzaj ogniw<\/th>\n<td>LiHv (Litowo-wysokonapi\u0119ciowe)<\/td>\n<\/tr>\n<\/tbody>\n<\/table>\n<\/div>\n","protected":false},"excerpt":{"rendered":"<p>Akumulator Gens ace G-Tech Advanced 6800mAh 22.8V 100C 6S1P HardCase 61#Lipo z konektorem EC5 Gens Ace G-Tech Advanced to zaawansowany<\/p>\n","protected":false},"featured_media":29521,"comment_status":"closed","ping_status":"open","template":"","meta":{"_acf_changed":false},"product_brand":[],"product_cat":[1183,1182,1169],"product_tag":[],"class_list":{"0":"post-29520","1":"product","2":"type-product","3":"status-publish","4":"has-post-thumbnail","6":"product_cat-litowe-i-nimh","7":"product_cat-akumulatory","8":"product_cat-modele-rc","9":"pa_box-height-2249","10":"pa_box-length-1410","11":"pa_box-width-2024","12":"pa_gross-weight-3997","13":"pa_napiecie-v-22-8","14":"pa_net-weight-5046","15":"pa_pojemnosc-mah-2671","16":"pa_prad-rozladowania-c-2679","17":"pa_waga-netto-g-5269","19":"first","20":"outofstock","21":"taxable","22":"shipping-taxable","23":"purchasable","24":"product-type-simple"},"acf":[],"yoast_head":"<!-- This site is optimized with the Yoast SEO plugin v27.2 - https:\/\/yoast.com\/product\/yoast-seo-wordpress\/ -->\n<title>Akumulator Gens ace G-Tech Advanced 6800mAh 22.8V 100C 6S1P HardCase 61#Lipo z konektorem EC5 - IRONSKY.PL Sklep z Dronami<\/title>\n<meta name=\"description\" content=\"Akumulator Gens ace G-Tech Advanced 6800mAh 22.8V 100C 6S1P HardCase 61#Lipo z konektorem EC5 - \u2705 sklep z dronami i fachowym doradztwem. \u2705 Tutaj kupisz produkty DJI, Yuneec, Parrot, Syma i wiele innych, a tak\u017ce kursy i licencje na operatora drona.\" \/>\n<meta name=\"robots\" content=\"index, follow, max-snippet:-1, max-image-preview:large, max-video-preview:-1\" \/>\n<link rel=\"canonical\" href=\"https:\/\/ironsky.pl\/sklep\/produkt\/akumulator-gens-ace-g-tech-advanced-6800mah-22-8v-100c-6s1p-hardcase-61lipo-z-konektorem-ec5\/\" \/>\n<meta property=\"og:locale\" content=\"pl_PL\" \/>\n<meta property=\"og:type\" content=\"article\" \/>\n<meta property=\"og:title\" content=\"Akumulator Gens ace G-Tech Advanced 6800mAh 22.8V 100C 6S1P HardCase 61#Lipo z konektorem EC5 - IRONSKY.PL Sklep z Dronami\" \/>\n<meta property=\"og:description\" content=\"Akumulator Gens ace G-Tech Advanced 6800mAh 22.8V 100C 6S1P HardCase 61#Lipo z konektorem EC5 - \u2705 sklep z dronami i fachowym doradztwem. \u2705 Tutaj kupisz produkty DJI, Yuneec, Parrot, Syma i wiele innych, a tak\u017ce kursy i licencje na operatora drona.\" \/>\n<meta property=\"og:url\" content=\"https:\/\/ironsky.pl\/sklep\/produkt\/akumulator-gens-ace-g-tech-advanced-6800mah-22-8v-100c-6s1p-hardcase-61lipo-z-konektorem-ec5\/\" \/>\n<meta property=\"og:site_name\" content=\"IRONSKY.PL Sklep z Dronami\" \/>\n<meta property=\"article:modified_time\" content=\"2026-03-05T14:54:14+00:00\" \/>\n<meta property=\"og:image\" content=\"https:\/\/ironsky.pl\/sklep\/wp-content\/uploads\/2024\/09\/42827_3.jpg\" \/>\n\t<meta property=\"og:image:width\" content=\"800\" \/>\n\t<meta property=\"og:image:height\" content=\"800\" \/>\n\t<meta property=\"og:image:type\" content=\"image\/jpeg\" \/>\n<meta name=\"twitter:card\" content=\"summary_large_image\" \/>\n<meta name=\"twitter:label1\" content=\"Szacowany czas czytania\" \/>\n\t<meta name=\"twitter:data1\" content=\"1 minuta\" \/>\n<script type=\"application\/ld+json\" class=\"yoast-schema-graph\">{\"@context\":\"https:\/\/schema.org\",\"@graph\":[{\"@type\":\"WebPage\",\"@id\":\"https:\/\/ironsky.pl\/sklep\/produkt\/akumulator-gens-ace-g-tech-advanced-6800mah-22-8v-100c-6s1p-hardcase-61lipo-z-konektorem-ec5\/\",\"url\":\"https:\/\/ironsky.pl\/sklep\/produkt\/akumulator-gens-ace-g-tech-advanced-6800mah-22-8v-100c-6s1p-hardcase-61lipo-z-konektorem-ec5\/\",\"name\":\"Akumulator Gens ace G-Tech Advanced 6800mAh 22.8V 100C 6S1P HardCase 61#Lipo z konektorem EC5 - IRONSKY.PL Sklep z Dronami\",\"isPartOf\":{\"@id\":\"https:\/\/ironsky.pl\/sklep\/#website\"},\"primaryImageOfPage\":{\"@id\":\"https:\/\/ironsky.pl\/sklep\/produkt\/akumulator-gens-ace-g-tech-advanced-6800mah-22-8v-100c-6s1p-hardcase-61lipo-z-konektorem-ec5\/#primaryimage\"},\"image\":{\"@id\":\"https:\/\/ironsky.pl\/sklep\/produkt\/akumulator-gens-ace-g-tech-advanced-6800mah-22-8v-100c-6s1p-hardcase-61lipo-z-konektorem-ec5\/#primaryimage\"},\"thumbnailUrl\":\"https:\/\/ironsky.pl\/sklep\/wp-content\/uploads\/2024\/09\/42827_3.jpg\",\"datePublished\":\"2024-09-16T18:54:11+00:00\",\"dateModified\":\"2026-03-05T14:54:14+00:00\",\"description\":\"Akumulator Gens ace G-Tech Advanced 6800mAh 22.8V 100C 6S1P HardCase 61#Lipo z konektorem EC5 - \u2705 sklep z dronami i fachowym doradztwem. \u2705 Tutaj kupisz produkty DJI, Yuneec, Parrot, Syma i wiele innych, a tak\u017ce kursy i licencje na operatora drona.\",\"breadcrumb\":{\"@id\":\"https:\/\/ironsky.pl\/sklep\/produkt\/akumulator-gens-ace-g-tech-advanced-6800mah-22-8v-100c-6s1p-hardcase-61lipo-z-konektorem-ec5\/#breadcrumb\"},\"inLanguage\":\"pl-PL\",\"potentialAction\":[{\"@type\":\"ReadAction\",\"target\":[\"https:\/\/ironsky.pl\/sklep\/produkt\/akumulator-gens-ace-g-tech-advanced-6800mah-22-8v-100c-6s1p-hardcase-61lipo-z-konektorem-ec5\/\"]}]},{\"@type\":\"ImageObject\",\"inLanguage\":\"pl-PL\",\"@id\":\"https:\/\/ironsky.pl\/sklep\/produkt\/akumulator-gens-ace-g-tech-advanced-6800mah-22-8v-100c-6s1p-hardcase-61lipo-z-konektorem-ec5\/#primaryimage\",\"url\":\"https:\/\/ironsky.pl\/sklep\/wp-content\/uploads\/2024\/09\/42827_3.jpg\",\"contentUrl\":\"https:\/\/ironsky.pl\/sklep\/wp-content\/uploads\/2024\/09\/42827_3.jpg\",\"width\":800,\"height\":800},{\"@type\":\"BreadcrumbList\",\"@id\":\"https:\/\/ironsky.pl\/sklep\/produkt\/akumulator-gens-ace-g-tech-advanced-6800mah-22-8v-100c-6s1p-hardcase-61lipo-z-konektorem-ec5\/#breadcrumb\",\"itemListElement\":[{\"@type\":\"ListItem\",\"position\":1,\"name\":\"Strona g\u0142\u00f3wna\",\"item\":\"https:\/\/ironsky.pl\/sklep\/\"},{\"@type\":\"ListItem\",\"position\":2,\"name\":\"Wszystkie produkty\",\"item\":\"https:\/\/ironsky.pl\/sklep\/produkty\/\"},{\"@type\":\"ListItem\",\"position\":3,\"name\":\"Akumulator Gens ace G-Tech Advanced 6800mAh 22.8V 100C 6S1P HardCase 61#Lipo z konektorem EC5\"}]},{\"@type\":\"WebSite\",\"@id\":\"https:\/\/ironsky.pl\/sklep\/#website\",\"url\":\"https:\/\/ironsky.pl\/sklep\/\",\"name\":\"IRONSKY.PL Sklep z Dronami\",\"description\":\"IRONSKY.PL Sklep z Dronami\",\"potentialAction\":[{\"@type\":\"SearchAction\",\"target\":{\"@type\":\"EntryPoint\",\"urlTemplate\":\"https:\/\/ironsky.pl\/sklep\/?s={search_term_string}\"},\"query-input\":{\"@type\":\"PropertyValueSpecification\",\"valueRequired\":true,\"valueName\":\"search_term_string\"}}],\"inLanguage\":\"pl-PL\"}]}<\/script>\n<!-- \/ Yoast SEO plugin. -->","yoast_head_json":{"title":"Akumulator Gens ace G-Tech Advanced 6800mAh 22.8V 100C 6S1P HardCase 61#Lipo z konektorem EC5 - IRONSKY.PL Sklep z Dronami","description":"Akumulator Gens ace G-Tech Advanced 6800mAh 22.8V 100C 6S1P HardCase 61#Lipo z konektorem EC5 - \u2705 sklep z dronami i fachowym doradztwem. \u2705 Tutaj kupisz produkty DJI, Yuneec, Parrot, Syma i wiele innych, a tak\u017ce kursy i licencje na operatora drona.","robots":{"index":"index","follow":"follow","max-snippet":"max-snippet:-1","max-image-preview":"max-image-preview:large","max-video-preview":"max-video-preview:-1"},"canonical":"https:\/\/ironsky.pl\/sklep\/produkt\/akumulator-gens-ace-g-tech-advanced-6800mah-22-8v-100c-6s1p-hardcase-61lipo-z-konektorem-ec5\/","og_locale":"pl_PL","og_type":"article","og_title":"Akumulator Gens ace G-Tech Advanced 6800mAh 22.8V 100C 6S1P HardCase 61#Lipo z konektorem EC5 - IRONSKY.PL Sklep z Dronami","og_description":"Akumulator Gens ace G-Tech Advanced 6800mAh 22.8V 100C 6S1P HardCase 61#Lipo z konektorem EC5 - \u2705 sklep z dronami i fachowym doradztwem. \u2705 Tutaj kupisz produkty DJI, Yuneec, Parrot, Syma i wiele innych, a tak\u017ce kursy i licencje na operatora drona.","og_url":"https:\/\/ironsky.pl\/sklep\/produkt\/akumulator-gens-ace-g-tech-advanced-6800mah-22-8v-100c-6s1p-hardcase-61lipo-z-konektorem-ec5\/","og_site_name":"IRONSKY.PL Sklep z Dronami","article_modified_time":"2026-03-05T14:54:14+00:00","og_image":[{"width":800,"height":800,"url":"https:\/\/ironsky.pl\/sklep\/wp-content\/uploads\/2024\/09\/42827_3.jpg","type":"image\/jpeg"}],"twitter_card":"summary_large_image","twitter_misc":{"Szacowany czas czytania":"1 minuta"},"schema":{"@context":"https:\/\/schema.org","@graph":[{"@type":"WebPage","@id":"https:\/\/ironsky.pl\/sklep\/produkt\/akumulator-gens-ace-g-tech-advanced-6800mah-22-8v-100c-6s1p-hardcase-61lipo-z-konektorem-ec5\/","url":"https:\/\/ironsky.pl\/sklep\/produkt\/akumulator-gens-ace-g-tech-advanced-6800mah-22-8v-100c-6s1p-hardcase-61lipo-z-konektorem-ec5\/","name":"Akumulator Gens ace G-Tech Advanced 6800mAh 22.8V 100C 6S1P HardCase 61#Lipo z konektorem EC5 - IRONSKY.PL Sklep z Dronami","isPartOf":{"@id":"https:\/\/ironsky.pl\/sklep\/#website"},"primaryImageOfPage":{"@id":"https:\/\/ironsky.pl\/sklep\/produkt\/akumulator-gens-ace-g-tech-advanced-6800mah-22-8v-100c-6s1p-hardcase-61lipo-z-konektorem-ec5\/#primaryimage"},"image":{"@id":"https:\/\/ironsky.pl\/sklep\/produkt\/akumulator-gens-ace-g-tech-advanced-6800mah-22-8v-100c-6s1p-hardcase-61lipo-z-konektorem-ec5\/#primaryimage"},"thumbnailUrl":"https:\/\/ironsky.pl\/sklep\/wp-content\/uploads\/2024\/09\/42827_3.jpg","datePublished":"2024-09-16T18:54:11+00:00","dateModified":"2026-03-05T14:54:14+00:00","description":"Akumulator Gens ace G-Tech Advanced 6800mAh 22.8V 100C 6S1P HardCase 61#Lipo z konektorem EC5 - \u2705 sklep z dronami i fachowym doradztwem. \u2705 Tutaj kupisz produkty DJI, Yuneec, Parrot, Syma i wiele innych, a tak\u017ce kursy i licencje na operatora drona.","breadcrumb":{"@id":"https:\/\/ironsky.pl\/sklep\/produkt\/akumulator-gens-ace-g-tech-advanced-6800mah-22-8v-100c-6s1p-hardcase-61lipo-z-konektorem-ec5\/#breadcrumb"},"inLanguage":"pl-PL","potentialAction":[{"@type":"ReadAction","target":["https:\/\/ironsky.pl\/sklep\/produkt\/akumulator-gens-ace-g-tech-advanced-6800mah-22-8v-100c-6s1p-hardcase-61lipo-z-konektorem-ec5\/"]}]},{"@type":"ImageObject","inLanguage":"pl-PL","@id":"https:\/\/ironsky.pl\/sklep\/produkt\/akumulator-gens-ace-g-tech-advanced-6800mah-22-8v-100c-6s1p-hardcase-61lipo-z-konektorem-ec5\/#primaryimage","url":"https:\/\/ironsky.pl\/sklep\/wp-content\/uploads\/2024\/09\/42827_3.jpg","contentUrl":"https:\/\/ironsky.pl\/sklep\/wp-content\/uploads\/2024\/09\/42827_3.jpg","width":800,"height":800},{"@type":"BreadcrumbList","@id":"https:\/\/ironsky.pl\/sklep\/produkt\/akumulator-gens-ace-g-tech-advanced-6800mah-22-8v-100c-6s1p-hardcase-61lipo-z-konektorem-ec5\/#breadcrumb","itemListElement":[{"@type":"ListItem","position":1,"name":"Strona g\u0142\u00f3wna","item":"https:\/\/ironsky.pl\/sklep\/"},{"@type":"ListItem","position":2,"name":"Wszystkie produkty","item":"https:\/\/ironsky.pl\/sklep\/produkty\/"},{"@type":"ListItem","position":3,"name":"Akumulator Gens ace G-Tech Advanced 6800mAh 22.8V 100C 6S1P HardCase 61#Lipo z konektorem EC5"}]},{"@type":"WebSite","@id":"https:\/\/ironsky.pl\/sklep\/#website","url":"https:\/\/ironsky.pl\/sklep\/","name":"IRONSKY.PL Sklep z Dronami","description":"IRONSKY.PL Sklep z Dronami","potentialAction":[{"@type":"SearchAction","target":{"@type":"EntryPoint","urlTemplate":"https:\/\/ironsky.pl\/sklep\/?s={search_term_string}"},"query-input":{"@type":"PropertyValueSpecification","valueRequired":true,"valueName":"search_term_string"}}],"inLanguage":"pl-PL"}]}},"_links":{"self":[{"href":"https:\/\/ironsky.pl\/sklep\/wp-json\/wp\/v2\/product\/29520","targetHints":{"allow":["GET"]}}],"collection":[{"href":"https:\/\/ironsky.pl\/sklep\/wp-json\/wp\/v2\/product"}],"about":[{"href":"https:\/\/ironsky.pl\/sklep\/wp-json\/wp\/v2\/types\/product"}],"replies":[{"embeddable":true,"href":"https:\/\/ironsky.pl\/sklep\/wp-json\/wp\/v2\/comments?post=29520"}],"wp:featuredmedia":[{"embeddable":true,"href":"https:\/\/ironsky.pl\/sklep\/wp-json\/wp\/v2\/media\/29521"}],"wp:attachment":[{"href":"https:\/\/ironsky.pl\/sklep\/wp-json\/wp\/v2\/media?parent=29520"}],"wp:term":[{"taxonomy":"product_brand","embeddable":true,"href":"https:\/\/ironsky.pl\/sklep\/wp-json\/wp\/v2\/product_brand?post=29520"},{"taxonomy":"product_cat","embeddable":true,"href":"https:\/\/ironsky.pl\/sklep\/wp-json\/wp\/v2\/product_cat?post=29520"},{"taxonomy":"product_tag","embeddable":true,"href":"https:\/\/ironsky.pl\/sklep\/wp-json\/wp\/v2\/product_tag?post=29520"}],"curies":[{"name":"wp","href":"https:\/\/api.w.org\/{rel}","templated":true}]}}