{"id":29406,"date":"2024-09-16T20:52:09","date_gmt":"2024-09-16T18:52:09","guid":{"rendered":"http:\/\/gvshalph.pro-linuxpl.com\/ironskyprodukty\/produkt\/akumulator-gens-ace-g-tech-400mah-7-4v-2s1p-35c-lipo-z-konektorem-jst-phr-plug-bashing-series\/"},"modified":"2026-03-05T15:54:11","modified_gmt":"2026-03-05T14:54:11","slug":"akumulator-gens-ace-g-tech-400mah-7-4v-2s1p-35c-lipo-z-konektorem-jst-phr-plug-bashing-series","status":"publish","type":"product","link":"https:\/\/ironsky.pl\/sklep\/produkt\/akumulator-gens-ace-g-tech-400mah-7-4v-2s1p-35c-lipo-z-konektorem-jst-phr-plug-bashing-series\/","title":{"rendered":"Akumulator Gens ace G-Tech 400mAh 7.4V 2S1P 35C Lipo z konektorem JST-PHR Plug-Bashing Series"},"content":{"rendered":"<h3>Akumulator Gens ace G-Tech 400mAh 7.4V 2S1P 35C Lipo z konektorem JST-PHR Plug-Bashing Series<\/h3>\n<p>Gens ace G-Tech z konektorem JST-PHR Plug z serii Bashing to idealne rozwi\u0105zanie dla pocz\u0105tkuj\u0105cych hobbyst\u00f3w i do codziennego u\u017cytku. Ten lekki i kompaktowy akumulator litowo-polimerowy, o pojemno\u015bci 400 mAh i napi\u0119ciu 7,4 V, oferuje wsp\u00f3\u0142czynnik roz\u0142adowania 35C, co zapewnia doskona\u0142\u0105 wydajno\u015b\u0107 i niezawodno\u015b\u0107. Jest szczeg\u00f3lnie odpowiedni dla pojazdu AXIAL SCX24 1:24 RC Car, gdzie zapewnia optymalne dopasowanie i wydajno\u015b\u0107. Zalecane \u0142adowanie 1-3C pozwala na szybkie i bezpieczne przywr\u00f3cenie pe\u0142nej mocy. Ponadto dzi\u0119ki niewielkim wymiarom (42 x 19 x 12 mm) i masie (18 g), akumulator jest \u0142atwy w monta\u017cu i idealny do mniejszych modeli RC.<\/p>\n<p>\n<img decoding=\"async\" src=\"https:\/\/assets.innpro.pl\/6376\/7470\/1.jpg\" border=\"0\" \/>\n<\/p>\n<div class=\"table-wrapper\">\n<p>\u00a0<\/p>\n<h3><\/h3>\n<table>\n<tbody>\n<tr>\n<th>Producent<\/th>\n<td>Gens ace<\/td>\n<\/tr>\n<tr>\n<th>Model<\/th>\n<td>GEA4002S35JGT<\/td>\n<\/tr>\n<tr>\n<th>Pojemno\u015b\u0107<\/th>\n<td>400 mAh<\/td>\n<\/tr>\n<tr>\n<th>Rodzaj ogniwa<\/th>\n<td>Litowo-polimerowe<\/td>\n<\/tr>\n<tr>\n<th>Napi\u0119cie<\/th>\n<td>7,4 V \/ 2S<\/td>\n<\/tr>\n<tr>\n<th>Wsp\u00f3\u0142czynnik roz\u0142adowania<\/th>\n<td>35C<\/td>\n<\/tr>\n<tr>\n<th>Wsp\u00f3\u0142czynnik \u0142adowania<\/th>\n<td>1-3C (zalecane)<\/td>\n<\/tr>\n<tr>\n<th>Z\u0142\u0105cze<\/th>\n<td>JST-PHR-2P<\/td>\n<\/tr>\n<tr>\n<th>Typ z\u0142\u0105cza balansera<\/th>\n<td>G-Tech-3P<\/td>\n<\/tr>\n<tr>\n<th>D\u0142ugo\u015b\u0107 przewodu (C\/D)<\/th>\n<td>25 mm \/ 50 mm<\/td>\n<\/tr>\n<tr>\n<th>Wymiary<\/th>\n<td>42 x 19 x 12 mm<\/td>\n<\/tr>\n<tr>\n<th>Waga<\/th>\n<td>18 g<\/td>\n<\/tr>\n<\/tbody>\n<\/table>\n<\/div>\n","protected":false},"excerpt":{"rendered":"<p>Akumulator Gens ace G-Tech 400mAh 7.4V 2S1P 35C Lipo z konektorem JST-PHR Plug-Bashing Series Gens ace G-Tech z konektorem JST-PHR<\/p>\n","protected":false},"featured_media":29407,"comment_status":"closed","ping_status":"open","template":"","meta":{"_acf_changed":false},"product_brand":[],"product_cat":[1183,1182,1169],"product_tag":[],"class_list":{"0":"post-29406","1":"product","2":"type-product","3":"status-publish","4":"has-post-thumbnail","6":"product_cat-litowe-i-nimh","7":"product_cat-akumulatory","8":"product_cat-modele-rc","9":"pa_box-height-2312","10":"pa_box-length-2113","11":"pa_box-width-2955","12":"pa_gross-weight-1663","13":"pa_napiecie-v-7-4","14":"pa_net-weight-2655","15":"pa_pojemnosc-mah-2656","16":"pa_prad-rozladowania-c-2657","17":"pa_waga-netto-g-5207","19":"first","20":"outofstock","21":"taxable","22":"shipping-taxable","23":"purchasable","24":"product-type-simple"},"acf":[],"yoast_head":"<!-- This site is optimized with the Yoast SEO plugin v27.2 - https:\/\/yoast.com\/product\/yoast-seo-wordpress\/ -->\n<title>Akumulator Gens ace G-Tech 400mAh 7.4V 2S1P 35C Lipo z konektorem JST-PHR Plug-Bashing Series - IRONSKY.PL Sklep z Dronami<\/title>\n<meta name=\"description\" content=\"Akumulator Gens ace G-Tech 400mAh 7.4V 2S1P 35C Lipo z konektorem JST-PHR Plug-Bashing Series - \u2705 sklep z dronami i fachowym doradztwem. \u2705 Tutaj kupisz produkty DJI, Yuneec, Parrot, Syma i wiele innych, a tak\u017ce kursy i licencje na operatora drona.\" \/>\n<meta name=\"robots\" content=\"index, follow, max-snippet:-1, max-image-preview:large, max-video-preview:-1\" \/>\n<link rel=\"canonical\" href=\"https:\/\/ironsky.pl\/sklep\/produkt\/akumulator-gens-ace-g-tech-400mah-7-4v-2s1p-35c-lipo-z-konektorem-jst-phr-plug-bashing-series\/\" \/>\n<meta property=\"og:locale\" content=\"pl_PL\" \/>\n<meta property=\"og:type\" content=\"article\" \/>\n<meta property=\"og:title\" content=\"Akumulator Gens ace G-Tech 400mAh 7.4V 2S1P 35C Lipo z konektorem JST-PHR Plug-Bashing Series - IRONSKY.PL Sklep z Dronami\" \/>\n<meta property=\"og:description\" content=\"Akumulator Gens ace G-Tech 400mAh 7.4V 2S1P 35C Lipo z konektorem JST-PHR Plug-Bashing Series - \u2705 sklep z dronami i fachowym doradztwem. \u2705 Tutaj kupisz produkty DJI, Yuneec, Parrot, Syma i wiele innych, a tak\u017ce kursy i licencje na operatora drona.\" \/>\n<meta property=\"og:url\" content=\"https:\/\/ironsky.pl\/sklep\/produkt\/akumulator-gens-ace-g-tech-400mah-7-4v-2s1p-35c-lipo-z-konektorem-jst-phr-plug-bashing-series\/\" \/>\n<meta property=\"og:site_name\" content=\"IRONSKY.PL Sklep z Dronami\" \/>\n<meta property=\"article:modified_time\" content=\"2026-03-05T14:54:11+00:00\" \/>\n<meta property=\"og:image\" content=\"https:\/\/ironsky.pl\/sklep\/wp-content\/uploads\/2024\/09\/42805_1.jpg\" \/>\n\t<meta property=\"og:image:width\" content=\"800\" \/>\n\t<meta property=\"og:image:height\" content=\"800\" \/>\n\t<meta property=\"og:image:type\" content=\"image\/jpeg\" \/>\n<meta name=\"twitter:card\" content=\"summary_large_image\" \/>\n<meta name=\"twitter:label1\" content=\"Szacowany czas czytania\" \/>\n\t<meta name=\"twitter:data1\" content=\"1 minuta\" \/>\n<script type=\"application\/ld+json\" class=\"yoast-schema-graph\">{\"@context\":\"https:\/\/schema.org\",\"@graph\":[{\"@type\":\"WebPage\",\"@id\":\"https:\/\/ironsky.pl\/sklep\/produkt\/akumulator-gens-ace-g-tech-400mah-7-4v-2s1p-35c-lipo-z-konektorem-jst-phr-plug-bashing-series\/\",\"url\":\"https:\/\/ironsky.pl\/sklep\/produkt\/akumulator-gens-ace-g-tech-400mah-7-4v-2s1p-35c-lipo-z-konektorem-jst-phr-plug-bashing-series\/\",\"name\":\"Akumulator Gens ace G-Tech 400mAh 7.4V 2S1P 35C Lipo z konektorem JST-PHR Plug-Bashing Series - IRONSKY.PL Sklep z Dronami\",\"isPartOf\":{\"@id\":\"https:\/\/ironsky.pl\/sklep\/#website\"},\"primaryImageOfPage\":{\"@id\":\"https:\/\/ironsky.pl\/sklep\/produkt\/akumulator-gens-ace-g-tech-400mah-7-4v-2s1p-35c-lipo-z-konektorem-jst-phr-plug-bashing-series\/#primaryimage\"},\"image\":{\"@id\":\"https:\/\/ironsky.pl\/sklep\/produkt\/akumulator-gens-ace-g-tech-400mah-7-4v-2s1p-35c-lipo-z-konektorem-jst-phr-plug-bashing-series\/#primaryimage\"},\"thumbnailUrl\":\"https:\/\/ironsky.pl\/sklep\/wp-content\/uploads\/2024\/09\/42805_1.jpg\",\"datePublished\":\"2024-09-16T18:52:09+00:00\",\"dateModified\":\"2026-03-05T14:54:11+00:00\",\"description\":\"Akumulator Gens ace G-Tech 400mAh 7.4V 2S1P 35C Lipo z konektorem JST-PHR Plug-Bashing Series - \u2705 sklep z dronami i fachowym doradztwem. \u2705 Tutaj kupisz produkty DJI, Yuneec, Parrot, Syma i wiele innych, a tak\u017ce kursy i licencje na operatora drona.\",\"breadcrumb\":{\"@id\":\"https:\/\/ironsky.pl\/sklep\/produkt\/akumulator-gens-ace-g-tech-400mah-7-4v-2s1p-35c-lipo-z-konektorem-jst-phr-plug-bashing-series\/#breadcrumb\"},\"inLanguage\":\"pl-PL\",\"potentialAction\":[{\"@type\":\"ReadAction\",\"target\":[\"https:\/\/ironsky.pl\/sklep\/produkt\/akumulator-gens-ace-g-tech-400mah-7-4v-2s1p-35c-lipo-z-konektorem-jst-phr-plug-bashing-series\/\"]}]},{\"@type\":\"ImageObject\",\"inLanguage\":\"pl-PL\",\"@id\":\"https:\/\/ironsky.pl\/sklep\/produkt\/akumulator-gens-ace-g-tech-400mah-7-4v-2s1p-35c-lipo-z-konektorem-jst-phr-plug-bashing-series\/#primaryimage\",\"url\":\"https:\/\/ironsky.pl\/sklep\/wp-content\/uploads\/2024\/09\/42805_1.jpg\",\"contentUrl\":\"https:\/\/ironsky.pl\/sklep\/wp-content\/uploads\/2024\/09\/42805_1.jpg\",\"width\":800,\"height\":800},{\"@type\":\"BreadcrumbList\",\"@id\":\"https:\/\/ironsky.pl\/sklep\/produkt\/akumulator-gens-ace-g-tech-400mah-7-4v-2s1p-35c-lipo-z-konektorem-jst-phr-plug-bashing-series\/#breadcrumb\",\"itemListElement\":[{\"@type\":\"ListItem\",\"position\":1,\"name\":\"Strona g\u0142\u00f3wna\",\"item\":\"https:\/\/ironsky.pl\/sklep\/\"},{\"@type\":\"ListItem\",\"position\":2,\"name\":\"Wszystkie produkty\",\"item\":\"https:\/\/ironsky.pl\/sklep\/produkty\/\"},{\"@type\":\"ListItem\",\"position\":3,\"name\":\"Akumulator Gens ace G-Tech 400mAh 7.4V 2S1P 35C Lipo z konektorem JST-PHR Plug-Bashing Series\"}]},{\"@type\":\"WebSite\",\"@id\":\"https:\/\/ironsky.pl\/sklep\/#website\",\"url\":\"https:\/\/ironsky.pl\/sklep\/\",\"name\":\"IRONSKY.PL Sklep z Dronami\",\"description\":\"IRONSKY.PL Sklep z Dronami\",\"potentialAction\":[{\"@type\":\"SearchAction\",\"target\":{\"@type\":\"EntryPoint\",\"urlTemplate\":\"https:\/\/ironsky.pl\/sklep\/?s={search_term_string}\"},\"query-input\":{\"@type\":\"PropertyValueSpecification\",\"valueRequired\":true,\"valueName\":\"search_term_string\"}}],\"inLanguage\":\"pl-PL\"}]}<\/script>\n<!-- \/ Yoast SEO plugin. -->","yoast_head_json":{"title":"Akumulator Gens ace G-Tech 400mAh 7.4V 2S1P 35C Lipo z konektorem JST-PHR Plug-Bashing Series - IRONSKY.PL Sklep z Dronami","description":"Akumulator Gens ace G-Tech 400mAh 7.4V 2S1P 35C Lipo z konektorem JST-PHR Plug-Bashing Series - \u2705 sklep z dronami i fachowym doradztwem. \u2705 Tutaj kupisz produkty DJI, Yuneec, Parrot, Syma i wiele innych, a tak\u017ce kursy i licencje na operatora drona.","robots":{"index":"index","follow":"follow","max-snippet":"max-snippet:-1","max-image-preview":"max-image-preview:large","max-video-preview":"max-video-preview:-1"},"canonical":"https:\/\/ironsky.pl\/sklep\/produkt\/akumulator-gens-ace-g-tech-400mah-7-4v-2s1p-35c-lipo-z-konektorem-jst-phr-plug-bashing-series\/","og_locale":"pl_PL","og_type":"article","og_title":"Akumulator Gens ace G-Tech 400mAh 7.4V 2S1P 35C Lipo z konektorem JST-PHR Plug-Bashing Series - IRONSKY.PL Sklep z Dronami","og_description":"Akumulator Gens ace G-Tech 400mAh 7.4V 2S1P 35C Lipo z konektorem JST-PHR Plug-Bashing Series - \u2705 sklep z dronami i fachowym doradztwem. \u2705 Tutaj kupisz produkty DJI, Yuneec, Parrot, Syma i wiele innych, a tak\u017ce kursy i licencje na operatora drona.","og_url":"https:\/\/ironsky.pl\/sklep\/produkt\/akumulator-gens-ace-g-tech-400mah-7-4v-2s1p-35c-lipo-z-konektorem-jst-phr-plug-bashing-series\/","og_site_name":"IRONSKY.PL Sklep z Dronami","article_modified_time":"2026-03-05T14:54:11+00:00","og_image":[{"width":800,"height":800,"url":"https:\/\/ironsky.pl\/sklep\/wp-content\/uploads\/2024\/09\/42805_1.jpg","type":"image\/jpeg"}],"twitter_card":"summary_large_image","twitter_misc":{"Szacowany czas czytania":"1 minuta"},"schema":{"@context":"https:\/\/schema.org","@graph":[{"@type":"WebPage","@id":"https:\/\/ironsky.pl\/sklep\/produkt\/akumulator-gens-ace-g-tech-400mah-7-4v-2s1p-35c-lipo-z-konektorem-jst-phr-plug-bashing-series\/","url":"https:\/\/ironsky.pl\/sklep\/produkt\/akumulator-gens-ace-g-tech-400mah-7-4v-2s1p-35c-lipo-z-konektorem-jst-phr-plug-bashing-series\/","name":"Akumulator Gens ace G-Tech 400mAh 7.4V 2S1P 35C Lipo z konektorem JST-PHR Plug-Bashing Series - IRONSKY.PL Sklep z Dronami","isPartOf":{"@id":"https:\/\/ironsky.pl\/sklep\/#website"},"primaryImageOfPage":{"@id":"https:\/\/ironsky.pl\/sklep\/produkt\/akumulator-gens-ace-g-tech-400mah-7-4v-2s1p-35c-lipo-z-konektorem-jst-phr-plug-bashing-series\/#primaryimage"},"image":{"@id":"https:\/\/ironsky.pl\/sklep\/produkt\/akumulator-gens-ace-g-tech-400mah-7-4v-2s1p-35c-lipo-z-konektorem-jst-phr-plug-bashing-series\/#primaryimage"},"thumbnailUrl":"https:\/\/ironsky.pl\/sklep\/wp-content\/uploads\/2024\/09\/42805_1.jpg","datePublished":"2024-09-16T18:52:09+00:00","dateModified":"2026-03-05T14:54:11+00:00","description":"Akumulator Gens ace G-Tech 400mAh 7.4V 2S1P 35C Lipo z konektorem JST-PHR Plug-Bashing Series - \u2705 sklep z dronami i fachowym doradztwem. \u2705 Tutaj kupisz produkty DJI, Yuneec, Parrot, Syma i wiele innych, a tak\u017ce kursy i licencje na operatora drona.","breadcrumb":{"@id":"https:\/\/ironsky.pl\/sklep\/produkt\/akumulator-gens-ace-g-tech-400mah-7-4v-2s1p-35c-lipo-z-konektorem-jst-phr-plug-bashing-series\/#breadcrumb"},"inLanguage":"pl-PL","potentialAction":[{"@type":"ReadAction","target":["https:\/\/ironsky.pl\/sklep\/produkt\/akumulator-gens-ace-g-tech-400mah-7-4v-2s1p-35c-lipo-z-konektorem-jst-phr-plug-bashing-series\/"]}]},{"@type":"ImageObject","inLanguage":"pl-PL","@id":"https:\/\/ironsky.pl\/sklep\/produkt\/akumulator-gens-ace-g-tech-400mah-7-4v-2s1p-35c-lipo-z-konektorem-jst-phr-plug-bashing-series\/#primaryimage","url":"https:\/\/ironsky.pl\/sklep\/wp-content\/uploads\/2024\/09\/42805_1.jpg","contentUrl":"https:\/\/ironsky.pl\/sklep\/wp-content\/uploads\/2024\/09\/42805_1.jpg","width":800,"height":800},{"@type":"BreadcrumbList","@id":"https:\/\/ironsky.pl\/sklep\/produkt\/akumulator-gens-ace-g-tech-400mah-7-4v-2s1p-35c-lipo-z-konektorem-jst-phr-plug-bashing-series\/#breadcrumb","itemListElement":[{"@type":"ListItem","position":1,"name":"Strona g\u0142\u00f3wna","item":"https:\/\/ironsky.pl\/sklep\/"},{"@type":"ListItem","position":2,"name":"Wszystkie produkty","item":"https:\/\/ironsky.pl\/sklep\/produkty\/"},{"@type":"ListItem","position":3,"name":"Akumulator Gens ace G-Tech 400mAh 7.4V 2S1P 35C Lipo z konektorem JST-PHR Plug-Bashing Series"}]},{"@type":"WebSite","@id":"https:\/\/ironsky.pl\/sklep\/#website","url":"https:\/\/ironsky.pl\/sklep\/","name":"IRONSKY.PL Sklep z Dronami","description":"IRONSKY.PL Sklep z Dronami","potentialAction":[{"@type":"SearchAction","target":{"@type":"EntryPoint","urlTemplate":"https:\/\/ironsky.pl\/sklep\/?s={search_term_string}"},"query-input":{"@type":"PropertyValueSpecification","valueRequired":true,"valueName":"search_term_string"}}],"inLanguage":"pl-PL"}]}},"_links":{"self":[{"href":"https:\/\/ironsky.pl\/sklep\/wp-json\/wp\/v2\/product\/29406","targetHints":{"allow":["GET"]}}],"collection":[{"href":"https:\/\/ironsky.pl\/sklep\/wp-json\/wp\/v2\/product"}],"about":[{"href":"https:\/\/ironsky.pl\/sklep\/wp-json\/wp\/v2\/types\/product"}],"replies":[{"embeddable":true,"href":"https:\/\/ironsky.pl\/sklep\/wp-json\/wp\/v2\/comments?post=29406"}],"wp:featuredmedia":[{"embeddable":true,"href":"https:\/\/ironsky.pl\/sklep\/wp-json\/wp\/v2\/media\/29407"}],"wp:attachment":[{"href":"https:\/\/ironsky.pl\/sklep\/wp-json\/wp\/v2\/media?parent=29406"}],"wp:term":[{"taxonomy":"product_brand","embeddable":true,"href":"https:\/\/ironsky.pl\/sklep\/wp-json\/wp\/v2\/product_brand?post=29406"},{"taxonomy":"product_cat","embeddable":true,"href":"https:\/\/ironsky.pl\/sklep\/wp-json\/wp\/v2\/product_cat?post=29406"},{"taxonomy":"product_tag","embeddable":true,"href":"https:\/\/ironsky.pl\/sklep\/wp-json\/wp\/v2\/product_tag?post=29406"}],"curies":[{"name":"wp","href":"https:\/\/api.w.org\/{rel}","templated":true}]}}