{"id":29146,"date":"2024-09-16T20:46:25","date_gmt":"2024-09-16T18:46:25","guid":{"rendered":"http:\/\/gvshalph.pro-linuxpl.com\/ironskyprodukty\/produkt\/akumulator-gens-ace-25c-1500mah-3s1p-11-1v-airsoft-gun-lipo-z-konektorem-mini-tamiya-plug\/"},"modified":"2026-03-05T15:54:03","modified_gmt":"2026-03-05T14:54:03","slug":"akumulator-gens-ace-25c-1500mah-3s1p-11-1v-airsoft-gun-lipo-z-konektorem-mini-tamiya-plug","status":"publish","type":"product","link":"https:\/\/ironsky.pl\/sklep\/produkt\/akumulator-gens-ace-25c-1500mah-3s1p-11-1v-airsoft-gun-lipo-z-konektorem-mini-tamiya-plug\/","title":{"rendered":"Akumulator Gens ace 25C 1500mAh 3S1P 11.1V Airsoft Gun Lipo z konektorem mini Tamiya Plug"},"content":{"rendered":"<h3>Akumulator Gens ace 25C 1500mAh 3S1P 11.1V Airsoft Gun Lipo z konektorem mini Tamiya Plug<\/h3>\n<p>Akumulator Gens ace 25C 1500mAh 3S1P 11.1V Airsoft Gun Lipo z konektorem mini Tamiya Plug zosta\u0142 zaprojektowany specjalnie dla pasjonat\u00f3w airsoftu, gwarantuj\u0105c niezb\u0119dn\u0105 moc na polu bitwy. Dzi\u0119ki pojemno\u015bci 1500mAh oraz napi\u0119ciu 11.1V, zapewnia stabilne i d\u0142ugotrwa\u0142e zasilanie, umo\u017cliwiaj\u0105c d\u0142ugie godziny nieprzerwanej rozgrywki. Doskonale sprawdza si\u0119 w wi\u0119kszo\u015bci modeli AEG, w tym popularnych replikach takich jak M4, CM16, SCAR, AR15, wyposa\u017conych w kolby typu LE STOCK.<\/p>\n<p>\n<img decoding=\"async\" src=\"https:\/\/assets.innpro.pl\/6270\/7364\/1.jpg\" border=\"0\" \/>\n<\/p>\n<div class=\"table-wrapper\">\n<p>\u00a0<\/p>\n<h3><\/h3>\n<table>\n<tbody>\n<tr>\n<th>Producent <\/th>\n<td>Gens Ace<\/td>\n<\/tr>\n<tr>\n<th>Model<\/th>\n<td>GEA15003S25T<\/td>\n<\/tr>\n<tr>\n<th>Pojemno\u015b\u0107<\/th>\n<td>1500 mAh<\/td>\n<\/tr>\n<tr>\n<th>Napi\u0119cie<\/th>\n<td>11.1V<\/td>\n<\/tr>\n<tr>\n<th>Szybko\u015b\u0107 roz\u0142adowania<\/th>\n<td>25C<\/td>\n<\/tr>\n<tr>\n<th>Z\u0142\u0105cze<\/th>\n<td>mini wtyczka Tamiya<\/td>\n<\/tr>\n<tr>\n<th>Wymiary<\/th>\n<td>115 x 15 x 24 mm<\/td>\n<\/tr>\n<tr>\n<th>Waga<\/th>\n<td>107 g<\/td>\n<\/tr>\n<tr>\n<th>Typ <\/th>\n<td>Litowo-polimerowy<\/td>\n<\/tr>\n<\/tbody>\n<\/table>\n<\/div>\n","protected":false},"excerpt":{"rendered":"<p>Akumulator Gens ace 25C 1500mAh 3S1P 11.1V Airsoft Gun Lipo z konektorem mini Tamiya Plug Akumulator Gens ace 25C 1500mAh<\/p>\n","protected":false},"featured_media":29147,"comment_status":"closed","ping_status":"open","template":"","meta":{"_acf_changed":false},"product_brand":[],"product_cat":[1183,1182,1169],"product_tag":[],"class_list":{"0":"post-29146","1":"product","2":"type-product","3":"status-publish","4":"has-post-thumbnail","6":"product_cat-litowe-i-nimh","7":"product_cat-akumulatory","8":"product_cat-modele-rc","9":"pa_box-height-3534","10":"pa_box-length-2506","11":"pa_box-width-1876","12":"pa_gross-weight-2652","13":"pa_napiecie-v-11-1","14":"pa_net-weight-2868","15":"pa_pojemnosc-mah-5091","16":"pa_prad-rozladowania-c-4782","17":"pa_waga-netto-g-1521","19":"first","20":"outofstock","21":"taxable","22":"shipping-taxable","23":"purchasable","24":"product-type-simple"},"acf":[],"yoast_head":"<!-- This site is optimized with the Yoast SEO plugin v27.2 - https:\/\/yoast.com\/product\/yoast-seo-wordpress\/ -->\n<title>Akumulator Gens ace 25C 1500mAh 3S1P 11.1V Airsoft Gun Lipo z konektorem mini Tamiya Plug - IRONSKY.PL Sklep z Dronami<\/title>\n<meta name=\"description\" content=\"Akumulator Gens ace 25C 1500mAh 3S1P 11.1V Airsoft Gun Lipo z konektorem mini Tamiya Plug - \u2705 sklep z dronami i fachowym doradztwem. \u2705 Tutaj kupisz produkty DJI, Yuneec, Parrot, Syma i wiele innych, a tak\u017ce kursy i licencje na operatora drona.\" \/>\n<meta name=\"robots\" content=\"index, follow, max-snippet:-1, max-image-preview:large, max-video-preview:-1\" \/>\n<link rel=\"canonical\" href=\"https:\/\/ironsky.pl\/sklep\/produkt\/akumulator-gens-ace-25c-1500mah-3s1p-11-1v-airsoft-gun-lipo-z-konektorem-mini-tamiya-plug\/\" \/>\n<meta property=\"og:locale\" content=\"pl_PL\" \/>\n<meta property=\"og:type\" content=\"article\" \/>\n<meta property=\"og:title\" content=\"Akumulator Gens ace 25C 1500mAh 3S1P 11.1V Airsoft Gun Lipo z konektorem mini Tamiya Plug - IRONSKY.PL Sklep z Dronami\" \/>\n<meta property=\"og:description\" content=\"Akumulator Gens ace 25C 1500mAh 3S1P 11.1V Airsoft Gun Lipo z konektorem mini Tamiya Plug - \u2705 sklep z dronami i fachowym doradztwem. \u2705 Tutaj kupisz produkty DJI, Yuneec, Parrot, Syma i wiele innych, a tak\u017ce kursy i licencje na operatora drona.\" \/>\n<meta property=\"og:url\" content=\"https:\/\/ironsky.pl\/sklep\/produkt\/akumulator-gens-ace-25c-1500mah-3s1p-11-1v-airsoft-gun-lipo-z-konektorem-mini-tamiya-plug\/\" \/>\n<meta property=\"og:site_name\" content=\"IRONSKY.PL Sklep z Dronami\" \/>\n<meta property=\"article:modified_time\" content=\"2026-03-05T14:54:03+00:00\" \/>\n<meta property=\"og:image\" content=\"https:\/\/ironsky.pl\/sklep\/wp-content\/uploads\/2024\/09\/42749_3.jpg\" \/>\n\t<meta property=\"og:image:width\" content=\"800\" \/>\n\t<meta property=\"og:image:height\" content=\"801\" \/>\n\t<meta property=\"og:image:type\" content=\"image\/jpeg\" \/>\n<meta name=\"twitter:card\" content=\"summary_large_image\" \/>\n<meta name=\"twitter:label1\" content=\"Szacowany czas czytania\" \/>\n\t<meta name=\"twitter:data1\" content=\"1 minuta\" \/>\n<script type=\"application\/ld+json\" class=\"yoast-schema-graph\">{\"@context\":\"https:\/\/schema.org\",\"@graph\":[{\"@type\":\"WebPage\",\"@id\":\"https:\/\/ironsky.pl\/sklep\/produkt\/akumulator-gens-ace-25c-1500mah-3s1p-11-1v-airsoft-gun-lipo-z-konektorem-mini-tamiya-plug\/\",\"url\":\"https:\/\/ironsky.pl\/sklep\/produkt\/akumulator-gens-ace-25c-1500mah-3s1p-11-1v-airsoft-gun-lipo-z-konektorem-mini-tamiya-plug\/\",\"name\":\"Akumulator Gens ace 25C 1500mAh 3S1P 11.1V Airsoft Gun Lipo z konektorem mini Tamiya Plug - IRONSKY.PL Sklep z Dronami\",\"isPartOf\":{\"@id\":\"https:\/\/ironsky.pl\/sklep\/#website\"},\"primaryImageOfPage\":{\"@id\":\"https:\/\/ironsky.pl\/sklep\/produkt\/akumulator-gens-ace-25c-1500mah-3s1p-11-1v-airsoft-gun-lipo-z-konektorem-mini-tamiya-plug\/#primaryimage\"},\"image\":{\"@id\":\"https:\/\/ironsky.pl\/sklep\/produkt\/akumulator-gens-ace-25c-1500mah-3s1p-11-1v-airsoft-gun-lipo-z-konektorem-mini-tamiya-plug\/#primaryimage\"},\"thumbnailUrl\":\"https:\/\/ironsky.pl\/sklep\/wp-content\/uploads\/2024\/09\/42749_3.jpg\",\"datePublished\":\"2024-09-16T18:46:25+00:00\",\"dateModified\":\"2026-03-05T14:54:03+00:00\",\"description\":\"Akumulator Gens ace 25C 1500mAh 3S1P 11.1V Airsoft Gun Lipo z konektorem mini Tamiya Plug - \u2705 sklep z dronami i fachowym doradztwem. \u2705 Tutaj kupisz produkty DJI, Yuneec, Parrot, Syma i wiele innych, a tak\u017ce kursy i licencje na operatora drona.\",\"breadcrumb\":{\"@id\":\"https:\/\/ironsky.pl\/sklep\/produkt\/akumulator-gens-ace-25c-1500mah-3s1p-11-1v-airsoft-gun-lipo-z-konektorem-mini-tamiya-plug\/#breadcrumb\"},\"inLanguage\":\"pl-PL\",\"potentialAction\":[{\"@type\":\"ReadAction\",\"target\":[\"https:\/\/ironsky.pl\/sklep\/produkt\/akumulator-gens-ace-25c-1500mah-3s1p-11-1v-airsoft-gun-lipo-z-konektorem-mini-tamiya-plug\/\"]}]},{\"@type\":\"ImageObject\",\"inLanguage\":\"pl-PL\",\"@id\":\"https:\/\/ironsky.pl\/sklep\/produkt\/akumulator-gens-ace-25c-1500mah-3s1p-11-1v-airsoft-gun-lipo-z-konektorem-mini-tamiya-plug\/#primaryimage\",\"url\":\"https:\/\/ironsky.pl\/sklep\/wp-content\/uploads\/2024\/09\/42749_3.jpg\",\"contentUrl\":\"https:\/\/ironsky.pl\/sklep\/wp-content\/uploads\/2024\/09\/42749_3.jpg\",\"width\":800,\"height\":801},{\"@type\":\"BreadcrumbList\",\"@id\":\"https:\/\/ironsky.pl\/sklep\/produkt\/akumulator-gens-ace-25c-1500mah-3s1p-11-1v-airsoft-gun-lipo-z-konektorem-mini-tamiya-plug\/#breadcrumb\",\"itemListElement\":[{\"@type\":\"ListItem\",\"position\":1,\"name\":\"Strona g\u0142\u00f3wna\",\"item\":\"https:\/\/ironsky.pl\/sklep\/\"},{\"@type\":\"ListItem\",\"position\":2,\"name\":\"Wszystkie produkty\",\"item\":\"https:\/\/ironsky.pl\/sklep\/produkty\/\"},{\"@type\":\"ListItem\",\"position\":3,\"name\":\"Akumulator Gens ace 25C 1500mAh 3S1P 11.1V Airsoft Gun Lipo z konektorem mini Tamiya Plug\"}]},{\"@type\":\"WebSite\",\"@id\":\"https:\/\/ironsky.pl\/sklep\/#website\",\"url\":\"https:\/\/ironsky.pl\/sklep\/\",\"name\":\"IRONSKY.PL Sklep z Dronami\",\"description\":\"IRONSKY.PL Sklep z Dronami\",\"potentialAction\":[{\"@type\":\"SearchAction\",\"target\":{\"@type\":\"EntryPoint\",\"urlTemplate\":\"https:\/\/ironsky.pl\/sklep\/?s={search_term_string}\"},\"query-input\":{\"@type\":\"PropertyValueSpecification\",\"valueRequired\":true,\"valueName\":\"search_term_string\"}}],\"inLanguage\":\"pl-PL\"}]}<\/script>\n<!-- \/ Yoast SEO plugin. -->","yoast_head_json":{"title":"Akumulator Gens ace 25C 1500mAh 3S1P 11.1V Airsoft Gun Lipo z konektorem mini Tamiya Plug - IRONSKY.PL Sklep z Dronami","description":"Akumulator Gens ace 25C 1500mAh 3S1P 11.1V Airsoft Gun Lipo z konektorem mini Tamiya Plug - \u2705 sklep z dronami i fachowym doradztwem. \u2705 Tutaj kupisz produkty DJI, Yuneec, Parrot, Syma i wiele innych, a tak\u017ce kursy i licencje na operatora drona.","robots":{"index":"index","follow":"follow","max-snippet":"max-snippet:-1","max-image-preview":"max-image-preview:large","max-video-preview":"max-video-preview:-1"},"canonical":"https:\/\/ironsky.pl\/sklep\/produkt\/akumulator-gens-ace-25c-1500mah-3s1p-11-1v-airsoft-gun-lipo-z-konektorem-mini-tamiya-plug\/","og_locale":"pl_PL","og_type":"article","og_title":"Akumulator Gens ace 25C 1500mAh 3S1P 11.1V Airsoft Gun Lipo z konektorem mini Tamiya Plug - IRONSKY.PL Sklep z Dronami","og_description":"Akumulator Gens ace 25C 1500mAh 3S1P 11.1V Airsoft Gun Lipo z konektorem mini Tamiya Plug - \u2705 sklep z dronami i fachowym doradztwem. \u2705 Tutaj kupisz produkty DJI, Yuneec, Parrot, Syma i wiele innych, a tak\u017ce kursy i licencje na operatora drona.","og_url":"https:\/\/ironsky.pl\/sklep\/produkt\/akumulator-gens-ace-25c-1500mah-3s1p-11-1v-airsoft-gun-lipo-z-konektorem-mini-tamiya-plug\/","og_site_name":"IRONSKY.PL Sklep z Dronami","article_modified_time":"2026-03-05T14:54:03+00:00","og_image":[{"width":800,"height":801,"url":"https:\/\/ironsky.pl\/sklep\/wp-content\/uploads\/2024\/09\/42749_3.jpg","type":"image\/jpeg"}],"twitter_card":"summary_large_image","twitter_misc":{"Szacowany czas czytania":"1 minuta"},"schema":{"@context":"https:\/\/schema.org","@graph":[{"@type":"WebPage","@id":"https:\/\/ironsky.pl\/sklep\/produkt\/akumulator-gens-ace-25c-1500mah-3s1p-11-1v-airsoft-gun-lipo-z-konektorem-mini-tamiya-plug\/","url":"https:\/\/ironsky.pl\/sklep\/produkt\/akumulator-gens-ace-25c-1500mah-3s1p-11-1v-airsoft-gun-lipo-z-konektorem-mini-tamiya-plug\/","name":"Akumulator Gens ace 25C 1500mAh 3S1P 11.1V Airsoft Gun Lipo z konektorem mini Tamiya Plug - IRONSKY.PL Sklep z Dronami","isPartOf":{"@id":"https:\/\/ironsky.pl\/sklep\/#website"},"primaryImageOfPage":{"@id":"https:\/\/ironsky.pl\/sklep\/produkt\/akumulator-gens-ace-25c-1500mah-3s1p-11-1v-airsoft-gun-lipo-z-konektorem-mini-tamiya-plug\/#primaryimage"},"image":{"@id":"https:\/\/ironsky.pl\/sklep\/produkt\/akumulator-gens-ace-25c-1500mah-3s1p-11-1v-airsoft-gun-lipo-z-konektorem-mini-tamiya-plug\/#primaryimage"},"thumbnailUrl":"https:\/\/ironsky.pl\/sklep\/wp-content\/uploads\/2024\/09\/42749_3.jpg","datePublished":"2024-09-16T18:46:25+00:00","dateModified":"2026-03-05T14:54:03+00:00","description":"Akumulator Gens ace 25C 1500mAh 3S1P 11.1V Airsoft Gun Lipo z konektorem mini Tamiya Plug - \u2705 sklep z dronami i fachowym doradztwem. \u2705 Tutaj kupisz produkty DJI, Yuneec, Parrot, Syma i wiele innych, a tak\u017ce kursy i licencje na operatora drona.","breadcrumb":{"@id":"https:\/\/ironsky.pl\/sklep\/produkt\/akumulator-gens-ace-25c-1500mah-3s1p-11-1v-airsoft-gun-lipo-z-konektorem-mini-tamiya-plug\/#breadcrumb"},"inLanguage":"pl-PL","potentialAction":[{"@type":"ReadAction","target":["https:\/\/ironsky.pl\/sklep\/produkt\/akumulator-gens-ace-25c-1500mah-3s1p-11-1v-airsoft-gun-lipo-z-konektorem-mini-tamiya-plug\/"]}]},{"@type":"ImageObject","inLanguage":"pl-PL","@id":"https:\/\/ironsky.pl\/sklep\/produkt\/akumulator-gens-ace-25c-1500mah-3s1p-11-1v-airsoft-gun-lipo-z-konektorem-mini-tamiya-plug\/#primaryimage","url":"https:\/\/ironsky.pl\/sklep\/wp-content\/uploads\/2024\/09\/42749_3.jpg","contentUrl":"https:\/\/ironsky.pl\/sklep\/wp-content\/uploads\/2024\/09\/42749_3.jpg","width":800,"height":801},{"@type":"BreadcrumbList","@id":"https:\/\/ironsky.pl\/sklep\/produkt\/akumulator-gens-ace-25c-1500mah-3s1p-11-1v-airsoft-gun-lipo-z-konektorem-mini-tamiya-plug\/#breadcrumb","itemListElement":[{"@type":"ListItem","position":1,"name":"Strona g\u0142\u00f3wna","item":"https:\/\/ironsky.pl\/sklep\/"},{"@type":"ListItem","position":2,"name":"Wszystkie produkty","item":"https:\/\/ironsky.pl\/sklep\/produkty\/"},{"@type":"ListItem","position":3,"name":"Akumulator Gens ace 25C 1500mAh 3S1P 11.1V Airsoft Gun Lipo z konektorem mini Tamiya Plug"}]},{"@type":"WebSite","@id":"https:\/\/ironsky.pl\/sklep\/#website","url":"https:\/\/ironsky.pl\/sklep\/","name":"IRONSKY.PL Sklep z Dronami","description":"IRONSKY.PL Sklep z Dronami","potentialAction":[{"@type":"SearchAction","target":{"@type":"EntryPoint","urlTemplate":"https:\/\/ironsky.pl\/sklep\/?s={search_term_string}"},"query-input":{"@type":"PropertyValueSpecification","valueRequired":true,"valueName":"search_term_string"}}],"inLanguage":"pl-PL"}]}},"_links":{"self":[{"href":"https:\/\/ironsky.pl\/sklep\/wp-json\/wp\/v2\/product\/29146","targetHints":{"allow":["GET"]}}],"collection":[{"href":"https:\/\/ironsky.pl\/sklep\/wp-json\/wp\/v2\/product"}],"about":[{"href":"https:\/\/ironsky.pl\/sklep\/wp-json\/wp\/v2\/types\/product"}],"replies":[{"embeddable":true,"href":"https:\/\/ironsky.pl\/sklep\/wp-json\/wp\/v2\/comments?post=29146"}],"wp:featuredmedia":[{"embeddable":true,"href":"https:\/\/ironsky.pl\/sklep\/wp-json\/wp\/v2\/media\/29147"}],"wp:attachment":[{"href":"https:\/\/ironsky.pl\/sklep\/wp-json\/wp\/v2\/media?parent=29146"}],"wp:term":[{"taxonomy":"product_brand","embeddable":true,"href":"https:\/\/ironsky.pl\/sklep\/wp-json\/wp\/v2\/product_brand?post=29146"},{"taxonomy":"product_cat","embeddable":true,"href":"https:\/\/ironsky.pl\/sklep\/wp-json\/wp\/v2\/product_cat?post=29146"},{"taxonomy":"product_tag","embeddable":true,"href":"https:\/\/ironsky.pl\/sklep\/wp-json\/wp\/v2\/product_tag?post=29146"}],"curies":[{"name":"wp","href":"https:\/\/api.w.org\/{rel}","templated":true}]}}