{"id":28940,"date":"2024-09-16T20:42:50","date_gmt":"2024-09-16T18:42:50","guid":{"rendered":"http:\/\/gvshalph.pro-linuxpl.com\/ironskyprodukty\/produkt\/akumulator-gens-ace-g-tech-soaring-1300mah-11-1v-30c-3s1p-lipo-battery\/"},"modified":"2026-05-03T06:01:08","modified_gmt":"2026-05-03T04:01:08","slug":"akumulator-gens-ace-g-tech-soaring-1300mah-11-1v-30c-3s1p-lipo-battery","status":"publish","type":"product","link":"https:\/\/ironsky.pl\/sklep\/produkt\/akumulator-gens-ace-g-tech-soaring-1300mah-11-1v-30c-3s1p-lipo-battery\/","title":{"rendered":"Akumulator Gens ace G-Tech Soaring 1300mAh 11.1V 30C 3S1P Lipo Battery"},"content":{"rendered":"<h3>Akumulator Gens ace G-Tech Soaring 1300mAh 11.1V 30C 3S1P Lipo Battery<\/h3>\n<p>Akumulator Lipo Gens ace G-Tech Soaring zosta\u0142 zaprojektowany, aby zapewnia\u0107 niezawodne i wydajne zasilanie dla r\u00f3\u017cnorodnych modeli RC, takich jak samoloty i odrzutowce F-18, F-22 Raptor, a tak\u017ce Parkmaster 3D czy Airfield F15 Jet. Oferuje pojemno\u015b\u0107 1300 mAh, napi\u0119cie 11,1 V (3S) i pr\u0105d roz\u0142adowania na poziomie 30C, dzi\u0119ki czemu mo\u017ce zagwarantowa\u0107 odpowiedni\u0105 moc do dynamicznych lot\u00f3w i zaawansowanych manewr\u00f3w. Z\u0142\u0105cze XT60 i wtyk balansera JST-XH umo\u017cliwiaj\u0105 \u0142atwe i bezpieczne po\u0142\u0105czenie z wieloma dost\u0119pnymi urz\u0105dzeniami, a waga 107 g oraz kompaktowe wymiary 71,5 x 35 x 21 mm idealnie wpasowuj\u0105 si\u0119 w mniejsze modele, minimalizuj\u0105c wp\u0142yw na og\u00f3ln\u0105 mas\u0119 i zachowanie w powietrzu.<\/p>\n<p>\n<img decoding=\"async\" src=\"https:\/\/assets.innpro.pl\/5698\/6708\/1.jpg\" border=\"0\" \/>\n<\/p>\n<div class=\"table-wrapper\">\n<p>\u00a0<\/p>\n<h3><\/h3>\n<table>\n<tbody>\n<tr>\n<th>Producent<\/th>\n<td>Gens ace<\/td>\n<\/tr>\n<tr>\n<th>Model<\/th>\n<td>GEA133S30X6GT<\/td>\n<\/tr>\n<tr>\n<th>Pojemno\u015b\u0107<\/th>\n<td>1300 mAh<\/td>\n<\/tr>\n<tr>\n<th>Napi\u0119cie<\/th>\n<td>11,1 V \/ 3S<\/td>\n<\/tr>\n<tr>\n<th>Pr\u0105d roz\u0142adowania<\/th>\n<td>30C<\/td>\n<\/tr>\n<tr>\n<th>Typ z\u0142\u0105cza<\/th>\n<td>XT60<\/td>\n<\/tr>\n<tr>\n<th>Typ z\u0142\u0105cza balansera<\/th>\n<td>JST-XH<\/td>\n<\/tr>\n<tr>\n<th>Waga<\/th>\n<td>107 g<\/td>\n<\/tr>\n<tr>\n<th>Wymiary<\/th>\n<td>71,5 x 35 x 21 mm<\/td>\n<\/tr>\n<tr>\n<th>D\u0142ugo\u015b\u0107 przewodu (C\/D)<\/th>\n<td>45 mm \/ 120 mm<\/td>\n<\/tr>\n<\/tbody>\n<\/table>\n<\/div>\n","protected":false},"excerpt":{"rendered":"<p>Akumulator Gens ace G-Tech Soaring 1300mAh 11.1V 30C 3S1P Lipo Battery Akumulator Lipo Gens ace G-Tech Soaring zosta\u0142 zaprojektowany, aby<\/p>\n","protected":false},"featured_media":28941,"comment_status":"closed","ping_status":"open","template":"","meta":{"_acf_changed":false},"product_brand":[],"product_cat":[1183,1182,1169],"product_tag":[],"class_list":{"0":"post-28940","1":"product","2":"type-product","3":"status-publish","4":"has-post-thumbnail","6":"product_cat-litowe-i-nimh","7":"product_cat-akumulatory","8":"product_cat-modele-rc","9":"pa_box-height-4944","10":"pa_box-length-4945","11":"pa_box-width-2179","12":"pa_gross-weight-4960","13":"pa_napiecie-v-11-1","14":"pa_net-weight-1791","15":"pa_pojemnosc-mah-2406","16":"pa_prad-rozladowania-c-2296","17":"pa_waga-netto-g-4961","19":"first","20":"instock","21":"taxable","22":"shipping-taxable","23":"purchasable","24":"product-type-simple"},"acf":[],"yoast_head":"<!-- This site is optimized with the Yoast SEO plugin v27.2 - https:\/\/yoast.com\/product\/yoast-seo-wordpress\/ -->\n<title>Akumulator Gens ace G-Tech Soaring 1300mAh 11.1V 30C 3S1P Lipo Battery - IRONSKY.PL Sklep z Dronami<\/title>\n<meta name=\"description\" content=\"Akumulator Gens ace G-Tech Soaring 1300mAh 11.1V 30C 3S1P Lipo Battery - \u2705 sklep z dronami i fachowym doradztwem. \u2705 Tutaj kupisz produkty DJI, Yuneec, Parrot, Syma i wiele innych, a tak\u017ce kursy i licencje na operatora drona.\" \/>\n<meta name=\"robots\" content=\"index, follow, max-snippet:-1, max-image-preview:large, max-video-preview:-1\" \/>\n<link rel=\"canonical\" href=\"https:\/\/ironsky.pl\/sklep\/produkt\/akumulator-gens-ace-g-tech-soaring-1300mah-11-1v-30c-3s1p-lipo-battery\/\" \/>\n<meta property=\"og:locale\" content=\"pl_PL\" \/>\n<meta property=\"og:type\" content=\"article\" \/>\n<meta property=\"og:title\" content=\"Akumulator Gens ace G-Tech Soaring 1300mAh 11.1V 30C 3S1P Lipo Battery - IRONSKY.PL Sklep z Dronami\" \/>\n<meta property=\"og:description\" content=\"Akumulator Gens ace G-Tech Soaring 1300mAh 11.1V 30C 3S1P Lipo Battery - \u2705 sklep z dronami i fachowym doradztwem. \u2705 Tutaj kupisz produkty DJI, Yuneec, Parrot, Syma i wiele innych, a tak\u017ce kursy i licencje na operatora drona.\" \/>\n<meta property=\"og:url\" content=\"https:\/\/ironsky.pl\/sklep\/produkt\/akumulator-gens-ace-g-tech-soaring-1300mah-11-1v-30c-3s1p-lipo-battery\/\" \/>\n<meta property=\"og:site_name\" content=\"IRONSKY.PL Sklep z Dronami\" \/>\n<meta property=\"article:modified_time\" content=\"2026-05-03T04:01:08+00:00\" \/>\n<meta property=\"og:image\" content=\"https:\/\/ironsky.pl\/sklep\/wp-content\/uploads\/2024\/09\/42332_4.jpg\" \/>\n\t<meta property=\"og:image:width\" content=\"800\" \/>\n\t<meta property=\"og:image:height\" content=\"800\" \/>\n\t<meta property=\"og:image:type\" content=\"image\/jpeg\" \/>\n<meta name=\"twitter:card\" content=\"summary_large_image\" \/>\n<meta name=\"twitter:label1\" content=\"Szacowany czas czytania\" \/>\n\t<meta name=\"twitter:data1\" content=\"1 minuta\" \/>\n<script type=\"application\/ld+json\" class=\"yoast-schema-graph\">{\"@context\":\"https:\/\/schema.org\",\"@graph\":[{\"@type\":\"WebPage\",\"@id\":\"https:\/\/ironsky.pl\/sklep\/produkt\/akumulator-gens-ace-g-tech-soaring-1300mah-11-1v-30c-3s1p-lipo-battery\/\",\"url\":\"https:\/\/ironsky.pl\/sklep\/produkt\/akumulator-gens-ace-g-tech-soaring-1300mah-11-1v-30c-3s1p-lipo-battery\/\",\"name\":\"Akumulator Gens ace G-Tech Soaring 1300mAh 11.1V 30C 3S1P Lipo Battery - IRONSKY.PL Sklep z Dronami\",\"isPartOf\":{\"@id\":\"https:\/\/ironsky.pl\/sklep\/#website\"},\"primaryImageOfPage\":{\"@id\":\"https:\/\/ironsky.pl\/sklep\/produkt\/akumulator-gens-ace-g-tech-soaring-1300mah-11-1v-30c-3s1p-lipo-battery\/#primaryimage\"},\"image\":{\"@id\":\"https:\/\/ironsky.pl\/sklep\/produkt\/akumulator-gens-ace-g-tech-soaring-1300mah-11-1v-30c-3s1p-lipo-battery\/#primaryimage\"},\"thumbnailUrl\":\"https:\/\/ironsky.pl\/sklep\/wp-content\/uploads\/2024\/09\/42332_4.jpg\",\"datePublished\":\"2024-09-16T18:42:50+00:00\",\"dateModified\":\"2026-05-03T04:01:08+00:00\",\"description\":\"Akumulator Gens ace G-Tech Soaring 1300mAh 11.1V 30C 3S1P Lipo Battery - \u2705 sklep z dronami i fachowym doradztwem. \u2705 Tutaj kupisz produkty DJI, Yuneec, Parrot, Syma i wiele innych, a tak\u017ce kursy i licencje na operatora drona.\",\"breadcrumb\":{\"@id\":\"https:\/\/ironsky.pl\/sklep\/produkt\/akumulator-gens-ace-g-tech-soaring-1300mah-11-1v-30c-3s1p-lipo-battery\/#breadcrumb\"},\"inLanguage\":\"pl-PL\",\"potentialAction\":[{\"@type\":\"ReadAction\",\"target\":[\"https:\/\/ironsky.pl\/sklep\/produkt\/akumulator-gens-ace-g-tech-soaring-1300mah-11-1v-30c-3s1p-lipo-battery\/\"]}]},{\"@type\":\"ImageObject\",\"inLanguage\":\"pl-PL\",\"@id\":\"https:\/\/ironsky.pl\/sklep\/produkt\/akumulator-gens-ace-g-tech-soaring-1300mah-11-1v-30c-3s1p-lipo-battery\/#primaryimage\",\"url\":\"https:\/\/ironsky.pl\/sklep\/wp-content\/uploads\/2024\/09\/42332_4.jpg\",\"contentUrl\":\"https:\/\/ironsky.pl\/sklep\/wp-content\/uploads\/2024\/09\/42332_4.jpg\",\"width\":800,\"height\":800},{\"@type\":\"BreadcrumbList\",\"@id\":\"https:\/\/ironsky.pl\/sklep\/produkt\/akumulator-gens-ace-g-tech-soaring-1300mah-11-1v-30c-3s1p-lipo-battery\/#breadcrumb\",\"itemListElement\":[{\"@type\":\"ListItem\",\"position\":1,\"name\":\"Strona g\u0142\u00f3wna\",\"item\":\"https:\/\/ironsky.pl\/sklep\/\"},{\"@type\":\"ListItem\",\"position\":2,\"name\":\"Wszystkie produkty\",\"item\":\"https:\/\/ironsky.pl\/sklep\/produkty\/\"},{\"@type\":\"ListItem\",\"position\":3,\"name\":\"Akumulator Gens ace G-Tech Soaring 1300mAh 11.1V 30C 3S1P Lipo Battery\"}]},{\"@type\":\"WebSite\",\"@id\":\"https:\/\/ironsky.pl\/sklep\/#website\",\"url\":\"https:\/\/ironsky.pl\/sklep\/\",\"name\":\"IRONSKY.PL Sklep z Dronami\",\"description\":\"IRONSKY.PL Sklep z Dronami\",\"potentialAction\":[{\"@type\":\"SearchAction\",\"target\":{\"@type\":\"EntryPoint\",\"urlTemplate\":\"https:\/\/ironsky.pl\/sklep\/?s={search_term_string}\"},\"query-input\":{\"@type\":\"PropertyValueSpecification\",\"valueRequired\":true,\"valueName\":\"search_term_string\"}}],\"inLanguage\":\"pl-PL\"}]}<\/script>\n<!-- \/ Yoast SEO plugin. -->","yoast_head_json":{"title":"Akumulator Gens ace G-Tech Soaring 1300mAh 11.1V 30C 3S1P Lipo Battery - IRONSKY.PL Sklep z Dronami","description":"Akumulator Gens ace G-Tech Soaring 1300mAh 11.1V 30C 3S1P Lipo Battery - \u2705 sklep z dronami i fachowym doradztwem. \u2705 Tutaj kupisz produkty DJI, Yuneec, Parrot, Syma i wiele innych, a tak\u017ce kursy i licencje na operatora drona.","robots":{"index":"index","follow":"follow","max-snippet":"max-snippet:-1","max-image-preview":"max-image-preview:large","max-video-preview":"max-video-preview:-1"},"canonical":"https:\/\/ironsky.pl\/sklep\/produkt\/akumulator-gens-ace-g-tech-soaring-1300mah-11-1v-30c-3s1p-lipo-battery\/","og_locale":"pl_PL","og_type":"article","og_title":"Akumulator Gens ace G-Tech Soaring 1300mAh 11.1V 30C 3S1P Lipo Battery - IRONSKY.PL Sklep z Dronami","og_description":"Akumulator Gens ace G-Tech Soaring 1300mAh 11.1V 30C 3S1P Lipo Battery - \u2705 sklep z dronami i fachowym doradztwem. \u2705 Tutaj kupisz produkty DJI, Yuneec, Parrot, Syma i wiele innych, a tak\u017ce kursy i licencje na operatora drona.","og_url":"https:\/\/ironsky.pl\/sklep\/produkt\/akumulator-gens-ace-g-tech-soaring-1300mah-11-1v-30c-3s1p-lipo-battery\/","og_site_name":"IRONSKY.PL Sklep z Dronami","article_modified_time":"2026-05-03T04:01:08+00:00","og_image":[{"width":800,"height":800,"url":"https:\/\/ironsky.pl\/sklep\/wp-content\/uploads\/2024\/09\/42332_4.jpg","type":"image\/jpeg"}],"twitter_card":"summary_large_image","twitter_misc":{"Szacowany czas czytania":"1 minuta"},"schema":{"@context":"https:\/\/schema.org","@graph":[{"@type":"WebPage","@id":"https:\/\/ironsky.pl\/sklep\/produkt\/akumulator-gens-ace-g-tech-soaring-1300mah-11-1v-30c-3s1p-lipo-battery\/","url":"https:\/\/ironsky.pl\/sklep\/produkt\/akumulator-gens-ace-g-tech-soaring-1300mah-11-1v-30c-3s1p-lipo-battery\/","name":"Akumulator Gens ace G-Tech Soaring 1300mAh 11.1V 30C 3S1P Lipo Battery - IRONSKY.PL Sklep z Dronami","isPartOf":{"@id":"https:\/\/ironsky.pl\/sklep\/#website"},"primaryImageOfPage":{"@id":"https:\/\/ironsky.pl\/sklep\/produkt\/akumulator-gens-ace-g-tech-soaring-1300mah-11-1v-30c-3s1p-lipo-battery\/#primaryimage"},"image":{"@id":"https:\/\/ironsky.pl\/sklep\/produkt\/akumulator-gens-ace-g-tech-soaring-1300mah-11-1v-30c-3s1p-lipo-battery\/#primaryimage"},"thumbnailUrl":"https:\/\/ironsky.pl\/sklep\/wp-content\/uploads\/2024\/09\/42332_4.jpg","datePublished":"2024-09-16T18:42:50+00:00","dateModified":"2026-05-03T04:01:08+00:00","description":"Akumulator Gens ace G-Tech Soaring 1300mAh 11.1V 30C 3S1P Lipo Battery - \u2705 sklep z dronami i fachowym doradztwem. \u2705 Tutaj kupisz produkty DJI, Yuneec, Parrot, Syma i wiele innych, a tak\u017ce kursy i licencje na operatora drona.","breadcrumb":{"@id":"https:\/\/ironsky.pl\/sklep\/produkt\/akumulator-gens-ace-g-tech-soaring-1300mah-11-1v-30c-3s1p-lipo-battery\/#breadcrumb"},"inLanguage":"pl-PL","potentialAction":[{"@type":"ReadAction","target":["https:\/\/ironsky.pl\/sklep\/produkt\/akumulator-gens-ace-g-tech-soaring-1300mah-11-1v-30c-3s1p-lipo-battery\/"]}]},{"@type":"ImageObject","inLanguage":"pl-PL","@id":"https:\/\/ironsky.pl\/sklep\/produkt\/akumulator-gens-ace-g-tech-soaring-1300mah-11-1v-30c-3s1p-lipo-battery\/#primaryimage","url":"https:\/\/ironsky.pl\/sklep\/wp-content\/uploads\/2024\/09\/42332_4.jpg","contentUrl":"https:\/\/ironsky.pl\/sklep\/wp-content\/uploads\/2024\/09\/42332_4.jpg","width":800,"height":800},{"@type":"BreadcrumbList","@id":"https:\/\/ironsky.pl\/sklep\/produkt\/akumulator-gens-ace-g-tech-soaring-1300mah-11-1v-30c-3s1p-lipo-battery\/#breadcrumb","itemListElement":[{"@type":"ListItem","position":1,"name":"Strona g\u0142\u00f3wna","item":"https:\/\/ironsky.pl\/sklep\/"},{"@type":"ListItem","position":2,"name":"Wszystkie produkty","item":"https:\/\/ironsky.pl\/sklep\/produkty\/"},{"@type":"ListItem","position":3,"name":"Akumulator Gens ace G-Tech Soaring 1300mAh 11.1V 30C 3S1P Lipo Battery"}]},{"@type":"WebSite","@id":"https:\/\/ironsky.pl\/sklep\/#website","url":"https:\/\/ironsky.pl\/sklep\/","name":"IRONSKY.PL Sklep z Dronami","description":"IRONSKY.PL Sklep z Dronami","potentialAction":[{"@type":"SearchAction","target":{"@type":"EntryPoint","urlTemplate":"https:\/\/ironsky.pl\/sklep\/?s={search_term_string}"},"query-input":{"@type":"PropertyValueSpecification","valueRequired":true,"valueName":"search_term_string"}}],"inLanguage":"pl-PL"}]}},"_links":{"self":[{"href":"https:\/\/ironsky.pl\/sklep\/wp-json\/wp\/v2\/product\/28940","targetHints":{"allow":["GET"]}}],"collection":[{"href":"https:\/\/ironsky.pl\/sklep\/wp-json\/wp\/v2\/product"}],"about":[{"href":"https:\/\/ironsky.pl\/sklep\/wp-json\/wp\/v2\/types\/product"}],"replies":[{"embeddable":true,"href":"https:\/\/ironsky.pl\/sklep\/wp-json\/wp\/v2\/comments?post=28940"}],"wp:featuredmedia":[{"embeddable":true,"href":"https:\/\/ironsky.pl\/sklep\/wp-json\/wp\/v2\/media\/28941"}],"wp:attachment":[{"href":"https:\/\/ironsky.pl\/sklep\/wp-json\/wp\/v2\/media?parent=28940"}],"wp:term":[{"taxonomy":"product_brand","embeddable":true,"href":"https:\/\/ironsky.pl\/sklep\/wp-json\/wp\/v2\/product_brand?post=28940"},{"taxonomy":"product_cat","embeddable":true,"href":"https:\/\/ironsky.pl\/sklep\/wp-json\/wp\/v2\/product_cat?post=28940"},{"taxonomy":"product_tag","embeddable":true,"href":"https:\/\/ironsky.pl\/sklep\/wp-json\/wp\/v2\/product_tag?post=28940"}],"curies":[{"name":"wp","href":"https:\/\/api.w.org\/{rel}","templated":true}]}}