{"id":28856,"date":"2024-09-16T20:41:48","date_gmt":"2024-09-16T18:41:48","guid":{"rendered":"http:\/\/gvshalph.pro-linuxpl.com\/ironskyprodukty\/produkt\/odbiornik-flysky-ftr10-10-kanalow-afhds-3\/"},"modified":"2026-03-05T15:53:51","modified_gmt":"2026-03-05T14:53:51","slug":"odbiornik-flysky-ftr10-10-kanalow-afhds-3","status":"publish","type":"product","link":"https:\/\/ironsky.pl\/sklep\/produkt\/odbiornik-flysky-ftr10-10-kanalow-afhds-3\/","title":{"rendered":"Odbiornik FlySky FTR10, 10 kana\u0142\u00f3w AFHDS 3"},"content":{"rendered":"<h3>Odbiornik FlySky FTR10<\/h3>\n<\/p>\n<p>FlySky FTR10 to zaawansowany odbiornik oferuj\u0105cy 10 kana\u0142\u00f3w PWM. Pracuje w pa\u015bmie 2,4 GHz z zasi\u0119giem oko\u0142o 3500 m, zapewniaj\u0105c stabiln\u0105 transmisj\u0119 sygna\u0142u nawet na du\u017ce odleg\u0142o\u015bci. Obs\u0142uguje system AFHDS 3 i aktualizacje online, a ponadto wspiera interfejsy danych i-BUS, S-BUS, PPM, PWM oraz UART, co umo\u017cliwia wszechstronne zastosowanie. Cechuje si\u0119 przy tym kompaktowymi wymiarami 52 x 28 x 22 mm i wag\u0105 22 g. Co wi\u0119cej, odbiornik mo\u017ce dzia\u0142a\u0107 w temperaturach od -15\u00b0C do 60\u00b0C przy wilgotno\u015bci od 20% do 95%, dzi\u0119ki czemu doskonale sprawdza si\u0119 nawet w wymagaj\u0105cych warunkach. Model FTR10 pasuje mi\u0119dzy innymi do modeli sta\u0142op\u0142at\u00f3w, szybowc\u00f3w, helikopter\u00f3w i dron\u00f3w.<\/p>\n<\/p>\n<p>\n<img decoding=\"async\" src=\"https:\/\/assets.innpro.pl\/4683\/5412\/3.jpg\" border=\"0\" \/>\n<\/p>\n<div class=\"table-wrapper\">\n<p>\u00a0<\/p>\n<h3><\/h3>\n<table>\n<tbody>\n<tr>\n<th>Producent<\/th>\n<td>FlySky<\/td>\n<\/tr>\n<tr>\n<th>Model<\/th>\n<td>FTR10<\/td>\n<\/tr>\n<tr>\n<th>Kana\u0142y PWM<\/th>\n<td>10<\/td>\n<\/tr>\n<tr>\n<th>RF<\/th>\n<td>2.4g<\/td>\n<\/tr>\n<tr>\n<th>Protok\u00f3\u0142<\/th>\n<td>AFHDS 3<\/td>\n<\/tr>\n<tr>\n<th>Zasi\u0119g<\/th>\n<td>&gt; 3500 m<\/td>\n<\/tr>\n<tr>\n<th>Rodzaj anteny<\/th>\n<td>103 mm x2<\/td>\n<\/tr>\n<tr>\n<th>Zasilanie<\/th>\n<td>3,5 V &#8211; 18 V<\/td>\n<\/tr>\n<tr>\n<th>RSSI<\/th>\n<td>Tak<\/td>\n<\/tr>\n<tr>\n<th>interfejs danych<\/th>\n<td>i-BUS, S-BUS, PPM, PWM, UART<\/td>\n<\/tr>\n<tr>\n<th>Zakres temperatur<\/th>\n<td>Od -15\u00b0C do 60\u00b0C<\/td>\n<\/tr>\n<tr>\n<th>Zakres wilgotno\u015bci<\/th>\n<td>Od 20% do 95%<\/td>\n<\/tr>\n<tr>\n<th>Aktualizacje online<\/th>\n<td>Tak<\/td>\n<\/tr>\n<tr>\n<th>Wymiary<\/th>\n<td>52 x 28 x 22 mm<\/td>\n<\/tr>\n<tr>\n<th>Waga<\/th>\n<td>22 g<\/td>\n<\/tr>\n<tr>\n<th>Certyfikacja<\/th>\n<td>CE, FCC ID: N4ZFTR1000<\/td>\n<\/tr>\n<\/tbody>\n<\/table>\n<\/div>\n","protected":false},"excerpt":{"rendered":"<p>Odbiornik FlySky FTR10 FlySky FTR10 to zaawansowany odbiornik oferuj\u0105cy 10 kana\u0142\u00f3w PWM. Pracuje w pa\u015bmie 2,4 GHz z zasi\u0119giem oko\u0142o<\/p>\n","protected":false},"featured_media":28857,"comment_status":"closed","ping_status":"open","template":"","meta":{"_acf_changed":false},"product_brand":[],"product_cat":[1177,1169,1179],"product_tag":[],"class_list":{"0":"post-28856","1":"product","2":"type-product","3":"status-publish","4":"has-post-thumbnail","6":"product_cat-aparatury","7":"product_cat-modele-rc","8":"product_cat-odbiorniki","9":"pa_box-height-1702","10":"pa_box-length-4217","11":"pa_box-width-2884","12":"pa_gross-weight-4802","13":"pa_ilosc-kanalow-1605","14":"pa_net-weight-4006","15":"pa_waga-netto-g-4803","17":"first","18":"outofstock","19":"taxable","20":"shipping-taxable","21":"purchasable","22":"product-type-simple"},"acf":[],"yoast_head":"<!-- This site is optimized with the Yoast SEO plugin v27.2 - https:\/\/yoast.com\/product\/yoast-seo-wordpress\/ -->\n<title>Odbiornik FlySky FTR10, 10 kana\u0142\u00f3w AFHDS 3 - IRONSKY.PL Sklep z Dronami<\/title>\n<meta name=\"description\" content=\"Odbiornik FlySky FTR10, 10 kana\u0142\u00f3w AFHDS 3 - \u2705 sklep z dronami i fachowym doradztwem. \u2705 Tutaj kupisz produkty DJI, Yuneec, Parrot, Syma i wiele innych, a tak\u017ce kursy i licencje na operatora drona.\" \/>\n<meta name=\"robots\" content=\"index, follow, max-snippet:-1, max-image-preview:large, max-video-preview:-1\" \/>\n<link rel=\"canonical\" href=\"https:\/\/ironsky.pl\/sklep\/produkt\/odbiornik-flysky-ftr10-10-kanalow-afhds-3\/\" \/>\n<meta property=\"og:locale\" content=\"pl_PL\" \/>\n<meta property=\"og:type\" content=\"article\" \/>\n<meta property=\"og:title\" content=\"Odbiornik FlySky FTR10, 10 kana\u0142\u00f3w AFHDS 3 - IRONSKY.PL Sklep z Dronami\" \/>\n<meta property=\"og:description\" content=\"Odbiornik FlySky FTR10, 10 kana\u0142\u00f3w AFHDS 3 - \u2705 sklep z dronami i fachowym doradztwem. \u2705 Tutaj kupisz produkty DJI, Yuneec, Parrot, Syma i wiele innych, a tak\u017ce kursy i licencje na operatora drona.\" \/>\n<meta property=\"og:url\" content=\"https:\/\/ironsky.pl\/sklep\/produkt\/odbiornik-flysky-ftr10-10-kanalow-afhds-3\/\" \/>\n<meta property=\"og:site_name\" content=\"IRONSKY.PL Sklep z Dronami\" \/>\n<meta property=\"article:modified_time\" content=\"2026-03-05T14:53:51+00:00\" \/>\n<meta property=\"og:image\" content=\"https:\/\/ironsky.pl\/sklep\/wp-content\/uploads\/2024\/09\/41352_1.jpg\" \/>\n\t<meta property=\"og:image:width\" content=\"800\" \/>\n\t<meta property=\"og:image:height\" content=\"800\" \/>\n\t<meta property=\"og:image:type\" content=\"image\/jpeg\" \/>\n<meta name=\"twitter:card\" content=\"summary_large_image\" \/>\n<meta name=\"twitter:label1\" content=\"Szacowany czas czytania\" \/>\n\t<meta name=\"twitter:data1\" content=\"1 minuta\" \/>\n<script type=\"application\/ld+json\" class=\"yoast-schema-graph\">{\"@context\":\"https:\/\/schema.org\",\"@graph\":[{\"@type\":\"WebPage\",\"@id\":\"https:\/\/ironsky.pl\/sklep\/produkt\/odbiornik-flysky-ftr10-10-kanalow-afhds-3\/\",\"url\":\"https:\/\/ironsky.pl\/sklep\/produkt\/odbiornik-flysky-ftr10-10-kanalow-afhds-3\/\",\"name\":\"Odbiornik FlySky FTR10, 10 kana\u0142\u00f3w AFHDS 3 - IRONSKY.PL Sklep z Dronami\",\"isPartOf\":{\"@id\":\"https:\/\/ironsky.pl\/sklep\/#website\"},\"primaryImageOfPage\":{\"@id\":\"https:\/\/ironsky.pl\/sklep\/produkt\/odbiornik-flysky-ftr10-10-kanalow-afhds-3\/#primaryimage\"},\"image\":{\"@id\":\"https:\/\/ironsky.pl\/sklep\/produkt\/odbiornik-flysky-ftr10-10-kanalow-afhds-3\/#primaryimage\"},\"thumbnailUrl\":\"https:\/\/ironsky.pl\/sklep\/wp-content\/uploads\/2024\/09\/41352_1.jpg\",\"datePublished\":\"2024-09-16T18:41:48+00:00\",\"dateModified\":\"2026-03-05T14:53:51+00:00\",\"description\":\"Odbiornik FlySky FTR10, 10 kana\u0142\u00f3w AFHDS 3 - \u2705 sklep z dronami i fachowym doradztwem. \u2705 Tutaj kupisz produkty DJI, Yuneec, Parrot, Syma i wiele innych, a tak\u017ce kursy i licencje na operatora drona.\",\"breadcrumb\":{\"@id\":\"https:\/\/ironsky.pl\/sklep\/produkt\/odbiornik-flysky-ftr10-10-kanalow-afhds-3\/#breadcrumb\"},\"inLanguage\":\"pl-PL\",\"potentialAction\":[{\"@type\":\"ReadAction\",\"target\":[\"https:\/\/ironsky.pl\/sklep\/produkt\/odbiornik-flysky-ftr10-10-kanalow-afhds-3\/\"]}]},{\"@type\":\"ImageObject\",\"inLanguage\":\"pl-PL\",\"@id\":\"https:\/\/ironsky.pl\/sklep\/produkt\/odbiornik-flysky-ftr10-10-kanalow-afhds-3\/#primaryimage\",\"url\":\"https:\/\/ironsky.pl\/sklep\/wp-content\/uploads\/2024\/09\/41352_1.jpg\",\"contentUrl\":\"https:\/\/ironsky.pl\/sklep\/wp-content\/uploads\/2024\/09\/41352_1.jpg\",\"width\":800,\"height\":800},{\"@type\":\"BreadcrumbList\",\"@id\":\"https:\/\/ironsky.pl\/sklep\/produkt\/odbiornik-flysky-ftr10-10-kanalow-afhds-3\/#breadcrumb\",\"itemListElement\":[{\"@type\":\"ListItem\",\"position\":1,\"name\":\"Strona g\u0142\u00f3wna\",\"item\":\"https:\/\/ironsky.pl\/sklep\/\"},{\"@type\":\"ListItem\",\"position\":2,\"name\":\"Wszystkie produkty\",\"item\":\"https:\/\/ironsky.pl\/sklep\/produkty\/\"},{\"@type\":\"ListItem\",\"position\":3,\"name\":\"Odbiornik FlySky FTR10, 10 kana\u0142\u00f3w AFHDS 3\"}]},{\"@type\":\"WebSite\",\"@id\":\"https:\/\/ironsky.pl\/sklep\/#website\",\"url\":\"https:\/\/ironsky.pl\/sklep\/\",\"name\":\"IRONSKY.PL Sklep z Dronami\",\"description\":\"IRONSKY.PL Sklep z Dronami\",\"potentialAction\":[{\"@type\":\"SearchAction\",\"target\":{\"@type\":\"EntryPoint\",\"urlTemplate\":\"https:\/\/ironsky.pl\/sklep\/?s={search_term_string}\"},\"query-input\":{\"@type\":\"PropertyValueSpecification\",\"valueRequired\":true,\"valueName\":\"search_term_string\"}}],\"inLanguage\":\"pl-PL\"}]}<\/script>\n<!-- \/ Yoast SEO plugin. -->","yoast_head_json":{"title":"Odbiornik FlySky FTR10, 10 kana\u0142\u00f3w AFHDS 3 - IRONSKY.PL Sklep z Dronami","description":"Odbiornik FlySky FTR10, 10 kana\u0142\u00f3w AFHDS 3 - \u2705 sklep z dronami i fachowym doradztwem. \u2705 Tutaj kupisz produkty DJI, Yuneec, Parrot, Syma i wiele innych, a tak\u017ce kursy i licencje na operatora drona.","robots":{"index":"index","follow":"follow","max-snippet":"max-snippet:-1","max-image-preview":"max-image-preview:large","max-video-preview":"max-video-preview:-1"},"canonical":"https:\/\/ironsky.pl\/sklep\/produkt\/odbiornik-flysky-ftr10-10-kanalow-afhds-3\/","og_locale":"pl_PL","og_type":"article","og_title":"Odbiornik FlySky FTR10, 10 kana\u0142\u00f3w AFHDS 3 - IRONSKY.PL Sklep z Dronami","og_description":"Odbiornik FlySky FTR10, 10 kana\u0142\u00f3w AFHDS 3 - \u2705 sklep z dronami i fachowym doradztwem. \u2705 Tutaj kupisz produkty DJI, Yuneec, Parrot, Syma i wiele innych, a tak\u017ce kursy i licencje na operatora drona.","og_url":"https:\/\/ironsky.pl\/sklep\/produkt\/odbiornik-flysky-ftr10-10-kanalow-afhds-3\/","og_site_name":"IRONSKY.PL Sklep z Dronami","article_modified_time":"2026-03-05T14:53:51+00:00","og_image":[{"width":800,"height":800,"url":"https:\/\/ironsky.pl\/sklep\/wp-content\/uploads\/2024\/09\/41352_1.jpg","type":"image\/jpeg"}],"twitter_card":"summary_large_image","twitter_misc":{"Szacowany czas czytania":"1 minuta"},"schema":{"@context":"https:\/\/schema.org","@graph":[{"@type":"WebPage","@id":"https:\/\/ironsky.pl\/sklep\/produkt\/odbiornik-flysky-ftr10-10-kanalow-afhds-3\/","url":"https:\/\/ironsky.pl\/sklep\/produkt\/odbiornik-flysky-ftr10-10-kanalow-afhds-3\/","name":"Odbiornik FlySky FTR10, 10 kana\u0142\u00f3w AFHDS 3 - IRONSKY.PL Sklep z Dronami","isPartOf":{"@id":"https:\/\/ironsky.pl\/sklep\/#website"},"primaryImageOfPage":{"@id":"https:\/\/ironsky.pl\/sklep\/produkt\/odbiornik-flysky-ftr10-10-kanalow-afhds-3\/#primaryimage"},"image":{"@id":"https:\/\/ironsky.pl\/sklep\/produkt\/odbiornik-flysky-ftr10-10-kanalow-afhds-3\/#primaryimage"},"thumbnailUrl":"https:\/\/ironsky.pl\/sklep\/wp-content\/uploads\/2024\/09\/41352_1.jpg","datePublished":"2024-09-16T18:41:48+00:00","dateModified":"2026-03-05T14:53:51+00:00","description":"Odbiornik FlySky FTR10, 10 kana\u0142\u00f3w AFHDS 3 - \u2705 sklep z dronami i fachowym doradztwem. \u2705 Tutaj kupisz produkty DJI, Yuneec, Parrot, Syma i wiele innych, a tak\u017ce kursy i licencje na operatora drona.","breadcrumb":{"@id":"https:\/\/ironsky.pl\/sklep\/produkt\/odbiornik-flysky-ftr10-10-kanalow-afhds-3\/#breadcrumb"},"inLanguage":"pl-PL","potentialAction":[{"@type":"ReadAction","target":["https:\/\/ironsky.pl\/sklep\/produkt\/odbiornik-flysky-ftr10-10-kanalow-afhds-3\/"]}]},{"@type":"ImageObject","inLanguage":"pl-PL","@id":"https:\/\/ironsky.pl\/sklep\/produkt\/odbiornik-flysky-ftr10-10-kanalow-afhds-3\/#primaryimage","url":"https:\/\/ironsky.pl\/sklep\/wp-content\/uploads\/2024\/09\/41352_1.jpg","contentUrl":"https:\/\/ironsky.pl\/sklep\/wp-content\/uploads\/2024\/09\/41352_1.jpg","width":800,"height":800},{"@type":"BreadcrumbList","@id":"https:\/\/ironsky.pl\/sklep\/produkt\/odbiornik-flysky-ftr10-10-kanalow-afhds-3\/#breadcrumb","itemListElement":[{"@type":"ListItem","position":1,"name":"Strona g\u0142\u00f3wna","item":"https:\/\/ironsky.pl\/sklep\/"},{"@type":"ListItem","position":2,"name":"Wszystkie produkty","item":"https:\/\/ironsky.pl\/sklep\/produkty\/"},{"@type":"ListItem","position":3,"name":"Odbiornik FlySky FTR10, 10 kana\u0142\u00f3w AFHDS 3"}]},{"@type":"WebSite","@id":"https:\/\/ironsky.pl\/sklep\/#website","url":"https:\/\/ironsky.pl\/sklep\/","name":"IRONSKY.PL Sklep z Dronami","description":"IRONSKY.PL Sklep z Dronami","potentialAction":[{"@type":"SearchAction","target":{"@type":"EntryPoint","urlTemplate":"https:\/\/ironsky.pl\/sklep\/?s={search_term_string}"},"query-input":{"@type":"PropertyValueSpecification","valueRequired":true,"valueName":"search_term_string"}}],"inLanguage":"pl-PL"}]}},"_links":{"self":[{"href":"https:\/\/ironsky.pl\/sklep\/wp-json\/wp\/v2\/product\/28856","targetHints":{"allow":["GET"]}}],"collection":[{"href":"https:\/\/ironsky.pl\/sklep\/wp-json\/wp\/v2\/product"}],"about":[{"href":"https:\/\/ironsky.pl\/sklep\/wp-json\/wp\/v2\/types\/product"}],"replies":[{"embeddable":true,"href":"https:\/\/ironsky.pl\/sklep\/wp-json\/wp\/v2\/comments?post=28856"}],"wp:featuredmedia":[{"embeddable":true,"href":"https:\/\/ironsky.pl\/sklep\/wp-json\/wp\/v2\/media\/28857"}],"wp:attachment":[{"href":"https:\/\/ironsky.pl\/sklep\/wp-json\/wp\/v2\/media?parent=28856"}],"wp:term":[{"taxonomy":"product_brand","embeddable":true,"href":"https:\/\/ironsky.pl\/sklep\/wp-json\/wp\/v2\/product_brand?post=28856"},{"taxonomy":"product_cat","embeddable":true,"href":"https:\/\/ironsky.pl\/sklep\/wp-json\/wp\/v2\/product_cat?post=28856"},{"taxonomy":"product_tag","embeddable":true,"href":"https:\/\/ironsky.pl\/sklep\/wp-json\/wp\/v2\/product_tag?post=28856"}],"curies":[{"name":"wp","href":"https:\/\/api.w.org\/{rel}","templated":true}]}}