{"id":28836,"date":"2024-09-16T20:41:48","date_gmt":"2024-09-16T18:41:48","guid":{"rendered":"http:\/\/gvshalph.pro-linuxpl.com\/ironskyprodukty\/produkt\/zestaw-napedowy-ezrun-max10-g2-80a-3652sd-4100kv-g3\/"},"modified":"2026-03-05T15:53:50","modified_gmt":"2026-03-05T14:53:50","slug":"zestaw-napedowy-ezrun-max10-g2-80a-3652sd-4100kv-g3","status":"publish","type":"product","link":"https:\/\/ironsky.pl\/sklep\/produkt\/zestaw-napedowy-ezrun-max10-g2-80a-3652sd-4100kv-g3\/","title":{"rendered":"Zestaw nap\u0119dowy EZRUN MAX10 G2 80A\/3652SD 4100kv G3"},"content":{"rendered":"<h3>Zestaw nap\u0119dowy EZRUN MAX10 G2 80A\/3652SD 4100kv G3<\/h3>\n<\/p>\n<p>W sk\u0142ad zestawu wchodzi elektroniczny regulator AC EZRUN MAX10 G2 80A oraz silnik AC EZRUN 3652SD G3. Urz\u0105dzenia zosta\u0142y zoptymalizowane pod k\u0105tem wsp\u00f3\u0142pracy ze sob\u0105, dzi\u0119ki czemu mog\u0105 zapewni\u0107 maksymaln\u0105 wydajno\u015b\u0107 i efektywno\u015b\u0107. Wyr\u00f3\u017cnia je tak\u017ce wodoodporno\u015b\u0107 i py\u0142oszczelno\u015b\u0107. Zestaw jest kompatybilny z takimi pojazdami RC jak na przyk\u0142ad samochody SCT, ci\u0119\u017car\u00f3wki i monster trucki w skali 1:10.<\/p>\n<\/p>\n<p>\n<img decoding=\"async\" src=\"https:\/\/assets.innpro.pl\/4059\/4514\/2.jpg\" border=\"0\" \/>\n<\/p>\n<h3>Niezawodny silnik<\/h3>\n<\/p>\n<p>Wchodz\u0105cy w sk\u0142ad zestawu czteropolowy silnik bezszczotkowy o wysokiej wydajno\u015bci idealnie nadaje si\u0119 do tuningu pojazd\u00f3w RC takich jak samochody w skali 1:10, buggy terenowe, crawlery i ci\u0119\u017car\u00f3wki 2WD. W por\u00f3wnaniu do standardowych uk\u0142ad\u00f3w o wielko\u015bci 540 oferuje wy\u017csz\u0105 moc, automatyczn\u0105 optymalizacj\u0119 oraz dodatkowe funkcje, takie jak ochrona termiczna (w po\u0142\u0105czeniu z regulatorem EZRUN MAX10 G2). Produkt jest wodoodporny i py\u0142oszczelny (IP67), a jego modularna konstrukcja umo\u017cliwia \u0142atw\u0105 konserwacj\u0119 i naprawy.<\/p>\n<\/p>\n<p>\n<img decoding=\"async\" src=\"https:\/\/assets.innpro.pl\/4059\/4514\/3.jpg\" border=\"0\" \/>\n<\/p>\n<h3>Poszerzone mo\u017cliwo\u015bci<\/h3>\n<\/p>\n<p>Silnik EzRun 3652SD zosta\u0142 zoptymalizowany pod k\u0105tem wsp\u00f3\u0142pracy z regulatorem Hobbywing EZRUN MAX10 G2, kt\u00f3ry mo\u017ce automatycznie go identyfikowa\u0107 w celu stworzenia niezawodnego systemu nap\u0119dowego. Produkt wyr\u00f3\u017cnia si\u0119 tak\u017ce stabilnym momentem obrotowym w ca\u0142ym zakresie pr\u0119dko\u015bci roboczych i wykorzystuje opatentowan\u0105 technologi\u0119 z czujnikami Halla. Ponadto enkoder o wysokiej pr\u0119dko\u015bci i dok\u0142adno\u015bci gwarantuje czysty sygna\u0142 i odporno\u015b\u0107 na zak\u0142\u00f3cenia. Warto te\u017c zaznaczy\u0107, \u017ce wzgl\u0119dem poprzedniej generacji silnik cechuje si\u0119 o 5% wi\u0119ksz\u0105 moc\u0105 i o 3% wi\u0119ksz\u0105 wydajno\u015bci\u0105.<\/p>\n<\/p>\n<p>\n<img decoding=\"async\" src=\"https:\/\/assets.innpro.pl\/4059\/4514\/1.jpg\" border=\"0\" \/>\n<\/p>\n<h3>Solidna konstrukcja<\/h3>\n<\/p>\n<p>Obudowa produktu powsta\u0142a z wysokiej klasy aluminium CNC, dzi\u0119ki czemu jest bardzo trwa\u0142a i odporna na uszkodzenia. Na uwag\u0119 zas\u0142uguje tak\u017ce uzwojenie z miedzianych drut\u00f3w o wysokiej czysto\u015bci, ulepszona konstrukcja wirnika i precyzyjne \u0142o\u017cyska kulkowe, kt\u00f3re zapewniaj\u0105 du\u017c\u0105 wytrzyma\u0142o\u015b\u0107 i p\u0142ynn\u0105 prac\u0119. Wszystko to sprawia, \u017ce silnik EzRun 3652SD mo\u017ce \u015bwietnie Ci s\u0142u\u017cy\u0107 przez d\u0142ugi czas.<\/p>\n<\/p>\n<p>\n<img decoding=\"async\" src=\"https:\/\/assets.innpro.pl\/4059\/4514\/5.jpg\" border=\"0\" \/>\n<\/p>\n<h3>Wysokiej klasy regulator<\/h3>\n<\/p>\n<p>Regulator EZRUN MAX10 G2 oferuje wszystko, czego potrzebujesz, aby w pe\u0142ni wykorzysta\u0107 potencja\u0142 swojego pojazdu RC w skali 1:10 \u2013 niewa\u017cne, czy jest to samoch\u00f3d drogowy, buggy off-road, czy lekka ci\u0119\u017car\u00f3wka 2WD typu short cruise. Pozwala korzysta\u0107 zar\u00f3wno z silnik\u00f3w AC z czujnikami, jak i bez czujnik\u00f3w. Zapewnia te\u017c 12 programowalnych parametr\u00f3w, takich jak na przyk\u0142ad tryb jazdy, napi\u0119cie BEC, kierunek obrot\u00f3w silnika, maksymalna si\u0142a hamowania czy Turbo Timing (do 32\u00b0), kt\u00f3ry zwi\u0119ksza moc do nawet 25%. Programowanie i aktualizacja oprogramowania odbywaj\u0105 si\u0119 przy u\u017cyciu dodatkowych modu\u0142\u00f3w, kt\u00f3re s\u0105 dost\u0119pne w sprzeda\u017cy oddzielnie.<\/p>\n<\/p>\n<p>\n<img decoding=\"async\" src=\"https:\/\/assets.innpro.pl\/4059\/4514\/4.jpg\" border=\"0\" \/>\n<\/p>\n<h3>Wiele mo\u017cliwo\u015bci<\/h3>\n<\/p>\n<p>Produkt jest kompatybilny z silnikami o rozmiarze 540-550 \u2013 zar\u00f3wno z czujnikami, jak i bez czujnik\u00f3w. Wymaga zasilania 2-3S LiPo i wyr\u00f3\u017cnia si\u0119 kompaktow\u0105 konstrukcj\u0105, nisk\u0105 mas\u0105 oraz opatentowanym systemem ch\u0142odzenia o wysokiej wydajno\u015bci. Jest te\u017c wodoodporny i py\u0142oszczelny \u2013 sprawdzi si\u0119 w niemal ka\u017cdych warunkach. Oferuje tak\u017ce regulowany stabilizator BEC o nat\u0119\u017ceniu do 5 A i napi\u0119ciu od 6 V do 7,4 V. Obs\u0142uguje przy tym szereg funkcji ochronnych, takich jak na przyk\u0142ad ochrona termiczna czy zabezpieczenie przed awari\u0105.<\/p>\n<\/p>\n<p>\n<img decoding=\"async\" src=\"https:\/\/assets.innpro.pl\/4059\/4514\/6.jpg\" border=\"0\" \/>\n<\/p>\n<h3>W zestawie<\/h3>\n<\/p>\n<ul class=\"list-disc pl-5\">\n<li>Silnik<\/li>\n<li>Regulator + przewody<\/li>\n<li>Instrukcja obs\u0142ugi<\/li>\n<\/ul>\n<div class=\"table-wrapper\">\n<p>\u00a0<\/p>\n<h3>Silnik<\/h3>\n<table>\n<tbody>\n<tr>\n<th>Producent<\/th>\n<td>Hobbywing<\/td>\n<\/tr>\n<tr>\n<th>Model<\/th>\n<td>HW30402605<\/td>\n<\/tr>\n<tr>\n<th>Typ silnika<\/th>\n<td>AC<\/td>\n<\/tr>\n<tr>\n<th>Liczba obrot\u00f3w na minut\u0119 na wolt<\/th>\n<td>4100 rpm\/V<\/td>\n<\/tr>\n<tr>\n<th>Li-Po<\/th>\n<td>2-3 ogniwa<\/td>\n<\/tr>\n<tr>\n<th>Pr\u0105d obwodu otwartego<\/th>\n<td>5 A<\/td>\n<\/tr>\n<tr>\n<th>Liczba biegun\u00f3w<\/th>\n<td>4<\/td>\n<\/tr>\n<tr>\n<th>\u015arednica<\/th>\n<td>37 mm<\/td>\n<\/tr>\n<tr>\n<th>D\u0142ugo\u015b\u0107 obudowy silnika<\/th>\n<td>53 mm<\/td>\n<\/tr>\n<tr>\n<th>\u015arednica wa\u0142u<\/th>\n<td>3,17 mm<\/td>\n<\/tr>\n<tr>\n<th>D\u0142ugo\u015b\u0107 wolnego wa\u0142u<\/th>\n<td>15 mm<\/td>\n<\/tr>\n<tr>\n<th>Waga<\/th>\n<td>227,9 g<\/td>\n<\/tr>\n<tr>\n<th>Synchronizacja<\/th>\n<td>0\u00b0<\/td>\n<\/tr>\n<tr>\n<th>Klasa szczelno\u015bci<\/th>\n<td>IP67<\/td>\n<\/tr>\n<\/tbody>\n<\/table>\n<p>\u00a0<\/p>\n<h3>Regulator<\/h3>\n<table>\n<tbody>\n<tr>\n<th>Producent<\/th>\n<td>Hobbywing<\/td>\n<\/tr>\n<tr>\n<th>Zastosowanie<\/th>\n<td>Pojazdy RC (skala 1:10)<\/td>\n<\/tr>\n<tr>\n<th>Typ<\/th>\n<td>AC<\/td>\n<\/tr>\n<tr>\n<th>Nat\u0119\u017cenie sta\u0142e<\/th>\n<td>80 A<\/td>\n<\/tr>\n<tr>\n<th>Maks. nat\u0119\u017cenie szczytowe<\/th>\n<td>52 A<\/td>\n<\/tr>\n<tr>\n<th>Li-Po<\/th>\n<td>2-3 ogniwa<\/td>\n<\/tr>\n<tr>\n<th>Napi\u0119cie BEC<\/th>\n<td>6-7,4 V<\/td>\n<\/tr>\n<tr>\n<th>Nat\u0119\u017cenie BEC (maks.)<\/th>\n<td>5 A<\/td>\n<\/tr>\n<tr>\n<th>D\u0142ugo\u015b\u0107<\/th>\n<td>53 mm<\/td>\n<\/tr>\n<tr>\n<th>Szeroko\u015b\u0107<\/th>\n<td>39,5 mm<\/td>\n<\/tr>\n<tr>\n<th>Wysoko\u015b\u0107<\/th>\n<td>37,2 mm<\/td>\n<\/tr>\n<tr>\n<th>Waga<\/th>\n<td>120 g<\/td>\n<\/tr>\n<tr>\n<th>Sterowanie<\/th>\n<td>2-kierunkowe<\/td>\n<\/tr>\n<tr>\n<th>Wej\u015bcie dla czujnik\u00f3w<\/th>\n<td>Tak<\/td>\n<\/tr>\n<tr>\n<th>Programowalny<\/th>\n<td>Tak<\/td>\n<\/tr>\n<tr>\n<th>Wodoodporno\u015b\u0107<\/th>\n<td>Tak<\/td>\n<\/tr>\n<tr>\n<th>Programowalne parametry<\/th>\n<td>Og\u00f3lne: tryb jazdy, maks. moc wsteczna, liczba ogniw LiPo, ochrona napi\u0119cia, napi\u0119cie BEC, kierunek obrot\u00f3w silnika; Sterowanie przepustnic\u0105: pocz\u0105tkowa warto\u015b\u0107 przepustnicy, rozruch, maks. moc wsteczna; Sterowanie hamulcem: intensywno\u015b\u0107 hamowania oporowego, maks. si\u0142a hamowania; Taktowanie: Turbo Timing, Op\u00f3\u017anienie Turbo Timing;<\/td>\n<\/tr>\n<\/tbody>\n<\/table>\n<\/div>\n","protected":false},"excerpt":{"rendered":"<p>Zestaw nap\u0119dowy EZRUN MAX10 G2 80A\/3652SD 4100kv G3 W sk\u0142ad zestawu wchodzi elektroniczny regulator AC EZRUN MAX10 G2 80A oraz<\/p>\n","protected":false},"featured_media":28837,"comment_status":"closed","ping_status":"open","template":"","meta":{"_acf_changed":false},"product_brand":[],"product_cat":[1169,1180,1181],"product_tag":[],"class_list":{"0":"post-28836","1":"product","2":"type-product","3":"status-publish","4":"has-post-thumbnail","6":"product_cat-modele-rc","7":"product_cat-napedy","8":"product_cat-regulatory","9":"pa_box-height-1393","10":"pa_box-length-1371","11":"pa_box-width-1528","12":"pa_gross-weight-3832","13":"pa_net-weight-1757","14":"pa_waga-netto-g-4483","15":"pa_wlasciwosci-wodoodporne-bezszczotkowe","17":"first","18":"outofstock","19":"taxable","20":"shipping-taxable","21":"purchasable","22":"product-type-simple"},"acf":[],"yoast_head":"<!-- This site is optimized with the Yoast SEO plugin v27.2 - https:\/\/yoast.com\/product\/yoast-seo-wordpress\/ -->\n<title>Zestaw nap\u0119dowy EZRUN MAX10 G2 80A\/3652SD 4100kv G3 - IRONSKY.PL Sklep z Dronami<\/title>\n<meta name=\"description\" content=\"Zestaw nap\u0119dowy EZRUN MAX10 G2 80A\/3652SD 4100kv G3 - \u2705 sklep z dronami i fachowym doradztwem. \u2705 Tutaj kupisz produkty DJI, Yuneec, Parrot, Syma i wiele innych, a tak\u017ce kursy i licencje na operatora drona.\" \/>\n<meta name=\"robots\" content=\"index, follow, max-snippet:-1, max-image-preview:large, max-video-preview:-1\" \/>\n<link rel=\"canonical\" href=\"https:\/\/ironsky.pl\/sklep\/produkt\/zestaw-napedowy-ezrun-max10-g2-80a-3652sd-4100kv-g3\/\" \/>\n<meta property=\"og:locale\" content=\"pl_PL\" \/>\n<meta property=\"og:type\" content=\"article\" \/>\n<meta property=\"og:title\" content=\"Zestaw nap\u0119dowy EZRUN MAX10 G2 80A\/3652SD 4100kv G3 - IRONSKY.PL Sklep z Dronami\" \/>\n<meta property=\"og:description\" content=\"Zestaw nap\u0119dowy EZRUN MAX10 G2 80A\/3652SD 4100kv G3 - \u2705 sklep z dronami i fachowym doradztwem. \u2705 Tutaj kupisz produkty DJI, Yuneec, Parrot, Syma i wiele innych, a tak\u017ce kursy i licencje na operatora drona.\" \/>\n<meta property=\"og:url\" content=\"https:\/\/ironsky.pl\/sklep\/produkt\/zestaw-napedowy-ezrun-max10-g2-80a-3652sd-4100kv-g3\/\" \/>\n<meta property=\"og:site_name\" content=\"IRONSKY.PL Sklep z Dronami\" \/>\n<meta property=\"article:modified_time\" content=\"2026-03-05T14:53:50+00:00\" \/>\n<meta property=\"og:image\" content=\"https:\/\/ironsky.pl\/sklep\/wp-content\/uploads\/2024\/09\/37789_1.jpg\" \/>\n\t<meta property=\"og:image:width\" content=\"800\" \/>\n\t<meta property=\"og:image:height\" content=\"800\" \/>\n\t<meta property=\"og:image:type\" content=\"image\/jpeg\" \/>\n<meta name=\"twitter:card\" content=\"summary_large_image\" \/>\n<meta name=\"twitter:label1\" content=\"Szacowany czas czytania\" \/>\n\t<meta name=\"twitter:data1\" content=\"3 minuty\" \/>\n<script type=\"application\/ld+json\" class=\"yoast-schema-graph\">{\"@context\":\"https:\/\/schema.org\",\"@graph\":[{\"@type\":\"WebPage\",\"@id\":\"https:\/\/ironsky.pl\/sklep\/produkt\/zestaw-napedowy-ezrun-max10-g2-80a-3652sd-4100kv-g3\/\",\"url\":\"https:\/\/ironsky.pl\/sklep\/produkt\/zestaw-napedowy-ezrun-max10-g2-80a-3652sd-4100kv-g3\/\",\"name\":\"Zestaw nap\u0119dowy EZRUN MAX10 G2 80A\/3652SD 4100kv G3 - IRONSKY.PL Sklep z Dronami\",\"isPartOf\":{\"@id\":\"https:\/\/ironsky.pl\/sklep\/#website\"},\"primaryImageOfPage\":{\"@id\":\"https:\/\/ironsky.pl\/sklep\/produkt\/zestaw-napedowy-ezrun-max10-g2-80a-3652sd-4100kv-g3\/#primaryimage\"},\"image\":{\"@id\":\"https:\/\/ironsky.pl\/sklep\/produkt\/zestaw-napedowy-ezrun-max10-g2-80a-3652sd-4100kv-g3\/#primaryimage\"},\"thumbnailUrl\":\"https:\/\/ironsky.pl\/sklep\/wp-content\/uploads\/2024\/09\/37789_1.jpg\",\"datePublished\":\"2024-09-16T18:41:48+00:00\",\"dateModified\":\"2026-03-05T14:53:50+00:00\",\"description\":\"Zestaw nap\u0119dowy EZRUN MAX10 G2 80A\/3652SD 4100kv G3 - \u2705 sklep z dronami i fachowym doradztwem. \u2705 Tutaj kupisz produkty DJI, Yuneec, Parrot, Syma i wiele innych, a tak\u017ce kursy i licencje na operatora drona.\",\"breadcrumb\":{\"@id\":\"https:\/\/ironsky.pl\/sklep\/produkt\/zestaw-napedowy-ezrun-max10-g2-80a-3652sd-4100kv-g3\/#breadcrumb\"},\"inLanguage\":\"pl-PL\",\"potentialAction\":[{\"@type\":\"ReadAction\",\"target\":[\"https:\/\/ironsky.pl\/sklep\/produkt\/zestaw-napedowy-ezrun-max10-g2-80a-3652sd-4100kv-g3\/\"]}]},{\"@type\":\"ImageObject\",\"inLanguage\":\"pl-PL\",\"@id\":\"https:\/\/ironsky.pl\/sklep\/produkt\/zestaw-napedowy-ezrun-max10-g2-80a-3652sd-4100kv-g3\/#primaryimage\",\"url\":\"https:\/\/ironsky.pl\/sklep\/wp-content\/uploads\/2024\/09\/37789_1.jpg\",\"contentUrl\":\"https:\/\/ironsky.pl\/sklep\/wp-content\/uploads\/2024\/09\/37789_1.jpg\",\"width\":800,\"height\":800},{\"@type\":\"BreadcrumbList\",\"@id\":\"https:\/\/ironsky.pl\/sklep\/produkt\/zestaw-napedowy-ezrun-max10-g2-80a-3652sd-4100kv-g3\/#breadcrumb\",\"itemListElement\":[{\"@type\":\"ListItem\",\"position\":1,\"name\":\"Strona g\u0142\u00f3wna\",\"item\":\"https:\/\/ironsky.pl\/sklep\/\"},{\"@type\":\"ListItem\",\"position\":2,\"name\":\"Wszystkie produkty\",\"item\":\"https:\/\/ironsky.pl\/sklep\/produkty\/\"},{\"@type\":\"ListItem\",\"position\":3,\"name\":\"Zestaw nap\u0119dowy EZRUN MAX10 G2 80A\/3652SD 4100kv G3\"}]},{\"@type\":\"WebSite\",\"@id\":\"https:\/\/ironsky.pl\/sklep\/#website\",\"url\":\"https:\/\/ironsky.pl\/sklep\/\",\"name\":\"IRONSKY.PL Sklep z Dronami\",\"description\":\"IRONSKY.PL Sklep z Dronami\",\"potentialAction\":[{\"@type\":\"SearchAction\",\"target\":{\"@type\":\"EntryPoint\",\"urlTemplate\":\"https:\/\/ironsky.pl\/sklep\/?s={search_term_string}\"},\"query-input\":{\"@type\":\"PropertyValueSpecification\",\"valueRequired\":true,\"valueName\":\"search_term_string\"}}],\"inLanguage\":\"pl-PL\"}]}<\/script>\n<!-- \/ Yoast SEO plugin. -->","yoast_head_json":{"title":"Zestaw nap\u0119dowy EZRUN MAX10 G2 80A\/3652SD 4100kv G3 - IRONSKY.PL Sklep z Dronami","description":"Zestaw nap\u0119dowy EZRUN MAX10 G2 80A\/3652SD 4100kv G3 - \u2705 sklep z dronami i fachowym doradztwem. \u2705 Tutaj kupisz produkty DJI, Yuneec, Parrot, Syma i wiele innych, a tak\u017ce kursy i licencje na operatora drona.","robots":{"index":"index","follow":"follow","max-snippet":"max-snippet:-1","max-image-preview":"max-image-preview:large","max-video-preview":"max-video-preview:-1"},"canonical":"https:\/\/ironsky.pl\/sklep\/produkt\/zestaw-napedowy-ezrun-max10-g2-80a-3652sd-4100kv-g3\/","og_locale":"pl_PL","og_type":"article","og_title":"Zestaw nap\u0119dowy EZRUN MAX10 G2 80A\/3652SD 4100kv G3 - IRONSKY.PL Sklep z Dronami","og_description":"Zestaw nap\u0119dowy EZRUN MAX10 G2 80A\/3652SD 4100kv G3 - \u2705 sklep z dronami i fachowym doradztwem. \u2705 Tutaj kupisz produkty DJI, Yuneec, Parrot, Syma i wiele innych, a tak\u017ce kursy i licencje na operatora drona.","og_url":"https:\/\/ironsky.pl\/sklep\/produkt\/zestaw-napedowy-ezrun-max10-g2-80a-3652sd-4100kv-g3\/","og_site_name":"IRONSKY.PL Sklep z Dronami","article_modified_time":"2026-03-05T14:53:50+00:00","og_image":[{"width":800,"height":800,"url":"https:\/\/ironsky.pl\/sklep\/wp-content\/uploads\/2024\/09\/37789_1.jpg","type":"image\/jpeg"}],"twitter_card":"summary_large_image","twitter_misc":{"Szacowany czas czytania":"3 minuty"},"schema":{"@context":"https:\/\/schema.org","@graph":[{"@type":"WebPage","@id":"https:\/\/ironsky.pl\/sklep\/produkt\/zestaw-napedowy-ezrun-max10-g2-80a-3652sd-4100kv-g3\/","url":"https:\/\/ironsky.pl\/sklep\/produkt\/zestaw-napedowy-ezrun-max10-g2-80a-3652sd-4100kv-g3\/","name":"Zestaw nap\u0119dowy EZRUN MAX10 G2 80A\/3652SD 4100kv G3 - IRONSKY.PL Sklep z Dronami","isPartOf":{"@id":"https:\/\/ironsky.pl\/sklep\/#website"},"primaryImageOfPage":{"@id":"https:\/\/ironsky.pl\/sklep\/produkt\/zestaw-napedowy-ezrun-max10-g2-80a-3652sd-4100kv-g3\/#primaryimage"},"image":{"@id":"https:\/\/ironsky.pl\/sklep\/produkt\/zestaw-napedowy-ezrun-max10-g2-80a-3652sd-4100kv-g3\/#primaryimage"},"thumbnailUrl":"https:\/\/ironsky.pl\/sklep\/wp-content\/uploads\/2024\/09\/37789_1.jpg","datePublished":"2024-09-16T18:41:48+00:00","dateModified":"2026-03-05T14:53:50+00:00","description":"Zestaw nap\u0119dowy EZRUN MAX10 G2 80A\/3652SD 4100kv G3 - \u2705 sklep z dronami i fachowym doradztwem. \u2705 Tutaj kupisz produkty DJI, Yuneec, Parrot, Syma i wiele innych, a tak\u017ce kursy i licencje na operatora drona.","breadcrumb":{"@id":"https:\/\/ironsky.pl\/sklep\/produkt\/zestaw-napedowy-ezrun-max10-g2-80a-3652sd-4100kv-g3\/#breadcrumb"},"inLanguage":"pl-PL","potentialAction":[{"@type":"ReadAction","target":["https:\/\/ironsky.pl\/sklep\/produkt\/zestaw-napedowy-ezrun-max10-g2-80a-3652sd-4100kv-g3\/"]}]},{"@type":"ImageObject","inLanguage":"pl-PL","@id":"https:\/\/ironsky.pl\/sklep\/produkt\/zestaw-napedowy-ezrun-max10-g2-80a-3652sd-4100kv-g3\/#primaryimage","url":"https:\/\/ironsky.pl\/sklep\/wp-content\/uploads\/2024\/09\/37789_1.jpg","contentUrl":"https:\/\/ironsky.pl\/sklep\/wp-content\/uploads\/2024\/09\/37789_1.jpg","width":800,"height":800},{"@type":"BreadcrumbList","@id":"https:\/\/ironsky.pl\/sklep\/produkt\/zestaw-napedowy-ezrun-max10-g2-80a-3652sd-4100kv-g3\/#breadcrumb","itemListElement":[{"@type":"ListItem","position":1,"name":"Strona g\u0142\u00f3wna","item":"https:\/\/ironsky.pl\/sklep\/"},{"@type":"ListItem","position":2,"name":"Wszystkie produkty","item":"https:\/\/ironsky.pl\/sklep\/produkty\/"},{"@type":"ListItem","position":3,"name":"Zestaw nap\u0119dowy EZRUN MAX10 G2 80A\/3652SD 4100kv G3"}]},{"@type":"WebSite","@id":"https:\/\/ironsky.pl\/sklep\/#website","url":"https:\/\/ironsky.pl\/sklep\/","name":"IRONSKY.PL Sklep z Dronami","description":"IRONSKY.PL Sklep z Dronami","potentialAction":[{"@type":"SearchAction","target":{"@type":"EntryPoint","urlTemplate":"https:\/\/ironsky.pl\/sklep\/?s={search_term_string}"},"query-input":{"@type":"PropertyValueSpecification","valueRequired":true,"valueName":"search_term_string"}}],"inLanguage":"pl-PL"}]}},"_links":{"self":[{"href":"https:\/\/ironsky.pl\/sklep\/wp-json\/wp\/v2\/product\/28836","targetHints":{"allow":["GET"]}}],"collection":[{"href":"https:\/\/ironsky.pl\/sklep\/wp-json\/wp\/v2\/product"}],"about":[{"href":"https:\/\/ironsky.pl\/sklep\/wp-json\/wp\/v2\/types\/product"}],"replies":[{"embeddable":true,"href":"https:\/\/ironsky.pl\/sklep\/wp-json\/wp\/v2\/comments?post=28836"}],"wp:featuredmedia":[{"embeddable":true,"href":"https:\/\/ironsky.pl\/sklep\/wp-json\/wp\/v2\/media\/28837"}],"wp:attachment":[{"href":"https:\/\/ironsky.pl\/sklep\/wp-json\/wp\/v2\/media?parent=28836"}],"wp:term":[{"taxonomy":"product_brand","embeddable":true,"href":"https:\/\/ironsky.pl\/sklep\/wp-json\/wp\/v2\/product_brand?post=28836"},{"taxonomy":"product_cat","embeddable":true,"href":"https:\/\/ironsky.pl\/sklep\/wp-json\/wp\/v2\/product_cat?post=28836"},{"taxonomy":"product_tag","embeddable":true,"href":"https:\/\/ironsky.pl\/sklep\/wp-json\/wp\/v2\/product_tag?post=28836"}],"curies":[{"name":"wp","href":"https:\/\/api.w.org\/{rel}","templated":true}]}}