{"id":28775,"date":"2024-09-16T20:40:48","date_gmt":"2024-09-16T18:40:48","guid":{"rendered":"http:\/\/gvshalph.pro-linuxpl.com\/ironskyprodukty\/produkt\/akumulator-gens-ace-850mah-74v-60c-2s1p-60c-z-wtyczka-ec2\/"},"modified":"2026-03-05T15:53:47","modified_gmt":"2026-03-05T14:53:47","slug":"akumulator-gens-ace-850mah-74v-60c-2s1p-60c-z-wtyczka-ec2","status":"publish","type":"product","link":"https:\/\/ironsky.pl\/sklep\/produkt\/akumulator-gens-ace-850mah-74v-60c-2s1p-60c-z-wtyczka-ec2\/","title":{"rendered":"Akumulator Gens Ace 850mAh 7,4V 60C 2S1P 60C z wtyczk\u0105 EC2"},"content":{"rendered":"<h3>Akumulator Gens Ace 850mAh 7,4V 60C 2S1P 60C z wtyczk\u0105 EC2<\/h3>\n<p>Akumulator Gens Ace o pojemno\u015bci 850mAh wykonany zosta\u0142 z wysokiej jako\u015bci materia\u0142\u00f3w, kt\u00f3re gwarantuj\u0105 wytrzyma\u0142o\u015b\u0107 i \u015bwietny czas pracy. <\/p>\n<div class=\"table-wrapper\">\n<table>\n<tbody>\n<tr>\n<th>Marka<\/th>\n<td>Gens ace <\/td>\n<\/tr>\n<tr>\n<th>Pojemno\u015b\u0107<\/th>\n<td>850mAh<\/td>\n<\/tr>\n<tr>\n<th>Napi\u0119cie <\/th>\n<td>7.4V <\/td>\n<\/tr>\n<tr>\n<th>Wska\u017anik roz\u0142adowania <\/th>\n<td>60C <\/td>\n<\/tr>\n<tr>\n<th>Waga <\/th>\n<td>57g <\/td>\n<\/tr>\n<tr>\n<th>Wymiary <\/th>\n<td>58x32x20.8mm<\/td>\n<\/tr>\n<tr>\n<th>Wtyczka balansuj\u0105ca<\/th>\n<td>JST-XHR-3P<\/td>\n<\/tr>\n<tr>\n<th>Wtyczka roz\u0142adowuj\u0105ca<\/th>\n<td>Wtyczka EC2 <\/td>\n<\/tr>\n<\/tbody>\n<\/table>\n<\/div>\n","protected":false},"excerpt":{"rendered":"<p>Akumulator Gens Ace 850mAh 7,4V 60C 2S1P 60C z wtyczk\u0105 EC2 Akumulator Gens Ace o pojemno\u015bci 850mAh wykonany zosta\u0142 z<\/p>\n","protected":false},"featured_media":28776,"comment_status":"closed","ping_status":"open","template":"","meta":{"_acf_changed":false},"product_brand":[],"product_cat":[1183,1182,1169],"product_tag":[],"class_list":{"0":"post-28775","1":"product","2":"type-product","3":"status-publish","4":"has-post-thumbnail","6":"product_cat-litowe-i-nimh","7":"product_cat-akumulatory","8":"product_cat-modele-rc","9":"pa_box-height-4426","10":"pa_box-length-3075","11":"pa_box-width-1968","12":"pa_gross-weight-2177","13":"pa_hs-code-2295","14":"pa_napiecie-v-2418","15":"pa_net-weight-2969","16":"pa_pojemnosc-mah-1819","17":"pa_prad-rozladowania-c-1437","18":"pa_waga-g-1298","20":"first","21":"outofstock","22":"taxable","23":"shipping-taxable","24":"purchasable","25":"product-type-simple"},"acf":[],"yoast_head":"<!-- This site is optimized with the Yoast SEO plugin v27.2 - https:\/\/yoast.com\/product\/yoast-seo-wordpress\/ -->\n<title>Akumulator Gens Ace 850mAh 7,4V 60C 2S1P 60C z wtyczk\u0105 EC2 - IRONSKY.PL Sklep z Dronami<\/title>\n<meta name=\"description\" content=\"Akumulator Gens Ace 850mAh 7,4V 60C 2S1P 60C z wtyczk\u0105 EC2 - \u2705 sklep z dronami i fachowym doradztwem. \u2705 Tutaj kupisz produkty DJI, Yuneec, Parrot, Syma i wiele innych, a tak\u017ce kursy i licencje na operatora drona.\" \/>\n<meta name=\"robots\" content=\"index, follow, max-snippet:-1, max-image-preview:large, max-video-preview:-1\" \/>\n<link rel=\"canonical\" href=\"https:\/\/ironsky.pl\/sklep\/produkt\/akumulator-gens-ace-850mah-74v-60c-2s1p-60c-z-wtyczka-ec2\/\" \/>\n<meta property=\"og:locale\" content=\"pl_PL\" \/>\n<meta property=\"og:type\" content=\"article\" \/>\n<meta property=\"og:title\" content=\"Akumulator Gens Ace 850mAh 7,4V 60C 2S1P 60C z wtyczk\u0105 EC2 - IRONSKY.PL Sklep z Dronami\" \/>\n<meta property=\"og:description\" content=\"Akumulator Gens Ace 850mAh 7,4V 60C 2S1P 60C z wtyczk\u0105 EC2 - \u2705 sklep z dronami i fachowym doradztwem. \u2705 Tutaj kupisz produkty DJI, Yuneec, Parrot, Syma i wiele innych, a tak\u017ce kursy i licencje na operatora drona.\" \/>\n<meta property=\"og:url\" content=\"https:\/\/ironsky.pl\/sklep\/produkt\/akumulator-gens-ace-850mah-74v-60c-2s1p-60c-z-wtyczka-ec2\/\" \/>\n<meta property=\"og:site_name\" content=\"IRONSKY.PL Sklep z Dronami\" \/>\n<meta property=\"article:modified_time\" content=\"2026-03-05T14:53:47+00:00\" \/>\n<meta property=\"og:image\" content=\"https:\/\/ironsky.pl\/sklep\/wp-content\/uploads\/2024\/09\/33763_1.jpg\" \/>\n\t<meta property=\"og:image:width\" content=\"800\" \/>\n\t<meta property=\"og:image:height\" content=\"800\" \/>\n\t<meta property=\"og:image:type\" content=\"image\/jpeg\" \/>\n<meta name=\"twitter:card\" content=\"summary_large_image\" \/>\n<script type=\"application\/ld+json\" class=\"yoast-schema-graph\">{\"@context\":\"https:\/\/schema.org\",\"@graph\":[{\"@type\":\"WebPage\",\"@id\":\"https:\/\/ironsky.pl\/sklep\/produkt\/akumulator-gens-ace-850mah-74v-60c-2s1p-60c-z-wtyczka-ec2\/\",\"url\":\"https:\/\/ironsky.pl\/sklep\/produkt\/akumulator-gens-ace-850mah-74v-60c-2s1p-60c-z-wtyczka-ec2\/\",\"name\":\"Akumulator Gens Ace 850mAh 7,4V 60C 2S1P 60C z wtyczk\u0105 EC2 - IRONSKY.PL Sklep z Dronami\",\"isPartOf\":{\"@id\":\"https:\/\/ironsky.pl\/sklep\/#website\"},\"primaryImageOfPage\":{\"@id\":\"https:\/\/ironsky.pl\/sklep\/produkt\/akumulator-gens-ace-850mah-74v-60c-2s1p-60c-z-wtyczka-ec2\/#primaryimage\"},\"image\":{\"@id\":\"https:\/\/ironsky.pl\/sklep\/produkt\/akumulator-gens-ace-850mah-74v-60c-2s1p-60c-z-wtyczka-ec2\/#primaryimage\"},\"thumbnailUrl\":\"https:\/\/ironsky.pl\/sklep\/wp-content\/uploads\/2024\/09\/33763_1.jpg\",\"datePublished\":\"2024-09-16T18:40:48+00:00\",\"dateModified\":\"2026-03-05T14:53:47+00:00\",\"description\":\"Akumulator Gens Ace 850mAh 7,4V 60C 2S1P 60C z wtyczk\u0105 EC2 - \u2705 sklep z dronami i fachowym doradztwem. \u2705 Tutaj kupisz produkty DJI, Yuneec, Parrot, Syma i wiele innych, a tak\u017ce kursy i licencje na operatora drona.\",\"breadcrumb\":{\"@id\":\"https:\/\/ironsky.pl\/sklep\/produkt\/akumulator-gens-ace-850mah-74v-60c-2s1p-60c-z-wtyczka-ec2\/#breadcrumb\"},\"inLanguage\":\"pl-PL\",\"potentialAction\":[{\"@type\":\"ReadAction\",\"target\":[\"https:\/\/ironsky.pl\/sklep\/produkt\/akumulator-gens-ace-850mah-74v-60c-2s1p-60c-z-wtyczka-ec2\/\"]}]},{\"@type\":\"ImageObject\",\"inLanguage\":\"pl-PL\",\"@id\":\"https:\/\/ironsky.pl\/sklep\/produkt\/akumulator-gens-ace-850mah-74v-60c-2s1p-60c-z-wtyczka-ec2\/#primaryimage\",\"url\":\"https:\/\/ironsky.pl\/sklep\/wp-content\/uploads\/2024\/09\/33763_1.jpg\",\"contentUrl\":\"https:\/\/ironsky.pl\/sklep\/wp-content\/uploads\/2024\/09\/33763_1.jpg\",\"width\":800,\"height\":800},{\"@type\":\"BreadcrumbList\",\"@id\":\"https:\/\/ironsky.pl\/sklep\/produkt\/akumulator-gens-ace-850mah-74v-60c-2s1p-60c-z-wtyczka-ec2\/#breadcrumb\",\"itemListElement\":[{\"@type\":\"ListItem\",\"position\":1,\"name\":\"Strona g\u0142\u00f3wna\",\"item\":\"https:\/\/ironsky.pl\/sklep\/\"},{\"@type\":\"ListItem\",\"position\":2,\"name\":\"Wszystkie produkty\",\"item\":\"https:\/\/ironsky.pl\/sklep\/produkty\/\"},{\"@type\":\"ListItem\",\"position\":3,\"name\":\"Akumulator Gens Ace 850mAh 7,4V 60C 2S1P 60C z wtyczk\u0105 EC2\"}]},{\"@type\":\"WebSite\",\"@id\":\"https:\/\/ironsky.pl\/sklep\/#website\",\"url\":\"https:\/\/ironsky.pl\/sklep\/\",\"name\":\"IRONSKY.PL Sklep z Dronami\",\"description\":\"IRONSKY.PL Sklep z Dronami\",\"potentialAction\":[{\"@type\":\"SearchAction\",\"target\":{\"@type\":\"EntryPoint\",\"urlTemplate\":\"https:\/\/ironsky.pl\/sklep\/?s={search_term_string}\"},\"query-input\":{\"@type\":\"PropertyValueSpecification\",\"valueRequired\":true,\"valueName\":\"search_term_string\"}}],\"inLanguage\":\"pl-PL\"}]}<\/script>\n<!-- \/ Yoast SEO plugin. -->","yoast_head_json":{"title":"Akumulator Gens Ace 850mAh 7,4V 60C 2S1P 60C z wtyczk\u0105 EC2 - IRONSKY.PL Sklep z Dronami","description":"Akumulator Gens Ace 850mAh 7,4V 60C 2S1P 60C z wtyczk\u0105 EC2 - \u2705 sklep z dronami i fachowym doradztwem. \u2705 Tutaj kupisz produkty DJI, Yuneec, Parrot, Syma i wiele innych, a tak\u017ce kursy i licencje na operatora drona.","robots":{"index":"index","follow":"follow","max-snippet":"max-snippet:-1","max-image-preview":"max-image-preview:large","max-video-preview":"max-video-preview:-1"},"canonical":"https:\/\/ironsky.pl\/sklep\/produkt\/akumulator-gens-ace-850mah-74v-60c-2s1p-60c-z-wtyczka-ec2\/","og_locale":"pl_PL","og_type":"article","og_title":"Akumulator Gens Ace 850mAh 7,4V 60C 2S1P 60C z wtyczk\u0105 EC2 - IRONSKY.PL Sklep z Dronami","og_description":"Akumulator Gens Ace 850mAh 7,4V 60C 2S1P 60C z wtyczk\u0105 EC2 - \u2705 sklep z dronami i fachowym doradztwem. \u2705 Tutaj kupisz produkty DJI, Yuneec, Parrot, Syma i wiele innych, a tak\u017ce kursy i licencje na operatora drona.","og_url":"https:\/\/ironsky.pl\/sklep\/produkt\/akumulator-gens-ace-850mah-74v-60c-2s1p-60c-z-wtyczka-ec2\/","og_site_name":"IRONSKY.PL Sklep z Dronami","article_modified_time":"2026-03-05T14:53:47+00:00","og_image":[{"width":800,"height":800,"url":"https:\/\/ironsky.pl\/sklep\/wp-content\/uploads\/2024\/09\/33763_1.jpg","type":"image\/jpeg"}],"twitter_card":"summary_large_image","schema":{"@context":"https:\/\/schema.org","@graph":[{"@type":"WebPage","@id":"https:\/\/ironsky.pl\/sklep\/produkt\/akumulator-gens-ace-850mah-74v-60c-2s1p-60c-z-wtyczka-ec2\/","url":"https:\/\/ironsky.pl\/sklep\/produkt\/akumulator-gens-ace-850mah-74v-60c-2s1p-60c-z-wtyczka-ec2\/","name":"Akumulator Gens Ace 850mAh 7,4V 60C 2S1P 60C z wtyczk\u0105 EC2 - IRONSKY.PL Sklep z Dronami","isPartOf":{"@id":"https:\/\/ironsky.pl\/sklep\/#website"},"primaryImageOfPage":{"@id":"https:\/\/ironsky.pl\/sklep\/produkt\/akumulator-gens-ace-850mah-74v-60c-2s1p-60c-z-wtyczka-ec2\/#primaryimage"},"image":{"@id":"https:\/\/ironsky.pl\/sklep\/produkt\/akumulator-gens-ace-850mah-74v-60c-2s1p-60c-z-wtyczka-ec2\/#primaryimage"},"thumbnailUrl":"https:\/\/ironsky.pl\/sklep\/wp-content\/uploads\/2024\/09\/33763_1.jpg","datePublished":"2024-09-16T18:40:48+00:00","dateModified":"2026-03-05T14:53:47+00:00","description":"Akumulator Gens Ace 850mAh 7,4V 60C 2S1P 60C z wtyczk\u0105 EC2 - \u2705 sklep z dronami i fachowym doradztwem. \u2705 Tutaj kupisz produkty DJI, Yuneec, Parrot, Syma i wiele innych, a tak\u017ce kursy i licencje na operatora drona.","breadcrumb":{"@id":"https:\/\/ironsky.pl\/sklep\/produkt\/akumulator-gens-ace-850mah-74v-60c-2s1p-60c-z-wtyczka-ec2\/#breadcrumb"},"inLanguage":"pl-PL","potentialAction":[{"@type":"ReadAction","target":["https:\/\/ironsky.pl\/sklep\/produkt\/akumulator-gens-ace-850mah-74v-60c-2s1p-60c-z-wtyczka-ec2\/"]}]},{"@type":"ImageObject","inLanguage":"pl-PL","@id":"https:\/\/ironsky.pl\/sklep\/produkt\/akumulator-gens-ace-850mah-74v-60c-2s1p-60c-z-wtyczka-ec2\/#primaryimage","url":"https:\/\/ironsky.pl\/sklep\/wp-content\/uploads\/2024\/09\/33763_1.jpg","contentUrl":"https:\/\/ironsky.pl\/sklep\/wp-content\/uploads\/2024\/09\/33763_1.jpg","width":800,"height":800},{"@type":"BreadcrumbList","@id":"https:\/\/ironsky.pl\/sklep\/produkt\/akumulator-gens-ace-850mah-74v-60c-2s1p-60c-z-wtyczka-ec2\/#breadcrumb","itemListElement":[{"@type":"ListItem","position":1,"name":"Strona g\u0142\u00f3wna","item":"https:\/\/ironsky.pl\/sklep\/"},{"@type":"ListItem","position":2,"name":"Wszystkie produkty","item":"https:\/\/ironsky.pl\/sklep\/produkty\/"},{"@type":"ListItem","position":3,"name":"Akumulator Gens Ace 850mAh 7,4V 60C 2S1P 60C z wtyczk\u0105 EC2"}]},{"@type":"WebSite","@id":"https:\/\/ironsky.pl\/sklep\/#website","url":"https:\/\/ironsky.pl\/sklep\/","name":"IRONSKY.PL Sklep z Dronami","description":"IRONSKY.PL Sklep z Dronami","potentialAction":[{"@type":"SearchAction","target":{"@type":"EntryPoint","urlTemplate":"https:\/\/ironsky.pl\/sklep\/?s={search_term_string}"},"query-input":{"@type":"PropertyValueSpecification","valueRequired":true,"valueName":"search_term_string"}}],"inLanguage":"pl-PL"}]}},"_links":{"self":[{"href":"https:\/\/ironsky.pl\/sklep\/wp-json\/wp\/v2\/product\/28775","targetHints":{"allow":["GET"]}}],"collection":[{"href":"https:\/\/ironsky.pl\/sklep\/wp-json\/wp\/v2\/product"}],"about":[{"href":"https:\/\/ironsky.pl\/sklep\/wp-json\/wp\/v2\/types\/product"}],"replies":[{"embeddable":true,"href":"https:\/\/ironsky.pl\/sklep\/wp-json\/wp\/v2\/comments?post=28775"}],"wp:featuredmedia":[{"embeddable":true,"href":"https:\/\/ironsky.pl\/sklep\/wp-json\/wp\/v2\/media\/28776"}],"wp:attachment":[{"href":"https:\/\/ironsky.pl\/sklep\/wp-json\/wp\/v2\/media?parent=28775"}],"wp:term":[{"taxonomy":"product_brand","embeddable":true,"href":"https:\/\/ironsky.pl\/sklep\/wp-json\/wp\/v2\/product_brand?post=28775"},{"taxonomy":"product_cat","embeddable":true,"href":"https:\/\/ironsky.pl\/sklep\/wp-json\/wp\/v2\/product_cat?post=28775"},{"taxonomy":"product_tag","embeddable":true,"href":"https:\/\/ironsky.pl\/sklep\/wp-json\/wp\/v2\/product_tag?post=28775"}],"curies":[{"name":"wp","href":"https:\/\/api.w.org\/{rel}","templated":true}]}}