{"id":28741,"date":"2024-09-16T20:40:48","date_gmt":"2024-09-16T18:40:48","guid":{"rendered":"http:\/\/gvshalph.pro-linuxpl.com\/ironskyprodukty\/produkt\/standardowe-serwo-cyfrowe-hs-7955tg\/"},"modified":"2026-03-05T15:53:46","modified_gmt":"2026-03-05T14:53:46","slug":"standardowe-serwo-cyfrowe-hs-7955tg","status":"publish","type":"product","link":"https:\/\/ironsky.pl\/sklep\/produkt\/standardowe-serwo-cyfrowe-hs-7955tg\/","title":{"rendered":"Standardowe serwo cyfrowe HS-7955TG"},"content":{"rendered":"<h3>Standardowe serwo cyfrowe HS-7955TG<\/h3>\n<p>Standardowe serwo cyfrowe HS-7955TG wyposa\u017cone jest w tytanowe przek\u0142adnie i bezszczotkowy silnik. Moment obrotowy wynosz\u0105cy 18,0 kg\/cm przy napi\u0119ciu 4,8 V oraz szybko\u015b\u0107 0,19s\/60st. to gwarancja niezawodno\u015bci i precyzji dzia\u0142ania. Produkt oferuje zaawansowane funkcje programowania, w tym ustawienie maksymalnego wychylenia serwa, ochron\u0119 przed przeci\u0105\u017ceniem i wiele innych. Jego solidne d\u017awignie zosta\u0142y wzmocnione w\u0142\u00f3knem w\u0119glowym, dzi\u0119ki czemu jest doskona\u0142ym wyborem do zastosowa\u0144 w modelarstwie lotniczym i samochodowym.<\/p>\n<p><img decoding=\"async\" src=\"https:\/\/b2b.innpro.pl\/data\/include\/cms\/Pelikan\/1HI3232\/3.jpg\" border=\"0\" alt=\"Pelikan\/1HI3232\/3\" \/><\/p>\n<div class=\"table-wrapper\">\n<table>\n<tbody>\n<tr>\n<th>Producent<\/th>\n<td>Pelikan<\/td>\n<\/tr>\n<tr>\n<th>Model<\/th>\n<td>1HI3232<\/td>\n<\/tr>\n<tr>\n<th>Typ<\/th>\n<td>Cyfrowe<\/td>\n<\/tr>\n<tr>\n<th>Moment obrotowy przy 4,8 V<\/th>\n<td>18 kg\/cm<\/td>\n<\/tr>\n<tr>\n<th>Moment obrotowy przy 6,0 V<\/th>\n<td>24 kg\/cm<\/td>\n<\/tr>\n<tr>\n<th>Pr\u0119dko\u015b\u0107 przy 4,8 V<\/th>\n<td>0,19 s\/60 stopni<\/td>\n<\/tr>\n<tr>\n<th>Pr\u0119dko\u015b\u0107 przy 6,0 V<\/th>\n<td>0,15 s\/60 stopni<\/td>\n<\/tr>\n<tr>\n<th>Przek\u0142adnie serwa<\/th>\n<td>Tytanowe<\/td>\n<\/tr>\n<tr>\n<th>\u0141o\u017cyska kulkowe<\/th>\n<td>x2<\/td>\n<\/tr>\n<tr>\n<th>Obs\u0142uga napi\u0119cia<\/th>\n<td>4,8 &#8211; 6 V<\/td>\n<\/tr>\n<tr>\n<th>Wymiary<\/th>\n<td>40 x 20 x 37 mm<\/td>\n<\/tr>\n<tr>\n<th>Waga<\/th>\n<td>65 g<\/td>\n<\/tr>\n<tr>\n<th>Zastosowanie<\/th>\n<td>Lotnictwo, wiatr\u00f3wki, samochody terenowe, samochody wy\u015bcigowe, \u0142odzie<\/td>\n<\/tr>\n<\/tbody>\n<\/table>\n<\/div>\n","protected":false},"excerpt":{"rendered":"<p>Standardowe serwo cyfrowe HS-7955TG Standardowe serwo cyfrowe HS-7955TG wyposa\u017cone jest w tytanowe przek\u0142adnie i bezszczotkowy silnik. Moment obrotowy wynosz\u0105cy 18,0<\/p>\n","protected":false},"featured_media":28742,"comment_status":"closed","ping_status":"open","template":"","meta":{"_acf_changed":false},"product_brand":[],"product_cat":[1169],"product_tag":[],"class_list":{"0":"post-28741","1":"product","2":"type-product","3":"status-publish","4":"has-post-thumbnail","6":"product_cat-modele-rc","7":"pa_box-height-1356","8":"pa_box-length-1793","9":"pa_box-width-2759","10":"pa_gross-weight-1875","11":"pa_hs-code-4288","12":"pa_net-weight-2570","13":"pa_waga-g-1216","15":"first","16":"outofstock","17":"taxable","18":"shipping-taxable","19":"purchasable","20":"product-type-simple"},"acf":[],"yoast_head":"<!-- This site is optimized with the Yoast SEO plugin v27.2 - https:\/\/yoast.com\/product\/yoast-seo-wordpress\/ -->\n<title>Standardowe serwo cyfrowe HS-7955TG - IRONSKY.PL Sklep z Dronami<\/title>\n<meta name=\"description\" content=\"Standardowe serwo cyfrowe HS-7955TG - \u2705 sklep z dronami i fachowym doradztwem. \u2705 Tutaj kupisz produkty DJI, Yuneec, Parrot, Syma i wiele innych, a tak\u017ce kursy i licencje na operatora drona.\" \/>\n<meta name=\"robots\" content=\"index, follow, max-snippet:-1, max-image-preview:large, max-video-preview:-1\" \/>\n<link rel=\"canonical\" href=\"https:\/\/ironsky.pl\/sklep\/produkt\/standardowe-serwo-cyfrowe-hs-7955tg\/\" \/>\n<meta property=\"og:locale\" content=\"pl_PL\" \/>\n<meta property=\"og:type\" content=\"article\" \/>\n<meta property=\"og:title\" content=\"Standardowe serwo cyfrowe HS-7955TG - IRONSKY.PL Sklep z Dronami\" \/>\n<meta property=\"og:description\" content=\"Standardowe serwo cyfrowe HS-7955TG - \u2705 sklep z dronami i fachowym doradztwem. \u2705 Tutaj kupisz produkty DJI, Yuneec, Parrot, Syma i wiele innych, a tak\u017ce kursy i licencje na operatora drona.\" \/>\n<meta property=\"og:url\" content=\"https:\/\/ironsky.pl\/sklep\/produkt\/standardowe-serwo-cyfrowe-hs-7955tg\/\" \/>\n<meta property=\"og:site_name\" content=\"IRONSKY.PL Sklep z Dronami\" \/>\n<meta property=\"article:modified_time\" content=\"2026-03-05T14:53:46+00:00\" \/>\n<meta property=\"og:image\" content=\"https:\/\/ironsky.pl\/sklep\/wp-content\/uploads\/2024\/09\/32677_1.jpg\" \/>\n\t<meta property=\"og:image:width\" content=\"800\" \/>\n\t<meta property=\"og:image:height\" content=\"800\" \/>\n\t<meta property=\"og:image:type\" content=\"image\/jpeg\" \/>\n<meta name=\"twitter:card\" content=\"summary_large_image\" \/>\n<meta name=\"twitter:label1\" content=\"Szacowany czas czytania\" \/>\n\t<meta name=\"twitter:data1\" content=\"1 minuta\" \/>\n<script type=\"application\/ld+json\" class=\"yoast-schema-graph\">{\"@context\":\"https:\/\/schema.org\",\"@graph\":[{\"@type\":\"WebPage\",\"@id\":\"https:\/\/ironsky.pl\/sklep\/produkt\/standardowe-serwo-cyfrowe-hs-7955tg\/\",\"url\":\"https:\/\/ironsky.pl\/sklep\/produkt\/standardowe-serwo-cyfrowe-hs-7955tg\/\",\"name\":\"Standardowe serwo cyfrowe HS-7955TG - IRONSKY.PL Sklep z Dronami\",\"isPartOf\":{\"@id\":\"https:\/\/ironsky.pl\/sklep\/#website\"},\"primaryImageOfPage\":{\"@id\":\"https:\/\/ironsky.pl\/sklep\/produkt\/standardowe-serwo-cyfrowe-hs-7955tg\/#primaryimage\"},\"image\":{\"@id\":\"https:\/\/ironsky.pl\/sklep\/produkt\/standardowe-serwo-cyfrowe-hs-7955tg\/#primaryimage\"},\"thumbnailUrl\":\"https:\/\/ironsky.pl\/sklep\/wp-content\/uploads\/2024\/09\/32677_1.jpg\",\"datePublished\":\"2024-09-16T18:40:48+00:00\",\"dateModified\":\"2026-03-05T14:53:46+00:00\",\"description\":\"Standardowe serwo cyfrowe HS-7955TG - \u2705 sklep z dronami i fachowym doradztwem. \u2705 Tutaj kupisz produkty DJI, Yuneec, Parrot, Syma i wiele innych, a tak\u017ce kursy i licencje na operatora drona.\",\"breadcrumb\":{\"@id\":\"https:\/\/ironsky.pl\/sklep\/produkt\/standardowe-serwo-cyfrowe-hs-7955tg\/#breadcrumb\"},\"inLanguage\":\"pl-PL\",\"potentialAction\":[{\"@type\":\"ReadAction\",\"target\":[\"https:\/\/ironsky.pl\/sklep\/produkt\/standardowe-serwo-cyfrowe-hs-7955tg\/\"]}]},{\"@type\":\"ImageObject\",\"inLanguage\":\"pl-PL\",\"@id\":\"https:\/\/ironsky.pl\/sklep\/produkt\/standardowe-serwo-cyfrowe-hs-7955tg\/#primaryimage\",\"url\":\"https:\/\/ironsky.pl\/sklep\/wp-content\/uploads\/2024\/09\/32677_1.jpg\",\"contentUrl\":\"https:\/\/ironsky.pl\/sklep\/wp-content\/uploads\/2024\/09\/32677_1.jpg\",\"width\":800,\"height\":800},{\"@type\":\"BreadcrumbList\",\"@id\":\"https:\/\/ironsky.pl\/sklep\/produkt\/standardowe-serwo-cyfrowe-hs-7955tg\/#breadcrumb\",\"itemListElement\":[{\"@type\":\"ListItem\",\"position\":1,\"name\":\"Strona g\u0142\u00f3wna\",\"item\":\"https:\/\/ironsky.pl\/sklep\/\"},{\"@type\":\"ListItem\",\"position\":2,\"name\":\"Wszystkie produkty\",\"item\":\"https:\/\/ironsky.pl\/sklep\/produkty\/\"},{\"@type\":\"ListItem\",\"position\":3,\"name\":\"Standardowe serwo cyfrowe HS-7955TG\"}]},{\"@type\":\"WebSite\",\"@id\":\"https:\/\/ironsky.pl\/sklep\/#website\",\"url\":\"https:\/\/ironsky.pl\/sklep\/\",\"name\":\"IRONSKY.PL Sklep z Dronami\",\"description\":\"IRONSKY.PL Sklep z Dronami\",\"potentialAction\":[{\"@type\":\"SearchAction\",\"target\":{\"@type\":\"EntryPoint\",\"urlTemplate\":\"https:\/\/ironsky.pl\/sklep\/?s={search_term_string}\"},\"query-input\":{\"@type\":\"PropertyValueSpecification\",\"valueRequired\":true,\"valueName\":\"search_term_string\"}}],\"inLanguage\":\"pl-PL\"}]}<\/script>\n<!-- \/ Yoast SEO plugin. -->","yoast_head_json":{"title":"Standardowe serwo cyfrowe HS-7955TG - IRONSKY.PL Sklep z Dronami","description":"Standardowe serwo cyfrowe HS-7955TG - \u2705 sklep z dronami i fachowym doradztwem. \u2705 Tutaj kupisz produkty DJI, Yuneec, Parrot, Syma i wiele innych, a tak\u017ce kursy i licencje na operatora drona.","robots":{"index":"index","follow":"follow","max-snippet":"max-snippet:-1","max-image-preview":"max-image-preview:large","max-video-preview":"max-video-preview:-1"},"canonical":"https:\/\/ironsky.pl\/sklep\/produkt\/standardowe-serwo-cyfrowe-hs-7955tg\/","og_locale":"pl_PL","og_type":"article","og_title":"Standardowe serwo cyfrowe HS-7955TG - IRONSKY.PL Sklep z Dronami","og_description":"Standardowe serwo cyfrowe HS-7955TG - \u2705 sklep z dronami i fachowym doradztwem. \u2705 Tutaj kupisz produkty DJI, Yuneec, Parrot, Syma i wiele innych, a tak\u017ce kursy i licencje na operatora drona.","og_url":"https:\/\/ironsky.pl\/sklep\/produkt\/standardowe-serwo-cyfrowe-hs-7955tg\/","og_site_name":"IRONSKY.PL Sklep z Dronami","article_modified_time":"2026-03-05T14:53:46+00:00","og_image":[{"width":800,"height":800,"url":"https:\/\/ironsky.pl\/sklep\/wp-content\/uploads\/2024\/09\/32677_1.jpg","type":"image\/jpeg"}],"twitter_card":"summary_large_image","twitter_misc":{"Szacowany czas czytania":"1 minuta"},"schema":{"@context":"https:\/\/schema.org","@graph":[{"@type":"WebPage","@id":"https:\/\/ironsky.pl\/sklep\/produkt\/standardowe-serwo-cyfrowe-hs-7955tg\/","url":"https:\/\/ironsky.pl\/sklep\/produkt\/standardowe-serwo-cyfrowe-hs-7955tg\/","name":"Standardowe serwo cyfrowe HS-7955TG - IRONSKY.PL Sklep z Dronami","isPartOf":{"@id":"https:\/\/ironsky.pl\/sklep\/#website"},"primaryImageOfPage":{"@id":"https:\/\/ironsky.pl\/sklep\/produkt\/standardowe-serwo-cyfrowe-hs-7955tg\/#primaryimage"},"image":{"@id":"https:\/\/ironsky.pl\/sklep\/produkt\/standardowe-serwo-cyfrowe-hs-7955tg\/#primaryimage"},"thumbnailUrl":"https:\/\/ironsky.pl\/sklep\/wp-content\/uploads\/2024\/09\/32677_1.jpg","datePublished":"2024-09-16T18:40:48+00:00","dateModified":"2026-03-05T14:53:46+00:00","description":"Standardowe serwo cyfrowe HS-7955TG - \u2705 sklep z dronami i fachowym doradztwem. \u2705 Tutaj kupisz produkty DJI, Yuneec, Parrot, Syma i wiele innych, a tak\u017ce kursy i licencje na operatora drona.","breadcrumb":{"@id":"https:\/\/ironsky.pl\/sklep\/produkt\/standardowe-serwo-cyfrowe-hs-7955tg\/#breadcrumb"},"inLanguage":"pl-PL","potentialAction":[{"@type":"ReadAction","target":["https:\/\/ironsky.pl\/sklep\/produkt\/standardowe-serwo-cyfrowe-hs-7955tg\/"]}]},{"@type":"ImageObject","inLanguage":"pl-PL","@id":"https:\/\/ironsky.pl\/sklep\/produkt\/standardowe-serwo-cyfrowe-hs-7955tg\/#primaryimage","url":"https:\/\/ironsky.pl\/sklep\/wp-content\/uploads\/2024\/09\/32677_1.jpg","contentUrl":"https:\/\/ironsky.pl\/sklep\/wp-content\/uploads\/2024\/09\/32677_1.jpg","width":800,"height":800},{"@type":"BreadcrumbList","@id":"https:\/\/ironsky.pl\/sklep\/produkt\/standardowe-serwo-cyfrowe-hs-7955tg\/#breadcrumb","itemListElement":[{"@type":"ListItem","position":1,"name":"Strona g\u0142\u00f3wna","item":"https:\/\/ironsky.pl\/sklep\/"},{"@type":"ListItem","position":2,"name":"Wszystkie produkty","item":"https:\/\/ironsky.pl\/sklep\/produkty\/"},{"@type":"ListItem","position":3,"name":"Standardowe serwo cyfrowe HS-7955TG"}]},{"@type":"WebSite","@id":"https:\/\/ironsky.pl\/sklep\/#website","url":"https:\/\/ironsky.pl\/sklep\/","name":"IRONSKY.PL Sklep z Dronami","description":"IRONSKY.PL Sklep z Dronami","potentialAction":[{"@type":"SearchAction","target":{"@type":"EntryPoint","urlTemplate":"https:\/\/ironsky.pl\/sklep\/?s={search_term_string}"},"query-input":{"@type":"PropertyValueSpecification","valueRequired":true,"valueName":"search_term_string"}}],"inLanguage":"pl-PL"}]}},"_links":{"self":[{"href":"https:\/\/ironsky.pl\/sklep\/wp-json\/wp\/v2\/product\/28741","targetHints":{"allow":["GET"]}}],"collection":[{"href":"https:\/\/ironsky.pl\/sklep\/wp-json\/wp\/v2\/product"}],"about":[{"href":"https:\/\/ironsky.pl\/sklep\/wp-json\/wp\/v2\/types\/product"}],"replies":[{"embeddable":true,"href":"https:\/\/ironsky.pl\/sklep\/wp-json\/wp\/v2\/comments?post=28741"}],"wp:featuredmedia":[{"embeddable":true,"href":"https:\/\/ironsky.pl\/sklep\/wp-json\/wp\/v2\/media\/28742"}],"wp:attachment":[{"href":"https:\/\/ironsky.pl\/sklep\/wp-json\/wp\/v2\/media?parent=28741"}],"wp:term":[{"taxonomy":"product_brand","embeddable":true,"href":"https:\/\/ironsky.pl\/sklep\/wp-json\/wp\/v2\/product_brand?post=28741"},{"taxonomy":"product_cat","embeddable":true,"href":"https:\/\/ironsky.pl\/sklep\/wp-json\/wp\/v2\/product_cat?post=28741"},{"taxonomy":"product_tag","embeddable":true,"href":"https:\/\/ironsky.pl\/sklep\/wp-json\/wp\/v2\/product_tag?post=28741"}],"curies":[{"name":"wp","href":"https:\/\/api.w.org\/{rel}","templated":true}]}}