{"id":28715,"date":"2024-09-16T20:39:24","date_gmt":"2024-09-16T18:39:24","guid":{"rendered":"http:\/\/gvshalph.pro-linuxpl.com\/ironskyprodukty\/produkt\/monitor-dji-crystalsky-55\/"},"modified":"2026-03-05T15:53:46","modified_gmt":"2026-03-05T14:53:46","slug":"monitor-dji-crystalsky-55","status":"publish","type":"product","link":"https:\/\/ironsky.pl\/sklep\/produkt\/monitor-dji-crystalsky-55\/","title":{"rendered":"Monitor DJI CrystalSky 5,5&#8243;"},"content":{"rendered":"<div id=\"Opisproduktu\" class=\"long-description\">\n<div class=\"long-description__description-wrapper\">\n<div class=\"row\">\n<div class=\"col-sm-12 col-md-12\">\n<h2><img decoding=\"async\" src=\"https:\/\/ars-online.pl\/media\/wysiwyg\/Opisy\/CrystalSky\/1.jpg\" alt=\"Monitor DJI CrystalSky 5,5\"\"><\/h2>\n<\/p><\/div>\n<\/div>\n<div class=\"row\">\n<div class=\"col-sm-12 col-md-6\"><img decoding=\"async\" alt=\"Monitor DJI CrystalSky 5,5\"\" src=\"https:\/\/cdn.dji-ars.pl\/media\/wysiwyg\/Opisy\/CrystalSky\/2.png\" style=\"width:100%;\" \/><\/div>\n<div class=\"col-sm-12 col-md-6\">\n<h2>Wysoka jasno\u015b\u0107 monitora<\/h2>\n<p>Maksymalna jasno\u015b\u0107 ekranu CrystalSky 5,5&#8243; to 1000 cd\/m2, czyli dwukrotnie wi\u0119cej ni\u017c typowe urz\u0105dzenie mobilne. Szczeg\u00f3\u0142y na ekranie s\u0105 widoczne i ostre, a kolory \u017cywe. Dedykowany tryb do poprawiania czytelno\u015bci na \u015bwietle s\u0142onecznym zosta\u0142 zaprojektowany specjalnie do przetwarzania obrazu w czasie rzeczywistym, aby zapewni\u0107 bardziej komfortowe u\u017cytkowanie przy bezpo\u015brednim padaniu promieni s\u0142onecznych na ekran.\u00a0 <\/p>\n<\/p><\/div>\n<\/div>\n<div class=\"row\">\n<div class=\"col-sm-12 col-md-6\">\n<h2>P\u0142ynniejsze odtwarzanie video<\/h2>\n<p>Monitory CrystalSky korzystaj\u0105 ze zoptymalizowanego systemu dekoduj\u0105cego do odczytywania video w czasie rzeczywistym. Z powodu ogranicze\u0144 oprogramowania na smartfonach i tabletach, dekodowanie video na innych urz\u0105dzeniach mobilnych pozostawia wiele do \u017cyczenia. Podczas przegl\u0105da zdj\u0119\u0107 lub video przekazywanych przez kamer\u0119 mog\u0105 wyst\u0105pi\u0107 takie problemy jak drgania ekranu, op\u00f3\u017anienia przesy\u0142u i inne. Zoptymalizowany dekoder monitor\u00f3w CrystalSky zapewnia p\u0142ynny obraz ze znikomymi op\u00f3\u017anieniami przesy\u0142u.<\/p>\n<\/p><\/div>\n<div class=\"col-sm-12 col-md-6\"><img decoding=\"async\" alt=\"wysoka jako\u015b\u0107 monitora DJI CrystalSky 5,5\" src=\"https:\/\/cdn.dji-ars.pl\/media\/wysiwyg\/Opisy\/CrystalSky\/3.jpg\" style=\"width:100%;\" \/><\/div>\n<\/div>\n<div class=\"row\">\n<div class=\"col-sm-12 col-md-6\"><img decoding=\"async\" alt=\"odtawarzanie video w monitorze CrystalSky\" src=\"https:\/\/cdn.dji-ars.pl\/media\/wysiwyg\/Opisy\/CrystalSky\/8.png\" style=\"\" \/><\/div>\n<div class=\"col-sm-12 col-md-6\">\n<h2>Dedykowany system z DJI GO<\/h2>\n<p>Nowo zaprojektowany system usuwa wszystkie niepotrzebne aplikacje i us\u0142ugi Android, a tak\u017ce jest odporny na dzia\u0142anie wirus\u00f3w i z\u0142o\u015bliwego oprogramowania. Dzi\u0119ki temu monitory CrystalSky pracuj\u0105 zawsze z maksymaln\u0105 wydajno\u015bci\u0105. Wbudowana aplikacja DJI GO zapewnia pe\u0142ny dost\u0119p do takich funkcji jak kontrola kamery, obs\u0142uga i odtwarzanie plik\u00f3w. Dzi\u0119ki mapom offline, b\u0119d\u0105 one dost\u0119pne nawet poza zasi\u0119giem WiFi.  <\/p>\n<\/p><\/div>\n<\/div>\n<div class=\"row\">\n<div class=\"col-sm-12 col-md-6\">\n<h2>Dodatkowe zasilanie<\/h2>\n<p>Dwucelowy akumulator zewn\u0119trzny 4920 mAh pozwala na d\u0142u\u017csz\u0105 prac\u0119 monitora ni\u017c innych urz\u0105dze\u0144 mobilnych. Akumulator obs\u0142uguje szybkie \u0142adowanie i nie roz\u0142adowuje si\u0119 nadmiernie szybko nawet w niskich temperaturach. Maksymalny czas pracy monitora 5,5&#8243; wynosi ok. 5-6 godzin, natomiast monitora 7,85&#8243; 4-5 godzin.<\/p>\n<\/p><\/div>\n<div class=\"col-sm-12 col-md-6\"><img decoding=\"async\" alt=\"system z dji go monitor CrystalSky\" src=\"https:\/\/cdn.dji-ars.pl\/media\/wysiwyg\/Opisy\/CrystalSky\/4.png\" style=\"width:100%;\" \/><\/div>\n<\/div>\n<div class=\"row\">\n<div class=\"col-sm-12 col-md-6\"><img decoding=\"async\" alt=\"dodatkowe zasilanie monitor CrystalSky\" src=\"https:\/\/cdn.dji-ars.pl\/media\/wysiwyg\/Opisy\/CrystalSky\/5.png\" style=\"width:100%;\" \/><\/div>\n<div class=\"col-sm-12 col-md-6\">\n<h2>Dwa sloty SD<\/h2>\n<p>Dzi\u0119ki podw\u00f3jnemu gniazdu kart micro SD, pojemno\u015b\u0107 monitora mo\u017cna rozszerzy\u0107, a uj\u0119cia zapisane ju\u017c na kartach mo\u017cna odtwarza\u0107 bezpo\u015brednio na monitorze. Wbudowany w aplikacj\u0119 DJI GO edytor pozwala na szybk\u0105 obr\u00f3bk\u0119 pliku w wysokiej jako\u015bci i natychmiastowe udost\u0119pnienie go na portalu spo\u0142eczno\u015bciowym. Monitor CrystalSky obs\u0142uguje standardy kompresji H.264 i H.265, co pozwala na odtwarzanie plik\u00f3w odpowiednio w 30 i 60 klatkach na sekund\u0119<\/p>\n<\/p><\/div>\n<\/div>\n<div class=\"row\">\n<div class=\"col-sm-12 col-md-6\">\n<h2>Uniwersalna \u0142\u0105czno\u015b\u0107<\/h2>\n<p>Port HDMI monitora CrystalSky pozwala na przesy\u0142anie wideo w jako\u015bci 4K do gogli FPV i innych urz\u0105dze\u0144 wy\u015bwietlaj\u0105cych. Wbudowany dwupasmowy modu\u0142 Wi-Fi pozwala na \u0142\u0105czenie si\u0119 z sieciami Wi-Fi oraz hotspotami z urz\u0105dze\u0144 mobilnych. Po pod\u0142\u0105czeniu do internetu, monitor CrystalSky uzyskuje \u0142atwy dost\u0119p do ulepsze\u0144 systemu, livestream\u00f3w, udost\u0119pniania zdj\u0119\u0107 lub wideo, synchronizacji danych oraz wiele innych. Rozmiary plik\u00f3w s\u0105 optymalizowane tak bardzo jak to tylko mo\u017cliwe. Porty Micro USB i USB-C umo\u017cliwiaj\u0105 pod\u0142\u0105cznie monitora CrystalSky z aparatur\u0105 lub innymi urz\u0105dzeniami. <\/p>\n<\/p><\/div>\n<div class=\"col-sm-12 col-md-6\"><img decoding=\"async\" alt=\"uniwersalna \u0142\u0105czno\u015b\u0107 z monitorem CrystalSky\" src=\"https:\/\/cdn.dji-ars.pl\/media\/wysiwyg\/Opisy\/CrystalSky\/8.jpg\" style=\"width:100%;\" \/><\/div>\n<\/div>\n<\/div>\n<div class=\"long-description__specification-wrapper\" data-anchor-menu-name=\"Specyfikacja\">\n<div class=\"long-description__title\">Specyfikacja<\/div>\n<div class=\"row\">\n<div class=\"col-md-6 col-xs-12\">\n<div class=\"col-md-12 col-xs-12\">\n<h5 class=\"title-spec\">7,85 cala<\/h5>\n<table class=\"table-specs left\">\n<tbody>\n<tr>\n<th>Ekran<\/th>\n<td>Multi-touch z matryc\u0105 IPS<\/td>\n<\/tr>\n<tr>\n<th>Rozdzielczo\u015b\u0107<\/th>\n<td>\n<p>2048X1536 <\/p>\n<\/td>\n<\/tr>\n<tr>\n<th>Jasno\u015b\u0107<\/th>\n<td>\n<p>1000 cd\/m\u00b2<\/p>\n<p>Ultra\uff1a2000 cd\/m\u00b2<\/p>\n<\/td>\n<\/tr>\n<tr>\n<th>System operacyjny<\/th>\n<td>Android<\/td>\n<\/tr>\n<tr>\n<th>Aplikacja<\/th>\n<td>DJI GO, DJI GO 4, DJI Pilot<\/td>\n<\/tr>\n<tr>\n<th>Pami\u0119\u0107<\/th>\n<td>\n<p>Standard\uff1aROM 64GB+RAM 4GB <\/p>\n<p>Ultra\uff1aROM 128GB+RAM 4GB<\/p>\n<\/td>\n<\/tr>\n<tr>\n<th>Porty<\/th>\n<td>HDMI\uff0cMicroSD card slots\uff0cMicro-USB and USB-C<\/td>\n<\/tr>\n<tr>\n<th>\u0141\u0105czno\u015b\u0107<\/th>\n<td>WIFI\uff1a2.4G\uff0c5.2G&#038;5.8G 802.11b\u3001802.11g\u3001802.11n(HT20)\u3001802.11a<br \/>\n4G<\/td>\n<\/tr>\n<tr>\n<th>GPS<\/th>\n<td>GPS\/GLONASS<\/td>\n<\/tr>\n<tr>\n<th>\u017byroskop<\/th>\n<td>Wspierany<\/td>\n<\/tr>\n<tr>\n<th>Kompas<\/th>\n<td>Wspierany<\/td>\n<\/tr>\n<tr>\n<th>G\u0142o\u015bnik<\/th>\n<td>Wspierany<\/td>\n<\/tr>\n<tr>\n<th>Czujnik \u015bwiat\u0142a<\/th>\n<td>Wspierany<\/td>\n<\/tr>\n<tr>\n<th>Mikrofon<\/th>\n<td>Wspierany<\/td>\n<\/tr>\n<tr>\n<th>Wbudowany akumulator<\/th>\n<td>980 mAh, 3.7V<\/td>\n<\/tr>\n<tr>\n<th>Zewn\u0119trzny akumulator<\/th>\n<td>4920 mAh,7.6V(od\u0142\u0105czany)<\/td>\n<\/tr>\n<tr>\n<th>Temperatura pracy<\/th>\n<td>-20\u00b0C to 40\u00b0C<\/td>\n<\/tr>\n<tr>\n<th>Formaty wideo 4K<\/th>\n<td>H.264 4k 30fps \/ H.265 4k 60fps<\/td>\n<\/tr>\n<tr>\n<th>Wymiary bez akumulatora<\/th>\n<td>208.6&#215;147.8x17mm<\/td>\n<\/tr>\n<tr>\n<th>Wymiary z akumulatorem<\/th>\n<td>208.6&#215;147.8&#215;34.75mm<\/td>\n<\/tr>\n<tr>\n<th>Wymiary akumulatora<\/th>\n<td>90x45x26mm<\/td>\n<\/tr>\n<\/tbody>\n<\/table><\/div>\n<\/div>\n<div class=\"col-md-6 col-xs-12\">\n<div class=\"col-md-12 col-xs-12\">\n<h5 class=\"title-spec\">5,5 cala<\/h5>\n<table class=\"table-specs left\">\n<tbody>\n<tr>\n<th>Ekran<\/th>\n<td>Multi-touch z matryc\u0105 IPS<\/td>\n<\/tr>\n<tr>\n<th>Rozdzielczo\u015b\u0107<\/th>\n<td>\n<p>1920&#215;1080<\/p>\n<\/td>\n<\/tr>\n<tr>\n<th>Jasno\u015b\u0107<\/th>\n<td>\n<p>1000 cd\/m\u00b2<\/p>\n<\/td>\n<\/tr>\n<tr>\n<th>System operacyjny<\/th>\n<td>Android<\/td>\n<\/tr>\n<tr>\n<th>Aplikacja<\/th>\n<td>DJI GO, DJI GO 4, DJI Pilot<\/td>\n<\/tr>\n<tr>\n<th>Pami\u0119\u0107<\/th>\n<td>\n<p>ROM 32GB+RAM 4GB <\/p>\n<\/td>\n<\/tr>\n<tr>\n<th>Porty<\/th>\n<td>HDMI\uff0cMicroSD card slots\uff0cMicro-USB and USB-C<\/td>\n<\/tr>\n<tr>\n<th>\u0141\u0105czno\u015b\u0107<\/th>\n<td>WIFI\uff1a2.4G\uff0c5.2G&#038;5.8G 802.11b\u3001802.11g\u3001802.11n(HT20)\u3001802.11a<br \/>\n4G<\/td>\n<\/tr>\n<tr>\n<th>GPS<\/th>\n<td>GPS\/GLONASS<\/td>\n<\/tr>\n<tr>\n<th>\u017byroskop<\/th>\n<td>Wspierany<\/td>\n<\/tr>\n<tr>\n<th>Kompas<\/th>\n<td>Wspierany<\/td>\n<\/tr>\n<tr>\n<th>G\u0142o\u015bnik<\/th>\n<td>Wspierany<\/td>\n<\/tr>\n<tr>\n<th>Czujnik \u015bwiat\u0142a<\/th>\n<td>Wspierany<\/td>\n<\/tr>\n<tr>\n<th>Mikrofon<\/th>\n<td>Wspierany<\/td>\n<\/tr>\n<tr>\n<th>Wbudowany akumulator<\/th>\n<td>980 mAh, 3.7V<\/td>\n<\/tr>\n<tr>\n<th>Zewn\u0119trzny akumulator<\/th>\n<td>4920 mAh,7.6V(od\u0142\u0105czany)<\/td>\n<\/tr>\n<tr>\n<th>Temperatura pracy<\/th>\n<td>-20\u00b0C to 40\u00b0C<\/td>\n<\/tr>\n<tr>\n<th>Formaty wideo 4K<\/th>\n<td>H.264 4k 30fps \/ H.265 4k 60fps<\/td>\n<\/tr>\n<tr>\n<th>Wymiary bez akumulatora<\/th>\n<td>153.76&#215;84.94x19mm<\/td>\n<\/tr>\n<tr>\n<th>Wymiary z akumulatorem<\/th>\n<td>153.76&#215;84.94&#215;39.6mm<\/td>\n<\/tr>\n<tr>\n<th>Wymiary akumulatora<\/th>\n<td>90x45x26mm<\/td>\n<\/tr>\n<\/tbody>\n<\/table><\/div>\n<\/div>\n<\/div>\n<\/div>\n<\/div>\n","protected":false},"excerpt":{"rendered":"<p>Wysoka jasno\u015b\u0107 monitora Maksymalna jasno\u015b\u0107 ekranu CrystalSky 5,5&#8243; to 1000 cd\/m2, czyli dwukrotnie wi\u0119cej ni\u017c typowe urz\u0105dzenie mobilne. Szczeg\u00f3\u0142y na<\/p>\n","protected":false},"featured_media":28716,"comment_status":"closed","ping_status":"open","template":"","meta":{"_acf_changed":false},"product_brand":[],"product_cat":[1169,1191],"product_tag":[],"class_list":{"0":"post-28715","1":"product","2":"type-product","3":"status-publish","4":"has-post-thumbnail","6":"product_cat-modele-rc","7":"product_cat-fpv-podglad-na-zywo","9":"first","10":"outofstock","11":"taxable","12":"shipping-taxable","13":"product-type-simple"},"acf":[],"yoast_head":"<!-- This site is optimized with the Yoast SEO plugin v27.2 - https:\/\/yoast.com\/product\/yoast-seo-wordpress\/ -->\n<title>Monitor DJI CrystalSky 5,5&quot; - IRONSKY.PL Sklep z Dronami<\/title>\n<meta name=\"description\" content=\"Monitor DJI CrystalSky 5,5&quot; - \u2705 sklep z dronami i fachowym doradztwem. \u2705 Tutaj kupisz produkty DJI, Yuneec, Parrot, Syma i wiele innych, a tak\u017ce kursy i licencje na operatora drona.\" \/>\n<meta name=\"robots\" content=\"index, follow, max-snippet:-1, max-image-preview:large, max-video-preview:-1\" \/>\n<link rel=\"canonical\" href=\"https:\/\/ironsky.pl\/sklep\/produkt\/monitor-dji-crystalsky-55\/\" \/>\n<meta property=\"og:locale\" content=\"pl_PL\" \/>\n<meta property=\"og:type\" content=\"article\" \/>\n<meta property=\"og:title\" content=\"Monitor DJI CrystalSky 5,5&quot; - IRONSKY.PL Sklep z Dronami\" \/>\n<meta property=\"og:description\" content=\"Monitor DJI CrystalSky 5,5&quot; - \u2705 sklep z dronami i fachowym doradztwem. \u2705 Tutaj kupisz produkty DJI, Yuneec, Parrot, Syma i wiele innych, a tak\u017ce kursy i licencje na operatora drona.\" \/>\n<meta property=\"og:url\" content=\"https:\/\/ironsky.pl\/sklep\/produkt\/monitor-dji-crystalsky-55\/\" \/>\n<meta property=\"og:site_name\" content=\"IRONSKY.PL Sklep z Dronami\" \/>\n<meta property=\"article:modified_time\" content=\"2026-03-05T14:53:46+00:00\" \/>\n<meta property=\"og:image\" content=\"https:\/\/ironsky.pl\/sklep\/wp-content\/uploads\/2024\/09\/32016_1.jpg\" \/>\n\t<meta property=\"og:image:width\" content=\"720\" \/>\n\t<meta property=\"og:image:height\" content=\"480\" \/>\n\t<meta property=\"og:image:type\" content=\"image\/jpeg\" \/>\n<meta name=\"twitter:card\" content=\"summary_large_image\" \/>\n<meta name=\"twitter:label1\" content=\"Szacowany czas czytania\" \/>\n\t<meta name=\"twitter:data1\" content=\"3 minuty\" \/>\n<script type=\"application\/ld+json\" class=\"yoast-schema-graph\">{\"@context\":\"https:\/\/schema.org\",\"@graph\":[{\"@type\":\"WebPage\",\"@id\":\"https:\/\/ironsky.pl\/sklep\/produkt\/monitor-dji-crystalsky-55\/\",\"url\":\"https:\/\/ironsky.pl\/sklep\/produkt\/monitor-dji-crystalsky-55\/\",\"name\":\"Monitor DJI CrystalSky 5,5\\\" - IRONSKY.PL Sklep z Dronami\",\"isPartOf\":{\"@id\":\"https:\/\/ironsky.pl\/sklep\/#website\"},\"primaryImageOfPage\":{\"@id\":\"https:\/\/ironsky.pl\/sklep\/produkt\/monitor-dji-crystalsky-55\/#primaryimage\"},\"image\":{\"@id\":\"https:\/\/ironsky.pl\/sklep\/produkt\/monitor-dji-crystalsky-55\/#primaryimage\"},\"thumbnailUrl\":\"https:\/\/ironsky.pl\/sklep\/wp-content\/uploads\/2024\/09\/32016_1.jpg\",\"datePublished\":\"2024-09-16T18:39:24+00:00\",\"dateModified\":\"2026-03-05T14:53:46+00:00\",\"description\":\"Monitor DJI CrystalSky 5,5\\\" - \u2705 sklep z dronami i fachowym doradztwem. \u2705 Tutaj kupisz produkty DJI, Yuneec, Parrot, Syma i wiele innych, a tak\u017ce kursy i licencje na operatora drona.\",\"breadcrumb\":{\"@id\":\"https:\/\/ironsky.pl\/sklep\/produkt\/monitor-dji-crystalsky-55\/#breadcrumb\"},\"inLanguage\":\"pl-PL\",\"potentialAction\":[{\"@type\":\"ReadAction\",\"target\":[\"https:\/\/ironsky.pl\/sklep\/produkt\/monitor-dji-crystalsky-55\/\"]}]},{\"@type\":\"ImageObject\",\"inLanguage\":\"pl-PL\",\"@id\":\"https:\/\/ironsky.pl\/sklep\/produkt\/monitor-dji-crystalsky-55\/#primaryimage\",\"url\":\"https:\/\/ironsky.pl\/sklep\/wp-content\/uploads\/2024\/09\/32016_1.jpg\",\"contentUrl\":\"https:\/\/ironsky.pl\/sklep\/wp-content\/uploads\/2024\/09\/32016_1.jpg\",\"width\":720,\"height\":480},{\"@type\":\"BreadcrumbList\",\"@id\":\"https:\/\/ironsky.pl\/sklep\/produkt\/monitor-dji-crystalsky-55\/#breadcrumb\",\"itemListElement\":[{\"@type\":\"ListItem\",\"position\":1,\"name\":\"Strona g\u0142\u00f3wna\",\"item\":\"https:\/\/ironsky.pl\/sklep\/\"},{\"@type\":\"ListItem\",\"position\":2,\"name\":\"Wszystkie produkty\",\"item\":\"https:\/\/ironsky.pl\/sklep\/sklep\/\"},{\"@type\":\"ListItem\",\"position\":3,\"name\":\"Monitor DJI CrystalSky 5,5&#8243;\"}]},{\"@type\":\"WebSite\",\"@id\":\"https:\/\/ironsky.pl\/sklep\/#website\",\"url\":\"https:\/\/ironsky.pl\/sklep\/\",\"name\":\"IRONSKY.PL Sklep z Dronami\",\"description\":\"IRONSKY.PL Sklep z Dronami\",\"potentialAction\":[{\"@type\":\"SearchAction\",\"target\":{\"@type\":\"EntryPoint\",\"urlTemplate\":\"https:\/\/ironsky.pl\/sklep\/?s={search_term_string}\"},\"query-input\":{\"@type\":\"PropertyValueSpecification\",\"valueRequired\":true,\"valueName\":\"search_term_string\"}}],\"inLanguage\":\"pl-PL\"}]}<\/script>\n<!-- \/ Yoast SEO plugin. -->","yoast_head_json":{"title":"Monitor DJI CrystalSky 5,5\" - IRONSKY.PL Sklep z Dronami","description":"Monitor DJI CrystalSky 5,5\" - \u2705 sklep z dronami i fachowym doradztwem. \u2705 Tutaj kupisz produkty DJI, Yuneec, Parrot, Syma i wiele innych, a tak\u017ce kursy i licencje na operatora drona.","robots":{"index":"index","follow":"follow","max-snippet":"max-snippet:-1","max-image-preview":"max-image-preview:large","max-video-preview":"max-video-preview:-1"},"canonical":"https:\/\/ironsky.pl\/sklep\/produkt\/monitor-dji-crystalsky-55\/","og_locale":"pl_PL","og_type":"article","og_title":"Monitor DJI CrystalSky 5,5\" - IRONSKY.PL Sklep z Dronami","og_description":"Monitor DJI CrystalSky 5,5\" - \u2705 sklep z dronami i fachowym doradztwem. \u2705 Tutaj kupisz produkty DJI, Yuneec, Parrot, Syma i wiele innych, a tak\u017ce kursy i licencje na operatora drona.","og_url":"https:\/\/ironsky.pl\/sklep\/produkt\/monitor-dji-crystalsky-55\/","og_site_name":"IRONSKY.PL Sklep z Dronami","article_modified_time":"2026-03-05T14:53:46+00:00","og_image":[{"width":720,"height":480,"url":"https:\/\/ironsky.pl\/sklep\/wp-content\/uploads\/2024\/09\/32016_1.jpg","type":"image\/jpeg"}],"twitter_card":"summary_large_image","twitter_misc":{"Szacowany czas czytania":"3 minuty"},"schema":{"@context":"https:\/\/schema.org","@graph":[{"@type":"WebPage","@id":"https:\/\/ironsky.pl\/sklep\/produkt\/monitor-dji-crystalsky-55\/","url":"https:\/\/ironsky.pl\/sklep\/produkt\/monitor-dji-crystalsky-55\/","name":"Monitor DJI CrystalSky 5,5\" - IRONSKY.PL Sklep z Dronami","isPartOf":{"@id":"https:\/\/ironsky.pl\/sklep\/#website"},"primaryImageOfPage":{"@id":"https:\/\/ironsky.pl\/sklep\/produkt\/monitor-dji-crystalsky-55\/#primaryimage"},"image":{"@id":"https:\/\/ironsky.pl\/sklep\/produkt\/monitor-dji-crystalsky-55\/#primaryimage"},"thumbnailUrl":"https:\/\/ironsky.pl\/sklep\/wp-content\/uploads\/2024\/09\/32016_1.jpg","datePublished":"2024-09-16T18:39:24+00:00","dateModified":"2026-03-05T14:53:46+00:00","description":"Monitor DJI CrystalSky 5,5\" - \u2705 sklep z dronami i fachowym doradztwem. \u2705 Tutaj kupisz produkty DJI, Yuneec, Parrot, Syma i wiele innych, a tak\u017ce kursy i licencje na operatora drona.","breadcrumb":{"@id":"https:\/\/ironsky.pl\/sklep\/produkt\/monitor-dji-crystalsky-55\/#breadcrumb"},"inLanguage":"pl-PL","potentialAction":[{"@type":"ReadAction","target":["https:\/\/ironsky.pl\/sklep\/produkt\/monitor-dji-crystalsky-55\/"]}]},{"@type":"ImageObject","inLanguage":"pl-PL","@id":"https:\/\/ironsky.pl\/sklep\/produkt\/monitor-dji-crystalsky-55\/#primaryimage","url":"https:\/\/ironsky.pl\/sklep\/wp-content\/uploads\/2024\/09\/32016_1.jpg","contentUrl":"https:\/\/ironsky.pl\/sklep\/wp-content\/uploads\/2024\/09\/32016_1.jpg","width":720,"height":480},{"@type":"BreadcrumbList","@id":"https:\/\/ironsky.pl\/sklep\/produkt\/monitor-dji-crystalsky-55\/#breadcrumb","itemListElement":[{"@type":"ListItem","position":1,"name":"Strona g\u0142\u00f3wna","item":"https:\/\/ironsky.pl\/sklep\/"},{"@type":"ListItem","position":2,"name":"Wszystkie produkty","item":"https:\/\/ironsky.pl\/sklep\/sklep\/"},{"@type":"ListItem","position":3,"name":"Monitor DJI CrystalSky 5,5&#8243;"}]},{"@type":"WebSite","@id":"https:\/\/ironsky.pl\/sklep\/#website","url":"https:\/\/ironsky.pl\/sklep\/","name":"IRONSKY.PL Sklep z Dronami","description":"IRONSKY.PL Sklep z Dronami","potentialAction":[{"@type":"SearchAction","target":{"@type":"EntryPoint","urlTemplate":"https:\/\/ironsky.pl\/sklep\/?s={search_term_string}"},"query-input":{"@type":"PropertyValueSpecification","valueRequired":true,"valueName":"search_term_string"}}],"inLanguage":"pl-PL"}]}},"_links":{"self":[{"href":"https:\/\/ironsky.pl\/sklep\/wp-json\/wp\/v2\/product\/28715","targetHints":{"allow":["GET"]}}],"collection":[{"href":"https:\/\/ironsky.pl\/sklep\/wp-json\/wp\/v2\/product"}],"about":[{"href":"https:\/\/ironsky.pl\/sklep\/wp-json\/wp\/v2\/types\/product"}],"replies":[{"embeddable":true,"href":"https:\/\/ironsky.pl\/sklep\/wp-json\/wp\/v2\/comments?post=28715"}],"wp:featuredmedia":[{"embeddable":true,"href":"https:\/\/ironsky.pl\/sklep\/wp-json\/wp\/v2\/media\/28716"}],"wp:attachment":[{"href":"https:\/\/ironsky.pl\/sklep\/wp-json\/wp\/v2\/media?parent=28715"}],"wp:term":[{"taxonomy":"product_brand","embeddable":true,"href":"https:\/\/ironsky.pl\/sklep\/wp-json\/wp\/v2\/product_brand?post=28715"},{"taxonomy":"product_cat","embeddable":true,"href":"https:\/\/ironsky.pl\/sklep\/wp-json\/wp\/v2\/product_cat?post=28715"},{"taxonomy":"product_tag","embeddable":true,"href":"https:\/\/ironsky.pl\/sklep\/wp-json\/wp\/v2\/product_tag?post=28715"}],"curies":[{"name":"wp","href":"https:\/\/api.w.org\/{rel}","templated":true}]}}