{"id":28707,"date":"2024-09-16T20:39:24","date_gmt":"2024-09-16T18:39:24","guid":{"rendered":"http:\/\/gvshalph.pro-linuxpl.com\/ironskyprodukty\/produkt\/green-cell-baterie-akumulatorki-paluszki-2x-aaa-hr03-800mah\/"},"modified":"2026-03-05T15:53:45","modified_gmt":"2026-03-05T14:53:45","slug":"green-cell-baterie-akumulatorki-paluszki-2x-aaa-hr03-800mah","status":"publish","type":"product","link":"https:\/\/ironsky.pl\/sklep\/produkt\/green-cell-baterie-akumulatorki-paluszki-2x-aaa-hr03-800mah\/","title":{"rendered":"Green Cell Baterie Akumulatorki Paluszki 2x AAA HR03 800mAh"},"content":{"rendered":"<h3>Green Cell Baterie Akumulatorki Paluszki 2x AAA HR03 800mAh<\/h3>\n<p>To akumulatory, z kt\u00f3rych mo\u017cemy korzysta\u0107 tak samo, jak z jednorazowych baterii AAA. W przeciwie\u0144stwie do nich mo\u017cemy je jednak ponownie na\u0142adowa\u0107, ograniczaj\u0105c w ten spos\u00f3b koszty u\u017cytkowania wielu domowych urz\u0105dze\u0144 zasilanych tradycyjnymi bateriami. Charakteryzuj\u0105 si\u0119 one wysok\u0105, realn\u0105 pojemno\u015bci\u0105 \u2013 800mAh, kt\u00f3ra zapewnia d\u0142u\u017cszy czas pracy w por\u00f3wnaniu z bateriami jednorazowymi.<\/p>\n<p><img decoding=\"async\" src=\"https:\/\/b2b.innpro.pl\/data\/include\/cms\/Green-Cell\/GR08\/1.jpg\" alt=\"Green-Cell\/GR08\/1\"><\/p>\n<h3>Wysoka wytrzyma\u0142o\u015b\u0107 i bezpiecze\u0144stwo pracy.<\/h3>\n<p>Zastosowanie nowoczesnych materia\u0142\u00f3w i zaawansowanej technologii produkcji znacz\u0105co zwi\u0119ksza trwa\u0142o\u015b\u0107 akumulator\u00f3w. Akumulatory Green Cell zapewniaj\u0105 do 3 lat bezproblemowej pracy nawet pod du\u017cym obci\u0105\u017ceniem, co wi\u0119cej zachowuj\u0105 85% zgromadzonej energii nawet po 12 miesi\u0105cach przechowywania. Przystosowane s\u0105 r\u00f3wnie\u017c do pracy w skrajnych temperaturach od -20 do 60\u00b0C z zachowaniem wysokiej wydajno\u015bci!<\/p>\n<p><img decoding=\"async\" src=\"https:\/\/b2b.innpro.pl\/data\/include\/cms\/Green-Cell\/GR08\/2.jpg\" alt=\"Green-Cell\/GR08\/2\"><\/p>\n<h3>Gotowe do natychmiastowego dzia\u0142ania<\/h3>\n<p>Akumulatorki AAA od Green Cell dostarczane s\u0105 na\u0142adowane, co pozwala na ich u\u017cycie natychmiast po wyj\u0119ciu z opakowania. Nie ma potrzeby ich wcze\u015bniejszego \u0142adowania. Zapobiega to degradacji baterii i utracie pojemno\u015bci. S\u0105 kompatybilne z wieloma urz\u0105dzeniami, takimi jak: piloty do telewizor\u00f3w i urz\u0105dze\u0144 audio, myszki i klawiatury bezprzewodowe, aparaty fotograficzne i lampy b\u0142yskowe, pady do konsol Xbox, domowe urz\u0105dzenia medyczne np. ci\u015bnieniomierze, zegary, radia, termostaty, wagi, latarki i lampy rowerowe czy zabawki.<\/p>\n<p><img decoding=\"async\" src=\"https:\/\/b2b.innpro.pl\/data\/include\/cms\/Green-Cell\/GR08\/3.jpg\" alt=\"Green-Cell\/GR08\/3\"><\/p>\n<h3>Zmie\u0144 przysz\u0142o\u015b\u0107 naszej planety, zmieniaj\u0105c swoje baterie.<\/h3>\n<p>Rocznie na \u015bwiecie zu\u017cywamy ponad 40 miliard\u00f3w jednorazowych baterii, kt\u00f3re zu\u017cyte cz\u0119sto trafiaj\u0105 bezpo\u015brednio do \u015brodowiska. Akumulatory Green Cell gwarantuj\u0105 do 3 lat intensywnej pracy, co jest r\u00f3wnoznaczne ze zu\u017cyciem wielu tradycyjnych baterii AAA ! Dzi\u0119ki akumulatorom Green Cell mo\u017cesz znacz\u0105co ograniczy\u0107 ilo\u015b\u0107 odpad\u00f3w i pom\u00f3c chroni\u0107 \u015brodowisko!<\/p>\n<p><img decoding=\"async\" src=\"https:\/\/b2b.innpro.pl\/data\/include\/cms\/Green-Cell\/GR08\/4.jpg\" alt=\"Green-Cell\/GR08\/4\"><\/p>\n<div class=\"table-wrapper\">\n<table>\n<tbody>\n<tr>\n<th>Producent<\/th>\n<td>Green Cell<\/td>\n<\/tr>\n<tr>\n<th>Model<\/th>\n<td>HR03<\/td>\n<\/tr>\n<tr>\n<th>Oznaczenia<\/th>\n<td>R03 \/ AAA \/ MIGNON \/ BK-3MCCE<\/td>\n<\/tr>\n<tr>\n<th>Technologia<\/th>\n<td>akumulator niklowo-metalowo-wodorkowy \/ Ni-MH<\/td>\n<\/tr>\n<tr>\n<th>Pojemno\u015b\u0107<\/th>\n<td>800 mAh<\/td>\n<\/tr>\n<tr>\n<th>Napi\u0119cie<\/th>\n<td>1.2V<\/td>\n<\/tr>\n<tr>\n<th>Wymiary<\/th>\n<td>10.5 x 44.5 mm<\/td>\n<\/tr>\n<tr>\n<th>Ilo\u015b\u0107 sztuk w zestawie<\/th>\n<td>2<\/td>\n<\/tr>\n<\/tbody>\n<\/table>\n<\/div>\n","protected":false},"excerpt":{"rendered":"<p>Green Cell Baterie Akumulatorki Paluszki 2x AAA HR03 800mAh To akumulatory, z kt\u00f3rych mo\u017cemy korzysta\u0107 tak samo, jak z jednorazowych<\/p>\n","protected":false},"featured_media":28708,"comment_status":"closed","ping_status":"open","template":"","meta":{"_acf_changed":false},"product_brand":[],"product_cat":[1182,1194,1193,1169],"product_tag":[],"class_list":{"0":"post-28707","1":"product","2":"type-product","3":"status-publish","4":"has-post-thumbnail","6":"product_cat-akumulatory","7":"product_cat-baterie-aaa","8":"product_cat-baterie-aa","9":"product_cat-modele-rc","10":"pa_box-height-2514","11":"pa_box-length-3282","12":"pa_box-width-2435","13":"pa_gross-weight-1788","14":"pa_net-weight-1701","16":"first","17":"outofstock","18":"taxable","19":"shipping-taxable","20":"purchasable","21":"product-type-simple"},"acf":[],"yoast_head":"<!-- This site is optimized with the Yoast SEO plugin v27.2 - https:\/\/yoast.com\/product\/yoast-seo-wordpress\/ -->\n<title>Green Cell Baterie Akumulatorki Paluszki 2x AAA HR03 800mAh - IRONSKY.PL Sklep z Dronami<\/title>\n<meta name=\"description\" content=\"Green Cell Baterie Akumulatorki Paluszki 2x AAA HR03 800mAh - \u2705 sklep z dronami i fachowym doradztwem. \u2705 Tutaj kupisz produkty DJI, Yuneec, Parrot, Syma i wiele innych, a tak\u017ce kursy i licencje na operatora drona.\" \/>\n<meta name=\"robots\" content=\"index, follow, max-snippet:-1, max-image-preview:large, max-video-preview:-1\" \/>\n<link rel=\"canonical\" href=\"https:\/\/ironsky.pl\/sklep\/produkt\/green-cell-baterie-akumulatorki-paluszki-2x-aaa-hr03-800mah\/\" \/>\n<meta property=\"og:locale\" content=\"pl_PL\" \/>\n<meta property=\"og:type\" content=\"article\" \/>\n<meta property=\"og:title\" content=\"Green Cell Baterie Akumulatorki Paluszki 2x AAA HR03 800mAh - IRONSKY.PL Sklep z Dronami\" \/>\n<meta property=\"og:description\" content=\"Green Cell Baterie Akumulatorki Paluszki 2x AAA HR03 800mAh - \u2705 sklep z dronami i fachowym doradztwem. \u2705 Tutaj kupisz produkty DJI, Yuneec, Parrot, Syma i wiele innych, a tak\u017ce kursy i licencje na operatora drona.\" \/>\n<meta property=\"og:url\" content=\"https:\/\/ironsky.pl\/sklep\/produkt\/green-cell-baterie-akumulatorki-paluszki-2x-aaa-hr03-800mah\/\" \/>\n<meta property=\"og:site_name\" content=\"IRONSKY.PL Sklep z Dronami\" \/>\n<meta property=\"article:modified_time\" content=\"2026-03-05T14:53:45+00:00\" \/>\n<meta property=\"og:image\" content=\"https:\/\/ironsky.pl\/sklep\/wp-content\/uploads\/2024\/09\/30982_1.jpg\" \/>\n\t<meta property=\"og:image:width\" content=\"801\" \/>\n\t<meta property=\"og:image:height\" content=\"800\" \/>\n\t<meta property=\"og:image:type\" content=\"image\/jpeg\" \/>\n<meta name=\"twitter:card\" content=\"summary_large_image\" \/>\n<meta name=\"twitter:label1\" content=\"Szacowany czas czytania\" \/>\n\t<meta name=\"twitter:data1\" content=\"2 minuty\" \/>\n<script type=\"application\/ld+json\" class=\"yoast-schema-graph\">{\"@context\":\"https:\/\/schema.org\",\"@graph\":[{\"@type\":\"WebPage\",\"@id\":\"https:\/\/ironsky.pl\/sklep\/produkt\/green-cell-baterie-akumulatorki-paluszki-2x-aaa-hr03-800mah\/\",\"url\":\"https:\/\/ironsky.pl\/sklep\/produkt\/green-cell-baterie-akumulatorki-paluszki-2x-aaa-hr03-800mah\/\",\"name\":\"Green Cell Baterie Akumulatorki Paluszki 2x AAA HR03 800mAh - IRONSKY.PL Sklep z Dronami\",\"isPartOf\":{\"@id\":\"https:\/\/ironsky.pl\/sklep\/#website\"},\"primaryImageOfPage\":{\"@id\":\"https:\/\/ironsky.pl\/sklep\/produkt\/green-cell-baterie-akumulatorki-paluszki-2x-aaa-hr03-800mah\/#primaryimage\"},\"image\":{\"@id\":\"https:\/\/ironsky.pl\/sklep\/produkt\/green-cell-baterie-akumulatorki-paluszki-2x-aaa-hr03-800mah\/#primaryimage\"},\"thumbnailUrl\":\"https:\/\/ironsky.pl\/sklep\/wp-content\/uploads\/2024\/09\/30982_1.jpg\",\"datePublished\":\"2024-09-16T18:39:24+00:00\",\"dateModified\":\"2026-03-05T14:53:45+00:00\",\"description\":\"Green Cell Baterie Akumulatorki Paluszki 2x AAA HR03 800mAh - \u2705 sklep z dronami i fachowym doradztwem. \u2705 Tutaj kupisz produkty DJI, Yuneec, Parrot, Syma i wiele innych, a tak\u017ce kursy i licencje na operatora drona.\",\"breadcrumb\":{\"@id\":\"https:\/\/ironsky.pl\/sklep\/produkt\/green-cell-baterie-akumulatorki-paluszki-2x-aaa-hr03-800mah\/#breadcrumb\"},\"inLanguage\":\"pl-PL\",\"potentialAction\":[{\"@type\":\"ReadAction\",\"target\":[\"https:\/\/ironsky.pl\/sklep\/produkt\/green-cell-baterie-akumulatorki-paluszki-2x-aaa-hr03-800mah\/\"]}]},{\"@type\":\"ImageObject\",\"inLanguage\":\"pl-PL\",\"@id\":\"https:\/\/ironsky.pl\/sklep\/produkt\/green-cell-baterie-akumulatorki-paluszki-2x-aaa-hr03-800mah\/#primaryimage\",\"url\":\"https:\/\/ironsky.pl\/sklep\/wp-content\/uploads\/2024\/09\/30982_1.jpg\",\"contentUrl\":\"https:\/\/ironsky.pl\/sklep\/wp-content\/uploads\/2024\/09\/30982_1.jpg\",\"width\":801,\"height\":800},{\"@type\":\"BreadcrumbList\",\"@id\":\"https:\/\/ironsky.pl\/sklep\/produkt\/green-cell-baterie-akumulatorki-paluszki-2x-aaa-hr03-800mah\/#breadcrumb\",\"itemListElement\":[{\"@type\":\"ListItem\",\"position\":1,\"name\":\"Strona g\u0142\u00f3wna\",\"item\":\"https:\/\/ironsky.pl\/sklep\/\"},{\"@type\":\"ListItem\",\"position\":2,\"name\":\"Wszystkie produkty\",\"item\":\"https:\/\/ironsky.pl\/sklep\/produkty\/\"},{\"@type\":\"ListItem\",\"position\":3,\"name\":\"Green Cell Baterie Akumulatorki Paluszki 2x AAA HR03 800mAh\"}]},{\"@type\":\"WebSite\",\"@id\":\"https:\/\/ironsky.pl\/sklep\/#website\",\"url\":\"https:\/\/ironsky.pl\/sklep\/\",\"name\":\"IRONSKY.PL Sklep z Dronami\",\"description\":\"IRONSKY.PL Sklep z Dronami\",\"potentialAction\":[{\"@type\":\"SearchAction\",\"target\":{\"@type\":\"EntryPoint\",\"urlTemplate\":\"https:\/\/ironsky.pl\/sklep\/?s={search_term_string}\"},\"query-input\":{\"@type\":\"PropertyValueSpecification\",\"valueRequired\":true,\"valueName\":\"search_term_string\"}}],\"inLanguage\":\"pl-PL\"}]}<\/script>\n<!-- \/ Yoast SEO plugin. -->","yoast_head_json":{"title":"Green Cell Baterie Akumulatorki Paluszki 2x AAA HR03 800mAh - IRONSKY.PL Sklep z Dronami","description":"Green Cell Baterie Akumulatorki Paluszki 2x AAA HR03 800mAh - \u2705 sklep z dronami i fachowym doradztwem. \u2705 Tutaj kupisz produkty DJI, Yuneec, Parrot, Syma i wiele innych, a tak\u017ce kursy i licencje na operatora drona.","robots":{"index":"index","follow":"follow","max-snippet":"max-snippet:-1","max-image-preview":"max-image-preview:large","max-video-preview":"max-video-preview:-1"},"canonical":"https:\/\/ironsky.pl\/sklep\/produkt\/green-cell-baterie-akumulatorki-paluszki-2x-aaa-hr03-800mah\/","og_locale":"pl_PL","og_type":"article","og_title":"Green Cell Baterie Akumulatorki Paluszki 2x AAA HR03 800mAh - IRONSKY.PL Sklep z Dronami","og_description":"Green Cell Baterie Akumulatorki Paluszki 2x AAA HR03 800mAh - \u2705 sklep z dronami i fachowym doradztwem. \u2705 Tutaj kupisz produkty DJI, Yuneec, Parrot, Syma i wiele innych, a tak\u017ce kursy i licencje na operatora drona.","og_url":"https:\/\/ironsky.pl\/sklep\/produkt\/green-cell-baterie-akumulatorki-paluszki-2x-aaa-hr03-800mah\/","og_site_name":"IRONSKY.PL Sklep z Dronami","article_modified_time":"2026-03-05T14:53:45+00:00","og_image":[{"width":801,"height":800,"url":"https:\/\/ironsky.pl\/sklep\/wp-content\/uploads\/2024\/09\/30982_1.jpg","type":"image\/jpeg"}],"twitter_card":"summary_large_image","twitter_misc":{"Szacowany czas czytania":"2 minuty"},"schema":{"@context":"https:\/\/schema.org","@graph":[{"@type":"WebPage","@id":"https:\/\/ironsky.pl\/sklep\/produkt\/green-cell-baterie-akumulatorki-paluszki-2x-aaa-hr03-800mah\/","url":"https:\/\/ironsky.pl\/sklep\/produkt\/green-cell-baterie-akumulatorki-paluszki-2x-aaa-hr03-800mah\/","name":"Green Cell Baterie Akumulatorki Paluszki 2x AAA HR03 800mAh - IRONSKY.PL Sklep z Dronami","isPartOf":{"@id":"https:\/\/ironsky.pl\/sklep\/#website"},"primaryImageOfPage":{"@id":"https:\/\/ironsky.pl\/sklep\/produkt\/green-cell-baterie-akumulatorki-paluszki-2x-aaa-hr03-800mah\/#primaryimage"},"image":{"@id":"https:\/\/ironsky.pl\/sklep\/produkt\/green-cell-baterie-akumulatorki-paluszki-2x-aaa-hr03-800mah\/#primaryimage"},"thumbnailUrl":"https:\/\/ironsky.pl\/sklep\/wp-content\/uploads\/2024\/09\/30982_1.jpg","datePublished":"2024-09-16T18:39:24+00:00","dateModified":"2026-03-05T14:53:45+00:00","description":"Green Cell Baterie Akumulatorki Paluszki 2x AAA HR03 800mAh - \u2705 sklep z dronami i fachowym doradztwem. \u2705 Tutaj kupisz produkty DJI, Yuneec, Parrot, Syma i wiele innych, a tak\u017ce kursy i licencje na operatora drona.","breadcrumb":{"@id":"https:\/\/ironsky.pl\/sklep\/produkt\/green-cell-baterie-akumulatorki-paluszki-2x-aaa-hr03-800mah\/#breadcrumb"},"inLanguage":"pl-PL","potentialAction":[{"@type":"ReadAction","target":["https:\/\/ironsky.pl\/sklep\/produkt\/green-cell-baterie-akumulatorki-paluszki-2x-aaa-hr03-800mah\/"]}]},{"@type":"ImageObject","inLanguage":"pl-PL","@id":"https:\/\/ironsky.pl\/sklep\/produkt\/green-cell-baterie-akumulatorki-paluszki-2x-aaa-hr03-800mah\/#primaryimage","url":"https:\/\/ironsky.pl\/sklep\/wp-content\/uploads\/2024\/09\/30982_1.jpg","contentUrl":"https:\/\/ironsky.pl\/sklep\/wp-content\/uploads\/2024\/09\/30982_1.jpg","width":801,"height":800},{"@type":"BreadcrumbList","@id":"https:\/\/ironsky.pl\/sklep\/produkt\/green-cell-baterie-akumulatorki-paluszki-2x-aaa-hr03-800mah\/#breadcrumb","itemListElement":[{"@type":"ListItem","position":1,"name":"Strona g\u0142\u00f3wna","item":"https:\/\/ironsky.pl\/sklep\/"},{"@type":"ListItem","position":2,"name":"Wszystkie produkty","item":"https:\/\/ironsky.pl\/sklep\/produkty\/"},{"@type":"ListItem","position":3,"name":"Green Cell Baterie Akumulatorki Paluszki 2x AAA HR03 800mAh"}]},{"@type":"WebSite","@id":"https:\/\/ironsky.pl\/sklep\/#website","url":"https:\/\/ironsky.pl\/sklep\/","name":"IRONSKY.PL Sklep z Dronami","description":"IRONSKY.PL Sklep z Dronami","potentialAction":[{"@type":"SearchAction","target":{"@type":"EntryPoint","urlTemplate":"https:\/\/ironsky.pl\/sklep\/?s={search_term_string}"},"query-input":{"@type":"PropertyValueSpecification","valueRequired":true,"valueName":"search_term_string"}}],"inLanguage":"pl-PL"}]}},"_links":{"self":[{"href":"https:\/\/ironsky.pl\/sklep\/wp-json\/wp\/v2\/product\/28707","targetHints":{"allow":["GET"]}}],"collection":[{"href":"https:\/\/ironsky.pl\/sklep\/wp-json\/wp\/v2\/product"}],"about":[{"href":"https:\/\/ironsky.pl\/sklep\/wp-json\/wp\/v2\/types\/product"}],"replies":[{"embeddable":true,"href":"https:\/\/ironsky.pl\/sklep\/wp-json\/wp\/v2\/comments?post=28707"}],"wp:featuredmedia":[{"embeddable":true,"href":"https:\/\/ironsky.pl\/sklep\/wp-json\/wp\/v2\/media\/28708"}],"wp:attachment":[{"href":"https:\/\/ironsky.pl\/sklep\/wp-json\/wp\/v2\/media?parent=28707"}],"wp:term":[{"taxonomy":"product_brand","embeddable":true,"href":"https:\/\/ironsky.pl\/sklep\/wp-json\/wp\/v2\/product_brand?post=28707"},{"taxonomy":"product_cat","embeddable":true,"href":"https:\/\/ironsky.pl\/sklep\/wp-json\/wp\/v2\/product_cat?post=28707"},{"taxonomy":"product_tag","embeddable":true,"href":"https:\/\/ironsky.pl\/sklep\/wp-json\/wp\/v2\/product_tag?post=28707"}],"curies":[{"name":"wp","href":"https:\/\/api.w.org\/{rel}","templated":true}]}}