{"id":28588,"date":"2024-09-16T20:37:34","date_gmt":"2024-09-16T18:37:34","guid":{"rendered":"http:\/\/gvshalph.pro-linuxpl.com\/ironskyprodukty\/produkt\/silnik-hobbywing-quicrun-fusion-pro-540-2300kv-60-200a-esc\/"},"modified":"2026-03-05T15:53:41","modified_gmt":"2026-03-05T14:53:41","slug":"silnik-hobbywing-quicrun-fusion-pro-540-2300kv-60-200a-esc","status":"publish","type":"product","link":"https:\/\/ironsky.pl\/sklep\/produkt\/silnik-hobbywing-quicrun-fusion-pro-540-2300kv-60-200a-esc\/","title":{"rendered":"Silnik Hobbywing QuicRun Fusion PRO 540 2300kV 60\/200A ESC"},"content":{"rendered":"<h3>Silnik Hobbywing QuicRun Fusion PRO 540 2300kV 60\/200A ESC<\/h3>\n<p>Silnik bezszczotkowy Hobbywing Fusion Pro wyr\u00f3\u017cnia si\u0119 udoskonalon\u0105 konstrukcj\u0105 i wydajn\u0105 prac\u0105. Ca\u0142kowita d\u0142ugo\u015b\u0107 wynosi 58 mm i jest o 6 mm kr\u00f3tsza od poprzedniej wersji. Mniejsza powierzchnia podstawy zapewnia przestronno\u015b\u0107 i u\u0142atwia monta\u017c. Pozwala regulowa\u0107 si\u0142\u0119 hamowania na 8 poziomach oraz obroty silnika na 9 poziomach, dla niezawodnego hamowania na nier\u00f3wnej powierzchni. Opr\u00f3cz tego jest odporny na niekorzystne warunki pogodowe i sprawdzi si\u0119 na r\u00f3\u017cnych powierzchniach. <\/p>\n<p><img decoding=\"async\" src=\"https:\/\/b2b.innpro.pl\/data\/include\/cms\/05Hobbywing\/QuicRun-Fusion-PRO\/3.jpg\"><\/p>\n<h3>Wytrzyma\u0142a konstrukcja<\/h3>\n<p>S\u0142abe warunki atmosferyczne nie b\u0119d\u0105 Ci\u0119 ju\u017c ogranicza\u0107. Silnik Fusion Pro jest odporny na wod\u0119 na poziomie IP67 oraz kurz, dzi\u0119ki czemu mo\u017cesz z niego korzysta\u0107 bez wzgl\u0119du na pogod\u0119. Co wi\u0119cej, pozwala porusza\u0107 si\u0119 po r\u00f3\u017cnych powierzchniach, w tym b\u0142ocie, piasku, lodzie, \u015bniegu i wodzie bez uszkodzenia jednostki nap\u0119dowej.<\/p>\n<p><img decoding=\"async\" src=\"https:\/\/b2b.innpro.pl\/data\/include\/cms\/05Hobbywing\/QuicRun-Fusion-PRO\/2.jpg\"><\/p>\n<h3>Nap\u0119d FOC i wydajna praca<\/h3>\n<p>Udoskonalony algorytm nap\u0119du FOC zwi\u0119ksza wydajno\u015b\u0107 silnika o 8% i zmniejsza straty zwi\u0105zane z poborem mocy o 30%, co skutkuje znacznym wzrostem mocy. Temperatura robocza jest ni\u017csza podczas jazdy z nisk\u0105 pr\u0119dko\u015bci\u0105, a czas pracy \u2013 wyd\u0142u\u017cony. Co wi\u0119cej, tryb FOC dzia\u0142a p\u0142ynnie przy niskiej pr\u0119dko\u015bci. Ponadto najnowszej generacji silnik jest niezwykle cichy i jest najlepszym wyborem dla g\u0105sienicy. Uwaga: Ta funkcja jest dost\u0119pna tylko w trybie Constant.<\/p>\n<p><img decoding=\"async\" src=\"https:\/\/b2b.innpro.pl\/data\/include\/cms\/05Hobbywing\/QuicRun-Fusion-PRO\/1.jpg\"><\/p>\n<h3>3 tryby pracy<\/h3>\n<p>Hobbywing Fusion Pro oferuje 3 tryby pracy, dzi\u0119ki czemu dopasujesz jego dzia\u0142anie do w\u0142asnych upodoba\u0144. Tryb Normal pozwala jecha\u0107 do przodu\/ty\u0142u i u\u017cywa\u0107 hamulc\u00f3w. Nie zapewnia efektu hamulca r\u0119cznego, a po zwolnieniu przepustnicy pojazd toczy si\u0119 swobodnie, a\u017c do zatrzymania. Drugi tryb Normal umo\u017cliwia poruszanie si\u0119 do przodu i do ty\u0142u i jest podobny do pracy silnika szczotkowego bez sta\u0142ej pr\u0119dko\u015bci. Natomiast tryb Constant (jazda do przodu i do ty\u0142u) wyr\u00f3\u017cnia si\u0119 sta\u0142\u0105 pr\u0119dko\u015bci\u0105, a jego dzia\u0142anie jest zale\u017cne od przepustnicy, a nie od warunk\u00f3w otoczenia. <\/p>\n<p><img decoding=\"async\" src=\"https:\/\/b2b.innpro.pl\/data\/include\/cms\/05Hobbywing\/QuicRun-Fusion-PRO\/4.jpg\"><\/p>\n<h3>Zaawansowany prze\u0142\u0105cznik elektroniczny<\/h3>\n<p>W por\u00f3wnaniu do standardowych prze\u0142\u0105cznik\u00f3w on\/off, prze\u0142\u0105cznik elektroniczny Fusion Pro jest odporny na kurz, brud i wod\u0119. W rezultacie zapewnia niezawodno\u015b\u0107 i d\u0142u\u017csz\u0105 \u017cywotno\u015b\u0107. Silne uderzenie lub nier\u00f3wne powierzchnie nie b\u0119d\u0105 ju\u017c mia\u0142y wp\u0142ywu na jego dzia\u0142anie i b\u0119d\u0105 go chroni\u0107 przed uszkodzeniem.<\/p>\n<p><img decoding=\"async\" src=\"https:\/\/b2b.innpro.pl\/data\/include\/cms\/05Hobbywing\/QuicRun-Fusion-PRO\/6.jpg\"><\/p>\n<div class=\"table-wrapper\">\n<table>\n<tbody>\n<tr>\n<th>Producent<\/th>\n<td>Hobbywing<\/td>\n<\/tr>\n<tr>\n<th>Model<\/th>\n<td>Fusion PRO<\/td>\n<\/tr>\n<tr>\n<th>Numer<\/th>\n<td>30120402<\/td>\n<\/tr>\n<tr>\n<th>Pr\u0105d ci\u0105\u0142y \/ szczytowy<\/th>\n<td>60 A \/ 200 A<\/td>\n<\/tr>\n<tr>\n<th>Napi\u0119cie wej\u015bciowe<\/th>\n<td>2-3S Lipo\/6-9 Cell NiMH<\/td>\n<\/tr>\n<tr>\n<th>Napi\u0119cie wyj\u015bciowe BEC\t<\/th>\n<td>Tryb Switch: 6V\/7.4V, 6A<\/td>\n<\/tr>\n<tr>\n<th>KV<\/th>\n<td>2300 KV<\/td>\n<\/tr>\n<tr>\n<th>D\u0142ugo\u015b\u0107 silnika<\/th>\n<td>58 mm<\/td>\n<\/tr>\n<tr>\n<th>\u015arednica silnika<\/th>\n<td>37 mm<\/td>\n<\/tr>\n<tr>\n<th>D\u0142ugo\u015b\u0107 wa\u0142u<\/th>\n<td>16 mm<\/td>\n<\/tr>\n<tr>\n<th>\u015arednica wa\u0142u<\/th>\n<td>3.175 mm<\/td>\n<\/tr>\n<tr>\n<th>Bieguny <\/th>\n<td>4<\/td>\n<\/tr>\n<tr>\n<th>Przewody wej\u015bciowe<\/th>\n<td>Red-14AWG-330mm x1 \/ Black-14AWG-330mm x1<\/td>\n<\/tr>\n<tr>\n<th>Z\u0142\u0105cze wej\u015bciowe<\/th>\n<td>XT60<\/td>\n<\/tr>\n<tr>\n<th>Skala<\/th>\n<td>1\/10th<\/td>\n<\/tr>\n<tr>\n<th>Rodzaj<\/th>\n<td>bezszczotkowy<\/td>\n<\/tr>\n<tr>\n<th>Czujniki<\/th>\n<td>tak<\/td>\n<\/tr>\n<tr>\n<th>Wodoodporny<\/th>\n<td>tak<\/td>\n<\/tr>\n<tr>\n<th>Przycisk Set w ESC\t<\/th>\n<td>nie<\/td>\n<\/tr>\n<tr>\n<th>LCD Program Box\t<\/th>\n<td>nie<\/td>\n<\/tr>\n<tr>\n<th>LED Program Box\t<\/th>\n<td>tak<\/td>\n<\/tr>\n<tr>\n<th>Modu\u0142 Wi-Fi<\/th>\n<td>nie<\/td>\n<\/tr>\n<tr>\n<th>Port programowania<\/th>\n<td>Niezale\u017cny interfejs programowania (pozycja prze\u0142\u0105cznika)<\/td>\n<\/tr>\n<tr>\n<th>Aktualizacja oprogramowania<\/th>\n<td>nie<\/td>\n<\/tr>\n<tr>\n<th>Wymiary<\/th>\n<td>37 x 58 mm<\/td>\n<\/tr>\n<tr>\n<th>Waga<\/th>\n<td>209 g (wraz z przewodami i z\u0142\u0105czami)<\/td>\n<\/tr>\n<tr>\n<th>Zastosowanie<\/th>\n<td>rock crawler 1\/10<\/td>\n<\/tr>\n<\/tbody>\n<\/table>\n<\/div>\n","protected":false},"excerpt":{"rendered":"<p>Silnik Hobbywing QuicRun Fusion PRO 540 2300kV 60\/200A ESC Silnik bezszczotkowy Hobbywing Fusion Pro wyr\u00f3\u017cnia si\u0119 udoskonalon\u0105 konstrukcj\u0105 i wydajn\u0105<\/p>\n","protected":false},"featured_media":28589,"comment_status":"closed","ping_status":"open","template":"","meta":{"_acf_changed":false},"product_brand":[],"product_cat":[1169,1180,1185],"product_tag":[],"class_list":{"0":"post-28588","1":"product","2":"type-product","3":"status-publish","4":"has-post-thumbnail","6":"product_cat-modele-rc","7":"product_cat-napedy","8":"product_cat-silniki-elektryczne","9":"pa_box-height-1326","10":"pa_box-length-1545","11":"pa_box-width-1679","12":"pa_gross-weight-3973","13":"pa_hs-code-1419","14":"pa_maksymalny-pobor-pradu-a-200-a","15":"pa_net-weight-3972","16":"pa_typ-bezszczotkowe","17":"pa_waga-g-1302","18":"pa_wymiary-mm-58-x-37-x-16-mm","20":"first","21":"outofstock","22":"taxable","23":"shipping-taxable","24":"product-type-simple"},"acf":[],"yoast_head":"<!-- This site is optimized with the Yoast SEO plugin v27.2 - https:\/\/yoast.com\/product\/yoast-seo-wordpress\/ -->\n<title>Silnik Hobbywing QuicRun Fusion PRO 540 2300kV 60\/200A ESC - IRONSKY.PL Sklep z Dronami<\/title>\n<meta name=\"description\" content=\"Silnik Hobbywing QuicRun Fusion PRO 540 2300kV 60\/200A ESC - \u2705 sklep z dronami i fachowym doradztwem. \u2705 Tutaj kupisz produkty DJI, Yuneec, Parrot, Syma i wiele innych, a tak\u017ce kursy i licencje na operatora drona.\" \/>\n<meta name=\"robots\" content=\"index, follow, max-snippet:-1, max-image-preview:large, max-video-preview:-1\" \/>\n<link rel=\"canonical\" href=\"https:\/\/ironsky.pl\/sklep\/produkt\/silnik-hobbywing-quicrun-fusion-pro-540-2300kv-60-200a-esc\/\" \/>\n<meta property=\"og:locale\" content=\"pl_PL\" \/>\n<meta property=\"og:type\" content=\"article\" \/>\n<meta property=\"og:title\" content=\"Silnik Hobbywing QuicRun Fusion PRO 540 2300kV 60\/200A ESC - IRONSKY.PL Sklep z Dronami\" \/>\n<meta property=\"og:description\" content=\"Silnik Hobbywing QuicRun Fusion PRO 540 2300kV 60\/200A ESC - \u2705 sklep z dronami i fachowym doradztwem. \u2705 Tutaj kupisz produkty DJI, Yuneec, Parrot, Syma i wiele innych, a tak\u017ce kursy i licencje na operatora drona.\" \/>\n<meta property=\"og:url\" content=\"https:\/\/ironsky.pl\/sklep\/produkt\/silnik-hobbywing-quicrun-fusion-pro-540-2300kv-60-200a-esc\/\" \/>\n<meta property=\"og:site_name\" content=\"IRONSKY.PL Sklep z Dronami\" \/>\n<meta property=\"article:modified_time\" content=\"2026-03-05T14:53:41+00:00\" \/>\n<meta property=\"og:image\" content=\"https:\/\/ironsky.pl\/sklep\/wp-content\/uploads\/2024\/09\/28889_3.jpg\" \/>\n\t<meta property=\"og:image:width\" content=\"800\" \/>\n\t<meta property=\"og:image:height\" content=\"800\" \/>\n\t<meta property=\"og:image:type\" content=\"image\/jpeg\" \/>\n<meta name=\"twitter:card\" content=\"summary_large_image\" \/>\n<meta name=\"twitter:label1\" content=\"Szacowany czas czytania\" \/>\n\t<meta name=\"twitter:data1\" content=\"3 minuty\" \/>\n<script type=\"application\/ld+json\" class=\"yoast-schema-graph\">{\"@context\":\"https:\/\/schema.org\",\"@graph\":[{\"@type\":\"WebPage\",\"@id\":\"https:\/\/ironsky.pl\/sklep\/produkt\/silnik-hobbywing-quicrun-fusion-pro-540-2300kv-60-200a-esc\/\",\"url\":\"https:\/\/ironsky.pl\/sklep\/produkt\/silnik-hobbywing-quicrun-fusion-pro-540-2300kv-60-200a-esc\/\",\"name\":\"Silnik Hobbywing QuicRun Fusion PRO 540 2300kV 60\/200A ESC - IRONSKY.PL Sklep z Dronami\",\"isPartOf\":{\"@id\":\"https:\/\/ironsky.pl\/sklep\/#website\"},\"primaryImageOfPage\":{\"@id\":\"https:\/\/ironsky.pl\/sklep\/produkt\/silnik-hobbywing-quicrun-fusion-pro-540-2300kv-60-200a-esc\/#primaryimage\"},\"image\":{\"@id\":\"https:\/\/ironsky.pl\/sklep\/produkt\/silnik-hobbywing-quicrun-fusion-pro-540-2300kv-60-200a-esc\/#primaryimage\"},\"thumbnailUrl\":\"https:\/\/ironsky.pl\/sklep\/wp-content\/uploads\/2024\/09\/28889_3.jpg\",\"datePublished\":\"2024-09-16T18:37:34+00:00\",\"dateModified\":\"2026-03-05T14:53:41+00:00\",\"description\":\"Silnik Hobbywing QuicRun Fusion PRO 540 2300kV 60\/200A ESC - \u2705 sklep z dronami i fachowym doradztwem. \u2705 Tutaj kupisz produkty DJI, Yuneec, Parrot, Syma i wiele innych, a tak\u017ce kursy i licencje na operatora drona.\",\"breadcrumb\":{\"@id\":\"https:\/\/ironsky.pl\/sklep\/produkt\/silnik-hobbywing-quicrun-fusion-pro-540-2300kv-60-200a-esc\/#breadcrumb\"},\"inLanguage\":\"pl-PL\",\"potentialAction\":[{\"@type\":\"ReadAction\",\"target\":[\"https:\/\/ironsky.pl\/sklep\/produkt\/silnik-hobbywing-quicrun-fusion-pro-540-2300kv-60-200a-esc\/\"]}]},{\"@type\":\"ImageObject\",\"inLanguage\":\"pl-PL\",\"@id\":\"https:\/\/ironsky.pl\/sklep\/produkt\/silnik-hobbywing-quicrun-fusion-pro-540-2300kv-60-200a-esc\/#primaryimage\",\"url\":\"https:\/\/ironsky.pl\/sklep\/wp-content\/uploads\/2024\/09\/28889_3.jpg\",\"contentUrl\":\"https:\/\/ironsky.pl\/sklep\/wp-content\/uploads\/2024\/09\/28889_3.jpg\",\"width\":800,\"height\":800},{\"@type\":\"BreadcrumbList\",\"@id\":\"https:\/\/ironsky.pl\/sklep\/produkt\/silnik-hobbywing-quicrun-fusion-pro-540-2300kv-60-200a-esc\/#breadcrumb\",\"itemListElement\":[{\"@type\":\"ListItem\",\"position\":1,\"name\":\"Strona g\u0142\u00f3wna\",\"item\":\"https:\/\/ironsky.pl\/sklep\/\"},{\"@type\":\"ListItem\",\"position\":2,\"name\":\"Wszystkie produkty\",\"item\":\"https:\/\/ironsky.pl\/sklep\/produkty\/\"},{\"@type\":\"ListItem\",\"position\":3,\"name\":\"Silnik Hobbywing QuicRun Fusion PRO 540 2300kV 60\/200A ESC\"}]},{\"@type\":\"WebSite\",\"@id\":\"https:\/\/ironsky.pl\/sklep\/#website\",\"url\":\"https:\/\/ironsky.pl\/sklep\/\",\"name\":\"IRONSKY.PL Sklep z Dronami\",\"description\":\"IRONSKY.PL Sklep z Dronami\",\"potentialAction\":[{\"@type\":\"SearchAction\",\"target\":{\"@type\":\"EntryPoint\",\"urlTemplate\":\"https:\/\/ironsky.pl\/sklep\/?s={search_term_string}\"},\"query-input\":{\"@type\":\"PropertyValueSpecification\",\"valueRequired\":true,\"valueName\":\"search_term_string\"}}],\"inLanguage\":\"pl-PL\"}]}<\/script>\n<!-- \/ Yoast SEO plugin. -->","yoast_head_json":{"title":"Silnik Hobbywing QuicRun Fusion PRO 540 2300kV 60\/200A ESC - IRONSKY.PL Sklep z Dronami","description":"Silnik Hobbywing QuicRun Fusion PRO 540 2300kV 60\/200A ESC - \u2705 sklep z dronami i fachowym doradztwem. \u2705 Tutaj kupisz produkty DJI, Yuneec, Parrot, Syma i wiele innych, a tak\u017ce kursy i licencje na operatora drona.","robots":{"index":"index","follow":"follow","max-snippet":"max-snippet:-1","max-image-preview":"max-image-preview:large","max-video-preview":"max-video-preview:-1"},"canonical":"https:\/\/ironsky.pl\/sklep\/produkt\/silnik-hobbywing-quicrun-fusion-pro-540-2300kv-60-200a-esc\/","og_locale":"pl_PL","og_type":"article","og_title":"Silnik Hobbywing QuicRun Fusion PRO 540 2300kV 60\/200A ESC - IRONSKY.PL Sklep z Dronami","og_description":"Silnik Hobbywing QuicRun Fusion PRO 540 2300kV 60\/200A ESC - \u2705 sklep z dronami i fachowym doradztwem. \u2705 Tutaj kupisz produkty DJI, Yuneec, Parrot, Syma i wiele innych, a tak\u017ce kursy i licencje na operatora drona.","og_url":"https:\/\/ironsky.pl\/sklep\/produkt\/silnik-hobbywing-quicrun-fusion-pro-540-2300kv-60-200a-esc\/","og_site_name":"IRONSKY.PL Sklep z Dronami","article_modified_time":"2026-03-05T14:53:41+00:00","og_image":[{"width":800,"height":800,"url":"https:\/\/ironsky.pl\/sklep\/wp-content\/uploads\/2024\/09\/28889_3.jpg","type":"image\/jpeg"}],"twitter_card":"summary_large_image","twitter_misc":{"Szacowany czas czytania":"3 minuty"},"schema":{"@context":"https:\/\/schema.org","@graph":[{"@type":"WebPage","@id":"https:\/\/ironsky.pl\/sklep\/produkt\/silnik-hobbywing-quicrun-fusion-pro-540-2300kv-60-200a-esc\/","url":"https:\/\/ironsky.pl\/sklep\/produkt\/silnik-hobbywing-quicrun-fusion-pro-540-2300kv-60-200a-esc\/","name":"Silnik Hobbywing QuicRun Fusion PRO 540 2300kV 60\/200A ESC - IRONSKY.PL Sklep z Dronami","isPartOf":{"@id":"https:\/\/ironsky.pl\/sklep\/#website"},"primaryImageOfPage":{"@id":"https:\/\/ironsky.pl\/sklep\/produkt\/silnik-hobbywing-quicrun-fusion-pro-540-2300kv-60-200a-esc\/#primaryimage"},"image":{"@id":"https:\/\/ironsky.pl\/sklep\/produkt\/silnik-hobbywing-quicrun-fusion-pro-540-2300kv-60-200a-esc\/#primaryimage"},"thumbnailUrl":"https:\/\/ironsky.pl\/sklep\/wp-content\/uploads\/2024\/09\/28889_3.jpg","datePublished":"2024-09-16T18:37:34+00:00","dateModified":"2026-03-05T14:53:41+00:00","description":"Silnik Hobbywing QuicRun Fusion PRO 540 2300kV 60\/200A ESC - \u2705 sklep z dronami i fachowym doradztwem. \u2705 Tutaj kupisz produkty DJI, Yuneec, Parrot, Syma i wiele innych, a tak\u017ce kursy i licencje na operatora drona.","breadcrumb":{"@id":"https:\/\/ironsky.pl\/sklep\/produkt\/silnik-hobbywing-quicrun-fusion-pro-540-2300kv-60-200a-esc\/#breadcrumb"},"inLanguage":"pl-PL","potentialAction":[{"@type":"ReadAction","target":["https:\/\/ironsky.pl\/sklep\/produkt\/silnik-hobbywing-quicrun-fusion-pro-540-2300kv-60-200a-esc\/"]}]},{"@type":"ImageObject","inLanguage":"pl-PL","@id":"https:\/\/ironsky.pl\/sklep\/produkt\/silnik-hobbywing-quicrun-fusion-pro-540-2300kv-60-200a-esc\/#primaryimage","url":"https:\/\/ironsky.pl\/sklep\/wp-content\/uploads\/2024\/09\/28889_3.jpg","contentUrl":"https:\/\/ironsky.pl\/sklep\/wp-content\/uploads\/2024\/09\/28889_3.jpg","width":800,"height":800},{"@type":"BreadcrumbList","@id":"https:\/\/ironsky.pl\/sklep\/produkt\/silnik-hobbywing-quicrun-fusion-pro-540-2300kv-60-200a-esc\/#breadcrumb","itemListElement":[{"@type":"ListItem","position":1,"name":"Strona g\u0142\u00f3wna","item":"https:\/\/ironsky.pl\/sklep\/"},{"@type":"ListItem","position":2,"name":"Wszystkie produkty","item":"https:\/\/ironsky.pl\/sklep\/produkty\/"},{"@type":"ListItem","position":3,"name":"Silnik Hobbywing QuicRun Fusion PRO 540 2300kV 60\/200A ESC"}]},{"@type":"WebSite","@id":"https:\/\/ironsky.pl\/sklep\/#website","url":"https:\/\/ironsky.pl\/sklep\/","name":"IRONSKY.PL Sklep z Dronami","description":"IRONSKY.PL Sklep z Dronami","potentialAction":[{"@type":"SearchAction","target":{"@type":"EntryPoint","urlTemplate":"https:\/\/ironsky.pl\/sklep\/?s={search_term_string}"},"query-input":{"@type":"PropertyValueSpecification","valueRequired":true,"valueName":"search_term_string"}}],"inLanguage":"pl-PL"}]}},"_links":{"self":[{"href":"https:\/\/ironsky.pl\/sklep\/wp-json\/wp\/v2\/product\/28588","targetHints":{"allow":["GET"]}}],"collection":[{"href":"https:\/\/ironsky.pl\/sklep\/wp-json\/wp\/v2\/product"}],"about":[{"href":"https:\/\/ironsky.pl\/sklep\/wp-json\/wp\/v2\/types\/product"}],"replies":[{"embeddable":true,"href":"https:\/\/ironsky.pl\/sklep\/wp-json\/wp\/v2\/comments?post=28588"}],"wp:featuredmedia":[{"embeddable":true,"href":"https:\/\/ironsky.pl\/sklep\/wp-json\/wp\/v2\/media\/28589"}],"wp:attachment":[{"href":"https:\/\/ironsky.pl\/sklep\/wp-json\/wp\/v2\/media?parent=28588"}],"wp:term":[{"taxonomy":"product_brand","embeddable":true,"href":"https:\/\/ironsky.pl\/sklep\/wp-json\/wp\/v2\/product_brand?post=28588"},{"taxonomy":"product_cat","embeddable":true,"href":"https:\/\/ironsky.pl\/sklep\/wp-json\/wp\/v2\/product_cat?post=28588"},{"taxonomy":"product_tag","embeddable":true,"href":"https:\/\/ironsky.pl\/sklep\/wp-json\/wp\/v2\/product_tag?post=28588"}],"curies":[{"name":"wp","href":"https:\/\/api.w.org\/{rel}","templated":true}]}}