{"id":28491,"date":"2024-09-16T20:36:10","date_gmt":"2024-09-16T18:36:10","guid":{"rendered":"http:\/\/gvshalph.pro-linuxpl.com\/ironskyprodukty\/produkt\/dji-fpv-goggles-2\/"},"modified":"2026-04-23T15:59:49","modified_gmt":"2026-04-23T13:59:49","slug":"dji-fpv-goggles-2","status":"publish","type":"product","link":"https:\/\/ironsky.pl\/sklep\/produkt\/dji-fpv-goggles-2\/","title":{"rendered":"DJI FPV Goggles 2"},"content":{"rendered":"<p><img decoding=\"async\" src=\"https:\/\/b2b.innpro.pl\/data\/include\/cms\/12DJI\/DJI-FPV-Goggles-2\/1.jpg?v=1693303937170\" border=\"0\" width=\"1000\" height=\"637\" \/><\/p>\n<h3>DJI Goggles 2 \u2013 Awaken<\/h3>\n<p>Marzysz o lataniu? A mo\u017ce zawsze chcia\u0142e\u015b spojrze\u0107 na swoj\u0105 okolic\u0119 z innej perspektywy? Teraz to mo\u017cliwe! DJI Goggles 2 pozwol\u0105 Ci zobaczy\u0107 \u015bwiat z lotu ptaka \u2013 wystarczy po\u0142\u0105czy\u0107 je z kompatybilnym dronem. Zosta\u0142y wyposa\u017cone w 2 ekrany micro OLED i zapewniaj\u0105 p\u0142ynny podgl\u0105d na \u017cywo, a ich czas pracy si\u0119ga 2 godzin. S\u0105 te\u017c bardzo wygodne i umo\u017cliwiaj\u0105 regulacj\u0119 dioptrii w zakresie od +2.0 do -8.0. Ciesz si\u0119 wi\u0119ksz\u0105 immersj\u0105 podczas lotu i poczuj dreszcz emocji!<\/p>\n<p><img decoding=\"async\" src=\"https:\/\/b2b.innpro.pl\/data\/include\/cms\/12DJI\/DJI-FPV-Goggles-2\/4.jpg?v=1693303937170\" border=\"0\" width=\"1000\" height=\"640\" \/><\/p>\n<h3>Lekkie, wygodne, proste w transporcie<\/h3>\n<p>Zapewnij sobie wymarzon\u0105 wygod\u0119. Gogle s\u0105 bardzo lekkie \u2013 wa\u017c\u0105 tylko oko\u0142o 290 g. Nie wywieraj\u0105 te\u017c nieprzyjemnego nacisku, mo\u017cesz wi\u0119c lata\u0107 tak d\u0142ugo, jak chcesz, nie obawiaj\u0105c si\u0119 dyskomfortu czy zm\u0119czenia. DJI Goggles 2 zosta\u0142y r\u00f3wnie\u017c wyposa\u017cone w sk\u0142adane anteny, dzi\u0119ki czemu ich transport nie sprawi Ci problemu. Co wi\u0119cej, w oddzielnej sprzeda\u017cy dost\u0119pna jest specjalna wk\u0142adka, kt\u00f3ra znakomicie dostosowuje si\u0119 do kszta\u0142tu twarzy i pozwala jeszcze wygodniej korzysta\u0107 z gogli.<\/p>\n<p><img decoding=\"async\" src=\"https:\/\/b2b.innpro.pl\/data\/include\/cms\/12DJI\/DJI-FPV-Goggles-2\/2.jpg?v=1693303937170\" border=\"0\" width=\"997\" height=\"638\" \/><\/p>\n<h3>\u015awietna jako\u015b\u0107 obrazu \u2013 wymarzony poziom immersji<\/h3>\n<p>Sp\u00f3jrz na \u015bwiat z perspektywy drona i poczuj si\u0119 tak, jakby\u015b naprawd\u0119 uni\u00f3s\u0142 si\u0119 do chmur. DJI Goggles 2 pozwalaj\u0105 cieszy\u0107 si\u0119 rewelacyjn\u0105 jako\u015bci\u0105 obrazu \u2013 gwarantuj\u0105 wyrazisty podgl\u0105d i doskonale odwzorowane kolory. Wszystko to jest mo\u017cliwe dzi\u0119ki wbudowanym ekranom micro OLED, kt\u00f3re zapewniaj\u0105 rozdzielczo\u015b\u0107 1080p, cz\u0119stotliwo\u015b\u0107 od\u015bwie\u017cania do 100 Hz i maksymaln\u0105 jasno\u015b\u0107 700 nit\u00f3w. Czerp wi\u0119cej rado\u015bci z lotu i nie pozw\u00f3l, aby umkn\u0105\u0142 Ci jakikolwiek szczeg\u00f3\u0142!<\/p>\n<p><img decoding=\"async\" src=\"https:\/\/b2b.innpro.pl\/data\/include\/cms\/12DJI\/DJI-FPV-Goggles-2\/5.jpg?v=1693303937170\" border=\"0\" width=\"1000\" height=\"632\" \/><\/p>\n<h3>Udoskonalona konstrukcja \u2013 mo\u017cliwo\u015b\u0107 regulacji dioptrii<\/h3>\n<p>Ciesz si\u0119 doskonale odwzorowan\u0105 kolorystyk\u0105 i bogactwem szczeg\u00f3\u0142\u00f3w. Wbudowane ekrany HD micro OLED gogli zapewniaj\u0105 \u015bwietn\u0105 jako\u015b\u0107 obrazu nawet w jasnych obszarach i cieniach! Wyr\u00f3\u017cnia je tak\u017ce wysoka cz\u0119stotliwo\u015b\u0107 od\u015bwie\u017cania (do 100 Hz), co przek\u0142ada si\u0119 na jeszcze p\u0142ynniejszy lot. DJI Goggles Integra mog\u0105 te\u017c chroni\u0107 Twoje oczy przed szkodliwym \u015bwiat\u0142em niebieskim, co potwierdza certyfikat T\u00dcV Rheinland.<\/p>\n<p><img decoding=\"async\" src=\"https:\/\/b2b.innpro.pl\/data\/include\/cms\/12DJI\/DJI-FPV-Goggles-2\/7.jpg?v=1693303937170\" border=\"0\" width=\"1000\" height=\"635\" \/><\/p>\n<h3>Szybka, p\u0142ynna i stabilna transmisja wideo<\/h3>\n<p>Stabilna transmisja wideo ma bardzo du\u017ce znaczenie podczas lot\u00f3w \u2013 zapewnia bezpiecze\u0144stwo i wi\u0119ksz\u0105 kontrol\u0119 nad dronem. Aby zaoferowa\u0107 Ci jak najlepsze do\u015bwiadczenie, DJI Goggles 2 automatycznie prze\u0142\u0105czaj\u0105 si\u0119 mi\u0119dzy pasmami 2,4 GHz i 5,8 GHz \u2013 dzi\u0119ki temu gwarantuj\u0105 stabilny sygna\u0142, op\u00f3\u017anienie na poziomie zaledwie oko\u0142o 30 ms i du\u017c\u0105 odporno\u015b\u0107 na zak\u0142\u00f3cenia. Dost\u0119pna jest r\u00f3wnie\u017c nowa technologia SyncSmooth, kt\u00f3ra pozwala cieszy\u0107 si\u0119 p\u0142ynnym przesy\u0142em nawet podczas szybkich lot\u00f3w.<\/p>\n<p><img decoding=\"async\" src=\"https:\/\/b2b.innpro.pl\/data\/include\/cms\/12DJI\/DJI-FPV-Goggles-2\/3.jpg?v=1693303937170\" border=\"0\" width=\"1000\" height=\"640\" \/><\/p>\n<h3>Skorzystaj z dodatkowych mo\u017cliwo\u015bci<\/h3>\n<p>Warunki na dworze nie sprzyjaj\u0105 lataniu? Nie martw si\u0119 \u2013 z DJI nie grozi Ci nuda. Mo\u017cesz na przyk\u0142ad zmieni\u0107 DJI Goggles 2 w swoje ma\u0142e kino domowe \u2013 urz\u0105dzenie obs\u0142uguje bezprzewodowe strumieniowanie Wi-Fi oraz protok\u00f3\u0142 DLNA, ma te\u017c wbudowany wzmacniacz i port audio 3,5 mm. Ciesz si\u0119 immersyjnym do\u015bwiadczeniem! Istnieje r\u00f3wnie\u017c mo\u017cliwo\u015b\u0107 po\u0142\u0105czenia gogli ze smartfonem i udost\u0119pnienia podgl\u0105du innym osobom \u2013 eksploruj przestworza razem z przyjaci\u00f3\u0142mi lub u\u0142atw sobie szkolenie nowych pilot\u00f3w.<\/p>\n<p><img decoding=\"async\" src=\"https:\/\/b2b.innpro.pl\/data\/include\/cms\/12DJI\/DJI-FPV-Goggles-2\/6.jpg?v=1693303937170\" border=\"0\" width=\"1000\" height=\"643\" \/><\/p>\n<h3>W zestawie<\/h3>\n<ul>\n<li>DJI Goggles 2 x1<\/li>\n<li>Bateria do DJI Goggles 2 x1<\/li>\n<li>Oprawki do okular\u00f3w DJI Goggles 2 (para) x1<\/li>\n<li>Os\u0142ona ekranu DJI Goggles 2 x1<\/li>\n<li>Opaska na g\u0142ow\u0119 DJI Goggles 2 x1<\/li>\n<li>Kabel zasilaj\u0105cy DJI Goggles 2 x1<\/li>\n<li>Antena DJI Goggles 2 (Dual-Band) x2<\/li>\n<li>Kabel OTG x1<\/li>\n<\/ul>\n<div class=\"table-wrapper\">\n<table>\n<tbody>\n<tr>\n<th>Producent<\/th>\n<td>DJI<\/td>\n<\/tr>\n<tr>\n<th>Model<\/th>\n<td>RCDS18<\/td>\n<\/tr>\n<tr>\n<th>Waga<\/th>\n<td>Ok. 290 g (z opask\u0105)<\/td>\n<\/tr>\n<tr>\n<th>Wymiary (d\u0142.\u00d7szer.\u00d7wys.)<\/th>\n<td>Ze z\u0142o\u017conymi antenami: 167,40\u00d7103,90\u00d781,31 mm;<br \/>Z roz\u0142o\u017conymi antenami: 196,69\u00d7103,90\u00d7104,61 mm;<\/td>\n<\/tr>\n<tr>\n<th>Rozmiar ekranu (pojedynczy ekran)<\/th>\n<td>0,49 cala<\/td>\n<\/tr>\n<tr>\n<th>Rozdzielczo\u015b\u0107 (pojedynczy ekran)<\/th>\n<td>1920\u00d71080<\/td>\n<\/tr>\n<tr>\n<th>Cz\u0119stotliwo\u015b\u0107 od\u015bwie\u017cania<\/th>\n<td>Do 100 Hz<\/td>\n<\/tr>\n<tr>\n<th>Zakres odleg\u0142o\u015bci mi\u0119dzy soczewkami<\/th>\n<td>56-72 mm<\/td>\n<\/tr>\n<tr>\n<th>Zakres regulacji dioptrii<\/th>\n<td>-8,0 D do +2,0 D<\/td>\n<\/tr>\n<tr>\n<th>FOV (pojedynczy ekran)<\/th>\n<td>51\u00b0<\/td>\n<\/tr>\n<tr>\n<th>Cz\u0119stotliwo\u015b\u0107 radiowa<\/th>\n<td>2.400-2.4835 GHz;<br \/>5.725-5.850 GHz;<\/td>\n<\/tr>\n<tr>\n<th>Moc nadajnika (EIRP)<\/th>\n<td>2.4 GHz: &lt; 30 dBm (FCC), &lt; 20 dBm (CE\/SRRC\/MIC\/KC);<br \/>5.8 GHz: &lt; 30 dBm (FCC), &lt; 23 dBm (SRRC), &lt; 14 dBm (CE\/KC);<\/td>\n<\/tr>\n<tr>\n<th>Format nagrywania wideo<\/th>\n<td>MOV<\/td>\n<\/tr>\n<tr>\n<th>Obs\u0142ugiwane formaty odtwarzania wideo i audio<\/th>\n<td>MP4, MOV (formaty kodowania wideo: H.264, H.265; formaty audio: ACC, PCM)<\/td>\n<\/tr>\n<tr>\n<th>Bezprzewodowa transmisja Wi-Fi<\/th>\n<td>Obs\u0142uga protoko\u0142u DLNA<\/td>\n<\/tr>\n<tr>\n<th>Temperatura robocza<\/th>\n<td>-10\u00b0 do 40\u00b0 C (14\u00b0 do 104\u00b0 F)<\/td>\n<\/tr>\n<tr>\n<th>Zasilanie<\/th>\n<td>Akumulator DJI Goggles 2<\/td>\n<\/tr>\n<tr>\n<th>Obs\u0142ugiwane karty SD<\/th>\n<td>microSD (do 256 GB)<\/td>\n<\/tr>\n<tr>\n<th>Protok\u00f3\u0142<\/th>\n<td>Wi-Fi 802.11b\/a\/g\/n\/ac<\/td>\n<\/tr>\n<tr>\n<th>Cz\u0119stotliwo\u015b\u0107 radiowa<\/th>\n<td>2,400-2,4835 GHz;<br \/>5,150-5,250 GHz (tylko do u\u017cytku wewn\u0119trznego);<br \/>5,725-5,850 GHz;<\/td>\n<\/tr>\n<tr>\n<th>Moc nadajnika (EIRP)<\/th>\n<td>2.4 GHz: &lt; 20 dBm (FCC\/CE\/SRRC\/MIC\/KC);<br \/>5.1 GHz: &lt; 20 dBm (FCC\/CE\/MIC\/KC);<br \/>5.8 GHz: &lt; 20 dBm (FCC\/SRRC\/KC), &lt; 14 dBm (CE);<\/td>\n<\/tr>\n<tr>\n<th>Protok\u00f3\u0142<\/th>\n<td>Bluetooth 5.2<\/td>\n<\/tr>\n<tr>\n<th>Cz\u0119stotliwo\u015b\u0107 radiowa<\/th>\n<td>2.400-2.4835 GHz<\/td>\n<\/tr>\n<tr>\n<th>Moc nadajnika (EIRP)<\/th>\n<td>&lt; 8 dBm<\/td>\n<\/tr>\n<tr>\n<th>Op\u00f3\u017anienie transmisji wideo<\/th>\n<td>Jako\u015b\u0107 transmisji wideo 1080p\/100fps: op\u00f3\u017anienie wynosi oko\u0142o 30 ms.;<br \/>Jako\u015b\u0107 transmisji wideo 1080p\/60fps: op\u00f3\u017anienie wynosi oko\u0142o 40 ms.;<\/td>\n<\/tr>\n<tr>\n<th>Maksymalna pr\u0119dko\u015b\u0107 transmisji wideo<\/th>\n<td>50 Mbps<\/td>\n<\/tr>\n<tr>\n<th>Zasi\u0119g transmisji wideo<\/th>\n<td>Korzystaj\u0105c z produktem DJI Avata lub DJI O3 Air Unit, DJI Goggles 2 mog\u0105 osi\u0105gn\u0105\u0107 nast\u0119puj\u0105cy maksymalny zasi\u0119g transmisji wideo: 10 km (FCC), 2 km (CE), 6 km (SRRC).<\/td>\n<\/tr>\n<tr>\n<th>Pojemno\u015b\u0107 akumulatora<\/th>\n<td>1800 mAh<\/td>\n<\/tr>\n<tr>\n<th>Napi\u0119cie akumulatora<\/th>\n<td>7-9 V (1.5 A)<\/td>\n<\/tr>\n<tr>\n<th>Rodzaj akumulatora<\/th>\n<td>Litowo &#8211; jonowy<\/td>\n<\/tr>\n<tr>\n<th>Uk\u0142ad chemiczny akumulatora<\/th>\n<td>LiNiMnCoO2<\/td>\n<\/tr>\n<tr>\n<th>Moc akumulatora<\/th>\n<td>18 Wh<\/td>\n<\/tr>\n<tr>\n<th>Temperatura \u0142adowania<\/th>\n<td>0\u00b0 do 45\u00b0 C (32\u00b0 do 113\u00b0 F)<\/td>\n<\/tr>\n<tr>\n<th>Maks. moc \u0142adowania<\/th>\n<td>12.6 W (5 V\/2 A, 9 V\/1.4 A)<\/td>\n<\/tr>\n<tr>\n<th>Czas pracy<\/th>\n<td>Oko\u0142o 2 godzin<\/td>\n<\/tr>\n<tr>\n<th>Waga<\/th>\n<td>Oko\u0142o 122 g<\/td>\n<\/tr>\n<tr>\n<th>Wymiary (d\u0142.\u00d7szer.\u00d7wys.)<\/th>\n<td>73.04\u00d740.96\u00d726 mm<\/td>\n<\/tr>\n<tr>\n<th>Waga<\/th>\n<td>Oko\u0142o 167 g<\/td>\n<\/tr>\n<tr>\n<th>Cz\u0119stotliwo\u015b\u0107 radiowa<\/th>\n<td>2.400-2.4835 GHz;<br \/>5.725-5.850 GHz;<\/td>\n<\/tr>\n<tr>\n<th>Moc nadajnika (EIRP)<\/th>\n<td>2.4 GHz: \u2264 28.5 dBm (FCC), \u2264 20 dBm (CE\/SRRC\/MIC);<br \/>5.8 GHz: \u2264 31.5 dBm (FCC), \u2264 19 dBm (SRRC), \u2264 14 dBm (CE);<\/td>\n<\/tr>\n<tr>\n<th>Temperatura robocza<\/th>\n<td>-10\u00b0 do 40\u00b0 C (14\u00b0 do 104\u00b0 F)<\/td>\n<\/tr>\n<\/tbody>\n<\/table>\n<\/div>\n","protected":false},"excerpt":{"rendered":"<p>DJI Goggles 2 \u2013 Awaken Marzysz o lataniu? A mo\u017ce zawsze chcia\u0142e\u015b spojrze\u0107 na swoj\u0105 okolic\u0119 z innej perspektywy? Teraz<\/p>\n","protected":false},"featured_media":28492,"comment_status":"closed","ping_status":"open","template":"","meta":{"_acf_changed":false},"product_brand":[],"product_cat":[5579,1169,1191,1093],"product_tag":[],"class_list":{"0":"post-28491","1":"product","2":"type-product","3":"status-publish","4":"has-post-thumbnail","6":"product_cat-gogle","7":"product_cat-modele-rc","8":"product_cat-fpv-podglad-na-zywo","9":"product_cat-urzadzenia-i-akcesoria","10":"pa_box-height-2891","11":"pa_box-length-1772","12":"pa_box-width-2667","13":"pa_gross-weight-3395","14":"pa_hs-code-3119","15":"pa_kompatybilnosc-zestaw-dji","16":"pa_model-fpv","17":"pa_net-weight-2338","18":"pa_seria-fpv-dji-avata","20":"first","21":"instock","22":"taxable","23":"shipping-taxable","24":"purchasable","25":"product-type-simple"},"acf":[],"yoast_head":"<!-- This site is optimized with the Yoast SEO plugin v27.2 - https:\/\/yoast.com\/product\/yoast-seo-wordpress\/ -->\n<title>DJI FPV Goggles 2 - IRONSKY.PL Sklep z Dronami<\/title>\n<meta name=\"description\" content=\"DJI FPV Goggles 2 - \u2705 sklep z dronami i fachowym doradztwem. \u2705 Tutaj kupisz produkty DJI, Yuneec, Parrot, Syma i wiele innych, a tak\u017ce kursy i licencje na operatora drona.\" \/>\n<meta name=\"robots\" content=\"index, follow, max-snippet:-1, max-image-preview:large, max-video-preview:-1\" \/>\n<link rel=\"canonical\" href=\"https:\/\/ironsky.pl\/sklep\/produkt\/dji-fpv-goggles-2\/\" \/>\n<meta property=\"og:locale\" content=\"pl_PL\" \/>\n<meta property=\"og:type\" content=\"article\" \/>\n<meta property=\"og:title\" content=\"DJI FPV Goggles 2 - IRONSKY.PL Sklep z Dronami\" \/>\n<meta property=\"og:description\" content=\"DJI FPV Goggles 2 - \u2705 sklep z dronami i fachowym doradztwem. \u2705 Tutaj kupisz produkty DJI, Yuneec, Parrot, Syma i wiele innych, a tak\u017ce kursy i licencje na operatora drona.\" \/>\n<meta property=\"og:url\" content=\"https:\/\/ironsky.pl\/sklep\/produkt\/dji-fpv-goggles-2\/\" \/>\n<meta property=\"og:site_name\" content=\"IRONSKY.PL Sklep z Dronami\" \/>\n<meta property=\"article:modified_time\" content=\"2026-04-23T13:59:49+00:00\" \/>\n<meta property=\"og:image\" content=\"https:\/\/ironsky.pl\/sklep\/wp-content\/uploads\/2024\/09\/25568_3.jpg\" \/>\n\t<meta property=\"og:image:width\" content=\"800\" \/>\n\t<meta property=\"og:image:height\" content=\"800\" \/>\n\t<meta property=\"og:image:type\" content=\"image\/jpeg\" \/>\n<meta name=\"twitter:card\" content=\"summary_large_image\" \/>\n<meta name=\"twitter:label1\" content=\"Szacowany czas czytania\" \/>\n\t<meta name=\"twitter:data1\" content=\"5 minut\" \/>\n<script type=\"application\/ld+json\" class=\"yoast-schema-graph\">{\"@context\":\"https:\/\/schema.org\",\"@graph\":[{\"@type\":\"WebPage\",\"@id\":\"https:\/\/ironsky.pl\/sklep\/produkt\/dji-fpv-goggles-2\/\",\"url\":\"https:\/\/ironsky.pl\/sklep\/produkt\/dji-fpv-goggles-2\/\",\"name\":\"DJI FPV Goggles 2 - IRONSKY.PL Sklep z Dronami\",\"isPartOf\":{\"@id\":\"https:\/\/ironsky.pl\/sklep\/#website\"},\"primaryImageOfPage\":{\"@id\":\"https:\/\/ironsky.pl\/sklep\/produkt\/dji-fpv-goggles-2\/#primaryimage\"},\"image\":{\"@id\":\"https:\/\/ironsky.pl\/sklep\/produkt\/dji-fpv-goggles-2\/#primaryimage\"},\"thumbnailUrl\":\"https:\/\/ironsky.pl\/sklep\/wp-content\/uploads\/2024\/09\/25568_3.jpg\",\"datePublished\":\"2024-09-16T18:36:10+00:00\",\"dateModified\":\"2026-04-23T13:59:49+00:00\",\"description\":\"DJI FPV Goggles 2 - \u2705 sklep z dronami i fachowym doradztwem. \u2705 Tutaj kupisz produkty DJI, Yuneec, Parrot, Syma i wiele innych, a tak\u017ce kursy i licencje na operatora drona.\",\"breadcrumb\":{\"@id\":\"https:\/\/ironsky.pl\/sklep\/produkt\/dji-fpv-goggles-2\/#breadcrumb\"},\"inLanguage\":\"pl-PL\",\"potentialAction\":[{\"@type\":\"ReadAction\",\"target\":[\"https:\/\/ironsky.pl\/sklep\/produkt\/dji-fpv-goggles-2\/\"]}]},{\"@type\":\"ImageObject\",\"inLanguage\":\"pl-PL\",\"@id\":\"https:\/\/ironsky.pl\/sklep\/produkt\/dji-fpv-goggles-2\/#primaryimage\",\"url\":\"https:\/\/ironsky.pl\/sklep\/wp-content\/uploads\/2024\/09\/25568_3.jpg\",\"contentUrl\":\"https:\/\/ironsky.pl\/sklep\/wp-content\/uploads\/2024\/09\/25568_3.jpg\",\"width\":800,\"height\":800},{\"@type\":\"BreadcrumbList\",\"@id\":\"https:\/\/ironsky.pl\/sklep\/produkt\/dji-fpv-goggles-2\/#breadcrumb\",\"itemListElement\":[{\"@type\":\"ListItem\",\"position\":1,\"name\":\"Strona g\u0142\u00f3wna\",\"item\":\"https:\/\/ironsky.pl\/sklep\/\"},{\"@type\":\"ListItem\",\"position\":2,\"name\":\"Wszystkie produkty\",\"item\":\"https:\/\/ironsky.pl\/sklep\/produkty\/\"},{\"@type\":\"ListItem\",\"position\":3,\"name\":\"DJI FPV Goggles 2\"}]},{\"@type\":\"WebSite\",\"@id\":\"https:\/\/ironsky.pl\/sklep\/#website\",\"url\":\"https:\/\/ironsky.pl\/sklep\/\",\"name\":\"IRONSKY.PL Sklep z Dronami\",\"description\":\"IRONSKY.PL Sklep z Dronami\",\"potentialAction\":[{\"@type\":\"SearchAction\",\"target\":{\"@type\":\"EntryPoint\",\"urlTemplate\":\"https:\/\/ironsky.pl\/sklep\/?s={search_term_string}\"},\"query-input\":{\"@type\":\"PropertyValueSpecification\",\"valueRequired\":true,\"valueName\":\"search_term_string\"}}],\"inLanguage\":\"pl-PL\"}]}<\/script>\n<!-- \/ Yoast SEO plugin. -->","yoast_head_json":{"title":"DJI FPV Goggles 2 - IRONSKY.PL Sklep z Dronami","description":"DJI FPV Goggles 2 - \u2705 sklep z dronami i fachowym doradztwem. \u2705 Tutaj kupisz produkty DJI, Yuneec, Parrot, Syma i wiele innych, a tak\u017ce kursy i licencje na operatora drona.","robots":{"index":"index","follow":"follow","max-snippet":"max-snippet:-1","max-image-preview":"max-image-preview:large","max-video-preview":"max-video-preview:-1"},"canonical":"https:\/\/ironsky.pl\/sklep\/produkt\/dji-fpv-goggles-2\/","og_locale":"pl_PL","og_type":"article","og_title":"DJI FPV Goggles 2 - IRONSKY.PL Sklep z Dronami","og_description":"DJI FPV Goggles 2 - \u2705 sklep z dronami i fachowym doradztwem. \u2705 Tutaj kupisz produkty DJI, Yuneec, Parrot, Syma i wiele innych, a tak\u017ce kursy i licencje na operatora drona.","og_url":"https:\/\/ironsky.pl\/sklep\/produkt\/dji-fpv-goggles-2\/","og_site_name":"IRONSKY.PL Sklep z Dronami","article_modified_time":"2026-04-23T13:59:49+00:00","og_image":[{"width":800,"height":800,"url":"https:\/\/ironsky.pl\/sklep\/wp-content\/uploads\/2024\/09\/25568_3.jpg","type":"image\/jpeg"}],"twitter_card":"summary_large_image","twitter_misc":{"Szacowany czas czytania":"5 minut"},"schema":{"@context":"https:\/\/schema.org","@graph":[{"@type":"WebPage","@id":"https:\/\/ironsky.pl\/sklep\/produkt\/dji-fpv-goggles-2\/","url":"https:\/\/ironsky.pl\/sklep\/produkt\/dji-fpv-goggles-2\/","name":"DJI FPV Goggles 2 - IRONSKY.PL Sklep z Dronami","isPartOf":{"@id":"https:\/\/ironsky.pl\/sklep\/#website"},"primaryImageOfPage":{"@id":"https:\/\/ironsky.pl\/sklep\/produkt\/dji-fpv-goggles-2\/#primaryimage"},"image":{"@id":"https:\/\/ironsky.pl\/sklep\/produkt\/dji-fpv-goggles-2\/#primaryimage"},"thumbnailUrl":"https:\/\/ironsky.pl\/sklep\/wp-content\/uploads\/2024\/09\/25568_3.jpg","datePublished":"2024-09-16T18:36:10+00:00","dateModified":"2026-04-23T13:59:49+00:00","description":"DJI FPV Goggles 2 - \u2705 sklep z dronami i fachowym doradztwem. \u2705 Tutaj kupisz produkty DJI, Yuneec, Parrot, Syma i wiele innych, a tak\u017ce kursy i licencje na operatora drona.","breadcrumb":{"@id":"https:\/\/ironsky.pl\/sklep\/produkt\/dji-fpv-goggles-2\/#breadcrumb"},"inLanguage":"pl-PL","potentialAction":[{"@type":"ReadAction","target":["https:\/\/ironsky.pl\/sklep\/produkt\/dji-fpv-goggles-2\/"]}]},{"@type":"ImageObject","inLanguage":"pl-PL","@id":"https:\/\/ironsky.pl\/sklep\/produkt\/dji-fpv-goggles-2\/#primaryimage","url":"https:\/\/ironsky.pl\/sklep\/wp-content\/uploads\/2024\/09\/25568_3.jpg","contentUrl":"https:\/\/ironsky.pl\/sklep\/wp-content\/uploads\/2024\/09\/25568_3.jpg","width":800,"height":800},{"@type":"BreadcrumbList","@id":"https:\/\/ironsky.pl\/sklep\/produkt\/dji-fpv-goggles-2\/#breadcrumb","itemListElement":[{"@type":"ListItem","position":1,"name":"Strona g\u0142\u00f3wna","item":"https:\/\/ironsky.pl\/sklep\/"},{"@type":"ListItem","position":2,"name":"Wszystkie produkty","item":"https:\/\/ironsky.pl\/sklep\/produkty\/"},{"@type":"ListItem","position":3,"name":"DJI FPV Goggles 2"}]},{"@type":"WebSite","@id":"https:\/\/ironsky.pl\/sklep\/#website","url":"https:\/\/ironsky.pl\/sklep\/","name":"IRONSKY.PL Sklep z Dronami","description":"IRONSKY.PL Sklep z Dronami","potentialAction":[{"@type":"SearchAction","target":{"@type":"EntryPoint","urlTemplate":"https:\/\/ironsky.pl\/sklep\/?s={search_term_string}"},"query-input":{"@type":"PropertyValueSpecification","valueRequired":true,"valueName":"search_term_string"}}],"inLanguage":"pl-PL"}]}},"_links":{"self":[{"href":"https:\/\/ironsky.pl\/sklep\/wp-json\/wp\/v2\/product\/28491","targetHints":{"allow":["GET"]}}],"collection":[{"href":"https:\/\/ironsky.pl\/sklep\/wp-json\/wp\/v2\/product"}],"about":[{"href":"https:\/\/ironsky.pl\/sklep\/wp-json\/wp\/v2\/types\/product"}],"replies":[{"embeddable":true,"href":"https:\/\/ironsky.pl\/sklep\/wp-json\/wp\/v2\/comments?post=28491"}],"wp:featuredmedia":[{"embeddable":true,"href":"https:\/\/ironsky.pl\/sklep\/wp-json\/wp\/v2\/media\/28492"}],"wp:attachment":[{"href":"https:\/\/ironsky.pl\/sklep\/wp-json\/wp\/v2\/media?parent=28491"}],"wp:term":[{"taxonomy":"product_brand","embeddable":true,"href":"https:\/\/ironsky.pl\/sklep\/wp-json\/wp\/v2\/product_brand?post=28491"},{"taxonomy":"product_cat","embeddable":true,"href":"https:\/\/ironsky.pl\/sklep\/wp-json\/wp\/v2\/product_cat?post=28491"},{"taxonomy":"product_tag","embeddable":true,"href":"https:\/\/ironsky.pl\/sklep\/wp-json\/wp\/v2\/product_tag?post=28491"}],"curies":[{"name":"wp","href":"https:\/\/api.w.org\/{rel}","templated":true}]}}