{"id":28354,"date":"2024-09-16T20:32:04","date_gmt":"2024-09-16T18:32:04","guid":{"rendered":"http:\/\/gvshalph.pro-linuxpl.com\/ironskyprodukty\/produkt\/regulator-hobbywing-xerun-xr10-pro-g2s-160a\/"},"modified":"2026-03-05T15:53:32","modified_gmt":"2026-03-05T14:53:32","slug":"regulator-hobbywing-xerun-xr10-pro-g2s-160a","status":"publish","type":"product","link":"https:\/\/ironsky.pl\/sklep\/produkt\/regulator-hobbywing-xerun-xr10-pro-g2s-160a\/","title":{"rendered":"Regulator Hobbywing XERUN XR10 Pro G2S 160A"},"content":{"rendered":"<h3>Regulator Hobbywing XERUN XR10 Pro G2S 160A<\/h3>\n<p>Chcesz rozpocz\u0105\u0107 wy\u015bcig na wygranej pozycji? Z regulatorem Hobbywing XERUN XR10 Pro G2S mo\u017cesz to osi\u0105gn\u0105\u0107! Zastosowane technologie zapewniaj\u0105 b\u0142yskawiczn\u0105 responsywno\u015b\u0107 oraz bezpiecze\u0144stwo dzia\u0142ania. W produkcji u\u017cyto wytrzyma\u0142ych materia\u0142\u00f3w, kt\u00f3re pozwoli\u0142y na osi\u0105gni\u0119cie po\u0142\u0105czenia funkcjonalno\u015bci oraz trwa\u0142o\u015bci.<\/p>\n<p><img decoding=\"async\" src=\"https:\/\/b2b.innpro.pl\/data\/include\/cms\/05Hobbywing\/HW30112613\/1.jpg\"><\/p>\n<h3>Wysoka trwa\u0142o\u015b\u0107<\/h3>\n<p>Regulator jest zbudowany z najbardziej wytrzyma\u0142ych i wysokiej jako\u015bci komponent\u00f3w co w po\u0142\u0105czeniu z najnowszym oprogramowaniem zapewnia niezr\u00f3wnan\u0105 moc i wydajno\u015b\u0107 nawet w bardzo wymagaj\u0105cych warunkach. Jest bardzo elastyczny, posiada zabezpieczenia anty przeci\u0105\u017ceniowe kt\u00f3re zawsze chroni\u0105 regulator.<\/p>\n<p><img decoding=\"async\" src=\"https:\/\/b2b.innpro.pl\/data\/include\/cms\/05Hobbywing\/HW30112613\/4.jpg\"><\/p>\n<h3>Jazda pe\u0142n\u0105 par\u0105<\/h3>\n<p>Regulator XR10 Pro G2S zapewnia wyj\u0105tkowo p\u0142ynn\u0105 jazd\u0119. Zosta\u0142 zaprojektowany z my\u015bl\u0105 o wy\u015bcigach modeli w skali 1\/10 Touring jak i Buggy.\u00a0<\/p>\n<p><img decoding=\"async\" src=\"https:\/\/b2b.innpro.pl\/data\/include\/cms\/05Hobbywing\/HW30112613\/5.jpg\"><\/p>\n<h3>Doskona\u0142a budowa<\/h3>\n<p>Ze wzgl\u0119du na wyj\u0105tkow\u0105 budow\u0119 i innowacyjne technologie zastosowane w regulatorze XR10 Pro G2S, nie wymaga on praktycznie \u017cadnej konserwacji! Trwa\u0142a budowa i zaawansowany system rozprowadzania ciep\u0142a pozwala na jego u\u017cytkowanie praktycznie w ka\u017cdych warunkach!<\/p>\n<p><img decoding=\"async\" src=\"https:\/\/b2b.innpro.pl\/data\/include\/cms\/05Hobbywing\/HW30112613\/3.jpg\"><\/p>\n<h3>Wbudowany BEC<\/h3>\n<p>XR10 Pro G2S posiada wbudowany BEC o wydajno\u015bci pr\u0105dowej do 10A. Obs\u0142uguje bez problemu nowoczesne serwa o wysokim napi\u0119ciu (5V-7.4V).<\/p>\n<p><img decoding=\"async\" src=\"https:\/\/b2b.innpro.pl\/data\/include\/cms\/05Hobbywing\/HW30112613\/8.jpg\"><\/p>\n<h3>Du\u017ca moc\u00a0<\/h3>\n<p>Regulator to istna bestia! Jego pr\u0105d ci\u0105g\u0142y to 160A, a szczytowy a\u017c 1200A! XR10 Pro G2S to Gwarancja wysokich osi\u0105g\u00f3w. Postaw na maksymalizacj\u0119 efekt\u00f3w ze sprawdzonymi rozwi\u0105zaniami, kt\u00f3re zapewni\u0105 Ci przewag\u0119 ju\u017c na samym starcie!<\/p>\n<p><img decoding=\"async\" src=\"https:\/\/b2b.innpro.pl\/data\/include\/cms\/05Hobbywing\/HW30112613\/10.jpg\"><\/p>\n<div class=\"table-wrapper\">\n<table>\n<tbody>\n<tr>\n<th>Nazwa produktu<\/th>\n<td>XeRun XR10 Pro G2S<\/td>\n<\/tr>\n<tr>\n<th>Numer produktu<\/th>\n<td>30112613<\/td>\n<\/tr>\n<tr>\n<th>Skala<\/th>\n<td>1:10<\/td>\n<\/tr>\n<tr>\n<th>Pr\u0105d ci\u0105g\u0142y \/ chwilowy<\/th>\n<td>160A \/ 1200A<\/td>\n<\/tr>\n<tr>\n<th>Zasilanie<\/th>\n<td>2S LiPo<\/td>\n<\/tr>\n<tr>\n<th>Wyj\u015bcie BEC<\/th>\n<td>Prze\u0142\u0105cznik tryb\u00f3w: 5V-7.4V, 5A<\/td>\n<\/tr>\n<tr>\n<th>Kable wej\u015bcia<\/th>\n<td>Czarny-13AWG-200mm*2<\/td>\n<\/tr>\n<tr>\n<th>Kable wyj\u015bcia<\/th>\n<td>Czarny-13AWG-200mm*3<\/td>\n<\/tr>\n<tr>\n<th>Konektor wej\u015bcia<\/th>\n<td>Brak<\/td>\n<\/tr>\n<tr>\n<th>Konektor wyj\u015bcia<\/th>\n<td>Brak<\/td>\n<\/tr>\n<tr>\n<th>Przycisk Set w ESC<\/th>\n<td>Nieaktywny<\/td>\n<\/tr>\n<tr>\n<th>Led Program Box<\/th>\n<td>Nieaktywny<\/td>\n<\/tr>\n<tr>\n<th>LCD Program box<\/th>\n<td>Aktywny<\/td>\n<\/tr>\n<tr>\n<th>Modu\u0142 Wifi<\/th>\n<td>Aktywny<\/td>\n<\/tr>\n<tr>\n<th>Programator OTA<\/th>\n<td>Aktywny<\/td>\n<\/tr>\n<tr>\n<th>Port Programowania<\/th>\n<td>Oddzielny<\/td>\n<\/tr>\n<tr>\n<th>Aktualizacja softu<\/th>\n<td>Aktywny<\/td>\n<\/tr>\n<tr>\n<th>Rozmiar<\/th>\n<td>37.5 x 30.9 x 32.5mm<\/td>\n<\/tr>\n<tr>\n<th>Waga<\/th>\n<td>90 gram<\/td>\n<\/tr>\n<tr>\n<th>Dedykowane<\/th>\n<td>1\/10th Touring Car &amp; Buggy<\/td>\n<\/tr>\n<\/tbody>\n<\/table>\n<\/div>\n","protected":false},"excerpt":{"rendered":"<p>Regulator Hobbywing XERUN XR10 Pro G2S 160A Chcesz rozpocz\u0105\u0107 wy\u015bcig na wygranej pozycji? Z regulatorem Hobbywing XERUN XR10 Pro G2S<\/p>\n","protected":false},"featured_media":28355,"comment_status":"closed","ping_status":"open","template":"","meta":{"_acf_changed":false},"product_brand":[],"product_cat":[1169,1180,1181],"product_tag":[],"class_list":{"0":"post-28354","1":"product","2":"type-product","3":"status-publish","4":"has-post-thumbnail","6":"product_cat-modele-rc","7":"product_cat-napedy","8":"product_cat-regulatory","9":"pa_box-height-1326","10":"pa_box-length-1536","11":"pa_box-width-1445","12":"pa_gross-weight-3082","13":"pa_net-weight-2281","14":"pa_waga-netto-g-1462","15":"pa_wlasciwosci-sensorowe-bezszczotkowe","17":"first","18":"outofstock","19":"taxable","20":"shipping-taxable","21":"purchasable","22":"product-type-simple"},"acf":[],"yoast_head":"<!-- This site is optimized with the Yoast SEO plugin v27.2 - https:\/\/yoast.com\/product\/yoast-seo-wordpress\/ -->\n<title>Regulator Hobbywing XERUN XR10 Pro G2S 160A - IRONSKY.PL Sklep z Dronami<\/title>\n<meta name=\"description\" content=\"Regulator Hobbywing XERUN XR10 Pro G2S 160A - \u2705 sklep z dronami i fachowym doradztwem. \u2705 Tutaj kupisz produkty DJI, Yuneec, Parrot, Syma i wiele innych, a tak\u017ce kursy i licencje na operatora drona.\" \/>\n<meta name=\"robots\" content=\"index, follow, max-snippet:-1, max-image-preview:large, max-video-preview:-1\" \/>\n<link rel=\"canonical\" href=\"https:\/\/ironsky.pl\/sklep\/produkt\/regulator-hobbywing-xerun-xr10-pro-g2s-160a\/\" \/>\n<meta property=\"og:locale\" content=\"pl_PL\" \/>\n<meta property=\"og:type\" content=\"article\" \/>\n<meta property=\"og:title\" content=\"Regulator Hobbywing XERUN XR10 Pro G2S 160A - IRONSKY.PL Sklep z Dronami\" \/>\n<meta property=\"og:description\" content=\"Regulator Hobbywing XERUN XR10 Pro G2S 160A - \u2705 sklep z dronami i fachowym doradztwem. \u2705 Tutaj kupisz produkty DJI, Yuneec, Parrot, Syma i wiele innych, a tak\u017ce kursy i licencje na operatora drona.\" \/>\n<meta property=\"og:url\" content=\"https:\/\/ironsky.pl\/sklep\/produkt\/regulator-hobbywing-xerun-xr10-pro-g2s-160a\/\" \/>\n<meta property=\"og:site_name\" content=\"IRONSKY.PL Sklep z Dronami\" \/>\n<meta property=\"article:modified_time\" content=\"2026-03-05T14:53:32+00:00\" \/>\n<meta property=\"og:image\" content=\"https:\/\/ironsky.pl\/sklep\/wp-content\/uploads\/2024\/09\/23731_1.jpg\" \/>\n\t<meta property=\"og:image:width\" content=\"800\" \/>\n\t<meta property=\"og:image:height\" content=\"801\" \/>\n\t<meta property=\"og:image:type\" content=\"image\/jpeg\" \/>\n<meta name=\"twitter:card\" content=\"summary_large_image\" \/>\n<meta name=\"twitter:label1\" content=\"Szacowany czas czytania\" \/>\n\t<meta name=\"twitter:data1\" content=\"2 minuty\" \/>\n<script type=\"application\/ld+json\" class=\"yoast-schema-graph\">{\"@context\":\"https:\/\/schema.org\",\"@graph\":[{\"@type\":\"WebPage\",\"@id\":\"https:\/\/ironsky.pl\/sklep\/produkt\/regulator-hobbywing-xerun-xr10-pro-g2s-160a\/\",\"url\":\"https:\/\/ironsky.pl\/sklep\/produkt\/regulator-hobbywing-xerun-xr10-pro-g2s-160a\/\",\"name\":\"Regulator Hobbywing XERUN XR10 Pro G2S 160A - IRONSKY.PL Sklep z Dronami\",\"isPartOf\":{\"@id\":\"https:\/\/ironsky.pl\/sklep\/#website\"},\"primaryImageOfPage\":{\"@id\":\"https:\/\/ironsky.pl\/sklep\/produkt\/regulator-hobbywing-xerun-xr10-pro-g2s-160a\/#primaryimage\"},\"image\":{\"@id\":\"https:\/\/ironsky.pl\/sklep\/produkt\/regulator-hobbywing-xerun-xr10-pro-g2s-160a\/#primaryimage\"},\"thumbnailUrl\":\"https:\/\/ironsky.pl\/sklep\/wp-content\/uploads\/2024\/09\/23731_1.jpg\",\"datePublished\":\"2024-09-16T18:32:04+00:00\",\"dateModified\":\"2026-03-05T14:53:32+00:00\",\"description\":\"Regulator Hobbywing XERUN XR10 Pro G2S 160A - \u2705 sklep z dronami i fachowym doradztwem. \u2705 Tutaj kupisz produkty DJI, Yuneec, Parrot, Syma i wiele innych, a tak\u017ce kursy i licencje na operatora drona.\",\"breadcrumb\":{\"@id\":\"https:\/\/ironsky.pl\/sklep\/produkt\/regulator-hobbywing-xerun-xr10-pro-g2s-160a\/#breadcrumb\"},\"inLanguage\":\"pl-PL\",\"potentialAction\":[{\"@type\":\"ReadAction\",\"target\":[\"https:\/\/ironsky.pl\/sklep\/produkt\/regulator-hobbywing-xerun-xr10-pro-g2s-160a\/\"]}]},{\"@type\":\"ImageObject\",\"inLanguage\":\"pl-PL\",\"@id\":\"https:\/\/ironsky.pl\/sklep\/produkt\/regulator-hobbywing-xerun-xr10-pro-g2s-160a\/#primaryimage\",\"url\":\"https:\/\/ironsky.pl\/sklep\/wp-content\/uploads\/2024\/09\/23731_1.jpg\",\"contentUrl\":\"https:\/\/ironsky.pl\/sklep\/wp-content\/uploads\/2024\/09\/23731_1.jpg\",\"width\":800,\"height\":801},{\"@type\":\"BreadcrumbList\",\"@id\":\"https:\/\/ironsky.pl\/sklep\/produkt\/regulator-hobbywing-xerun-xr10-pro-g2s-160a\/#breadcrumb\",\"itemListElement\":[{\"@type\":\"ListItem\",\"position\":1,\"name\":\"Strona g\u0142\u00f3wna\",\"item\":\"https:\/\/ironsky.pl\/sklep\/\"},{\"@type\":\"ListItem\",\"position\":2,\"name\":\"Wszystkie produkty\",\"item\":\"https:\/\/ironsky.pl\/sklep\/produkty\/\"},{\"@type\":\"ListItem\",\"position\":3,\"name\":\"Regulator Hobbywing XERUN XR10 Pro G2S 160A\"}]},{\"@type\":\"WebSite\",\"@id\":\"https:\/\/ironsky.pl\/sklep\/#website\",\"url\":\"https:\/\/ironsky.pl\/sklep\/\",\"name\":\"IRONSKY.PL Sklep z Dronami\",\"description\":\"IRONSKY.PL Sklep z Dronami\",\"potentialAction\":[{\"@type\":\"SearchAction\",\"target\":{\"@type\":\"EntryPoint\",\"urlTemplate\":\"https:\/\/ironsky.pl\/sklep\/?s={search_term_string}\"},\"query-input\":{\"@type\":\"PropertyValueSpecification\",\"valueRequired\":true,\"valueName\":\"search_term_string\"}}],\"inLanguage\":\"pl-PL\"}]}<\/script>\n<!-- \/ Yoast SEO plugin. -->","yoast_head_json":{"title":"Regulator Hobbywing XERUN XR10 Pro G2S 160A - IRONSKY.PL Sklep z Dronami","description":"Regulator Hobbywing XERUN XR10 Pro G2S 160A - \u2705 sklep z dronami i fachowym doradztwem. \u2705 Tutaj kupisz produkty DJI, Yuneec, Parrot, Syma i wiele innych, a tak\u017ce kursy i licencje na operatora drona.","robots":{"index":"index","follow":"follow","max-snippet":"max-snippet:-1","max-image-preview":"max-image-preview:large","max-video-preview":"max-video-preview:-1"},"canonical":"https:\/\/ironsky.pl\/sklep\/produkt\/regulator-hobbywing-xerun-xr10-pro-g2s-160a\/","og_locale":"pl_PL","og_type":"article","og_title":"Regulator Hobbywing XERUN XR10 Pro G2S 160A - IRONSKY.PL Sklep z Dronami","og_description":"Regulator Hobbywing XERUN XR10 Pro G2S 160A - \u2705 sklep z dronami i fachowym doradztwem. \u2705 Tutaj kupisz produkty DJI, Yuneec, Parrot, Syma i wiele innych, a tak\u017ce kursy i licencje na operatora drona.","og_url":"https:\/\/ironsky.pl\/sklep\/produkt\/regulator-hobbywing-xerun-xr10-pro-g2s-160a\/","og_site_name":"IRONSKY.PL Sklep z Dronami","article_modified_time":"2026-03-05T14:53:32+00:00","og_image":[{"width":800,"height":801,"url":"https:\/\/ironsky.pl\/sklep\/wp-content\/uploads\/2024\/09\/23731_1.jpg","type":"image\/jpeg"}],"twitter_card":"summary_large_image","twitter_misc":{"Szacowany czas czytania":"2 minuty"},"schema":{"@context":"https:\/\/schema.org","@graph":[{"@type":"WebPage","@id":"https:\/\/ironsky.pl\/sklep\/produkt\/regulator-hobbywing-xerun-xr10-pro-g2s-160a\/","url":"https:\/\/ironsky.pl\/sklep\/produkt\/regulator-hobbywing-xerun-xr10-pro-g2s-160a\/","name":"Regulator Hobbywing XERUN XR10 Pro G2S 160A - IRONSKY.PL Sklep z Dronami","isPartOf":{"@id":"https:\/\/ironsky.pl\/sklep\/#website"},"primaryImageOfPage":{"@id":"https:\/\/ironsky.pl\/sklep\/produkt\/regulator-hobbywing-xerun-xr10-pro-g2s-160a\/#primaryimage"},"image":{"@id":"https:\/\/ironsky.pl\/sklep\/produkt\/regulator-hobbywing-xerun-xr10-pro-g2s-160a\/#primaryimage"},"thumbnailUrl":"https:\/\/ironsky.pl\/sklep\/wp-content\/uploads\/2024\/09\/23731_1.jpg","datePublished":"2024-09-16T18:32:04+00:00","dateModified":"2026-03-05T14:53:32+00:00","description":"Regulator Hobbywing XERUN XR10 Pro G2S 160A - \u2705 sklep z dronami i fachowym doradztwem. \u2705 Tutaj kupisz produkty DJI, Yuneec, Parrot, Syma i wiele innych, a tak\u017ce kursy i licencje na operatora drona.","breadcrumb":{"@id":"https:\/\/ironsky.pl\/sklep\/produkt\/regulator-hobbywing-xerun-xr10-pro-g2s-160a\/#breadcrumb"},"inLanguage":"pl-PL","potentialAction":[{"@type":"ReadAction","target":["https:\/\/ironsky.pl\/sklep\/produkt\/regulator-hobbywing-xerun-xr10-pro-g2s-160a\/"]}]},{"@type":"ImageObject","inLanguage":"pl-PL","@id":"https:\/\/ironsky.pl\/sklep\/produkt\/regulator-hobbywing-xerun-xr10-pro-g2s-160a\/#primaryimage","url":"https:\/\/ironsky.pl\/sklep\/wp-content\/uploads\/2024\/09\/23731_1.jpg","contentUrl":"https:\/\/ironsky.pl\/sklep\/wp-content\/uploads\/2024\/09\/23731_1.jpg","width":800,"height":801},{"@type":"BreadcrumbList","@id":"https:\/\/ironsky.pl\/sklep\/produkt\/regulator-hobbywing-xerun-xr10-pro-g2s-160a\/#breadcrumb","itemListElement":[{"@type":"ListItem","position":1,"name":"Strona g\u0142\u00f3wna","item":"https:\/\/ironsky.pl\/sklep\/"},{"@type":"ListItem","position":2,"name":"Wszystkie produkty","item":"https:\/\/ironsky.pl\/sklep\/produkty\/"},{"@type":"ListItem","position":3,"name":"Regulator Hobbywing XERUN XR10 Pro G2S 160A"}]},{"@type":"WebSite","@id":"https:\/\/ironsky.pl\/sklep\/#website","url":"https:\/\/ironsky.pl\/sklep\/","name":"IRONSKY.PL Sklep z Dronami","description":"IRONSKY.PL Sklep z Dronami","potentialAction":[{"@type":"SearchAction","target":{"@type":"EntryPoint","urlTemplate":"https:\/\/ironsky.pl\/sklep\/?s={search_term_string}"},"query-input":{"@type":"PropertyValueSpecification","valueRequired":true,"valueName":"search_term_string"}}],"inLanguage":"pl-PL"}]}},"_links":{"self":[{"href":"https:\/\/ironsky.pl\/sklep\/wp-json\/wp\/v2\/product\/28354","targetHints":{"allow":["GET"]}}],"collection":[{"href":"https:\/\/ironsky.pl\/sklep\/wp-json\/wp\/v2\/product"}],"about":[{"href":"https:\/\/ironsky.pl\/sklep\/wp-json\/wp\/v2\/types\/product"}],"replies":[{"embeddable":true,"href":"https:\/\/ironsky.pl\/sklep\/wp-json\/wp\/v2\/comments?post=28354"}],"wp:featuredmedia":[{"embeddable":true,"href":"https:\/\/ironsky.pl\/sklep\/wp-json\/wp\/v2\/media\/28355"}],"wp:attachment":[{"href":"https:\/\/ironsky.pl\/sklep\/wp-json\/wp\/v2\/media?parent=28354"}],"wp:term":[{"taxonomy":"product_brand","embeddable":true,"href":"https:\/\/ironsky.pl\/sklep\/wp-json\/wp\/v2\/product_brand?post=28354"},{"taxonomy":"product_cat","embeddable":true,"href":"https:\/\/ironsky.pl\/sklep\/wp-json\/wp\/v2\/product_cat?post=28354"},{"taxonomy":"product_tag","embeddable":true,"href":"https:\/\/ironsky.pl\/sklep\/wp-json\/wp\/v2\/product_tag?post=28354"}],"curies":[{"name":"wp","href":"https:\/\/api.w.org\/{rel}","templated":true}]}}