{"id":28330,"date":"2024-09-16T20:32:04","date_gmt":"2024-09-16T18:32:04","guid":{"rendered":"http:\/\/gvshalph.pro-linuxpl.com\/ironskyprodukty\/produkt\/baterie-alkaliczne-deli-aaa-lr03-42-szt\/"},"modified":"2026-03-05T15:53:32","modified_gmt":"2026-03-05T14:53:32","slug":"baterie-alkaliczne-deli-aaa-lr03-42-szt","status":"publish","type":"product","link":"https:\/\/ironsky.pl\/sklep\/produkt\/baterie-alkaliczne-deli-aaa-lr03-42-szt\/","title":{"rendered":"Baterie alkaliczne Deli AAA LR03 4+2 szt"},"content":{"rendered":"<h3>Baterie alkaliczne AAA LR03 Deli E82901<\/h3>\n<p>Baterie alkaliczne Deli AAA LR03 1,5 V umo\u017cliwiaj\u0105 zasilanie sprz\u0119t\u00f3w codziennego u\u017cytku takich jak pilot do telewizora, latarka, mysz komputerowa, zegar, zabawki i wiele innych. Wewn\u0105trz zosta\u0142y pokryte specjaln\u0105 pow\u0142ok\u0105, kt\u00f3ra poprawia ich przewodnictwo i wyd\u0142u\u017ca ich \u017cywotno\u015b\u0107. To, w po\u0142\u0105czeniu z zastosowaniem stali o nier\u00f3wnomiernej grubo\u015bci umo\u017cliwi\u0142o zwi\u0119kszenie ich wydajno\u015bci nawet o 30%. W sk\u0142ad zestawu wchodzi 6 baterii.<\/p>\n<p><img decoding=\"async\" src=\"https:\/\/b2b.innpro.pl\/data\/include\/cms\/005Deli\/E82901\/3.jpg?v=1643621329007\"><\/p>\n<h3>O producencie<\/h3>\n<p>Deli to mi\u0119dzynarodowa firma za\u0142o\u017cona w 1981 roku, b\u0119d\u0105ca jednym z najwi\u0119kszych producent\u00f3w w Azji oraz liderem na tamtejszym rynku narz\u0119dzi, artyku\u0142\u00f3w i mebli biurowych, produkt\u00f3w sportowych i wielu innych. Wraz z debiutem na rynku Polskim marka Deli wprowadza na rynek swoj\u0105 ofert\u0119 artyku\u0142\u00f3w biurowych, kt\u00f3ra b\u0119dzie sukcesywnie rozwijana o nowe linie produktowe. Wybierz produkty marki Deli, jednej z najwi\u0119kszych firm produkcyjnych \u015bwiata.<\/p>\n<p><img decoding=\"async\" src=\"https:\/\/b2b.innpro.pl\/data\/include\/cms\/005Deli\/1.png\"><\/p>\n<div class=\"table-wrapper\">\n<table>\n<tbody>\n<tr>\n<th>Producent<\/th>\n<td>Deli<\/td>\n<\/tr>\n<tr>\n<th>Model<\/th>\n<td>E82901<\/td>\n<\/tr>\n<tr>\n<th>Typ<\/th>\n<td>Baterie alkaliczne AAA LR03<\/td>\n<\/tr>\n<tr>\n<th>Napi\u0119cie<\/th>\n<td>1,5 V<\/td>\n<\/tr>\n<tr>\n<th>Okres przechowywania<\/th>\n<td>Do 10 lat<\/td>\n<\/tr>\n<tr>\n<th>Liczba baterii w zestawie<\/th>\n<td>6<\/td>\n<\/tr>\n<\/tbody>\n<\/table>\n<\/div>\n","protected":false},"excerpt":{"rendered":"<p>Baterie alkaliczne AAA LR03 Deli E82901 Baterie alkaliczne Deli AAA LR03 1,5 V umo\u017cliwiaj\u0105 zasilanie sprz\u0119t\u00f3w codziennego u\u017cytku takich jak<\/p>\n","protected":false},"featured_media":28331,"comment_status":"closed","ping_status":"open","template":"","meta":{"_acf_changed":false},"product_brand":[],"product_cat":[1182,1194,1193,1169],"product_tag":[],"class_list":{"0":"post-28330","1":"product","2":"type-product","3":"status-publish","4":"has-post-thumbnail","6":"product_cat-akumulatory","7":"product_cat-baterie-aaa","8":"product_cat-baterie-aa","9":"product_cat-modele-rc","10":"pa_box-height-1375","11":"pa_box-length-2505","12":"pa_box-width-1614","13":"pa_gross-weight-2219","14":"pa_hs-code-3014","15":"pa_net-weight-2218","17":"first","18":"outofstock","19":"taxable","20":"shipping-taxable","21":"purchasable","22":"product-type-simple"},"acf":[],"yoast_head":"<!-- This site is optimized with the Yoast SEO plugin v27.2 - https:\/\/yoast.com\/product\/yoast-seo-wordpress\/ -->\n<title>Baterie alkaliczne Deli AAA LR03 4+2 szt - IRONSKY.PL Sklep z Dronami<\/title>\n<meta name=\"description\" content=\"Baterie alkaliczne Deli AAA LR03 4+2 szt - \u2705 sklep z dronami i fachowym doradztwem. \u2705 Tutaj kupisz produkty DJI, Yuneec, Parrot, Syma i wiele innych, a tak\u017ce kursy i licencje na operatora drona.\" \/>\n<meta name=\"robots\" content=\"index, follow, max-snippet:-1, max-image-preview:large, max-video-preview:-1\" \/>\n<link rel=\"canonical\" href=\"https:\/\/ironsky.pl\/sklep\/produkt\/baterie-alkaliczne-deli-aaa-lr03-42-szt\/\" \/>\n<meta property=\"og:locale\" content=\"pl_PL\" \/>\n<meta property=\"og:type\" content=\"article\" \/>\n<meta property=\"og:title\" content=\"Baterie alkaliczne Deli AAA LR03 4+2 szt - IRONSKY.PL Sklep z Dronami\" \/>\n<meta property=\"og:description\" content=\"Baterie alkaliczne Deli AAA LR03 4+2 szt - \u2705 sklep z dronami i fachowym doradztwem. \u2705 Tutaj kupisz produkty DJI, Yuneec, Parrot, Syma i wiele innych, a tak\u017ce kursy i licencje na operatora drona.\" \/>\n<meta property=\"og:url\" content=\"https:\/\/ironsky.pl\/sklep\/produkt\/baterie-alkaliczne-deli-aaa-lr03-42-szt\/\" \/>\n<meta property=\"og:site_name\" content=\"IRONSKY.PL Sklep z Dronami\" \/>\n<meta property=\"article:modified_time\" content=\"2026-03-05T14:53:32+00:00\" \/>\n<meta property=\"og:image\" content=\"https:\/\/ironsky.pl\/sklep\/wp-content\/uploads\/2024\/09\/23235_5.jpg\" \/>\n\t<meta property=\"og:image:width\" content=\"800\" \/>\n\t<meta property=\"og:image:height\" content=\"800\" \/>\n\t<meta property=\"og:image:type\" content=\"image\/jpeg\" \/>\n<meta name=\"twitter:card\" content=\"summary_large_image\" \/>\n<meta name=\"twitter:label1\" content=\"Szacowany czas czytania\" \/>\n\t<meta name=\"twitter:data1\" content=\"1 minuta\" \/>\n<script type=\"application\/ld+json\" class=\"yoast-schema-graph\">{\"@context\":\"https:\/\/schema.org\",\"@graph\":[{\"@type\":\"WebPage\",\"@id\":\"https:\/\/ironsky.pl\/sklep\/produkt\/baterie-alkaliczne-deli-aaa-lr03-42-szt\/\",\"url\":\"https:\/\/ironsky.pl\/sklep\/produkt\/baterie-alkaliczne-deli-aaa-lr03-42-szt\/\",\"name\":\"Baterie alkaliczne Deli AAA LR03 4+2 szt - IRONSKY.PL Sklep z Dronami\",\"isPartOf\":{\"@id\":\"https:\/\/ironsky.pl\/sklep\/#website\"},\"primaryImageOfPage\":{\"@id\":\"https:\/\/ironsky.pl\/sklep\/produkt\/baterie-alkaliczne-deli-aaa-lr03-42-szt\/#primaryimage\"},\"image\":{\"@id\":\"https:\/\/ironsky.pl\/sklep\/produkt\/baterie-alkaliczne-deli-aaa-lr03-42-szt\/#primaryimage\"},\"thumbnailUrl\":\"https:\/\/ironsky.pl\/sklep\/wp-content\/uploads\/2024\/09\/23235_5.jpg\",\"datePublished\":\"2024-09-16T18:32:04+00:00\",\"dateModified\":\"2026-03-05T14:53:32+00:00\",\"description\":\"Baterie alkaliczne Deli AAA LR03 4+2 szt - \u2705 sklep z dronami i fachowym doradztwem. \u2705 Tutaj kupisz produkty DJI, Yuneec, Parrot, Syma i wiele innych, a tak\u017ce kursy i licencje na operatora drona.\",\"breadcrumb\":{\"@id\":\"https:\/\/ironsky.pl\/sklep\/produkt\/baterie-alkaliczne-deli-aaa-lr03-42-szt\/#breadcrumb\"},\"inLanguage\":\"pl-PL\",\"potentialAction\":[{\"@type\":\"ReadAction\",\"target\":[\"https:\/\/ironsky.pl\/sklep\/produkt\/baterie-alkaliczne-deli-aaa-lr03-42-szt\/\"]}]},{\"@type\":\"ImageObject\",\"inLanguage\":\"pl-PL\",\"@id\":\"https:\/\/ironsky.pl\/sklep\/produkt\/baterie-alkaliczne-deli-aaa-lr03-42-szt\/#primaryimage\",\"url\":\"https:\/\/ironsky.pl\/sklep\/wp-content\/uploads\/2024\/09\/23235_5.jpg\",\"contentUrl\":\"https:\/\/ironsky.pl\/sklep\/wp-content\/uploads\/2024\/09\/23235_5.jpg\",\"width\":800,\"height\":800},{\"@type\":\"BreadcrumbList\",\"@id\":\"https:\/\/ironsky.pl\/sklep\/produkt\/baterie-alkaliczne-deli-aaa-lr03-42-szt\/#breadcrumb\",\"itemListElement\":[{\"@type\":\"ListItem\",\"position\":1,\"name\":\"Strona g\u0142\u00f3wna\",\"item\":\"https:\/\/ironsky.pl\/sklep\/\"},{\"@type\":\"ListItem\",\"position\":2,\"name\":\"Wszystkie produkty\",\"item\":\"https:\/\/ironsky.pl\/sklep\/produkty\/\"},{\"@type\":\"ListItem\",\"position\":3,\"name\":\"Baterie alkaliczne Deli AAA LR03 4+2 szt\"}]},{\"@type\":\"WebSite\",\"@id\":\"https:\/\/ironsky.pl\/sklep\/#website\",\"url\":\"https:\/\/ironsky.pl\/sklep\/\",\"name\":\"IRONSKY.PL Sklep z Dronami\",\"description\":\"IRONSKY.PL Sklep z Dronami\",\"potentialAction\":[{\"@type\":\"SearchAction\",\"target\":{\"@type\":\"EntryPoint\",\"urlTemplate\":\"https:\/\/ironsky.pl\/sklep\/?s={search_term_string}\"},\"query-input\":{\"@type\":\"PropertyValueSpecification\",\"valueRequired\":true,\"valueName\":\"search_term_string\"}}],\"inLanguage\":\"pl-PL\"}]}<\/script>\n<!-- \/ Yoast SEO plugin. -->","yoast_head_json":{"title":"Baterie alkaliczne Deli AAA LR03 4+2 szt - IRONSKY.PL Sklep z Dronami","description":"Baterie alkaliczne Deli AAA LR03 4+2 szt - \u2705 sklep z dronami i fachowym doradztwem. \u2705 Tutaj kupisz produkty DJI, Yuneec, Parrot, Syma i wiele innych, a tak\u017ce kursy i licencje na operatora drona.","robots":{"index":"index","follow":"follow","max-snippet":"max-snippet:-1","max-image-preview":"max-image-preview:large","max-video-preview":"max-video-preview:-1"},"canonical":"https:\/\/ironsky.pl\/sklep\/produkt\/baterie-alkaliczne-deli-aaa-lr03-42-szt\/","og_locale":"pl_PL","og_type":"article","og_title":"Baterie alkaliczne Deli AAA LR03 4+2 szt - IRONSKY.PL Sklep z Dronami","og_description":"Baterie alkaliczne Deli AAA LR03 4+2 szt - \u2705 sklep z dronami i fachowym doradztwem. \u2705 Tutaj kupisz produkty DJI, Yuneec, Parrot, Syma i wiele innych, a tak\u017ce kursy i licencje na operatora drona.","og_url":"https:\/\/ironsky.pl\/sklep\/produkt\/baterie-alkaliczne-deli-aaa-lr03-42-szt\/","og_site_name":"IRONSKY.PL Sklep z Dronami","article_modified_time":"2026-03-05T14:53:32+00:00","og_image":[{"width":800,"height":800,"url":"https:\/\/ironsky.pl\/sklep\/wp-content\/uploads\/2024\/09\/23235_5.jpg","type":"image\/jpeg"}],"twitter_card":"summary_large_image","twitter_misc":{"Szacowany czas czytania":"1 minuta"},"schema":{"@context":"https:\/\/schema.org","@graph":[{"@type":"WebPage","@id":"https:\/\/ironsky.pl\/sklep\/produkt\/baterie-alkaliczne-deli-aaa-lr03-42-szt\/","url":"https:\/\/ironsky.pl\/sklep\/produkt\/baterie-alkaliczne-deli-aaa-lr03-42-szt\/","name":"Baterie alkaliczne Deli AAA LR03 4+2 szt - IRONSKY.PL Sklep z Dronami","isPartOf":{"@id":"https:\/\/ironsky.pl\/sklep\/#website"},"primaryImageOfPage":{"@id":"https:\/\/ironsky.pl\/sklep\/produkt\/baterie-alkaliczne-deli-aaa-lr03-42-szt\/#primaryimage"},"image":{"@id":"https:\/\/ironsky.pl\/sklep\/produkt\/baterie-alkaliczne-deli-aaa-lr03-42-szt\/#primaryimage"},"thumbnailUrl":"https:\/\/ironsky.pl\/sklep\/wp-content\/uploads\/2024\/09\/23235_5.jpg","datePublished":"2024-09-16T18:32:04+00:00","dateModified":"2026-03-05T14:53:32+00:00","description":"Baterie alkaliczne Deli AAA LR03 4+2 szt - \u2705 sklep z dronami i fachowym doradztwem. \u2705 Tutaj kupisz produkty DJI, Yuneec, Parrot, Syma i wiele innych, a tak\u017ce kursy i licencje na operatora drona.","breadcrumb":{"@id":"https:\/\/ironsky.pl\/sklep\/produkt\/baterie-alkaliczne-deli-aaa-lr03-42-szt\/#breadcrumb"},"inLanguage":"pl-PL","potentialAction":[{"@type":"ReadAction","target":["https:\/\/ironsky.pl\/sklep\/produkt\/baterie-alkaliczne-deli-aaa-lr03-42-szt\/"]}]},{"@type":"ImageObject","inLanguage":"pl-PL","@id":"https:\/\/ironsky.pl\/sklep\/produkt\/baterie-alkaliczne-deli-aaa-lr03-42-szt\/#primaryimage","url":"https:\/\/ironsky.pl\/sklep\/wp-content\/uploads\/2024\/09\/23235_5.jpg","contentUrl":"https:\/\/ironsky.pl\/sklep\/wp-content\/uploads\/2024\/09\/23235_5.jpg","width":800,"height":800},{"@type":"BreadcrumbList","@id":"https:\/\/ironsky.pl\/sklep\/produkt\/baterie-alkaliczne-deli-aaa-lr03-42-szt\/#breadcrumb","itemListElement":[{"@type":"ListItem","position":1,"name":"Strona g\u0142\u00f3wna","item":"https:\/\/ironsky.pl\/sklep\/"},{"@type":"ListItem","position":2,"name":"Wszystkie produkty","item":"https:\/\/ironsky.pl\/sklep\/produkty\/"},{"@type":"ListItem","position":3,"name":"Baterie alkaliczne Deli AAA LR03 4+2 szt"}]},{"@type":"WebSite","@id":"https:\/\/ironsky.pl\/sklep\/#website","url":"https:\/\/ironsky.pl\/sklep\/","name":"IRONSKY.PL Sklep z Dronami","description":"IRONSKY.PL Sklep z Dronami","potentialAction":[{"@type":"SearchAction","target":{"@type":"EntryPoint","urlTemplate":"https:\/\/ironsky.pl\/sklep\/?s={search_term_string}"},"query-input":{"@type":"PropertyValueSpecification","valueRequired":true,"valueName":"search_term_string"}}],"inLanguage":"pl-PL"}]}},"_links":{"self":[{"href":"https:\/\/ironsky.pl\/sklep\/wp-json\/wp\/v2\/product\/28330","targetHints":{"allow":["GET"]}}],"collection":[{"href":"https:\/\/ironsky.pl\/sklep\/wp-json\/wp\/v2\/product"}],"about":[{"href":"https:\/\/ironsky.pl\/sklep\/wp-json\/wp\/v2\/types\/product"}],"replies":[{"embeddable":true,"href":"https:\/\/ironsky.pl\/sklep\/wp-json\/wp\/v2\/comments?post=28330"}],"wp:featuredmedia":[{"embeddable":true,"href":"https:\/\/ironsky.pl\/sklep\/wp-json\/wp\/v2\/media\/28331"}],"wp:attachment":[{"href":"https:\/\/ironsky.pl\/sklep\/wp-json\/wp\/v2\/media?parent=28330"}],"wp:term":[{"taxonomy":"product_brand","embeddable":true,"href":"https:\/\/ironsky.pl\/sklep\/wp-json\/wp\/v2\/product_brand?post=28330"},{"taxonomy":"product_cat","embeddable":true,"href":"https:\/\/ironsky.pl\/sklep\/wp-json\/wp\/v2\/product_cat?post=28330"},{"taxonomy":"product_tag","embeddable":true,"href":"https:\/\/ironsky.pl\/sklep\/wp-json\/wp\/v2\/product_tag?post=28330"}],"curies":[{"name":"wp","href":"https:\/\/api.w.org\/{rel}","templated":true}]}}