{"id":28036,"date":"2024-09-16T20:27:43","date_gmt":"2024-09-16T18:27:43","guid":{"rendered":"http:\/\/gvshalph.pro-linuxpl.com\/ironskyprodukty\/produkt\/silnik-hobbywing-xerun-v10-21-5t-black-g3r\/"},"modified":"2026-03-05T15:53:24","modified_gmt":"2026-03-05T14:53:24","slug":"silnik-hobbywing-xerun-v10-21-5t-black-g3r","status":"publish","type":"product","link":"https:\/\/ironsky.pl\/sklep\/produkt\/silnik-hobbywing-xerun-v10-21-5t-black-g3r\/","title":{"rendered":"Silnik Hobbywing XeRun V10-21.5T-black-G3R"},"content":{"rendered":"<h3>Silnik Hobbywing XeRun V10-21.5T-black-G3R<\/h3>\n<p>Bezszczotkowy silnik Hobbywing XeRun V10-21.5T-black-G3R cechuje si\u0119 lekk\u0105, wykonan\u0105 z najwy\u017cszej klasy materia\u0142\u00f3w konstrukcj\u0105. Oferuje r\u00f3wnie\u017c du\u017c\u0105 wydajno\u015b\u0107, dzi\u0119ki czemu zyskasz przewag\u0119 nad przeciwnikami. Jest przeznaczony dla modeli w skali 1:10.<\/p>\n<p><img decoding=\"async\" src=\"https:\/\/b2b.innpro.pl\/data\/include\/cms\/05Hobbywing\/XeRun-V10-21.5T-black-G3R\/1.jpg\"><\/p>\n<h3>Wydajno\u015b\u0107 przede wszystkim<\/h3>\n<p>Szereg usprawnie\u0144 pozwoli\u0142 na uzyskanie o 13,3% wi\u0119kszego momentu obrotowego wzgl\u0119dem wersji V10 G3 Stock. Silnik cechuje si\u0119 r\u00f3wnie\u017c o 6% wi\u0119ksz\u0105 sprawno\u015bci\u0105, dzi\u0119ki czemu umo\u017cliwia pozostawienie konkurencji daleko w tyle. Postaw na efektywno\u015b\u0107 i daj si\u0119 zaskoczy\u0107!<\/p>\n<p><img decoding=\"async\" src=\"https:\/\/b2b.innpro.pl\/data\/include\/cms\/05Hobbywing\/XeRun-V10-21.5T-black-G3R\/2.jpg\"><\/p>\n<h3>Niska waga<\/h3>\n<p>Co jeszcze wp\u0142ywa na topow\u0105 wydajno\u015b\u0107 silnika Hobbywing XeRun? Bardzo niska waga. Obci\u0105\u017cenie jedynie oko\u0142o 139 g to warto\u015b\u0107 o mniej wi\u0119cej 8,6% mniejsza wzgl\u0119dem popularnych modeli silnik\u00f3w. Gwarantuje to mo\u017cliwo\u015b\u0107 precyzyjnego roz\u0142o\u017cenia masy, co przek\u0142ada si\u0119 na jeszcze skuteczniejsz\u0105 kontrol\u0119 podczas jazdy.<\/p>\n<p><img decoding=\"async\" src=\"https:\/\/b2b.innpro.pl\/data\/include\/cms\/05Hobbywing\/XeRun-V10-21.5T-black-G3R\/7.jpg\"><\/p>\n<h3>Przemy\u015blana konstrukcja<\/h3>\n<p>Sk\u0142adana konstrukcja silnika zapewnia \u0142atwy dost\u0119p do ka\u017cdego z element\u00f3w, umo\u017cliwiaj\u0105c ich konserwacj\u0119. Dbaj\u0105c o sprz\u0119t, zagwarantujesz przed\u0142u\u017cenie jego \u017cywotno\u015bci i wydajno\u015bci. Urz\u0105dzenie powsta\u0142o z wysokiej jako\u015bci materia\u0142\u00f3w, kt\u00f3re niezwykle efektywnie odprowadzaj\u0105 ciep\u0142o. Dzi\u0119ki temu nie musisz obawia\u0107 si\u0119 przegrzania, nawet podczas d\u0142ugich sesji wy\u015bcigowych.<\/p>\n<p><img decoding=\"async\" src=\"https:\/\/b2b.innpro.pl\/data\/include\/cms\/05Hobbywing\/XeRun-V10-21.5T-black-G3R\/4.jpg\"><\/p>\n<div class=\"table-wrapper\">\n<table>\n<tbody>\n<tr>\n<th>Producent<\/th>\n<td>Hobbywing<\/td>\n<\/tr>\n<tr>\n<th>Model<\/th>\n<td>XeRun V10 G3R-21.5T<\/td>\n<\/tr>\n<tr>\n<th>Skala<\/th>\n<td>1:10<\/td>\n<\/tr>\n<tr>\n<th>Typ<\/th>\n<td>Bezszczotkowy<\/td>\n<\/tr>\n<tr>\n<th>Sensor<\/th>\n<td>Tak<\/td>\n<\/tr>\n<tr>\n<th>Warto\u015b\u0107 KV<\/th>\n<td>2300<\/td>\n<\/tr>\n<tr>\n<th>Ogniwo LiPo<\/th>\n<td>2-3S<\/td>\n<\/tr>\n<tr>\n<th>Pr\u0105d ja\u0142owy<\/th>\n<td>2.7 A<\/td>\n<\/tr>\n<tr>\n<th>D\u0142ugo\u015b\u0107<\/th>\n<td>3.17 (0.125in)<\/td>\n<\/tr>\n<tr>\n<th>Waga<\/th>\n<td>139 g<\/td>\n<\/tr>\n<tr>\n<th>\u0141o\u017cysko przednie<\/th>\n<td>D9*D4*t4<\/td>\n<\/tr>\n<tr>\n<th>\u0141o\u017cysko tylne<\/th>\n<td>D8*D3*t4<\/td>\n<\/tr>\n<tr>\n<th>Przeznaczenie<\/th>\n<td>1\/10th STOCK Class Racing &amp; Rock Crawler<\/td>\n<\/tr>\n<\/tbody>\n<\/table>\n<\/div>\n","protected":false},"excerpt":{"rendered":"<p>Silnik Hobbywing XeRun V10-21.5T-black-G3R Bezszczotkowy silnik Hobbywing XeRun V10-21.5T-black-G3R cechuje si\u0119 lekk\u0105, wykonan\u0105 z najwy\u017cszej klasy materia\u0142\u00f3w konstrukcj\u0105. Oferuje r\u00f3wnie\u017c<\/p>\n","protected":false},"featured_media":28037,"comment_status":"closed","ping_status":"open","template":"","meta":{"_acf_changed":false},"product_brand":[],"product_cat":[1169,1180,1185],"product_tag":[],"class_list":{"0":"post-28036","1":"product","2":"type-product","3":"status-publish","4":"has-post-thumbnail","6":"product_cat-modele-rc","7":"product_cat-napedy","8":"product_cat-silniki-elektryczne","9":"pa_box-height-1326","10":"pa_box-length-1536","11":"pa_box-width-1679","12":"pa_gross-weight-1600","13":"pa_net-weight-2014","14":"pa_typ-bezszczotkowe","16":"first","17":"outofstock","18":"taxable","19":"shipping-taxable","20":"purchasable","21":"product-type-simple"},"acf":[],"yoast_head":"<!-- This site is optimized with the Yoast SEO plugin v27.2 - https:\/\/yoast.com\/product\/yoast-seo-wordpress\/ -->\n<title>Silnik Hobbywing XeRun V10-21.5T-black-G3R - IRONSKY.PL Sklep z Dronami<\/title>\n<meta name=\"description\" content=\"Silnik Hobbywing XeRun V10-21.5T-black-G3R - \u2705 sklep z dronami i fachowym doradztwem. \u2705 Tutaj kupisz produkty DJI, Yuneec, Parrot, Syma i wiele innych, a tak\u017ce kursy i licencje na operatora drona.\" \/>\n<meta name=\"robots\" content=\"index, follow, max-snippet:-1, max-image-preview:large, max-video-preview:-1\" \/>\n<link rel=\"canonical\" href=\"https:\/\/ironsky.pl\/sklep\/produkt\/silnik-hobbywing-xerun-v10-21-5t-black-g3r\/\" \/>\n<meta property=\"og:locale\" content=\"pl_PL\" \/>\n<meta property=\"og:type\" content=\"article\" \/>\n<meta property=\"og:title\" content=\"Silnik Hobbywing XeRun V10-21.5T-black-G3R - IRONSKY.PL Sklep z Dronami\" \/>\n<meta property=\"og:description\" content=\"Silnik Hobbywing XeRun V10-21.5T-black-G3R - \u2705 sklep z dronami i fachowym doradztwem. \u2705 Tutaj kupisz produkty DJI, Yuneec, Parrot, Syma i wiele innych, a tak\u017ce kursy i licencje na operatora drona.\" \/>\n<meta property=\"og:url\" content=\"https:\/\/ironsky.pl\/sklep\/produkt\/silnik-hobbywing-xerun-v10-21-5t-black-g3r\/\" \/>\n<meta property=\"og:site_name\" content=\"IRONSKY.PL Sklep z Dronami\" \/>\n<meta property=\"article:modified_time\" content=\"2026-03-05T14:53:24+00:00\" \/>\n<meta property=\"og:image\" content=\"https:\/\/ironsky.pl\/sklep\/wp-content\/uploads\/2024\/09\/21732_1.jpg\" \/>\n\t<meta property=\"og:image:width\" content=\"800\" \/>\n\t<meta property=\"og:image:height\" content=\"800\" \/>\n\t<meta property=\"og:image:type\" content=\"image\/jpeg\" \/>\n<meta name=\"twitter:card\" content=\"summary_large_image\" \/>\n<meta name=\"twitter:label1\" content=\"Szacowany czas czytania\" \/>\n\t<meta name=\"twitter:data1\" content=\"1 minuta\" \/>\n<script type=\"application\/ld+json\" class=\"yoast-schema-graph\">{\"@context\":\"https:\/\/schema.org\",\"@graph\":[{\"@type\":\"WebPage\",\"@id\":\"https:\/\/ironsky.pl\/sklep\/produkt\/silnik-hobbywing-xerun-v10-21-5t-black-g3r\/\",\"url\":\"https:\/\/ironsky.pl\/sklep\/produkt\/silnik-hobbywing-xerun-v10-21-5t-black-g3r\/\",\"name\":\"Silnik Hobbywing XeRun V10-21.5T-black-G3R - IRONSKY.PL Sklep z Dronami\",\"isPartOf\":{\"@id\":\"https:\/\/ironsky.pl\/sklep\/#website\"},\"primaryImageOfPage\":{\"@id\":\"https:\/\/ironsky.pl\/sklep\/produkt\/silnik-hobbywing-xerun-v10-21-5t-black-g3r\/#primaryimage\"},\"image\":{\"@id\":\"https:\/\/ironsky.pl\/sklep\/produkt\/silnik-hobbywing-xerun-v10-21-5t-black-g3r\/#primaryimage\"},\"thumbnailUrl\":\"https:\/\/ironsky.pl\/sklep\/wp-content\/uploads\/2024\/09\/21732_1.jpg\",\"datePublished\":\"2024-09-16T18:27:43+00:00\",\"dateModified\":\"2026-03-05T14:53:24+00:00\",\"description\":\"Silnik Hobbywing XeRun V10-21.5T-black-G3R - \u2705 sklep z dronami i fachowym doradztwem. \u2705 Tutaj kupisz produkty DJI, Yuneec, Parrot, Syma i wiele innych, a tak\u017ce kursy i licencje na operatora drona.\",\"breadcrumb\":{\"@id\":\"https:\/\/ironsky.pl\/sklep\/produkt\/silnik-hobbywing-xerun-v10-21-5t-black-g3r\/#breadcrumb\"},\"inLanguage\":\"pl-PL\",\"potentialAction\":[{\"@type\":\"ReadAction\",\"target\":[\"https:\/\/ironsky.pl\/sklep\/produkt\/silnik-hobbywing-xerun-v10-21-5t-black-g3r\/\"]}]},{\"@type\":\"ImageObject\",\"inLanguage\":\"pl-PL\",\"@id\":\"https:\/\/ironsky.pl\/sklep\/produkt\/silnik-hobbywing-xerun-v10-21-5t-black-g3r\/#primaryimage\",\"url\":\"https:\/\/ironsky.pl\/sklep\/wp-content\/uploads\/2024\/09\/21732_1.jpg\",\"contentUrl\":\"https:\/\/ironsky.pl\/sklep\/wp-content\/uploads\/2024\/09\/21732_1.jpg\",\"width\":800,\"height\":800},{\"@type\":\"BreadcrumbList\",\"@id\":\"https:\/\/ironsky.pl\/sklep\/produkt\/silnik-hobbywing-xerun-v10-21-5t-black-g3r\/#breadcrumb\",\"itemListElement\":[{\"@type\":\"ListItem\",\"position\":1,\"name\":\"Strona g\u0142\u00f3wna\",\"item\":\"https:\/\/ironsky.pl\/sklep\/\"},{\"@type\":\"ListItem\",\"position\":2,\"name\":\"Wszystkie produkty\",\"item\":\"https:\/\/ironsky.pl\/sklep\/produkty\/\"},{\"@type\":\"ListItem\",\"position\":3,\"name\":\"Silnik Hobbywing XeRun V10-21.5T-black-G3R\"}]},{\"@type\":\"WebSite\",\"@id\":\"https:\/\/ironsky.pl\/sklep\/#website\",\"url\":\"https:\/\/ironsky.pl\/sklep\/\",\"name\":\"IRONSKY.PL Sklep z Dronami\",\"description\":\"IRONSKY.PL Sklep z Dronami\",\"potentialAction\":[{\"@type\":\"SearchAction\",\"target\":{\"@type\":\"EntryPoint\",\"urlTemplate\":\"https:\/\/ironsky.pl\/sklep\/?s={search_term_string}\"},\"query-input\":{\"@type\":\"PropertyValueSpecification\",\"valueRequired\":true,\"valueName\":\"search_term_string\"}}],\"inLanguage\":\"pl-PL\"}]}<\/script>\n<!-- \/ Yoast SEO plugin. -->","yoast_head_json":{"title":"Silnik Hobbywing XeRun V10-21.5T-black-G3R - IRONSKY.PL Sklep z Dronami","description":"Silnik Hobbywing XeRun V10-21.5T-black-G3R - \u2705 sklep z dronami i fachowym doradztwem. \u2705 Tutaj kupisz produkty DJI, Yuneec, Parrot, Syma i wiele innych, a tak\u017ce kursy i licencje na operatora drona.","robots":{"index":"index","follow":"follow","max-snippet":"max-snippet:-1","max-image-preview":"max-image-preview:large","max-video-preview":"max-video-preview:-1"},"canonical":"https:\/\/ironsky.pl\/sklep\/produkt\/silnik-hobbywing-xerun-v10-21-5t-black-g3r\/","og_locale":"pl_PL","og_type":"article","og_title":"Silnik Hobbywing XeRun V10-21.5T-black-G3R - IRONSKY.PL Sklep z Dronami","og_description":"Silnik Hobbywing XeRun V10-21.5T-black-G3R - \u2705 sklep z dronami i fachowym doradztwem. \u2705 Tutaj kupisz produkty DJI, Yuneec, Parrot, Syma i wiele innych, a tak\u017ce kursy i licencje na operatora drona.","og_url":"https:\/\/ironsky.pl\/sklep\/produkt\/silnik-hobbywing-xerun-v10-21-5t-black-g3r\/","og_site_name":"IRONSKY.PL Sklep z Dronami","article_modified_time":"2026-03-05T14:53:24+00:00","og_image":[{"width":800,"height":800,"url":"https:\/\/ironsky.pl\/sklep\/wp-content\/uploads\/2024\/09\/21732_1.jpg","type":"image\/jpeg"}],"twitter_card":"summary_large_image","twitter_misc":{"Szacowany czas czytania":"1 minuta"},"schema":{"@context":"https:\/\/schema.org","@graph":[{"@type":"WebPage","@id":"https:\/\/ironsky.pl\/sklep\/produkt\/silnik-hobbywing-xerun-v10-21-5t-black-g3r\/","url":"https:\/\/ironsky.pl\/sklep\/produkt\/silnik-hobbywing-xerun-v10-21-5t-black-g3r\/","name":"Silnik Hobbywing XeRun V10-21.5T-black-G3R - IRONSKY.PL Sklep z Dronami","isPartOf":{"@id":"https:\/\/ironsky.pl\/sklep\/#website"},"primaryImageOfPage":{"@id":"https:\/\/ironsky.pl\/sklep\/produkt\/silnik-hobbywing-xerun-v10-21-5t-black-g3r\/#primaryimage"},"image":{"@id":"https:\/\/ironsky.pl\/sklep\/produkt\/silnik-hobbywing-xerun-v10-21-5t-black-g3r\/#primaryimage"},"thumbnailUrl":"https:\/\/ironsky.pl\/sklep\/wp-content\/uploads\/2024\/09\/21732_1.jpg","datePublished":"2024-09-16T18:27:43+00:00","dateModified":"2026-03-05T14:53:24+00:00","description":"Silnik Hobbywing XeRun V10-21.5T-black-G3R - \u2705 sklep z dronami i fachowym doradztwem. \u2705 Tutaj kupisz produkty DJI, Yuneec, Parrot, Syma i wiele innych, a tak\u017ce kursy i licencje na operatora drona.","breadcrumb":{"@id":"https:\/\/ironsky.pl\/sklep\/produkt\/silnik-hobbywing-xerun-v10-21-5t-black-g3r\/#breadcrumb"},"inLanguage":"pl-PL","potentialAction":[{"@type":"ReadAction","target":["https:\/\/ironsky.pl\/sklep\/produkt\/silnik-hobbywing-xerun-v10-21-5t-black-g3r\/"]}]},{"@type":"ImageObject","inLanguage":"pl-PL","@id":"https:\/\/ironsky.pl\/sklep\/produkt\/silnik-hobbywing-xerun-v10-21-5t-black-g3r\/#primaryimage","url":"https:\/\/ironsky.pl\/sklep\/wp-content\/uploads\/2024\/09\/21732_1.jpg","contentUrl":"https:\/\/ironsky.pl\/sklep\/wp-content\/uploads\/2024\/09\/21732_1.jpg","width":800,"height":800},{"@type":"BreadcrumbList","@id":"https:\/\/ironsky.pl\/sklep\/produkt\/silnik-hobbywing-xerun-v10-21-5t-black-g3r\/#breadcrumb","itemListElement":[{"@type":"ListItem","position":1,"name":"Strona g\u0142\u00f3wna","item":"https:\/\/ironsky.pl\/sklep\/"},{"@type":"ListItem","position":2,"name":"Wszystkie produkty","item":"https:\/\/ironsky.pl\/sklep\/produkty\/"},{"@type":"ListItem","position":3,"name":"Silnik Hobbywing XeRun V10-21.5T-black-G3R"}]},{"@type":"WebSite","@id":"https:\/\/ironsky.pl\/sklep\/#website","url":"https:\/\/ironsky.pl\/sklep\/","name":"IRONSKY.PL Sklep z Dronami","description":"IRONSKY.PL Sklep z Dronami","potentialAction":[{"@type":"SearchAction","target":{"@type":"EntryPoint","urlTemplate":"https:\/\/ironsky.pl\/sklep\/?s={search_term_string}"},"query-input":{"@type":"PropertyValueSpecification","valueRequired":true,"valueName":"search_term_string"}}],"inLanguage":"pl-PL"}]}},"_links":{"self":[{"href":"https:\/\/ironsky.pl\/sklep\/wp-json\/wp\/v2\/product\/28036","targetHints":{"allow":["GET"]}}],"collection":[{"href":"https:\/\/ironsky.pl\/sklep\/wp-json\/wp\/v2\/product"}],"about":[{"href":"https:\/\/ironsky.pl\/sklep\/wp-json\/wp\/v2\/types\/product"}],"replies":[{"embeddable":true,"href":"https:\/\/ironsky.pl\/sklep\/wp-json\/wp\/v2\/comments?post=28036"}],"wp:featuredmedia":[{"embeddable":true,"href":"https:\/\/ironsky.pl\/sklep\/wp-json\/wp\/v2\/media\/28037"}],"wp:attachment":[{"href":"https:\/\/ironsky.pl\/sklep\/wp-json\/wp\/v2\/media?parent=28036"}],"wp:term":[{"taxonomy":"product_brand","embeddable":true,"href":"https:\/\/ironsky.pl\/sklep\/wp-json\/wp\/v2\/product_brand?post=28036"},{"taxonomy":"product_cat","embeddable":true,"href":"https:\/\/ironsky.pl\/sklep\/wp-json\/wp\/v2\/product_cat?post=28036"},{"taxonomy":"product_tag","embeddable":true,"href":"https:\/\/ironsky.pl\/sklep\/wp-json\/wp\/v2\/product_tag?post=28036"}],"curies":[{"name":"wp","href":"https:\/\/api.w.org\/{rel}","templated":true}]}}