{"id":27927,"date":"2024-09-16T20:25:38","date_gmt":"2024-09-16T18:25:38","guid":{"rendered":"http:\/\/gvshalph.pro-linuxpl.com\/ironskyprodukty\/produkt\/modul-programujacy-esc-hobbywing-bluetooth-ota\/"},"modified":"2026-03-05T15:53:22","modified_gmt":"2026-03-05T14:53:22","slug":"modul-programujacy-esc-hobbywing-bluetooth-ota","status":"publish","type":"product","link":"https:\/\/ironsky.pl\/sklep\/produkt\/modul-programujacy-esc-hobbywing-bluetooth-ota\/","title":{"rendered":"Modu\u0142 programuj\u0105cy ESC Hobbywing Bluetooth OTA"},"content":{"rendered":"<div class=\"table-wrapper\">\n<h3 style=\"text-align: center;\">Modu\u0142 programuj\u0105cy OTA Hobbywing HW30850400<\/h3>\n<p style=\"text-align: justify;\">Modu\u0142 programuj\u0105cy OTA marki Hobbywing umo\u017cliwia wygodn\u0105 regulacj\u0119 parametr\u00f3w Twojego ESC i zapewnia dost\u0119p do danych zwi\u0105zanych z jego prac\u0105 w czasie rzeczywistym. Bezprzewodowo \u0142\u0105czy si\u0119 ze smartfonem za pomoc\u0105 Bluetooth. Dedykowana aplikacja HW Link jest przyjazna u\u017cytkownikom i sprawia, \u017ce korzystanie z urz\u0105dzenia okazuje si\u0119 niezwykle proste. Modu\u0142 jest przy tym lekki i por\u0119czny. Wyr\u00f3\u017cnia go tak\u017ce szeroka kompatybilno\u015b\u0107 z r\u00f3\u017cnego rodzaju regulatorami bezszczotkowymi.<\/p>\n<p style=\"text-align: justify;\"><img decoding=\"async\" src=\"https:\/\/rcpro.pl\/data\/include\/cms\/05Hobbywing\/OTA-Programmer-HW30850400\/7.jpg?v=1626953464782\" border=\"0\" alt=\"\" width=\"1101\" height=\"700\" \/><\/p>\n<p style=\"text-align: justify;\">\u00a0<\/p>\n<h3 style=\"text-align: center;\">Odkryj mo\u017cliwo\u015bci, jakie daje aplikacja HW Link<\/h3>\n<p style=\"text-align: justify;\">Za pomoc\u0105 modu\u0142u programuj\u0105cego Hobbywing z \u0142atwo\u015bci\u0105 po\u0142\u0105czysz sw\u00f3j regulator ze smartfonem bezprzewodowo. Aby zyska\u0107 dost\u0119p do wszystkich przydatnych funkcji urz\u0105dze\u0144, zainstaluj najnowsz\u0105 wersj\u0119 aplikacji HW Link. Intuicyjny interfejs umo\u017cliwia prost\u0105 i wygodn\u0105 regulacj\u0119 parametr\u00f3w. Teraz Tw\u00f3j ESC mo\u017ce pracowa\u0107 dok\u0142adnie tak, jak chcesz!<\/p>\n<p style=\"text-align: justify;\"><img decoding=\"async\" src=\"https:\/\/rcpro.pl\/data\/include\/cms\/05Hobbywing\/OTA-Programmer-HW30850400\/6.jpg?v=1626953464782\" border=\"0\" alt=\"\" width=\"1101\" height=\"701\" \/><\/p>\n<p style=\"text-align: justify;\">\u00a0<\/p>\n<h3 style=\"text-align: center;\">Funkcja zapisu danych w czasie rzeczywistym<\/h3>\n<p style=\"text-align: justify;\">To nie koniec Twoich mo\u017cliwo\u015bci! Modu\u0142 programuj\u0105cy OTA w czasie rzeczywistym zapisuje dane dotycz\u0105ce statusu systemu zasilania i przechowuje je w swojej pami\u0119ci. Aby zyska\u0107 do nich dost\u0119p, po prostu uruchom aplikacj\u0119 HW Link. Zasi\u0119g dzia\u0142ania urz\u0105dzenia wynosi do 5 m &#8211; to wystarczaj\u0105co du\u017co, aby zapewni\u0107 Ci wymarzon\u0105 swobod\u0119. Uwaga: aby korzysta\u0107 z zapisu danych w czasie rzeczywistym, stosuj regulator, kt\u00f3ry obs\u0142uguje t\u0119 funkcj\u0119.<\/p>\n<p style=\"text-align: justify;\"><img decoding=\"async\" src=\"https:\/\/rcpro.pl\/data\/include\/cms\/05Hobbywing\/OTA-Programmer-HW30850400\/5.jpg?v=1626953464782\" border=\"0\" alt=\"\" width=\"1101\" height=\"701\" \/><\/p>\n<p style=\"text-align: justify;\">\u00a0<\/p>\n<h3 style=\"text-align: center;\">Prostsze i szybsze aktualizacje oprogramowania ESC<\/h3>\n<p style=\"text-align: justify;\">Ju\u017c nie musisz pod\u0142\u0105cza\u0107 swoich urz\u0105dze\u0144 do komputera, aby zaktualizowa\u0107 oprogramowanie. Modu\u0142 programuj\u0105cy Hobbywing umo\u017cliwia przeprowadzanie aktualizacji ESC z poziomu aplikacji HW Link. Wystarczy, \u017ce si\u0119gniesz po telefon! Dzi\u0119ki temu jeszcze \u0142atwiej pobierzesz najnowsz\u0105 wersj\u0119 oprogramowania i zaoszcz\u0119dzisz czas.<\/p>\n<p style=\"text-align: justify;\"><img decoding=\"async\" src=\"https:\/\/rcpro.pl\/data\/include\/cms\/05Hobbywing\/OTA-Programmer-HW30850400\/4.jpg?v=1626953464782\" border=\"0\" alt=\"\" width=\"1101\" height=\"700\" \/><\/p>\n<p style=\"text-align: justify;\">\u00a0<\/p>\n<h3 style=\"text-align: center;\">Bezproblemowe po\u0142\u0105czenie Bluetooth<\/h3>\n<p style=\"text-align: justify;\">Modu\u0142 programuj\u0105cy OTA \u0142\u0105czy si\u0119 z telefonem za pomoc\u0105 Bluetooth. To oznacza, \u017ce nie zaburza dzia\u0142ania Wi-Fi lub danych kom\u00f3rkowych. Nie wp\u0142ywa te\u017c na wymagania sieciowe innych aplikacji. Podczas stosowania modu\u0142u programuj\u0105cego marki Hobbywing mo\u017cesz wi\u0119c bez przeszk\u00f3d u\u017cywa\u0107 smartfona i korzysta\u0107 z Internetu.<\/p>\n<p style=\"text-align: justify;\"><img decoding=\"async\" src=\"https:\/\/rcpro.pl\/data\/include\/cms\/05Hobbywing\/OTA-Programmer-HW30850400\/3.jpg?v=1626953464782\" border=\"0\" alt=\"\" width=\"1101\" height=\"700\" \/><\/p>\n<p style=\"text-align: justify;\">\u00a0<\/p>\n<h3 style=\"text-align: center;\">Lekki, przeno\u015bny, praktyczny<\/h3>\n<p style=\"text-align: justify;\">Urz\u0105dzenie zosta\u0142o zaprojektowane w taki spos\u00f3b, aby zapewni\u0107 Ci maksymaln\u0105 wygod\u0119 u\u017cytkowania. Lekkie i por\u0119czne &#8211; jego przechowywanie i transport nie sprawi\u0105 Ci problemu. Z \u0142atwo\u015bci\u0105 zmie\u015bcisz je w torbie lub plecaku i zabierzesz wsz\u0119dzie, gdzie b\u0119dzie Ci potrzebne. Modu\u0142 zosta\u0142 te\u017c wyposa\u017cony w niewielki przycisk RESET, za pomoc\u0105 kt\u00f3rego szybko przywr\u00f3cisz ustawienia fabryczne.<\/p>\n<p style=\"text-align: justify;\"><img decoding=\"async\" src=\"https:\/\/rcpro.pl\/data\/include\/cms\/05Hobbywing\/OTA-Programmer-HW30850400\/1.jpg?v=1626953464782\" border=\"0\" alt=\"\" width=\"1101\" height=\"700\" \/><\/p>\n<p style=\"text-align: justify;\">\u00a0<\/p>\n<h3 style=\"text-align: center;\">Szeroka kompatybilno\u015b\u0107 &#8211; wiele mo\u017cliwych zastosowa\u0144<\/h3>\n<p style=\"text-align: justify;\">Produkt wyr\u00f3\u017cnia si\u0119 szerok\u0105 kompatybilno\u015bci\u0105, dzi\u0119ki czemu daje Ci mn\u00f3stwo mo\u017cliwo\u015bci zastosowania. Doskonale wsp\u00f3\u0142pracuje z wybranymi modelami bezszczotkowych ESC z serii XERUN, EZRUN, PLATINUM i SEAKING. Aby upewni\u0107 si\u0119, czy okre\u015blony regulator obs\u0142uguje modu\u0142 programuj\u0105cy OTA, sprawd\u017a jego parametry techniczne, kt\u00f3re znajdziesz w instrukcji u\u017cytkownika lub na oficjalnej stronie producenta.<\/p>\n<p><img decoding=\"async\" src=\"https:\/\/rcpro.pl\/data\/include\/cms\/05Hobbywing\/OTA-Programmer-HW30850400\/2.jpg?v=1626953464782\" border=\"0\" alt=\"\" width=\"1101\" height=\"700\" \/><\/p>\n<p>\u00a0<\/p>\n<h3>Specyfikacja<\/h3>\n<p>\u00a0<\/p>\n<table>\n<tbody>\n<tr>\n<th>Producent<\/th>\n<td>Hobbywing<\/td>\n<\/tr>\n<tr>\n<th>Nazwa<\/th>\n<td>OTA Programmer<\/td>\n<\/tr>\n<tr>\n<th>Model<\/th>\n<td>HW30850400<\/td>\n<\/tr>\n<tr>\n<th>Napi\u0119cie robocze<\/th>\n<td>5-12,6 V<\/td>\n<\/tr>\n<tr>\n<th>Obs\u0142ugiwana wersja Bluetooth<\/th>\n<td>\u22654.0<\/td>\n<\/tr>\n<tr>\n<th>Zasi\u0119g<\/th>\n<td>0-5 m (otwarta przestrze\u0144)<\/td>\n<\/tr>\n<tr>\n<th>Wymiary<\/th>\n<td>30 x 25,5 x 8,5 mm<\/td>\n<\/tr>\n<tr>\n<th>Waga<\/th>\n<td>10,2 g<\/td>\n<\/tr>\n<tr>\n<th>Kompatybilno\u015b\u0107<\/th>\n<td>Wybrane modele ESC z serii XERUN, EZRUN, PLATINUM i SEAKING<\/td>\n<\/tr>\n<\/tbody>\n<\/table>\n<p>\u00a0<\/p>\n<p>\u00a0<\/p>\n<\/div>\n<style type=\"text\/css\"><!--\n.table-wrapper{width:100%;overflow-x:auto}.table-wrapper>table{border-spacing:0}.table-wrapper>table>tbody>tr>td,.table-wrapper>table>tbody>tr>th{padding:10px 35px;text-align:left}.table-wrapper>table>tbody>tr>th{vertical-align:top}.table-wrapper>table>tbody>tr:nth-child(even){background-color:#f7f7f7}\n--><\/style>\n","protected":false},"excerpt":{"rendered":"<p>Modu\u0142 programuj\u0105cy OTA Hobbywing HW30850400 Modu\u0142 programuj\u0105cy OTA marki Hobbywing umo\u017cliwia wygodn\u0105 regulacj\u0119 parametr\u00f3w Twojego ESC i zapewnia dost\u0119p do<\/p>\n","protected":false},"featured_media":27928,"comment_status":"closed","ping_status":"open","template":"","meta":{"_acf_changed":false},"product_brand":[],"product_cat":[1186,1169,1180],"product_tag":[],"class_list":{"0":"post-27927","1":"product","2":"type-product","3":"status-publish","4":"has-post-thumbnail","6":"product_cat-karty-programujace","7":"product_cat-modele-rc","8":"product_cat-napedy","9":"pa_box-height-1486","10":"pa_box-length-1376","11":"pa_box-width-1408","12":"pa_gross-weight-2744","13":"pa_net-weight-1533","15":"first","16":"outofstock","17":"taxable","18":"shipping-taxable","19":"purchasable","20":"product-type-simple"},"acf":[],"yoast_head":"<!-- This site is optimized with the Yoast SEO plugin v27.2 - https:\/\/yoast.com\/product\/yoast-seo-wordpress\/ -->\n<title>Modu\u0142 programuj\u0105cy ESC Hobbywing Bluetooth OTA - IRONSKY.PL Sklep z Dronami<\/title>\n<meta name=\"description\" content=\"Modu\u0142 programuj\u0105cy ESC Hobbywing Bluetooth OTA - \u2705 sklep z dronami i fachowym doradztwem. \u2705 Tutaj kupisz produkty DJI, Yuneec, Parrot, Syma i wiele innych, a tak\u017ce kursy i licencje na operatora drona.\" \/>\n<meta name=\"robots\" content=\"index, follow, max-snippet:-1, max-image-preview:large, max-video-preview:-1\" \/>\n<link rel=\"canonical\" href=\"https:\/\/ironsky.pl\/sklep\/produkt\/modul-programujacy-esc-hobbywing-bluetooth-ota\/\" \/>\n<meta property=\"og:locale\" content=\"pl_PL\" \/>\n<meta property=\"og:type\" content=\"article\" \/>\n<meta property=\"og:title\" content=\"Modu\u0142 programuj\u0105cy ESC Hobbywing Bluetooth OTA - IRONSKY.PL Sklep z Dronami\" \/>\n<meta property=\"og:description\" content=\"Modu\u0142 programuj\u0105cy ESC Hobbywing Bluetooth OTA - \u2705 sklep z dronami i fachowym doradztwem. \u2705 Tutaj kupisz produkty DJI, Yuneec, Parrot, Syma i wiele innych, a tak\u017ce kursy i licencje na operatora drona.\" \/>\n<meta property=\"og:url\" content=\"https:\/\/ironsky.pl\/sklep\/produkt\/modul-programujacy-esc-hobbywing-bluetooth-ota\/\" \/>\n<meta property=\"og:site_name\" content=\"IRONSKY.PL Sklep z Dronami\" \/>\n<meta property=\"article:modified_time\" content=\"2026-03-05T14:53:22+00:00\" \/>\n<meta property=\"og:image\" content=\"https:\/\/ironsky.pl\/sklep\/wp-content\/uploads\/2024\/09\/21244_1.jpg\" \/>\n\t<meta property=\"og:image:width\" content=\"1200\" \/>\n\t<meta property=\"og:image:height\" content=\"800\" \/>\n\t<meta property=\"og:image:type\" content=\"image\/jpeg\" \/>\n<meta name=\"twitter:card\" content=\"summary_large_image\" \/>\n<meta name=\"twitter:label1\" content=\"Szacowany czas czytania\" \/>\n\t<meta name=\"twitter:data1\" content=\"3 minuty\" \/>\n<script type=\"application\/ld+json\" class=\"yoast-schema-graph\">{\"@context\":\"https:\/\/schema.org\",\"@graph\":[{\"@type\":\"WebPage\",\"@id\":\"https:\/\/ironsky.pl\/sklep\/produkt\/modul-programujacy-esc-hobbywing-bluetooth-ota\/\",\"url\":\"https:\/\/ironsky.pl\/sklep\/produkt\/modul-programujacy-esc-hobbywing-bluetooth-ota\/\",\"name\":\"Modu\u0142 programuj\u0105cy ESC Hobbywing Bluetooth OTA - IRONSKY.PL Sklep z Dronami\",\"isPartOf\":{\"@id\":\"https:\/\/ironsky.pl\/sklep\/#website\"},\"primaryImageOfPage\":{\"@id\":\"https:\/\/ironsky.pl\/sklep\/produkt\/modul-programujacy-esc-hobbywing-bluetooth-ota\/#primaryimage\"},\"image\":{\"@id\":\"https:\/\/ironsky.pl\/sklep\/produkt\/modul-programujacy-esc-hobbywing-bluetooth-ota\/#primaryimage\"},\"thumbnailUrl\":\"https:\/\/ironsky.pl\/sklep\/wp-content\/uploads\/2024\/09\/21244_1.jpg\",\"datePublished\":\"2024-09-16T18:25:38+00:00\",\"dateModified\":\"2026-03-05T14:53:22+00:00\",\"description\":\"Modu\u0142 programuj\u0105cy ESC Hobbywing Bluetooth OTA - \u2705 sklep z dronami i fachowym doradztwem. \u2705 Tutaj kupisz produkty DJI, Yuneec, Parrot, Syma i wiele innych, a tak\u017ce kursy i licencje na operatora drona.\",\"breadcrumb\":{\"@id\":\"https:\/\/ironsky.pl\/sklep\/produkt\/modul-programujacy-esc-hobbywing-bluetooth-ota\/#breadcrumb\"},\"inLanguage\":\"pl-PL\",\"potentialAction\":[{\"@type\":\"ReadAction\",\"target\":[\"https:\/\/ironsky.pl\/sklep\/produkt\/modul-programujacy-esc-hobbywing-bluetooth-ota\/\"]}]},{\"@type\":\"ImageObject\",\"inLanguage\":\"pl-PL\",\"@id\":\"https:\/\/ironsky.pl\/sklep\/produkt\/modul-programujacy-esc-hobbywing-bluetooth-ota\/#primaryimage\",\"url\":\"https:\/\/ironsky.pl\/sklep\/wp-content\/uploads\/2024\/09\/21244_1.jpg\",\"contentUrl\":\"https:\/\/ironsky.pl\/sklep\/wp-content\/uploads\/2024\/09\/21244_1.jpg\",\"width\":1200,\"height\":800},{\"@type\":\"BreadcrumbList\",\"@id\":\"https:\/\/ironsky.pl\/sklep\/produkt\/modul-programujacy-esc-hobbywing-bluetooth-ota\/#breadcrumb\",\"itemListElement\":[{\"@type\":\"ListItem\",\"position\":1,\"name\":\"Strona g\u0142\u00f3wna\",\"item\":\"https:\/\/ironsky.pl\/sklep\/\"},{\"@type\":\"ListItem\",\"position\":2,\"name\":\"Wszystkie produkty\",\"item\":\"https:\/\/ironsky.pl\/sklep\/produkty\/\"},{\"@type\":\"ListItem\",\"position\":3,\"name\":\"Modu\u0142 programuj\u0105cy ESC Hobbywing Bluetooth OTA\"}]},{\"@type\":\"WebSite\",\"@id\":\"https:\/\/ironsky.pl\/sklep\/#website\",\"url\":\"https:\/\/ironsky.pl\/sklep\/\",\"name\":\"IRONSKY.PL Sklep z Dronami\",\"description\":\"IRONSKY.PL Sklep z Dronami\",\"potentialAction\":[{\"@type\":\"SearchAction\",\"target\":{\"@type\":\"EntryPoint\",\"urlTemplate\":\"https:\/\/ironsky.pl\/sklep\/?s={search_term_string}\"},\"query-input\":{\"@type\":\"PropertyValueSpecification\",\"valueRequired\":true,\"valueName\":\"search_term_string\"}}],\"inLanguage\":\"pl-PL\"}]}<\/script>\n<!-- \/ Yoast SEO plugin. -->","yoast_head_json":{"title":"Modu\u0142 programuj\u0105cy ESC Hobbywing Bluetooth OTA - IRONSKY.PL Sklep z Dronami","description":"Modu\u0142 programuj\u0105cy ESC Hobbywing Bluetooth OTA - \u2705 sklep z dronami i fachowym doradztwem. \u2705 Tutaj kupisz produkty DJI, Yuneec, Parrot, Syma i wiele innych, a tak\u017ce kursy i licencje na operatora drona.","robots":{"index":"index","follow":"follow","max-snippet":"max-snippet:-1","max-image-preview":"max-image-preview:large","max-video-preview":"max-video-preview:-1"},"canonical":"https:\/\/ironsky.pl\/sklep\/produkt\/modul-programujacy-esc-hobbywing-bluetooth-ota\/","og_locale":"pl_PL","og_type":"article","og_title":"Modu\u0142 programuj\u0105cy ESC Hobbywing Bluetooth OTA - IRONSKY.PL Sklep z Dronami","og_description":"Modu\u0142 programuj\u0105cy ESC Hobbywing Bluetooth OTA - \u2705 sklep z dronami i fachowym doradztwem. \u2705 Tutaj kupisz produkty DJI, Yuneec, Parrot, Syma i wiele innych, a tak\u017ce kursy i licencje na operatora drona.","og_url":"https:\/\/ironsky.pl\/sklep\/produkt\/modul-programujacy-esc-hobbywing-bluetooth-ota\/","og_site_name":"IRONSKY.PL Sklep z Dronami","article_modified_time":"2026-03-05T14:53:22+00:00","og_image":[{"width":1200,"height":800,"url":"https:\/\/ironsky.pl\/sklep\/wp-content\/uploads\/2024\/09\/21244_1.jpg","type":"image\/jpeg"}],"twitter_card":"summary_large_image","twitter_misc":{"Szacowany czas czytania":"3 minuty"},"schema":{"@context":"https:\/\/schema.org","@graph":[{"@type":"WebPage","@id":"https:\/\/ironsky.pl\/sklep\/produkt\/modul-programujacy-esc-hobbywing-bluetooth-ota\/","url":"https:\/\/ironsky.pl\/sklep\/produkt\/modul-programujacy-esc-hobbywing-bluetooth-ota\/","name":"Modu\u0142 programuj\u0105cy ESC Hobbywing Bluetooth OTA - IRONSKY.PL Sklep z Dronami","isPartOf":{"@id":"https:\/\/ironsky.pl\/sklep\/#website"},"primaryImageOfPage":{"@id":"https:\/\/ironsky.pl\/sklep\/produkt\/modul-programujacy-esc-hobbywing-bluetooth-ota\/#primaryimage"},"image":{"@id":"https:\/\/ironsky.pl\/sklep\/produkt\/modul-programujacy-esc-hobbywing-bluetooth-ota\/#primaryimage"},"thumbnailUrl":"https:\/\/ironsky.pl\/sklep\/wp-content\/uploads\/2024\/09\/21244_1.jpg","datePublished":"2024-09-16T18:25:38+00:00","dateModified":"2026-03-05T14:53:22+00:00","description":"Modu\u0142 programuj\u0105cy ESC Hobbywing Bluetooth OTA - \u2705 sklep z dronami i fachowym doradztwem. \u2705 Tutaj kupisz produkty DJI, Yuneec, Parrot, Syma i wiele innych, a tak\u017ce kursy i licencje na operatora drona.","breadcrumb":{"@id":"https:\/\/ironsky.pl\/sklep\/produkt\/modul-programujacy-esc-hobbywing-bluetooth-ota\/#breadcrumb"},"inLanguage":"pl-PL","potentialAction":[{"@type":"ReadAction","target":["https:\/\/ironsky.pl\/sklep\/produkt\/modul-programujacy-esc-hobbywing-bluetooth-ota\/"]}]},{"@type":"ImageObject","inLanguage":"pl-PL","@id":"https:\/\/ironsky.pl\/sklep\/produkt\/modul-programujacy-esc-hobbywing-bluetooth-ota\/#primaryimage","url":"https:\/\/ironsky.pl\/sklep\/wp-content\/uploads\/2024\/09\/21244_1.jpg","contentUrl":"https:\/\/ironsky.pl\/sklep\/wp-content\/uploads\/2024\/09\/21244_1.jpg","width":1200,"height":800},{"@type":"BreadcrumbList","@id":"https:\/\/ironsky.pl\/sklep\/produkt\/modul-programujacy-esc-hobbywing-bluetooth-ota\/#breadcrumb","itemListElement":[{"@type":"ListItem","position":1,"name":"Strona g\u0142\u00f3wna","item":"https:\/\/ironsky.pl\/sklep\/"},{"@type":"ListItem","position":2,"name":"Wszystkie produkty","item":"https:\/\/ironsky.pl\/sklep\/produkty\/"},{"@type":"ListItem","position":3,"name":"Modu\u0142 programuj\u0105cy ESC Hobbywing Bluetooth OTA"}]},{"@type":"WebSite","@id":"https:\/\/ironsky.pl\/sklep\/#website","url":"https:\/\/ironsky.pl\/sklep\/","name":"IRONSKY.PL Sklep z Dronami","description":"IRONSKY.PL Sklep z Dronami","potentialAction":[{"@type":"SearchAction","target":{"@type":"EntryPoint","urlTemplate":"https:\/\/ironsky.pl\/sklep\/?s={search_term_string}"},"query-input":{"@type":"PropertyValueSpecification","valueRequired":true,"valueName":"search_term_string"}}],"inLanguage":"pl-PL"}]}},"_links":{"self":[{"href":"https:\/\/ironsky.pl\/sklep\/wp-json\/wp\/v2\/product\/27927","targetHints":{"allow":["GET"]}}],"collection":[{"href":"https:\/\/ironsky.pl\/sklep\/wp-json\/wp\/v2\/product"}],"about":[{"href":"https:\/\/ironsky.pl\/sklep\/wp-json\/wp\/v2\/types\/product"}],"replies":[{"embeddable":true,"href":"https:\/\/ironsky.pl\/sklep\/wp-json\/wp\/v2\/comments?post=27927"}],"wp:featuredmedia":[{"embeddable":true,"href":"https:\/\/ironsky.pl\/sklep\/wp-json\/wp\/v2\/media\/27928"}],"wp:attachment":[{"href":"https:\/\/ironsky.pl\/sklep\/wp-json\/wp\/v2\/media?parent=27927"}],"wp:term":[{"taxonomy":"product_brand","embeddable":true,"href":"https:\/\/ironsky.pl\/sklep\/wp-json\/wp\/v2\/product_brand?post=27927"},{"taxonomy":"product_cat","embeddable":true,"href":"https:\/\/ironsky.pl\/sklep\/wp-json\/wp\/v2\/product_cat?post=27927"},{"taxonomy":"product_tag","embeddable":true,"href":"https:\/\/ironsky.pl\/sklep\/wp-json\/wp\/v2\/product_tag?post=27927"}],"curies":[{"name":"wp","href":"https:\/\/api.w.org\/{rel}","templated":true}]}}