{"id":27805,"date":"2024-09-16T20:22:08","date_gmt":"2024-09-16T18:22:08","guid":{"rendered":"http:\/\/gvshalph.pro-linuxpl.com\/ironskyprodukty\/produkt\/zestaw-napedowy-max5-ezrun-56113-800kv-czarny\/"},"modified":"2026-03-05T15:53:19","modified_gmt":"2026-03-05T14:53:19","slug":"zestaw-napedowy-max5-ezrun-56113-800kv-czarny","status":"publish","type":"product","link":"https:\/\/ironsky.pl\/sklep\/produkt\/zestaw-napedowy-max5-ezrun-56113-800kv-czarny\/","title":{"rendered":"Zestaw nap\u0119dowy MAX5 + EZRUN 56113 800KV &#8211; Czarny"},"content":{"rendered":"<div style=\"text-align: left;\" class=\"iai_top\">\n<div style=\"text-align: center;\" class=\"iai_top\">\n<div style=\"text-align: left;\" class=\"iai_top\"><\/div>\n<div style=\"text-align: left;\" class=\"iai_bottom\"><span style=\"font-size: 12pt;\"><span style=\"font-size: 12pt;\"><span style=\"color: #333333;\"><br \/><\/span><\/span><\/span><\/p>\n<hr \/>\n<\/div>\n<div style=\"text-align: center;\" class=\"iai_bottom\"><span style=\"font-size: 12pt;\"><span style=\"color: #333333;\"><span style=\"font-size: 14pt;\"><\/span><\/span><\/span><\/div>\n<div style=\"text-align: left;\" class=\"iai_bottom\"><span style=\"font-size: 12pt;\"><span style=\"color: #333333;\"><span style=\"font-size: 14pt;\"><strong>Specyfikacja<span>\u00a0<\/span><\/p>\n<p><\/strong><\/span><\/span><\/span><\/div>\n<div style=\"text-align: left;\" class=\"iai_bottom\">\n<table class=\"iai_table\" style=\"margin-left: auto; margin-right: auto; height: 400px;\" width=\"708\">\n<tbody>\n<tr>\n<td style=\"text-align: left;\"><span style=\"font-size: 12pt; color: #333333;\">Nazwa produktu<\/span><span style=\"font-size: 12pt; color: #333333;\"><\/span><\/td>\n<td style=\"text-align: left;\"><span style=\"color: #333333; font-size: 12pt;\"><\/span><span style=\"color: #333333; font-size: 12pt;\">EzRun MAX5<\/span><\/td>\n<\/tr>\n<tr>\n<td style=\"text-align: left;\"><span style=\"font-size: 12pt; color: #333333;\">Numer produktu<\/span><\/td>\n<td style=\"text-align: left;\"><span style=\"color: #333333; font-size: 12pt;\"><span>30104000<\/span><\/span><\/td>\n<\/tr>\n<tr>\n<td style=\"text-align: left;\"><span style=\"font-size: 12pt; color: #333333;\">Skala<br \/><\/span><\/td>\n<td style=\"text-align: left;\"><span style=\"color: #333333; font-size: 12pt;\">1:5<\/span><\/td>\n<\/tr>\n<tr>\n<td style=\"text-align: left;\"><span style=\"font-size: 12pt; color: #333333;\">Pr\u0105d ci\u0105g\u0142y \/ chwilowy<br \/><\/span><\/td>\n<td style=\"text-align: left;\"><span style=\"color: #333333; font-size: 12pt;\">200A\/1300A<\/span><\/td>\n<\/tr>\n<tr>\n<td style=\"text-align: left;\"><span style=\"font-size: 12pt; color: #333333;\">Zasilanie<span>\u00a0<\/span><br \/><\/span><\/td>\n<td style=\"text-align: left;\"><span style=\"color: #333333; font-size: 12pt;\">3-8S LiPo\/9-24 Cel NiMH<\/span><\/td>\n<\/tr>\n<tr>\n<td style=\"text-align: left;\"><span style=\"font-size: 12pt; color: #333333;\">Wyj\u015bcie BEC<br \/><\/span><\/td>\n<td style=\"text-align: left;\"><span style=\"color: #333333; font-size: 12pt;\">Prze\u0142\u0105cznik tryb\u00f3w: 6V\/7.4V,6A<\/span><\/td>\n<\/tr>\n<tr>\n<td style=\"text-align: left;\"><span style=\"font-size: 12pt; color: #333333;\">Kable wej\u015bcia<\/span><\/td>\n<td style=\"text-align: left;\"><span style=\"color: #333333; font-size: 12pt;\">Czarny -8AWG-200mm *1 \/ Czerwony &#8211; 8AWG-200mm *1<br \/><\/span><\/td>\n<\/tr>\n<tr>\n<td style=\"text-align: left;\"><span style=\"font-size: 12pt; color: #333333;\">Kable wyj\u015bcia<br \/><\/span><\/td>\n<td style=\"text-align: left;\"><span style=\"color: #333333; font-size: 12pt;\">Czarny- 10AWG-200mm *3<br \/><\/span><\/td>\n<\/tr>\n<tr>\n<td style=\"text-align: left;\"><span style=\"font-size: 12pt; color: #333333;\">Konektor wej\u015bcia<\/span><\/td>\n<td style=\"text-align: left;\"><span style=\"color: #333333; font-size: 12pt;\">Brak<br \/><\/span><\/td>\n<\/tr>\n<tr>\n<td style=\"text-align: left;\"><span style=\"font-size: 12pt; color: #333333;\">Konektor wyj\u015bcia<\/span><\/td>\n<td style=\"text-align: left;\"><span style=\"color: #333333; font-size: 12pt;\">6.5 mm z\u0142\u0105cza female z\u0142ote (przylutowane do PCB)<\/span><\/td>\n<\/tr>\n<tr>\n<td style=\"text-align: left;\"><span style=\"font-size: 12pt; color: #333333;\">Przycisk Set w ESC<br \/><\/span><\/td>\n<td style=\"text-align: left;\"><span style=\"color: #333333;\"><span style=\"font-size: 16px;\">Aktywny<\/span><\/span><\/td>\n<\/tr>\n<tr>\n<td style=\"text-align: left;\"><span style=\"font-size: 12pt; color: #333333;\">Led Program Box<\/span><\/td>\n<td style=\"text-align: left;\"><span style=\"color: #333333;\"><span style=\"font-size: 16px;\">Aktywny<\/span><\/span><\/td>\n<\/tr>\n<tr>\n<td style=\"text-align: left;\"><span style=\"font-size: 12pt; color: #333333;\">LCD Program box<br \/><\/span><\/td>\n<td style=\"text-align: left;\"><span style=\"color: #333333; font-size: 12pt;\">Aktywny<\/span><\/td>\n<\/tr>\n<tr>\n<td style=\"text-align: left;\"><span style=\"font-size: 12pt; color: #333333;\">Modu\u0142 Wifi<br \/><\/span><\/td>\n<td style=\"text-align: left;\"><span style=\"color: #333333; font-size: 12pt;\">Aktywny<\/span><\/td>\n<\/tr>\n<tr>\n<td style=\"text-align: left;\"><span style=\"font-size: 12pt; color: #333333;\">Port Programowania<br \/><\/span><\/td>\n<td style=\"text-align: left;\"><span style=\"color: #333333; font-size: 12pt;\">Program port<br \/><\/span><\/td>\n<\/tr>\n<tr>\n<td style=\"text-align: left;\"><span style=\"font-size: 12pt; color: #333333;\">Aktualizacja softu<br \/><\/span><\/td>\n<td style=\"text-align: left;\"><span style=\"color: #333333; font-size: 12pt;\">Aktywny<\/span><\/td>\n<\/tr>\n<tr>\n<td style=\"text-align: left;\"><span style=\"font-size: 12pt; color: #333333;\">Rozmiar<\/span><\/td>\n<td style=\"text-align: left;\"><span style=\"color: #333333; font-size: 12pt;\">93.4 x 58.1 x 47.8 mm<\/span><\/td>\n<\/tr>\n<tr>\n<td style=\"text-align: left;\"><span style=\"font-size: 12pt; color: #333333;\">Waga<\/span><\/td>\n<td style=\"text-align: left;\"><span style=\"font-size: 12pt; color: #333333;\">342 gram<br \/><\/span><\/td>\n<\/tr>\n<\/tbody>\n<\/table>\n<p><\/p>\n<div class=\"iai_top\"><\/div>\n<div class=\"iai_right\">\n<div style=\"text-align: center;\" class=\"iai_bottom\">\n<div style=\"text-align: center;\" class=\"iai_top\"><\/div>\n<div style=\"text-align: left;\" class=\"iai_bottom\">\n<hr \/>\n<p><span style=\"font-size: 12pt;\"><span style=\"font-size: 12pt;\"><span style=\"color: #333333;\"><span style=\"font-size: 14pt; color: #999999;\"><\/span><\/span><\/span><\/span><\/div>\n<div style=\"text-align: center;\" class=\"iai_bottom\"><span style=\"font-size: 12pt;\"><span style=\"font-size: 12pt;\"><span style=\"color: #333333;\"><span style=\"font-size: 14pt; color: #999999;\"><\/span><\/span><\/span><\/span><\/div>\n<div style=\"text-align: center;\" class=\"iai_bottom\"><\/div>\n<div style=\"text-align: center;\" class=\"iai_bottom\">\n<table class=\"table-specs\">\n<tbody>\n<tr>\n<th style=\"width: 400px;\"><span style=\"font-size: 10pt;\">Model:<\/span><\/th>\n<td style=\"width: 400px;\"><span style=\"font-size: 13.3333px;\">30402900<\/span><\/td>\n<\/tr>\n<tr style=\"background-color: #f7f7f7;\">\n<th><span style=\"font-size: 10pt;\">KV:<\/span><\/th>\n<td><span style=\"font-size: 13.3333px;\">800<\/span><\/td>\n<\/tr>\n<tr>\n<th><span style=\"font-size: 10pt;\">Zasilanie LiPo:<\/span><\/th>\n<td><span style=\"font-size: 13.3333px;\">3-8S<\/span><\/td>\n<\/tr>\n<tr>\n<th><span style=\"font-size: 10pt;\">Waga<\/span><\/th>\n<td><span style=\"font-size: 13.3333px;\">1210g<\/span><\/td>\n<\/tr>\n<tr style=\"background-color: #f7f7f7;\">\n<th><span style=\"font-size: 10pt;\">\u015arednica<\/span><\/th>\n<td><span style=\"font-size: 10pt;\">56 mm<\/span><\/td>\n<\/tr>\n<tr>\n<th><span style=\"font-size: 10pt;\"><span>D\u0142ugo\u015b\u0107<\/span><\/span><\/th>\n<td><span style=\"font-size: 10pt;\"><span>113 mm<\/span><\/span><\/td>\n<\/tr>\n<tr>\n<th><span style=\"font-size: 10pt;\"><span>\u015arednica wa\u0142u<\/span><\/span><\/th>\n<td><span style=\"font-size: 10pt;\"><span>8.0 mm<\/span><\/span><\/td>\n<\/tr>\n<tr style=\"background-color: #f7f7f7;\">\n<th><span style=\"font-size: 10pt;\"><span>Timing<\/span><\/span><\/th>\n<td><span style=\"font-size: 13.3333px;\">0<\/span><\/td>\n<\/tr>\n<\/tbody>\n<\/table>\n<p><span style=\"font-size: 12pt;\"><span style=\"font-size: 12pt;\"><span style=\"color: #333333;\"><span style=\"font-size: 14pt; color: #999999;\"><\/p>\n<p><\/span><\/span><\/span><\/span><\/div>\n<div style=\"text-align: center;\" class=\"iai_bottom\"><span style=\"font-size: 12pt;\"><span style=\"font-size: 12pt;\"><span style=\"color: #333333;\"><span style=\"font-size: 14pt; color: #999999;\"><\/span><\/span><\/span><\/span><\/div>\n<p>\u00a0<\/p>\n<\/div>\n<\/div>\n<\/div>\n<\/div>\n<\/div>\n","protected":false},"excerpt":{"rendered":"<p>Specyfikacja\u00a0 Nazwa produktu EzRun MAX5 Numer produktu 30104000 Skala 1:5 Pr\u0105d ci\u0105g\u0142y \/ chwilowy 200A\/1300A Zasilanie\u00a0 3-8S LiPo\/9-24 Cel NiMH<\/p>\n","protected":false},"featured_media":27806,"comment_status":"closed","ping_status":"open","template":"","meta":{"_acf_changed":false},"product_brand":[],"product_cat":[1169,1180,1187],"product_tag":[],"class_list":{"0":"post-27805","1":"product","2":"type-product","3":"status-publish","4":"has-post-thumbnail","6":"product_cat-modele-rc","7":"product_cat-napedy","8":"product_cat-zestawy-napedowe","9":"pa_box-height-1580","10":"pa_box-length-1394","11":"pa_box-width-1401","12":"pa_gross-weight-2597","13":"pa_net-weight-1920","14":"pa_waga-netto-regulatora-g-2599","15":"pa_waga-netto-silnika-g-2600","17":"first","18":"outofstock","19":"taxable","20":"shipping-taxable","21":"product-type-simple"},"acf":[],"yoast_head":"<!-- This site is optimized with the Yoast SEO plugin v27.2 - https:\/\/yoast.com\/product\/yoast-seo-wordpress\/ -->\n<title>Zestaw nap\u0119dowy MAX5 + EZRUN 56113 800KV - Czarny - IRONSKY.PL Sklep z Dronami<\/title>\n<meta name=\"description\" content=\"Zestaw nap\u0119dowy MAX5 + EZRUN 56113 800KV - Czarny - \u2705 sklep z dronami i fachowym doradztwem. \u2705 Tutaj kupisz produkty DJI, Yuneec, Parrot, Syma i wiele innych, a tak\u017ce kursy i licencje na operatora drona.\" \/>\n<meta name=\"robots\" content=\"index, follow, max-snippet:-1, max-image-preview:large, max-video-preview:-1\" \/>\n<link rel=\"canonical\" href=\"https:\/\/ironsky.pl\/sklep\/produkt\/zestaw-napedowy-max5-ezrun-56113-800kv-czarny\/\" \/>\n<meta property=\"og:locale\" content=\"pl_PL\" \/>\n<meta property=\"og:type\" content=\"article\" \/>\n<meta property=\"og:title\" content=\"Zestaw nap\u0119dowy MAX5 + EZRUN 56113 800KV - Czarny - IRONSKY.PL Sklep z Dronami\" \/>\n<meta property=\"og:description\" content=\"Zestaw nap\u0119dowy MAX5 + EZRUN 56113 800KV - Czarny - \u2705 sklep z dronami i fachowym doradztwem. \u2705 Tutaj kupisz produkty DJI, Yuneec, Parrot, Syma i wiele innych, a tak\u017ce kursy i licencje na operatora drona.\" \/>\n<meta property=\"og:url\" content=\"https:\/\/ironsky.pl\/sklep\/produkt\/zestaw-napedowy-max5-ezrun-56113-800kv-czarny\/\" \/>\n<meta property=\"og:site_name\" content=\"IRONSKY.PL Sklep z Dronami\" \/>\n<meta property=\"article:modified_time\" content=\"2026-03-05T14:53:19+00:00\" \/>\n<meta property=\"og:image\" content=\"https:\/\/ironsky.pl\/sklep\/wp-content\/uploads\/2024\/09\/20499_1.jpg\" \/>\n\t<meta property=\"og:image:width\" content=\"1200\" \/>\n\t<meta property=\"og:image:height\" content=\"800\" \/>\n\t<meta property=\"og:image:type\" content=\"image\/jpeg\" \/>\n<meta name=\"twitter:card\" content=\"summary_large_image\" \/>\n<meta name=\"twitter:label1\" content=\"Szacowany czas czytania\" \/>\n\t<meta name=\"twitter:data1\" content=\"1 minuta\" \/>\n<script type=\"application\/ld+json\" class=\"yoast-schema-graph\">{\"@context\":\"https:\/\/schema.org\",\"@graph\":[{\"@type\":\"WebPage\",\"@id\":\"https:\/\/ironsky.pl\/sklep\/produkt\/zestaw-napedowy-max5-ezrun-56113-800kv-czarny\/\",\"url\":\"https:\/\/ironsky.pl\/sklep\/produkt\/zestaw-napedowy-max5-ezrun-56113-800kv-czarny\/\",\"name\":\"Zestaw nap\u0119dowy MAX5 + EZRUN 56113 800KV - Czarny - IRONSKY.PL Sklep z Dronami\",\"isPartOf\":{\"@id\":\"https:\/\/ironsky.pl\/sklep\/#website\"},\"primaryImageOfPage\":{\"@id\":\"https:\/\/ironsky.pl\/sklep\/produkt\/zestaw-napedowy-max5-ezrun-56113-800kv-czarny\/#primaryimage\"},\"image\":{\"@id\":\"https:\/\/ironsky.pl\/sklep\/produkt\/zestaw-napedowy-max5-ezrun-56113-800kv-czarny\/#primaryimage\"},\"thumbnailUrl\":\"https:\/\/ironsky.pl\/sklep\/wp-content\/uploads\/2024\/09\/20499_1.jpg\",\"datePublished\":\"2024-09-16T18:22:08+00:00\",\"dateModified\":\"2026-03-05T14:53:19+00:00\",\"description\":\"Zestaw nap\u0119dowy MAX5 + EZRUN 56113 800KV - Czarny - \u2705 sklep z dronami i fachowym doradztwem. \u2705 Tutaj kupisz produkty DJI, Yuneec, Parrot, Syma i wiele innych, a tak\u017ce kursy i licencje na operatora drona.\",\"breadcrumb\":{\"@id\":\"https:\/\/ironsky.pl\/sklep\/produkt\/zestaw-napedowy-max5-ezrun-56113-800kv-czarny\/#breadcrumb\"},\"inLanguage\":\"pl-PL\",\"potentialAction\":[{\"@type\":\"ReadAction\",\"target\":[\"https:\/\/ironsky.pl\/sklep\/produkt\/zestaw-napedowy-max5-ezrun-56113-800kv-czarny\/\"]}]},{\"@type\":\"ImageObject\",\"inLanguage\":\"pl-PL\",\"@id\":\"https:\/\/ironsky.pl\/sklep\/produkt\/zestaw-napedowy-max5-ezrun-56113-800kv-czarny\/#primaryimage\",\"url\":\"https:\/\/ironsky.pl\/sklep\/wp-content\/uploads\/2024\/09\/20499_1.jpg\",\"contentUrl\":\"https:\/\/ironsky.pl\/sklep\/wp-content\/uploads\/2024\/09\/20499_1.jpg\",\"width\":1200,\"height\":800},{\"@type\":\"BreadcrumbList\",\"@id\":\"https:\/\/ironsky.pl\/sklep\/produkt\/zestaw-napedowy-max5-ezrun-56113-800kv-czarny\/#breadcrumb\",\"itemListElement\":[{\"@type\":\"ListItem\",\"position\":1,\"name\":\"Strona g\u0142\u00f3wna\",\"item\":\"https:\/\/ironsky.pl\/sklep\/\"},{\"@type\":\"ListItem\",\"position\":2,\"name\":\"Wszystkie produkty\",\"item\":\"https:\/\/ironsky.pl\/sklep\/produkty\/\"},{\"@type\":\"ListItem\",\"position\":3,\"name\":\"Zestaw nap\u0119dowy MAX5 + EZRUN 56113 800KV &#8211; Czarny\"}]},{\"@type\":\"WebSite\",\"@id\":\"https:\/\/ironsky.pl\/sklep\/#website\",\"url\":\"https:\/\/ironsky.pl\/sklep\/\",\"name\":\"IRONSKY.PL Sklep z Dronami\",\"description\":\"IRONSKY.PL Sklep z Dronami\",\"potentialAction\":[{\"@type\":\"SearchAction\",\"target\":{\"@type\":\"EntryPoint\",\"urlTemplate\":\"https:\/\/ironsky.pl\/sklep\/?s={search_term_string}\"},\"query-input\":{\"@type\":\"PropertyValueSpecification\",\"valueRequired\":true,\"valueName\":\"search_term_string\"}}],\"inLanguage\":\"pl-PL\"}]}<\/script>\n<!-- \/ Yoast SEO plugin. -->","yoast_head_json":{"title":"Zestaw nap\u0119dowy MAX5 + EZRUN 56113 800KV - Czarny - IRONSKY.PL Sklep z Dronami","description":"Zestaw nap\u0119dowy MAX5 + EZRUN 56113 800KV - Czarny - \u2705 sklep z dronami i fachowym doradztwem. \u2705 Tutaj kupisz produkty DJI, Yuneec, Parrot, Syma i wiele innych, a tak\u017ce kursy i licencje na operatora drona.","robots":{"index":"index","follow":"follow","max-snippet":"max-snippet:-1","max-image-preview":"max-image-preview:large","max-video-preview":"max-video-preview:-1"},"canonical":"https:\/\/ironsky.pl\/sklep\/produkt\/zestaw-napedowy-max5-ezrun-56113-800kv-czarny\/","og_locale":"pl_PL","og_type":"article","og_title":"Zestaw nap\u0119dowy MAX5 + EZRUN 56113 800KV - Czarny - IRONSKY.PL Sklep z Dronami","og_description":"Zestaw nap\u0119dowy MAX5 + EZRUN 56113 800KV - Czarny - \u2705 sklep z dronami i fachowym doradztwem. \u2705 Tutaj kupisz produkty DJI, Yuneec, Parrot, Syma i wiele innych, a tak\u017ce kursy i licencje na operatora drona.","og_url":"https:\/\/ironsky.pl\/sklep\/produkt\/zestaw-napedowy-max5-ezrun-56113-800kv-czarny\/","og_site_name":"IRONSKY.PL Sklep z Dronami","article_modified_time":"2026-03-05T14:53:19+00:00","og_image":[{"width":1200,"height":800,"url":"https:\/\/ironsky.pl\/sklep\/wp-content\/uploads\/2024\/09\/20499_1.jpg","type":"image\/jpeg"}],"twitter_card":"summary_large_image","twitter_misc":{"Szacowany czas czytania":"1 minuta"},"schema":{"@context":"https:\/\/schema.org","@graph":[{"@type":"WebPage","@id":"https:\/\/ironsky.pl\/sklep\/produkt\/zestaw-napedowy-max5-ezrun-56113-800kv-czarny\/","url":"https:\/\/ironsky.pl\/sklep\/produkt\/zestaw-napedowy-max5-ezrun-56113-800kv-czarny\/","name":"Zestaw nap\u0119dowy MAX5 + EZRUN 56113 800KV - Czarny - IRONSKY.PL Sklep z Dronami","isPartOf":{"@id":"https:\/\/ironsky.pl\/sklep\/#website"},"primaryImageOfPage":{"@id":"https:\/\/ironsky.pl\/sklep\/produkt\/zestaw-napedowy-max5-ezrun-56113-800kv-czarny\/#primaryimage"},"image":{"@id":"https:\/\/ironsky.pl\/sklep\/produkt\/zestaw-napedowy-max5-ezrun-56113-800kv-czarny\/#primaryimage"},"thumbnailUrl":"https:\/\/ironsky.pl\/sklep\/wp-content\/uploads\/2024\/09\/20499_1.jpg","datePublished":"2024-09-16T18:22:08+00:00","dateModified":"2026-03-05T14:53:19+00:00","description":"Zestaw nap\u0119dowy MAX5 + EZRUN 56113 800KV - Czarny - \u2705 sklep z dronami i fachowym doradztwem. \u2705 Tutaj kupisz produkty DJI, Yuneec, Parrot, Syma i wiele innych, a tak\u017ce kursy i licencje na operatora drona.","breadcrumb":{"@id":"https:\/\/ironsky.pl\/sklep\/produkt\/zestaw-napedowy-max5-ezrun-56113-800kv-czarny\/#breadcrumb"},"inLanguage":"pl-PL","potentialAction":[{"@type":"ReadAction","target":["https:\/\/ironsky.pl\/sklep\/produkt\/zestaw-napedowy-max5-ezrun-56113-800kv-czarny\/"]}]},{"@type":"ImageObject","inLanguage":"pl-PL","@id":"https:\/\/ironsky.pl\/sklep\/produkt\/zestaw-napedowy-max5-ezrun-56113-800kv-czarny\/#primaryimage","url":"https:\/\/ironsky.pl\/sklep\/wp-content\/uploads\/2024\/09\/20499_1.jpg","contentUrl":"https:\/\/ironsky.pl\/sklep\/wp-content\/uploads\/2024\/09\/20499_1.jpg","width":1200,"height":800},{"@type":"BreadcrumbList","@id":"https:\/\/ironsky.pl\/sklep\/produkt\/zestaw-napedowy-max5-ezrun-56113-800kv-czarny\/#breadcrumb","itemListElement":[{"@type":"ListItem","position":1,"name":"Strona g\u0142\u00f3wna","item":"https:\/\/ironsky.pl\/sklep\/"},{"@type":"ListItem","position":2,"name":"Wszystkie produkty","item":"https:\/\/ironsky.pl\/sklep\/produkty\/"},{"@type":"ListItem","position":3,"name":"Zestaw nap\u0119dowy MAX5 + EZRUN 56113 800KV &#8211; Czarny"}]},{"@type":"WebSite","@id":"https:\/\/ironsky.pl\/sklep\/#website","url":"https:\/\/ironsky.pl\/sklep\/","name":"IRONSKY.PL Sklep z Dronami","description":"IRONSKY.PL Sklep z Dronami","potentialAction":[{"@type":"SearchAction","target":{"@type":"EntryPoint","urlTemplate":"https:\/\/ironsky.pl\/sklep\/?s={search_term_string}"},"query-input":{"@type":"PropertyValueSpecification","valueRequired":true,"valueName":"search_term_string"}}],"inLanguage":"pl-PL"}]}},"_links":{"self":[{"href":"https:\/\/ironsky.pl\/sklep\/wp-json\/wp\/v2\/product\/27805","targetHints":{"allow":["GET"]}}],"collection":[{"href":"https:\/\/ironsky.pl\/sklep\/wp-json\/wp\/v2\/product"}],"about":[{"href":"https:\/\/ironsky.pl\/sklep\/wp-json\/wp\/v2\/types\/product"}],"replies":[{"embeddable":true,"href":"https:\/\/ironsky.pl\/sklep\/wp-json\/wp\/v2\/comments?post=27805"}],"wp:featuredmedia":[{"embeddable":true,"href":"https:\/\/ironsky.pl\/sklep\/wp-json\/wp\/v2\/media\/27806"}],"wp:attachment":[{"href":"https:\/\/ironsky.pl\/sklep\/wp-json\/wp\/v2\/media?parent=27805"}],"wp:term":[{"taxonomy":"product_brand","embeddable":true,"href":"https:\/\/ironsky.pl\/sklep\/wp-json\/wp\/v2\/product_brand?post=27805"},{"taxonomy":"product_cat","embeddable":true,"href":"https:\/\/ironsky.pl\/sklep\/wp-json\/wp\/v2\/product_cat?post=27805"},{"taxonomy":"product_tag","embeddable":true,"href":"https:\/\/ironsky.pl\/sklep\/wp-json\/wp\/v2\/product_tag?post=27805"}],"curies":[{"name":"wp","href":"https:\/\/api.w.org\/{rel}","templated":true}]}}