{"id":27799,"date":"2024-09-16T20:22:08","date_gmt":"2024-09-16T18:22:08","guid":{"rendered":"http:\/\/gvshalph.pro-linuxpl.com\/ironskyprodukty\/produkt\/silnik-hobbywing-xerun-4274sd-2250kv-g3\/"},"modified":"2026-03-05T15:53:19","modified_gmt":"2026-03-05T14:53:19","slug":"silnik-hobbywing-xerun-4274sd-2250kv-g3","status":"publish","type":"product","link":"https:\/\/ironsky.pl\/sklep\/produkt\/silnik-hobbywing-xerun-4274sd-2250kv-g3\/","title":{"rendered":"Silnik Hobbywing XeRun 4274SD 2250KV G3"},"content":{"rendered":"<h3>Silnik Hobbywing XeRun 4274SD 2250KV G3<\/h3>\n<p>Bezszczotkowy silnik XeRun G3 zosta\u0142 wykonany z wysokiej klasy materia\u0142\u00f3w i wyr\u00f3\u017cnia si\u0119 starannie przemy\u015blan\u0105 konstrukcj\u0105. Wytrzyma\u0142y i lekki &#8211; wa\u017cy tylko 354 g. Stopie\u0144 ochrony IP5X oznacza, \u017ce jest te\u017c py\u0142oszczelny i sprawdzi si\u0119 w r\u00f3\u017cnych warunkach. Doskonale nadaje si\u0119 do stosowania w po\u0142\u0105czeniu z modelami typu Truggy lub Monster Truck, a tak\u017ce na wydarzeniach off-road. Produkt zachwyci Ci\u0119 szybkim i wydajnym dzia\u0142aniem. Efektywnie redukuje te\u017c gwa\u0142towne wzrosty temperatury, zwi\u0119kszaj\u0105c bezpiecze\u0144stwo u\u017cytkowania.<\/p>\n<p><img decoding=\"async\" src=\"https:\/\/b2b.innpro.pl\/data\/include\/cms\/05Hobbywing\/XeRun-G3\/Zrzut_ekranu_2021-05-19_105147.png\"><\/p>\n<h3>Tryb Full-sensored<\/h3>\n<p>Wbudowany, inteligentny uk\u0142ad scalony sprawia, \u017ce kiedy \u0142\u0105czysz silnik z regulatorem z serii XR8 (brak w zestawie), identyfikacja sensora nast\u0119puje szybko i bezproblemowo. Urz\u0105dzenie b\u0119dzie te\u017c dzia\u0142a\u0107 w trybie Full-sensored, zapewniaj\u0105c wi\u0119ksz\u0105 wydajno\u015b\u0107 i p\u0142ynniejsz\u0105 reakcj\u0119 przepustnicy.<\/p>\n<p><img decoding=\"async\" src=\"https:\/\/b2b.innpro.pl\/data\/include\/cms\/05Hobbywing\/XeRun-G3\/Zrzut_ekranu_2021-05-19_101733.png\"><\/p>\n<h3>Turbo Timing &#8211; Tw\u00f3j spos\u00f3b na zwyci\u0119stwo<\/h3>\n<p>Kiedy po\u0142\u0105czysz silnik z G3 z regulatorem z serii XR8, mo\u017cesz korzysta\u0107 z technologii Turbo Timing, kt\u00f3ra umo\u017cliwia niemal natychmiastowe zwi\u0119kszenie mocy wyj\u015bciowej do maksimum. To pozwala osi\u0105ga\u0107 o wiele wi\u0119ksze pr\u0119dko\u015bci. To jednak nie koniec! U\u017cywaj\u0105c silnika, precyzyjnie dostosujesz mechaniczny Turbo Timing w 2 kierunkach (CW\/CCW) w zakresie 20-40\u00b0. Dzi\u0119ki temu odpowiednio dobierzesz moc wyj\u015bciow\u0105 do zr\u00f3\u017cnicowanych zastosowa\u0144. To Tw\u00f3j nowy spos\u00f3b na zyskanie przewagi!<\/p>\n<p><img decoding=\"async\" src=\"https:\/\/b2b.innpro.pl\/data\/include\/cms\/05Hobbywing\/XeRun-G3\/Zrzut_ekranu_2021-05-19_102048.png\"><\/p>\n<h3>Bezb\u0142\u0119dna praca<\/h3>\n<p>Nie obawiaj si\u0119 nieprawid\u0142owej pracy silnika. Nowa, opatentowana technologia zapewnia w zasadzie bezb\u0142\u0119dne dzia\u0142anie czujnika Halla. Niezale\u017cny koder o wysokiej precyzji i pr\u0119dko\u015bci zawsze wyprowadza dok\u0142adny sygna\u0142 pozycji wirnika, dzi\u0119ki czemu efektywnie eliminuje zak\u0142\u00f3cenia zewn\u0119trzne, kt\u00f3re zazwyczaj przyczyniaj\u0105 si\u0119 do wyst\u0119powania b\u0142\u0119d\u00f3w sensora. Wszystko to sprawia, \u017ce silnik pracuje wydajnie i stabilnie.<\/p>\n<p><img decoding=\"async\" src=\"https:\/\/b2b.innpro.pl\/data\/include\/cms\/05Hobbywing\/XeRun-G3\/Zrzut_ekranu_2021-05-19_105434.png\"><\/p>\n<h3>Lekki i wytrzyma\u0142y<\/h3>\n<p>Dzi\u0119ki przemy\u015blanemu designowi silnika uda\u0142o si\u0119 znacznie zmniejszy\u0107 jego wag\u0119. Urz\u0105dzenie wa\u017cy tylko 354 g, co pozwoli Ci na wygodniejsze dostosowywanie balansu Twojego pojazdu. Co wi\u0119cej, stopie\u0144 ochrony IP5X oznacza, \u017ce produkt jest odporny na py\u0142, mo\u017cesz wi\u0119c bez obaw stosowa\u0107 go w wydarzeniach typu off-road.<\/p>\n<p><img decoding=\"async\" src=\"https:\/\/b2b.innpro.pl\/data\/include\/cms\/05Hobbywing\/XeRun-G3\/Zrzut_ekranu_2021-05-19_105458.png\"><\/p>\n<h3>P\u0142ynne i wydajne dzia\u0142anie<\/h3>\n<p>Zapomnij o zjawisku niskiego rpm (efekt braku nat\u0119\u017cenia), znanym tak\u017ce jak z\u0105bkowanie lub ma\u0142y impuls momentu obrotowego. Silnik minimalizuje podobne problemy. Zapewnia p\u0142ynne dzia\u0142anie r\u00f3wnie\u017c przy niskim rpm, zwi\u0119kszaj\u0105c swoj\u0105 wydajno\u015b\u0107 przy niewielkich pr\u0119dko\u015bciach. Uda\u0142o si\u0119 tak\u017ce zredukowa\u0107 temperatur\u0119 urz\u0105dzenia oraz znacznie zwi\u0119kszy\u0107 jego efektywno\u015b\u0107 wzgl\u0119dem poprzednich modeli.<\/p>\n<p><img decoding=\"async\" src=\"https:\/\/b2b.innpro.pl\/data\/include\/cms\/05Hobbywing\/XeRun-G3\/Zrzut_ekranu_2021-05-19_105447.png\"><\/p>\n<h3>Niezawodny i trwa\u0142y<\/h3>\n<p>Silnik zosta\u0142 wykonany z wysokiej klasy materia\u0142\u00f3w i wyr\u00f3\u017cnia si\u0119 doskonale przemy\u015blan\u0105 konstrukcj\u0105. Aluminium 7075 oraz silikonowa uszczelka zapewniaj\u0105 jego wytrzyma\u0142o\u015b\u0107 i py\u0142oszczelno\u015b\u0107. Umieszczone z przodu otwory gwintowe M3 i M4 s\u0105 odpowiednie dla r\u00f3\u017cnych podstaw monta\u017cowych, a poz\u0142acane styki miedziane w kszta\u0142cie litery U\/90\u00b0 umo\u017cliwiaj\u0105 \u0142atwe i wygodne lutowanie okablowania. Silnik ma te\u017c izolacj\u0119 klasy R 240\u00b0C, wytrzyma\u0142e spoiwo 340\u00b0C oraz \u0142o\u017cyska o niskim wsp\u00f3\u0142czynniku tarcia, dzi\u0119ki czemu mo\u017ce wytrzyma\u0107 nawet ekstremalne obci\u0105\u017cenie.<\/p>\n<p><img decoding=\"async\" src=\"https:\/\/b2b.innpro.pl\/data\/include\/cms\/05Hobbywing\/XeRun-G3\/Zrzut_ekranu_2021-05-19_105512.png\"><\/p>\n<div class=\"table-wrapper\">\n<table>\n<tbody>\n<tr>\n<th>Nazwa produktu<\/th>\n<td>XeRun 4274 SD<\/td>\n<\/tr>\n<tr>\n<th>Numer produktu<\/th>\n<td>30405001<\/td>\n<\/tr>\n<tr>\n<th>Skala<\/th>\n<td>1:8<\/td>\n<\/tr>\n<tr>\n<th>KV<\/th>\n<td>2250<\/td>\n<\/tr>\n<tr>\n<th>Ogniwa LiPo<\/th>\n<td>2-6S<\/td>\n<\/tr>\n<tr>\n<th>Pr\u0105d ja\u0142owy (A)<\/th>\n<td>5A<\/td>\n<\/tr>\n<tr>\n<th>Rozmiar<\/th>\n<td>42 x 74 x 5.0 mm<\/td>\n<\/tr>\n<tr>\n<th>Waga<\/th>\n<td>354 gram<\/td>\n<\/tr>\n<tr>\n<th>Dedykowane<\/th>\n<td>1\/8th Truck, Monster truck<\/td>\n<\/tr>\n<\/tbody>\n<\/table>\n<\/div>\n","protected":false},"excerpt":{"rendered":"<p>Silnik Hobbywing XeRun 4274SD 2250KV G3 Bezszczotkowy silnik XeRun G3 zosta\u0142 wykonany z wysokiej klasy materia\u0142\u00f3w i wyr\u00f3\u017cnia si\u0119 starannie<\/p>\n","protected":false},"featured_media":27800,"comment_status":"closed","ping_status":"open","template":"","meta":{"_acf_changed":false},"product_brand":[],"product_cat":[1169,1180,1185],"product_tag":[],"class_list":{"0":"post-27799","1":"product","2":"type-product","3":"status-publish","4":"has-post-thumbnail","6":"product_cat-modele-rc","7":"product_cat-napedy","8":"product_cat-silniki-elektryczne","9":"pa_box-height-1453","10":"pa_box-length-1460","11":"pa_box-width-1452","12":"pa_gross-weight-2540","13":"pa_net-weight-2539","14":"pa_typ-bezszczotkowe","16":"first","17":"outofstock","18":"taxable","19":"shipping-taxable","20":"purchasable","21":"product-type-simple"},"acf":[],"yoast_head":"<!-- This site is optimized with the Yoast SEO plugin v27.2 - https:\/\/yoast.com\/product\/yoast-seo-wordpress\/ -->\n<title>Silnik Hobbywing XeRun 4274SD 2250KV G3 - IRONSKY.PL Sklep z Dronami<\/title>\n<meta name=\"description\" content=\"Silnik Hobbywing XeRun 4274SD 2250KV G3 - \u2705 sklep z dronami i fachowym doradztwem. \u2705 Tutaj kupisz produkty DJI, Yuneec, Parrot, Syma i wiele innych, a tak\u017ce kursy i licencje na operatora drona.\" \/>\n<meta name=\"robots\" content=\"index, follow, max-snippet:-1, max-image-preview:large, max-video-preview:-1\" \/>\n<link rel=\"canonical\" href=\"https:\/\/ironsky.pl\/sklep\/produkt\/silnik-hobbywing-xerun-4274sd-2250kv-g3\/\" \/>\n<meta property=\"og:locale\" content=\"pl_PL\" \/>\n<meta property=\"og:type\" content=\"article\" \/>\n<meta property=\"og:title\" content=\"Silnik Hobbywing XeRun 4274SD 2250KV G3 - IRONSKY.PL Sklep z Dronami\" \/>\n<meta property=\"og:description\" content=\"Silnik Hobbywing XeRun 4274SD 2250KV G3 - \u2705 sklep z dronami i fachowym doradztwem. \u2705 Tutaj kupisz produkty DJI, Yuneec, Parrot, Syma i wiele innych, a tak\u017ce kursy i licencje na operatora drona.\" \/>\n<meta property=\"og:url\" content=\"https:\/\/ironsky.pl\/sklep\/produkt\/silnik-hobbywing-xerun-4274sd-2250kv-g3\/\" \/>\n<meta property=\"og:site_name\" content=\"IRONSKY.PL Sklep z Dronami\" \/>\n<meta property=\"article:modified_time\" content=\"2026-03-05T14:53:19+00:00\" \/>\n<meta property=\"og:image\" content=\"https:\/\/ironsky.pl\/sklep\/wp-content\/uploads\/2024\/09\/20263_1.jpg\" \/>\n\t<meta property=\"og:image:width\" content=\"980\" \/>\n\t<meta property=\"og:image:height\" content=\"649\" \/>\n\t<meta property=\"og:image:type\" content=\"image\/jpeg\" \/>\n<meta name=\"twitter:card\" content=\"summary_large_image\" \/>\n<meta name=\"twitter:label1\" content=\"Szacowany czas czytania\" \/>\n\t<meta name=\"twitter:data1\" content=\"3 minuty\" \/>\n<script type=\"application\/ld+json\" class=\"yoast-schema-graph\">{\"@context\":\"https:\/\/schema.org\",\"@graph\":[{\"@type\":\"WebPage\",\"@id\":\"https:\/\/ironsky.pl\/sklep\/produkt\/silnik-hobbywing-xerun-4274sd-2250kv-g3\/\",\"url\":\"https:\/\/ironsky.pl\/sklep\/produkt\/silnik-hobbywing-xerun-4274sd-2250kv-g3\/\",\"name\":\"Silnik Hobbywing XeRun 4274SD 2250KV G3 - IRONSKY.PL Sklep z Dronami\",\"isPartOf\":{\"@id\":\"https:\/\/ironsky.pl\/sklep\/#website\"},\"primaryImageOfPage\":{\"@id\":\"https:\/\/ironsky.pl\/sklep\/produkt\/silnik-hobbywing-xerun-4274sd-2250kv-g3\/#primaryimage\"},\"image\":{\"@id\":\"https:\/\/ironsky.pl\/sklep\/produkt\/silnik-hobbywing-xerun-4274sd-2250kv-g3\/#primaryimage\"},\"thumbnailUrl\":\"https:\/\/ironsky.pl\/sklep\/wp-content\/uploads\/2024\/09\/20263_1.jpg\",\"datePublished\":\"2024-09-16T18:22:08+00:00\",\"dateModified\":\"2026-03-05T14:53:19+00:00\",\"description\":\"Silnik Hobbywing XeRun 4274SD 2250KV G3 - \u2705 sklep z dronami i fachowym doradztwem. \u2705 Tutaj kupisz produkty DJI, Yuneec, Parrot, Syma i wiele innych, a tak\u017ce kursy i licencje na operatora drona.\",\"breadcrumb\":{\"@id\":\"https:\/\/ironsky.pl\/sklep\/produkt\/silnik-hobbywing-xerun-4274sd-2250kv-g3\/#breadcrumb\"},\"inLanguage\":\"pl-PL\",\"potentialAction\":[{\"@type\":\"ReadAction\",\"target\":[\"https:\/\/ironsky.pl\/sklep\/produkt\/silnik-hobbywing-xerun-4274sd-2250kv-g3\/\"]}]},{\"@type\":\"ImageObject\",\"inLanguage\":\"pl-PL\",\"@id\":\"https:\/\/ironsky.pl\/sklep\/produkt\/silnik-hobbywing-xerun-4274sd-2250kv-g3\/#primaryimage\",\"url\":\"https:\/\/ironsky.pl\/sklep\/wp-content\/uploads\/2024\/09\/20263_1.jpg\",\"contentUrl\":\"https:\/\/ironsky.pl\/sklep\/wp-content\/uploads\/2024\/09\/20263_1.jpg\",\"width\":980,\"height\":649},{\"@type\":\"BreadcrumbList\",\"@id\":\"https:\/\/ironsky.pl\/sklep\/produkt\/silnik-hobbywing-xerun-4274sd-2250kv-g3\/#breadcrumb\",\"itemListElement\":[{\"@type\":\"ListItem\",\"position\":1,\"name\":\"Strona g\u0142\u00f3wna\",\"item\":\"https:\/\/ironsky.pl\/sklep\/\"},{\"@type\":\"ListItem\",\"position\":2,\"name\":\"Wszystkie produkty\",\"item\":\"https:\/\/ironsky.pl\/sklep\/produkty\/\"},{\"@type\":\"ListItem\",\"position\":3,\"name\":\"Silnik Hobbywing XeRun 4274SD 2250KV G3\"}]},{\"@type\":\"WebSite\",\"@id\":\"https:\/\/ironsky.pl\/sklep\/#website\",\"url\":\"https:\/\/ironsky.pl\/sklep\/\",\"name\":\"IRONSKY.PL Sklep z Dronami\",\"description\":\"IRONSKY.PL Sklep z Dronami\",\"potentialAction\":[{\"@type\":\"SearchAction\",\"target\":{\"@type\":\"EntryPoint\",\"urlTemplate\":\"https:\/\/ironsky.pl\/sklep\/?s={search_term_string}\"},\"query-input\":{\"@type\":\"PropertyValueSpecification\",\"valueRequired\":true,\"valueName\":\"search_term_string\"}}],\"inLanguage\":\"pl-PL\"}]}<\/script>\n<!-- \/ Yoast SEO plugin. -->","yoast_head_json":{"title":"Silnik Hobbywing XeRun 4274SD 2250KV G3 - IRONSKY.PL Sklep z Dronami","description":"Silnik Hobbywing XeRun 4274SD 2250KV G3 - \u2705 sklep z dronami i fachowym doradztwem. \u2705 Tutaj kupisz produkty DJI, Yuneec, Parrot, Syma i wiele innych, a tak\u017ce kursy i licencje na operatora drona.","robots":{"index":"index","follow":"follow","max-snippet":"max-snippet:-1","max-image-preview":"max-image-preview:large","max-video-preview":"max-video-preview:-1"},"canonical":"https:\/\/ironsky.pl\/sklep\/produkt\/silnik-hobbywing-xerun-4274sd-2250kv-g3\/","og_locale":"pl_PL","og_type":"article","og_title":"Silnik Hobbywing XeRun 4274SD 2250KV G3 - IRONSKY.PL Sklep z Dronami","og_description":"Silnik Hobbywing XeRun 4274SD 2250KV G3 - \u2705 sklep z dronami i fachowym doradztwem. \u2705 Tutaj kupisz produkty DJI, Yuneec, Parrot, Syma i wiele innych, a tak\u017ce kursy i licencje na operatora drona.","og_url":"https:\/\/ironsky.pl\/sklep\/produkt\/silnik-hobbywing-xerun-4274sd-2250kv-g3\/","og_site_name":"IRONSKY.PL Sklep z Dronami","article_modified_time":"2026-03-05T14:53:19+00:00","og_image":[{"width":980,"height":649,"url":"https:\/\/ironsky.pl\/sklep\/wp-content\/uploads\/2024\/09\/20263_1.jpg","type":"image\/jpeg"}],"twitter_card":"summary_large_image","twitter_misc":{"Szacowany czas czytania":"3 minuty"},"schema":{"@context":"https:\/\/schema.org","@graph":[{"@type":"WebPage","@id":"https:\/\/ironsky.pl\/sklep\/produkt\/silnik-hobbywing-xerun-4274sd-2250kv-g3\/","url":"https:\/\/ironsky.pl\/sklep\/produkt\/silnik-hobbywing-xerun-4274sd-2250kv-g3\/","name":"Silnik Hobbywing XeRun 4274SD 2250KV G3 - IRONSKY.PL Sklep z Dronami","isPartOf":{"@id":"https:\/\/ironsky.pl\/sklep\/#website"},"primaryImageOfPage":{"@id":"https:\/\/ironsky.pl\/sklep\/produkt\/silnik-hobbywing-xerun-4274sd-2250kv-g3\/#primaryimage"},"image":{"@id":"https:\/\/ironsky.pl\/sklep\/produkt\/silnik-hobbywing-xerun-4274sd-2250kv-g3\/#primaryimage"},"thumbnailUrl":"https:\/\/ironsky.pl\/sklep\/wp-content\/uploads\/2024\/09\/20263_1.jpg","datePublished":"2024-09-16T18:22:08+00:00","dateModified":"2026-03-05T14:53:19+00:00","description":"Silnik Hobbywing XeRun 4274SD 2250KV G3 - \u2705 sklep z dronami i fachowym doradztwem. \u2705 Tutaj kupisz produkty DJI, Yuneec, Parrot, Syma i wiele innych, a tak\u017ce kursy i licencje na operatora drona.","breadcrumb":{"@id":"https:\/\/ironsky.pl\/sklep\/produkt\/silnik-hobbywing-xerun-4274sd-2250kv-g3\/#breadcrumb"},"inLanguage":"pl-PL","potentialAction":[{"@type":"ReadAction","target":["https:\/\/ironsky.pl\/sklep\/produkt\/silnik-hobbywing-xerun-4274sd-2250kv-g3\/"]}]},{"@type":"ImageObject","inLanguage":"pl-PL","@id":"https:\/\/ironsky.pl\/sklep\/produkt\/silnik-hobbywing-xerun-4274sd-2250kv-g3\/#primaryimage","url":"https:\/\/ironsky.pl\/sklep\/wp-content\/uploads\/2024\/09\/20263_1.jpg","contentUrl":"https:\/\/ironsky.pl\/sklep\/wp-content\/uploads\/2024\/09\/20263_1.jpg","width":980,"height":649},{"@type":"BreadcrumbList","@id":"https:\/\/ironsky.pl\/sklep\/produkt\/silnik-hobbywing-xerun-4274sd-2250kv-g3\/#breadcrumb","itemListElement":[{"@type":"ListItem","position":1,"name":"Strona g\u0142\u00f3wna","item":"https:\/\/ironsky.pl\/sklep\/"},{"@type":"ListItem","position":2,"name":"Wszystkie produkty","item":"https:\/\/ironsky.pl\/sklep\/produkty\/"},{"@type":"ListItem","position":3,"name":"Silnik Hobbywing XeRun 4274SD 2250KV G3"}]},{"@type":"WebSite","@id":"https:\/\/ironsky.pl\/sklep\/#website","url":"https:\/\/ironsky.pl\/sklep\/","name":"IRONSKY.PL Sklep z Dronami","description":"IRONSKY.PL Sklep z Dronami","potentialAction":[{"@type":"SearchAction","target":{"@type":"EntryPoint","urlTemplate":"https:\/\/ironsky.pl\/sklep\/?s={search_term_string}"},"query-input":{"@type":"PropertyValueSpecification","valueRequired":true,"valueName":"search_term_string"}}],"inLanguage":"pl-PL"}]}},"_links":{"self":[{"href":"https:\/\/ironsky.pl\/sklep\/wp-json\/wp\/v2\/product\/27799","targetHints":{"allow":["GET"]}}],"collection":[{"href":"https:\/\/ironsky.pl\/sklep\/wp-json\/wp\/v2\/product"}],"about":[{"href":"https:\/\/ironsky.pl\/sklep\/wp-json\/wp\/v2\/types\/product"}],"replies":[{"embeddable":true,"href":"https:\/\/ironsky.pl\/sklep\/wp-json\/wp\/v2\/comments?post=27799"}],"wp:featuredmedia":[{"embeddable":true,"href":"https:\/\/ironsky.pl\/sklep\/wp-json\/wp\/v2\/media\/27800"}],"wp:attachment":[{"href":"https:\/\/ironsky.pl\/sklep\/wp-json\/wp\/v2\/media?parent=27799"}],"wp:term":[{"taxonomy":"product_brand","embeddable":true,"href":"https:\/\/ironsky.pl\/sklep\/wp-json\/wp\/v2\/product_brand?post=27799"},{"taxonomy":"product_cat","embeddable":true,"href":"https:\/\/ironsky.pl\/sklep\/wp-json\/wp\/v2\/product_cat?post=27799"},{"taxonomy":"product_tag","embeddable":true,"href":"https:\/\/ironsky.pl\/sklep\/wp-json\/wp\/v2\/product_tag?post=27799"}],"curies":[{"name":"wp","href":"https:\/\/api.w.org\/{rel}","templated":true}]}}