{"id":27776,"date":"2024-09-16T20:22:08","date_gmt":"2024-09-16T18:22:08","guid":{"rendered":"http:\/\/gvshalph.pro-linuxpl.com\/ironskyprodukty\/produkt\/zestaw-napedowy-hobbywing-axe550-r2-3300kv-bls\/"},"modified":"2026-03-05T15:53:18","modified_gmt":"2026-03-05T14:53:18","slug":"zestaw-napedowy-hobbywing-axe550-r2-3300kv-bls","status":"publish","type":"product","link":"https:\/\/ironsky.pl\/sklep\/produkt\/zestaw-napedowy-hobbywing-axe550-r2-3300kv-bls\/","title":{"rendered":"Zestaw nap\u0119dowy Hobbywing AXE550 R2-3300kV BLS"},"content":{"rendered":"<h3>Zestaw nap\u0119dowy Hobbywing AXE550 R2-3300kV BLS<\/h3>\n<p>Ten przeznaczony dla rock crawler\u00f3w zestaw nap\u0119dowy marki Hobbywing zapewnia niezawodne dzia\u0142anie i wydajno\u015b\u0107. Wchodz\u0105cy w jego sk\u0142ad silnik 3300 KV jest ma\u0142o podatny na awarie. Jego port czujnika jest wodoodporny i wyr\u00f3\u017cnia si\u0119 niewielkim rozmiarem, dzi\u0119ki czemu unikniesz problem\u00f3w z okablowaniem. Zaawansowane technologie zastosowane w regulatorze, takie jak na przyk\u0142ad FOC, daj\u0105 Ci pe\u0142n\u0105 kontrol\u0119 nad pojazdem i zapewniaj\u0105 cich\u0105, efektywn\u0105 prac\u0119. Urz\u0105dzenia s\u0105 wodoodporne &#8211; mo\u017cesz wi\u0119c stosowa\u0107 je niemal w ka\u017cdych warunkach. Aplikacja Hobbywing zapewnia dodatkowe mo\u017cliwo\u015bci, a wbudowany modu\u0142 Bluetooth umo\u017cliwia szybkie i proste parowanie.<\/p>\n<p><img decoding=\"async\" src=\"https:\/\/b2b.innpro.pl\/data\/include\/cms\/05Hobbywing\/AXE-550\/Zrzut_ekranu_2021-05-19_112705.png\" alt=\"1\"><\/p>\n<h3>Technologia FOC &#8211; wysoki moment obrotowy i ekstremalnie cicha praca<\/h3>\n<p>Nowa technologia czujnika FOC (Field-oriented Control) znacz\u0105co wp\u0142yn\u0119\u0142a na wydajno\u015b\u0107, u\u017cytkowanie i mo\u017cliwo\u015b\u0107 regulacji nowego ESC AXE. Umo\u017cliwia ona niesamowicie precyzyjn\u0105 kontrol\u0119 i wykrywanie pracy silnika, gwarantuj\u0105c jednocze\u015bnie niezawodno\u015b\u0107 urz\u0105dzenia. Teraz mo\u017cliwe jest idealne dopasowanie pr\u0119dko\u015bci nap\u0119du do pozycji przepustnicy &#8211; niezale\u017cnie od warunk\u00f3w, w jakich je\u017adzisz. Dzi\u0119ki temu regulator idealnie sprawdza si\u0119 na przyk\u0142ad w czasie jazdy downhill, daj\u0105c Ci pe\u0142n\u0105 kontrol\u0119. Technologia FOC odpowiada r\u00f3wnie\u017c za cich\u0105 prac\u0119 ca\u0142ego systemu &#8211; po\u017cegnaj irytuj\u0105cy ha\u0142as!<\/p>\n<p><img decoding=\"async\" src=\"https:\/\/b2b.innpro.pl\/data\/include\/cms\/05Hobbywing\/AXE-550\/Zrzut_ekranu_2021-05-19_112832.png\" alt=\"2\"><\/p>\n<h3>Pe\u0142na kontrola<\/h3>\n<p>Regulator zosta\u0142 wyposa\u017cony w nowe sensory FOC. Umo\u017cliwia te\u017c inteligentne sterowanie momentem obrotowym oraz kontrol\u0119 pr\u0119dko\u015bci w zamkni\u0119tej p\u0119tli. Co to oznacza w praktyce? Regulator jest w stanie utrzyma\u0107 moment obrotowy i pr\u0119dko\u015b\u0107 silnika, nawet je\u015bli warunki jazdy si\u0119 zmieni\u0105. Niewa\u017cne, czy jedziesz pod g\u00f3r\u0119, w d\u00f3\u0142, czy z dodatkowym obci\u0105\u017ceniem &#8211; system Axe zadba o to, aby wszystko odbywa\u0142o si\u0119 dok\u0142adnie tak, jak chcesz.<\/p>\n<p><img decoding=\"async\" src=\"https:\/\/b2b.innpro.pl\/data\/include\/cms\/05Hobbywing\/AXE-550\/Zrzut_ekranu_2021-05-19_112737.png\" alt=\"3\"><\/p>\n<h3>Ochrona przed odwrotn\u0105 polaryzacj\u0105<\/h3>\n<p>Nie obawiaj si\u0119 uszkodzenia regulatora ani po\u0142\u0105czonego z nim silnika. Axe R2 otrzyma\u0142 unikalne zabezpieczenie przed odwrotn\u0105 polaryzacj\u0105 akumulatora. Niezale\u017cnie od tego, jak wiele razy zamontujesz go w spos\u00f3b przeciwny, nie musisz si\u0119 o nic martwi\u0107. Twoje urz\u0105dzenia b\u0119d\u0105 zawsze odpowiednio chronione &#8211; nie grozi im awaria.<\/p>\n<p><img decoding=\"async\" src=\"https:\/\/b2b.innpro.pl\/data\/include\/cms\/05Hobbywing\/AXE-550\/Zrzut_ekranu_2021-05-19_112801.png\" alt=\"4\"><\/p>\n<h3>Stosuj niezale\u017cnie od pogody<\/h3>\n<p>Zdarza Ci si\u0119 je\u017adzi\u0107 w zr\u00f3\u017cnicowanych warunkach? Bez obaw! Praktyczny uk\u0142ad ESC marki Hobbywing mo\u017cesz stosowa\u0107 niemal zawsze i wsz\u0119dzie. System AXE przenosi stopie\u0144 ochrony IP-67 na zupe\u0142nie nowy poziom. Szczelna konstrukcja urz\u0105dzenia oraz wytrzyma\u0142a obudowa radiatora sprawiaj\u0105, \u017ce regulator jest przygotowany na ka\u017cde wyzwanie. Silnik r\u00f3wnie\u017c Ci\u0119 nie zawiedzie. Czy s\u0142o\u0144ce, czy deszcz &#8211; z Hobbywing mo\u017cesz je\u017adzi\u0107 w ka\u017cd\u0105 pogod\u0119!<\/p>\n<p><img decoding=\"async\" src=\"https:\/\/b2b.innpro.pl\/data\/include\/cms\/05Hobbywing\/AXE-550\/Zrzut_ekranu_2021-05-19_112822.png\" alt=\"5\"><\/p>\n<h3>Podw\u00f3jny tryb pracy &#8211; wielo\u015b\u0107 zastosowa\u0144<\/h3>\n<p>Regulator doskonale nadaje si\u0119 do r\u00f3\u017cnych zastosowa\u0144. System AXE FOC Crawler wspiera podw\u00f3jny tryb pracy &#8211; nie tylko klasyczny \u201cdo przodu\/do ty\u0142u\u201d (rock crawler), ale te\u017c \u201cdo przodu\/do ty\u0142u z hamowaniem (normal)\u201d. Dzi\u0119ki temu z powodzeniem dostosujesz jego dzia\u0142anie do swoich potrzeb i wykorzystasz w dowolnej sytuacji.<\/p>\n<p><img decoding=\"async\" src=\"https:\/\/b2b.innpro.pl\/data\/include\/cms\/05Hobbywing\/AXE-550\/Zrzut_ekranu_2021-05-19_113040.png\" alt=\"6\"><\/p>\n<h3>Programowalne ustawienia &#8211; rozwi\u0144 wi\u0119ksze pr\u0119dko\u015bci<\/h3>\n<p>Szukasz ciekawych mo\u017cliwo\u015bci? Mamy dla Ciebie doskona\u0142\u0105 wiadomo\u015b\u0107! Opr\u00f3cz zwyk\u0142ych parametr\u00f3w gwarantuj\u0105cych optymalne dzia\u0142anie pojazdu dost\u0119pne s\u0105 r\u00f3wnie\u017c ustawienia timing\/boost, kt\u00f3re pozwol\u0105 Ci osi\u0105ga\u0107 wi\u0119ksze pr\u0119dko\u015bci. Na d\u0142ugich, wietrznych torach podobne mo\u017cliwo\u015bci cz\u0119sto okazuj\u0105 si\u0119 nieocenione!<\/p>\n<p><img decoding=\"async\" src=\"https:\/\/b2b.innpro.pl\/data\/include\/cms\/05Hobbywing\/AXE-550\/Zrzut_ekranu_2021-05-19_113131.png\" alt=\"7\"><\/p>\n<h3>Sprawd\u017a, co oferuje aplikacja<\/h3>\n<p>Zyskaj dost\u0119p do dodatkowych funkcji &#8211; zapewnia go aplikacja Hobbywing, kt\u00f3r\u0105 mo\u017cesz za darmo pobra\u0107 na sw\u00f3j telefon. Wbudowany modu\u0142 Bluetooth umo\u017cliwia szybkie i proste parowanie regulatora ze smartfonem &#8211; nie potrzebujesz dodatkowych kabli czy urz\u0105dze\u0144. Przegl\u0105daj zapisane dane, programuj ustawienia i w czasie rzeczywistym \u015bled\u017a parametry urz\u0105dze\u0144, takie jak na przyk\u0142ad napi\u0119cie, nat\u0119\u017cenie, RPM czy temperatura.<\/p>\n<p><img decoding=\"async\" src=\"https:\/\/b2b.innpro.pl\/data\/include\/cms\/05Hobbywing\/AXE-550\/Zrzut_ekranu_2021-05-19_112931.png\" alt=\"8\"><\/p>\n<h3>Niezawodne hamowanie<\/h3>\n<p>Ciesz si\u0119 mo\u017cliwo\u015bci\u0105 precyzyjnego dostosowywania hamulca &#8211; ustawisz nawet szybko\u015b\u0107 jego dzia\u0142ania! Dzi\u0119ki temu mo\u017cesz je\u017adzi\u0107 z zachowaniem du\u017cych pr\u0119dko\u015bci, nie obawiaj\u0105c si\u0119 gwa\u0142townych szarpni\u0119\u0107 lub zatrzyma\u0144 podczas zwalniania przepustnicy. Wszystko to zapewnia niezawodne hamowanie niemal w ka\u017cdej sytuacji.<\/p>\n<p><img decoding=\"async\" src=\"https:\/\/b2b.innpro.pl\/data\/include\/cms\/05Hobbywing\/AXE-550\/Zrzut_ekranu_2021-05-19_112904.png\" alt=\"9\"><\/p>\n<h3>Zaawansowany prze\u0142\u0105cznik elektroniczny i wewn\u0119trzny BEC<\/h3>\n<p>Axe R2 zosta\u0142 wyposa\u017cony w elektroniczny prze\u0142\u0105cznik, kt\u00f3ry zapewnia niezawodne dzia\u0142anie i bezpiecze\u0144stwo u\u017cytkowania. Jego wytrzyma\u0142a obudowa jest odporna na py\u0142, brud i wod\u0119. To pozwala przed\u0142u\u017cy\u0107 \u017cywotno\u015b\u0107 regulatora i unikn\u0105\u0107 problem\u00f3w, kt\u00f3re s\u0105 typowe dla standardowych prze\u0142\u0105cznik\u00f3w on\/off. Urz\u0105dzenie ma r\u00f3wnie\u017c wbudowany prze\u0142\u0105cznik trybu BEC z maksymalnym pr\u0105dem wyj\u015bciowym 13 A. Napi\u0119cie mo\u017cesz natomiast regulowa\u0107 w zakresie 6-7,4 V. To oznacza mo\u017cliwo\u015b\u0107 u\u017cywania r\u00f3\u017cnego rodzaju standardowych serw, serw wysokonapi\u0119ciowych oraz innych urz\u0105dze\u0144 peryferyjnych.<\/p>\n<p><img decoding=\"async\" src=\"https:\/\/b2b.innpro.pl\/data\/include\/cms\/05Hobbywing\/AXE-550\/Zrzut_ekranu_2021-05-19_113105.png\" alt=\"10\"><\/p>\n<h3>Precyzyjny koder magnetyczny<\/h3>\n<p>Silnik ma wbudowany koder magnetyczny o wysokiej precyzji, kt\u00f3ry przekazuje niezb\u0119dne informacje do regulatora. Dzi\u0119ki temu uk\u0142ad ESC otrzymuje wi\u0119cej danych, ni\u017c ma to miejsce w wypadku standardowych czujnik\u00f3w Halla. To z kolei przek\u0142ada si\u0119 na zwi\u0119kszon\u0105 wydajno\u015b\u0107 i efektywno\u015b\u0107 urz\u0105dze\u0144.<\/p>\n<p><img decoding=\"async\" src=\"https:\/\/b2b.innpro.pl\/data\/include\/cms\/05Hobbywing\/AXE-550\/Zrzut_ekranu_2021-05-19_114658.png\" alt=\"11\"><\/p>\n<div class=\"table-wrapper\">\n<h2>Specyfikacja regulatora<\/h2>\n<table>\n<tbody>\n<tr>\n<th>Nazwa produktu<\/th>\n<td>XeRun Axe<\/td>\n<\/tr>\n<tr>\n<th>Skala<\/th>\n<td>1:10<\/td>\n<\/tr>\n<tr>\n<th>Pr\u0105d ci\u0105g\u0142y \/ chwilowy<\/th>\n<td>80A \/ 480A<\/td>\n<\/tr>\n<tr>\n<th>Zasilanie<\/th>\n<td>2-3S LiPo, 6-9S NiMH<\/td>\n<\/tr>\n<tr>\n<th>Wyj\u015bcie BEC<\/th>\n<td>Prze\u0142\u0105cznik tryb\u00f3w: 6V\/7.4V &#8211; 6A<\/td>\n<\/tr>\n<tr>\n<th>Modu\u0142 Bluetooth<\/th>\n<td>Aktywny<\/td>\n<\/tr>\n<tr>\n<th>Aktualizacja softu<\/th>\n<td>Aktywny<\/td>\n<\/tr>\n<tr>\n<th>Rozmiar<\/th>\n<td>47.4 x 36.2 x 26.5mm<\/td>\n<\/tr>\n<tr>\n<th>Waga<\/th>\n<td>108g<\/td>\n<\/tr>\n<tr>\n<th>Dedykowane<\/th>\n<td>1\/10th Rock Crawler<\/td>\n<\/tr>\n<\/tbody>\n<\/table>\n<p><\/br><\/p>\n<h2>Specyfikacja silnika<\/h2>\n<table>\n<tbody>\n<tr>\n<th>Poles<\/th>\n<td>4<\/td>\n<\/tr>\n<tr>\n<th>LiPo<\/th>\n<td>2S-3S<\/td>\n<\/tr>\n<tr>\n<th>Pr\u0105d<\/th>\n<td>4.7A<\/td>\n<\/tr>\n<tr>\n<th>\u015arednica<\/th>\n<td>36,0 mm<\/td>\n<\/tr>\n<tr>\n<th>D\u0142ugo\u015b\u0107<\/th>\n<td>63,8 mm<\/td>\n<\/tr>\n<tr>\n<th>D\u0142ugo\u015b\u0107 wa\u0142u<\/th>\n<td>16 mm<\/td>\n<\/tr>\n<tr>\n<th>\u015arednica wa\u0142u<\/th>\n<td>5,0 mm<\/td>\n<\/tr>\n<tr>\n<th>Waga<\/th>\n<td>274 gram<\/td>\n<\/tr>\n<tr>\n<th>Silnik<\/th>\n<td>3300 kV<\/td>\n<\/tr>\n<\/tbody>\n<\/table>\n<\/div>\n","protected":false},"excerpt":{"rendered":"<p>Zestaw nap\u0119dowy Hobbywing AXE550 R2-3300kV BLS Ten przeznaczony dla rock crawler\u00f3w zestaw nap\u0119dowy marki Hobbywing zapewnia niezawodne dzia\u0142anie i wydajno\u015b\u0107.<\/p>\n","protected":false},"featured_media":27777,"comment_status":"closed","ping_status":"open","template":"","meta":{"_acf_changed":false},"product_brand":[],"product_cat":[1169,1180,1187],"product_tag":[],"class_list":{"0":"post-27776","1":"product","2":"type-product","3":"status-publish","4":"has-post-thumbnail","6":"product_cat-modele-rc","7":"product_cat-napedy","8":"product_cat-zestawy-napedowe","9":"pa_box-height-1453","10":"pa_box-length-1410","11":"pa_box-width-2101","12":"pa_gross-weight-2487","13":"pa_net-weight-2486","14":"pa_waga-netto-regulatora-g-2438","15":"pa_waga-netto-silnika-g-2489","17":"first","18":"outofstock","19":"taxable","20":"shipping-taxable","21":"product-type-simple"},"acf":[],"yoast_head":"<!-- This site is optimized with the Yoast SEO plugin v27.2 - https:\/\/yoast.com\/product\/yoast-seo-wordpress\/ -->\n<title>Zestaw nap\u0119dowy Hobbywing AXE550 R2-3300kV BLS - IRONSKY.PL Sklep z Dronami<\/title>\n<meta name=\"description\" content=\"Zestaw nap\u0119dowy Hobbywing AXE550 R2-3300kV BLS - \u2705 sklep z dronami i fachowym doradztwem. \u2705 Tutaj kupisz produkty DJI, Yuneec, Parrot, Syma i wiele innych, a tak\u017ce kursy i licencje na operatora drona.\" \/>\n<meta name=\"robots\" content=\"index, follow, max-snippet:-1, max-image-preview:large, max-video-preview:-1\" \/>\n<link rel=\"canonical\" href=\"https:\/\/ironsky.pl\/sklep\/produkt\/zestaw-napedowy-hobbywing-axe550-r2-3300kv-bls\/\" \/>\n<meta property=\"og:locale\" content=\"pl_PL\" \/>\n<meta property=\"og:type\" content=\"article\" \/>\n<meta property=\"og:title\" content=\"Zestaw nap\u0119dowy Hobbywing AXE550 R2-3300kV BLS - IRONSKY.PL Sklep z Dronami\" \/>\n<meta property=\"og:description\" content=\"Zestaw nap\u0119dowy Hobbywing AXE550 R2-3300kV BLS - \u2705 sklep z dronami i fachowym doradztwem. \u2705 Tutaj kupisz produkty DJI, Yuneec, Parrot, Syma i wiele innych, a tak\u017ce kursy i licencje na operatora drona.\" \/>\n<meta property=\"og:url\" content=\"https:\/\/ironsky.pl\/sklep\/produkt\/zestaw-napedowy-hobbywing-axe550-r2-3300kv-bls\/\" \/>\n<meta property=\"og:site_name\" content=\"IRONSKY.PL Sklep z Dronami\" \/>\n<meta property=\"article:modified_time\" content=\"2026-03-05T14:53:18+00:00\" \/>\n<meta property=\"og:image\" content=\"https:\/\/ironsky.pl\/sklep\/wp-content\/uploads\/2024\/09\/19987_1.jpg\" \/>\n\t<meta property=\"og:image:width\" content=\"1200\" \/>\n\t<meta property=\"og:image:height\" content=\"800\" \/>\n\t<meta property=\"og:image:type\" content=\"image\/jpeg\" \/>\n<meta name=\"twitter:card\" content=\"summary_large_image\" \/>\n<meta name=\"twitter:label1\" content=\"Szacowany czas czytania\" \/>\n\t<meta name=\"twitter:data1\" content=\"5 minut\" \/>\n<script type=\"application\/ld+json\" class=\"yoast-schema-graph\">{\"@context\":\"https:\/\/schema.org\",\"@graph\":[{\"@type\":\"WebPage\",\"@id\":\"https:\/\/ironsky.pl\/sklep\/produkt\/zestaw-napedowy-hobbywing-axe550-r2-3300kv-bls\/\",\"url\":\"https:\/\/ironsky.pl\/sklep\/produkt\/zestaw-napedowy-hobbywing-axe550-r2-3300kv-bls\/\",\"name\":\"Zestaw nap\u0119dowy Hobbywing AXE550 R2-3300kV BLS - IRONSKY.PL Sklep z Dronami\",\"isPartOf\":{\"@id\":\"https:\/\/ironsky.pl\/sklep\/#website\"},\"primaryImageOfPage\":{\"@id\":\"https:\/\/ironsky.pl\/sklep\/produkt\/zestaw-napedowy-hobbywing-axe550-r2-3300kv-bls\/#primaryimage\"},\"image\":{\"@id\":\"https:\/\/ironsky.pl\/sklep\/produkt\/zestaw-napedowy-hobbywing-axe550-r2-3300kv-bls\/#primaryimage\"},\"thumbnailUrl\":\"https:\/\/ironsky.pl\/sklep\/wp-content\/uploads\/2024\/09\/19987_1.jpg\",\"datePublished\":\"2024-09-16T18:22:08+00:00\",\"dateModified\":\"2026-03-05T14:53:18+00:00\",\"description\":\"Zestaw nap\u0119dowy Hobbywing AXE550 R2-3300kV BLS - \u2705 sklep z dronami i fachowym doradztwem. \u2705 Tutaj kupisz produkty DJI, Yuneec, Parrot, Syma i wiele innych, a tak\u017ce kursy i licencje na operatora drona.\",\"breadcrumb\":{\"@id\":\"https:\/\/ironsky.pl\/sklep\/produkt\/zestaw-napedowy-hobbywing-axe550-r2-3300kv-bls\/#breadcrumb\"},\"inLanguage\":\"pl-PL\",\"potentialAction\":[{\"@type\":\"ReadAction\",\"target\":[\"https:\/\/ironsky.pl\/sklep\/produkt\/zestaw-napedowy-hobbywing-axe550-r2-3300kv-bls\/\"]}]},{\"@type\":\"ImageObject\",\"inLanguage\":\"pl-PL\",\"@id\":\"https:\/\/ironsky.pl\/sklep\/produkt\/zestaw-napedowy-hobbywing-axe550-r2-3300kv-bls\/#primaryimage\",\"url\":\"https:\/\/ironsky.pl\/sklep\/wp-content\/uploads\/2024\/09\/19987_1.jpg\",\"contentUrl\":\"https:\/\/ironsky.pl\/sklep\/wp-content\/uploads\/2024\/09\/19987_1.jpg\",\"width\":1200,\"height\":800},{\"@type\":\"BreadcrumbList\",\"@id\":\"https:\/\/ironsky.pl\/sklep\/produkt\/zestaw-napedowy-hobbywing-axe550-r2-3300kv-bls\/#breadcrumb\",\"itemListElement\":[{\"@type\":\"ListItem\",\"position\":1,\"name\":\"Strona g\u0142\u00f3wna\",\"item\":\"https:\/\/ironsky.pl\/sklep\/\"},{\"@type\":\"ListItem\",\"position\":2,\"name\":\"Wszystkie produkty\",\"item\":\"https:\/\/ironsky.pl\/sklep\/produkty\/\"},{\"@type\":\"ListItem\",\"position\":3,\"name\":\"Zestaw nap\u0119dowy Hobbywing AXE550 R2-3300kV BLS\"}]},{\"@type\":\"WebSite\",\"@id\":\"https:\/\/ironsky.pl\/sklep\/#website\",\"url\":\"https:\/\/ironsky.pl\/sklep\/\",\"name\":\"IRONSKY.PL Sklep z Dronami\",\"description\":\"IRONSKY.PL Sklep z Dronami\",\"potentialAction\":[{\"@type\":\"SearchAction\",\"target\":{\"@type\":\"EntryPoint\",\"urlTemplate\":\"https:\/\/ironsky.pl\/sklep\/?s={search_term_string}\"},\"query-input\":{\"@type\":\"PropertyValueSpecification\",\"valueRequired\":true,\"valueName\":\"search_term_string\"}}],\"inLanguage\":\"pl-PL\"}]}<\/script>\n<!-- \/ Yoast SEO plugin. -->","yoast_head_json":{"title":"Zestaw nap\u0119dowy Hobbywing AXE550 R2-3300kV BLS - IRONSKY.PL Sklep z Dronami","description":"Zestaw nap\u0119dowy Hobbywing AXE550 R2-3300kV BLS - \u2705 sklep z dronami i fachowym doradztwem. \u2705 Tutaj kupisz produkty DJI, Yuneec, Parrot, Syma i wiele innych, a tak\u017ce kursy i licencje na operatora drona.","robots":{"index":"index","follow":"follow","max-snippet":"max-snippet:-1","max-image-preview":"max-image-preview:large","max-video-preview":"max-video-preview:-1"},"canonical":"https:\/\/ironsky.pl\/sklep\/produkt\/zestaw-napedowy-hobbywing-axe550-r2-3300kv-bls\/","og_locale":"pl_PL","og_type":"article","og_title":"Zestaw nap\u0119dowy Hobbywing AXE550 R2-3300kV BLS - IRONSKY.PL Sklep z Dronami","og_description":"Zestaw nap\u0119dowy Hobbywing AXE550 R2-3300kV BLS - \u2705 sklep z dronami i fachowym doradztwem. \u2705 Tutaj kupisz produkty DJI, Yuneec, Parrot, Syma i wiele innych, a tak\u017ce kursy i licencje na operatora drona.","og_url":"https:\/\/ironsky.pl\/sklep\/produkt\/zestaw-napedowy-hobbywing-axe550-r2-3300kv-bls\/","og_site_name":"IRONSKY.PL Sklep z Dronami","article_modified_time":"2026-03-05T14:53:18+00:00","og_image":[{"width":1200,"height":800,"url":"https:\/\/ironsky.pl\/sklep\/wp-content\/uploads\/2024\/09\/19987_1.jpg","type":"image\/jpeg"}],"twitter_card":"summary_large_image","twitter_misc":{"Szacowany czas czytania":"5 minut"},"schema":{"@context":"https:\/\/schema.org","@graph":[{"@type":"WebPage","@id":"https:\/\/ironsky.pl\/sklep\/produkt\/zestaw-napedowy-hobbywing-axe550-r2-3300kv-bls\/","url":"https:\/\/ironsky.pl\/sklep\/produkt\/zestaw-napedowy-hobbywing-axe550-r2-3300kv-bls\/","name":"Zestaw nap\u0119dowy Hobbywing AXE550 R2-3300kV BLS - IRONSKY.PL Sklep z Dronami","isPartOf":{"@id":"https:\/\/ironsky.pl\/sklep\/#website"},"primaryImageOfPage":{"@id":"https:\/\/ironsky.pl\/sklep\/produkt\/zestaw-napedowy-hobbywing-axe550-r2-3300kv-bls\/#primaryimage"},"image":{"@id":"https:\/\/ironsky.pl\/sklep\/produkt\/zestaw-napedowy-hobbywing-axe550-r2-3300kv-bls\/#primaryimage"},"thumbnailUrl":"https:\/\/ironsky.pl\/sklep\/wp-content\/uploads\/2024\/09\/19987_1.jpg","datePublished":"2024-09-16T18:22:08+00:00","dateModified":"2026-03-05T14:53:18+00:00","description":"Zestaw nap\u0119dowy Hobbywing AXE550 R2-3300kV BLS - \u2705 sklep z dronami i fachowym doradztwem. \u2705 Tutaj kupisz produkty DJI, Yuneec, Parrot, Syma i wiele innych, a tak\u017ce kursy i licencje na operatora drona.","breadcrumb":{"@id":"https:\/\/ironsky.pl\/sklep\/produkt\/zestaw-napedowy-hobbywing-axe550-r2-3300kv-bls\/#breadcrumb"},"inLanguage":"pl-PL","potentialAction":[{"@type":"ReadAction","target":["https:\/\/ironsky.pl\/sklep\/produkt\/zestaw-napedowy-hobbywing-axe550-r2-3300kv-bls\/"]}]},{"@type":"ImageObject","inLanguage":"pl-PL","@id":"https:\/\/ironsky.pl\/sklep\/produkt\/zestaw-napedowy-hobbywing-axe550-r2-3300kv-bls\/#primaryimage","url":"https:\/\/ironsky.pl\/sklep\/wp-content\/uploads\/2024\/09\/19987_1.jpg","contentUrl":"https:\/\/ironsky.pl\/sklep\/wp-content\/uploads\/2024\/09\/19987_1.jpg","width":1200,"height":800},{"@type":"BreadcrumbList","@id":"https:\/\/ironsky.pl\/sklep\/produkt\/zestaw-napedowy-hobbywing-axe550-r2-3300kv-bls\/#breadcrumb","itemListElement":[{"@type":"ListItem","position":1,"name":"Strona g\u0142\u00f3wna","item":"https:\/\/ironsky.pl\/sklep\/"},{"@type":"ListItem","position":2,"name":"Wszystkie produkty","item":"https:\/\/ironsky.pl\/sklep\/produkty\/"},{"@type":"ListItem","position":3,"name":"Zestaw nap\u0119dowy Hobbywing AXE550 R2-3300kV BLS"}]},{"@type":"WebSite","@id":"https:\/\/ironsky.pl\/sklep\/#website","url":"https:\/\/ironsky.pl\/sklep\/","name":"IRONSKY.PL Sklep z Dronami","description":"IRONSKY.PL Sklep z Dronami","potentialAction":[{"@type":"SearchAction","target":{"@type":"EntryPoint","urlTemplate":"https:\/\/ironsky.pl\/sklep\/?s={search_term_string}"},"query-input":{"@type":"PropertyValueSpecification","valueRequired":true,"valueName":"search_term_string"}}],"inLanguage":"pl-PL"}]}},"_links":{"self":[{"href":"https:\/\/ironsky.pl\/sklep\/wp-json\/wp\/v2\/product\/27776","targetHints":{"allow":["GET"]}}],"collection":[{"href":"https:\/\/ironsky.pl\/sklep\/wp-json\/wp\/v2\/product"}],"about":[{"href":"https:\/\/ironsky.pl\/sklep\/wp-json\/wp\/v2\/types\/product"}],"replies":[{"embeddable":true,"href":"https:\/\/ironsky.pl\/sklep\/wp-json\/wp\/v2\/comments?post=27776"}],"wp:featuredmedia":[{"embeddable":true,"href":"https:\/\/ironsky.pl\/sklep\/wp-json\/wp\/v2\/media\/27777"}],"wp:attachment":[{"href":"https:\/\/ironsky.pl\/sklep\/wp-json\/wp\/v2\/media?parent=27776"}],"wp:term":[{"taxonomy":"product_brand","embeddable":true,"href":"https:\/\/ironsky.pl\/sklep\/wp-json\/wp\/v2\/product_brand?post=27776"},{"taxonomy":"product_cat","embeddable":true,"href":"https:\/\/ironsky.pl\/sklep\/wp-json\/wp\/v2\/product_cat?post=27776"},{"taxonomy":"product_tag","embeddable":true,"href":"https:\/\/ironsky.pl\/sklep\/wp-json\/wp\/v2\/product_tag?post=27776"}],"curies":[{"name":"wp","href":"https:\/\/api.w.org\/{rel}","templated":true}]}}