{"id":27717,"date":"2024-09-16T20:21:06","date_gmt":"2024-09-16T18:21:06","guid":{"rendered":"http:\/\/gvshalph.pro-linuxpl.com\/ironskyprodukty\/produkt\/zestaw-flysky-nadajnik-fs-i6x-odbiornik-ia10b-10-kanalow-afhds-2a\/"},"modified":"2026-03-05T15:53:16","modified_gmt":"2026-03-05T14:53:16","slug":"zestaw-flysky-nadajnik-fs-i6x-odbiornik-ia10b-10-kanalow-afhds-2a","status":"publish","type":"product","link":"https:\/\/ironsky.pl\/sklep\/produkt\/zestaw-flysky-nadajnik-fs-i6x-odbiornik-ia10b-10-kanalow-afhds-2a\/","title":{"rendered":"Zestaw FlySky nadajnik FS-i6X + odbiornik iA10B, 10 kana\u0142\u00f3w AFHDS 2A"},"content":{"rendered":"<h3>Zestaw FlySky nadajnik FS-i6X + odbiornik iA10B, 10 kana\u0142\u00f3w AFHDS 2A<\/h3>\n<p>Nadajnik z wyborem liczby kana\u0142\u00f3w od 6 do 10 (domy\u015blnie 6) przeznaczony dla zdalnie sterowanych modeli lataj\u0105cych &#8211; szybowc\u00f3w, samolot\u00f3w, helikopter\u00f3w itd. Nadajnik posiada czytelny wy\u015bwietlacz LCD z pod\u015bwietleniem. Urz\u0105dzenie pracuje w systemie AFHDS \/ AFHDS2 na cz\u0119stotliwo\u015bci 2,4 GHz. \u00a0Cyfrowe trymer \u00a0i \u0142atwe programowanie wyr\u00f3\u017cniaj\u0105 ten nadajnik na tle innych modeli, a komfortu dodaje tak\u017ce prze\u0142\u0105czniki \u00a0i pokr\u0119t\u0142a zmiany trybu lotu, ustawienia klap itp. Co wi\u0119cej,\u00a0nadajnik mo\u017cna rozszerza\u0107 za pomoc\u0105 opcjonalnych odbiornik\u00f3w telemetrycznych i szerokiego zakresu\u00a0czujnik\u00f3w. 10-kana\u0142owy Odbiornik iA10B posiada funkcje przeciwzak\u0142\u00f3ceniowe i wysok\u0105 czu\u0142o\u015b\u0107 pracy. Zestaw oferuje zasi\u0119g nawet do 1 kilometra.\u00a0<\/p>\n<p>\n<img decoding=\"async\" src=\"https:\/\/assets.innpro.pl\/7939\/9203\/1.jpg\" border=\"0\" \/>\n<\/p>\n<div class=\"table-wrapper\">\n<p>\u00a0<\/p>\n<h3>Nadajnik<\/h3>\n<table>\n<tbody>\n<tr>\n<th>Wymiary <\/th>\n<td>174 mm x 190 mm x 89 mm<\/td>\n<\/tr>\n<tr>\n<th>Waga <\/th>\n<td>392 g<\/td>\n<\/tr>\n<tr>\n<th>D\u0142ugo\u015b\u0107 anteny <\/th>\n<td>26 mm (dwie anteny)<\/td>\n<\/tr>\n<tr>\n<th>Ilo\u015b\u0107 kana\u0142\u00f3w <\/th>\n<td>6-10<\/td>\n<\/tr>\n<tr>\n<th>Zasilanie <\/th>\n<td>4 baterie AA (brak w zestawie)<\/td>\n<\/tr>\n<tr>\n<th>Cz\u0119stotliwo\u015b\u0107 pracy <\/th>\n<td>2,4 &#8211; 2,48 GHz<\/td>\n<\/tr>\n<tr>\n<th>Modulacja <\/th>\n<td>GFSK<\/td>\n<\/tr>\n<tr>\n<th>Zastosowanie <\/th>\n<td>Samoloty, szybowce, helikoptery, drony<\/td>\n<\/tr>\n<tr>\n<th>Ekran <\/th>\n<td>LCD 128&#215;64 z bia\u0142ym pod\u015bwietleniem<\/td>\n<\/tr>\n<tr>\n<th>Podstawowe programowalne funkcje <\/th>\n<td>Dual rates, pozycja neutralna serwa, krzywa gazu, czu\u0142o\u015b\u0107 gyro, odwr\u00f3cenie kana\u0142u, utrzymanie obrot\u00f3w silnika itd.<\/td>\n<\/tr>\n<\/tbody>\n<\/table>\n<p>\u00a0<\/p>\n<h3>Odbiornik<\/h3>\n<table>\n<tbody>\n<tr>\n<th>Ilo\u015b\u0107 kana\u0142\u00f3w <\/th>\n<td>10<\/td>\n<\/tr>\n<tr>\n<th>Zasi\u0119g <\/th>\n<td>Do 1 km<\/td>\n<\/tr>\n<tr>\n<th>Modulacja <\/th>\n<td>GFSK<\/td>\n<\/tr>\n<tr>\n<th>Wymiary <\/th>\n<td>51 mm x 34 mm x 15 mm<\/td>\n<\/tr>\n<tr>\n<th>Waga <\/th>\n<td>19,3 g<\/td>\n<\/tr>\n<\/tbody>\n<\/table>\n<\/div>\n","protected":false},"excerpt":{"rendered":"<p>Zestaw FlySky nadajnik FS-i6X + odbiornik iA10B, 10 kana\u0142\u00f3w AFHDS 2A Nadajnik z wyborem liczby kana\u0142\u00f3w od 6 do 10<\/p>\n","protected":false},"featured_media":27718,"comment_status":"closed","ping_status":"open","template":"","meta":{"_acf_changed":false},"product_brand":[],"product_cat":[1177,1169,1178],"product_tag":[],"class_list":{"0":"post-27717","1":"product","2":"type-product","3":"status-publish","4":"has-post-thumbnail","6":"product_cat-aparatury","7":"product_cat-modele-rc","8":"product_cat-nadajniki","9":"pa_box-height-1402","10":"pa_box-length-1403","11":"pa_box-width-1401","12":"pa_gross-weight-2205","13":"pa_hs-code-1396","14":"pa_ilosc-kanalow-1605","15":"pa_net-weight-2204","16":"pa_zasilanie-bateryjne","18":"first","19":"outofstock","20":"taxable","21":"shipping-taxable","22":"purchasable","23":"product-type-simple"},"acf":[],"yoast_head":"<!-- This site is optimized with the Yoast SEO plugin v27.2 - https:\/\/yoast.com\/product\/yoast-seo-wordpress\/ -->\n<title>Zestaw FlySky nadajnik FS-i6X + odbiornik iA10B, 10 kana\u0142\u00f3w AFHDS 2A - IRONSKY.PL Sklep z Dronami<\/title>\n<meta name=\"description\" content=\"Zestaw FlySky nadajnik FS-i6X + odbiornik iA10B, 10 kana\u0142\u00f3w AFHDS 2A - \u2705 sklep z dronami i fachowym doradztwem. \u2705 Tutaj kupisz produkty DJI, Yuneec, Parrot, Syma i wiele innych, a tak\u017ce kursy i licencje na operatora drona.\" \/>\n<meta name=\"robots\" content=\"index, follow, max-snippet:-1, max-image-preview:large, max-video-preview:-1\" \/>\n<link rel=\"canonical\" href=\"https:\/\/ironsky.pl\/sklep\/produkt\/zestaw-flysky-nadajnik-fs-i6x-odbiornik-ia10b-10-kanalow-afhds-2a\/\" \/>\n<meta property=\"og:locale\" content=\"pl_PL\" \/>\n<meta property=\"og:type\" content=\"article\" \/>\n<meta property=\"og:title\" content=\"Zestaw FlySky nadajnik FS-i6X + odbiornik iA10B, 10 kana\u0142\u00f3w AFHDS 2A - IRONSKY.PL Sklep z Dronami\" \/>\n<meta property=\"og:description\" content=\"Zestaw FlySky nadajnik FS-i6X + odbiornik iA10B, 10 kana\u0142\u00f3w AFHDS 2A - \u2705 sklep z dronami i fachowym doradztwem. \u2705 Tutaj kupisz produkty DJI, Yuneec, Parrot, Syma i wiele innych, a tak\u017ce kursy i licencje na operatora drona.\" \/>\n<meta property=\"og:url\" content=\"https:\/\/ironsky.pl\/sklep\/produkt\/zestaw-flysky-nadajnik-fs-i6x-odbiornik-ia10b-10-kanalow-afhds-2a\/\" \/>\n<meta property=\"og:site_name\" content=\"IRONSKY.PL Sklep z Dronami\" \/>\n<meta property=\"article:modified_time\" content=\"2026-03-05T14:53:16+00:00\" \/>\n<meta property=\"og:image\" content=\"https:\/\/ironsky.pl\/sklep\/wp-content\/uploads\/2024\/09\/18040_5.jpg\" \/>\n\t<meta property=\"og:image:width\" content=\"800\" \/>\n\t<meta property=\"og:image:height\" content=\"800\" \/>\n\t<meta property=\"og:image:type\" content=\"image\/jpeg\" \/>\n<meta name=\"twitter:card\" content=\"summary_large_image\" \/>\n<meta name=\"twitter:label1\" content=\"Szacowany czas czytania\" \/>\n\t<meta name=\"twitter:data1\" content=\"1 minuta\" \/>\n<script type=\"application\/ld+json\" class=\"yoast-schema-graph\">{\"@context\":\"https:\/\/schema.org\",\"@graph\":[{\"@type\":\"WebPage\",\"@id\":\"https:\/\/ironsky.pl\/sklep\/produkt\/zestaw-flysky-nadajnik-fs-i6x-odbiornik-ia10b-10-kanalow-afhds-2a\/\",\"url\":\"https:\/\/ironsky.pl\/sklep\/produkt\/zestaw-flysky-nadajnik-fs-i6x-odbiornik-ia10b-10-kanalow-afhds-2a\/\",\"name\":\"Zestaw FlySky nadajnik FS-i6X + odbiornik iA10B, 10 kana\u0142\u00f3w AFHDS 2A - IRONSKY.PL Sklep z Dronami\",\"isPartOf\":{\"@id\":\"https:\/\/ironsky.pl\/sklep\/#website\"},\"primaryImageOfPage\":{\"@id\":\"https:\/\/ironsky.pl\/sklep\/produkt\/zestaw-flysky-nadajnik-fs-i6x-odbiornik-ia10b-10-kanalow-afhds-2a\/#primaryimage\"},\"image\":{\"@id\":\"https:\/\/ironsky.pl\/sklep\/produkt\/zestaw-flysky-nadajnik-fs-i6x-odbiornik-ia10b-10-kanalow-afhds-2a\/#primaryimage\"},\"thumbnailUrl\":\"https:\/\/ironsky.pl\/sklep\/wp-content\/uploads\/2024\/09\/18040_5.jpg\",\"datePublished\":\"2024-09-16T18:21:06+00:00\",\"dateModified\":\"2026-03-05T14:53:16+00:00\",\"description\":\"Zestaw FlySky nadajnik FS-i6X + odbiornik iA10B, 10 kana\u0142\u00f3w AFHDS 2A - \u2705 sklep z dronami i fachowym doradztwem. \u2705 Tutaj kupisz produkty DJI, Yuneec, Parrot, Syma i wiele innych, a tak\u017ce kursy i licencje na operatora drona.\",\"breadcrumb\":{\"@id\":\"https:\/\/ironsky.pl\/sklep\/produkt\/zestaw-flysky-nadajnik-fs-i6x-odbiornik-ia10b-10-kanalow-afhds-2a\/#breadcrumb\"},\"inLanguage\":\"pl-PL\",\"potentialAction\":[{\"@type\":\"ReadAction\",\"target\":[\"https:\/\/ironsky.pl\/sklep\/produkt\/zestaw-flysky-nadajnik-fs-i6x-odbiornik-ia10b-10-kanalow-afhds-2a\/\"]}]},{\"@type\":\"ImageObject\",\"inLanguage\":\"pl-PL\",\"@id\":\"https:\/\/ironsky.pl\/sklep\/produkt\/zestaw-flysky-nadajnik-fs-i6x-odbiornik-ia10b-10-kanalow-afhds-2a\/#primaryimage\",\"url\":\"https:\/\/ironsky.pl\/sklep\/wp-content\/uploads\/2024\/09\/18040_5.jpg\",\"contentUrl\":\"https:\/\/ironsky.pl\/sklep\/wp-content\/uploads\/2024\/09\/18040_5.jpg\",\"width\":800,\"height\":800},{\"@type\":\"BreadcrumbList\",\"@id\":\"https:\/\/ironsky.pl\/sklep\/produkt\/zestaw-flysky-nadajnik-fs-i6x-odbiornik-ia10b-10-kanalow-afhds-2a\/#breadcrumb\",\"itemListElement\":[{\"@type\":\"ListItem\",\"position\":1,\"name\":\"Strona g\u0142\u00f3wna\",\"item\":\"https:\/\/ironsky.pl\/sklep\/\"},{\"@type\":\"ListItem\",\"position\":2,\"name\":\"Wszystkie produkty\",\"item\":\"https:\/\/ironsky.pl\/sklep\/produkty\/\"},{\"@type\":\"ListItem\",\"position\":3,\"name\":\"Zestaw FlySky nadajnik FS-i6X + odbiornik iA10B, 10 kana\u0142\u00f3w AFHDS 2A\"}]},{\"@type\":\"WebSite\",\"@id\":\"https:\/\/ironsky.pl\/sklep\/#website\",\"url\":\"https:\/\/ironsky.pl\/sklep\/\",\"name\":\"IRONSKY.PL Sklep z Dronami\",\"description\":\"IRONSKY.PL Sklep z Dronami\",\"potentialAction\":[{\"@type\":\"SearchAction\",\"target\":{\"@type\":\"EntryPoint\",\"urlTemplate\":\"https:\/\/ironsky.pl\/sklep\/?s={search_term_string}\"},\"query-input\":{\"@type\":\"PropertyValueSpecification\",\"valueRequired\":true,\"valueName\":\"search_term_string\"}}],\"inLanguage\":\"pl-PL\"}]}<\/script>\n<!-- \/ Yoast SEO plugin. -->","yoast_head_json":{"title":"Zestaw FlySky nadajnik FS-i6X + odbiornik iA10B, 10 kana\u0142\u00f3w AFHDS 2A - IRONSKY.PL Sklep z Dronami","description":"Zestaw FlySky nadajnik FS-i6X + odbiornik iA10B, 10 kana\u0142\u00f3w AFHDS 2A - \u2705 sklep z dronami i fachowym doradztwem. \u2705 Tutaj kupisz produkty DJI, Yuneec, Parrot, Syma i wiele innych, a tak\u017ce kursy i licencje na operatora drona.","robots":{"index":"index","follow":"follow","max-snippet":"max-snippet:-1","max-image-preview":"max-image-preview:large","max-video-preview":"max-video-preview:-1"},"canonical":"https:\/\/ironsky.pl\/sklep\/produkt\/zestaw-flysky-nadajnik-fs-i6x-odbiornik-ia10b-10-kanalow-afhds-2a\/","og_locale":"pl_PL","og_type":"article","og_title":"Zestaw FlySky nadajnik FS-i6X + odbiornik iA10B, 10 kana\u0142\u00f3w AFHDS 2A - IRONSKY.PL Sklep z Dronami","og_description":"Zestaw FlySky nadajnik FS-i6X + odbiornik iA10B, 10 kana\u0142\u00f3w AFHDS 2A - \u2705 sklep z dronami i fachowym doradztwem. \u2705 Tutaj kupisz produkty DJI, Yuneec, Parrot, Syma i wiele innych, a tak\u017ce kursy i licencje na operatora drona.","og_url":"https:\/\/ironsky.pl\/sklep\/produkt\/zestaw-flysky-nadajnik-fs-i6x-odbiornik-ia10b-10-kanalow-afhds-2a\/","og_site_name":"IRONSKY.PL Sklep z Dronami","article_modified_time":"2026-03-05T14:53:16+00:00","og_image":[{"width":800,"height":800,"url":"https:\/\/ironsky.pl\/sklep\/wp-content\/uploads\/2024\/09\/18040_5.jpg","type":"image\/jpeg"}],"twitter_card":"summary_large_image","twitter_misc":{"Szacowany czas czytania":"1 minuta"},"schema":{"@context":"https:\/\/schema.org","@graph":[{"@type":"WebPage","@id":"https:\/\/ironsky.pl\/sklep\/produkt\/zestaw-flysky-nadajnik-fs-i6x-odbiornik-ia10b-10-kanalow-afhds-2a\/","url":"https:\/\/ironsky.pl\/sklep\/produkt\/zestaw-flysky-nadajnik-fs-i6x-odbiornik-ia10b-10-kanalow-afhds-2a\/","name":"Zestaw FlySky nadajnik FS-i6X + odbiornik iA10B, 10 kana\u0142\u00f3w AFHDS 2A - IRONSKY.PL Sklep z Dronami","isPartOf":{"@id":"https:\/\/ironsky.pl\/sklep\/#website"},"primaryImageOfPage":{"@id":"https:\/\/ironsky.pl\/sklep\/produkt\/zestaw-flysky-nadajnik-fs-i6x-odbiornik-ia10b-10-kanalow-afhds-2a\/#primaryimage"},"image":{"@id":"https:\/\/ironsky.pl\/sklep\/produkt\/zestaw-flysky-nadajnik-fs-i6x-odbiornik-ia10b-10-kanalow-afhds-2a\/#primaryimage"},"thumbnailUrl":"https:\/\/ironsky.pl\/sklep\/wp-content\/uploads\/2024\/09\/18040_5.jpg","datePublished":"2024-09-16T18:21:06+00:00","dateModified":"2026-03-05T14:53:16+00:00","description":"Zestaw FlySky nadajnik FS-i6X + odbiornik iA10B, 10 kana\u0142\u00f3w AFHDS 2A - \u2705 sklep z dronami i fachowym doradztwem. \u2705 Tutaj kupisz produkty DJI, Yuneec, Parrot, Syma i wiele innych, a tak\u017ce kursy i licencje na operatora drona.","breadcrumb":{"@id":"https:\/\/ironsky.pl\/sklep\/produkt\/zestaw-flysky-nadajnik-fs-i6x-odbiornik-ia10b-10-kanalow-afhds-2a\/#breadcrumb"},"inLanguage":"pl-PL","potentialAction":[{"@type":"ReadAction","target":["https:\/\/ironsky.pl\/sklep\/produkt\/zestaw-flysky-nadajnik-fs-i6x-odbiornik-ia10b-10-kanalow-afhds-2a\/"]}]},{"@type":"ImageObject","inLanguage":"pl-PL","@id":"https:\/\/ironsky.pl\/sklep\/produkt\/zestaw-flysky-nadajnik-fs-i6x-odbiornik-ia10b-10-kanalow-afhds-2a\/#primaryimage","url":"https:\/\/ironsky.pl\/sklep\/wp-content\/uploads\/2024\/09\/18040_5.jpg","contentUrl":"https:\/\/ironsky.pl\/sklep\/wp-content\/uploads\/2024\/09\/18040_5.jpg","width":800,"height":800},{"@type":"BreadcrumbList","@id":"https:\/\/ironsky.pl\/sklep\/produkt\/zestaw-flysky-nadajnik-fs-i6x-odbiornik-ia10b-10-kanalow-afhds-2a\/#breadcrumb","itemListElement":[{"@type":"ListItem","position":1,"name":"Strona g\u0142\u00f3wna","item":"https:\/\/ironsky.pl\/sklep\/"},{"@type":"ListItem","position":2,"name":"Wszystkie produkty","item":"https:\/\/ironsky.pl\/sklep\/produkty\/"},{"@type":"ListItem","position":3,"name":"Zestaw FlySky nadajnik FS-i6X + odbiornik iA10B, 10 kana\u0142\u00f3w AFHDS 2A"}]},{"@type":"WebSite","@id":"https:\/\/ironsky.pl\/sklep\/#website","url":"https:\/\/ironsky.pl\/sklep\/","name":"IRONSKY.PL Sklep z Dronami","description":"IRONSKY.PL Sklep z Dronami","potentialAction":[{"@type":"SearchAction","target":{"@type":"EntryPoint","urlTemplate":"https:\/\/ironsky.pl\/sklep\/?s={search_term_string}"},"query-input":{"@type":"PropertyValueSpecification","valueRequired":true,"valueName":"search_term_string"}}],"inLanguage":"pl-PL"}]}},"_links":{"self":[{"href":"https:\/\/ironsky.pl\/sklep\/wp-json\/wp\/v2\/product\/27717","targetHints":{"allow":["GET"]}}],"collection":[{"href":"https:\/\/ironsky.pl\/sklep\/wp-json\/wp\/v2\/product"}],"about":[{"href":"https:\/\/ironsky.pl\/sklep\/wp-json\/wp\/v2\/types\/product"}],"replies":[{"embeddable":true,"href":"https:\/\/ironsky.pl\/sklep\/wp-json\/wp\/v2\/comments?post=27717"}],"wp:featuredmedia":[{"embeddable":true,"href":"https:\/\/ironsky.pl\/sklep\/wp-json\/wp\/v2\/media\/27718"}],"wp:attachment":[{"href":"https:\/\/ironsky.pl\/sklep\/wp-json\/wp\/v2\/media?parent=27717"}],"wp:term":[{"taxonomy":"product_brand","embeddable":true,"href":"https:\/\/ironsky.pl\/sklep\/wp-json\/wp\/v2\/product_brand?post=27717"},{"taxonomy":"product_cat","embeddable":true,"href":"https:\/\/ironsky.pl\/sklep\/wp-json\/wp\/v2\/product_cat?post=27717"},{"taxonomy":"product_tag","embeddable":true,"href":"https:\/\/ironsky.pl\/sklep\/wp-json\/wp\/v2\/product_tag?post=27717"}],"curies":[{"name":"wp","href":"https:\/\/api.w.org\/{rel}","templated":true}]}}