{"id":27682,"date":"2024-09-16T20:21:06","date_gmt":"2024-09-16T18:21:06","guid":{"rendered":"http:\/\/gvshalph.pro-linuxpl.com\/ironskyprodukty\/produkt\/silnik-bezszczotkowy-hobbywing-justock-g2-1-21-5t\/"},"modified":"2026-03-05T15:53:15","modified_gmt":"2026-03-05T14:53:15","slug":"silnik-bezszczotkowy-hobbywing-justock-g2-1-21-5t","status":"publish","type":"product","link":"https:\/\/ironsky.pl\/sklep\/produkt\/silnik-bezszczotkowy-hobbywing-justock-g2-1-21-5t\/","title":{"rendered":"Silnik bezszczotkowy Hobbywing Justock G2.1 21.5T"},"content":{"rendered":"<h3>Perfekcyjna\u00a0konstrukcja<\/h3>\n<p>Silnik Hobbywing Justock G2.1 to nast\u0119pca modelu G2. Posiada ulepszony czas reakcji oraz lutowane z\u0142\u0105cza, dzi\u0119ki czemu idealnie sprawdzi si\u0119 podczas wy\u015bcig\u00f3w, zar\u00f3wno w modelach samochod\u00f3w klasycznych jak i wy\u015bcigowych. Zastosowanie odpornej na wysok\u0105 temperatur\u0119 obudowy aluminiowej z przymocowanymi magnezami oraz podw\u00f3jnie izolowanego uzwojenia, \u0142o\u017cysk o wysokiej precyzji i sile, a tak\u017ce solidnie wykonanego wirnika gwarantuje niezr\u00f3wnane osi\u0105gi i wytrzyma\u0142o\u015b\u0107. <\/p>\n<p><img decoding=\"async\" src=\"https:\/\/b2b.innpro.pl\/data\/include\/cms\/2Szymon\/Hobbywing\/g2.1\/111.jpg\"><\/p>\n<h3>Liniowo\u015b\u0107 pracy<\/h3>\n<p>Wbudowany, precyzyjny czujnik hala w po\u0142\u0105czeniu z precyzj\u0105 i w po\u0142\u0105czeniu z precyzyjnie wywa\u017conym wirnikiem, zapewnia p\u0142ynne dostarczanie mocy.<\/p>\n<p><img decoding=\"async\" src=\"https:\/\/b2b.innpro.pl\/data\/include\/cms\/2Szymon\/Hobbywing\/g3\/2.jpg\"><\/p>\n<h3>Atrakcyjny wygl\u0105d\u00a0 i znakomite rozprowadzenie ciep\u0142a\u00a0<\/h3>\n<p>Aluminiowa obudowa z unikalnym designem nie tylko \u015bwietnie wygl\u0105da, ale wspomaga r\u00f3wnie\u017c rozprowadzanie ciep\u0142a.<\/p>\n<p><img decoding=\"async\" src=\"https:\/\/b2b.innpro.pl\/data\/include\/cms\/2Szymon\/Hobbywing\/g2.1\/1.jpg\"><\/p>\n<h3>Rozk\u0142adana\u00a0konstrukcja<\/h3>\n<p>Silikonowa uszczelka typu &#8222;o-ring&#8221;, pomaga w dostarczaniu ciep\u0142a wewn\u0119trznego do obudowy silnika i zapobiega przedostawaniu si\u0119 kurzu do czujnika Halla. Konstrukcja\u00a0urz\u0105dzenia pozwala na\u00a0jego roz\u0142o\u017cenie w celu regularnego czyszczenia i konserwacji \u0142atwo zu\u017cywaj\u0105cych si\u0119 element\u00f3w, takich jak wirnik i modu\u0142 czujnika, co wyd\u0142u\u017ca \u017cywotno\u015b\u0107 silnika i pozwala zachowa\u0107 jego skuteczno\u015b\u0107.<\/p>\n<p><img decoding=\"async\" src=\"https:\/\/b2b.innpro.pl\/data\/include\/cms\/2Szymon\/Hobbywing\/g2.1\/2.jpg\"><\/p>\n<h3>Miedziane pola lutownicze<\/h3>\n<p>Miedziane pola lutownicze z niezwykle nisk\u0105 impedancj\u0105 umo\u017cliwiaj\u0105 u\u017cytkownikom przylutowanie przewod\u00f3w regulatora bezpo\u015brednio na pola silnika w celu uzyskania trwa\u0142ego i stabilnego po\u0142\u0105czenia\u00a0oraz \u0142atwego oprzewodowania.\u00a0<\/p>\n<p><img decoding=\"async\" src=\"https:\/\/b2b.innpro.pl\/data\/include\/cms\/2Szymon\/Hobbywing\/g3\/6.jpg\"><\/p>\n<h3>Kompatybilno\u015b\u0107 z regulatorem XR10 Justock<\/h3>\n<p>Silnik doskonale wsp\u00f3\u0142pracuje z regulatorem XR10, a tak\u017ce z innymi regulatorami Hobbywing i jest przystosowany do pracy z szeregiem r\u00f3\u017cnych pojazd\u00f3w on-road i off-road w skali 1\/10 i 1\/12. Jest to idealny wyb\u00f3r dla klasy wy\u015bcigowej Stock i Sport, ale mo\u017ce by\u0107 te\u017c \u015bwietny dla pocz\u0105tkuj\u0105cych lub dla szukaj\u0105cych treningowego silnika.<\/p>\n<p><img decoding=\"async\" src=\"https:\/\/b2b.innpro.pl\/data\/include\/cms\/2Szymon\/Hobbywing\/g2.1\/4.jpg\"><\/p>\n<div class=\"table-wrapper\">\n<table class=\"table-specs\">\n<tbody>\n<tr>\n<th><span>Model:<\/span><\/th>\n<td><span>30408012<\/span><\/td>\n<\/tr>\n<tr>\n<th><span>KV:<\/span><\/th>\n<td><span>2050<\/span><\/td>\n<\/tr>\n<tr>\n<th><span>Zasilanie LiPo:<\/span><\/th>\n<td><span>2-3S<\/span><\/td>\n<\/tr>\n<tr>\n<th><span>Ilo\u015b\u0107 zwoj\u00f3w:<\/span><\/th>\n<td><span>21,5\u00a0T<\/span><\/td>\n<\/tr>\n<tr>\n<th><span>Waga<\/span><\/th>\n<td><span>175 g<\/span><\/td>\n<\/tr>\n<tr>\n<th><span>\u015arednica<\/span><\/th>\n<td><span>35,9 mm<\/span><\/td>\n<\/tr>\n<tr>\n<th><span><span>D\u0142ugo\u015b\u0107<\/span><\/span><\/th>\n<td><span><span>52,5 mm<\/span><\/span><\/td>\n<\/tr>\n<tr>\n<th><span><span>D\u0142ugo\u015b\u0107 wa\u0142u<\/span><\/span><\/th>\n<td><span><span>15 mm<\/span><\/span><\/td>\n<\/tr>\n<tr>\n<th><span><span>\u015arednica wa\u0142u<\/span><\/span><\/th>\n<td><span><span>3,17 mm<\/span><\/span><\/td>\n<\/tr>\n<tr>\n<th><span><span>Maksymalna moc<\/span><\/span><\/th>\n<td><span><span>115\u00a0W<\/span><\/span><\/td>\n<\/tr>\n<tr>\n<th><span><span>Pr\u0105d szczytowy<\/span><\/span><\/th>\n<td><span><span>35 A<\/span><\/span><\/td>\n<\/tr>\n<tr>\n<th><span><span>Timing<\/span><\/span><\/th>\n<td><span><span>Fixed<\/span><\/span><\/td>\n<\/tr>\n<tr>\n<th><span><span>Wirnik<\/span><\/span><\/th>\n<td><span><span>\u03a67-12,5<br \/><\/span><\/span><\/td>\n<\/tr>\n<tr>\n<th><span><span>Zastosowanie<\/span><\/span><\/th>\n<td><span><span>1:10 Stock\/Sport Class,\u00a01\/12 wy\u015bcigi on-road (np. zawody touring, F1, drift, Mini car, buggy, 2WD SCT, truck, trening, Rock Crawlers (21,5T i 25,5T)<\/span><\/span><\/td>\n<\/tr>\n<\/tbody>\n<\/table>\n<\/div>\n","protected":false},"excerpt":{"rendered":"<p>Perfekcyjna\u00a0konstrukcja Silnik Hobbywing Justock G2.1 to nast\u0119pca modelu G2. Posiada ulepszony czas reakcji oraz lutowane z\u0142\u0105cza, dzi\u0119ki czemu idealnie sprawdzi<\/p>\n","protected":false},"featured_media":27683,"comment_status":"closed","ping_status":"open","template":"","meta":{"_acf_changed":false},"product_brand":[],"product_cat":[1169,1180,1185],"product_tag":[],"class_list":{"0":"post-27682","1":"product","2":"type-product","3":"status-publish","4":"has-post-thumbnail","6":"product_cat-modele-rc","7":"product_cat-napedy","8":"product_cat-silniki-elektryczne","9":"pa_box-height-1326","10":"pa_box-length-1545","11":"pa_box-width-1445","12":"pa_gross-weight-2072","13":"pa_net-weight-1791","14":"pa_typ-bezszczotkowe","16":"first","17":"outofstock","18":"taxable","19":"shipping-taxable","20":"purchasable","21":"product-type-simple"},"acf":[],"yoast_head":"<!-- This site is optimized with the Yoast SEO plugin v27.2 - https:\/\/yoast.com\/product\/yoast-seo-wordpress\/ -->\n<title>Silnik bezszczotkowy Hobbywing Justock G2.1 21.5T - IRONSKY.PL Sklep z Dronami<\/title>\n<meta name=\"description\" content=\"Silnik bezszczotkowy Hobbywing Justock G2.1 21.5T - \u2705 sklep z dronami i fachowym doradztwem. \u2705 Tutaj kupisz produkty DJI, Yuneec, Parrot, Syma i wiele innych, a tak\u017ce kursy i licencje na operatora drona.\" \/>\n<meta name=\"robots\" content=\"index, follow, max-snippet:-1, max-image-preview:large, max-video-preview:-1\" \/>\n<link rel=\"canonical\" href=\"https:\/\/ironsky.pl\/sklep\/produkt\/silnik-bezszczotkowy-hobbywing-justock-g2-1-21-5t\/\" \/>\n<meta property=\"og:locale\" content=\"pl_PL\" \/>\n<meta property=\"og:type\" content=\"article\" \/>\n<meta property=\"og:title\" content=\"Silnik bezszczotkowy Hobbywing Justock G2.1 21.5T - IRONSKY.PL Sklep z Dronami\" \/>\n<meta property=\"og:description\" content=\"Silnik bezszczotkowy Hobbywing Justock G2.1 21.5T - \u2705 sklep z dronami i fachowym doradztwem. \u2705 Tutaj kupisz produkty DJI, Yuneec, Parrot, Syma i wiele innych, a tak\u017ce kursy i licencje na operatora drona.\" \/>\n<meta property=\"og:url\" content=\"https:\/\/ironsky.pl\/sklep\/produkt\/silnik-bezszczotkowy-hobbywing-justock-g2-1-21-5t\/\" \/>\n<meta property=\"og:site_name\" content=\"IRONSKY.PL Sklep z Dronami\" \/>\n<meta property=\"article:modified_time\" content=\"2026-03-05T14:53:15+00:00\" \/>\n<meta property=\"og:image\" content=\"https:\/\/ironsky.pl\/sklep\/wp-content\/uploads\/2024\/09\/16961_2.jpg\" \/>\n\t<meta property=\"og:image:width\" content=\"750\" \/>\n\t<meta property=\"og:image:height\" content=\"600\" \/>\n\t<meta property=\"og:image:type\" content=\"image\/jpeg\" \/>\n<meta name=\"twitter:card\" content=\"summary_large_image\" \/>\n<meta name=\"twitter:label1\" content=\"Szacowany czas czytania\" \/>\n\t<meta name=\"twitter:data1\" content=\"2 minuty\" \/>\n<script type=\"application\/ld+json\" class=\"yoast-schema-graph\">{\"@context\":\"https:\/\/schema.org\",\"@graph\":[{\"@type\":\"WebPage\",\"@id\":\"https:\/\/ironsky.pl\/sklep\/produkt\/silnik-bezszczotkowy-hobbywing-justock-g2-1-21-5t\/\",\"url\":\"https:\/\/ironsky.pl\/sklep\/produkt\/silnik-bezszczotkowy-hobbywing-justock-g2-1-21-5t\/\",\"name\":\"Silnik bezszczotkowy Hobbywing Justock G2.1 21.5T - IRONSKY.PL Sklep z Dronami\",\"isPartOf\":{\"@id\":\"https:\/\/ironsky.pl\/sklep\/#website\"},\"primaryImageOfPage\":{\"@id\":\"https:\/\/ironsky.pl\/sklep\/produkt\/silnik-bezszczotkowy-hobbywing-justock-g2-1-21-5t\/#primaryimage\"},\"image\":{\"@id\":\"https:\/\/ironsky.pl\/sklep\/produkt\/silnik-bezszczotkowy-hobbywing-justock-g2-1-21-5t\/#primaryimage\"},\"thumbnailUrl\":\"https:\/\/ironsky.pl\/sklep\/wp-content\/uploads\/2024\/09\/16961_2.jpg\",\"datePublished\":\"2024-09-16T18:21:06+00:00\",\"dateModified\":\"2026-03-05T14:53:15+00:00\",\"description\":\"Silnik bezszczotkowy Hobbywing Justock G2.1 21.5T - \u2705 sklep z dronami i fachowym doradztwem. \u2705 Tutaj kupisz produkty DJI, Yuneec, Parrot, Syma i wiele innych, a tak\u017ce kursy i licencje na operatora drona.\",\"breadcrumb\":{\"@id\":\"https:\/\/ironsky.pl\/sklep\/produkt\/silnik-bezszczotkowy-hobbywing-justock-g2-1-21-5t\/#breadcrumb\"},\"inLanguage\":\"pl-PL\",\"potentialAction\":[{\"@type\":\"ReadAction\",\"target\":[\"https:\/\/ironsky.pl\/sklep\/produkt\/silnik-bezszczotkowy-hobbywing-justock-g2-1-21-5t\/\"]}]},{\"@type\":\"ImageObject\",\"inLanguage\":\"pl-PL\",\"@id\":\"https:\/\/ironsky.pl\/sklep\/produkt\/silnik-bezszczotkowy-hobbywing-justock-g2-1-21-5t\/#primaryimage\",\"url\":\"https:\/\/ironsky.pl\/sklep\/wp-content\/uploads\/2024\/09\/16961_2.jpg\",\"contentUrl\":\"https:\/\/ironsky.pl\/sklep\/wp-content\/uploads\/2024\/09\/16961_2.jpg\",\"width\":750,\"height\":600},{\"@type\":\"BreadcrumbList\",\"@id\":\"https:\/\/ironsky.pl\/sklep\/produkt\/silnik-bezszczotkowy-hobbywing-justock-g2-1-21-5t\/#breadcrumb\",\"itemListElement\":[{\"@type\":\"ListItem\",\"position\":1,\"name\":\"Strona g\u0142\u00f3wna\",\"item\":\"https:\/\/ironsky.pl\/sklep\/\"},{\"@type\":\"ListItem\",\"position\":2,\"name\":\"Wszystkie produkty\",\"item\":\"https:\/\/ironsky.pl\/sklep\/produkty\/\"},{\"@type\":\"ListItem\",\"position\":3,\"name\":\"Silnik bezszczotkowy Hobbywing Justock G2.1 21.5T\"}]},{\"@type\":\"WebSite\",\"@id\":\"https:\/\/ironsky.pl\/sklep\/#website\",\"url\":\"https:\/\/ironsky.pl\/sklep\/\",\"name\":\"IRONSKY.PL Sklep z Dronami\",\"description\":\"IRONSKY.PL Sklep z Dronami\",\"potentialAction\":[{\"@type\":\"SearchAction\",\"target\":{\"@type\":\"EntryPoint\",\"urlTemplate\":\"https:\/\/ironsky.pl\/sklep\/?s={search_term_string}\"},\"query-input\":{\"@type\":\"PropertyValueSpecification\",\"valueRequired\":true,\"valueName\":\"search_term_string\"}}],\"inLanguage\":\"pl-PL\"}]}<\/script>\n<!-- \/ Yoast SEO plugin. -->","yoast_head_json":{"title":"Silnik bezszczotkowy Hobbywing Justock G2.1 21.5T - IRONSKY.PL Sklep z Dronami","description":"Silnik bezszczotkowy Hobbywing Justock G2.1 21.5T - \u2705 sklep z dronami i fachowym doradztwem. \u2705 Tutaj kupisz produkty DJI, Yuneec, Parrot, Syma i wiele innych, a tak\u017ce kursy i licencje na operatora drona.","robots":{"index":"index","follow":"follow","max-snippet":"max-snippet:-1","max-image-preview":"max-image-preview:large","max-video-preview":"max-video-preview:-1"},"canonical":"https:\/\/ironsky.pl\/sklep\/produkt\/silnik-bezszczotkowy-hobbywing-justock-g2-1-21-5t\/","og_locale":"pl_PL","og_type":"article","og_title":"Silnik bezszczotkowy Hobbywing Justock G2.1 21.5T - IRONSKY.PL Sklep z Dronami","og_description":"Silnik bezszczotkowy Hobbywing Justock G2.1 21.5T - \u2705 sklep z dronami i fachowym doradztwem. \u2705 Tutaj kupisz produkty DJI, Yuneec, Parrot, Syma i wiele innych, a tak\u017ce kursy i licencje na operatora drona.","og_url":"https:\/\/ironsky.pl\/sklep\/produkt\/silnik-bezszczotkowy-hobbywing-justock-g2-1-21-5t\/","og_site_name":"IRONSKY.PL Sklep z Dronami","article_modified_time":"2026-03-05T14:53:15+00:00","og_image":[{"width":750,"height":600,"url":"https:\/\/ironsky.pl\/sklep\/wp-content\/uploads\/2024\/09\/16961_2.jpg","type":"image\/jpeg"}],"twitter_card":"summary_large_image","twitter_misc":{"Szacowany czas czytania":"2 minuty"},"schema":{"@context":"https:\/\/schema.org","@graph":[{"@type":"WebPage","@id":"https:\/\/ironsky.pl\/sklep\/produkt\/silnik-bezszczotkowy-hobbywing-justock-g2-1-21-5t\/","url":"https:\/\/ironsky.pl\/sklep\/produkt\/silnik-bezszczotkowy-hobbywing-justock-g2-1-21-5t\/","name":"Silnik bezszczotkowy Hobbywing Justock G2.1 21.5T - IRONSKY.PL Sklep z Dronami","isPartOf":{"@id":"https:\/\/ironsky.pl\/sklep\/#website"},"primaryImageOfPage":{"@id":"https:\/\/ironsky.pl\/sklep\/produkt\/silnik-bezszczotkowy-hobbywing-justock-g2-1-21-5t\/#primaryimage"},"image":{"@id":"https:\/\/ironsky.pl\/sklep\/produkt\/silnik-bezszczotkowy-hobbywing-justock-g2-1-21-5t\/#primaryimage"},"thumbnailUrl":"https:\/\/ironsky.pl\/sklep\/wp-content\/uploads\/2024\/09\/16961_2.jpg","datePublished":"2024-09-16T18:21:06+00:00","dateModified":"2026-03-05T14:53:15+00:00","description":"Silnik bezszczotkowy Hobbywing Justock G2.1 21.5T - \u2705 sklep z dronami i fachowym doradztwem. \u2705 Tutaj kupisz produkty DJI, Yuneec, Parrot, Syma i wiele innych, a tak\u017ce kursy i licencje na operatora drona.","breadcrumb":{"@id":"https:\/\/ironsky.pl\/sklep\/produkt\/silnik-bezszczotkowy-hobbywing-justock-g2-1-21-5t\/#breadcrumb"},"inLanguage":"pl-PL","potentialAction":[{"@type":"ReadAction","target":["https:\/\/ironsky.pl\/sklep\/produkt\/silnik-bezszczotkowy-hobbywing-justock-g2-1-21-5t\/"]}]},{"@type":"ImageObject","inLanguage":"pl-PL","@id":"https:\/\/ironsky.pl\/sklep\/produkt\/silnik-bezszczotkowy-hobbywing-justock-g2-1-21-5t\/#primaryimage","url":"https:\/\/ironsky.pl\/sklep\/wp-content\/uploads\/2024\/09\/16961_2.jpg","contentUrl":"https:\/\/ironsky.pl\/sklep\/wp-content\/uploads\/2024\/09\/16961_2.jpg","width":750,"height":600},{"@type":"BreadcrumbList","@id":"https:\/\/ironsky.pl\/sklep\/produkt\/silnik-bezszczotkowy-hobbywing-justock-g2-1-21-5t\/#breadcrumb","itemListElement":[{"@type":"ListItem","position":1,"name":"Strona g\u0142\u00f3wna","item":"https:\/\/ironsky.pl\/sklep\/"},{"@type":"ListItem","position":2,"name":"Wszystkie produkty","item":"https:\/\/ironsky.pl\/sklep\/produkty\/"},{"@type":"ListItem","position":3,"name":"Silnik bezszczotkowy Hobbywing Justock G2.1 21.5T"}]},{"@type":"WebSite","@id":"https:\/\/ironsky.pl\/sklep\/#website","url":"https:\/\/ironsky.pl\/sklep\/","name":"IRONSKY.PL Sklep z Dronami","description":"IRONSKY.PL Sklep z Dronami","potentialAction":[{"@type":"SearchAction","target":{"@type":"EntryPoint","urlTemplate":"https:\/\/ironsky.pl\/sklep\/?s={search_term_string}"},"query-input":{"@type":"PropertyValueSpecification","valueRequired":true,"valueName":"search_term_string"}}],"inLanguage":"pl-PL"}]}},"_links":{"self":[{"href":"https:\/\/ironsky.pl\/sklep\/wp-json\/wp\/v2\/product\/27682","targetHints":{"allow":["GET"]}}],"collection":[{"href":"https:\/\/ironsky.pl\/sklep\/wp-json\/wp\/v2\/product"}],"about":[{"href":"https:\/\/ironsky.pl\/sklep\/wp-json\/wp\/v2\/types\/product"}],"replies":[{"embeddable":true,"href":"https:\/\/ironsky.pl\/sklep\/wp-json\/wp\/v2\/comments?post=27682"}],"wp:featuredmedia":[{"embeddable":true,"href":"https:\/\/ironsky.pl\/sklep\/wp-json\/wp\/v2\/media\/27683"}],"wp:attachment":[{"href":"https:\/\/ironsky.pl\/sklep\/wp-json\/wp\/v2\/media?parent=27682"}],"wp:term":[{"taxonomy":"product_brand","embeddable":true,"href":"https:\/\/ironsky.pl\/sklep\/wp-json\/wp\/v2\/product_brand?post=27682"},{"taxonomy":"product_cat","embeddable":true,"href":"https:\/\/ironsky.pl\/sklep\/wp-json\/wp\/v2\/product_cat?post=27682"},{"taxonomy":"product_tag","embeddable":true,"href":"https:\/\/ironsky.pl\/sklep\/wp-json\/wp\/v2\/product_tag?post=27682"}],"curies":[{"name":"wp","href":"https:\/\/api.w.org\/{rel}","templated":true}]}}