{"id":27660,"date":"2024-09-16T20:21:06","date_gmt":"2024-09-16T18:21:06","guid":{"rendered":"http:\/\/gvshalph.pro-linuxpl.com\/ironskyprodukty\/produkt\/anteny-dji-fpv-system-sma-dwie-sztuki\/"},"modified":"2026-03-05T15:53:14","modified_gmt":"2026-03-05T14:53:14","slug":"anteny-dji-fpv-system-sma-dwie-sztuki","status":"publish","type":"product","link":"https:\/\/ironsky.pl\/sklep\/produkt\/anteny-dji-fpv-system-sma-dwie-sztuki\/","title":{"rendered":"Anteny DJI FPV System SMA (dwie sztuki)"},"content":{"rendered":"<div id=\"Opisproduktu\" class=\"long-description\">\n<div class=\"long-description__description-wrapper\">\n<div class=\"description-item\">\n<div class=\"description-item__wrapper\">\n<div class=\"description-item__body\">\n<div class=\"description-item__body-wrapper\">\n<div class=\"description-item__title\">Anteny (SMA proste) &#8211; DJI FPV Air Unit<\/div>\n<div class=\"description-item__content\">\n<p>Anteny (SMA proste) &#8211; DJI FPV Air Unit charakteryzuj\u0105 si\u0119 transmisj\u0105 na du\u017ce odleg\u0142o\u015bci, siln\u0105 zdolno\u015bci\u0105 przeciwzak\u0142\u00f3ceniow\u0105, z\u0142\u0105czem SMA, ma\u0142ym rozmiarem i niewielk\u0105 wag\u0105. W zestawie znajduj\u0105 si\u0119 dwie anteny.<\/p>\n<\/div>\n<\/div>\n<\/div>\n<div class=\"description-item__img\"><img decoding=\"async\" src=\"https:\/\/assets.innpro.pl\/594\/631\/Anteny-SMA-proste-DJI-FPV-Air-Unit-13.png\" alt=\"\" \/><\/div>\n<\/div>\n<\/div>\n<\/div>\n<div class=\"long-description__description-wrapper\" data-anchor-menu-name=\"W zestawie\">\n<div id=\"Wzestawie\" class=\"long-description__title\">W zestawie<\/div>\n<div class=\"included-items\">\n<div class=\"included-items__item\">\n<div class=\"included-items__img\"><img decoding=\"async\" src=\"https:\/\/assets.innpro.pl\/594\/631\/Anteny-SMA-proste-DJI-FPV-Air-Unit-1.png\" alt=\"\"><\/div>\n<div class=\"included-items__name\">Antena<\/div>\n<div class=\"included-items__count\">x2<\/div>\n<\/div>\n<\/div>\n<\/div>\n<div class=\"long-description__specification-wrapper\">\n<div id=\"Specyfikacja\" class=\"big_label --ops\" data-anchor-menu-name=\"Specyfikacja\">Specyfikacja<\/div>\n<div class=\"long-description__specification-menu\"><\/div>\n<div class=\"specification-boxes\" data-spec-name=\"Antena\">\n<div class=\"specification-box\">\n<div class=\"table_container\">\n<div class=\"table1\">\n<table>\n<tbody>\n<tr>\n<th>Producent<\/th>\n<td>DJI<\/td>\n<\/tr>\n<tr>\n<th>Zakres cz\u0119stotliwo\u015bci VSWR <2<\/th>\n<td>5,4 GHz-6 GHz, wzmocnienie 2,75 dB i szeroko\u015b\u0107 wi\u0105zki osiowej 3dB przy 5,8 GHz<\/td>\n<\/tr>\n<\/tbody>\n<\/table>\n<\/div>\n<div class=\"table2\">\n<table>\n<tbody>\n<tr>\n<th>Rozmiar<\/th>\n<td>12.7 \u00d7 12.7 \u00d7 55 mm<\/td>\n<\/tr>\n<tr>\n<th>Waga<\/th>\n<td>6 g<\/td>\n<\/tr>\n<\/tbody>\n<\/table>\n<\/div>\n<\/div>\n<\/div>\n<\/div>\n<\/div>\n<\/div>\n","protected":false},"excerpt":{"rendered":"<p>Anteny (SMA proste) &#8211; DJI FPV Air Unit Anteny (SMA proste) &#8211; DJI FPV Air Unit charakteryzuj\u0105 si\u0119 transmisj\u0105 na<\/p>\n","protected":false},"featured_media":27661,"comment_status":"closed","ping_status":"open","template":"","meta":{"_acf_changed":false},"product_brand":[],"product_cat":[1169,1191],"product_tag":[],"class_list":{"0":"post-27660","1":"product","2":"type-product","3":"status-publish","4":"has-post-thumbnail","6":"product_cat-modele-rc","7":"product_cat-fpv-podglad-na-zywo","8":"pa_box-height-2027","9":"pa_box-length-1376","10":"pa_box-width-1572","11":"pa_gross-weight-1530","12":"pa_hs-code-2030","13":"pa_net-weight-1533","15":"first","16":"outofstock","17":"taxable","18":"shipping-taxable","19":"purchasable","20":"product-type-simple"},"acf":[],"yoast_head":"<!-- This site is optimized with the Yoast SEO plugin v27.2 - https:\/\/yoast.com\/product\/yoast-seo-wordpress\/ -->\n<title>Anteny DJI FPV System SMA (dwie sztuki) - IRONSKY.PL Sklep z Dronami<\/title>\n<meta name=\"description\" content=\"Anteny DJI FPV System SMA (dwie sztuki) - \u2705 sklep z dronami i fachowym doradztwem. \u2705 Tutaj kupisz produkty DJI, Yuneec, Parrot, Syma i wiele innych, a tak\u017ce kursy i licencje na operatora drona.\" \/>\n<meta name=\"robots\" content=\"index, follow, max-snippet:-1, max-image-preview:large, max-video-preview:-1\" \/>\n<link rel=\"canonical\" href=\"https:\/\/ironsky.pl\/sklep\/produkt\/anteny-dji-fpv-system-sma-dwie-sztuki\/\" \/>\n<meta property=\"og:locale\" content=\"pl_PL\" \/>\n<meta property=\"og:type\" content=\"article\" \/>\n<meta property=\"og:title\" content=\"Anteny DJI FPV System SMA (dwie sztuki) - IRONSKY.PL Sklep z Dronami\" \/>\n<meta property=\"og:description\" content=\"Anteny DJI FPV System SMA (dwie sztuki) - \u2705 sklep z dronami i fachowym doradztwem. \u2705 Tutaj kupisz produkty DJI, Yuneec, Parrot, Syma i wiele innych, a tak\u017ce kursy i licencje na operatora drona.\" \/>\n<meta property=\"og:url\" content=\"https:\/\/ironsky.pl\/sklep\/produkt\/anteny-dji-fpv-system-sma-dwie-sztuki\/\" \/>\n<meta property=\"og:site_name\" content=\"IRONSKY.PL Sklep z Dronami\" \/>\n<meta property=\"article:modified_time\" content=\"2026-03-05T14:53:14+00:00\" \/>\n<meta property=\"og:image\" content=\"https:\/\/ironsky.pl\/sklep\/wp-content\/uploads\/2024\/09\/16443_2.png\" \/>\n\t<meta property=\"og:image:width\" content=\"800\" \/>\n\t<meta property=\"og:image:height\" content=\"800\" \/>\n\t<meta property=\"og:image:type\" content=\"image\/png\" \/>\n<meta name=\"twitter:card\" content=\"summary_large_image\" \/>\n<script type=\"application\/ld+json\" class=\"yoast-schema-graph\">{\"@context\":\"https:\/\/schema.org\",\"@graph\":[{\"@type\":\"WebPage\",\"@id\":\"https:\/\/ironsky.pl\/sklep\/produkt\/anteny-dji-fpv-system-sma-dwie-sztuki\/\",\"url\":\"https:\/\/ironsky.pl\/sklep\/produkt\/anteny-dji-fpv-system-sma-dwie-sztuki\/\",\"name\":\"Anteny DJI FPV System SMA (dwie sztuki) - IRONSKY.PL Sklep z Dronami\",\"isPartOf\":{\"@id\":\"https:\/\/ironsky.pl\/sklep\/#website\"},\"primaryImageOfPage\":{\"@id\":\"https:\/\/ironsky.pl\/sklep\/produkt\/anteny-dji-fpv-system-sma-dwie-sztuki\/#primaryimage\"},\"image\":{\"@id\":\"https:\/\/ironsky.pl\/sklep\/produkt\/anteny-dji-fpv-system-sma-dwie-sztuki\/#primaryimage\"},\"thumbnailUrl\":\"https:\/\/ironsky.pl\/sklep\/wp-content\/uploads\/2024\/09\/16443_2.png\",\"datePublished\":\"2024-09-16T18:21:06+00:00\",\"dateModified\":\"2026-03-05T14:53:14+00:00\",\"description\":\"Anteny DJI FPV System SMA (dwie sztuki) - \u2705 sklep z dronami i fachowym doradztwem. \u2705 Tutaj kupisz produkty DJI, Yuneec, Parrot, Syma i wiele innych, a tak\u017ce kursy i licencje na operatora drona.\",\"breadcrumb\":{\"@id\":\"https:\/\/ironsky.pl\/sklep\/produkt\/anteny-dji-fpv-system-sma-dwie-sztuki\/#breadcrumb\"},\"inLanguage\":\"pl-PL\",\"potentialAction\":[{\"@type\":\"ReadAction\",\"target\":[\"https:\/\/ironsky.pl\/sklep\/produkt\/anteny-dji-fpv-system-sma-dwie-sztuki\/\"]}]},{\"@type\":\"ImageObject\",\"inLanguage\":\"pl-PL\",\"@id\":\"https:\/\/ironsky.pl\/sklep\/produkt\/anteny-dji-fpv-system-sma-dwie-sztuki\/#primaryimage\",\"url\":\"https:\/\/ironsky.pl\/sklep\/wp-content\/uploads\/2024\/09\/16443_2.png\",\"contentUrl\":\"https:\/\/ironsky.pl\/sklep\/wp-content\/uploads\/2024\/09\/16443_2.png\",\"width\":800,\"height\":800},{\"@type\":\"BreadcrumbList\",\"@id\":\"https:\/\/ironsky.pl\/sklep\/produkt\/anteny-dji-fpv-system-sma-dwie-sztuki\/#breadcrumb\",\"itemListElement\":[{\"@type\":\"ListItem\",\"position\":1,\"name\":\"Strona g\u0142\u00f3wna\",\"item\":\"https:\/\/ironsky.pl\/sklep\/\"},{\"@type\":\"ListItem\",\"position\":2,\"name\":\"Wszystkie produkty\",\"item\":\"https:\/\/ironsky.pl\/sklep\/produkty\/\"},{\"@type\":\"ListItem\",\"position\":3,\"name\":\"Anteny DJI FPV System SMA (dwie sztuki)\"}]},{\"@type\":\"WebSite\",\"@id\":\"https:\/\/ironsky.pl\/sklep\/#website\",\"url\":\"https:\/\/ironsky.pl\/sklep\/\",\"name\":\"IRONSKY.PL Sklep z Dronami\",\"description\":\"IRONSKY.PL Sklep z Dronami\",\"potentialAction\":[{\"@type\":\"SearchAction\",\"target\":{\"@type\":\"EntryPoint\",\"urlTemplate\":\"https:\/\/ironsky.pl\/sklep\/?s={search_term_string}\"},\"query-input\":{\"@type\":\"PropertyValueSpecification\",\"valueRequired\":true,\"valueName\":\"search_term_string\"}}],\"inLanguage\":\"pl-PL\"}]}<\/script>\n<!-- \/ Yoast SEO plugin. -->","yoast_head_json":{"title":"Anteny DJI FPV System SMA (dwie sztuki) - IRONSKY.PL Sklep z Dronami","description":"Anteny DJI FPV System SMA (dwie sztuki) - \u2705 sklep z dronami i fachowym doradztwem. \u2705 Tutaj kupisz produkty DJI, Yuneec, Parrot, Syma i wiele innych, a tak\u017ce kursy i licencje na operatora drona.","robots":{"index":"index","follow":"follow","max-snippet":"max-snippet:-1","max-image-preview":"max-image-preview:large","max-video-preview":"max-video-preview:-1"},"canonical":"https:\/\/ironsky.pl\/sklep\/produkt\/anteny-dji-fpv-system-sma-dwie-sztuki\/","og_locale":"pl_PL","og_type":"article","og_title":"Anteny DJI FPV System SMA (dwie sztuki) - IRONSKY.PL Sklep z Dronami","og_description":"Anteny DJI FPV System SMA (dwie sztuki) - \u2705 sklep z dronami i fachowym doradztwem. \u2705 Tutaj kupisz produkty DJI, Yuneec, Parrot, Syma i wiele innych, a tak\u017ce kursy i licencje na operatora drona.","og_url":"https:\/\/ironsky.pl\/sklep\/produkt\/anteny-dji-fpv-system-sma-dwie-sztuki\/","og_site_name":"IRONSKY.PL Sklep z Dronami","article_modified_time":"2026-03-05T14:53:14+00:00","og_image":[{"width":800,"height":800,"url":"https:\/\/ironsky.pl\/sklep\/wp-content\/uploads\/2024\/09\/16443_2.png","type":"image\/png"}],"twitter_card":"summary_large_image","schema":{"@context":"https:\/\/schema.org","@graph":[{"@type":"WebPage","@id":"https:\/\/ironsky.pl\/sklep\/produkt\/anteny-dji-fpv-system-sma-dwie-sztuki\/","url":"https:\/\/ironsky.pl\/sklep\/produkt\/anteny-dji-fpv-system-sma-dwie-sztuki\/","name":"Anteny DJI FPV System SMA (dwie sztuki) - IRONSKY.PL Sklep z Dronami","isPartOf":{"@id":"https:\/\/ironsky.pl\/sklep\/#website"},"primaryImageOfPage":{"@id":"https:\/\/ironsky.pl\/sklep\/produkt\/anteny-dji-fpv-system-sma-dwie-sztuki\/#primaryimage"},"image":{"@id":"https:\/\/ironsky.pl\/sklep\/produkt\/anteny-dji-fpv-system-sma-dwie-sztuki\/#primaryimage"},"thumbnailUrl":"https:\/\/ironsky.pl\/sklep\/wp-content\/uploads\/2024\/09\/16443_2.png","datePublished":"2024-09-16T18:21:06+00:00","dateModified":"2026-03-05T14:53:14+00:00","description":"Anteny DJI FPV System SMA (dwie sztuki) - \u2705 sklep z dronami i fachowym doradztwem. \u2705 Tutaj kupisz produkty DJI, Yuneec, Parrot, Syma i wiele innych, a tak\u017ce kursy i licencje na operatora drona.","breadcrumb":{"@id":"https:\/\/ironsky.pl\/sklep\/produkt\/anteny-dji-fpv-system-sma-dwie-sztuki\/#breadcrumb"},"inLanguage":"pl-PL","potentialAction":[{"@type":"ReadAction","target":["https:\/\/ironsky.pl\/sklep\/produkt\/anteny-dji-fpv-system-sma-dwie-sztuki\/"]}]},{"@type":"ImageObject","inLanguage":"pl-PL","@id":"https:\/\/ironsky.pl\/sklep\/produkt\/anteny-dji-fpv-system-sma-dwie-sztuki\/#primaryimage","url":"https:\/\/ironsky.pl\/sklep\/wp-content\/uploads\/2024\/09\/16443_2.png","contentUrl":"https:\/\/ironsky.pl\/sklep\/wp-content\/uploads\/2024\/09\/16443_2.png","width":800,"height":800},{"@type":"BreadcrumbList","@id":"https:\/\/ironsky.pl\/sklep\/produkt\/anteny-dji-fpv-system-sma-dwie-sztuki\/#breadcrumb","itemListElement":[{"@type":"ListItem","position":1,"name":"Strona g\u0142\u00f3wna","item":"https:\/\/ironsky.pl\/sklep\/"},{"@type":"ListItem","position":2,"name":"Wszystkie produkty","item":"https:\/\/ironsky.pl\/sklep\/produkty\/"},{"@type":"ListItem","position":3,"name":"Anteny DJI FPV System SMA (dwie sztuki)"}]},{"@type":"WebSite","@id":"https:\/\/ironsky.pl\/sklep\/#website","url":"https:\/\/ironsky.pl\/sklep\/","name":"IRONSKY.PL Sklep z Dronami","description":"IRONSKY.PL Sklep z Dronami","potentialAction":[{"@type":"SearchAction","target":{"@type":"EntryPoint","urlTemplate":"https:\/\/ironsky.pl\/sklep\/?s={search_term_string}"},"query-input":{"@type":"PropertyValueSpecification","valueRequired":true,"valueName":"search_term_string"}}],"inLanguage":"pl-PL"}]}},"_links":{"self":[{"href":"https:\/\/ironsky.pl\/sklep\/wp-json\/wp\/v2\/product\/27660","targetHints":{"allow":["GET"]}}],"collection":[{"href":"https:\/\/ironsky.pl\/sklep\/wp-json\/wp\/v2\/product"}],"about":[{"href":"https:\/\/ironsky.pl\/sklep\/wp-json\/wp\/v2\/types\/product"}],"replies":[{"embeddable":true,"href":"https:\/\/ironsky.pl\/sklep\/wp-json\/wp\/v2\/comments?post=27660"}],"wp:featuredmedia":[{"embeddable":true,"href":"https:\/\/ironsky.pl\/sklep\/wp-json\/wp\/v2\/media\/27661"}],"wp:attachment":[{"href":"https:\/\/ironsky.pl\/sklep\/wp-json\/wp\/v2\/media?parent=27660"}],"wp:term":[{"taxonomy":"product_brand","embeddable":true,"href":"https:\/\/ironsky.pl\/sklep\/wp-json\/wp\/v2\/product_brand?post=27660"},{"taxonomy":"product_cat","embeddable":true,"href":"https:\/\/ironsky.pl\/sklep\/wp-json\/wp\/v2\/product_cat?post=27660"},{"taxonomy":"product_tag","embeddable":true,"href":"https:\/\/ironsky.pl\/sklep\/wp-json\/wp\/v2\/product_tag?post=27660"}],"curies":[{"name":"wp","href":"https:\/\/api.w.org\/{rel}","templated":true}]}}