{"id":27498,"date":"2024-09-16T20:19:09","date_gmt":"2024-09-16T18:19:09","guid":{"rendered":"http:\/\/gvshalph.pro-linuxpl.com\/ironskyprodukty\/produkt\/regulator-hobbywing-xerun-xr10-pro-stock-spec-1s-80-a\/"},"modified":"2026-03-05T15:53:10","modified_gmt":"2026-03-05T14:53:10","slug":"regulator-hobbywing-xerun-xr10-pro-stock-spec-1s-80-a","status":"publish","type":"product","link":"https:\/\/ironsky.pl\/sklep\/produkt\/regulator-hobbywing-xerun-xr10-pro-stock-spec-1s-80-a\/","title":{"rendered":"Regulator Hobbywing XeRun XR10 PRO Stock Spec 1S 80 A"},"content":{"rendered":"<h3>Regulator Hobbywing XeRun XR10 PRO Stock Spec 1S 80 A<\/h3>\n<p>Specjalnie zaprojektowany dla klasy wy\u015bcigowej Stock 1S : Niezawodny sprz\u0119t w po\u0142\u0105czeniu z wydajnym oprogramowaniem (zawiera 5 u\u017cytecznych profili) stanowi idealne rozwi\u0105zanie dla zasilania samochod\u00f3w 1\/12 wy\u015bcigowych. Wydajny wbudowany BEC: o maksymalnej mocy 6A i regulacj\u0105 napi\u0119cia mi\u0119dzy 6V i 7,4V pozwala u\u017cytkownikom korzysta\u0107 z r\u00f3\u017cnych, serw i odbiornik\u00f3w (bez konieczno\u015bci pod\u0142\u0105czania dodatkowego akumulatora).<\/p>\n<p><img decoding=\"async\" src=\"https:\/\/b2b.innpro.pl\/data\/include\/cms\/Kamil\/009941\/010.jpg\" alt=\"Kamil\/009941\/010\"><\/p>\n<h3>Mo\u017cliwo\u015b\u0107 zdalnej kontroli<\/h3>\n<p>Regulowane cz\u0119stotliwo\u015bci PWM przepustnicy i hamulc\u00f3w: Istnieje mo\u017cliwo\u015b\u0107 niezale\u017cnego regulowania przepustnicy i hamulc\u00f3w dla cz\u0119stotliwo\u015bci PWM gwarantuje precyzyjn\u0105 i dok\u0142adn\u0105 kontrol\u0119. Zdalne bezprzewodowe programowanie \/ aktualizacja \/ odczyt danych jest mo\u017cliwe z opcjonalnym (brak w zestawie) modu\u0142em &#8222;WiFi Express&#8221;. Dzi\u0119ki niemu mo\u017cemy za po\u015brednictwem smartfona: iPhone&#8217;a lub Androida (z oprogramowaniem HOBBYWING WiFi Link), u\u017cytkownik mo\u017ce zdalnie ustawi\u0107 parametry programu, wykona\u0107 aktualizacje oprogramowania i sprawdzi\u0107 dane ESC bez opuszczania stanowiska.<\/p>\n<p><img decoding=\"async\" src=\"https:\/\/b2b.innpro.pl\/data\/include\/cms\/Kamil\/009941\/000.jpg\" alt=\"Kamil\/009941\/000\"><\/p>\n<h3>Elektroniczny switch<\/h3>\n<p>Wbudowany elektroniczny Switch: Wewn\u0119trzny prze\u0142\u0105cznik elektroniczny ma \u017cywotno\u015b\u0107 ponad 50.000 cykli w\u0142\u0105czania \/ wy\u0142\u0105czania. Ca\u0142kowicie rozwi\u0105zuje problemy jak przypadkowe wy\u0142\u0105czenie, korozja punkt\u00f3w kontaktowych i inne, z kt\u00f3rymi zmagaj\u0105 si\u0119 \u200b\u200bkonwencjonalne prze\u0142\u0105czniki mechaniczne.<\/p>\n<p><img decoding=\"async\" src=\"https:\/\/b2b.innpro.pl\/data\/include\/cms\/Kamil\/009941\/02.jpg\" alt=\"Kamil\/009941\/02\"><\/p>\n<h3>Rejestracja danych<\/h3>\n<p>Mo\u017cliwo\u015b\u0107 rejestrowania danych: Ten ESC posiada funkcj\u0119 rejestrowania danych, rejestruje maksymalne temperatury ESC i silnika, maksymalne obroty silnika i itp w czasie rzeczywistym i pozwala u\u017cytkownikom sprawdza\u0107 te dane poprzez kart\u0119 programuj\u0105c\u0105 lub przez modu\u0142u WiFi po ka\u017cdym u\u017cyciu.<\/p>\n<p><img decoding=\"async\" src=\"https:\/\/b2b.innpro.pl\/data\/include\/cms\/Kamil\/009941\/03.jpg\" alt=\"Kamil\/009941\/03\"><\/p>\n<div class=\"table-wrapper\">\n<table>\n<tbody>\n<tr>\n<th>Producent<\/th>\n<td>Hobbywing<\/td>\n<\/tr>\n<tr>\n<th>Model<\/th>\n<td>HW30112751<\/td>\n<\/tr>\n<tr>\n<th>Pr\u0105d ci\u0105g\u0142y \/ szczytowy<\/th>\n<td>80A \/ 380A<\/td>\n<\/tr>\n<tr>\n<th>Napi\u0119cie wej\u015bciowe<\/th>\n<td>1S Lipo \/ 3-4 ogniwa NiMH<\/td>\n<\/tr>\n<tr>\n<th>Wyj\u015bcie BEC<\/th>\n<td>6V\/7.4V@3A<\/td>\n<\/tr>\n<tr>\n<th>Zastosowanie<\/th>\n<td>Stock 1S class 1\/10 i Racing 1\/12 on-road; KV \/ T: \u226510.5T, Rozmiar silnika 3650<\/td>\n<\/tr>\n<tr>\n<th>Przewody<\/th>\n<td>czarne-14AWG-200 mm<\/td>\n<\/tr>\n<tr>\n<th>Z\u0142\u0105cza<\/th>\n<td>brak<\/td>\n<\/tr>\n<tr>\n<th>Programowanie ESC<\/th>\n<td>Karta programuj\u0105ca lub Modu\u0142 WiFi (opcja)<\/td>\n<\/tr>\n<tr>\n<th>AKtualizacja oprogramowania<\/th>\n<td>Tak<\/td>\n<\/tr>\n<tr>\n<th>Wymiary<\/th>\n<td>31.6&#215;25.8&#215;16.2 mm<\/td>\n<\/tr>\n<tr>\n<th>Waga<\/th>\n<td>23,5 g (bez przewod\u00f3w)<\/td>\n<\/tr>\n<\/tbody>\n<\/table>\n<\/div>\n","protected":false},"excerpt":{"rendered":"<p>Regulator Hobbywing XeRun XR10 PRO Stock Spec 1S 80 A Specjalnie zaprojektowany dla klasy wy\u015bcigowej Stock 1S : Niezawodny sprz\u0119t<\/p>\n","protected":false},"featured_media":27499,"comment_status":"closed","ping_status":"open","template":"","meta":{"_acf_changed":false},"product_brand":[],"product_cat":[1169,1180,1181],"product_tag":[],"class_list":{"0":"post-27498","1":"product","2":"type-product","3":"status-publish","4":"has-post-thumbnail","6":"product_cat-modele-rc","7":"product_cat-napedy","8":"product_cat-regulatory","9":"pa_box-height-1559","10":"pa_box-length-1560","11":"pa_box-width-1439","12":"pa_gross-weight-1563","13":"pa_net-weight-1469","14":"pa_waga-netto-g-23-5","15":"pa_wlasciwosci-sensorowe-bezszczotkowe","17":"first","18":"outofstock","19":"taxable","20":"shipping-taxable","21":"purchasable","22":"product-type-simple"},"acf":[],"yoast_head":"<!-- This site is optimized with the Yoast SEO plugin v27.2 - https:\/\/yoast.com\/product\/yoast-seo-wordpress\/ -->\n<title>Regulator Hobbywing XeRun XR10 PRO Stock Spec 1S 80 A - IRONSKY.PL Sklep z Dronami<\/title>\n<meta name=\"description\" content=\"Regulator Hobbywing XeRun XR10 PRO Stock Spec 1S 80 A - \u2705 sklep z dronami i fachowym doradztwem. \u2705 Tutaj kupisz produkty DJI, Yuneec, Parrot, Syma i wiele innych, a tak\u017ce kursy i licencje na operatora drona.\" \/>\n<meta name=\"robots\" content=\"index, follow, max-snippet:-1, max-image-preview:large, max-video-preview:-1\" \/>\n<link rel=\"canonical\" href=\"https:\/\/ironsky.pl\/sklep\/produkt\/regulator-hobbywing-xerun-xr10-pro-stock-spec-1s-80-a\/\" \/>\n<meta property=\"og:locale\" content=\"pl_PL\" \/>\n<meta property=\"og:type\" content=\"article\" \/>\n<meta property=\"og:title\" content=\"Regulator Hobbywing XeRun XR10 PRO Stock Spec 1S 80 A - IRONSKY.PL Sklep z Dronami\" \/>\n<meta property=\"og:description\" content=\"Regulator Hobbywing XeRun XR10 PRO Stock Spec 1S 80 A - \u2705 sklep z dronami i fachowym doradztwem. \u2705 Tutaj kupisz produkty DJI, Yuneec, Parrot, Syma i wiele innych, a tak\u017ce kursy i licencje na operatora drona.\" \/>\n<meta property=\"og:url\" content=\"https:\/\/ironsky.pl\/sklep\/produkt\/regulator-hobbywing-xerun-xr10-pro-stock-spec-1s-80-a\/\" \/>\n<meta property=\"og:site_name\" content=\"IRONSKY.PL Sklep z Dronami\" \/>\n<meta property=\"article:modified_time\" content=\"2026-03-05T14:53:10+00:00\" \/>\n<meta property=\"og:image\" content=\"https:\/\/ironsky.pl\/sklep\/wp-content\/uploads\/2024\/09\/9494_1.jpg\" \/>\n\t<meta property=\"og:image:width\" content=\"750\" \/>\n\t<meta property=\"og:image:height\" content=\"496\" \/>\n\t<meta property=\"og:image:type\" content=\"image\/jpeg\" \/>\n<meta name=\"twitter:card\" content=\"summary_large_image\" \/>\n<meta name=\"twitter:label1\" content=\"Szacowany czas czytania\" \/>\n\t<meta name=\"twitter:data1\" content=\"2 minuty\" \/>\n<script type=\"application\/ld+json\" class=\"yoast-schema-graph\">{\"@context\":\"https:\/\/schema.org\",\"@graph\":[{\"@type\":\"WebPage\",\"@id\":\"https:\/\/ironsky.pl\/sklep\/produkt\/regulator-hobbywing-xerun-xr10-pro-stock-spec-1s-80-a\/\",\"url\":\"https:\/\/ironsky.pl\/sklep\/produkt\/regulator-hobbywing-xerun-xr10-pro-stock-spec-1s-80-a\/\",\"name\":\"Regulator Hobbywing XeRun XR10 PRO Stock Spec 1S 80 A - IRONSKY.PL Sklep z Dronami\",\"isPartOf\":{\"@id\":\"https:\/\/ironsky.pl\/sklep\/#website\"},\"primaryImageOfPage\":{\"@id\":\"https:\/\/ironsky.pl\/sklep\/produkt\/regulator-hobbywing-xerun-xr10-pro-stock-spec-1s-80-a\/#primaryimage\"},\"image\":{\"@id\":\"https:\/\/ironsky.pl\/sklep\/produkt\/regulator-hobbywing-xerun-xr10-pro-stock-spec-1s-80-a\/#primaryimage\"},\"thumbnailUrl\":\"https:\/\/ironsky.pl\/sklep\/wp-content\/uploads\/2024\/09\/9494_1.jpg\",\"datePublished\":\"2024-09-16T18:19:09+00:00\",\"dateModified\":\"2026-03-05T14:53:10+00:00\",\"description\":\"Regulator Hobbywing XeRun XR10 PRO Stock Spec 1S 80 A - \u2705 sklep z dronami i fachowym doradztwem. \u2705 Tutaj kupisz produkty DJI, Yuneec, Parrot, Syma i wiele innych, a tak\u017ce kursy i licencje na operatora drona.\",\"breadcrumb\":{\"@id\":\"https:\/\/ironsky.pl\/sklep\/produkt\/regulator-hobbywing-xerun-xr10-pro-stock-spec-1s-80-a\/#breadcrumb\"},\"inLanguage\":\"pl-PL\",\"potentialAction\":[{\"@type\":\"ReadAction\",\"target\":[\"https:\/\/ironsky.pl\/sklep\/produkt\/regulator-hobbywing-xerun-xr10-pro-stock-spec-1s-80-a\/\"]}]},{\"@type\":\"ImageObject\",\"inLanguage\":\"pl-PL\",\"@id\":\"https:\/\/ironsky.pl\/sklep\/produkt\/regulator-hobbywing-xerun-xr10-pro-stock-spec-1s-80-a\/#primaryimage\",\"url\":\"https:\/\/ironsky.pl\/sklep\/wp-content\/uploads\/2024\/09\/9494_1.jpg\",\"contentUrl\":\"https:\/\/ironsky.pl\/sklep\/wp-content\/uploads\/2024\/09\/9494_1.jpg\",\"width\":750,\"height\":496},{\"@type\":\"BreadcrumbList\",\"@id\":\"https:\/\/ironsky.pl\/sklep\/produkt\/regulator-hobbywing-xerun-xr10-pro-stock-spec-1s-80-a\/#breadcrumb\",\"itemListElement\":[{\"@type\":\"ListItem\",\"position\":1,\"name\":\"Strona g\u0142\u00f3wna\",\"item\":\"https:\/\/ironsky.pl\/sklep\/\"},{\"@type\":\"ListItem\",\"position\":2,\"name\":\"Wszystkie produkty\",\"item\":\"https:\/\/ironsky.pl\/sklep\/produkty\/\"},{\"@type\":\"ListItem\",\"position\":3,\"name\":\"Regulator Hobbywing XeRun XR10 PRO Stock Spec 1S 80 A\"}]},{\"@type\":\"WebSite\",\"@id\":\"https:\/\/ironsky.pl\/sklep\/#website\",\"url\":\"https:\/\/ironsky.pl\/sklep\/\",\"name\":\"IRONSKY.PL Sklep z Dronami\",\"description\":\"IRONSKY.PL Sklep z Dronami\",\"potentialAction\":[{\"@type\":\"SearchAction\",\"target\":{\"@type\":\"EntryPoint\",\"urlTemplate\":\"https:\/\/ironsky.pl\/sklep\/?s={search_term_string}\"},\"query-input\":{\"@type\":\"PropertyValueSpecification\",\"valueRequired\":true,\"valueName\":\"search_term_string\"}}],\"inLanguage\":\"pl-PL\"}]}<\/script>\n<!-- \/ Yoast SEO plugin. -->","yoast_head_json":{"title":"Regulator Hobbywing XeRun XR10 PRO Stock Spec 1S 80 A - IRONSKY.PL Sklep z Dronami","description":"Regulator Hobbywing XeRun XR10 PRO Stock Spec 1S 80 A - \u2705 sklep z dronami i fachowym doradztwem. \u2705 Tutaj kupisz produkty DJI, Yuneec, Parrot, Syma i wiele innych, a tak\u017ce kursy i licencje na operatora drona.","robots":{"index":"index","follow":"follow","max-snippet":"max-snippet:-1","max-image-preview":"max-image-preview:large","max-video-preview":"max-video-preview:-1"},"canonical":"https:\/\/ironsky.pl\/sklep\/produkt\/regulator-hobbywing-xerun-xr10-pro-stock-spec-1s-80-a\/","og_locale":"pl_PL","og_type":"article","og_title":"Regulator Hobbywing XeRun XR10 PRO Stock Spec 1S 80 A - IRONSKY.PL Sklep z Dronami","og_description":"Regulator Hobbywing XeRun XR10 PRO Stock Spec 1S 80 A - \u2705 sklep z dronami i fachowym doradztwem. \u2705 Tutaj kupisz produkty DJI, Yuneec, Parrot, Syma i wiele innych, a tak\u017ce kursy i licencje na operatora drona.","og_url":"https:\/\/ironsky.pl\/sklep\/produkt\/regulator-hobbywing-xerun-xr10-pro-stock-spec-1s-80-a\/","og_site_name":"IRONSKY.PL Sklep z Dronami","article_modified_time":"2026-03-05T14:53:10+00:00","og_image":[{"width":750,"height":496,"url":"https:\/\/ironsky.pl\/sklep\/wp-content\/uploads\/2024\/09\/9494_1.jpg","type":"image\/jpeg"}],"twitter_card":"summary_large_image","twitter_misc":{"Szacowany czas czytania":"2 minuty"},"schema":{"@context":"https:\/\/schema.org","@graph":[{"@type":"WebPage","@id":"https:\/\/ironsky.pl\/sklep\/produkt\/regulator-hobbywing-xerun-xr10-pro-stock-spec-1s-80-a\/","url":"https:\/\/ironsky.pl\/sklep\/produkt\/regulator-hobbywing-xerun-xr10-pro-stock-spec-1s-80-a\/","name":"Regulator Hobbywing XeRun XR10 PRO Stock Spec 1S 80 A - IRONSKY.PL Sklep z Dronami","isPartOf":{"@id":"https:\/\/ironsky.pl\/sklep\/#website"},"primaryImageOfPage":{"@id":"https:\/\/ironsky.pl\/sklep\/produkt\/regulator-hobbywing-xerun-xr10-pro-stock-spec-1s-80-a\/#primaryimage"},"image":{"@id":"https:\/\/ironsky.pl\/sklep\/produkt\/regulator-hobbywing-xerun-xr10-pro-stock-spec-1s-80-a\/#primaryimage"},"thumbnailUrl":"https:\/\/ironsky.pl\/sklep\/wp-content\/uploads\/2024\/09\/9494_1.jpg","datePublished":"2024-09-16T18:19:09+00:00","dateModified":"2026-03-05T14:53:10+00:00","description":"Regulator Hobbywing XeRun XR10 PRO Stock Spec 1S 80 A - \u2705 sklep z dronami i fachowym doradztwem. \u2705 Tutaj kupisz produkty DJI, Yuneec, Parrot, Syma i wiele innych, a tak\u017ce kursy i licencje na operatora drona.","breadcrumb":{"@id":"https:\/\/ironsky.pl\/sklep\/produkt\/regulator-hobbywing-xerun-xr10-pro-stock-spec-1s-80-a\/#breadcrumb"},"inLanguage":"pl-PL","potentialAction":[{"@type":"ReadAction","target":["https:\/\/ironsky.pl\/sklep\/produkt\/regulator-hobbywing-xerun-xr10-pro-stock-spec-1s-80-a\/"]}]},{"@type":"ImageObject","inLanguage":"pl-PL","@id":"https:\/\/ironsky.pl\/sklep\/produkt\/regulator-hobbywing-xerun-xr10-pro-stock-spec-1s-80-a\/#primaryimage","url":"https:\/\/ironsky.pl\/sklep\/wp-content\/uploads\/2024\/09\/9494_1.jpg","contentUrl":"https:\/\/ironsky.pl\/sklep\/wp-content\/uploads\/2024\/09\/9494_1.jpg","width":750,"height":496},{"@type":"BreadcrumbList","@id":"https:\/\/ironsky.pl\/sklep\/produkt\/regulator-hobbywing-xerun-xr10-pro-stock-spec-1s-80-a\/#breadcrumb","itemListElement":[{"@type":"ListItem","position":1,"name":"Strona g\u0142\u00f3wna","item":"https:\/\/ironsky.pl\/sklep\/"},{"@type":"ListItem","position":2,"name":"Wszystkie produkty","item":"https:\/\/ironsky.pl\/sklep\/produkty\/"},{"@type":"ListItem","position":3,"name":"Regulator Hobbywing XeRun XR10 PRO Stock Spec 1S 80 A"}]},{"@type":"WebSite","@id":"https:\/\/ironsky.pl\/sklep\/#website","url":"https:\/\/ironsky.pl\/sklep\/","name":"IRONSKY.PL Sklep z Dronami","description":"IRONSKY.PL Sklep z Dronami","potentialAction":[{"@type":"SearchAction","target":{"@type":"EntryPoint","urlTemplate":"https:\/\/ironsky.pl\/sklep\/?s={search_term_string}"},"query-input":{"@type":"PropertyValueSpecification","valueRequired":true,"valueName":"search_term_string"}}],"inLanguage":"pl-PL"}]}},"_links":{"self":[{"href":"https:\/\/ironsky.pl\/sklep\/wp-json\/wp\/v2\/product\/27498","targetHints":{"allow":["GET"]}}],"collection":[{"href":"https:\/\/ironsky.pl\/sklep\/wp-json\/wp\/v2\/product"}],"about":[{"href":"https:\/\/ironsky.pl\/sklep\/wp-json\/wp\/v2\/types\/product"}],"replies":[{"embeddable":true,"href":"https:\/\/ironsky.pl\/sklep\/wp-json\/wp\/v2\/comments?post=27498"}],"wp:featuredmedia":[{"embeddable":true,"href":"https:\/\/ironsky.pl\/sklep\/wp-json\/wp\/v2\/media\/27499"}],"wp:attachment":[{"href":"https:\/\/ironsky.pl\/sklep\/wp-json\/wp\/v2\/media?parent=27498"}],"wp:term":[{"taxonomy":"product_brand","embeddable":true,"href":"https:\/\/ironsky.pl\/sklep\/wp-json\/wp\/v2\/product_brand?post=27498"},{"taxonomy":"product_cat","embeddable":true,"href":"https:\/\/ironsky.pl\/sklep\/wp-json\/wp\/v2\/product_cat?post=27498"},{"taxonomy":"product_tag","embeddable":true,"href":"https:\/\/ironsky.pl\/sklep\/wp-json\/wp\/v2\/product_tag?post=27498"}],"curies":[{"name":"wp","href":"https:\/\/api.w.org\/{rel}","templated":true}]}}