{"id":27486,"date":"2024-09-16T20:18:20","date_gmt":"2024-09-16T18:18:20","guid":{"rendered":"http:\/\/gvshalph.pro-linuxpl.com\/ironskyprodukty\/produkt\/regulator-hobbywing-xerun-xr8-sct-140-a\/"},"modified":"2026-03-05T15:53:09","modified_gmt":"2026-03-05T14:53:09","slug":"regulator-hobbywing-xerun-xr8-sct-140-a","status":"publish","type":"product","link":"https:\/\/ironsky.pl\/sklep\/produkt\/regulator-hobbywing-xerun-xr8-sct-140-a\/","title":{"rendered":"Regulator Hobbywing XeRun XR8 SCT 140 A"},"content":{"rendered":"<style><!--\ntable {\n    border-collapse: collapse;\n    width: 100%;\n}\n\nth, td {\n    padding: 8px;\n    text-align: left;\n    border-bottom: 1px solid #ddd;\n}\n\ntr:hover{background-color:#f5f5f5}\n--><\/style>\n<div style=\"text-align: center;\" class=\"iai_top\"><span style=\"color: #333333; font-size: 14pt;\"><span style=\"color: #333333; font-size: 14pt;\"><strong><br \/>Tryb Turbo Timming<\/p>\n<p><\/strong><\/span><\/span><\/div>\n<div style=\"text-align: justify;\" class=\"iai_top\"><span style=\"color: #333333; font-size: 14pt;\"><span style=\"color: #333333; font-size: 14pt;\"><span style=\"color: #333333;\"><span style=\"font-size: 12pt;\">W pe\u0142ni sensorowy regulator w skali 1\/8 (w po\u0142\u0105czeniu z silnikami Hobbywing). Obs\u0142uga trybu Turbo Timing Technology kt\u00f3ra uwolni pe\u0142n\u0105 moc z silnika. Ma\u0142a i lekka budowa &#8211; (30,1% mniejsza ni\u017c XR8 Plus) i l\u017cejsza (36,5g l\u017cejszy ni\u017c XR8 Plus). Znacznie u\u0142atwia to instalacj\u0119 i redukuje mas\u0119 samochodu.<\/p>\n<p><strong><img decoding=\"async\" style=\"display: block; margin-left: auto; margin-right: auto;\" src=\"\/data\/include\/cms\/Kamil\/009937\/04.jpg\" border=\"0\" width=\"750\" height=\"496\" \/><\/strong><\/span><\/span><\/span><\/span><\/div>\n<div style=\"text-align: center;\" class=\"iai_top\"><\/div>\n<div style=\"text-align: center;\" class=\"iai_top\"><\/div>\n<div style=\"text-align: center;\" class=\"iai_top\">\n<hr \/>\n<p><span style=\"color: #333333; font-size: 14pt;\"><span style=\"color: #333333; font-size: 14pt;\"><\/span><\/span><\/div>\n<div style=\"text-align: center;\" class=\"iai_top\"><span style=\"color: #333333; font-size: 14pt;\"><span style=\"color: #333333; font-size: 14pt;\"><strong><br \/>Wysoka niezawodno\u015b\u0107 i trwa\u0142o\u015b\u0107<\/p>\n<p><\/strong><\/span><\/span><\/div>\n<div style=\"text-align: justify;\" class=\"iai_top\"><span style=\"color: #333333; font-size: 14pt;\"><span style=\"color: #333333; font-size: 14pt;\"><span style=\"font-size: 12pt; color: #333333;\">Kondensatory skutecznie zabezpieczaj\u0105 regulator przez skutkami przegrzania kt\u00f3re mog\u0105 nieodwracalnie uszkodzi\u0107 regulator. Wbudowany BEC kt\u00f3ry wytrzymuje pr\u0105d do 15 A i ma regulowane napi\u0119cie w granicach 6 &#8211; 7,4 V pozwala u\u017cytkownikowi na u\u017cycie wi\u0119kszo\u015bci popularnych serw. Zbudowany z najbardziej wytrzyma\u0142ych i wysokiej jako\u015bci komponent\u00f3w , XR8 SCT jest w stanie zapewni\u0107 niezr\u00f3wnan\u0105 moc i wydajno\u015b\u0107 nawet przy najbardziej wymagaj\u0105cych warunkach. Jest r\u00f3wnie\u017c wystarczaj\u0105co elastyczny, aby wytrzyma\u0107 uszkodzenia mechaniczne. Zaawansowany i bezpieczny elektroniczny prze\u0142\u0105cznik wytrzymuje\u00a0ponad 50.000 cykli pracy. Mie\u015bci si\u0119 w ca\u0142kowicie wodoodpornej, py\u0142oszczelnej i odpornej na wstrz\u0105sy obudowie.<br \/><\/span><strong><span><br \/><\/span><\/strong><\/span><\/span><\/div>\n<div style=\"text-align: justify;\" class=\"iai_top\"><span style=\"color: #333333; font-size: 14pt;\"><span style=\"color: #333333; font-size: 14pt;\"><span style=\"font-size: 12pt; color: #333333;\"><\/span><\/span><\/span><\/div>\n<div class=\"iai_top\"><span style=\"color: #333333; font-size: 14pt;\"><span style=\"color: #333333; font-size: 14pt;\"><strong><span><img decoding=\"async\" style=\"display: block; margin-left: auto; margin-right: auto;\" src=\"\/data\/include\/cms\/Kamil\/009937\/02.jpg\" border=\"0\" width=\"750\" height=\"496\" \/><\/span><\/strong><\/span><\/span><\/div>\n<div class=\"iai_top\"><\/div>\n<div class=\"iai_top\"><\/div>\n<div style=\"text-align: center;\" class=\"iai_top\">\n<hr \/>\n<p><span style=\"color: #333333; font-size: 14pt;\"><span style=\"color: #333333; font-size: 14pt;\"><span><\/span><\/span><\/span><\/div>\n<div style=\"text-align: center;\" class=\"iai_top\"><span style=\"color: #333333; font-size: 14pt;\"><span style=\"color: #333333; font-size: 14pt;\"><span> <\/span><\/span><\/span><\/div>\n<div style=\"text-align: center;\" class=\"iai_top\"><span style=\"color: #333333; font-size: 14pt;\"><span style=\"color: #333333; font-size: 14pt;\"><strong><span><br \/>P\u0142ynna jazda na luzie<\/p>\n<p><\/span><\/strong><\/span><\/span><\/div>\n<div style=\"text-align: justify;\" class=\"iai_top\"><span style=\"color: #333333; font-size: 12pt;\"><span style=\"color: #333333;\"><span style=\"color: #333333;\">Jazda przy wy\u0142\u0105czonym gazie &#8211; XR8 SCT zapewnia niezwykle p\u0142ynn\u0105 jazd\u0119 z dr\u0105\u017ckiem w pozycji wy\u0142\u0105czonego gazu, kt\u00f3ra symuluje wra\u017cenie prowadzenia samochodu du\u017cej skali. Takie dzia\u0142anie mo\u017ce znacznie usprawni\u0107 wydajno\u015b\u0107 model\u00f3w, posiadaj\u0105cych silniki o du\u017cej mocy, jako \u017ce elektromagnetyczny p\u0119d staje si\u0119 istotnym czynnikiem przy nag\u0142ym hamowaniu przy dr\u0105\u017cku w pozycji wy\u0142\u0105czonego gazu, jako \u017ce elektromagnetyczny efekt staje si\u0119 istotnym czynnikiem podczas hamowania z dr\u0105\u017ckiem w pozycji wy\u0142\u0105czonej, negatywnie oddzia\u0142uj\u0105c na jako\u015b\u0107 prowadzenia. Ultra niezawodny system ch\u0142odzenia &#8211; Opatentowana technologia ch\u0142odzenia jest zastrze\u017cona przez HOBBYWING . Wentylator posiada wstrz\u0105soodporn\u0105 konstrukcj\u0119, kt\u00f3ra skutecznie zmniejsza mo\u017cliwo\u015b\u0107 uszkodzenia wentylatora z powodu cz\u0119stych skok\u00f3w pojazdu.<br \/><\/span><strong><br \/><\/strong><\/span><\/span><\/div>\n<div class=\"iai_top\"><span style=\"color: #333333;\"><span style=\"font-size: 16px;\"><img decoding=\"async\" style=\"display: block; margin-left: auto; margin-right: auto;\" src=\"\/data\/include\/cms\/Kamil\/009937\/06.jpg\" border=\"0\" width=\"750\" height=\"496\" \/><br \/><\/span><\/span><\/div>\n<div class=\"iai_top\"><span style=\"color: #333333;\"><span style=\"font-size: 16px;\"><\/span><\/span><\/div>\n<div class=\"iai_top\">\n<hr \/>\n<p><span style=\"color: #333333;\"><span style=\"font-size: 16px;\"><\/span><\/span><\/div>\n<div style=\"text-align: center;\" class=\"iai_top\"><span style=\"color: #333333;\"><span style=\"font-size: 16px;\"><br \/><span style=\"font-size: 14pt;\"><strong>Bezprzewodowa obs\u0142uga<\/p>\n<p><\/strong><\/span><\/span><\/span><\/div>\n<div style=\"text-align: justify;\" class=\"iai_top\"><span style=\"color: #333333; font-size: 12pt;\">Zdalne bezprzewodowe programowanie \/ aktualizacja \/ odczyt danych jest mo\u017cliwe z opcjonalnym (brak w zestawie) modu\u0142em &#8222;WiFi Express&#8221;. Dzi\u0119ki niemu mo\u017cemy za po\u015brednictwem smartfona: iPhone&#8217;a lub Androida (z oprogramowaniem HOBBYWING WiFi Link), u\u017cytkownik mo\u017ce zdalnie ustawi\u0107 parametry programu, wykona\u0107 aktualizacje oprogramowania i sprawdzi\u0107 dane ESC bez opuszczania stanowiska.<\/p>\n<p><\/span><\/div>\n<div class=\"iai_top\"><span style=\"color: #333333; font-size: 12pt;\"><img decoding=\"async\" style=\"display: block; margin-left: auto; margin-right: auto;\" src=\"\/data\/include\/cms\/Kamil\/009937\/07.jpg\" border=\"0\" width=\"800\" height=\"339\" \/><\/span><\/div>\n<div style=\"text-align: center;\" class=\"iai_top\"><\/div>\n<div class=\"iai_top\"><\/div>\n<p>\u00a0<\/p>\n<div style=\"text-align: left;\" class=\"iai_bottom\"><span style=\"font-size: 12pt;\"><span style=\"color: #333333;\"><span style=\"font-size: 14pt; color: #999999;\"><strong>Specyfikacja<br \/><\/strong><\/span><\/span><\/span><\/div>\n<div style=\"text-align: center;\" class=\"iai_bottom\">\n<hr \/>\n<h3 class=\"section-title\"><span style=\"font-size: 14pt;\">\u00a0<\/span><\/h3>\n<table class=\"table-specs\">\n<tbody>\n<tr>\n<th><span style=\"font-size: 10pt;\">Pr\u0105d ci\u0105g\u0142y \/ szczytowy:<\/span><\/th>\n<td style=\"width: 400px;\"><span style=\"font-size: 10pt;\">140A \/ 880A<\/span><\/td>\n<\/tr>\n<tr style=\"background-color: #f7f7f7;\">\n<th><span style=\"font-size: 10pt;\">Napi\u0119cie wej\u015bciowe:<\/span><\/th>\n<td><span style=\"font-size: 10pt;\">2-4S Lipo \/ 6-12 ogniwa NiMH<\/span><\/td>\n<\/tr>\n<tr>\n<th style=\"width: 400px;\"><span style=\"font-size: 10pt;\">Wyj\u015bcie BEC:<\/span><\/th>\n<td><span style=\"font-size: 10pt;\">6V\/7.4V@6A<\/span><\/td>\n<\/tr>\n<tr style=\"background-color: #f7f7f7;\">\n<th style=\"width: 400px;\"><span style=\"font-size: 10pt;\">Zastosowanie:<\/span><\/th>\n<td><span style=\"font-size: 10pt;\">1\/10th SCT\/Truck\/Monster Truck &amp; 1\/8th Buggy\/On-road Racing<\/span><\/td>\n<\/tr>\n<tr>\n<th style=\"width: 400px;\"><span style=\"font-size: 10pt;\">Przewody:<\/span><\/th>\n<td><span style=\"font-size: 10pt;\">12AWG-200 mm<\/span><\/td>\n<\/tr>\n<tr style=\"background-color: #f7f7f7;\">\n<th style=\"width: 400px;\"><span style=\"font-size: 10pt;\">Z\u0142\u0105cza:<\/span><\/th>\n<td><span style=\"font-size: 13.3333px;\">brak<\/span><\/td>\n<\/tr>\n<tr>\n<th style=\"width: 400px;\"><span style=\"font-size: 10pt;\">Programowanie ESC:<\/span><\/th>\n<td><span style=\"font-size: 10pt;\">Karta programuj\u0105ca lub Modu\u0142 WiFi (opcja)<\/span><\/td>\n<\/tr>\n<tr style=\"background-color: #f7f7f7;\">\n<th style=\"width: 400px;\"><span style=\"font-size: 10pt;\">AKtualizacja oprogramowania:<\/span><\/th>\n<td><span style=\"font-size: 10pt;\">Tak<\/span><\/td>\n<\/tr>\n<tr>\n<th style=\"width: 400px;\"><span style=\"font-size: 10pt;\">Wymiary:<\/span><\/th>\n<td><span style=\"font-size: 10pt;\">54.1&#215;37.2&#215;36.1 mm<\/span><\/td>\n<\/tr>\n<tr style=\"background-color: #f7f7f7;\">\n<th style=\"width: 400px;\"><span style=\"font-size: 10pt;\">Waga:<\/span><\/th>\n<td><span style=\"font-size: 10pt;\">90,5 g<\/span><\/td>\n<\/tr>\n<\/tbody>\n<\/table>\n<h3 class=\"section-title\">\u00a0<\/h3>\n<\/div>\n<p>\u00a0<\/p>\n","protected":false},"excerpt":{"rendered":"<p>Tryb Turbo Timming W pe\u0142ni sensorowy regulator w skali 1\/8 (w po\u0142\u0105czeniu z silnikami Hobbywing). Obs\u0142uga trybu Turbo Timing Technology<\/p>\n","protected":false},"featured_media":27487,"comment_status":"closed","ping_status":"open","template":"","meta":{"_acf_changed":false},"product_brand":[],"product_cat":[1169,1180,1181],"product_tag":[],"class_list":{"0":"post-27486","1":"product","2":"type-product","3":"status-publish","4":"has-post-thumbnail","6":"product_cat-modele-rc","7":"product_cat-napedy","8":"product_cat-regulatory","9":"pa_box-height-1459","10":"pa_box-length-1460","11":"pa_box-width-1439","12":"pa_gross-weight-1555","13":"pa_net-weight-1554","14":"pa_waga-netto-g-90-5","15":"pa_wlasciwosci-sensorowe-wodoodporne","17":"first","18":"outofstock","19":"taxable","20":"shipping-taxable","21":"purchasable","22":"product-type-simple"},"acf":[],"yoast_head":"<!-- This site is optimized with the Yoast SEO plugin v27.2 - https:\/\/yoast.com\/product\/yoast-seo-wordpress\/ -->\n<title>Regulator Hobbywing XeRun XR8 SCT 140 A - IRONSKY.PL Sklep z Dronami<\/title>\n<meta name=\"description\" content=\"Regulator Hobbywing XeRun XR8 SCT 140 A - \u2705 sklep z dronami i fachowym doradztwem. \u2705 Tutaj kupisz produkty DJI, Yuneec, Parrot, Syma i wiele innych, a tak\u017ce kursy i licencje na operatora drona.\" \/>\n<meta name=\"robots\" content=\"index, follow, max-snippet:-1, max-image-preview:large, max-video-preview:-1\" \/>\n<link rel=\"canonical\" href=\"https:\/\/ironsky.pl\/sklep\/produkt\/regulator-hobbywing-xerun-xr8-sct-140-a\/\" \/>\n<meta property=\"og:locale\" content=\"pl_PL\" \/>\n<meta property=\"og:type\" content=\"article\" \/>\n<meta property=\"og:title\" content=\"Regulator Hobbywing XeRun XR8 SCT 140 A - IRONSKY.PL Sklep z Dronami\" \/>\n<meta property=\"og:description\" content=\"Regulator Hobbywing XeRun XR8 SCT 140 A - \u2705 sklep z dronami i fachowym doradztwem. \u2705 Tutaj kupisz produkty DJI, Yuneec, Parrot, Syma i wiele innych, a tak\u017ce kursy i licencje na operatora drona.\" \/>\n<meta property=\"og:url\" content=\"https:\/\/ironsky.pl\/sklep\/produkt\/regulator-hobbywing-xerun-xr8-sct-140-a\/\" \/>\n<meta property=\"og:site_name\" content=\"IRONSKY.PL Sklep z Dronami\" \/>\n<meta property=\"article:modified_time\" content=\"2026-03-05T14:53:09+00:00\" \/>\n<meta property=\"og:image\" content=\"https:\/\/ironsky.pl\/sklep\/wp-content\/uploads\/2024\/09\/9490_1.jpg\" \/>\n\t<meta property=\"og:image:width\" content=\"511\" \/>\n\t<meta property=\"og:image:height\" content=\"600\" \/>\n\t<meta property=\"og:image:type\" content=\"image\/jpeg\" \/>\n<meta name=\"twitter:card\" content=\"summary_large_image\" \/>\n<meta name=\"twitter:label1\" content=\"Szacowany czas czytania\" \/>\n\t<meta name=\"twitter:data1\" content=\"2 minuty\" \/>\n<script type=\"application\/ld+json\" class=\"yoast-schema-graph\">{\"@context\":\"https:\/\/schema.org\",\"@graph\":[{\"@type\":\"WebPage\",\"@id\":\"https:\/\/ironsky.pl\/sklep\/produkt\/regulator-hobbywing-xerun-xr8-sct-140-a\/\",\"url\":\"https:\/\/ironsky.pl\/sklep\/produkt\/regulator-hobbywing-xerun-xr8-sct-140-a\/\",\"name\":\"Regulator Hobbywing XeRun XR8 SCT 140 A - IRONSKY.PL Sklep z Dronami\",\"isPartOf\":{\"@id\":\"https:\/\/ironsky.pl\/sklep\/#website\"},\"primaryImageOfPage\":{\"@id\":\"https:\/\/ironsky.pl\/sklep\/produkt\/regulator-hobbywing-xerun-xr8-sct-140-a\/#primaryimage\"},\"image\":{\"@id\":\"https:\/\/ironsky.pl\/sklep\/produkt\/regulator-hobbywing-xerun-xr8-sct-140-a\/#primaryimage\"},\"thumbnailUrl\":\"https:\/\/ironsky.pl\/sklep\/wp-content\/uploads\/2024\/09\/9490_1.jpg\",\"datePublished\":\"2024-09-16T18:18:20+00:00\",\"dateModified\":\"2026-03-05T14:53:09+00:00\",\"description\":\"Regulator Hobbywing XeRun XR8 SCT 140 A - \u2705 sklep z dronami i fachowym doradztwem. \u2705 Tutaj kupisz produkty DJI, Yuneec, Parrot, Syma i wiele innych, a tak\u017ce kursy i licencje na operatora drona.\",\"breadcrumb\":{\"@id\":\"https:\/\/ironsky.pl\/sklep\/produkt\/regulator-hobbywing-xerun-xr8-sct-140-a\/#breadcrumb\"},\"inLanguage\":\"pl-PL\",\"potentialAction\":[{\"@type\":\"ReadAction\",\"target\":[\"https:\/\/ironsky.pl\/sklep\/produkt\/regulator-hobbywing-xerun-xr8-sct-140-a\/\"]}]},{\"@type\":\"ImageObject\",\"inLanguage\":\"pl-PL\",\"@id\":\"https:\/\/ironsky.pl\/sklep\/produkt\/regulator-hobbywing-xerun-xr8-sct-140-a\/#primaryimage\",\"url\":\"https:\/\/ironsky.pl\/sklep\/wp-content\/uploads\/2024\/09\/9490_1.jpg\",\"contentUrl\":\"https:\/\/ironsky.pl\/sklep\/wp-content\/uploads\/2024\/09\/9490_1.jpg\",\"width\":511,\"height\":600},{\"@type\":\"BreadcrumbList\",\"@id\":\"https:\/\/ironsky.pl\/sklep\/produkt\/regulator-hobbywing-xerun-xr8-sct-140-a\/#breadcrumb\",\"itemListElement\":[{\"@type\":\"ListItem\",\"position\":1,\"name\":\"Strona g\u0142\u00f3wna\",\"item\":\"https:\/\/ironsky.pl\/sklep\/\"},{\"@type\":\"ListItem\",\"position\":2,\"name\":\"Wszystkie produkty\",\"item\":\"https:\/\/ironsky.pl\/sklep\/produkty\/\"},{\"@type\":\"ListItem\",\"position\":3,\"name\":\"Regulator Hobbywing XeRun XR8 SCT 140 A\"}]},{\"@type\":\"WebSite\",\"@id\":\"https:\/\/ironsky.pl\/sklep\/#website\",\"url\":\"https:\/\/ironsky.pl\/sklep\/\",\"name\":\"IRONSKY.PL Sklep z Dronami\",\"description\":\"IRONSKY.PL Sklep z Dronami\",\"potentialAction\":[{\"@type\":\"SearchAction\",\"target\":{\"@type\":\"EntryPoint\",\"urlTemplate\":\"https:\/\/ironsky.pl\/sklep\/?s={search_term_string}\"},\"query-input\":{\"@type\":\"PropertyValueSpecification\",\"valueRequired\":true,\"valueName\":\"search_term_string\"}}],\"inLanguage\":\"pl-PL\"}]}<\/script>\n<!-- \/ Yoast SEO plugin. -->","yoast_head_json":{"title":"Regulator Hobbywing XeRun XR8 SCT 140 A - IRONSKY.PL Sklep z Dronami","description":"Regulator Hobbywing XeRun XR8 SCT 140 A - \u2705 sklep z dronami i fachowym doradztwem. \u2705 Tutaj kupisz produkty DJI, Yuneec, Parrot, Syma i wiele innych, a tak\u017ce kursy i licencje na operatora drona.","robots":{"index":"index","follow":"follow","max-snippet":"max-snippet:-1","max-image-preview":"max-image-preview:large","max-video-preview":"max-video-preview:-1"},"canonical":"https:\/\/ironsky.pl\/sklep\/produkt\/regulator-hobbywing-xerun-xr8-sct-140-a\/","og_locale":"pl_PL","og_type":"article","og_title":"Regulator Hobbywing XeRun XR8 SCT 140 A - IRONSKY.PL Sklep z Dronami","og_description":"Regulator Hobbywing XeRun XR8 SCT 140 A - \u2705 sklep z dronami i fachowym doradztwem. \u2705 Tutaj kupisz produkty DJI, Yuneec, Parrot, Syma i wiele innych, a tak\u017ce kursy i licencje na operatora drona.","og_url":"https:\/\/ironsky.pl\/sklep\/produkt\/regulator-hobbywing-xerun-xr8-sct-140-a\/","og_site_name":"IRONSKY.PL Sklep z Dronami","article_modified_time":"2026-03-05T14:53:09+00:00","og_image":[{"width":511,"height":600,"url":"https:\/\/ironsky.pl\/sklep\/wp-content\/uploads\/2024\/09\/9490_1.jpg","type":"image\/jpeg"}],"twitter_card":"summary_large_image","twitter_misc":{"Szacowany czas czytania":"2 minuty"},"schema":{"@context":"https:\/\/schema.org","@graph":[{"@type":"WebPage","@id":"https:\/\/ironsky.pl\/sklep\/produkt\/regulator-hobbywing-xerun-xr8-sct-140-a\/","url":"https:\/\/ironsky.pl\/sklep\/produkt\/regulator-hobbywing-xerun-xr8-sct-140-a\/","name":"Regulator Hobbywing XeRun XR8 SCT 140 A - IRONSKY.PL Sklep z Dronami","isPartOf":{"@id":"https:\/\/ironsky.pl\/sklep\/#website"},"primaryImageOfPage":{"@id":"https:\/\/ironsky.pl\/sklep\/produkt\/regulator-hobbywing-xerun-xr8-sct-140-a\/#primaryimage"},"image":{"@id":"https:\/\/ironsky.pl\/sklep\/produkt\/regulator-hobbywing-xerun-xr8-sct-140-a\/#primaryimage"},"thumbnailUrl":"https:\/\/ironsky.pl\/sklep\/wp-content\/uploads\/2024\/09\/9490_1.jpg","datePublished":"2024-09-16T18:18:20+00:00","dateModified":"2026-03-05T14:53:09+00:00","description":"Regulator Hobbywing XeRun XR8 SCT 140 A - \u2705 sklep z dronami i fachowym doradztwem. \u2705 Tutaj kupisz produkty DJI, Yuneec, Parrot, Syma i wiele innych, a tak\u017ce kursy i licencje na operatora drona.","breadcrumb":{"@id":"https:\/\/ironsky.pl\/sklep\/produkt\/regulator-hobbywing-xerun-xr8-sct-140-a\/#breadcrumb"},"inLanguage":"pl-PL","potentialAction":[{"@type":"ReadAction","target":["https:\/\/ironsky.pl\/sklep\/produkt\/regulator-hobbywing-xerun-xr8-sct-140-a\/"]}]},{"@type":"ImageObject","inLanguage":"pl-PL","@id":"https:\/\/ironsky.pl\/sklep\/produkt\/regulator-hobbywing-xerun-xr8-sct-140-a\/#primaryimage","url":"https:\/\/ironsky.pl\/sklep\/wp-content\/uploads\/2024\/09\/9490_1.jpg","contentUrl":"https:\/\/ironsky.pl\/sklep\/wp-content\/uploads\/2024\/09\/9490_1.jpg","width":511,"height":600},{"@type":"BreadcrumbList","@id":"https:\/\/ironsky.pl\/sklep\/produkt\/regulator-hobbywing-xerun-xr8-sct-140-a\/#breadcrumb","itemListElement":[{"@type":"ListItem","position":1,"name":"Strona g\u0142\u00f3wna","item":"https:\/\/ironsky.pl\/sklep\/"},{"@type":"ListItem","position":2,"name":"Wszystkie produkty","item":"https:\/\/ironsky.pl\/sklep\/produkty\/"},{"@type":"ListItem","position":3,"name":"Regulator Hobbywing XeRun XR8 SCT 140 A"}]},{"@type":"WebSite","@id":"https:\/\/ironsky.pl\/sklep\/#website","url":"https:\/\/ironsky.pl\/sklep\/","name":"IRONSKY.PL Sklep z Dronami","description":"IRONSKY.PL Sklep z Dronami","potentialAction":[{"@type":"SearchAction","target":{"@type":"EntryPoint","urlTemplate":"https:\/\/ironsky.pl\/sklep\/?s={search_term_string}"},"query-input":{"@type":"PropertyValueSpecification","valueRequired":true,"valueName":"search_term_string"}}],"inLanguage":"pl-PL"}]}},"_links":{"self":[{"href":"https:\/\/ironsky.pl\/sklep\/wp-json\/wp\/v2\/product\/27486","targetHints":{"allow":["GET"]}}],"collection":[{"href":"https:\/\/ironsky.pl\/sklep\/wp-json\/wp\/v2\/product"}],"about":[{"href":"https:\/\/ironsky.pl\/sklep\/wp-json\/wp\/v2\/types\/product"}],"replies":[{"embeddable":true,"href":"https:\/\/ironsky.pl\/sklep\/wp-json\/wp\/v2\/comments?post=27486"}],"wp:featuredmedia":[{"embeddable":true,"href":"https:\/\/ironsky.pl\/sklep\/wp-json\/wp\/v2\/media\/27487"}],"wp:attachment":[{"href":"https:\/\/ironsky.pl\/sklep\/wp-json\/wp\/v2\/media?parent=27486"}],"wp:term":[{"taxonomy":"product_brand","embeddable":true,"href":"https:\/\/ironsky.pl\/sklep\/wp-json\/wp\/v2\/product_brand?post=27486"},{"taxonomy":"product_cat","embeddable":true,"href":"https:\/\/ironsky.pl\/sklep\/wp-json\/wp\/v2\/product_cat?post=27486"},{"taxonomy":"product_tag","embeddable":true,"href":"https:\/\/ironsky.pl\/sklep\/wp-json\/wp\/v2\/product_tag?post=27486"}],"curies":[{"name":"wp","href":"https:\/\/api.w.org\/{rel}","templated":true}]}}