{"id":27482,"date":"2024-09-16T20:18:20","date_gmt":"2024-09-16T18:18:20","guid":{"rendered":"http:\/\/gvshalph.pro-linuxpl.com\/ironskyprodukty\/produkt\/serwo-standard-sc-1251mg-445g-90kg-009sec\/"},"modified":"2026-03-28T10:43:34","modified_gmt":"2026-03-28T09:43:34","slug":"serwo-standard-sc-1251mg-445g-90kg-009sec","status":"publish","type":"product","link":"https:\/\/ironsky.pl\/sklep\/produkt\/serwo-standard-sc-1251mg-445g-90kg-009sec\/","title":{"rendered":"Serwo standard SC-1251MG 44,5g (9,0kg\/ 0,09sec)"},"content":{"rendered":"<h3>Serwo standard SC-1251MG 44,5g (9,0kg\/ 0,09sec)<\/h3>\n<p>SC-1251MG to najnowsze cyfrowe serwo renomowanej firmy Savox. Bardzo dobre parametry techniczne, wygl\u0105d zewn\u0119trzny na 5+, stosunkowo niska cena, czyli jednym s\u0142owem: produkt godny polecenia.<\/p>\n<h3>W zestawie:<\/h3>\n<ul>\n<li>komplet orczyk\u00f3w<\/li>\n<\/ul>\n<div class=\"table-wrapper\">\n<table>\n<tbody>\n<tr>\n<th>Producent<\/th>\n<td>Savox<\/td>\n<\/tr>\n<tr>\n<th>Model<\/th>\n<td>1SV2510<\/td>\n<\/tr>\n<tr>\n<th>Zasilanie<\/th>\n<td>4,8V &#8211; 6V<\/td>\n<\/tr>\n<tr>\n<th>Moment ca\u0142kowity (Kg\/cm)<\/th>\n<td>7kg (4,8V) \/ 9kg (6V)<\/td>\n<\/tr>\n<tr>\n<th>Pr\u0119dko\u015b\u0107 (sek\/60)&#8221;<\/th>\n<td>0,10sec. (4,8V) \/ 0,09sec. (6V)<\/td>\n<\/tr>\n<tr>\n<th>Wymiary<\/th>\n<td>40,8&#215;20,2&#215;25,4 mm<\/td>\n<\/tr>\n<tr>\n<th>Waga (g)<\/th>\n<td>44,5<\/td>\n<\/tr>\n<tr>\n<th>Z\u0119batki<\/th>\n<td>metal<\/td>\n<\/tr>\n<tr>\n<th>Ilo\u015b\u0107 \u0142o\u017cysk<\/th>\n<td>2BB<\/td>\n<\/tr>\n<\/tbody>\n<\/table>\n<\/div>\n","protected":false},"excerpt":{"rendered":"<p>Serwo standard SC-1251MG 44,5g (9,0kg\/ 0,09sec) SC-1251MG to najnowsze cyfrowe serwo renomowanej firmy Savox. Bardzo dobre parametry techniczne, wygl\u0105d zewn\u0119trzny<\/p>\n","protected":false},"featured_media":27483,"comment_status":"closed","ping_status":"open","template":"","meta":{"_acf_changed":false},"product_brand":[],"product_cat":[1169],"product_tag":[],"class_list":{"0":"post-27482","1":"product","2":"type-product","3":"status-publish","4":"has-post-thumbnail","6":"product_cat-modele-rc","7":"pa_moment-calkowity-kg-cm-1204","8":"pa_waga-g-1205","10":"first","11":"instock","12":"taxable","13":"shipping-taxable","14":"purchasable","15":"product-type-simple"},"acf":[],"yoast_head":"<!-- This site is optimized with the Yoast SEO plugin v27.2 - https:\/\/yoast.com\/product\/yoast-seo-wordpress\/ -->\n<title>Serwo standard SC-1251MG 44,5g (9,0kg\/ 0,09sec) - IRONSKY.PL Sklep z Dronami<\/title>\n<meta name=\"description\" content=\"Serwo standard SC-1251MG 44,5g (9,0kg\/ 0,09sec) - \u2705 sklep z dronami i fachowym doradztwem. \u2705 Tutaj kupisz produkty DJI, Yuneec, Parrot, Syma i wiele innych, a tak\u017ce kursy i licencje na operatora drona.\" \/>\n<meta name=\"robots\" content=\"index, follow, max-snippet:-1, max-image-preview:large, max-video-preview:-1\" \/>\n<link rel=\"canonical\" href=\"https:\/\/ironsky.pl\/sklep\/produkt\/serwo-standard-sc-1251mg-445g-90kg-009sec\/\" \/>\n<meta property=\"og:locale\" content=\"pl_PL\" \/>\n<meta property=\"og:type\" content=\"article\" \/>\n<meta property=\"og:title\" content=\"Serwo standard SC-1251MG 44,5g (9,0kg\/ 0,09sec) - IRONSKY.PL Sklep z Dronami\" \/>\n<meta property=\"og:description\" content=\"Serwo standard SC-1251MG 44,5g (9,0kg\/ 0,09sec) - \u2705 sklep z dronami i fachowym doradztwem. \u2705 Tutaj kupisz produkty DJI, Yuneec, Parrot, Syma i wiele innych, a tak\u017ce kursy i licencje na operatora drona.\" \/>\n<meta property=\"og:url\" content=\"https:\/\/ironsky.pl\/sklep\/produkt\/serwo-standard-sc-1251mg-445g-90kg-009sec\/\" \/>\n<meta property=\"og:site_name\" content=\"IRONSKY.PL Sklep z Dronami\" \/>\n<meta property=\"article:modified_time\" content=\"2026-03-28T09:43:34+00:00\" \/>\n<meta property=\"og:image\" content=\"https:\/\/ironsky.pl\/sklep\/wp-content\/uploads\/2024\/09\/9479_1.jpg\" \/>\n\t<meta property=\"og:image:width\" content=\"750\" \/>\n\t<meta property=\"og:image:height\" content=\"594\" \/>\n\t<meta property=\"og:image:type\" content=\"image\/jpeg\" \/>\n<meta name=\"twitter:card\" content=\"summary_large_image\" \/>\n<script type=\"application\/ld+json\" class=\"yoast-schema-graph\">{\"@context\":\"https:\/\/schema.org\",\"@graph\":[{\"@type\":\"WebPage\",\"@id\":\"https:\/\/ironsky.pl\/sklep\/produkt\/serwo-standard-sc-1251mg-445g-90kg-009sec\/\",\"url\":\"https:\/\/ironsky.pl\/sklep\/produkt\/serwo-standard-sc-1251mg-445g-90kg-009sec\/\",\"name\":\"Serwo standard SC-1251MG 44,5g (9,0kg\/ 0,09sec) - IRONSKY.PL Sklep z Dronami\",\"isPartOf\":{\"@id\":\"https:\/\/ironsky.pl\/sklep\/#website\"},\"primaryImageOfPage\":{\"@id\":\"https:\/\/ironsky.pl\/sklep\/produkt\/serwo-standard-sc-1251mg-445g-90kg-009sec\/#primaryimage\"},\"image\":{\"@id\":\"https:\/\/ironsky.pl\/sklep\/produkt\/serwo-standard-sc-1251mg-445g-90kg-009sec\/#primaryimage\"},\"thumbnailUrl\":\"https:\/\/ironsky.pl\/sklep\/wp-content\/uploads\/2024\/09\/9479_1.jpg\",\"datePublished\":\"2024-09-16T18:18:20+00:00\",\"dateModified\":\"2026-03-28T09:43:34+00:00\",\"description\":\"Serwo standard SC-1251MG 44,5g (9,0kg\/ 0,09sec) - \u2705 sklep z dronami i fachowym doradztwem. \u2705 Tutaj kupisz produkty DJI, Yuneec, Parrot, Syma i wiele innych, a tak\u017ce kursy i licencje na operatora drona.\",\"breadcrumb\":{\"@id\":\"https:\/\/ironsky.pl\/sklep\/produkt\/serwo-standard-sc-1251mg-445g-90kg-009sec\/#breadcrumb\"},\"inLanguage\":\"pl-PL\",\"potentialAction\":[{\"@type\":\"ReadAction\",\"target\":[\"https:\/\/ironsky.pl\/sklep\/produkt\/serwo-standard-sc-1251mg-445g-90kg-009sec\/\"]}]},{\"@type\":\"ImageObject\",\"inLanguage\":\"pl-PL\",\"@id\":\"https:\/\/ironsky.pl\/sklep\/produkt\/serwo-standard-sc-1251mg-445g-90kg-009sec\/#primaryimage\",\"url\":\"https:\/\/ironsky.pl\/sklep\/wp-content\/uploads\/2024\/09\/9479_1.jpg\",\"contentUrl\":\"https:\/\/ironsky.pl\/sklep\/wp-content\/uploads\/2024\/09\/9479_1.jpg\",\"width\":750,\"height\":594},{\"@type\":\"BreadcrumbList\",\"@id\":\"https:\/\/ironsky.pl\/sklep\/produkt\/serwo-standard-sc-1251mg-445g-90kg-009sec\/#breadcrumb\",\"itemListElement\":[{\"@type\":\"ListItem\",\"position\":1,\"name\":\"Strona g\u0142\u00f3wna\",\"item\":\"https:\/\/ironsky.pl\/sklep\/\"},{\"@type\":\"ListItem\",\"position\":2,\"name\":\"Wszystkie produkty\",\"item\":\"https:\/\/ironsky.pl\/sklep\/sklep\/\"},{\"@type\":\"ListItem\",\"position\":3,\"name\":\"Serwo standard SC-1251MG 44,5g (9,0kg\/ 0,09sec)\"}]},{\"@type\":\"WebSite\",\"@id\":\"https:\/\/ironsky.pl\/sklep\/#website\",\"url\":\"https:\/\/ironsky.pl\/sklep\/\",\"name\":\"IRONSKY.PL Sklep z Dronami\",\"description\":\"IRONSKY.PL Sklep z Dronami\",\"potentialAction\":[{\"@type\":\"SearchAction\",\"target\":{\"@type\":\"EntryPoint\",\"urlTemplate\":\"https:\/\/ironsky.pl\/sklep\/?s={search_term_string}\"},\"query-input\":{\"@type\":\"PropertyValueSpecification\",\"valueRequired\":true,\"valueName\":\"search_term_string\"}}],\"inLanguage\":\"pl-PL\"}]}<\/script>\n<!-- \/ Yoast SEO plugin. -->","yoast_head_json":{"title":"Serwo standard SC-1251MG 44,5g (9,0kg\/ 0,09sec) - IRONSKY.PL Sklep z Dronami","description":"Serwo standard SC-1251MG 44,5g (9,0kg\/ 0,09sec) - \u2705 sklep z dronami i fachowym doradztwem. \u2705 Tutaj kupisz produkty DJI, Yuneec, Parrot, Syma i wiele innych, a tak\u017ce kursy i licencje na operatora drona.","robots":{"index":"index","follow":"follow","max-snippet":"max-snippet:-1","max-image-preview":"max-image-preview:large","max-video-preview":"max-video-preview:-1"},"canonical":"https:\/\/ironsky.pl\/sklep\/produkt\/serwo-standard-sc-1251mg-445g-90kg-009sec\/","og_locale":"pl_PL","og_type":"article","og_title":"Serwo standard SC-1251MG 44,5g (9,0kg\/ 0,09sec) - IRONSKY.PL Sklep z Dronami","og_description":"Serwo standard SC-1251MG 44,5g (9,0kg\/ 0,09sec) - \u2705 sklep z dronami i fachowym doradztwem. \u2705 Tutaj kupisz produkty DJI, Yuneec, Parrot, Syma i wiele innych, a tak\u017ce kursy i licencje na operatora drona.","og_url":"https:\/\/ironsky.pl\/sklep\/produkt\/serwo-standard-sc-1251mg-445g-90kg-009sec\/","og_site_name":"IRONSKY.PL Sklep z Dronami","article_modified_time":"2026-03-28T09:43:34+00:00","og_image":[{"width":750,"height":594,"url":"https:\/\/ironsky.pl\/sklep\/wp-content\/uploads\/2024\/09\/9479_1.jpg","type":"image\/jpeg"}],"twitter_card":"summary_large_image","schema":{"@context":"https:\/\/schema.org","@graph":[{"@type":"WebPage","@id":"https:\/\/ironsky.pl\/sklep\/produkt\/serwo-standard-sc-1251mg-445g-90kg-009sec\/","url":"https:\/\/ironsky.pl\/sklep\/produkt\/serwo-standard-sc-1251mg-445g-90kg-009sec\/","name":"Serwo standard SC-1251MG 44,5g (9,0kg\/ 0,09sec) - IRONSKY.PL Sklep z Dronami","isPartOf":{"@id":"https:\/\/ironsky.pl\/sklep\/#website"},"primaryImageOfPage":{"@id":"https:\/\/ironsky.pl\/sklep\/produkt\/serwo-standard-sc-1251mg-445g-90kg-009sec\/#primaryimage"},"image":{"@id":"https:\/\/ironsky.pl\/sklep\/produkt\/serwo-standard-sc-1251mg-445g-90kg-009sec\/#primaryimage"},"thumbnailUrl":"https:\/\/ironsky.pl\/sklep\/wp-content\/uploads\/2024\/09\/9479_1.jpg","datePublished":"2024-09-16T18:18:20+00:00","dateModified":"2026-03-28T09:43:34+00:00","description":"Serwo standard SC-1251MG 44,5g (9,0kg\/ 0,09sec) - \u2705 sklep z dronami i fachowym doradztwem. \u2705 Tutaj kupisz produkty DJI, Yuneec, Parrot, Syma i wiele innych, a tak\u017ce kursy i licencje na operatora drona.","breadcrumb":{"@id":"https:\/\/ironsky.pl\/sklep\/produkt\/serwo-standard-sc-1251mg-445g-90kg-009sec\/#breadcrumb"},"inLanguage":"pl-PL","potentialAction":[{"@type":"ReadAction","target":["https:\/\/ironsky.pl\/sklep\/produkt\/serwo-standard-sc-1251mg-445g-90kg-009sec\/"]}]},{"@type":"ImageObject","inLanguage":"pl-PL","@id":"https:\/\/ironsky.pl\/sklep\/produkt\/serwo-standard-sc-1251mg-445g-90kg-009sec\/#primaryimage","url":"https:\/\/ironsky.pl\/sklep\/wp-content\/uploads\/2024\/09\/9479_1.jpg","contentUrl":"https:\/\/ironsky.pl\/sklep\/wp-content\/uploads\/2024\/09\/9479_1.jpg","width":750,"height":594},{"@type":"BreadcrumbList","@id":"https:\/\/ironsky.pl\/sklep\/produkt\/serwo-standard-sc-1251mg-445g-90kg-009sec\/#breadcrumb","itemListElement":[{"@type":"ListItem","position":1,"name":"Strona g\u0142\u00f3wna","item":"https:\/\/ironsky.pl\/sklep\/"},{"@type":"ListItem","position":2,"name":"Wszystkie produkty","item":"https:\/\/ironsky.pl\/sklep\/sklep\/"},{"@type":"ListItem","position":3,"name":"Serwo standard SC-1251MG 44,5g (9,0kg\/ 0,09sec)"}]},{"@type":"WebSite","@id":"https:\/\/ironsky.pl\/sklep\/#website","url":"https:\/\/ironsky.pl\/sklep\/","name":"IRONSKY.PL Sklep z Dronami","description":"IRONSKY.PL Sklep z Dronami","potentialAction":[{"@type":"SearchAction","target":{"@type":"EntryPoint","urlTemplate":"https:\/\/ironsky.pl\/sklep\/?s={search_term_string}"},"query-input":{"@type":"PropertyValueSpecification","valueRequired":true,"valueName":"search_term_string"}}],"inLanguage":"pl-PL"}]}},"_links":{"self":[{"href":"https:\/\/ironsky.pl\/sklep\/wp-json\/wp\/v2\/product\/27482","targetHints":{"allow":["GET"]}}],"collection":[{"href":"https:\/\/ironsky.pl\/sklep\/wp-json\/wp\/v2\/product"}],"about":[{"href":"https:\/\/ironsky.pl\/sklep\/wp-json\/wp\/v2\/types\/product"}],"replies":[{"embeddable":true,"href":"https:\/\/ironsky.pl\/sklep\/wp-json\/wp\/v2\/comments?post=27482"}],"wp:featuredmedia":[{"embeddable":true,"href":"https:\/\/ironsky.pl\/sklep\/wp-json\/wp\/v2\/media\/27483"}],"wp:attachment":[{"href":"https:\/\/ironsky.pl\/sklep\/wp-json\/wp\/v2\/media?parent=27482"}],"wp:term":[{"taxonomy":"product_brand","embeddable":true,"href":"https:\/\/ironsky.pl\/sklep\/wp-json\/wp\/v2\/product_brand?post=27482"},{"taxonomy":"product_cat","embeddable":true,"href":"https:\/\/ironsky.pl\/sklep\/wp-json\/wp\/v2\/product_cat?post=27482"},{"taxonomy":"product_tag","embeddable":true,"href":"https:\/\/ironsky.pl\/sklep\/wp-json\/wp\/v2\/product_tag?post=27482"}],"curies":[{"name":"wp","href":"https:\/\/api.w.org\/{rel}","templated":true}]}}