{"id":27435,"date":"2024-09-16T20:18:20","date_gmt":"2024-09-16T18:18:20","guid":{"rendered":"http:\/\/gvshalph.pro-linuxpl.com\/ironskyprodukty\/produkt\/regulator-hobbywing-seaking-120a-v3\/"},"modified":"2026-03-05T15:53:08","modified_gmt":"2026-03-05T14:53:08","slug":"regulator-hobbywing-seaking-120a-v3","status":"publish","type":"product","link":"https:\/\/ironsky.pl\/sklep\/produkt\/regulator-hobbywing-seaking-120a-v3\/","title":{"rendered":"Regulator Hobbywing Seaking 120A V3"},"content":{"rendered":"<div style=\"text-align: left;\" class=\"iai_top\"><span style=\"font-size: 14pt;\"><strong><span style=\"color: #999999;\">Opis produktu<\/span><\/strong><\/span><\/p>\n<hr \/>\n<\/div>\n<div style=\"text-align: center;\" class=\"iai_top\"><span style=\"font-size: 14pt; color: #333333;\"><strong><br \/>Regulator Hobbywing SeaKing V3 120A<br \/><\/strong><\/span><\/div>\n<div style=\"text-align: center;\" class=\"iai_top\"><span style=\"font-size: 14pt; color: #333333;\"><\/span><\/div>\n<div style=\"text-align: left;\" class=\"iai_top\"><span style=\"color: #333333; font-size: 12pt;\"><span style=\"color: #333333; font-size: 12pt;\">Regulatory Seaking gwarantuj\u0105 niezawodno\u015b\u0107 i wysok\u0105 jako\u015b\u0107 wykonania. <\/span><\/span><\/div>\n<div style=\"text-align: left;\" class=\"iai_top\"><span style=\"color: #333333; font-size: 12pt;\"><span style=\"color: #333333; font-size: 12pt;\"><a href=\"http:\/\/rcpro.pl\/product-pol-7146-Karta-programujaca-Hobbywing.html\">Kart\u0105 programowania LED<\/a> mo\u017cemy zaprogramowa\u0107 regulator odpowiednimi parametrami. Regulatory Seaking posiadaj\u0105 wiele ochronnych funkcji, doskona\u0142y system ch\u0142odzenia,wbudowany BEC, Safe a tak\u017ce odci\u0119cie napi\u0119cia kt\u00f3re skutecznie wyd\u0142u\u017ca \u017cywotno\u015b\u0107. S\u0105 wodoodporne.<\/p>\n<p><strong><span style=\"font-size: 14pt; color: #999999;\">Pozosta\u0142e<\/span><\/strong><br \/><\/span><\/span><\/p>\n<hr \/>\n<\/div>\n<div class=\"iai_mid\"><\/p>\n<table class=\"iai_table\" style=\"margin-left: auto; margin-right: auto; height: 400px;\" width=\"708\">\n<tbody>\n<tr>\n<td><span style=\"font-size: 14pt; color: #333333;\"><strong>Specyfikacja<\/p>\n<p><\/strong><\/span><\/td>\n<td><strong><span style=\"color: #333333; font-size: 14pt;\"><\/p>\n<p><\/span><\/strong><\/td>\n<\/tr>\n<tr>\n<td style=\"text-align: left;\"><span style=\"font-size: 12pt; color: #333333;\">Nazwa produktu<\/span><span style=\"font-size: 12pt; color: #333333;\"><\/span><\/td>\n<td style=\"text-align: left;\"><span style=\"color: #333333; font-size: 12pt;\"><\/span><span style=\"color: #333333; font-size: 12pt;\">Seaking 120A V3<\/span><\/td>\n<\/tr>\n<tr>\n<td style=\"text-align: left;\"><span style=\"font-size: 12pt; color: #333333;\">Numer produktu<\/span><\/td>\n<td style=\"text-align: left;\"><span style=\"color: #333333; font-size: 12pt;\">30302360<\/span><\/td>\n<\/tr>\n<tr>\n<td style=\"text-align: left;\"><span style=\"font-size: 12pt; color: #333333;\">Pr\u0105d ci\u0105g\u0142y i chwilowy<\/span><\/td>\n<td style=\"text-align: left;\"><span style=\"color: #333333; font-size: 12pt;\">120A \/ 720A<\/span><\/td>\n<\/tr>\n<tr>\n<td style=\"text-align: left;\"><span style=\"font-size: 12pt; color: #333333;\">Ilo\u015b\u0107 Cel LiPo<\/span><\/td>\n<td style=\"text-align: left;\"><span style=\"color: #333333; font-size: 12pt;\">2-6S<\/span><\/td>\n<\/tr>\n<tr>\n<td style=\"text-align: left;\"><span style=\"font-size: 12pt; color: #333333;\">Wyj\u015bcie BEC<\/span><\/td>\n<td style=\"text-align: left;\"><span style=\"color: #333333; font-size: 12pt;\">Tryb Prze\u0142\u0105cznika, 6V,5A<br \/><\/span><\/td>\n<\/tr>\n<tr>\n<td style=\"text-align: left;\"><span style=\"font-size: 12pt; color: #333333;\">Kable wej\u015bcia<\/span><\/td>\n<td style=\"text-align: left;\"><span style=\"color: #333333; font-size: 12pt;\">Czerwony &#8211; 12AWG-200mm \/ Czarny -12AWG-200mm <\/span><\/td>\n<\/tr>\n<tr>\n<td style=\"text-align: left;\"><span style=\"font-size: 12pt; color: #333333;\">Kable wyj\u015bcia<\/span><\/td>\n<td style=\"text-align: left;\"><span style=\"color: #333333; font-size: 12pt;\">Czarny -12AWG-150mm *3<br \/><\/span><\/td>\n<\/tr>\n<tr>\n<td style=\"text-align: left;\"><span style=\"font-size: 12pt; color: #333333;\">Konektor wej\u015bcia<\/span><\/td>\n<td style=\"text-align: left;\"><span style=\"color: #333333; font-size: 12pt;\">brak<\/span><\/td>\n<\/tr>\n<tr>\n<td style=\"text-align: left;\"><span style=\"font-size: 12pt; color: #333333;\">Konektor wyj\u015bcia <\/span><\/td>\n<td style=\"text-align: left;\"><span style=\"color: #333333; font-size: 12pt;\">brak<br \/><\/span><\/td>\n<\/tr>\n<tr>\n<td style=\"text-align: left;\"><span style=\"font-size: 12pt; color: #333333;\">Programowanie ESC z aparatury<br \/><\/span><\/td>\n<td style=\"text-align: left;\"><span style=\"color: #333333; font-size: 12pt;\">Aktywne<\/span><\/td>\n<\/tr>\n<tr>\n<td style=\"text-align: left;\"><span style=\"font-size: 12pt; color: #333333;\">Programowanie ESC z karty programowania LED<br \/><\/span><\/td>\n<td style=\"text-align: left;\"><span style=\"color: #333333; font-size: 12pt;\">Aktywne<\/span><\/td>\n<\/tr>\n<tr>\n<td style=\"text-align: left;\"><span style=\"font-size: 12pt; color: #333333;\">Programowanie ESC z program boxu LED<\/span><\/td>\n<td style=\"text-align: left;\"><span style=\"color: #333333; font-size: 12pt;\">Nieaktywne<\/span><\/td>\n<\/tr>\n<tr>\n<td style=\"text-align: left;\"><span style=\"font-size: 12pt; color: #333333;\">Programowanie ESC z program boxu LCD<\/span><\/td>\n<td style=\"text-align: left;\"><span style=\"color: #333333; font-size: 12pt;\">Nieaktywne<\/span><\/td>\n<\/tr>\n<tr>\n<td style=\"text-align: left;\"><span style=\"font-size: 12pt; color: #333333;\">Modu\u0142 WiFi<\/span><\/td>\n<td style=\"text-align: left;\"><span style=\"color: #333333; font-size: 12pt;\">Nieaktywne<\/span><\/td>\n<\/tr>\n<tr>\n<td style=\"text-align: left;\"><span style=\"font-size: 12pt; color: #333333;\">Uaktualnienia oprogramowania<br \/><\/span><\/td>\n<td style=\"text-align: left;\"><span style=\"color: #333333; font-size: 12pt;\">Nieaktywne<\/span><\/td>\n<\/tr>\n<tr>\n<td style=\"text-align: left;\"><span style=\"font-size: 12pt; color: #333333;\">Rozmiar <\/span><\/td>\n<td style=\"text-align: left;\"><span style=\"color: #333333; font-size: 12pt;\">68.5 x 39.4 x 32mm<\/span><\/td>\n<\/tr>\n<tr>\n<td style=\"text-align: left;\"><span style=\"font-size: 12pt; color: #333333;\">Waga<\/span><\/td>\n<td style=\"text-align: left;\"><span style=\"font-size: 12pt; color: #333333;\">150 gram<br \/><\/span><\/td>\n<\/tr>\n<tr>\n<td style=\"text-align: left;\"><span style=\"font-size: 12pt; color: #333333;\">Dedykowane<\/span><\/td>\n<td style=\"text-align: left;\"><span style=\"color: #333333; font-size: 12pt;\">\u0141odzie RC<\/span><\/td>\n<\/tr>\n<\/tbody>\n<\/table>\n<\/div>\n","protected":false},"excerpt":{"rendered":"<p>Opis produktu Regulator Hobbywing SeaKing V3 120A Regulatory Seaking gwarantuj\u0105 niezawodno\u015b\u0107 i wysok\u0105 jako\u015b\u0107 wykonania. Kart\u0105 programowania LED mo\u017cemy zaprogramowa\u0107<\/p>\n","protected":false},"featured_media":27436,"comment_status":"closed","ping_status":"open","template":"","meta":{"_acf_changed":false},"product_brand":[],"product_cat":[1169,1180,1181],"product_tag":[],"class_list":{"0":"post-27435","1":"product","2":"type-product","3":"status-publish","4":"has-post-thumbnail","6":"product_cat-modele-rc","7":"product_cat-napedy","8":"product_cat-regulatory","9":"pa_box-height-1486","10":"pa_box-length-1487","11":"pa_box-width-1479","12":"pa_gross-weight-1488","13":"pa_net-weight-1485","14":"pa_waga-netto-g-1489","15":"pa_wlasciwosci-sensorowe-bezszczotkowe","17":"first","18":"outofstock","19":"taxable","20":"shipping-taxable","21":"purchasable","22":"product-type-simple"},"acf":[],"yoast_head":"<!-- This site is optimized with the Yoast SEO plugin v27.2 - https:\/\/yoast.com\/product\/yoast-seo-wordpress\/ -->\n<title>Regulator Hobbywing Seaking 120A V3 - IRONSKY.PL Sklep z Dronami<\/title>\n<meta name=\"description\" content=\"Regulator Hobbywing Seaking 120A V3 - \u2705 sklep z dronami i fachowym doradztwem. \u2705 Tutaj kupisz produkty DJI, Yuneec, Parrot, Syma i wiele innych, a tak\u017ce kursy i licencje na operatora drona.\" \/>\n<meta name=\"robots\" content=\"index, follow, max-snippet:-1, max-image-preview:large, max-video-preview:-1\" \/>\n<link rel=\"canonical\" href=\"https:\/\/ironsky.pl\/sklep\/produkt\/regulator-hobbywing-seaking-120a-v3\/\" \/>\n<meta property=\"og:locale\" content=\"pl_PL\" \/>\n<meta property=\"og:type\" content=\"article\" \/>\n<meta property=\"og:title\" content=\"Regulator Hobbywing Seaking 120A V3 - IRONSKY.PL Sklep z Dronami\" \/>\n<meta property=\"og:description\" content=\"Regulator Hobbywing Seaking 120A V3 - \u2705 sklep z dronami i fachowym doradztwem. \u2705 Tutaj kupisz produkty DJI, Yuneec, Parrot, Syma i wiele innych, a tak\u017ce kursy i licencje na operatora drona.\" \/>\n<meta property=\"og:url\" content=\"https:\/\/ironsky.pl\/sklep\/produkt\/regulator-hobbywing-seaking-120a-v3\/\" \/>\n<meta property=\"og:site_name\" content=\"IRONSKY.PL Sklep z Dronami\" \/>\n<meta property=\"article:modified_time\" content=\"2026-03-05T14:53:08+00:00\" \/>\n<meta property=\"og:image\" content=\"https:\/\/ironsky.pl\/sklep\/wp-content\/uploads\/2024\/09\/7113_2.jpg\" \/>\n\t<meta property=\"og:image:width\" content=\"750\" \/>\n\t<meta property=\"og:image:height\" content=\"496\" \/>\n\t<meta property=\"og:image:type\" content=\"image\/jpeg\" \/>\n<meta name=\"twitter:card\" content=\"summary_large_image\" \/>\n<meta name=\"twitter:label1\" content=\"Szacowany czas czytania\" \/>\n\t<meta name=\"twitter:data1\" content=\"1 minuta\" \/>\n<script type=\"application\/ld+json\" class=\"yoast-schema-graph\">{\"@context\":\"https:\/\/schema.org\",\"@graph\":[{\"@type\":\"WebPage\",\"@id\":\"https:\/\/ironsky.pl\/sklep\/produkt\/regulator-hobbywing-seaking-120a-v3\/\",\"url\":\"https:\/\/ironsky.pl\/sklep\/produkt\/regulator-hobbywing-seaking-120a-v3\/\",\"name\":\"Regulator Hobbywing Seaking 120A V3 - IRONSKY.PL Sklep z Dronami\",\"isPartOf\":{\"@id\":\"https:\/\/ironsky.pl\/sklep\/#website\"},\"primaryImageOfPage\":{\"@id\":\"https:\/\/ironsky.pl\/sklep\/produkt\/regulator-hobbywing-seaking-120a-v3\/#primaryimage\"},\"image\":{\"@id\":\"https:\/\/ironsky.pl\/sklep\/produkt\/regulator-hobbywing-seaking-120a-v3\/#primaryimage\"},\"thumbnailUrl\":\"https:\/\/ironsky.pl\/sklep\/wp-content\/uploads\/2024\/09\/7113_2.jpg\",\"datePublished\":\"2024-09-16T18:18:20+00:00\",\"dateModified\":\"2026-03-05T14:53:08+00:00\",\"description\":\"Regulator Hobbywing Seaking 120A V3 - \u2705 sklep z dronami i fachowym doradztwem. \u2705 Tutaj kupisz produkty DJI, Yuneec, Parrot, Syma i wiele innych, a tak\u017ce kursy i licencje na operatora drona.\",\"breadcrumb\":{\"@id\":\"https:\/\/ironsky.pl\/sklep\/produkt\/regulator-hobbywing-seaking-120a-v3\/#breadcrumb\"},\"inLanguage\":\"pl-PL\",\"potentialAction\":[{\"@type\":\"ReadAction\",\"target\":[\"https:\/\/ironsky.pl\/sklep\/produkt\/regulator-hobbywing-seaking-120a-v3\/\"]}]},{\"@type\":\"ImageObject\",\"inLanguage\":\"pl-PL\",\"@id\":\"https:\/\/ironsky.pl\/sklep\/produkt\/regulator-hobbywing-seaking-120a-v3\/#primaryimage\",\"url\":\"https:\/\/ironsky.pl\/sklep\/wp-content\/uploads\/2024\/09\/7113_2.jpg\",\"contentUrl\":\"https:\/\/ironsky.pl\/sklep\/wp-content\/uploads\/2024\/09\/7113_2.jpg\",\"width\":750,\"height\":496},{\"@type\":\"BreadcrumbList\",\"@id\":\"https:\/\/ironsky.pl\/sklep\/produkt\/regulator-hobbywing-seaking-120a-v3\/#breadcrumb\",\"itemListElement\":[{\"@type\":\"ListItem\",\"position\":1,\"name\":\"Strona g\u0142\u00f3wna\",\"item\":\"https:\/\/ironsky.pl\/sklep\/\"},{\"@type\":\"ListItem\",\"position\":2,\"name\":\"Wszystkie produkty\",\"item\":\"https:\/\/ironsky.pl\/sklep\/produkty\/\"},{\"@type\":\"ListItem\",\"position\":3,\"name\":\"Regulator Hobbywing Seaking 120A V3\"}]},{\"@type\":\"WebSite\",\"@id\":\"https:\/\/ironsky.pl\/sklep\/#website\",\"url\":\"https:\/\/ironsky.pl\/sklep\/\",\"name\":\"IRONSKY.PL Sklep z Dronami\",\"description\":\"IRONSKY.PL Sklep z Dronami\",\"potentialAction\":[{\"@type\":\"SearchAction\",\"target\":{\"@type\":\"EntryPoint\",\"urlTemplate\":\"https:\/\/ironsky.pl\/sklep\/?s={search_term_string}\"},\"query-input\":{\"@type\":\"PropertyValueSpecification\",\"valueRequired\":true,\"valueName\":\"search_term_string\"}}],\"inLanguage\":\"pl-PL\"}]}<\/script>\n<!-- \/ Yoast SEO plugin. -->","yoast_head_json":{"title":"Regulator Hobbywing Seaking 120A V3 - IRONSKY.PL Sklep z Dronami","description":"Regulator Hobbywing Seaking 120A V3 - \u2705 sklep z dronami i fachowym doradztwem. \u2705 Tutaj kupisz produkty DJI, Yuneec, Parrot, Syma i wiele innych, a tak\u017ce kursy i licencje na operatora drona.","robots":{"index":"index","follow":"follow","max-snippet":"max-snippet:-1","max-image-preview":"max-image-preview:large","max-video-preview":"max-video-preview:-1"},"canonical":"https:\/\/ironsky.pl\/sklep\/produkt\/regulator-hobbywing-seaking-120a-v3\/","og_locale":"pl_PL","og_type":"article","og_title":"Regulator Hobbywing Seaking 120A V3 - IRONSKY.PL Sklep z Dronami","og_description":"Regulator Hobbywing Seaking 120A V3 - \u2705 sklep z dronami i fachowym doradztwem. \u2705 Tutaj kupisz produkty DJI, Yuneec, Parrot, Syma i wiele innych, a tak\u017ce kursy i licencje na operatora drona.","og_url":"https:\/\/ironsky.pl\/sklep\/produkt\/regulator-hobbywing-seaking-120a-v3\/","og_site_name":"IRONSKY.PL Sklep z Dronami","article_modified_time":"2026-03-05T14:53:08+00:00","og_image":[{"width":750,"height":496,"url":"https:\/\/ironsky.pl\/sklep\/wp-content\/uploads\/2024\/09\/7113_2.jpg","type":"image\/jpeg"}],"twitter_card":"summary_large_image","twitter_misc":{"Szacowany czas czytania":"1 minuta"},"schema":{"@context":"https:\/\/schema.org","@graph":[{"@type":"WebPage","@id":"https:\/\/ironsky.pl\/sklep\/produkt\/regulator-hobbywing-seaking-120a-v3\/","url":"https:\/\/ironsky.pl\/sklep\/produkt\/regulator-hobbywing-seaking-120a-v3\/","name":"Regulator Hobbywing Seaking 120A V3 - IRONSKY.PL Sklep z Dronami","isPartOf":{"@id":"https:\/\/ironsky.pl\/sklep\/#website"},"primaryImageOfPage":{"@id":"https:\/\/ironsky.pl\/sklep\/produkt\/regulator-hobbywing-seaking-120a-v3\/#primaryimage"},"image":{"@id":"https:\/\/ironsky.pl\/sklep\/produkt\/regulator-hobbywing-seaking-120a-v3\/#primaryimage"},"thumbnailUrl":"https:\/\/ironsky.pl\/sklep\/wp-content\/uploads\/2024\/09\/7113_2.jpg","datePublished":"2024-09-16T18:18:20+00:00","dateModified":"2026-03-05T14:53:08+00:00","description":"Regulator Hobbywing Seaking 120A V3 - \u2705 sklep z dronami i fachowym doradztwem. \u2705 Tutaj kupisz produkty DJI, Yuneec, Parrot, Syma i wiele innych, a tak\u017ce kursy i licencje na operatora drona.","breadcrumb":{"@id":"https:\/\/ironsky.pl\/sklep\/produkt\/regulator-hobbywing-seaking-120a-v3\/#breadcrumb"},"inLanguage":"pl-PL","potentialAction":[{"@type":"ReadAction","target":["https:\/\/ironsky.pl\/sklep\/produkt\/regulator-hobbywing-seaking-120a-v3\/"]}]},{"@type":"ImageObject","inLanguage":"pl-PL","@id":"https:\/\/ironsky.pl\/sklep\/produkt\/regulator-hobbywing-seaking-120a-v3\/#primaryimage","url":"https:\/\/ironsky.pl\/sklep\/wp-content\/uploads\/2024\/09\/7113_2.jpg","contentUrl":"https:\/\/ironsky.pl\/sklep\/wp-content\/uploads\/2024\/09\/7113_2.jpg","width":750,"height":496},{"@type":"BreadcrumbList","@id":"https:\/\/ironsky.pl\/sklep\/produkt\/regulator-hobbywing-seaking-120a-v3\/#breadcrumb","itemListElement":[{"@type":"ListItem","position":1,"name":"Strona g\u0142\u00f3wna","item":"https:\/\/ironsky.pl\/sklep\/"},{"@type":"ListItem","position":2,"name":"Wszystkie produkty","item":"https:\/\/ironsky.pl\/sklep\/produkty\/"},{"@type":"ListItem","position":3,"name":"Regulator Hobbywing Seaking 120A V3"}]},{"@type":"WebSite","@id":"https:\/\/ironsky.pl\/sklep\/#website","url":"https:\/\/ironsky.pl\/sklep\/","name":"IRONSKY.PL Sklep z Dronami","description":"IRONSKY.PL Sklep z Dronami","potentialAction":[{"@type":"SearchAction","target":{"@type":"EntryPoint","urlTemplate":"https:\/\/ironsky.pl\/sklep\/?s={search_term_string}"},"query-input":{"@type":"PropertyValueSpecification","valueRequired":true,"valueName":"search_term_string"}}],"inLanguage":"pl-PL"}]}},"_links":{"self":[{"href":"https:\/\/ironsky.pl\/sklep\/wp-json\/wp\/v2\/product\/27435","targetHints":{"allow":["GET"]}}],"collection":[{"href":"https:\/\/ironsky.pl\/sklep\/wp-json\/wp\/v2\/product"}],"about":[{"href":"https:\/\/ironsky.pl\/sklep\/wp-json\/wp\/v2\/types\/product"}],"replies":[{"embeddable":true,"href":"https:\/\/ironsky.pl\/sklep\/wp-json\/wp\/v2\/comments?post=27435"}],"wp:featuredmedia":[{"embeddable":true,"href":"https:\/\/ironsky.pl\/sklep\/wp-json\/wp\/v2\/media\/27436"}],"wp:attachment":[{"href":"https:\/\/ironsky.pl\/sklep\/wp-json\/wp\/v2\/media?parent=27435"}],"wp:term":[{"taxonomy":"product_brand","embeddable":true,"href":"https:\/\/ironsky.pl\/sklep\/wp-json\/wp\/v2\/product_brand?post=27435"},{"taxonomy":"product_cat","embeddable":true,"href":"https:\/\/ironsky.pl\/sklep\/wp-json\/wp\/v2\/product_cat?post=27435"},{"taxonomy":"product_tag","embeddable":true,"href":"https:\/\/ironsky.pl\/sklep\/wp-json\/wp\/v2\/product_tag?post=27435"}],"curies":[{"name":"wp","href":"https:\/\/api.w.org\/{rel}","templated":true}]}}