{"id":27408,"date":"2024-09-16T20:17:25","date_gmt":"2024-09-16T18:17:25","guid":{"rendered":"http:\/\/gvshalph.pro-linuxpl.com\/ironskyprodukty\/produkt\/regulator-hobbywing-quicrun-wp-16bl30-30a\/"},"modified":"2026-03-05T15:53:07","modified_gmt":"2026-03-05T14:53:07","slug":"regulator-hobbywing-quicrun-wp-16bl30-30a","status":"publish","type":"product","link":"https:\/\/ironsky.pl\/sklep\/produkt\/regulator-hobbywing-quicrun-wp-16bl30-30a\/","title":{"rendered":"Regulator Hobbywing QuicRun WP 16BL30 30A"},"content":{"rendered":"<h3>Regulator Hobbywing QuicRun WP 16BL30 30A<\/h3>\n<p>Ten regulator zosta\u0142 zaprojektowany z my\u015bl\u0105 o pocz\u0105tkuj\u0105cych modelarzach i fanatykach RC. Jest banalny w monta\u017cu i niezwykle wydajny. Wodoszczelna i py\u0142oszczelna obudowa pozwala na bezpieczne stosowanie regulatora w ka\u017cdych warunkach bez wzgl\u0119du na aur\u0119.<\/p>\n<p><img decoding=\"async\" src=\"https:\/\/b2b.innpro.pl\/data\/include\/cms\/.jpg\" alt=\"\"><br \/>\n<img decoding=\"async\" style=\"display: block; margin-left: auto; margin-right: auto;\" src=\"\/data\/include\/cms\/Blazej-grafiki\/hobbywing\/16bl30\/zti12260.jpg\" border=\"0\" width=\"500\" height=\"568\" \/><\/p>\n<p><\/span><\/div>\n<h3>Niezawodny<\/h3>\n<p>Niezawodny sprz\u0119t w por\u00f3wnaniu z now\u0105 technologi\u0105 oprogramowania zapewnia nie tylko doskona\u0142\u0105 moc wyj\u015bciow\u0105 ale tak\u017ce zabezpieczenie przed przeci\u0105\u017ceniami ESC. Regulator znajdzie zastosowanie we wszystkich warunkach pogodowych w samochodach Touring, buggy, truck, monstars w skalach 1\/16 i 1\/18.<\/p>\n<div class=\"iai_left\"><img decoding=\"async\" src=\"\/data\/include\/cms\/Blazej-grafiki\/hobbywing\/16bl30\/ypf8pguc.jpg\" border=\"0\" width=\"500\" height=\"568\" \/><\/p>\n<\/div>\n<div class=\"table-wrapper\">\n<table>\n<tbody>\n<tr>\n<th>Producent<\/th>\n<td>Hobbywing<\/td>\n<\/tr>\n<tr>\n<th>Model<\/th>\n<td>HW30110000<\/td>\n<\/tr>\n<tr>\n<th>Skala<\/th>\n<td>1:16 \/ 1:18<\/td>\n<\/tr>\n<tr>\n<th>Pr\u0105d ci\u0105g\u0142y \/ chwilowy<\/th>\n<td>30A \/ 180A<\/td>\n<\/tr>\n<tr>\n<th>Zasilanie<\/th>\n<td>2-3S LiPo\/6-9 Cel NiMH<\/td>\n<\/tr>\n<tr>\n<th>Wyj\u015bcie BEC<\/th>\n<td>Tryb standardowy: 6V\/1A<\/td>\n<\/tr>\n<tr>\n<th>Kable wej\u015bcia\t<\/th>\n<td>Czerwony &#8211; 16AWG-75mm \/Czarny- 16AWG-75mm<\/td>\n<\/tr>\n<tr>\n<th>Kable wyj\u015bcia<\/th>\n<td>Czarny- 16AWG-75mm *3<\/td>\n<\/tr>\n<tr>\n<th>Konektor wej\u015bcia\t<\/th>\n<td>Ma\u0142e konektory Tamiya<\/td>\n<\/tr>\n<tr>\n<th>Konektor wyj\u015bcia\t<\/th>\n<td>3.5 gold banan<\/td>\n<\/tr>\n<tr>\n<th>Przycisk Set w ESC<\/th>\n<td>Aktywny<\/td>\n<\/tr>\n<tr>\n<th>Led Program Box\t<\/th>\n<td>Aktywny<\/td>\n<\/tr>\n<tr>\n<th>LCD Program box<\/th>\n<td>Nieaktywny<\/td>\n<\/tr>\n<tr>\n<th>Modu\u0142 Wifi<\/th>\n<td>Nieaktywny<\/td>\n<\/tr>\n<tr>\n<th>Port Programowania<\/th>\n<td>Kabel \/ Program port<\/td>\n<\/tr>\n<tr>\n<th>Aktualizacja softu<\/th>\n<td>Nieaktywny<\/td>\n<\/tr>\n<tr>\n<th>Rozmiar\t<\/th>\n<td>36 x 28 x 16mm<\/td>\n<\/tr>\n<tr>\n<th>Waga\t<\/th>\n<td>38 gram<\/td>\n<\/tr>\n<tr>\n<th>Dedykowane\t<\/th>\n<td>1\/16th, 1\/18th Touring Cars\/Buggies\/Trucks\/Monster Trucks<\/td>\n<\/tr>\n<\/tbody>\n<\/table>\n<\/div>\n","protected":false},"excerpt":{"rendered":"<p>Regulator Hobbywing QuicRun WP 16BL30 30A Ten regulator zosta\u0142 zaprojektowany z my\u015bl\u0105 o pocz\u0105tkuj\u0105cych modelarzach i fanatykach RC. Jest banalny<\/p>\n","protected":false},"featured_media":27409,"comment_status":"closed","ping_status":"open","template":"","meta":{"_acf_changed":false},"product_brand":[],"product_cat":[1169,1180,1181],"product_tag":[],"class_list":{"0":"post-27408","1":"product","2":"type-product","3":"status-publish","4":"has-post-thumbnail","6":"product_cat-modele-rc","7":"product_cat-napedy","8":"product_cat-regulatory","9":"pa_box-height-1453","10":"pa_box-length-1441","11":"pa_box-width-1452","12":"pa_gross-weight-1454","13":"pa_net-weight-1451","14":"pa_waga-netto-g-1456","15":"pa_wlasciwosci-wodoodporne-bezszczotkowe","17":"first","18":"outofstock","19":"taxable","20":"shipping-taxable","21":"purchasable","22":"product-type-simple"},"acf":[],"yoast_head":"<!-- This site is optimized with the Yoast SEO plugin v27.2 - https:\/\/yoast.com\/product\/yoast-seo-wordpress\/ -->\n<title>Regulator Hobbywing QuicRun WP 16BL30 30A - IRONSKY.PL Sklep z Dronami<\/title>\n<meta name=\"description\" content=\"Regulator Hobbywing QuicRun WP 16BL30 30A - \u2705 sklep z dronami i fachowym doradztwem. \u2705 Tutaj kupisz produkty DJI, Yuneec, Parrot, Syma i wiele innych, a tak\u017ce kursy i licencje na operatora drona.\" \/>\n<meta name=\"robots\" content=\"index, follow, max-snippet:-1, max-image-preview:large, max-video-preview:-1\" \/>\n<link rel=\"canonical\" href=\"https:\/\/ironsky.pl\/sklep\/produkt\/regulator-hobbywing-quicrun-wp-16bl30-30a\/\" \/>\n<meta property=\"og:locale\" content=\"pl_PL\" \/>\n<meta property=\"og:type\" content=\"article\" \/>\n<meta property=\"og:title\" content=\"Regulator Hobbywing QuicRun WP 16BL30 30A - IRONSKY.PL Sklep z Dronami\" \/>\n<meta property=\"og:description\" content=\"Regulator Hobbywing QuicRun WP 16BL30 30A - \u2705 sklep z dronami i fachowym doradztwem. \u2705 Tutaj kupisz produkty DJI, Yuneec, Parrot, Syma i wiele innych, a tak\u017ce kursy i licencje na operatora drona.\" \/>\n<meta property=\"og:url\" content=\"https:\/\/ironsky.pl\/sklep\/produkt\/regulator-hobbywing-quicrun-wp-16bl30-30a\/\" \/>\n<meta property=\"og:site_name\" content=\"IRONSKY.PL Sklep z Dronami\" \/>\n<meta property=\"article:modified_time\" content=\"2026-03-05T14:53:07+00:00\" \/>\n<meta property=\"og:image\" content=\"https:\/\/ironsky.pl\/sklep\/wp-content\/uploads\/2024\/09\/7080_1.jpg\" \/>\n\t<meta property=\"og:image:width\" content=\"750\" \/>\n\t<meta property=\"og:image:height\" content=\"496\" \/>\n\t<meta property=\"og:image:type\" content=\"image\/jpeg\" \/>\n<meta name=\"twitter:card\" content=\"summary_large_image\" \/>\n<meta name=\"twitter:label1\" content=\"Szacowany czas czytania\" \/>\n\t<meta name=\"twitter:data1\" content=\"1 minuta\" \/>\n<script type=\"application\/ld+json\" class=\"yoast-schema-graph\">{\"@context\":\"https:\/\/schema.org\",\"@graph\":[{\"@type\":\"WebPage\",\"@id\":\"https:\/\/ironsky.pl\/sklep\/produkt\/regulator-hobbywing-quicrun-wp-16bl30-30a\/\",\"url\":\"https:\/\/ironsky.pl\/sklep\/produkt\/regulator-hobbywing-quicrun-wp-16bl30-30a\/\",\"name\":\"Regulator Hobbywing QuicRun WP 16BL30 30A - IRONSKY.PL Sklep z Dronami\",\"isPartOf\":{\"@id\":\"https:\/\/ironsky.pl\/sklep\/#website\"},\"primaryImageOfPage\":{\"@id\":\"https:\/\/ironsky.pl\/sklep\/produkt\/regulator-hobbywing-quicrun-wp-16bl30-30a\/#primaryimage\"},\"image\":{\"@id\":\"https:\/\/ironsky.pl\/sklep\/produkt\/regulator-hobbywing-quicrun-wp-16bl30-30a\/#primaryimage\"},\"thumbnailUrl\":\"https:\/\/ironsky.pl\/sklep\/wp-content\/uploads\/2024\/09\/7080_1.jpg\",\"datePublished\":\"2024-09-16T18:17:25+00:00\",\"dateModified\":\"2026-03-05T14:53:07+00:00\",\"description\":\"Regulator Hobbywing QuicRun WP 16BL30 30A - \u2705 sklep z dronami i fachowym doradztwem. \u2705 Tutaj kupisz produkty DJI, Yuneec, Parrot, Syma i wiele innych, a tak\u017ce kursy i licencje na operatora drona.\",\"breadcrumb\":{\"@id\":\"https:\/\/ironsky.pl\/sklep\/produkt\/regulator-hobbywing-quicrun-wp-16bl30-30a\/#breadcrumb\"},\"inLanguage\":\"pl-PL\",\"potentialAction\":[{\"@type\":\"ReadAction\",\"target\":[\"https:\/\/ironsky.pl\/sklep\/produkt\/regulator-hobbywing-quicrun-wp-16bl30-30a\/\"]}]},{\"@type\":\"ImageObject\",\"inLanguage\":\"pl-PL\",\"@id\":\"https:\/\/ironsky.pl\/sklep\/produkt\/regulator-hobbywing-quicrun-wp-16bl30-30a\/#primaryimage\",\"url\":\"https:\/\/ironsky.pl\/sklep\/wp-content\/uploads\/2024\/09\/7080_1.jpg\",\"contentUrl\":\"https:\/\/ironsky.pl\/sklep\/wp-content\/uploads\/2024\/09\/7080_1.jpg\",\"width\":750,\"height\":496},{\"@type\":\"BreadcrumbList\",\"@id\":\"https:\/\/ironsky.pl\/sklep\/produkt\/regulator-hobbywing-quicrun-wp-16bl30-30a\/#breadcrumb\",\"itemListElement\":[{\"@type\":\"ListItem\",\"position\":1,\"name\":\"Strona g\u0142\u00f3wna\",\"item\":\"https:\/\/ironsky.pl\/sklep\/\"},{\"@type\":\"ListItem\",\"position\":2,\"name\":\"Wszystkie produkty\",\"item\":\"https:\/\/ironsky.pl\/sklep\/produkty\/\"},{\"@type\":\"ListItem\",\"position\":3,\"name\":\"Regulator Hobbywing QuicRun WP 16BL30 30A\"}]},{\"@type\":\"WebSite\",\"@id\":\"https:\/\/ironsky.pl\/sklep\/#website\",\"url\":\"https:\/\/ironsky.pl\/sklep\/\",\"name\":\"IRONSKY.PL Sklep z Dronami\",\"description\":\"IRONSKY.PL Sklep z Dronami\",\"potentialAction\":[{\"@type\":\"SearchAction\",\"target\":{\"@type\":\"EntryPoint\",\"urlTemplate\":\"https:\/\/ironsky.pl\/sklep\/?s={search_term_string}\"},\"query-input\":{\"@type\":\"PropertyValueSpecification\",\"valueRequired\":true,\"valueName\":\"search_term_string\"}}],\"inLanguage\":\"pl-PL\"}]}<\/script>\n<!-- \/ Yoast SEO plugin. -->","yoast_head_json":{"title":"Regulator Hobbywing QuicRun WP 16BL30 30A - IRONSKY.PL Sklep z Dronami","description":"Regulator Hobbywing QuicRun WP 16BL30 30A - \u2705 sklep z dronami i fachowym doradztwem. \u2705 Tutaj kupisz produkty DJI, Yuneec, Parrot, Syma i wiele innych, a tak\u017ce kursy i licencje na operatora drona.","robots":{"index":"index","follow":"follow","max-snippet":"max-snippet:-1","max-image-preview":"max-image-preview:large","max-video-preview":"max-video-preview:-1"},"canonical":"https:\/\/ironsky.pl\/sklep\/produkt\/regulator-hobbywing-quicrun-wp-16bl30-30a\/","og_locale":"pl_PL","og_type":"article","og_title":"Regulator Hobbywing QuicRun WP 16BL30 30A - IRONSKY.PL Sklep z Dronami","og_description":"Regulator Hobbywing QuicRun WP 16BL30 30A - \u2705 sklep z dronami i fachowym doradztwem. \u2705 Tutaj kupisz produkty DJI, Yuneec, Parrot, Syma i wiele innych, a tak\u017ce kursy i licencje na operatora drona.","og_url":"https:\/\/ironsky.pl\/sklep\/produkt\/regulator-hobbywing-quicrun-wp-16bl30-30a\/","og_site_name":"IRONSKY.PL Sklep z Dronami","article_modified_time":"2026-03-05T14:53:07+00:00","og_image":[{"width":750,"height":496,"url":"https:\/\/ironsky.pl\/sklep\/wp-content\/uploads\/2024\/09\/7080_1.jpg","type":"image\/jpeg"}],"twitter_card":"summary_large_image","twitter_misc":{"Szacowany czas czytania":"1 minuta"},"schema":{"@context":"https:\/\/schema.org","@graph":[{"@type":"WebPage","@id":"https:\/\/ironsky.pl\/sklep\/produkt\/regulator-hobbywing-quicrun-wp-16bl30-30a\/","url":"https:\/\/ironsky.pl\/sklep\/produkt\/regulator-hobbywing-quicrun-wp-16bl30-30a\/","name":"Regulator Hobbywing QuicRun WP 16BL30 30A - IRONSKY.PL Sklep z Dronami","isPartOf":{"@id":"https:\/\/ironsky.pl\/sklep\/#website"},"primaryImageOfPage":{"@id":"https:\/\/ironsky.pl\/sklep\/produkt\/regulator-hobbywing-quicrun-wp-16bl30-30a\/#primaryimage"},"image":{"@id":"https:\/\/ironsky.pl\/sklep\/produkt\/regulator-hobbywing-quicrun-wp-16bl30-30a\/#primaryimage"},"thumbnailUrl":"https:\/\/ironsky.pl\/sklep\/wp-content\/uploads\/2024\/09\/7080_1.jpg","datePublished":"2024-09-16T18:17:25+00:00","dateModified":"2026-03-05T14:53:07+00:00","description":"Regulator Hobbywing QuicRun WP 16BL30 30A - \u2705 sklep z dronami i fachowym doradztwem. \u2705 Tutaj kupisz produkty DJI, Yuneec, Parrot, Syma i wiele innych, a tak\u017ce kursy i licencje na operatora drona.","breadcrumb":{"@id":"https:\/\/ironsky.pl\/sklep\/produkt\/regulator-hobbywing-quicrun-wp-16bl30-30a\/#breadcrumb"},"inLanguage":"pl-PL","potentialAction":[{"@type":"ReadAction","target":["https:\/\/ironsky.pl\/sklep\/produkt\/regulator-hobbywing-quicrun-wp-16bl30-30a\/"]}]},{"@type":"ImageObject","inLanguage":"pl-PL","@id":"https:\/\/ironsky.pl\/sklep\/produkt\/regulator-hobbywing-quicrun-wp-16bl30-30a\/#primaryimage","url":"https:\/\/ironsky.pl\/sklep\/wp-content\/uploads\/2024\/09\/7080_1.jpg","contentUrl":"https:\/\/ironsky.pl\/sklep\/wp-content\/uploads\/2024\/09\/7080_1.jpg","width":750,"height":496},{"@type":"BreadcrumbList","@id":"https:\/\/ironsky.pl\/sklep\/produkt\/regulator-hobbywing-quicrun-wp-16bl30-30a\/#breadcrumb","itemListElement":[{"@type":"ListItem","position":1,"name":"Strona g\u0142\u00f3wna","item":"https:\/\/ironsky.pl\/sklep\/"},{"@type":"ListItem","position":2,"name":"Wszystkie produkty","item":"https:\/\/ironsky.pl\/sklep\/produkty\/"},{"@type":"ListItem","position":3,"name":"Regulator Hobbywing QuicRun WP 16BL30 30A"}]},{"@type":"WebSite","@id":"https:\/\/ironsky.pl\/sklep\/#website","url":"https:\/\/ironsky.pl\/sklep\/","name":"IRONSKY.PL Sklep z Dronami","description":"IRONSKY.PL Sklep z Dronami","potentialAction":[{"@type":"SearchAction","target":{"@type":"EntryPoint","urlTemplate":"https:\/\/ironsky.pl\/sklep\/?s={search_term_string}"},"query-input":{"@type":"PropertyValueSpecification","valueRequired":true,"valueName":"search_term_string"}}],"inLanguage":"pl-PL"}]}},"_links":{"self":[{"href":"https:\/\/ironsky.pl\/sklep\/wp-json\/wp\/v2\/product\/27408","targetHints":{"allow":["GET"]}}],"collection":[{"href":"https:\/\/ironsky.pl\/sklep\/wp-json\/wp\/v2\/product"}],"about":[{"href":"https:\/\/ironsky.pl\/sklep\/wp-json\/wp\/v2\/types\/product"}],"replies":[{"embeddable":true,"href":"https:\/\/ironsky.pl\/sklep\/wp-json\/wp\/v2\/comments?post=27408"}],"wp:featuredmedia":[{"embeddable":true,"href":"https:\/\/ironsky.pl\/sklep\/wp-json\/wp\/v2\/media\/27409"}],"wp:attachment":[{"href":"https:\/\/ironsky.pl\/sklep\/wp-json\/wp\/v2\/media?parent=27408"}],"wp:term":[{"taxonomy":"product_brand","embeddable":true,"href":"https:\/\/ironsky.pl\/sklep\/wp-json\/wp\/v2\/product_brand?post=27408"},{"taxonomy":"product_cat","embeddable":true,"href":"https:\/\/ironsky.pl\/sklep\/wp-json\/wp\/v2\/product_cat?post=27408"},{"taxonomy":"product_tag","embeddable":true,"href":"https:\/\/ironsky.pl\/sklep\/wp-json\/wp\/v2\/product_tag?post=27408"}],"curies":[{"name":"wp","href":"https:\/\/api.w.org\/{rel}","templated":true}]}}