{"id":27375,"date":"2024-09-16T20:17:25","date_gmt":"2024-09-16T18:17:25","guid":{"rendered":"http:\/\/gvshalph.pro-linuxpl.com\/ironskyprodukty\/produkt\/odbiornik-flysky-fs-ia6b-6-kanalow-afhds-2a\/"},"modified":"2026-03-05T15:53:06","modified_gmt":"2026-03-05T14:53:06","slug":"odbiornik-flysky-fs-ia6b-6-kanalow-afhds-2a","status":"publish","type":"product","link":"https:\/\/ironsky.pl\/sklep\/produkt\/odbiornik-flysky-fs-ia6b-6-kanalow-afhds-2a\/","title":{"rendered":"Odbiornik FlySky FS-iA6B, 6 kana\u0142\u00f3w AFHDS 2A"},"content":{"rendered":"<h3>Odbiornik FlySky FS-i A6B<\/h3>\n<p>Odbiornik kompatybilny jest z wieloma nadajnikami FlySky, mi\u0119dzy innymi FS-i4, FS-i6, FS-i8 oraz FS-i10.<\/p>\n<div class=\"table-wrapper\">\n<table>\n<tbody>\n<tr>\n<th>Producent<\/th>\n<td>FlySky<\/td>\n<\/tr>\n<tr>\n<th>Model<\/th>\n<td>FS-iA6B<\/td>\n<\/tr>\n<tr>\n<th>Kana\u0142 PWM<\/th>\n<td>6<\/td>\n<\/tr>\n<tr>\n<th>Cz\u0119stotliwo\u015b\u0107 bezprzewodowa<\/th>\n<td>2.4GHz<\/td>\n<\/tr>\n<tr>\n<th>Protok\u00f3\u0142 bezprzewodowy<\/th>\n<td>AFHDS 2A<\/td>\n<\/tr>\n<tr>\n<th>Zasi\u0119g<\/th>\n<td>500 \uff5e 1500m (w powietrzu)<\/td>\n<\/tr>\n<tr>\n<th>Typ anteny<\/th>\n<td>Podw\u00f3jna antena miedziana (150mm * 2)<\/td>\n<\/tr>\n<tr>\n<th>Zasilanie<\/th>\n<td>4.0-6.5V<\/td>\n<\/tr>\n<tr>\n<th>RSSI<\/th>\n<td>Obs\u0142ugiwane<\/td>\n<\/tr>\n<tr>\n<th>Port danych<\/th>\n<td>PWM \/ PPM \/ i.bus \/ s.bus<\/td>\n<\/tr>\n<tr>\n<th>Zakres temperatur<\/th>\n<td>-10 \u2103 &#8211; + 60 \u2103<\/td>\n<\/tr>\n<tr>\n<th>Zakres wilgotno\u015bci<\/th>\n<td>20% -95%<\/td>\n<\/tr>\n<tr>\n<th>Aktualizacja online<\/th>\n<td>Tak<\/td>\n<\/tr>\n<tr>\n<th>Wymiary<\/th>\n<td>47 * 26,2 * 15 mm<\/td>\n<\/tr>\n<tr>\n<th>Waga<\/th>\n<td>10g<\/td>\n<\/tr>\n<tr>\n<th>Certyfikaty<\/th>\n<td>CE, RCM, FCC ID: N4ZFLYSKYIA10<\/td>\n<\/tr>\n<\/tbody>\n<\/table>\n<\/div>\n","protected":false},"excerpt":{"rendered":"<p>Odbiornik FlySky FS-i A6B Odbiornik kompatybilny jest z wieloma nadajnikami FlySky, mi\u0119dzy innymi FS-i4, FS-i6, FS-i8 oraz FS-i10. Producent FlySky<\/p>\n","protected":false},"featured_media":27376,"comment_status":"closed","ping_status":"open","template":"","meta":{"_acf_changed":false},"product_brand":[],"product_cat":[1177,1169,1179],"product_tag":[],"class_list":{"0":"post-27375","1":"product","2":"type-product","3":"status-publish","4":"has-post-thumbnail","6":"product_cat-aparatury","7":"product_cat-modele-rc","8":"product_cat-odbiorniki","9":"pa_box-height-1409","10":"pa_box-length-1410","11":"pa_box-width-1408","12":"pa_gross-weight-1411","13":"pa_hs-code-1413","14":"pa_ilosc-kanalow-1406","15":"pa_net-weight-1407","16":"pa_waga-netto-g-1414","18":"first","19":"outofstock","20":"taxable","21":"shipping-taxable","22":"purchasable","23":"product-type-simple"},"acf":[],"yoast_head":"<!-- This site is optimized with the Yoast SEO plugin v27.2 - https:\/\/yoast.com\/product\/yoast-seo-wordpress\/ -->\n<title>Odbiornik FlySky FS-iA6B, 6 kana\u0142\u00f3w AFHDS 2A - IRONSKY.PL Sklep z Dronami<\/title>\n<meta name=\"description\" content=\"Odbiornik FlySky FS-iA6B, 6 kana\u0142\u00f3w AFHDS 2A - \u2705 sklep z dronami i fachowym doradztwem. \u2705 Tutaj kupisz produkty DJI, Yuneec, Parrot, Syma i wiele innych, a tak\u017ce kursy i licencje na operatora drona.\" \/>\n<meta name=\"robots\" content=\"index, follow, max-snippet:-1, max-image-preview:large, max-video-preview:-1\" \/>\n<link rel=\"canonical\" href=\"https:\/\/ironsky.pl\/sklep\/produkt\/odbiornik-flysky-fs-ia6b-6-kanalow-afhds-2a\/\" \/>\n<meta property=\"og:locale\" content=\"pl_PL\" \/>\n<meta property=\"og:type\" content=\"article\" \/>\n<meta property=\"og:title\" content=\"Odbiornik FlySky FS-iA6B, 6 kana\u0142\u00f3w AFHDS 2A - IRONSKY.PL Sklep z Dronami\" \/>\n<meta property=\"og:description\" content=\"Odbiornik FlySky FS-iA6B, 6 kana\u0142\u00f3w AFHDS 2A - \u2705 sklep z dronami i fachowym doradztwem. \u2705 Tutaj kupisz produkty DJI, Yuneec, Parrot, Syma i wiele innych, a tak\u017ce kursy i licencje na operatora drona.\" \/>\n<meta property=\"og:url\" content=\"https:\/\/ironsky.pl\/sklep\/produkt\/odbiornik-flysky-fs-ia6b-6-kanalow-afhds-2a\/\" \/>\n<meta property=\"og:site_name\" content=\"IRONSKY.PL Sklep z Dronami\" \/>\n<meta property=\"article:modified_time\" content=\"2026-03-05T14:53:06+00:00\" \/>\n<meta property=\"og:image\" content=\"https:\/\/ironsky.pl\/sklep\/wp-content\/uploads\/2024\/09\/6137_1.jpg\" \/>\n\t<meta property=\"og:image:width\" content=\"600\" \/>\n\t<meta property=\"og:image:height\" content=\"600\" \/>\n\t<meta property=\"og:image:type\" content=\"image\/jpeg\" \/>\n<meta name=\"twitter:card\" content=\"summary_large_image\" \/>\n<script type=\"application\/ld+json\" class=\"yoast-schema-graph\">{\"@context\":\"https:\/\/schema.org\",\"@graph\":[{\"@type\":\"WebPage\",\"@id\":\"https:\/\/ironsky.pl\/sklep\/produkt\/odbiornik-flysky-fs-ia6b-6-kanalow-afhds-2a\/\",\"url\":\"https:\/\/ironsky.pl\/sklep\/produkt\/odbiornik-flysky-fs-ia6b-6-kanalow-afhds-2a\/\",\"name\":\"Odbiornik FlySky FS-iA6B, 6 kana\u0142\u00f3w AFHDS 2A - IRONSKY.PL Sklep z Dronami\",\"isPartOf\":{\"@id\":\"https:\/\/ironsky.pl\/sklep\/#website\"},\"primaryImageOfPage\":{\"@id\":\"https:\/\/ironsky.pl\/sklep\/produkt\/odbiornik-flysky-fs-ia6b-6-kanalow-afhds-2a\/#primaryimage\"},\"image\":{\"@id\":\"https:\/\/ironsky.pl\/sklep\/produkt\/odbiornik-flysky-fs-ia6b-6-kanalow-afhds-2a\/#primaryimage\"},\"thumbnailUrl\":\"https:\/\/ironsky.pl\/sklep\/wp-content\/uploads\/2024\/09\/6137_1.jpg\",\"datePublished\":\"2024-09-16T18:17:25+00:00\",\"dateModified\":\"2026-03-05T14:53:06+00:00\",\"description\":\"Odbiornik FlySky FS-iA6B, 6 kana\u0142\u00f3w AFHDS 2A - \u2705 sklep z dronami i fachowym doradztwem. \u2705 Tutaj kupisz produkty DJI, Yuneec, Parrot, Syma i wiele innych, a tak\u017ce kursy i licencje na operatora drona.\",\"breadcrumb\":{\"@id\":\"https:\/\/ironsky.pl\/sklep\/produkt\/odbiornik-flysky-fs-ia6b-6-kanalow-afhds-2a\/#breadcrumb\"},\"inLanguage\":\"pl-PL\",\"potentialAction\":[{\"@type\":\"ReadAction\",\"target\":[\"https:\/\/ironsky.pl\/sklep\/produkt\/odbiornik-flysky-fs-ia6b-6-kanalow-afhds-2a\/\"]}]},{\"@type\":\"ImageObject\",\"inLanguage\":\"pl-PL\",\"@id\":\"https:\/\/ironsky.pl\/sklep\/produkt\/odbiornik-flysky-fs-ia6b-6-kanalow-afhds-2a\/#primaryimage\",\"url\":\"https:\/\/ironsky.pl\/sklep\/wp-content\/uploads\/2024\/09\/6137_1.jpg\",\"contentUrl\":\"https:\/\/ironsky.pl\/sklep\/wp-content\/uploads\/2024\/09\/6137_1.jpg\",\"width\":600,\"height\":600},{\"@type\":\"BreadcrumbList\",\"@id\":\"https:\/\/ironsky.pl\/sklep\/produkt\/odbiornik-flysky-fs-ia6b-6-kanalow-afhds-2a\/#breadcrumb\",\"itemListElement\":[{\"@type\":\"ListItem\",\"position\":1,\"name\":\"Strona g\u0142\u00f3wna\",\"item\":\"https:\/\/ironsky.pl\/sklep\/\"},{\"@type\":\"ListItem\",\"position\":2,\"name\":\"Wszystkie produkty\",\"item\":\"https:\/\/ironsky.pl\/sklep\/produkty\/\"},{\"@type\":\"ListItem\",\"position\":3,\"name\":\"Odbiornik FlySky FS-iA6B, 6 kana\u0142\u00f3w AFHDS 2A\"}]},{\"@type\":\"WebSite\",\"@id\":\"https:\/\/ironsky.pl\/sklep\/#website\",\"url\":\"https:\/\/ironsky.pl\/sklep\/\",\"name\":\"IRONSKY.PL Sklep z Dronami\",\"description\":\"IRONSKY.PL Sklep z Dronami\",\"potentialAction\":[{\"@type\":\"SearchAction\",\"target\":{\"@type\":\"EntryPoint\",\"urlTemplate\":\"https:\/\/ironsky.pl\/sklep\/?s={search_term_string}\"},\"query-input\":{\"@type\":\"PropertyValueSpecification\",\"valueRequired\":true,\"valueName\":\"search_term_string\"}}],\"inLanguage\":\"pl-PL\"}]}<\/script>\n<!-- \/ Yoast SEO plugin. -->","yoast_head_json":{"title":"Odbiornik FlySky FS-iA6B, 6 kana\u0142\u00f3w AFHDS 2A - IRONSKY.PL Sklep z Dronami","description":"Odbiornik FlySky FS-iA6B, 6 kana\u0142\u00f3w AFHDS 2A - \u2705 sklep z dronami i fachowym doradztwem. \u2705 Tutaj kupisz produkty DJI, Yuneec, Parrot, Syma i wiele innych, a tak\u017ce kursy i licencje na operatora drona.","robots":{"index":"index","follow":"follow","max-snippet":"max-snippet:-1","max-image-preview":"max-image-preview:large","max-video-preview":"max-video-preview:-1"},"canonical":"https:\/\/ironsky.pl\/sklep\/produkt\/odbiornik-flysky-fs-ia6b-6-kanalow-afhds-2a\/","og_locale":"pl_PL","og_type":"article","og_title":"Odbiornik FlySky FS-iA6B, 6 kana\u0142\u00f3w AFHDS 2A - IRONSKY.PL Sklep z Dronami","og_description":"Odbiornik FlySky FS-iA6B, 6 kana\u0142\u00f3w AFHDS 2A - \u2705 sklep z dronami i fachowym doradztwem. \u2705 Tutaj kupisz produkty DJI, Yuneec, Parrot, Syma i wiele innych, a tak\u017ce kursy i licencje na operatora drona.","og_url":"https:\/\/ironsky.pl\/sklep\/produkt\/odbiornik-flysky-fs-ia6b-6-kanalow-afhds-2a\/","og_site_name":"IRONSKY.PL Sklep z Dronami","article_modified_time":"2026-03-05T14:53:06+00:00","og_image":[{"width":600,"height":600,"url":"https:\/\/ironsky.pl\/sklep\/wp-content\/uploads\/2024\/09\/6137_1.jpg","type":"image\/jpeg"}],"twitter_card":"summary_large_image","schema":{"@context":"https:\/\/schema.org","@graph":[{"@type":"WebPage","@id":"https:\/\/ironsky.pl\/sklep\/produkt\/odbiornik-flysky-fs-ia6b-6-kanalow-afhds-2a\/","url":"https:\/\/ironsky.pl\/sklep\/produkt\/odbiornik-flysky-fs-ia6b-6-kanalow-afhds-2a\/","name":"Odbiornik FlySky FS-iA6B, 6 kana\u0142\u00f3w AFHDS 2A - IRONSKY.PL Sklep z Dronami","isPartOf":{"@id":"https:\/\/ironsky.pl\/sklep\/#website"},"primaryImageOfPage":{"@id":"https:\/\/ironsky.pl\/sklep\/produkt\/odbiornik-flysky-fs-ia6b-6-kanalow-afhds-2a\/#primaryimage"},"image":{"@id":"https:\/\/ironsky.pl\/sklep\/produkt\/odbiornik-flysky-fs-ia6b-6-kanalow-afhds-2a\/#primaryimage"},"thumbnailUrl":"https:\/\/ironsky.pl\/sklep\/wp-content\/uploads\/2024\/09\/6137_1.jpg","datePublished":"2024-09-16T18:17:25+00:00","dateModified":"2026-03-05T14:53:06+00:00","description":"Odbiornik FlySky FS-iA6B, 6 kana\u0142\u00f3w AFHDS 2A - \u2705 sklep z dronami i fachowym doradztwem. \u2705 Tutaj kupisz produkty DJI, Yuneec, Parrot, Syma i wiele innych, a tak\u017ce kursy i licencje na operatora drona.","breadcrumb":{"@id":"https:\/\/ironsky.pl\/sklep\/produkt\/odbiornik-flysky-fs-ia6b-6-kanalow-afhds-2a\/#breadcrumb"},"inLanguage":"pl-PL","potentialAction":[{"@type":"ReadAction","target":["https:\/\/ironsky.pl\/sklep\/produkt\/odbiornik-flysky-fs-ia6b-6-kanalow-afhds-2a\/"]}]},{"@type":"ImageObject","inLanguage":"pl-PL","@id":"https:\/\/ironsky.pl\/sklep\/produkt\/odbiornik-flysky-fs-ia6b-6-kanalow-afhds-2a\/#primaryimage","url":"https:\/\/ironsky.pl\/sklep\/wp-content\/uploads\/2024\/09\/6137_1.jpg","contentUrl":"https:\/\/ironsky.pl\/sklep\/wp-content\/uploads\/2024\/09\/6137_1.jpg","width":600,"height":600},{"@type":"BreadcrumbList","@id":"https:\/\/ironsky.pl\/sklep\/produkt\/odbiornik-flysky-fs-ia6b-6-kanalow-afhds-2a\/#breadcrumb","itemListElement":[{"@type":"ListItem","position":1,"name":"Strona g\u0142\u00f3wna","item":"https:\/\/ironsky.pl\/sklep\/"},{"@type":"ListItem","position":2,"name":"Wszystkie produkty","item":"https:\/\/ironsky.pl\/sklep\/produkty\/"},{"@type":"ListItem","position":3,"name":"Odbiornik FlySky FS-iA6B, 6 kana\u0142\u00f3w AFHDS 2A"}]},{"@type":"WebSite","@id":"https:\/\/ironsky.pl\/sklep\/#website","url":"https:\/\/ironsky.pl\/sklep\/","name":"IRONSKY.PL Sklep z Dronami","description":"IRONSKY.PL Sklep z Dronami","potentialAction":[{"@type":"SearchAction","target":{"@type":"EntryPoint","urlTemplate":"https:\/\/ironsky.pl\/sklep\/?s={search_term_string}"},"query-input":{"@type":"PropertyValueSpecification","valueRequired":true,"valueName":"search_term_string"}}],"inLanguage":"pl-PL"}]}},"_links":{"self":[{"href":"https:\/\/ironsky.pl\/sklep\/wp-json\/wp\/v2\/product\/27375","targetHints":{"allow":["GET"]}}],"collection":[{"href":"https:\/\/ironsky.pl\/sklep\/wp-json\/wp\/v2\/product"}],"about":[{"href":"https:\/\/ironsky.pl\/sklep\/wp-json\/wp\/v2\/types\/product"}],"replies":[{"embeddable":true,"href":"https:\/\/ironsky.pl\/sklep\/wp-json\/wp\/v2\/comments?post=27375"}],"wp:featuredmedia":[{"embeddable":true,"href":"https:\/\/ironsky.pl\/sklep\/wp-json\/wp\/v2\/media\/27376"}],"wp:attachment":[{"href":"https:\/\/ironsky.pl\/sklep\/wp-json\/wp\/v2\/media?parent=27375"}],"wp:term":[{"taxonomy":"product_brand","embeddable":true,"href":"https:\/\/ironsky.pl\/sklep\/wp-json\/wp\/v2\/product_brand?post=27375"},{"taxonomy":"product_cat","embeddable":true,"href":"https:\/\/ironsky.pl\/sklep\/wp-json\/wp\/v2\/product_cat?post=27375"},{"taxonomy":"product_tag","embeddable":true,"href":"https:\/\/ironsky.pl\/sklep\/wp-json\/wp\/v2\/product_tag?post=27375"}],"curies":[{"name":"wp","href":"https:\/\/api.w.org\/{rel}","templated":true}]}}