{"id":27362,"date":"2024-09-16T20:17:25","date_gmt":"2024-09-16T18:17:25","guid":{"rendered":"http:\/\/gvshalph.pro-linuxpl.com\/ironskyprodukty\/produkt\/zestaw-flysky-nadajnik-fs-gt2b-odbiornik-fs-gr3e-3-kanaly-afhds\/"},"modified":"2026-03-05T15:53:06","modified_gmt":"2026-03-05T14:53:06","slug":"zestaw-flysky-nadajnik-fs-gt2b-odbiornik-fs-gr3e-3-kanaly-afhds","status":"publish","type":"product","link":"https:\/\/ironsky.pl\/sklep\/produkt\/zestaw-flysky-nadajnik-fs-gt2b-odbiornik-fs-gr3e-3-kanaly-afhds\/","title":{"rendered":"Zestaw FlySky nadajnik FS-GT2B + odbiornik FS-GR3E, 3 kana\u0142y AFHDS"},"content":{"rendered":"<h3>Zestaw nadajnik FlySky GT2B + odbiornik GR3E<\/h3>\n<p>FlySky GT2B to 3 kana\u0142owa aparatura przeznaczona do samochod\u00f3w i \u0142odzi. To prosta aparatura dla tych, kt\u00f3rzy chc\u0105 rozpocz\u0105\u0107 przygod\u0119 z samochodami RC lub \u0142odziami RC. <\/p>\n<h3>W zestawie:<\/h3>\n<ul>\n<li>nadajnik FS-GT2B<\/li>\n<li>odbiornik FS-GR3F<\/li>\n<li>bateria do zasilania nadajnika<\/li>\n<li>okablowanie<\/li>\n<li>zapasowy grip do uchwytu<\/li>\n<\/ul>\n<div class=\"table-wrapper\">\n<table>\n<tbody>\n<tr>\n<th>Producent<\/th>\n<td>FlySky<\/td>\n<\/tr>\n<tr>\n<th>Model<\/th>\n<td>FS-GT2B + FS-GR3E<\/td>\n<\/tr>\n<tr>\n<th>Ilo\u015b\u0107 kana\u0142\u00f3w<\/th>\n<td>3<\/td>\n<\/tr>\n<tr>\n<th>Przeznaczenie<\/th>\n<td>samoch\u00f3d \/ \u0142\u00f3d\u017a<\/td>\n<\/tr>\n<tr>\n<th>Cz\u0119stotliwo\u015b\u0107<\/th>\n<td>2.4GHz<\/td>\n<\/tr>\n<tr>\n<th>2.4gHz system<\/th>\n<td>AFHDS<\/td>\n<\/tr>\n<tr>\n<th>Alarm niskiego napi\u0119cia<\/th>\n<td>TAK(poni\u017cej 3.5V)<\/td>\n<\/tr>\n<tr>\n<th>DSC port<\/th>\n<td>TAK(USB; wyj\u015bcie PPM)<\/td>\n<\/tr>\n<tr>\n<th>Gniazdo \u0142adowania<\/th>\n<td>TAK<\/td>\n<\/tr>\n<tr>\n<th>Napi\u0119cie<\/th>\n<td>3.7V(800mAh)<\/td>\n<\/tr>\n<tr>\n<th>Waga<\/th>\n<td>262g<\/td>\n<\/tr>\n<tr>\n<th>Wymiary<\/th>\n<td>156x94x223mm<\/td>\n<\/tr>\n<tr>\n<th>Kolor<\/th>\n<td>czarny<\/td>\n<\/tr>\n<\/tbody>\n<\/table>\n<\/div>\n","protected":false},"excerpt":{"rendered":"<p>Zestaw nadajnik FlySky GT2B + odbiornik GR3E FlySky GT2B to 3 kana\u0142owa aparatura przeznaczona do samochod\u00f3w i \u0142odzi. To prosta<\/p>\n","protected":false},"featured_media":27363,"comment_status":"closed","ping_status":"open","template":"","meta":{"_acf_changed":false},"product_brand":[],"product_cat":[1177,1169,1178],"product_tag":[],"class_list":{"0":"post-27362","1":"product","2":"type-product","3":"status-publish","4":"has-post-thumbnail","6":"product_cat-aparatury","7":"product_cat-modele-rc","8":"product_cat-nadajniki","9":"pa_box-height-1393","10":"pa_box-length-1394","11":"pa_box-width-1392","12":"pa_gross-weight-1395","13":"pa_hs-code-1396","14":"pa_ilosc-kanalow-1398","15":"pa_net-weight-1391","16":"pa_zasilanie-akumulatorowe","18":"first","19":"outofstock","20":"taxable","21":"shipping-taxable","22":"purchasable","23":"product-type-simple"},"acf":[],"yoast_head":"<!-- This site is optimized with the Yoast SEO plugin v27.2 - https:\/\/yoast.com\/product\/yoast-seo-wordpress\/ -->\n<title>Zestaw FlySky nadajnik FS-GT2B + odbiornik FS-GR3E, 3 kana\u0142y AFHDS - IRONSKY.PL Sklep z Dronami<\/title>\n<meta name=\"description\" content=\"Zestaw FlySky nadajnik FS-GT2B + odbiornik FS-GR3E, 3 kana\u0142y AFHDS - \u2705 sklep z dronami i fachowym doradztwem. \u2705 Tutaj kupisz produkty DJI, Yuneec, Parrot, Syma i wiele innych, a tak\u017ce kursy i licencje na operatora drona.\" \/>\n<meta name=\"robots\" content=\"index, follow, max-snippet:-1, max-image-preview:large, max-video-preview:-1\" \/>\n<link rel=\"canonical\" href=\"https:\/\/ironsky.pl\/sklep\/produkt\/zestaw-flysky-nadajnik-fs-gt2b-odbiornik-fs-gr3e-3-kanaly-afhds\/\" \/>\n<meta property=\"og:locale\" content=\"pl_PL\" \/>\n<meta property=\"og:type\" content=\"article\" \/>\n<meta property=\"og:title\" content=\"Zestaw FlySky nadajnik FS-GT2B + odbiornik FS-GR3E, 3 kana\u0142y AFHDS - IRONSKY.PL Sklep z Dronami\" \/>\n<meta property=\"og:description\" content=\"Zestaw FlySky nadajnik FS-GT2B + odbiornik FS-GR3E, 3 kana\u0142y AFHDS - \u2705 sklep z dronami i fachowym doradztwem. \u2705 Tutaj kupisz produkty DJI, Yuneec, Parrot, Syma i wiele innych, a tak\u017ce kursy i licencje na operatora drona.\" \/>\n<meta property=\"og:url\" content=\"https:\/\/ironsky.pl\/sklep\/produkt\/zestaw-flysky-nadajnik-fs-gt2b-odbiornik-fs-gr3e-3-kanaly-afhds\/\" \/>\n<meta property=\"og:site_name\" content=\"IRONSKY.PL Sklep z Dronami\" \/>\n<meta property=\"article:modified_time\" content=\"2026-03-05T14:53:06+00:00\" \/>\n<meta property=\"og:image\" content=\"https:\/\/ironsky.pl\/sklep\/wp-content\/uploads\/2024\/09\/6096_3.jpg\" \/>\n\t<meta property=\"og:image:width\" content=\"188\" \/>\n\t<meta property=\"og:image:height\" content=\"250\" \/>\n\t<meta property=\"og:image:type\" content=\"image\/jpeg\" \/>\n<meta name=\"twitter:card\" content=\"summary_large_image\" \/>\n<meta name=\"twitter:label1\" content=\"Szacowany czas czytania\" \/>\n\t<meta name=\"twitter:data1\" content=\"1 minuta\" \/>\n<script type=\"application\/ld+json\" class=\"yoast-schema-graph\">{\"@context\":\"https:\/\/schema.org\",\"@graph\":[{\"@type\":\"WebPage\",\"@id\":\"https:\/\/ironsky.pl\/sklep\/produkt\/zestaw-flysky-nadajnik-fs-gt2b-odbiornik-fs-gr3e-3-kanaly-afhds\/\",\"url\":\"https:\/\/ironsky.pl\/sklep\/produkt\/zestaw-flysky-nadajnik-fs-gt2b-odbiornik-fs-gr3e-3-kanaly-afhds\/\",\"name\":\"Zestaw FlySky nadajnik FS-GT2B + odbiornik FS-GR3E, 3 kana\u0142y AFHDS - IRONSKY.PL Sklep z Dronami\",\"isPartOf\":{\"@id\":\"https:\/\/ironsky.pl\/sklep\/#website\"},\"primaryImageOfPage\":{\"@id\":\"https:\/\/ironsky.pl\/sklep\/produkt\/zestaw-flysky-nadajnik-fs-gt2b-odbiornik-fs-gr3e-3-kanaly-afhds\/#primaryimage\"},\"image\":{\"@id\":\"https:\/\/ironsky.pl\/sklep\/produkt\/zestaw-flysky-nadajnik-fs-gt2b-odbiornik-fs-gr3e-3-kanaly-afhds\/#primaryimage\"},\"thumbnailUrl\":\"https:\/\/ironsky.pl\/sklep\/wp-content\/uploads\/2024\/09\/6096_3.jpg\",\"datePublished\":\"2024-09-16T18:17:25+00:00\",\"dateModified\":\"2026-03-05T14:53:06+00:00\",\"description\":\"Zestaw FlySky nadajnik FS-GT2B + odbiornik FS-GR3E, 3 kana\u0142y AFHDS - \u2705 sklep z dronami i fachowym doradztwem. \u2705 Tutaj kupisz produkty DJI, Yuneec, Parrot, Syma i wiele innych, a tak\u017ce kursy i licencje na operatora drona.\",\"breadcrumb\":{\"@id\":\"https:\/\/ironsky.pl\/sklep\/produkt\/zestaw-flysky-nadajnik-fs-gt2b-odbiornik-fs-gr3e-3-kanaly-afhds\/#breadcrumb\"},\"inLanguage\":\"pl-PL\",\"potentialAction\":[{\"@type\":\"ReadAction\",\"target\":[\"https:\/\/ironsky.pl\/sklep\/produkt\/zestaw-flysky-nadajnik-fs-gt2b-odbiornik-fs-gr3e-3-kanaly-afhds\/\"]}]},{\"@type\":\"ImageObject\",\"inLanguage\":\"pl-PL\",\"@id\":\"https:\/\/ironsky.pl\/sklep\/produkt\/zestaw-flysky-nadajnik-fs-gt2b-odbiornik-fs-gr3e-3-kanaly-afhds\/#primaryimage\",\"url\":\"https:\/\/ironsky.pl\/sklep\/wp-content\/uploads\/2024\/09\/6096_3.jpg\",\"contentUrl\":\"https:\/\/ironsky.pl\/sklep\/wp-content\/uploads\/2024\/09\/6096_3.jpg\",\"width\":188,\"height\":250},{\"@type\":\"BreadcrumbList\",\"@id\":\"https:\/\/ironsky.pl\/sklep\/produkt\/zestaw-flysky-nadajnik-fs-gt2b-odbiornik-fs-gr3e-3-kanaly-afhds\/#breadcrumb\",\"itemListElement\":[{\"@type\":\"ListItem\",\"position\":1,\"name\":\"Strona g\u0142\u00f3wna\",\"item\":\"https:\/\/ironsky.pl\/sklep\/\"},{\"@type\":\"ListItem\",\"position\":2,\"name\":\"Wszystkie produkty\",\"item\":\"https:\/\/ironsky.pl\/sklep\/produkty\/\"},{\"@type\":\"ListItem\",\"position\":3,\"name\":\"Zestaw FlySky nadajnik FS-GT2B + odbiornik FS-GR3E, 3 kana\u0142y AFHDS\"}]},{\"@type\":\"WebSite\",\"@id\":\"https:\/\/ironsky.pl\/sklep\/#website\",\"url\":\"https:\/\/ironsky.pl\/sklep\/\",\"name\":\"IRONSKY.PL Sklep z Dronami\",\"description\":\"IRONSKY.PL Sklep z Dronami\",\"potentialAction\":[{\"@type\":\"SearchAction\",\"target\":{\"@type\":\"EntryPoint\",\"urlTemplate\":\"https:\/\/ironsky.pl\/sklep\/?s={search_term_string}\"},\"query-input\":{\"@type\":\"PropertyValueSpecification\",\"valueRequired\":true,\"valueName\":\"search_term_string\"}}],\"inLanguage\":\"pl-PL\"}]}<\/script>\n<!-- \/ Yoast SEO plugin. -->","yoast_head_json":{"title":"Zestaw FlySky nadajnik FS-GT2B + odbiornik FS-GR3E, 3 kana\u0142y AFHDS - IRONSKY.PL Sklep z Dronami","description":"Zestaw FlySky nadajnik FS-GT2B + odbiornik FS-GR3E, 3 kana\u0142y AFHDS - \u2705 sklep z dronami i fachowym doradztwem. \u2705 Tutaj kupisz produkty DJI, Yuneec, Parrot, Syma i wiele innych, a tak\u017ce kursy i licencje na operatora drona.","robots":{"index":"index","follow":"follow","max-snippet":"max-snippet:-1","max-image-preview":"max-image-preview:large","max-video-preview":"max-video-preview:-1"},"canonical":"https:\/\/ironsky.pl\/sklep\/produkt\/zestaw-flysky-nadajnik-fs-gt2b-odbiornik-fs-gr3e-3-kanaly-afhds\/","og_locale":"pl_PL","og_type":"article","og_title":"Zestaw FlySky nadajnik FS-GT2B + odbiornik FS-GR3E, 3 kana\u0142y AFHDS - IRONSKY.PL Sklep z Dronami","og_description":"Zestaw FlySky nadajnik FS-GT2B + odbiornik FS-GR3E, 3 kana\u0142y AFHDS - \u2705 sklep z dronami i fachowym doradztwem. \u2705 Tutaj kupisz produkty DJI, Yuneec, Parrot, Syma i wiele innych, a tak\u017ce kursy i licencje na operatora drona.","og_url":"https:\/\/ironsky.pl\/sklep\/produkt\/zestaw-flysky-nadajnik-fs-gt2b-odbiornik-fs-gr3e-3-kanaly-afhds\/","og_site_name":"IRONSKY.PL Sklep z Dronami","article_modified_time":"2026-03-05T14:53:06+00:00","og_image":[{"width":188,"height":250,"url":"https:\/\/ironsky.pl\/sklep\/wp-content\/uploads\/2024\/09\/6096_3.jpg","type":"image\/jpeg"}],"twitter_card":"summary_large_image","twitter_misc":{"Szacowany czas czytania":"1 minuta"},"schema":{"@context":"https:\/\/schema.org","@graph":[{"@type":"WebPage","@id":"https:\/\/ironsky.pl\/sklep\/produkt\/zestaw-flysky-nadajnik-fs-gt2b-odbiornik-fs-gr3e-3-kanaly-afhds\/","url":"https:\/\/ironsky.pl\/sklep\/produkt\/zestaw-flysky-nadajnik-fs-gt2b-odbiornik-fs-gr3e-3-kanaly-afhds\/","name":"Zestaw FlySky nadajnik FS-GT2B + odbiornik FS-GR3E, 3 kana\u0142y AFHDS - IRONSKY.PL Sklep z Dronami","isPartOf":{"@id":"https:\/\/ironsky.pl\/sklep\/#website"},"primaryImageOfPage":{"@id":"https:\/\/ironsky.pl\/sklep\/produkt\/zestaw-flysky-nadajnik-fs-gt2b-odbiornik-fs-gr3e-3-kanaly-afhds\/#primaryimage"},"image":{"@id":"https:\/\/ironsky.pl\/sklep\/produkt\/zestaw-flysky-nadajnik-fs-gt2b-odbiornik-fs-gr3e-3-kanaly-afhds\/#primaryimage"},"thumbnailUrl":"https:\/\/ironsky.pl\/sklep\/wp-content\/uploads\/2024\/09\/6096_3.jpg","datePublished":"2024-09-16T18:17:25+00:00","dateModified":"2026-03-05T14:53:06+00:00","description":"Zestaw FlySky nadajnik FS-GT2B + odbiornik FS-GR3E, 3 kana\u0142y AFHDS - \u2705 sklep z dronami i fachowym doradztwem. \u2705 Tutaj kupisz produkty DJI, Yuneec, Parrot, Syma i wiele innych, a tak\u017ce kursy i licencje na operatora drona.","breadcrumb":{"@id":"https:\/\/ironsky.pl\/sklep\/produkt\/zestaw-flysky-nadajnik-fs-gt2b-odbiornik-fs-gr3e-3-kanaly-afhds\/#breadcrumb"},"inLanguage":"pl-PL","potentialAction":[{"@type":"ReadAction","target":["https:\/\/ironsky.pl\/sklep\/produkt\/zestaw-flysky-nadajnik-fs-gt2b-odbiornik-fs-gr3e-3-kanaly-afhds\/"]}]},{"@type":"ImageObject","inLanguage":"pl-PL","@id":"https:\/\/ironsky.pl\/sklep\/produkt\/zestaw-flysky-nadajnik-fs-gt2b-odbiornik-fs-gr3e-3-kanaly-afhds\/#primaryimage","url":"https:\/\/ironsky.pl\/sklep\/wp-content\/uploads\/2024\/09\/6096_3.jpg","contentUrl":"https:\/\/ironsky.pl\/sklep\/wp-content\/uploads\/2024\/09\/6096_3.jpg","width":188,"height":250},{"@type":"BreadcrumbList","@id":"https:\/\/ironsky.pl\/sklep\/produkt\/zestaw-flysky-nadajnik-fs-gt2b-odbiornik-fs-gr3e-3-kanaly-afhds\/#breadcrumb","itemListElement":[{"@type":"ListItem","position":1,"name":"Strona g\u0142\u00f3wna","item":"https:\/\/ironsky.pl\/sklep\/"},{"@type":"ListItem","position":2,"name":"Wszystkie produkty","item":"https:\/\/ironsky.pl\/sklep\/produkty\/"},{"@type":"ListItem","position":3,"name":"Zestaw FlySky nadajnik FS-GT2B + odbiornik FS-GR3E, 3 kana\u0142y AFHDS"}]},{"@type":"WebSite","@id":"https:\/\/ironsky.pl\/sklep\/#website","url":"https:\/\/ironsky.pl\/sklep\/","name":"IRONSKY.PL Sklep z Dronami","description":"IRONSKY.PL Sklep z Dronami","potentialAction":[{"@type":"SearchAction","target":{"@type":"EntryPoint","urlTemplate":"https:\/\/ironsky.pl\/sklep\/?s={search_term_string}"},"query-input":{"@type":"PropertyValueSpecification","valueRequired":true,"valueName":"search_term_string"}}],"inLanguage":"pl-PL"}]}},"_links":{"self":[{"href":"https:\/\/ironsky.pl\/sklep\/wp-json\/wp\/v2\/product\/27362","targetHints":{"allow":["GET"]}}],"collection":[{"href":"https:\/\/ironsky.pl\/sklep\/wp-json\/wp\/v2\/product"}],"about":[{"href":"https:\/\/ironsky.pl\/sklep\/wp-json\/wp\/v2\/types\/product"}],"replies":[{"embeddable":true,"href":"https:\/\/ironsky.pl\/sklep\/wp-json\/wp\/v2\/comments?post=27362"}],"wp:featuredmedia":[{"embeddable":true,"href":"https:\/\/ironsky.pl\/sklep\/wp-json\/wp\/v2\/media\/27363"}],"wp:attachment":[{"href":"https:\/\/ironsky.pl\/sklep\/wp-json\/wp\/v2\/media?parent=27362"}],"wp:term":[{"taxonomy":"product_brand","embeddable":true,"href":"https:\/\/ironsky.pl\/sklep\/wp-json\/wp\/v2\/product_brand?post=27362"},{"taxonomy":"product_cat","embeddable":true,"href":"https:\/\/ironsky.pl\/sklep\/wp-json\/wp\/v2\/product_cat?post=27362"},{"taxonomy":"product_tag","embeddable":true,"href":"https:\/\/ironsky.pl\/sklep\/wp-json\/wp\/v2\/product_tag?post=27362"}],"curies":[{"name":"wp","href":"https:\/\/api.w.org\/{rel}","templated":true}]}}