{"id":27312,"date":"2024-09-16T19:52:32","date_gmt":"2024-09-16T17:52:32","guid":{"rendered":"http:\/\/gvshalph.pro-linuxpl.com\/ironskyprodukty\/produkt\/pasek-na-ramie-pgytech-air-strap-p-cb-272-vibrant-orange\/"},"modified":"2026-03-05T15:53:02","modified_gmt":"2026-03-05T14:53:02","slug":"pasek-na-ramie-pgytech-air-strap-p-cb-272-vibrant-orange","status":"publish","type":"product","link":"https:\/\/ironsky.pl\/sklep\/produkt\/pasek-na-ramie-pgytech-air-strap-p-cb-272-vibrant-orange\/","title":{"rendered":"Pasek na rami\u0119 PGYTECH Air Strap P-CB-272 (Vibrant Orange)"},"content":{"rendered":"<h3>Pasek na rami\u0119 PGYTECH Air Strap P-CB-272 (Vibrant Orange)<\/h3>\n<p>Pasek na rami\u0119 PGYTECH Air Strap jest idealnym rozwi\u0105zaniem dla mi\u0142o\u015bnik\u00f3w fotografii. Zaprojektowano go z my\u015bl\u0105 o maksymalnej wytrzyma\u0142o\u015bci, dlatego w jego produkcji wykorzystano takie materia\u0142y takie jak poliester, TPE oraz wzmocniony nylon 600D. Dzi\u0119ki temu no\u015bno\u015b\u0107 akcesorium wynosi do 90 kg. Jego d\u0142ugo\u015b\u0107 regulowa\u0107 mo\u017cna z obu stron w zakresie od 1000 do 1400 mm. W razie konieczno\u015bci sprawnie odczepisz kamer\u0119. Teraz mo\u017cesz cieszy\u0107 si\u0119 szybkim dost\u0119pem do swojego urz\u0105dzenia i uwolni\u0107 r\u0119ce, aby wygodnie podziwia\u0107 krajobrazy.<\/p>\n<p>\n<img decoding=\"async\" src=\"https:\/\/assets.innpro.pl\/8519\/9947\/1.jpg\" border=\"0\" \/>\n<\/p>\n<h3>Komfort noszenia<\/h3>\n<p>Komfort u\u017cytkowania zapewniaj\u0105 poduszki ramienne wykonane z mikrofibry Menorca\u00ae klasy samochodowej oraz materia\u0142u TPE, kt\u00f3re gwarantuj\u0105 wygod\u0119 nawet podczas d\u0142ugotrwa\u0142ego noszenia sprz\u0119tu. Zastosowany materia\u0142 jest przyjazny dla sk\u00f3ry, dzi\u0119ki czemu nie musisz obawia\u0107 si\u0119 wyst\u0119powania podra\u017cnie\u0144. Ergonomiczne rozwi\u0105zania, takie jak jednostronny pier\u015bcie\u0144 TPU do noszenia sko\u015bnego i \u0142atwego przechowywania, czyni\u0105 pasek wysoce funkcjonalnym.<\/p>\n<p>\n<img decoding=\"async\" src=\"https:\/\/assets.innpro.pl\/8519\/9947\/3.jpg\" border=\"0\" \/>\n<\/p>\n<h3>W zestawie:<\/h3>\n<ul class=\"list-disc pl-5\">\n<li>Pasek na rami\u0119\u00a0<\/li>\n<li>Adapter paska x2<\/li>\n<li>Szybkoz\u0142\u0105czka x4<\/li>\n<\/ul>\n<div class=\"table-wrapper\">\n<p>\u00a0<\/p>\n<h3><\/h3>\n<table>\n<tbody>\n<tr>\n<th>Producent<\/th>\n<td>PGYTECH<\/td>\n<\/tr>\n<tr>\n<th>Kod producenta<\/th>\n<td>P-CB-272<\/td>\n<\/tr>\n<tr>\n<th>D\u0142ugo\u015b\u0107<\/th>\n<td>regulowana z obu stron w zakresie od 1000 do 1400 mm<\/td>\n<\/tr>\n<tr>\n<th>Obci\u0105\u017cenie<\/th>\n<td>do 90 kg<\/td>\n<\/tr>\n<tr>\n<th>Materia\u0142<\/th>\n<td>poliester, TPE, wzmocniony nylon<\/td>\n<\/tr>\n<tr>\n<th>Waga<\/th>\n<td>75.5 g<\/td>\n<\/tr>\n<tr>\n<th>Kompatybilno\u015b\u0107<\/th>\n<td>kompaktowe i bezlusterkowe kamery r\u00f3\u017cnych marek<\/td>\n<\/tr>\n<tr>\n<th>Kolor<\/th>\n<td>pomara\u0144czowy<\/td>\n<\/tr>\n<\/tbody>\n<\/table>\n<\/div>\n","protected":false},"excerpt":{"rendered":"<p>Pasek na rami\u0119 PGYTECH Air Strap P-CB-272 (Vibrant Orange) Pasek na rami\u0119 PGYTECH Air Strap jest idealnym rozwi\u0105zaniem dla mi\u0142o\u015bnik\u00f3w<\/p>\n","protected":false},"featured_media":27313,"comment_status":"closed","ping_status":"open","template":"","meta":{"_acf_changed":false},"product_brand":[],"product_cat":[1130,1134,1128],"product_tag":[],"class_list":{"0":"post-27312","1":"product","2":"type-product","3":"status-publish","4":"has-post-thumbnail","6":"product_cat-akcesoria-foto","7":"product_cat-do-aparatow","8":"product_cat-foto-wideo","9":"pa_box-height-1698","10":"pa_box-length-3591","11":"pa_box-width-1362","12":"pa_gross-weight-3082","13":"pa_net-weight-2224","15":"first","16":"outofstock","17":"taxable","18":"shipping-taxable","19":"purchasable","20":"product-type-simple"},"acf":[],"yoast_head":"<!-- This site is optimized with the Yoast SEO plugin v27.2 - https:\/\/yoast.com\/product\/yoast-seo-wordpress\/ -->\n<title>Pasek na rami\u0119 PGYTECH Air Strap P-CB-272 (Vibrant Orange) - IRONSKY.PL Sklep z Dronami<\/title>\n<meta name=\"description\" content=\"Pasek na rami\u0119 PGYTECH Air Strap P-CB-272 (Vibrant Orange) - \u2705 sklep z dronami i fachowym doradztwem. \u2705 Tutaj kupisz produkty DJI, Yuneec, Parrot, Syma i wiele innych, a tak\u017ce kursy i licencje na operatora drona.\" \/>\n<meta name=\"robots\" content=\"index, follow, max-snippet:-1, max-image-preview:large, max-video-preview:-1\" \/>\n<link rel=\"canonical\" href=\"https:\/\/ironsky.pl\/sklep\/produkt\/pasek-na-ramie-pgytech-air-strap-p-cb-272-vibrant-orange\/\" \/>\n<meta property=\"og:locale\" content=\"pl_PL\" \/>\n<meta property=\"og:type\" content=\"article\" \/>\n<meta property=\"og:title\" content=\"Pasek na rami\u0119 PGYTECH Air Strap P-CB-272 (Vibrant Orange) - IRONSKY.PL Sklep z Dronami\" \/>\n<meta property=\"og:description\" content=\"Pasek na rami\u0119 PGYTECH Air Strap P-CB-272 (Vibrant Orange) - \u2705 sklep z dronami i fachowym doradztwem. \u2705 Tutaj kupisz produkty DJI, Yuneec, Parrot, Syma i wiele innych, a tak\u017ce kursy i licencje na operatora drona.\" \/>\n<meta property=\"og:url\" content=\"https:\/\/ironsky.pl\/sklep\/produkt\/pasek-na-ramie-pgytech-air-strap-p-cb-272-vibrant-orange\/\" \/>\n<meta property=\"og:site_name\" content=\"IRONSKY.PL Sklep z Dronami\" \/>\n<meta property=\"article:modified_time\" content=\"2026-03-05T14:53:02+00:00\" \/>\n<meta property=\"og:image\" content=\"https:\/\/ironsky.pl\/sklep\/wp-content\/uploads\/2024\/09\/45874_1.jpg\" \/>\n\t<meta property=\"og:image:width\" content=\"800\" \/>\n\t<meta property=\"og:image:height\" content=\"800\" \/>\n\t<meta property=\"og:image:type\" content=\"image\/jpeg\" \/>\n<meta name=\"twitter:card\" content=\"summary_large_image\" \/>\n<meta name=\"twitter:label1\" content=\"Szacowany czas czytania\" \/>\n\t<meta name=\"twitter:data1\" content=\"1 minuta\" \/>\n<script type=\"application\/ld+json\" class=\"yoast-schema-graph\">{\"@context\":\"https:\/\/schema.org\",\"@graph\":[{\"@type\":\"WebPage\",\"@id\":\"https:\/\/ironsky.pl\/sklep\/produkt\/pasek-na-ramie-pgytech-air-strap-p-cb-272-vibrant-orange\/\",\"url\":\"https:\/\/ironsky.pl\/sklep\/produkt\/pasek-na-ramie-pgytech-air-strap-p-cb-272-vibrant-orange\/\",\"name\":\"Pasek na rami\u0119 PGYTECH Air Strap P-CB-272 (Vibrant Orange) - IRONSKY.PL Sklep z Dronami\",\"isPartOf\":{\"@id\":\"https:\/\/ironsky.pl\/sklep\/#website\"},\"primaryImageOfPage\":{\"@id\":\"https:\/\/ironsky.pl\/sklep\/produkt\/pasek-na-ramie-pgytech-air-strap-p-cb-272-vibrant-orange\/#primaryimage\"},\"image\":{\"@id\":\"https:\/\/ironsky.pl\/sklep\/produkt\/pasek-na-ramie-pgytech-air-strap-p-cb-272-vibrant-orange\/#primaryimage\"},\"thumbnailUrl\":\"https:\/\/ironsky.pl\/sklep\/wp-content\/uploads\/2024\/09\/45874_1.jpg\",\"datePublished\":\"2024-09-16T17:52:32+00:00\",\"dateModified\":\"2026-03-05T14:53:02+00:00\",\"description\":\"Pasek na rami\u0119 PGYTECH Air Strap P-CB-272 (Vibrant Orange) - \u2705 sklep z dronami i fachowym doradztwem. \u2705 Tutaj kupisz produkty DJI, Yuneec, Parrot, Syma i wiele innych, a tak\u017ce kursy i licencje na operatora drona.\",\"breadcrumb\":{\"@id\":\"https:\/\/ironsky.pl\/sklep\/produkt\/pasek-na-ramie-pgytech-air-strap-p-cb-272-vibrant-orange\/#breadcrumb\"},\"inLanguage\":\"pl-PL\",\"potentialAction\":[{\"@type\":\"ReadAction\",\"target\":[\"https:\/\/ironsky.pl\/sklep\/produkt\/pasek-na-ramie-pgytech-air-strap-p-cb-272-vibrant-orange\/\"]}]},{\"@type\":\"ImageObject\",\"inLanguage\":\"pl-PL\",\"@id\":\"https:\/\/ironsky.pl\/sklep\/produkt\/pasek-na-ramie-pgytech-air-strap-p-cb-272-vibrant-orange\/#primaryimage\",\"url\":\"https:\/\/ironsky.pl\/sklep\/wp-content\/uploads\/2024\/09\/45874_1.jpg\",\"contentUrl\":\"https:\/\/ironsky.pl\/sklep\/wp-content\/uploads\/2024\/09\/45874_1.jpg\",\"width\":800,\"height\":800},{\"@type\":\"BreadcrumbList\",\"@id\":\"https:\/\/ironsky.pl\/sklep\/produkt\/pasek-na-ramie-pgytech-air-strap-p-cb-272-vibrant-orange\/#breadcrumb\",\"itemListElement\":[{\"@type\":\"ListItem\",\"position\":1,\"name\":\"Strona g\u0142\u00f3wna\",\"item\":\"https:\/\/ironsky.pl\/sklep\/\"},{\"@type\":\"ListItem\",\"position\":2,\"name\":\"Wszystkie produkty\",\"item\":\"https:\/\/ironsky.pl\/sklep\/produkty\/\"},{\"@type\":\"ListItem\",\"position\":3,\"name\":\"Pasek na rami\u0119 PGYTECH Air Strap P-CB-272 (Vibrant Orange)\"}]},{\"@type\":\"WebSite\",\"@id\":\"https:\/\/ironsky.pl\/sklep\/#website\",\"url\":\"https:\/\/ironsky.pl\/sklep\/\",\"name\":\"IRONSKY.PL Sklep z Dronami\",\"description\":\"IRONSKY.PL Sklep z Dronami\",\"potentialAction\":[{\"@type\":\"SearchAction\",\"target\":{\"@type\":\"EntryPoint\",\"urlTemplate\":\"https:\/\/ironsky.pl\/sklep\/?s={search_term_string}\"},\"query-input\":{\"@type\":\"PropertyValueSpecification\",\"valueRequired\":true,\"valueName\":\"search_term_string\"}}],\"inLanguage\":\"pl-PL\"}]}<\/script>\n<!-- \/ Yoast SEO plugin. -->","yoast_head_json":{"title":"Pasek na rami\u0119 PGYTECH Air Strap P-CB-272 (Vibrant Orange) - IRONSKY.PL Sklep z Dronami","description":"Pasek na rami\u0119 PGYTECH Air Strap P-CB-272 (Vibrant Orange) - \u2705 sklep z dronami i fachowym doradztwem. \u2705 Tutaj kupisz produkty DJI, Yuneec, Parrot, Syma i wiele innych, a tak\u017ce kursy i licencje na operatora drona.","robots":{"index":"index","follow":"follow","max-snippet":"max-snippet:-1","max-image-preview":"max-image-preview:large","max-video-preview":"max-video-preview:-1"},"canonical":"https:\/\/ironsky.pl\/sklep\/produkt\/pasek-na-ramie-pgytech-air-strap-p-cb-272-vibrant-orange\/","og_locale":"pl_PL","og_type":"article","og_title":"Pasek na rami\u0119 PGYTECH Air Strap P-CB-272 (Vibrant Orange) - IRONSKY.PL Sklep z Dronami","og_description":"Pasek na rami\u0119 PGYTECH Air Strap P-CB-272 (Vibrant Orange) - \u2705 sklep z dronami i fachowym doradztwem. \u2705 Tutaj kupisz produkty DJI, Yuneec, Parrot, Syma i wiele innych, a tak\u017ce kursy i licencje na operatora drona.","og_url":"https:\/\/ironsky.pl\/sklep\/produkt\/pasek-na-ramie-pgytech-air-strap-p-cb-272-vibrant-orange\/","og_site_name":"IRONSKY.PL Sklep z Dronami","article_modified_time":"2026-03-05T14:53:02+00:00","og_image":[{"width":800,"height":800,"url":"https:\/\/ironsky.pl\/sklep\/wp-content\/uploads\/2024\/09\/45874_1.jpg","type":"image\/jpeg"}],"twitter_card":"summary_large_image","twitter_misc":{"Szacowany czas czytania":"1 minuta"},"schema":{"@context":"https:\/\/schema.org","@graph":[{"@type":"WebPage","@id":"https:\/\/ironsky.pl\/sklep\/produkt\/pasek-na-ramie-pgytech-air-strap-p-cb-272-vibrant-orange\/","url":"https:\/\/ironsky.pl\/sklep\/produkt\/pasek-na-ramie-pgytech-air-strap-p-cb-272-vibrant-orange\/","name":"Pasek na rami\u0119 PGYTECH Air Strap P-CB-272 (Vibrant Orange) - IRONSKY.PL Sklep z Dronami","isPartOf":{"@id":"https:\/\/ironsky.pl\/sklep\/#website"},"primaryImageOfPage":{"@id":"https:\/\/ironsky.pl\/sklep\/produkt\/pasek-na-ramie-pgytech-air-strap-p-cb-272-vibrant-orange\/#primaryimage"},"image":{"@id":"https:\/\/ironsky.pl\/sklep\/produkt\/pasek-na-ramie-pgytech-air-strap-p-cb-272-vibrant-orange\/#primaryimage"},"thumbnailUrl":"https:\/\/ironsky.pl\/sklep\/wp-content\/uploads\/2024\/09\/45874_1.jpg","datePublished":"2024-09-16T17:52:32+00:00","dateModified":"2026-03-05T14:53:02+00:00","description":"Pasek na rami\u0119 PGYTECH Air Strap P-CB-272 (Vibrant Orange) - \u2705 sklep z dronami i fachowym doradztwem. \u2705 Tutaj kupisz produkty DJI, Yuneec, Parrot, Syma i wiele innych, a tak\u017ce kursy i licencje na operatora drona.","breadcrumb":{"@id":"https:\/\/ironsky.pl\/sklep\/produkt\/pasek-na-ramie-pgytech-air-strap-p-cb-272-vibrant-orange\/#breadcrumb"},"inLanguage":"pl-PL","potentialAction":[{"@type":"ReadAction","target":["https:\/\/ironsky.pl\/sklep\/produkt\/pasek-na-ramie-pgytech-air-strap-p-cb-272-vibrant-orange\/"]}]},{"@type":"ImageObject","inLanguage":"pl-PL","@id":"https:\/\/ironsky.pl\/sklep\/produkt\/pasek-na-ramie-pgytech-air-strap-p-cb-272-vibrant-orange\/#primaryimage","url":"https:\/\/ironsky.pl\/sklep\/wp-content\/uploads\/2024\/09\/45874_1.jpg","contentUrl":"https:\/\/ironsky.pl\/sklep\/wp-content\/uploads\/2024\/09\/45874_1.jpg","width":800,"height":800},{"@type":"BreadcrumbList","@id":"https:\/\/ironsky.pl\/sklep\/produkt\/pasek-na-ramie-pgytech-air-strap-p-cb-272-vibrant-orange\/#breadcrumb","itemListElement":[{"@type":"ListItem","position":1,"name":"Strona g\u0142\u00f3wna","item":"https:\/\/ironsky.pl\/sklep\/"},{"@type":"ListItem","position":2,"name":"Wszystkie produkty","item":"https:\/\/ironsky.pl\/sklep\/produkty\/"},{"@type":"ListItem","position":3,"name":"Pasek na rami\u0119 PGYTECH Air Strap P-CB-272 (Vibrant Orange)"}]},{"@type":"WebSite","@id":"https:\/\/ironsky.pl\/sklep\/#website","url":"https:\/\/ironsky.pl\/sklep\/","name":"IRONSKY.PL Sklep z Dronami","description":"IRONSKY.PL Sklep z Dronami","potentialAction":[{"@type":"SearchAction","target":{"@type":"EntryPoint","urlTemplate":"https:\/\/ironsky.pl\/sklep\/?s={search_term_string}"},"query-input":{"@type":"PropertyValueSpecification","valueRequired":true,"valueName":"search_term_string"}}],"inLanguage":"pl-PL"}]}},"_links":{"self":[{"href":"https:\/\/ironsky.pl\/sklep\/wp-json\/wp\/v2\/product\/27312","targetHints":{"allow":["GET"]}}],"collection":[{"href":"https:\/\/ironsky.pl\/sklep\/wp-json\/wp\/v2\/product"}],"about":[{"href":"https:\/\/ironsky.pl\/sklep\/wp-json\/wp\/v2\/types\/product"}],"replies":[{"embeddable":true,"href":"https:\/\/ironsky.pl\/sklep\/wp-json\/wp\/v2\/comments?post=27312"}],"wp:featuredmedia":[{"embeddable":true,"href":"https:\/\/ironsky.pl\/sklep\/wp-json\/wp\/v2\/media\/27313"}],"wp:attachment":[{"href":"https:\/\/ironsky.pl\/sklep\/wp-json\/wp\/v2\/media?parent=27312"}],"wp:term":[{"taxonomy":"product_brand","embeddable":true,"href":"https:\/\/ironsky.pl\/sklep\/wp-json\/wp\/v2\/product_brand?post=27312"},{"taxonomy":"product_cat","embeddable":true,"href":"https:\/\/ironsky.pl\/sklep\/wp-json\/wp\/v2\/product_cat?post=27312"},{"taxonomy":"product_tag","embeddable":true,"href":"https:\/\/ironsky.pl\/sklep\/wp-json\/wp\/v2\/product_tag?post=27312"}],"curies":[{"name":"wp","href":"https:\/\/api.w.org\/{rel}","templated":true}]}}