{"id":27179,"date":"2024-09-16T19:49:32","date_gmt":"2024-09-16T17:49:32","guid":{"rendered":"http:\/\/gvshalph.pro-linuxpl.com\/ironskyprodukty\/produkt\/redukcja-do-filtrow-z-oslona-freewell-seria-v2-72mm\/"},"modified":"2026-03-05T15:52:57","modified_gmt":"2026-03-05T14:52:57","slug":"redukcja-do-filtrow-z-oslona-freewell-seria-v2-72mm","status":"publish","type":"product","link":"https:\/\/ironsky.pl\/sklep\/produkt\/redukcja-do-filtrow-z-oslona-freewell-seria-v2-72mm\/","title":{"rendered":"Redukcja do filtr\u00f3w z os\u0142on\u0105 Freewell Seria V2 72mm"},"content":{"rendered":"<h3><strong>Redukcja do filtr\u00f3w Freewell Seria V2 72 mm<\/strong><\/h3>\n<p>Przedstawiamy redukcj\u0119 do filtr\u00f3w Freewell, zaprojektowan\u0105 z my\u015bl\u0105 o entuzjastach fotografii, kt\u00f3rzy ceni\u0105 sobie \u0142atwo\u015b\u0107 u\u017cycia i niezawodno\u015b\u0107. Teraz z \u0142atwo\u015bci\u0105 zaadaptujesz filtr do swojego sprz\u0119tu fotograficznego, ciesz\u0105c si\u0119 p\u0142ynno\u015bci\u0105 pracy. Zestaw zawiera te\u017c os\u0142on\u0119.<\/p>\n<p>\n<img decoding=\"async\" src=\"https:\/\/assets.innpro.pl\/7609\/8850\/3.jpg\" border=\"0\" \/>\n<\/p>\n<h3><strong>Magnetyczny system mocowania<\/strong><\/h3>\n<p>Odkryj prostot\u0119 i szybko\u015b\u0107 mocowania dzi\u0119ki zastosowaniu magnes\u00f3w. Mo\u017cesz b\u0142yskawicznie dopasowa\u0107 redukcj\u0119 do tylnej strony filtra lub bezpo\u015brednio do pier\u015bcienia bazowego. Ten intuicyjny system nie tylko przyspiesza przygotowanie sprz\u0119tu do pracy, ale tak\u017ce gwarantuje, \u017ce filtr pozostanie stabilnie i bezpiecznie zamocowany.<\/p>\n<p>\n<img decoding=\"async\" src=\"https:\/\/assets.innpro.pl\/7609\/8850\/1.jpg\" border=\"0\" \/>\n<\/p>\n<h3><strong>Wszechstronne zastosowanie<\/strong><\/h3>\n<p>Dzi\u0119ki \u015brednicy 72 mm redukcja jest kompatybilna z szerokim zakresem filtr\u00f3w VND, co czyni j\u0105 niezast\u0105pionym elementem wyposa\u017cenia ka\u017cdego fotografa. Niezale\u017cnie od tego, czy zajmujesz si\u0119 fotografi\u0105 krajobrazow\u0105, portretow\u0105 czy uliczn\u0105, ten produkt u\u0142atwi Ci prac\u0119.<\/p>\n<p>\n<img decoding=\"async\" src=\"https:\/\/assets.innpro.pl\/7609\/8850\/2.jpg\" border=\"0\" \/>\n<\/p>\n<h3>W zestawie<\/h3>\n<p>Redukcja 72 mm<\/p>\n<p>Os\u0142ona<\/p>\n<div class=\"table-wrapper\">\n<p>\u00a0<\/p>\n<h3><\/h3>\n<table>\n<tbody>\n<tr>\n<th>Producent <\/th>\n<td>Freewell<\/td>\n<\/tr>\n<tr>\n<th>Kod producenta <\/th>\n<td>FW-V2-SU72<\/td>\n<\/tr>\n<tr>\n<th>Nazwa <\/th>\n<td>Redukcja do filtr\u00f3w Freewell<\/td>\n<\/tr>\n<\/tbody>\n<\/table>\n<\/div>\n","protected":false},"excerpt":{"rendered":"<p>Redukcja do filtr\u00f3w Freewell Seria V2 72 mm Przedstawiamy redukcj\u0119 do filtr\u00f3w Freewell, zaprojektowan\u0105 z my\u015bl\u0105 o entuzjastach fotografii, kt\u00f3rzy<\/p>\n","protected":false},"featured_media":27180,"comment_status":"closed","ping_status":"open","template":"","meta":{"_acf_changed":false},"product_brand":[],"product_cat":[1132,1133,1128],"product_tag":[],"class_list":{"0":"post-27179","1":"product","2":"type-product","3":"status-publish","4":"has-post-thumbnail","6":"product_cat-filtry-foto","7":"product_cat-do-lustrzanek","8":"product_cat-foto-wideo","9":"pa_box-height-2929","10":"pa_box-length-4774","11":"pa_box-width-1325","12":"pa_gross-weight-4840","13":"pa_net-weight-4380","14":"pa_obiektyw-mm-4639","15":"pa_zestaw-nie","17":"first","18":"outofstock","19":"taxable","20":"shipping-taxable","21":"purchasable","22":"product-type-simple"},"acf":[],"yoast_head":"<!-- This site is optimized with the Yoast SEO plugin v27.2 - https:\/\/yoast.com\/product\/yoast-seo-wordpress\/ -->\n<title>Redukcja do filtr\u00f3w z os\u0142on\u0105 Freewell Seria V2 72mm - IRONSKY.PL Sklep z Dronami<\/title>\n<meta name=\"description\" content=\"Redukcja do filtr\u00f3w z os\u0142on\u0105 Freewell Seria V2 72mm - \u2705 sklep z dronami i fachowym doradztwem. \u2705 Tutaj kupisz produkty DJI, Yuneec, Parrot, Syma i wiele innych, a tak\u017ce kursy i licencje na operatora drona.\" \/>\n<meta name=\"robots\" content=\"index, follow, max-snippet:-1, max-image-preview:large, max-video-preview:-1\" \/>\n<link rel=\"canonical\" href=\"https:\/\/ironsky.pl\/sklep\/produkt\/redukcja-do-filtrow-z-oslona-freewell-seria-v2-72mm\/\" \/>\n<meta property=\"og:locale\" content=\"pl_PL\" \/>\n<meta property=\"og:type\" content=\"article\" \/>\n<meta property=\"og:title\" content=\"Redukcja do filtr\u00f3w z os\u0142on\u0105 Freewell Seria V2 72mm - IRONSKY.PL Sklep z Dronami\" \/>\n<meta property=\"og:description\" content=\"Redukcja do filtr\u00f3w z os\u0142on\u0105 Freewell Seria V2 72mm - \u2705 sklep z dronami i fachowym doradztwem. \u2705 Tutaj kupisz produkty DJI, Yuneec, Parrot, Syma i wiele innych, a tak\u017ce kursy i licencje na operatora drona.\" \/>\n<meta property=\"og:url\" content=\"https:\/\/ironsky.pl\/sklep\/produkt\/redukcja-do-filtrow-z-oslona-freewell-seria-v2-72mm\/\" \/>\n<meta property=\"og:site_name\" content=\"IRONSKY.PL Sklep z Dronami\" \/>\n<meta property=\"article:modified_time\" content=\"2026-03-05T14:52:57+00:00\" \/>\n<meta property=\"og:image\" content=\"https:\/\/ironsky.pl\/sklep\/wp-content\/uploads\/2024\/09\/45086_1.jpg\" \/>\n\t<meta property=\"og:image:width\" content=\"800\" \/>\n\t<meta property=\"og:image:height\" content=\"800\" \/>\n\t<meta property=\"og:image:type\" content=\"image\/jpeg\" \/>\n<meta name=\"twitter:card\" content=\"summary_large_image\" \/>\n<meta name=\"twitter:label1\" content=\"Szacowany czas czytania\" \/>\n\t<meta name=\"twitter:data1\" content=\"1 minuta\" \/>\n<script type=\"application\/ld+json\" class=\"yoast-schema-graph\">{\"@context\":\"https:\/\/schema.org\",\"@graph\":[{\"@type\":\"WebPage\",\"@id\":\"https:\/\/ironsky.pl\/sklep\/produkt\/redukcja-do-filtrow-z-oslona-freewell-seria-v2-72mm\/\",\"url\":\"https:\/\/ironsky.pl\/sklep\/produkt\/redukcja-do-filtrow-z-oslona-freewell-seria-v2-72mm\/\",\"name\":\"Redukcja do filtr\u00f3w z os\u0142on\u0105 Freewell Seria V2 72mm - IRONSKY.PL Sklep z Dronami\",\"isPartOf\":{\"@id\":\"https:\/\/ironsky.pl\/sklep\/#website\"},\"primaryImageOfPage\":{\"@id\":\"https:\/\/ironsky.pl\/sklep\/produkt\/redukcja-do-filtrow-z-oslona-freewell-seria-v2-72mm\/#primaryimage\"},\"image\":{\"@id\":\"https:\/\/ironsky.pl\/sklep\/produkt\/redukcja-do-filtrow-z-oslona-freewell-seria-v2-72mm\/#primaryimage\"},\"thumbnailUrl\":\"https:\/\/ironsky.pl\/sklep\/wp-content\/uploads\/2024\/09\/45086_1.jpg\",\"datePublished\":\"2024-09-16T17:49:32+00:00\",\"dateModified\":\"2026-03-05T14:52:57+00:00\",\"description\":\"Redukcja do filtr\u00f3w z os\u0142on\u0105 Freewell Seria V2 72mm - \u2705 sklep z dronami i fachowym doradztwem. \u2705 Tutaj kupisz produkty DJI, Yuneec, Parrot, Syma i wiele innych, a tak\u017ce kursy i licencje na operatora drona.\",\"breadcrumb\":{\"@id\":\"https:\/\/ironsky.pl\/sklep\/produkt\/redukcja-do-filtrow-z-oslona-freewell-seria-v2-72mm\/#breadcrumb\"},\"inLanguage\":\"pl-PL\",\"potentialAction\":[{\"@type\":\"ReadAction\",\"target\":[\"https:\/\/ironsky.pl\/sklep\/produkt\/redukcja-do-filtrow-z-oslona-freewell-seria-v2-72mm\/\"]}]},{\"@type\":\"ImageObject\",\"inLanguage\":\"pl-PL\",\"@id\":\"https:\/\/ironsky.pl\/sklep\/produkt\/redukcja-do-filtrow-z-oslona-freewell-seria-v2-72mm\/#primaryimage\",\"url\":\"https:\/\/ironsky.pl\/sklep\/wp-content\/uploads\/2024\/09\/45086_1.jpg\",\"contentUrl\":\"https:\/\/ironsky.pl\/sklep\/wp-content\/uploads\/2024\/09\/45086_1.jpg\",\"width\":800,\"height\":800},{\"@type\":\"BreadcrumbList\",\"@id\":\"https:\/\/ironsky.pl\/sklep\/produkt\/redukcja-do-filtrow-z-oslona-freewell-seria-v2-72mm\/#breadcrumb\",\"itemListElement\":[{\"@type\":\"ListItem\",\"position\":1,\"name\":\"Strona g\u0142\u00f3wna\",\"item\":\"https:\/\/ironsky.pl\/sklep\/\"},{\"@type\":\"ListItem\",\"position\":2,\"name\":\"Wszystkie produkty\",\"item\":\"https:\/\/ironsky.pl\/sklep\/produkty\/\"},{\"@type\":\"ListItem\",\"position\":3,\"name\":\"Redukcja do filtr\u00f3w z os\u0142on\u0105 Freewell Seria V2 72mm\"}]},{\"@type\":\"WebSite\",\"@id\":\"https:\/\/ironsky.pl\/sklep\/#website\",\"url\":\"https:\/\/ironsky.pl\/sklep\/\",\"name\":\"IRONSKY.PL Sklep z Dronami\",\"description\":\"IRONSKY.PL Sklep z Dronami\",\"potentialAction\":[{\"@type\":\"SearchAction\",\"target\":{\"@type\":\"EntryPoint\",\"urlTemplate\":\"https:\/\/ironsky.pl\/sklep\/?s={search_term_string}\"},\"query-input\":{\"@type\":\"PropertyValueSpecification\",\"valueRequired\":true,\"valueName\":\"search_term_string\"}}],\"inLanguage\":\"pl-PL\"}]}<\/script>\n<!-- \/ Yoast SEO plugin. -->","yoast_head_json":{"title":"Redukcja do filtr\u00f3w z os\u0142on\u0105 Freewell Seria V2 72mm - IRONSKY.PL Sklep z Dronami","description":"Redukcja do filtr\u00f3w z os\u0142on\u0105 Freewell Seria V2 72mm - \u2705 sklep z dronami i fachowym doradztwem. \u2705 Tutaj kupisz produkty DJI, Yuneec, Parrot, Syma i wiele innych, a tak\u017ce kursy i licencje na operatora drona.","robots":{"index":"index","follow":"follow","max-snippet":"max-snippet:-1","max-image-preview":"max-image-preview:large","max-video-preview":"max-video-preview:-1"},"canonical":"https:\/\/ironsky.pl\/sklep\/produkt\/redukcja-do-filtrow-z-oslona-freewell-seria-v2-72mm\/","og_locale":"pl_PL","og_type":"article","og_title":"Redukcja do filtr\u00f3w z os\u0142on\u0105 Freewell Seria V2 72mm - IRONSKY.PL Sklep z Dronami","og_description":"Redukcja do filtr\u00f3w z os\u0142on\u0105 Freewell Seria V2 72mm - \u2705 sklep z dronami i fachowym doradztwem. \u2705 Tutaj kupisz produkty DJI, Yuneec, Parrot, Syma i wiele innych, a tak\u017ce kursy i licencje na operatora drona.","og_url":"https:\/\/ironsky.pl\/sklep\/produkt\/redukcja-do-filtrow-z-oslona-freewell-seria-v2-72mm\/","og_site_name":"IRONSKY.PL Sklep z Dronami","article_modified_time":"2026-03-05T14:52:57+00:00","og_image":[{"width":800,"height":800,"url":"https:\/\/ironsky.pl\/sklep\/wp-content\/uploads\/2024\/09\/45086_1.jpg","type":"image\/jpeg"}],"twitter_card":"summary_large_image","twitter_misc":{"Szacowany czas czytania":"1 minuta"},"schema":{"@context":"https:\/\/schema.org","@graph":[{"@type":"WebPage","@id":"https:\/\/ironsky.pl\/sklep\/produkt\/redukcja-do-filtrow-z-oslona-freewell-seria-v2-72mm\/","url":"https:\/\/ironsky.pl\/sklep\/produkt\/redukcja-do-filtrow-z-oslona-freewell-seria-v2-72mm\/","name":"Redukcja do filtr\u00f3w z os\u0142on\u0105 Freewell Seria V2 72mm - IRONSKY.PL Sklep z Dronami","isPartOf":{"@id":"https:\/\/ironsky.pl\/sklep\/#website"},"primaryImageOfPage":{"@id":"https:\/\/ironsky.pl\/sklep\/produkt\/redukcja-do-filtrow-z-oslona-freewell-seria-v2-72mm\/#primaryimage"},"image":{"@id":"https:\/\/ironsky.pl\/sklep\/produkt\/redukcja-do-filtrow-z-oslona-freewell-seria-v2-72mm\/#primaryimage"},"thumbnailUrl":"https:\/\/ironsky.pl\/sklep\/wp-content\/uploads\/2024\/09\/45086_1.jpg","datePublished":"2024-09-16T17:49:32+00:00","dateModified":"2026-03-05T14:52:57+00:00","description":"Redukcja do filtr\u00f3w z os\u0142on\u0105 Freewell Seria V2 72mm - \u2705 sklep z dronami i fachowym doradztwem. \u2705 Tutaj kupisz produkty DJI, Yuneec, Parrot, Syma i wiele innych, a tak\u017ce kursy i licencje na operatora drona.","breadcrumb":{"@id":"https:\/\/ironsky.pl\/sklep\/produkt\/redukcja-do-filtrow-z-oslona-freewell-seria-v2-72mm\/#breadcrumb"},"inLanguage":"pl-PL","potentialAction":[{"@type":"ReadAction","target":["https:\/\/ironsky.pl\/sklep\/produkt\/redukcja-do-filtrow-z-oslona-freewell-seria-v2-72mm\/"]}]},{"@type":"ImageObject","inLanguage":"pl-PL","@id":"https:\/\/ironsky.pl\/sklep\/produkt\/redukcja-do-filtrow-z-oslona-freewell-seria-v2-72mm\/#primaryimage","url":"https:\/\/ironsky.pl\/sklep\/wp-content\/uploads\/2024\/09\/45086_1.jpg","contentUrl":"https:\/\/ironsky.pl\/sklep\/wp-content\/uploads\/2024\/09\/45086_1.jpg","width":800,"height":800},{"@type":"BreadcrumbList","@id":"https:\/\/ironsky.pl\/sklep\/produkt\/redukcja-do-filtrow-z-oslona-freewell-seria-v2-72mm\/#breadcrumb","itemListElement":[{"@type":"ListItem","position":1,"name":"Strona g\u0142\u00f3wna","item":"https:\/\/ironsky.pl\/sklep\/"},{"@type":"ListItem","position":2,"name":"Wszystkie produkty","item":"https:\/\/ironsky.pl\/sklep\/produkty\/"},{"@type":"ListItem","position":3,"name":"Redukcja do filtr\u00f3w z os\u0142on\u0105 Freewell Seria V2 72mm"}]},{"@type":"WebSite","@id":"https:\/\/ironsky.pl\/sklep\/#website","url":"https:\/\/ironsky.pl\/sklep\/","name":"IRONSKY.PL Sklep z Dronami","description":"IRONSKY.PL Sklep z Dronami","potentialAction":[{"@type":"SearchAction","target":{"@type":"EntryPoint","urlTemplate":"https:\/\/ironsky.pl\/sklep\/?s={search_term_string}"},"query-input":{"@type":"PropertyValueSpecification","valueRequired":true,"valueName":"search_term_string"}}],"inLanguage":"pl-PL"}]}},"_links":{"self":[{"href":"https:\/\/ironsky.pl\/sklep\/wp-json\/wp\/v2\/product\/27179","targetHints":{"allow":["GET"]}}],"collection":[{"href":"https:\/\/ironsky.pl\/sklep\/wp-json\/wp\/v2\/product"}],"about":[{"href":"https:\/\/ironsky.pl\/sklep\/wp-json\/wp\/v2\/types\/product"}],"replies":[{"embeddable":true,"href":"https:\/\/ironsky.pl\/sklep\/wp-json\/wp\/v2\/comments?post=27179"}],"wp:featuredmedia":[{"embeddable":true,"href":"https:\/\/ironsky.pl\/sklep\/wp-json\/wp\/v2\/media\/27180"}],"wp:attachment":[{"href":"https:\/\/ironsky.pl\/sklep\/wp-json\/wp\/v2\/media?parent=27179"}],"wp:term":[{"taxonomy":"product_brand","embeddable":true,"href":"https:\/\/ironsky.pl\/sklep\/wp-json\/wp\/v2\/product_brand?post=27179"},{"taxonomy":"product_cat","embeddable":true,"href":"https:\/\/ironsky.pl\/sklep\/wp-json\/wp\/v2\/product_cat?post=27179"},{"taxonomy":"product_tag","embeddable":true,"href":"https:\/\/ironsky.pl\/sklep\/wp-json\/wp\/v2\/product_tag?post=27179"}],"curies":[{"name":"wp","href":"https:\/\/api.w.org\/{rel}","templated":true}]}}