{"id":27164,"date":"2024-09-16T19:49:32","date_gmt":"2024-09-16T17:49:32","guid":{"rendered":"http:\/\/gvshalph.pro-linuxpl.com\/ironskyprodukty\/produkt\/obiektyw-do-telefonu-100x-apexel-apl-ms100\/"},"modified":"2026-03-05T15:52:57","modified_gmt":"2026-03-05T14:52:57","slug":"obiektyw-do-telefonu-100x-apexel-apl-ms100","status":"publish","type":"product","link":"https:\/\/ironsky.pl\/sklep\/produkt\/obiektyw-do-telefonu-100x-apexel-apl-ms100\/","title":{"rendered":"Obiektyw do telefonu 100x APEXEL APL-MS100"},"content":{"rendered":"<h3>Obiektyw do telefonu 100x APEXEL APL-MS100<\/h3>\n<p>Apexel APL-MS100 to zaawansowany obiektyw do smartfon\u00f3w, kt\u00f3ry oferuje imponuj\u0105ce przybli\u017cenie do 100x. Dzi\u0119ki niemu mo\u017cesz robi\u0107 wyj\u0105tkowe zdj\u0119cia i eksplorowa\u0107 otoczenie z niespotykan\u0105 dot\u0105d dok\u0142adno\u015bci\u0105. To idealne narz\u0119dzie do zastosowa\u0144 zar\u00f3wno hobbystycznych, jak i edukacyjnych!<\/p>\n<p>\n<img decoding=\"async\" src=\"https:\/\/assets.innpro.pl\/7737\/8987\/7.jpg\" border=\"0\" \/>\n<\/p>\n<h3>Pod\u015bwietlenie LED<\/h3>\n<p>Obiektyw wyposa\u017cony jest w 12 jasnych diod LED, kt\u00f3re zapewniaj\u0105 optymalne o\u015bwietlenie nawet w najbardziej wymagaj\u0105cych warunkach. U\u017cytkownik ma do wyboru 12 tryb\u00f3w o\u015bwietlenia, w tym r\u00f3\u017cne poziomy jasno\u015bci i temperatury barwowej, co pozwala na idealne dopasowanie \u015bwiat\u0142a do bie\u017c\u0105cych potrzeb. Ciekaw\u0105 opcj\u0105 jest r\u00f3wnie\u017c mo\u017cliwo\u015b\u0107 wyboru zakresu \u015bwiecenia \u2013 dost\u0119pne opcje to p\u00f3\u0142okr\u0105g i pe\u0142ny okr\u0105g. Pierwsza z nich nada Twoim zdj\u0119ciom oryginalny efekt 3D i podkre\u015bli szczeg\u00f3\u0142y, a druga zapewni wi\u0119ksz\u0105 jasno\u015b\u0107.<\/p>\n<p>\n<img decoding=\"async\" src=\"https:\/\/assets.innpro.pl\/7737\/8987\/5.jpg\" border=\"0\" \/>\n<\/p>\n<h3>\u015awiat\u0142o UV<\/h3>\n<p>Zintegrowane \u015bwiat\u0142o UV o d\u0142ugo\u015bci fali 395 nm umo\u017cliwia mi\u0119dzy innymi sprawdzanie autentyczno\u015bci banknot\u00f3w. Sze\u015b\u0107 diod UV sprawia, \u017ce ka\u017cdy szczeg\u00f3\u0142 jest doskonale widoczny. Dzi\u0119ki temu obiektyw Apexel okazuje si\u0119 wszechstronnym narz\u0119dziem do wielu zastosowa\u0144.<\/p>\n<p>\n<img decoding=\"async\" src=\"https:\/\/assets.innpro.pl\/7737\/8987\/4.jpg\" border=\"0\" \/>\n<\/p>\n<h3>Jeszcze wi\u0119cej udogodnie\u0144<\/h3>\n<p>Model APL-MS100 ma wbudowany filtr CPL, kt\u00f3ry skutecznie eliminuje odblaski, zapewniaj\u0105c szczeg\u00f3\u0142owy i wyra\u017any obraz. Co wi\u0119cej, innowacyjny mechanizm pozwala na precyzyjne dopasowanie obiektywu do kamery telefonu w zaledwie sekund\u0119, co znacznie u\u0142atwia prac\u0119. Teraz w mgnieniu oka przygotujesz si\u0119 do nagrywania! Obiektyw jest kompatybilny z wi\u0119kszo\u015bci\u0105 smartfon\u00f3w dost\u0119pnych na rynku \u2013 zar\u00f3wno z systemem Android, jak i iOS.<\/p>\n<p>\n<img decoding=\"async\" src=\"https:\/\/assets.innpro.pl\/7737\/8987\/2.jpg\" border=\"0\" \/>\n<\/p>\n<h3>Wysoka jako\u015b\u0107 wykonania i d\u0142ugi czas pracy<\/h3>\n<p>Akcesorium wyposa\u017cone jest w akumulator o pojemno\u015bci 100 mAh, kt\u00f3ry zapewnia oko\u0142o 2 godzin ci\u0105g\u0142ej pracy. Ponadto wysokiej jako\u015bci materia\u0142y u\u017cyte do produkcji obiektywu gwarantuj\u0105 jego trwa\u0142o\u015b\u0107 i odporno\u015b\u0107 na uszkodzenia, a kompaktowy rozmiar pozwala na \u0142atwe przenoszenie i u\u017cywanie w r\u00f3\u017cnych miejscach.<\/p>\n<p>\n<img decoding=\"async\" src=\"https:\/\/assets.innpro.pl\/7737\/8987\/3.jpg\" border=\"0\" \/>\n<\/p>\n<h3>Wiele zastosowa\u0144<\/h3>\n<p>Obiektyw oferuje nawet 100-krotne powi\u0119kszenie, dzi\u0119ki czemu mo\u017ce by\u0107 idealnym narz\u0119dziem nie tylko do robienia zdj\u0119\u0107, ale te\u017c do przeprowadzania obserwacji biologicznych czy chemicznych. Doskonale nadaje si\u0119 mi\u0119dzy innymi do analizy struktur ro\u015blinnych, minera\u0142\u00f3w, tkanin, a nawet do inspekcji element\u00f3w elektronicznych.<\/p>\n<p>\n<img decoding=\"async\" src=\"https:\/\/assets.innpro.pl\/7737\/8987\/6.jpg\" border=\"0\" \/>\n<\/p>\n<div class=\"table-wrapper\">\n<p>\u00a0<\/p>\n<h3><\/h3>\n<table>\n<tbody>\n<tr>\n<th>Producent<\/th>\n<td>Apexel<\/td>\n<\/tr>\n<tr>\n<th>Model<\/th>\n<td>APL-MS100<\/td>\n<\/tr>\n<tr>\n<th>Przybli\u017cenie<\/th>\n<td>Do 100x<\/td>\n<\/tr>\n<tr>\n<th>Wej\u015bcie<\/th>\n<td>5 V \/ 1 A<\/td>\n<\/tr>\n<tr>\n<th>Pojemno\u015b\u0107 akumulatora<\/th>\n<td>100 mAh<\/td>\n<\/tr>\n<tr>\n<th>Czas pracy<\/th>\n<td>Ok. 2 h<\/td>\n<\/tr>\n<\/tbody>\n<\/table>\n<\/div>\n","protected":false},"excerpt":{"rendered":"<p>Obiektyw do telefonu 100x APEXEL APL-MS100 Apexel APL-MS100 to zaawansowany obiektyw do smartfon\u00f3w, kt\u00f3ry oferuje imponuj\u0105ce przybli\u017cenie do 100x. Dzi\u0119ki<\/p>\n","protected":false},"featured_media":27165,"comment_status":"closed","ping_status":"open","template":"","meta":{"_acf_changed":false},"product_brand":[],"product_cat":[1130,1128,1168],"product_tag":[],"class_list":{"0":"post-27164","1":"product","2":"type-product","3":"status-publish","4":"has-post-thumbnail","6":"product_cat-akcesoria-foto","7":"product_cat-foto-wideo","8":"product_cat-obiektywy-do-telefonow","9":"pa_box-height-2226","10":"pa_box-length-2306","11":"pa_box-width-2759","12":"pa_gross-weight-2485","13":"pa_kompatybilnosc-uniwersalne","14":"pa_net-weight-3495","15":"pa_zestaw-nie","17":"first","18":"outofstock","19":"taxable","20":"shipping-taxable","21":"purchasable","22":"product-type-simple"},"acf":[],"yoast_head":"<!-- This site is optimized with the Yoast SEO plugin v27.2 - https:\/\/yoast.com\/product\/yoast-seo-wordpress\/ -->\n<title>Obiektyw do telefonu 100x APEXEL APL-MS100 - IRONSKY.PL Sklep z Dronami<\/title>\n<meta name=\"description\" content=\"Obiektyw do telefonu 100x APEXEL APL-MS100 - \u2705 sklep z dronami i fachowym doradztwem. \u2705 Tutaj kupisz produkty DJI, Yuneec, Parrot, Syma i wiele innych, a tak\u017ce kursy i licencje na operatora drona.\" \/>\n<meta name=\"robots\" content=\"index, follow, max-snippet:-1, max-image-preview:large, max-video-preview:-1\" \/>\n<link rel=\"canonical\" href=\"https:\/\/ironsky.pl\/sklep\/produkt\/obiektyw-do-telefonu-100x-apexel-apl-ms100\/\" \/>\n<meta property=\"og:locale\" content=\"pl_PL\" \/>\n<meta property=\"og:type\" content=\"article\" \/>\n<meta property=\"og:title\" content=\"Obiektyw do telefonu 100x APEXEL APL-MS100 - IRONSKY.PL Sklep z Dronami\" \/>\n<meta property=\"og:description\" content=\"Obiektyw do telefonu 100x APEXEL APL-MS100 - \u2705 sklep z dronami i fachowym doradztwem. \u2705 Tutaj kupisz produkty DJI, Yuneec, Parrot, Syma i wiele innych, a tak\u017ce kursy i licencje na operatora drona.\" \/>\n<meta property=\"og:url\" content=\"https:\/\/ironsky.pl\/sklep\/produkt\/obiektyw-do-telefonu-100x-apexel-apl-ms100\/\" \/>\n<meta property=\"og:site_name\" content=\"IRONSKY.PL Sklep z Dronami\" \/>\n<meta property=\"article:modified_time\" content=\"2026-03-05T14:52:57+00:00\" \/>\n<meta property=\"og:image\" content=\"https:\/\/ironsky.pl\/sklep\/wp-content\/uploads\/2024\/09\/45007_4.jpg\" \/>\n\t<meta property=\"og:image:width\" content=\"800\" \/>\n\t<meta property=\"og:image:height\" content=\"800\" \/>\n\t<meta property=\"og:image:type\" content=\"image\/jpeg\" \/>\n<meta name=\"twitter:card\" content=\"summary_large_image\" \/>\n<meta name=\"twitter:label1\" content=\"Szacowany czas czytania\" \/>\n\t<meta name=\"twitter:data1\" content=\"2 minuty\" \/>\n<script type=\"application\/ld+json\" class=\"yoast-schema-graph\">{\"@context\":\"https:\/\/schema.org\",\"@graph\":[{\"@type\":\"WebPage\",\"@id\":\"https:\/\/ironsky.pl\/sklep\/produkt\/obiektyw-do-telefonu-100x-apexel-apl-ms100\/\",\"url\":\"https:\/\/ironsky.pl\/sklep\/produkt\/obiektyw-do-telefonu-100x-apexel-apl-ms100\/\",\"name\":\"Obiektyw do telefonu 100x APEXEL APL-MS100 - IRONSKY.PL Sklep z Dronami\",\"isPartOf\":{\"@id\":\"https:\/\/ironsky.pl\/sklep\/#website\"},\"primaryImageOfPage\":{\"@id\":\"https:\/\/ironsky.pl\/sklep\/produkt\/obiektyw-do-telefonu-100x-apexel-apl-ms100\/#primaryimage\"},\"image\":{\"@id\":\"https:\/\/ironsky.pl\/sklep\/produkt\/obiektyw-do-telefonu-100x-apexel-apl-ms100\/#primaryimage\"},\"thumbnailUrl\":\"https:\/\/ironsky.pl\/sklep\/wp-content\/uploads\/2024\/09\/45007_4.jpg\",\"datePublished\":\"2024-09-16T17:49:32+00:00\",\"dateModified\":\"2026-03-05T14:52:57+00:00\",\"description\":\"Obiektyw do telefonu 100x APEXEL APL-MS100 - \u2705 sklep z dronami i fachowym doradztwem. \u2705 Tutaj kupisz produkty DJI, Yuneec, Parrot, Syma i wiele innych, a tak\u017ce kursy i licencje na operatora drona.\",\"breadcrumb\":{\"@id\":\"https:\/\/ironsky.pl\/sklep\/produkt\/obiektyw-do-telefonu-100x-apexel-apl-ms100\/#breadcrumb\"},\"inLanguage\":\"pl-PL\",\"potentialAction\":[{\"@type\":\"ReadAction\",\"target\":[\"https:\/\/ironsky.pl\/sklep\/produkt\/obiektyw-do-telefonu-100x-apexel-apl-ms100\/\"]}]},{\"@type\":\"ImageObject\",\"inLanguage\":\"pl-PL\",\"@id\":\"https:\/\/ironsky.pl\/sklep\/produkt\/obiektyw-do-telefonu-100x-apexel-apl-ms100\/#primaryimage\",\"url\":\"https:\/\/ironsky.pl\/sklep\/wp-content\/uploads\/2024\/09\/45007_4.jpg\",\"contentUrl\":\"https:\/\/ironsky.pl\/sklep\/wp-content\/uploads\/2024\/09\/45007_4.jpg\",\"width\":800,\"height\":800},{\"@type\":\"BreadcrumbList\",\"@id\":\"https:\/\/ironsky.pl\/sklep\/produkt\/obiektyw-do-telefonu-100x-apexel-apl-ms100\/#breadcrumb\",\"itemListElement\":[{\"@type\":\"ListItem\",\"position\":1,\"name\":\"Strona g\u0142\u00f3wna\",\"item\":\"https:\/\/ironsky.pl\/sklep\/\"},{\"@type\":\"ListItem\",\"position\":2,\"name\":\"Wszystkie produkty\",\"item\":\"https:\/\/ironsky.pl\/sklep\/produkty\/\"},{\"@type\":\"ListItem\",\"position\":3,\"name\":\"Obiektyw do telefonu 100x APEXEL APL-MS100\"}]},{\"@type\":\"WebSite\",\"@id\":\"https:\/\/ironsky.pl\/sklep\/#website\",\"url\":\"https:\/\/ironsky.pl\/sklep\/\",\"name\":\"IRONSKY.PL Sklep z Dronami\",\"description\":\"IRONSKY.PL Sklep z Dronami\",\"potentialAction\":[{\"@type\":\"SearchAction\",\"target\":{\"@type\":\"EntryPoint\",\"urlTemplate\":\"https:\/\/ironsky.pl\/sklep\/?s={search_term_string}\"},\"query-input\":{\"@type\":\"PropertyValueSpecification\",\"valueRequired\":true,\"valueName\":\"search_term_string\"}}],\"inLanguage\":\"pl-PL\"}]}<\/script>\n<!-- \/ Yoast SEO plugin. -->","yoast_head_json":{"title":"Obiektyw do telefonu 100x APEXEL APL-MS100 - IRONSKY.PL Sklep z Dronami","description":"Obiektyw do telefonu 100x APEXEL APL-MS100 - \u2705 sklep z dronami i fachowym doradztwem. \u2705 Tutaj kupisz produkty DJI, Yuneec, Parrot, Syma i wiele innych, a tak\u017ce kursy i licencje na operatora drona.","robots":{"index":"index","follow":"follow","max-snippet":"max-snippet:-1","max-image-preview":"max-image-preview:large","max-video-preview":"max-video-preview:-1"},"canonical":"https:\/\/ironsky.pl\/sklep\/produkt\/obiektyw-do-telefonu-100x-apexel-apl-ms100\/","og_locale":"pl_PL","og_type":"article","og_title":"Obiektyw do telefonu 100x APEXEL APL-MS100 - IRONSKY.PL Sklep z Dronami","og_description":"Obiektyw do telefonu 100x APEXEL APL-MS100 - \u2705 sklep z dronami i fachowym doradztwem. \u2705 Tutaj kupisz produkty DJI, Yuneec, Parrot, Syma i wiele innych, a tak\u017ce kursy i licencje na operatora drona.","og_url":"https:\/\/ironsky.pl\/sklep\/produkt\/obiektyw-do-telefonu-100x-apexel-apl-ms100\/","og_site_name":"IRONSKY.PL Sklep z Dronami","article_modified_time":"2026-03-05T14:52:57+00:00","og_image":[{"width":800,"height":800,"url":"https:\/\/ironsky.pl\/sklep\/wp-content\/uploads\/2024\/09\/45007_4.jpg","type":"image\/jpeg"}],"twitter_card":"summary_large_image","twitter_misc":{"Szacowany czas czytania":"2 minuty"},"schema":{"@context":"https:\/\/schema.org","@graph":[{"@type":"WebPage","@id":"https:\/\/ironsky.pl\/sklep\/produkt\/obiektyw-do-telefonu-100x-apexel-apl-ms100\/","url":"https:\/\/ironsky.pl\/sklep\/produkt\/obiektyw-do-telefonu-100x-apexel-apl-ms100\/","name":"Obiektyw do telefonu 100x APEXEL APL-MS100 - IRONSKY.PL Sklep z Dronami","isPartOf":{"@id":"https:\/\/ironsky.pl\/sklep\/#website"},"primaryImageOfPage":{"@id":"https:\/\/ironsky.pl\/sklep\/produkt\/obiektyw-do-telefonu-100x-apexel-apl-ms100\/#primaryimage"},"image":{"@id":"https:\/\/ironsky.pl\/sklep\/produkt\/obiektyw-do-telefonu-100x-apexel-apl-ms100\/#primaryimage"},"thumbnailUrl":"https:\/\/ironsky.pl\/sklep\/wp-content\/uploads\/2024\/09\/45007_4.jpg","datePublished":"2024-09-16T17:49:32+00:00","dateModified":"2026-03-05T14:52:57+00:00","description":"Obiektyw do telefonu 100x APEXEL APL-MS100 - \u2705 sklep z dronami i fachowym doradztwem. \u2705 Tutaj kupisz produkty DJI, Yuneec, Parrot, Syma i wiele innych, a tak\u017ce kursy i licencje na operatora drona.","breadcrumb":{"@id":"https:\/\/ironsky.pl\/sklep\/produkt\/obiektyw-do-telefonu-100x-apexel-apl-ms100\/#breadcrumb"},"inLanguage":"pl-PL","potentialAction":[{"@type":"ReadAction","target":["https:\/\/ironsky.pl\/sklep\/produkt\/obiektyw-do-telefonu-100x-apexel-apl-ms100\/"]}]},{"@type":"ImageObject","inLanguage":"pl-PL","@id":"https:\/\/ironsky.pl\/sklep\/produkt\/obiektyw-do-telefonu-100x-apexel-apl-ms100\/#primaryimage","url":"https:\/\/ironsky.pl\/sklep\/wp-content\/uploads\/2024\/09\/45007_4.jpg","contentUrl":"https:\/\/ironsky.pl\/sklep\/wp-content\/uploads\/2024\/09\/45007_4.jpg","width":800,"height":800},{"@type":"BreadcrumbList","@id":"https:\/\/ironsky.pl\/sklep\/produkt\/obiektyw-do-telefonu-100x-apexel-apl-ms100\/#breadcrumb","itemListElement":[{"@type":"ListItem","position":1,"name":"Strona g\u0142\u00f3wna","item":"https:\/\/ironsky.pl\/sklep\/"},{"@type":"ListItem","position":2,"name":"Wszystkie produkty","item":"https:\/\/ironsky.pl\/sklep\/produkty\/"},{"@type":"ListItem","position":3,"name":"Obiektyw do telefonu 100x APEXEL APL-MS100"}]},{"@type":"WebSite","@id":"https:\/\/ironsky.pl\/sklep\/#website","url":"https:\/\/ironsky.pl\/sklep\/","name":"IRONSKY.PL Sklep z Dronami","description":"IRONSKY.PL Sklep z Dronami","potentialAction":[{"@type":"SearchAction","target":{"@type":"EntryPoint","urlTemplate":"https:\/\/ironsky.pl\/sklep\/?s={search_term_string}"},"query-input":{"@type":"PropertyValueSpecification","valueRequired":true,"valueName":"search_term_string"}}],"inLanguage":"pl-PL"}]}},"_links":{"self":[{"href":"https:\/\/ironsky.pl\/sklep\/wp-json\/wp\/v2\/product\/27164","targetHints":{"allow":["GET"]}}],"collection":[{"href":"https:\/\/ironsky.pl\/sklep\/wp-json\/wp\/v2\/product"}],"about":[{"href":"https:\/\/ironsky.pl\/sklep\/wp-json\/wp\/v2\/types\/product"}],"replies":[{"embeddable":true,"href":"https:\/\/ironsky.pl\/sklep\/wp-json\/wp\/v2\/comments?post=27164"}],"wp:featuredmedia":[{"embeddable":true,"href":"https:\/\/ironsky.pl\/sklep\/wp-json\/wp\/v2\/media\/27165"}],"wp:attachment":[{"href":"https:\/\/ironsky.pl\/sklep\/wp-json\/wp\/v2\/media?parent=27164"}],"wp:term":[{"taxonomy":"product_brand","embeddable":true,"href":"https:\/\/ironsky.pl\/sklep\/wp-json\/wp\/v2\/product_brand?post=27164"},{"taxonomy":"product_cat","embeddable":true,"href":"https:\/\/ironsky.pl\/sklep\/wp-json\/wp\/v2\/product_cat?post=27164"},{"taxonomy":"product_tag","embeddable":true,"href":"https:\/\/ironsky.pl\/sklep\/wp-json\/wp\/v2\/product_tag?post=27164"}],"curies":[{"name":"wp","href":"https:\/\/api.w.org\/{rel}","templated":true}]}}