{"id":26933,"date":"2024-09-16T19:46:07","date_gmt":"2024-09-16T17:46:07","guid":{"rendered":"http:\/\/gvshalph.pro-linuxpl.com\/ironskyprodukty\/produkt\/mocowanie-poziome-puluz-do-insta360-x4\/"},"modified":"2026-03-05T15:52:47","modified_gmt":"2026-03-05T14:52:47","slug":"mocowanie-poziome-puluz-do-insta360-x4","status":"publish","type":"product","link":"https:\/\/ironsky.pl\/sklep\/produkt\/mocowanie-poziome-puluz-do-insta360-x4\/","title":{"rendered":"Mocowanie poziome PULUZ do Insta360 X4"},"content":{"rendered":"<h3>Mocowanie poziome PULUZ do Insta360 X4<\/h3>\n<p>Zwi\u0119ksz wszechstronno\u015b\u0107 swojej kamery Insta360 X4 dzi\u0119ki mocowaniu poziomemu PULUZ. Wykonane z wytrzyma\u0142ego stopu aluminium i silikonu \u2013 zapewnia stabilny i bezpieczny monta\u017c, dzi\u0119ki czemu idealnie nadaje si\u0119 do dynamicznych nagra\u0144 i kreatywnych uj\u0119\u0107.<\/p>\n<p>\n<img decoding=\"async\" src=\"https:\/\/assets.innpro.pl\/6640\/7742\/2.jpg\" border=\"0\" \/>\n<\/p>\n<h3>Wytrzyma\u0142a i lekka konstrukcja<\/h3>\n<p>Mocowanie PULUZ wykonane jest z wysokiej jako\u015bci stopu aluminium, co zapewnia jego lekko\u015b\u0107 i trwa\u0142o\u015b\u0107. Dzi\u0119ki silikonowym elementom akcesorium jest r\u00f3wnie\u017c bezpieczne dla kamery, chroni\u0105c j\u0105 przed zarysowaniami i uszkodzeniami. To po\u0142\u0105czenie materia\u0142\u00f3w zapewnia niezawodno\u015b\u0107 i d\u0142ugowieczno\u015b\u0107 produktu.<\/p>\n<p>\n<img decoding=\"async\" src=\"https:\/\/assets.innpro.pl\/6640\/7742\/5.jpg\" border=\"0\" \/>\n<\/p>\n<h3>Wszechstronno\u015b\u0107 i kompatybilno\u015b\u0107<\/h3>\n<p>Mocowanie poziome PULUZ oferuje zar\u00f3wno otw\u00f3r gwintowany 1\/4 cala, jak i sk\u0142adany interfejs dla GoPro. Dzi\u0119ki temu jest kompatybilne z szerok\u0105 gam\u0105 akcesori\u00f3w, takich jak statywy, uchwyty, selfie sticki i wiele innych, co pozwala na elastyczne dostosowanie zestawu nagraniowego do r\u00f3\u017cnych scenariuszy. Produkt mo\u017ce te\u017c by\u0107 u\u017cywany w po\u0142\u0105czeniu z magnetyczn\u0105 baz\u0105 (brak w zestawie).<\/p>\n<p>\n<img decoding=\"async\" src=\"https:\/\/assets.innpro.pl\/6640\/7742\/1.jpg\" border=\"0\" \/>\n<\/p>\n<h3>Rozbudowane mo\u017cliwo\u015bci nagrywania<\/h3>\n<p>Poziome mocowanie PULUZ pozwala na odkrycie nowych sposob\u00f3w nagrywania materia\u0142\u00f3w wideo. Dzi\u0119ki niemu mo\u017cesz bez problemu eksperymentowa\u0107 z r\u00f3\u017cnymi k\u0105tami i technikami filmowania, co umo\u017cliwia tworzenie unikalnych i kreatywnych tre\u015bci. Akcesorium jest przy tym bardzo proste w monta\u017cu i demonta\u017cu \u2013 teraz w mgnieniu oka przygotujesz si\u0119 do nagrywania!<\/p>\n<p>\n<img decoding=\"async\" src=\"https:\/\/assets.innpro.pl\/6640\/7742\/3.jpg\" border=\"0\" \/>\n<\/p>\n<div class=\"table-wrapper\">\n<p>\u00a0<\/p>\n<h3><\/h3>\n<table>\n<tbody>\n<tr>\n<th>Producent<\/th>\n<td>PULUZ<\/td>\n<\/tr>\n<tr>\n<th>Model<\/th>\n<td>PU982B<\/td>\n<\/tr>\n<tr>\n<th>Materia\u0142<\/th>\n<td>Stop aluminium + silikon<\/td>\n<\/tr>\n<tr>\n<th>Wymiary<\/th>\n<td>7,85 x 4,7 x 2,1 cm<\/td>\n<\/tr>\n<tr>\n<th>Kompatybilno\u015b\u0107<\/th>\n<td>Insta360 X4<\/td>\n<\/tr>\n<\/tbody>\n<\/table>\n<\/div>\n","protected":false},"excerpt":{"rendered":"<p>Mocowanie poziome PULUZ do Insta360 X4 Zwi\u0119ksz wszechstronno\u015b\u0107 swojej kamery Insta360 X4 dzi\u0119ki mocowaniu poziomemu PULUZ. Wykonane z wytrzyma\u0142ego stopu<\/p>\n","protected":false},"featured_media":26934,"comment_status":"closed","ping_status":"open","template":"","meta":{"_acf_changed":false},"product_brand":[],"product_cat":[1128,1139,1140,1141,1138],"product_tag":[],"class_list":{"0":"post-26933","1":"product","2":"type-product","3":"status-publish","4":"has-post-thumbnail","6":"product_cat-foto-wideo","7":"product_cat-selfie-stick","8":"product_cat-statywy","9":"product_cat-uchwyty-do-mocowania-kamer-i-aparatow","10":"product_cat-wysiegniki","11":"pa_box-height-1691","12":"pa_box-length-1376","13":"pa_box-width-1729","14":"pa_gross-weight-4646","15":"pa_hs-code-1775","16":"pa_net-weight-1502","17":"pa_przeznaczenie-do-kamer","18":"pa_rodzaj-mocowanie","20":"first","21":"outofstock","22":"taxable","23":"shipping-taxable","24":"purchasable","25":"product-type-simple"},"acf":[],"yoast_head":"<!-- This site is optimized with the Yoast SEO plugin v27.2 - https:\/\/yoast.com\/product\/yoast-seo-wordpress\/ -->\n<title>Mocowanie poziome PULUZ do Insta360 X4 - IRONSKY.PL Sklep z Dronami<\/title>\n<meta name=\"description\" content=\"Mocowanie poziome PULUZ do Insta360 X4 - \u2705 sklep z dronami i fachowym doradztwem. \u2705 Tutaj kupisz produkty DJI, Yuneec, Parrot, Syma i wiele innych, a tak\u017ce kursy i licencje na operatora drona.\" \/>\n<meta name=\"robots\" content=\"index, follow, max-snippet:-1, max-image-preview:large, max-video-preview:-1\" \/>\n<link rel=\"canonical\" href=\"https:\/\/ironsky.pl\/sklep\/produkt\/mocowanie-poziome-puluz-do-insta360-x4\/\" \/>\n<meta property=\"og:locale\" content=\"pl_PL\" \/>\n<meta property=\"og:type\" content=\"article\" \/>\n<meta property=\"og:title\" content=\"Mocowanie poziome PULUZ do Insta360 X4 - IRONSKY.PL Sklep z Dronami\" \/>\n<meta property=\"og:description\" content=\"Mocowanie poziome PULUZ do Insta360 X4 - \u2705 sklep z dronami i fachowym doradztwem. \u2705 Tutaj kupisz produkty DJI, Yuneec, Parrot, Syma i wiele innych, a tak\u017ce kursy i licencje na operatora drona.\" \/>\n<meta property=\"og:url\" content=\"https:\/\/ironsky.pl\/sklep\/produkt\/mocowanie-poziome-puluz-do-insta360-x4\/\" \/>\n<meta property=\"og:site_name\" content=\"IRONSKY.PL Sklep z Dronami\" \/>\n<meta property=\"article:modified_time\" content=\"2026-03-05T14:52:47+00:00\" \/>\n<meta property=\"og:image\" content=\"https:\/\/ironsky.pl\/sklep\/wp-content\/uploads\/2024\/09\/43543_2.jpg\" \/>\n\t<meta property=\"og:image:width\" content=\"800\" \/>\n\t<meta property=\"og:image:height\" content=\"800\" \/>\n\t<meta property=\"og:image:type\" content=\"image\/jpeg\" \/>\n<meta name=\"twitter:card\" content=\"summary_large_image\" \/>\n<meta name=\"twitter:label1\" content=\"Szacowany czas czytania\" \/>\n\t<meta name=\"twitter:data1\" content=\"1 minuta\" \/>\n<script type=\"application\/ld+json\" class=\"yoast-schema-graph\">{\"@context\":\"https:\/\/schema.org\",\"@graph\":[{\"@type\":\"WebPage\",\"@id\":\"https:\/\/ironsky.pl\/sklep\/produkt\/mocowanie-poziome-puluz-do-insta360-x4\/\",\"url\":\"https:\/\/ironsky.pl\/sklep\/produkt\/mocowanie-poziome-puluz-do-insta360-x4\/\",\"name\":\"Mocowanie poziome PULUZ do Insta360 X4 - IRONSKY.PL Sklep z Dronami\",\"isPartOf\":{\"@id\":\"https:\/\/ironsky.pl\/sklep\/#website\"},\"primaryImageOfPage\":{\"@id\":\"https:\/\/ironsky.pl\/sklep\/produkt\/mocowanie-poziome-puluz-do-insta360-x4\/#primaryimage\"},\"image\":{\"@id\":\"https:\/\/ironsky.pl\/sklep\/produkt\/mocowanie-poziome-puluz-do-insta360-x4\/#primaryimage\"},\"thumbnailUrl\":\"https:\/\/ironsky.pl\/sklep\/wp-content\/uploads\/2024\/09\/43543_2.jpg\",\"datePublished\":\"2024-09-16T17:46:07+00:00\",\"dateModified\":\"2026-03-05T14:52:47+00:00\",\"description\":\"Mocowanie poziome PULUZ do Insta360 X4 - \u2705 sklep z dronami i fachowym doradztwem. \u2705 Tutaj kupisz produkty DJI, Yuneec, Parrot, Syma i wiele innych, a tak\u017ce kursy i licencje na operatora drona.\",\"breadcrumb\":{\"@id\":\"https:\/\/ironsky.pl\/sklep\/produkt\/mocowanie-poziome-puluz-do-insta360-x4\/#breadcrumb\"},\"inLanguage\":\"pl-PL\",\"potentialAction\":[{\"@type\":\"ReadAction\",\"target\":[\"https:\/\/ironsky.pl\/sklep\/produkt\/mocowanie-poziome-puluz-do-insta360-x4\/\"]}]},{\"@type\":\"ImageObject\",\"inLanguage\":\"pl-PL\",\"@id\":\"https:\/\/ironsky.pl\/sklep\/produkt\/mocowanie-poziome-puluz-do-insta360-x4\/#primaryimage\",\"url\":\"https:\/\/ironsky.pl\/sklep\/wp-content\/uploads\/2024\/09\/43543_2.jpg\",\"contentUrl\":\"https:\/\/ironsky.pl\/sklep\/wp-content\/uploads\/2024\/09\/43543_2.jpg\",\"width\":800,\"height\":800},{\"@type\":\"BreadcrumbList\",\"@id\":\"https:\/\/ironsky.pl\/sklep\/produkt\/mocowanie-poziome-puluz-do-insta360-x4\/#breadcrumb\",\"itemListElement\":[{\"@type\":\"ListItem\",\"position\":1,\"name\":\"Strona g\u0142\u00f3wna\",\"item\":\"https:\/\/ironsky.pl\/sklep\/\"},{\"@type\":\"ListItem\",\"position\":2,\"name\":\"Wszystkie produkty\",\"item\":\"https:\/\/ironsky.pl\/sklep\/produkty\/\"},{\"@type\":\"ListItem\",\"position\":3,\"name\":\"Mocowanie poziome PULUZ do Insta360 X4\"}]},{\"@type\":\"WebSite\",\"@id\":\"https:\/\/ironsky.pl\/sklep\/#website\",\"url\":\"https:\/\/ironsky.pl\/sklep\/\",\"name\":\"IRONSKY.PL Sklep z Dronami\",\"description\":\"IRONSKY.PL Sklep z Dronami\",\"potentialAction\":[{\"@type\":\"SearchAction\",\"target\":{\"@type\":\"EntryPoint\",\"urlTemplate\":\"https:\/\/ironsky.pl\/sklep\/?s={search_term_string}\"},\"query-input\":{\"@type\":\"PropertyValueSpecification\",\"valueRequired\":true,\"valueName\":\"search_term_string\"}}],\"inLanguage\":\"pl-PL\"}]}<\/script>\n<!-- \/ Yoast SEO plugin. -->","yoast_head_json":{"title":"Mocowanie poziome PULUZ do Insta360 X4 - IRONSKY.PL Sklep z Dronami","description":"Mocowanie poziome PULUZ do Insta360 X4 - \u2705 sklep z dronami i fachowym doradztwem. \u2705 Tutaj kupisz produkty DJI, Yuneec, Parrot, Syma i wiele innych, a tak\u017ce kursy i licencje na operatora drona.","robots":{"index":"index","follow":"follow","max-snippet":"max-snippet:-1","max-image-preview":"max-image-preview:large","max-video-preview":"max-video-preview:-1"},"canonical":"https:\/\/ironsky.pl\/sklep\/produkt\/mocowanie-poziome-puluz-do-insta360-x4\/","og_locale":"pl_PL","og_type":"article","og_title":"Mocowanie poziome PULUZ do Insta360 X4 - IRONSKY.PL Sklep z Dronami","og_description":"Mocowanie poziome PULUZ do Insta360 X4 - \u2705 sklep z dronami i fachowym doradztwem. \u2705 Tutaj kupisz produkty DJI, Yuneec, Parrot, Syma i wiele innych, a tak\u017ce kursy i licencje na operatora drona.","og_url":"https:\/\/ironsky.pl\/sklep\/produkt\/mocowanie-poziome-puluz-do-insta360-x4\/","og_site_name":"IRONSKY.PL Sklep z Dronami","article_modified_time":"2026-03-05T14:52:47+00:00","og_image":[{"width":800,"height":800,"url":"https:\/\/ironsky.pl\/sklep\/wp-content\/uploads\/2024\/09\/43543_2.jpg","type":"image\/jpeg"}],"twitter_card":"summary_large_image","twitter_misc":{"Szacowany czas czytania":"1 minuta"},"schema":{"@context":"https:\/\/schema.org","@graph":[{"@type":"WebPage","@id":"https:\/\/ironsky.pl\/sklep\/produkt\/mocowanie-poziome-puluz-do-insta360-x4\/","url":"https:\/\/ironsky.pl\/sklep\/produkt\/mocowanie-poziome-puluz-do-insta360-x4\/","name":"Mocowanie poziome PULUZ do Insta360 X4 - IRONSKY.PL Sklep z Dronami","isPartOf":{"@id":"https:\/\/ironsky.pl\/sklep\/#website"},"primaryImageOfPage":{"@id":"https:\/\/ironsky.pl\/sklep\/produkt\/mocowanie-poziome-puluz-do-insta360-x4\/#primaryimage"},"image":{"@id":"https:\/\/ironsky.pl\/sklep\/produkt\/mocowanie-poziome-puluz-do-insta360-x4\/#primaryimage"},"thumbnailUrl":"https:\/\/ironsky.pl\/sklep\/wp-content\/uploads\/2024\/09\/43543_2.jpg","datePublished":"2024-09-16T17:46:07+00:00","dateModified":"2026-03-05T14:52:47+00:00","description":"Mocowanie poziome PULUZ do Insta360 X4 - \u2705 sklep z dronami i fachowym doradztwem. \u2705 Tutaj kupisz produkty DJI, Yuneec, Parrot, Syma i wiele innych, a tak\u017ce kursy i licencje na operatora drona.","breadcrumb":{"@id":"https:\/\/ironsky.pl\/sklep\/produkt\/mocowanie-poziome-puluz-do-insta360-x4\/#breadcrumb"},"inLanguage":"pl-PL","potentialAction":[{"@type":"ReadAction","target":["https:\/\/ironsky.pl\/sklep\/produkt\/mocowanie-poziome-puluz-do-insta360-x4\/"]}]},{"@type":"ImageObject","inLanguage":"pl-PL","@id":"https:\/\/ironsky.pl\/sklep\/produkt\/mocowanie-poziome-puluz-do-insta360-x4\/#primaryimage","url":"https:\/\/ironsky.pl\/sklep\/wp-content\/uploads\/2024\/09\/43543_2.jpg","contentUrl":"https:\/\/ironsky.pl\/sklep\/wp-content\/uploads\/2024\/09\/43543_2.jpg","width":800,"height":800},{"@type":"BreadcrumbList","@id":"https:\/\/ironsky.pl\/sklep\/produkt\/mocowanie-poziome-puluz-do-insta360-x4\/#breadcrumb","itemListElement":[{"@type":"ListItem","position":1,"name":"Strona g\u0142\u00f3wna","item":"https:\/\/ironsky.pl\/sklep\/"},{"@type":"ListItem","position":2,"name":"Wszystkie produkty","item":"https:\/\/ironsky.pl\/sklep\/produkty\/"},{"@type":"ListItem","position":3,"name":"Mocowanie poziome PULUZ do Insta360 X4"}]},{"@type":"WebSite","@id":"https:\/\/ironsky.pl\/sklep\/#website","url":"https:\/\/ironsky.pl\/sklep\/","name":"IRONSKY.PL Sklep z Dronami","description":"IRONSKY.PL Sklep z Dronami","potentialAction":[{"@type":"SearchAction","target":{"@type":"EntryPoint","urlTemplate":"https:\/\/ironsky.pl\/sklep\/?s={search_term_string}"},"query-input":{"@type":"PropertyValueSpecification","valueRequired":true,"valueName":"search_term_string"}}],"inLanguage":"pl-PL"}]}},"_links":{"self":[{"href":"https:\/\/ironsky.pl\/sklep\/wp-json\/wp\/v2\/product\/26933","targetHints":{"allow":["GET"]}}],"collection":[{"href":"https:\/\/ironsky.pl\/sklep\/wp-json\/wp\/v2\/product"}],"about":[{"href":"https:\/\/ironsky.pl\/sklep\/wp-json\/wp\/v2\/types\/product"}],"replies":[{"embeddable":true,"href":"https:\/\/ironsky.pl\/sklep\/wp-json\/wp\/v2\/comments?post=26933"}],"wp:featuredmedia":[{"embeddable":true,"href":"https:\/\/ironsky.pl\/sklep\/wp-json\/wp\/v2\/media\/26934"}],"wp:attachment":[{"href":"https:\/\/ironsky.pl\/sklep\/wp-json\/wp\/v2\/media?parent=26933"}],"wp:term":[{"taxonomy":"product_brand","embeddable":true,"href":"https:\/\/ironsky.pl\/sklep\/wp-json\/wp\/v2\/product_brand?post=26933"},{"taxonomy":"product_cat","embeddable":true,"href":"https:\/\/ironsky.pl\/sklep\/wp-json\/wp\/v2\/product_cat?post=26933"},{"taxonomy":"product_tag","embeddable":true,"href":"https:\/\/ironsky.pl\/sklep\/wp-json\/wp\/v2\/product_tag?post=26933"}],"curies":[{"name":"wp","href":"https:\/\/api.w.org\/{rel}","templated":true}]}}