{"id":26861,"date":"2024-09-16T19:44:55","date_gmt":"2024-09-16T17:44:55","guid":{"rendered":"http:\/\/gvshalph.pro-linuxpl.com\/ironskyprodukty\/produkt\/metalowa-obudowa-sunnylife-do-insta360-x4\/"},"modified":"2026-03-05T15:52:43","modified_gmt":"2026-03-05T14:52:43","slug":"metalowa-obudowa-sunnylife-do-insta360-x4","status":"publish","type":"product","link":"https:\/\/ironsky.pl\/sklep\/produkt\/metalowa-obudowa-sunnylife-do-insta360-x4\/","title":{"rendered":"Metalowa obudowa Sunnylife do Insta360 X4"},"content":{"rendered":"<\/p>\n<section id=\"projector_longdescription\" class=\"longdescription cm col-12\" data-traits=\"true\" data-directory=\"true\" data-div-target=\"hide\">\n<h3>Metalowa obudowa Sunnylife do Insta360 X4\u00a0<\/h3>\n<p>Obudowa Sunnylife zosta\u0142a specjalnie zaprojektowana tak, aby idealnie pasowa\u0142a do kamery Insta360 X4, nie wp\u0142ywaj\u0105c w \u017caden spos\u00f3b na mo\u017cliwo\u015b\u0107 wykonywanie zdj\u0119\u0107 panoramicznych. Wykonana z aluminium metod\u0105 obr\u00f3bki CNC, ta obudowa zapewnia niezr\u00f3wnan\u0105 wytrzyma\u0142o\u015b\u0107 i twardo\u015b\u0107, skutecznie chroni\u0105c Twoj\u0105 kamer\u0119 przed zarysowaniami i wstrz\u0105sami. Dzi\u0119ki jej lekkiemu designowi, wa\u017c\u0105cemu zaledwie 32 g, nie odczujesz dodatkowego obci\u0105\u017cenia podczas trzymania kamery, co umo\u017cliwi Ci swobodne nagrywanie i fotografowanie przez d\u0142u\u017cszy czas. Solidne mocowanie na \u015brub\u0119 umo\u017cliwia szybkie i \u0142atwe montowanie, bez obaw o luzowanie si\u0119 czy drgania.<\/p>\n<p><img decoding=\"async\" src=\"https:\/\/assets.innpro.pl\/6041\/7090\/5.jpg\" border=\"0\" \/><\/p>\n<h3>Wi\u0119cej mo\u017cliwo\u015bci<\/h3>\n<p>Metalowa obudowa zosta\u0142a wyposa\u017cona w dwa mocowania typu cold shoe, dzi\u0119ki czemu z \u0142atwo\u015bci\u0105 rozbudujesz mo\u017cliwo\u015bci swojej kamery. Za ich pomoc\u0105 przymocujesz do kamery Insta360 X4 dodatkowe akcesoria, takie jak o\u015bwietlenie czy mikrofon. Co wi\u0119cej, starannie przemy\u015blana konstrukcja obudowy nie wp\u0142ywa na funkcjonalno\u015b\u0107 kamery \u2013 mo\u017cesz bez przeszk\u00f3d pod\u0142\u0105czy\u0107 j\u0105 do \u0142adowania czy zmieni\u0107 kart\u0119 pami\u0119ci, bez konieczno\u015bci zdejmowania obudowy.<\/p>\n<p><img decoding=\"async\" src=\"https:\/\/assets.innpro.pl\/6041\/7090\/1.jpg\" border=\"0\" \/><\/p>\n<div class=\"table-wrapper\">\n<p>\u00a0<\/p>\n<h3>\u00a0<\/h3>\n<table>\n<tbody>\n<tr>\n<th>Producent<\/th>\n<td>Sunnylife<\/td>\n<\/tr>\n<tr>\n<th>Model<\/th>\n<td>X4-BK809<\/td>\n<\/tr>\n<tr>\n<th>Kompatybilno\u015b\u0107<\/th>\n<td>Kamera Insta360 X4<\/td>\n<\/tr>\n<tr>\n<th>Materia\u0142<\/th>\n<td>Stop aluminium<\/td>\n<\/tr>\n<tr>\n<th>Waga<\/th>\n<td>32 g<\/td>\n<\/tr>\n<tr>\n<th>Wymiary<\/th>\n<td>149 x 54 x 22 mm<\/td>\n<\/tr>\n<\/tbody>\n<\/table>\n<\/div>\n<\/section>\n","protected":false},"excerpt":{"rendered":"<p>Metalowa obudowa Sunnylife do Insta360 X4\u00a0 Obudowa Sunnylife zosta\u0142a specjalnie zaprojektowana tak, aby idealnie pasowa\u0142a do kamery Insta360 X4, nie<\/p>\n","protected":false},"featured_media":26862,"comment_status":"closed","ping_status":"open","template":"","meta":{"_acf_changed":false},"product_brand":[],"product_cat":[1130,1137,1128],"product_tag":[],"class_list":{"0":"post-26861","1":"product","2":"type-product","3":"status-publish","4":"has-post-thumbnail","6":"product_cat-akcesoria-foto","7":"product_cat-do-kamer-sportowych","8":"product_cat-foto-wideo","9":"pa_box-height-3589","10":"pa_box-length-1740","11":"pa_box-width-2040","12":"pa_gross-weight-2365","13":"pa_kompatybilnosc-insta360","14":"pa_net-weight-2865","16":"first","17":"outofstock","18":"taxable","19":"shipping-taxable","20":"purchasable","21":"product-type-simple"},"acf":[],"yoast_head":"<!-- This site is optimized with the Yoast SEO plugin v27.2 - https:\/\/yoast.com\/product\/yoast-seo-wordpress\/ -->\n<title>Metalowa obudowa Sunnylife do Insta360 X4 - IRONSKY.PL Sklep z Dronami<\/title>\n<meta name=\"description\" content=\"Metalowa obudowa Sunnylife do Insta360 X4 - \u2705 sklep z dronami i fachowym doradztwem. \u2705 Tutaj kupisz produkty DJI, Yuneec, Parrot, Syma i wiele innych, a tak\u017ce kursy i licencje na operatora drona.\" \/>\n<meta name=\"robots\" content=\"index, follow, max-snippet:-1, max-image-preview:large, max-video-preview:-1\" \/>\n<link rel=\"canonical\" href=\"https:\/\/ironsky.pl\/sklep\/produkt\/metalowa-obudowa-sunnylife-do-insta360-x4\/\" \/>\n<meta property=\"og:locale\" content=\"pl_PL\" \/>\n<meta property=\"og:type\" content=\"article\" \/>\n<meta property=\"og:title\" content=\"Metalowa obudowa Sunnylife do Insta360 X4 - IRONSKY.PL Sklep z Dronami\" \/>\n<meta property=\"og:description\" content=\"Metalowa obudowa Sunnylife do Insta360 X4 - \u2705 sklep z dronami i fachowym doradztwem. \u2705 Tutaj kupisz produkty DJI, Yuneec, Parrot, Syma i wiele innych, a tak\u017ce kursy i licencje na operatora drona.\" \/>\n<meta property=\"og:url\" content=\"https:\/\/ironsky.pl\/sklep\/produkt\/metalowa-obudowa-sunnylife-do-insta360-x4\/\" \/>\n<meta property=\"og:site_name\" content=\"IRONSKY.PL Sklep z Dronami\" \/>\n<meta property=\"article:modified_time\" content=\"2026-03-05T14:52:43+00:00\" \/>\n<meta property=\"og:image\" content=\"https:\/\/ironsky.pl\/sklep\/wp-content\/uploads\/2024\/09\/43244_1.jpg\" \/>\n\t<meta property=\"og:image:width\" content=\"800\" \/>\n\t<meta property=\"og:image:height\" content=\"800\" \/>\n\t<meta property=\"og:image:type\" content=\"image\/jpeg\" \/>\n<meta name=\"twitter:card\" content=\"summary_large_image\" \/>\n<meta name=\"twitter:label1\" content=\"Szacowany czas czytania\" \/>\n\t<meta name=\"twitter:data1\" content=\"1 minuta\" \/>\n<script type=\"application\/ld+json\" class=\"yoast-schema-graph\">{\"@context\":\"https:\/\/schema.org\",\"@graph\":[{\"@type\":\"WebPage\",\"@id\":\"https:\/\/ironsky.pl\/sklep\/produkt\/metalowa-obudowa-sunnylife-do-insta360-x4\/\",\"url\":\"https:\/\/ironsky.pl\/sklep\/produkt\/metalowa-obudowa-sunnylife-do-insta360-x4\/\",\"name\":\"Metalowa obudowa Sunnylife do Insta360 X4 - IRONSKY.PL Sklep z Dronami\",\"isPartOf\":{\"@id\":\"https:\/\/ironsky.pl\/sklep\/#website\"},\"primaryImageOfPage\":{\"@id\":\"https:\/\/ironsky.pl\/sklep\/produkt\/metalowa-obudowa-sunnylife-do-insta360-x4\/#primaryimage\"},\"image\":{\"@id\":\"https:\/\/ironsky.pl\/sklep\/produkt\/metalowa-obudowa-sunnylife-do-insta360-x4\/#primaryimage\"},\"thumbnailUrl\":\"https:\/\/ironsky.pl\/sklep\/wp-content\/uploads\/2024\/09\/43244_1.jpg\",\"datePublished\":\"2024-09-16T17:44:55+00:00\",\"dateModified\":\"2026-03-05T14:52:43+00:00\",\"description\":\"Metalowa obudowa Sunnylife do Insta360 X4 - \u2705 sklep z dronami i fachowym doradztwem. \u2705 Tutaj kupisz produkty DJI, Yuneec, Parrot, Syma i wiele innych, a tak\u017ce kursy i licencje na operatora drona.\",\"breadcrumb\":{\"@id\":\"https:\/\/ironsky.pl\/sklep\/produkt\/metalowa-obudowa-sunnylife-do-insta360-x4\/#breadcrumb\"},\"inLanguage\":\"pl-PL\",\"potentialAction\":[{\"@type\":\"ReadAction\",\"target\":[\"https:\/\/ironsky.pl\/sklep\/produkt\/metalowa-obudowa-sunnylife-do-insta360-x4\/\"]}]},{\"@type\":\"ImageObject\",\"inLanguage\":\"pl-PL\",\"@id\":\"https:\/\/ironsky.pl\/sklep\/produkt\/metalowa-obudowa-sunnylife-do-insta360-x4\/#primaryimage\",\"url\":\"https:\/\/ironsky.pl\/sklep\/wp-content\/uploads\/2024\/09\/43244_1.jpg\",\"contentUrl\":\"https:\/\/ironsky.pl\/sklep\/wp-content\/uploads\/2024\/09\/43244_1.jpg\",\"width\":800,\"height\":800},{\"@type\":\"BreadcrumbList\",\"@id\":\"https:\/\/ironsky.pl\/sklep\/produkt\/metalowa-obudowa-sunnylife-do-insta360-x4\/#breadcrumb\",\"itemListElement\":[{\"@type\":\"ListItem\",\"position\":1,\"name\":\"Strona g\u0142\u00f3wna\",\"item\":\"https:\/\/ironsky.pl\/sklep\/\"},{\"@type\":\"ListItem\",\"position\":2,\"name\":\"Wszystkie produkty\",\"item\":\"https:\/\/ironsky.pl\/sklep\/produkty\/\"},{\"@type\":\"ListItem\",\"position\":3,\"name\":\"Metalowa obudowa Sunnylife do Insta360 X4\"}]},{\"@type\":\"WebSite\",\"@id\":\"https:\/\/ironsky.pl\/sklep\/#website\",\"url\":\"https:\/\/ironsky.pl\/sklep\/\",\"name\":\"IRONSKY.PL Sklep z Dronami\",\"description\":\"IRONSKY.PL Sklep z Dronami\",\"potentialAction\":[{\"@type\":\"SearchAction\",\"target\":{\"@type\":\"EntryPoint\",\"urlTemplate\":\"https:\/\/ironsky.pl\/sklep\/?s={search_term_string}\"},\"query-input\":{\"@type\":\"PropertyValueSpecification\",\"valueRequired\":true,\"valueName\":\"search_term_string\"}}],\"inLanguage\":\"pl-PL\"}]}<\/script>\n<!-- \/ Yoast SEO plugin. -->","yoast_head_json":{"title":"Metalowa obudowa Sunnylife do Insta360 X4 - IRONSKY.PL Sklep z Dronami","description":"Metalowa obudowa Sunnylife do Insta360 X4 - \u2705 sklep z dronami i fachowym doradztwem. \u2705 Tutaj kupisz produkty DJI, Yuneec, Parrot, Syma i wiele innych, a tak\u017ce kursy i licencje na operatora drona.","robots":{"index":"index","follow":"follow","max-snippet":"max-snippet:-1","max-image-preview":"max-image-preview:large","max-video-preview":"max-video-preview:-1"},"canonical":"https:\/\/ironsky.pl\/sklep\/produkt\/metalowa-obudowa-sunnylife-do-insta360-x4\/","og_locale":"pl_PL","og_type":"article","og_title":"Metalowa obudowa Sunnylife do Insta360 X4 - IRONSKY.PL Sklep z Dronami","og_description":"Metalowa obudowa Sunnylife do Insta360 X4 - \u2705 sklep z dronami i fachowym doradztwem. \u2705 Tutaj kupisz produkty DJI, Yuneec, Parrot, Syma i wiele innych, a tak\u017ce kursy i licencje na operatora drona.","og_url":"https:\/\/ironsky.pl\/sklep\/produkt\/metalowa-obudowa-sunnylife-do-insta360-x4\/","og_site_name":"IRONSKY.PL Sklep z Dronami","article_modified_time":"2026-03-05T14:52:43+00:00","og_image":[{"width":800,"height":800,"url":"https:\/\/ironsky.pl\/sklep\/wp-content\/uploads\/2024\/09\/43244_1.jpg","type":"image\/jpeg"}],"twitter_card":"summary_large_image","twitter_misc":{"Szacowany czas czytania":"1 minuta"},"schema":{"@context":"https:\/\/schema.org","@graph":[{"@type":"WebPage","@id":"https:\/\/ironsky.pl\/sklep\/produkt\/metalowa-obudowa-sunnylife-do-insta360-x4\/","url":"https:\/\/ironsky.pl\/sklep\/produkt\/metalowa-obudowa-sunnylife-do-insta360-x4\/","name":"Metalowa obudowa Sunnylife do Insta360 X4 - IRONSKY.PL Sklep z Dronami","isPartOf":{"@id":"https:\/\/ironsky.pl\/sklep\/#website"},"primaryImageOfPage":{"@id":"https:\/\/ironsky.pl\/sklep\/produkt\/metalowa-obudowa-sunnylife-do-insta360-x4\/#primaryimage"},"image":{"@id":"https:\/\/ironsky.pl\/sklep\/produkt\/metalowa-obudowa-sunnylife-do-insta360-x4\/#primaryimage"},"thumbnailUrl":"https:\/\/ironsky.pl\/sklep\/wp-content\/uploads\/2024\/09\/43244_1.jpg","datePublished":"2024-09-16T17:44:55+00:00","dateModified":"2026-03-05T14:52:43+00:00","description":"Metalowa obudowa Sunnylife do Insta360 X4 - \u2705 sklep z dronami i fachowym doradztwem. \u2705 Tutaj kupisz produkty DJI, Yuneec, Parrot, Syma i wiele innych, a tak\u017ce kursy i licencje na operatora drona.","breadcrumb":{"@id":"https:\/\/ironsky.pl\/sklep\/produkt\/metalowa-obudowa-sunnylife-do-insta360-x4\/#breadcrumb"},"inLanguage":"pl-PL","potentialAction":[{"@type":"ReadAction","target":["https:\/\/ironsky.pl\/sklep\/produkt\/metalowa-obudowa-sunnylife-do-insta360-x4\/"]}]},{"@type":"ImageObject","inLanguage":"pl-PL","@id":"https:\/\/ironsky.pl\/sklep\/produkt\/metalowa-obudowa-sunnylife-do-insta360-x4\/#primaryimage","url":"https:\/\/ironsky.pl\/sklep\/wp-content\/uploads\/2024\/09\/43244_1.jpg","contentUrl":"https:\/\/ironsky.pl\/sklep\/wp-content\/uploads\/2024\/09\/43244_1.jpg","width":800,"height":800},{"@type":"BreadcrumbList","@id":"https:\/\/ironsky.pl\/sklep\/produkt\/metalowa-obudowa-sunnylife-do-insta360-x4\/#breadcrumb","itemListElement":[{"@type":"ListItem","position":1,"name":"Strona g\u0142\u00f3wna","item":"https:\/\/ironsky.pl\/sklep\/"},{"@type":"ListItem","position":2,"name":"Wszystkie produkty","item":"https:\/\/ironsky.pl\/sklep\/produkty\/"},{"@type":"ListItem","position":3,"name":"Metalowa obudowa Sunnylife do Insta360 X4"}]},{"@type":"WebSite","@id":"https:\/\/ironsky.pl\/sklep\/#website","url":"https:\/\/ironsky.pl\/sklep\/","name":"IRONSKY.PL Sklep z Dronami","description":"IRONSKY.PL Sklep z Dronami","potentialAction":[{"@type":"SearchAction","target":{"@type":"EntryPoint","urlTemplate":"https:\/\/ironsky.pl\/sklep\/?s={search_term_string}"},"query-input":{"@type":"PropertyValueSpecification","valueRequired":true,"valueName":"search_term_string"}}],"inLanguage":"pl-PL"}]}},"_links":{"self":[{"href":"https:\/\/ironsky.pl\/sklep\/wp-json\/wp\/v2\/product\/26861","targetHints":{"allow":["GET"]}}],"collection":[{"href":"https:\/\/ironsky.pl\/sklep\/wp-json\/wp\/v2\/product"}],"about":[{"href":"https:\/\/ironsky.pl\/sklep\/wp-json\/wp\/v2\/types\/product"}],"replies":[{"embeddable":true,"href":"https:\/\/ironsky.pl\/sklep\/wp-json\/wp\/v2\/comments?post=26861"}],"wp:featuredmedia":[{"embeddable":true,"href":"https:\/\/ironsky.pl\/sklep\/wp-json\/wp\/v2\/media\/26862"}],"wp:attachment":[{"href":"https:\/\/ironsky.pl\/sklep\/wp-json\/wp\/v2\/media?parent=26861"}],"wp:term":[{"taxonomy":"product_brand","embeddable":true,"href":"https:\/\/ironsky.pl\/sklep\/wp-json\/wp\/v2\/product_brand?post=26861"},{"taxonomy":"product_cat","embeddable":true,"href":"https:\/\/ironsky.pl\/sklep\/wp-json\/wp\/v2\/product_cat?post=26861"},{"taxonomy":"product_tag","embeddable":true,"href":"https:\/\/ironsky.pl\/sklep\/wp-json\/wp\/v2\/product_tag?post=26861"}],"curies":[{"name":"wp","href":"https:\/\/api.w.org\/{rel}","templated":true}]}}