{"id":26775,"date":"2024-09-16T19:43:34","date_gmt":"2024-09-16T17:43:34","guid":{"rendered":"http:\/\/gvshalph.pro-linuxpl.com\/ironskyprodukty\/produkt\/lampa-led-neewer-ms150c-rgb-150w-2700-6500k\/"},"modified":"2026-03-13T08:36:07","modified_gmt":"2026-03-13T07:36:07","slug":"lampa-led-neewer-ms150c-rgb-150w-2700-6500k","status":"publish","type":"product","link":"https:\/\/ironsky.pl\/sklep\/produkt\/lampa-led-neewer-ms150c-rgb-150w-2700-6500k\/","title":{"rendered":"Lampa LED Neewer MS150C RGB 150W 2700-6500K"},"content":{"rendered":"<h3>Lampa LED Neewer MS150C RGB 150W 2700-6500K<\/h3>\n<p>Lampa LED Neewer MS150C spe\u0142ni oczekiwania filmowc\u00f3w, fotograf\u00f3w i tw\u00f3rc\u00f3w tre\u015bci. Urz\u0105dzenie \u0142\u0105czy technologi\u0119 mieszania \u015bwiat\u0142a RGBWW z precyzyjnym \u015bciemnianiem PWM, co pozwala na dok\u0142adne odwzorowanie kolor\u00f3w. Dzi\u0119ki strumieniowi \u015bwietlnemu o mocy 150 W oraz r\u00f3\u017cnorodnym trybom dzia\u0142ania produkt oka\u017ce si\u0119 niezawodny zar\u00f3wno podczas pracy w studiu, jak i na zewn\u0105trz. Ponadto wy\u015bwietlacz LCD pozwala na wygodn\u0105 regulacj\u0119 ustawie\u0144.<\/p>\n<p>\n<img decoding=\"async\" src=\"https:\/\/assets.innpro.pl\/5989\/7022\/3.jpg\" border=\"0\" \/>\n<\/p>\n<h3>Zaawansowana technologia mieszania \u015bwiat\u0142a<\/h3>\n<p>Neewer MS150C korzysta z technologii RGBWW, oferuj\u0105c temperatur\u0119 barwow\u0105 w zakresie od 2700K do 6500K. Dzi\u0119ki temu emituje wiele kolor\u00f3w i realistycznie je odwzorowuje, czego dowodzi wska\u017anik CRI97+\/TLCI98+. \u015aciemnianie PWM zapewnia precyzyjne regulowanie jasno\u015bci od 1% do 100%, co umo\u017cliwia dok\u0142adne ustawienie o\u015bwietlenia.<\/p>\n<p>\n<img decoding=\"async\" src=\"https:\/\/assets.innpro.pl\/5989\/7022\/1.jpg\" border=\"0\" \/>\n<\/p>\n<h3>Kompaktowa konstrukcja do filmowania<\/h3>\n<p>Urz\u0105dzenie jest lekkie i kompaktowe \u2013 wa\u017cy 1041 g i mierzy 195 x 95 x 92 mm, dzi\u0119ki czemu jego transport odbywa si\u0119 bezproblemowo. Uchwyt z mo\u017cliwo\u015bci\u0105 regulacji o 180\u00b0 oraz obudowa z aluminium sprawiaj\u0105, \u017ce MS150C doskonale sprawdzi si\u0119 w terenie, a do\u0142\u0105czony adapter Bowens umo\u017cliwia pod\u0142\u0105czenie r\u00f3\u017cnorodnych modyfikator\u00f3w \u015bwiat\u0142a.<\/p>\n<p>\n<img decoding=\"async\" src=\"https:\/\/assets.innpro.pl\/5989\/7022\/6.jpg\" border=\"0\" \/>\n<\/p>\n<h3>Realistyczne efekty specjalne<\/h3>\n<p>Urz\u0105dzenie oferuje 6 tryb\u00f3w dzia\u0142ania, w tym CCT, w kt\u00f3rym zapewniona jest temperatura barwowa w zakresie 2700K-6500K i korekcja kolor\u00f3w GM w zakresie -50\/+50 oraz HSI, umo\u017cliwiaj\u0105cy regulacj\u0119 nasycenia kolor\u00f3w w zakresie 0-100% i k\u0105t\u00f3w barw o 360\u00b0. Dost\u0119pny jest r\u00f3wnie\u017c RGBCW, pozwalaj\u0105cy na indywidualn\u0105 regulacj\u0119 odcieni czerwonego, zielonego, niebieskiego, ch\u0142odnej i ciep\u0142ej bieli. Ponadto FX oferuje 17 specjalnych scen, SOURCE umo\u017cliwia zbieranie i u\u017cycie kolor\u00f3w, a GEL zapewnia 40 preset\u00f3w \u017celi kolorowych.<\/p>\n<p>\n<img decoding=\"async\" src=\"https:\/\/assets.innpro.pl\/5989\/7022\/2.jpg\" border=\"0\" \/>\n<\/p>\n<h3>R\u00f3\u017cne metody sterowania<\/h3>\n<p>Lamp\u0105 sterowa\u0107 mo\u017cesz na 3 sposoby \u2013 za pomoc\u0105 przycisk\u00f3w i pokr\u0119te\u0142 na obudowie, poprzez aplikacj\u0119 NEEWER APP z technologi\u0105 Infinity, pozwalaj\u0105c\u0105 na kontrol\u0119 setek lamp oraz przez system 2.4G, umo\u017cliwiaj\u0105cy sterowanie lampami r\u00f3\u017cnych modeli, w tym Neewer SL90, RGB1, CB60RGB, RGB1200, PL60C, MS150B, BH30S i FS150B w odleg\u0142o\u015bci do 15 metr\u00f3w. Wyb\u00f3r nale\u017cy do Ciebie!<\/p>\n<p>\n<img decoding=\"async\" src=\"https:\/\/assets.innpro.pl\/5989\/7022\/5.jpg\" border=\"0\" \/>\n<\/p>\n<h3>Niezawodne zasilanie <\/h3>\n<p>Lampa mo\u017ce by\u0107 zasilana bezpo\u015brednio z gniazdka, a tak\u017ce za pomoc\u0105 akumulatora typu V mount (16.8V) i kabla D-Tap, zapewniaj\u0105cego wygodne zasilanie w terenie. Warto jednak pami\u0119ta\u0107, \u017ce w przypadku korzystania z akumulatora moc urz\u0105dzenia spada do 95 W i nie mo\u017cna go \u0142adowa\u0107 w trakcie u\u017cytkowania.<\/p>\n<p>\n<img decoding=\"async\" src=\"https:\/\/assets.innpro.pl\/5989\/7022\/4.jpg\" border=\"0\" \/>\n<\/p>\n<h3>3 tryby rozpraszania ciep\u0142a<\/h3>\n<p>Nie musisz martwi\u0107 si\u0119 o potencjalne przegrzanie lampy. 3 tryby rozpraszania ciep\u0142a, takie jak Intelligent, High Speed i Low Speed efektywnie utrzymuj\u0105 temperatur\u0119 na optymalnym poziomie.<\/p>\n<p>\n<img decoding=\"async\" src=\"https:\/\/assets.innpro.pl\/5989\/7022\/8.jpg\" border=\"0\" \/>\n<\/p>\n<h3>W zestawie:<\/h3>\n<ul class=\"list-disc pl-5\">\n<li>Reflektor<\/li>\n<li>Adapter Bowens<\/li>\n<li>Przew\u00f3d zasilaj\u0105cy<\/li>\n<li>Zasilacz<\/li>\n<li>Pokrywka ochronna<\/li>\n<li>Latarnia Softbox<\/li>\n<li>Reflektor standardowy<\/li>\n<li>Softbox<\/li>\n<li>Snoot<\/li>\n<li>Parasol<\/li>\n<li>Torba<\/li>\n<\/ul>\n<div class=\"table-wrapper\">\n<p>\u00a0<\/p>\n<h3><\/h3>\n<table>\n<tbody>\n<tr>\n<th>Producent<\/th>\n<td>Neewer<\/td>\n<\/tr>\n<tr>\n<th>Model<\/th>\n<td>B0CTZL5TGL<\/td>\n<\/tr>\n<tr>\n<th>Technologia o\u015bwietlenia<\/th>\n<td>RGBWW<\/td>\n<\/tr>\n<tr>\n<th>Zakres temperatury barwowej<\/th>\n<td>2700K &#8211; 6500K<\/td>\n<\/tr>\n<tr>\n<th>Strumie\u0144 \u015bwietlny<\/th>\n<td>150 W<\/td>\n<\/tr>\n<tr>\n<th>Iluminacja<\/th>\n<td>16600 lux\/1m (4400K) z reflektorem<\/td>\n<\/tr>\n<tr>\n<th>Reprodukcja kolor\u00f3w<\/th>\n<td>CRI 97+\/TLCI 98+<\/td>\n<\/tr>\n<tr>\n<th>Cz\u0119stotliwo\u015b\u0107 od\u015bwie\u017cania<\/th>\n<td>1\/2000 s<\/td>\n<\/tr>\n<tr>\n<th>Tryby o\u015bwietlenia<\/th>\n<td>CCT, HSI, RGBCW, FX, SOURCE, GEL<\/td>\n<\/tr>\n<tr>\n<th>Aplikacja <\/th>\n<td>NEEWER APP<\/td>\n<\/tr>\n<tr>\n<th>Materia\u0142 obudowy<\/th>\n<td>Aluminium<\/td>\n<\/tr>\n<tr>\n<th>Wymiary<\/th>\n<td>195 x 95 x 92 mm<\/td>\n<\/tr>\n<tr>\n<th>Waga<\/th>\n<td>1041 g<\/td>\n<\/tr>\n<tr>\n<th>Zasilanie<\/th>\n<td>przew\u00f3d zasilaj\u0105cy \/ akumulator V mount (16.8V) i D-Tap <\/td>\n<\/tr>\n<\/tbody>\n<\/table>\n<\/div>\n","protected":false},"excerpt":{"rendered":"<p>Lampa LED Neewer MS150C RGB 150W 2700-6500K Lampa LED Neewer MS150C spe\u0142ni oczekiwania filmowc\u00f3w, fotograf\u00f3w i tw\u00f3rc\u00f3w tre\u015bci. Urz\u0105dzenie \u0142\u0105czy<\/p>\n","protected":false},"featured_media":26776,"comment_status":"closed","ping_status":"open","template":"","meta":{"_acf_changed":false},"product_brand":[],"product_cat":[1128,1151,1146],"product_tag":[],"class_list":{"0":"post-26775","1":"product","2":"type-product","3":"status-publish","4":"has-post-thumbnail","6":"product_cat-foto-wideo","7":"product_cat-lampy-studyjne","8":"product_cat-wyposazenie-studia","9":"pa_gross-weight-4997","11":"first","12":"instock","13":"taxable","14":"shipping-taxable","15":"purchasable","16":"product-type-simple"},"acf":[],"yoast_head":"<!-- This site is optimized with the Yoast SEO plugin v27.2 - https:\/\/yoast.com\/product\/yoast-seo-wordpress\/ -->\n<title>Lampa LED Neewer MS150C RGB 150W 2700-6500K - IRONSKY.PL Sklep z Dronami<\/title>\n<meta name=\"description\" content=\"Lampa LED Neewer MS150C RGB 150W 2700-6500K - \u2705 sklep z dronami i fachowym doradztwem. \u2705 Tutaj kupisz produkty DJI, Yuneec, Parrot, Syma i wiele innych, a tak\u017ce kursy i licencje na operatora drona.\" \/>\n<meta name=\"robots\" content=\"index, follow, max-snippet:-1, max-image-preview:large, max-video-preview:-1\" \/>\n<link rel=\"canonical\" href=\"https:\/\/ironsky.pl\/sklep\/produkt\/lampa-led-neewer-ms150c-rgb-150w-2700-6500k\/\" \/>\n<meta property=\"og:locale\" content=\"pl_PL\" \/>\n<meta property=\"og:type\" content=\"article\" \/>\n<meta property=\"og:title\" content=\"Lampa LED Neewer MS150C RGB 150W 2700-6500K - IRONSKY.PL Sklep z Dronami\" \/>\n<meta property=\"og:description\" content=\"Lampa LED Neewer MS150C RGB 150W 2700-6500K - \u2705 sklep z dronami i fachowym doradztwem. \u2705 Tutaj kupisz produkty DJI, Yuneec, Parrot, Syma i wiele innych, a tak\u017ce kursy i licencje na operatora drona.\" \/>\n<meta property=\"og:url\" content=\"https:\/\/ironsky.pl\/sklep\/produkt\/lampa-led-neewer-ms150c-rgb-150w-2700-6500k\/\" \/>\n<meta property=\"og:site_name\" content=\"IRONSKY.PL Sklep z Dronami\" \/>\n<meta property=\"article:modified_time\" content=\"2026-03-13T07:36:07+00:00\" \/>\n<meta property=\"og:image\" content=\"https:\/\/ironsky.pl\/sklep\/wp-content\/uploads\/2024\/09\/42435_1.jpg\" \/>\n\t<meta property=\"og:image:width\" content=\"800\" \/>\n\t<meta property=\"og:image:height\" content=\"800\" \/>\n\t<meta property=\"og:image:type\" content=\"image\/jpeg\" \/>\n<meta name=\"twitter:card\" content=\"summary_large_image\" \/>\n<meta name=\"twitter:label1\" content=\"Szacowany czas czytania\" \/>\n\t<meta name=\"twitter:data1\" content=\"3 minuty\" \/>\n<script type=\"application\/ld+json\" class=\"yoast-schema-graph\">{\"@context\":\"https:\/\/schema.org\",\"@graph\":[{\"@type\":\"WebPage\",\"@id\":\"https:\/\/ironsky.pl\/sklep\/produkt\/lampa-led-neewer-ms150c-rgb-150w-2700-6500k\/\",\"url\":\"https:\/\/ironsky.pl\/sklep\/produkt\/lampa-led-neewer-ms150c-rgb-150w-2700-6500k\/\",\"name\":\"Lampa LED Neewer MS150C RGB 150W 2700-6500K - IRONSKY.PL Sklep z Dronami\",\"isPartOf\":{\"@id\":\"https:\/\/ironsky.pl\/sklep\/#website\"},\"primaryImageOfPage\":{\"@id\":\"https:\/\/ironsky.pl\/sklep\/produkt\/lampa-led-neewer-ms150c-rgb-150w-2700-6500k\/#primaryimage\"},\"image\":{\"@id\":\"https:\/\/ironsky.pl\/sklep\/produkt\/lampa-led-neewer-ms150c-rgb-150w-2700-6500k\/#primaryimage\"},\"thumbnailUrl\":\"https:\/\/ironsky.pl\/sklep\/wp-content\/uploads\/2024\/09\/42435_1.jpg\",\"datePublished\":\"2024-09-16T17:43:34+00:00\",\"dateModified\":\"2026-03-13T07:36:07+00:00\",\"description\":\"Lampa LED Neewer MS150C RGB 150W 2700-6500K - \u2705 sklep z dronami i fachowym doradztwem. \u2705 Tutaj kupisz produkty DJI, Yuneec, Parrot, Syma i wiele innych, a tak\u017ce kursy i licencje na operatora drona.\",\"breadcrumb\":{\"@id\":\"https:\/\/ironsky.pl\/sklep\/produkt\/lampa-led-neewer-ms150c-rgb-150w-2700-6500k\/#breadcrumb\"},\"inLanguage\":\"pl-PL\",\"potentialAction\":[{\"@type\":\"ReadAction\",\"target\":[\"https:\/\/ironsky.pl\/sklep\/produkt\/lampa-led-neewer-ms150c-rgb-150w-2700-6500k\/\"]}]},{\"@type\":\"ImageObject\",\"inLanguage\":\"pl-PL\",\"@id\":\"https:\/\/ironsky.pl\/sklep\/produkt\/lampa-led-neewer-ms150c-rgb-150w-2700-6500k\/#primaryimage\",\"url\":\"https:\/\/ironsky.pl\/sklep\/wp-content\/uploads\/2024\/09\/42435_1.jpg\",\"contentUrl\":\"https:\/\/ironsky.pl\/sklep\/wp-content\/uploads\/2024\/09\/42435_1.jpg\",\"width\":800,\"height\":800},{\"@type\":\"BreadcrumbList\",\"@id\":\"https:\/\/ironsky.pl\/sklep\/produkt\/lampa-led-neewer-ms150c-rgb-150w-2700-6500k\/#breadcrumb\",\"itemListElement\":[{\"@type\":\"ListItem\",\"position\":1,\"name\":\"Strona g\u0142\u00f3wna\",\"item\":\"https:\/\/ironsky.pl\/sklep\/\"},{\"@type\":\"ListItem\",\"position\":2,\"name\":\"Wszystkie produkty\",\"item\":\"https:\/\/ironsky.pl\/sklep\/sklep\/\"},{\"@type\":\"ListItem\",\"position\":3,\"name\":\"Lampa LED Neewer MS150C RGB 150W 2700-6500K\"}]},{\"@type\":\"WebSite\",\"@id\":\"https:\/\/ironsky.pl\/sklep\/#website\",\"url\":\"https:\/\/ironsky.pl\/sklep\/\",\"name\":\"IRONSKY.PL Sklep z Dronami\",\"description\":\"IRONSKY.PL Sklep z Dronami\",\"potentialAction\":[{\"@type\":\"SearchAction\",\"target\":{\"@type\":\"EntryPoint\",\"urlTemplate\":\"https:\/\/ironsky.pl\/sklep\/?s={search_term_string}\"},\"query-input\":{\"@type\":\"PropertyValueSpecification\",\"valueRequired\":true,\"valueName\":\"search_term_string\"}}],\"inLanguage\":\"pl-PL\"}]}<\/script>\n<!-- \/ Yoast SEO plugin. -->","yoast_head_json":{"title":"Lampa LED Neewer MS150C RGB 150W 2700-6500K - IRONSKY.PL Sklep z Dronami","description":"Lampa LED Neewer MS150C RGB 150W 2700-6500K - \u2705 sklep z dronami i fachowym doradztwem. \u2705 Tutaj kupisz produkty DJI, Yuneec, Parrot, Syma i wiele innych, a tak\u017ce kursy i licencje na operatora drona.","robots":{"index":"index","follow":"follow","max-snippet":"max-snippet:-1","max-image-preview":"max-image-preview:large","max-video-preview":"max-video-preview:-1"},"canonical":"https:\/\/ironsky.pl\/sklep\/produkt\/lampa-led-neewer-ms150c-rgb-150w-2700-6500k\/","og_locale":"pl_PL","og_type":"article","og_title":"Lampa LED Neewer MS150C RGB 150W 2700-6500K - IRONSKY.PL Sklep z Dronami","og_description":"Lampa LED Neewer MS150C RGB 150W 2700-6500K - \u2705 sklep z dronami i fachowym doradztwem. \u2705 Tutaj kupisz produkty DJI, Yuneec, Parrot, Syma i wiele innych, a tak\u017ce kursy i licencje na operatora drona.","og_url":"https:\/\/ironsky.pl\/sklep\/produkt\/lampa-led-neewer-ms150c-rgb-150w-2700-6500k\/","og_site_name":"IRONSKY.PL Sklep z Dronami","article_modified_time":"2026-03-13T07:36:07+00:00","og_image":[{"width":800,"height":800,"url":"https:\/\/ironsky.pl\/sklep\/wp-content\/uploads\/2024\/09\/42435_1.jpg","type":"image\/jpeg"}],"twitter_card":"summary_large_image","twitter_misc":{"Szacowany czas czytania":"3 minuty"},"schema":{"@context":"https:\/\/schema.org","@graph":[{"@type":"WebPage","@id":"https:\/\/ironsky.pl\/sklep\/produkt\/lampa-led-neewer-ms150c-rgb-150w-2700-6500k\/","url":"https:\/\/ironsky.pl\/sklep\/produkt\/lampa-led-neewer-ms150c-rgb-150w-2700-6500k\/","name":"Lampa LED Neewer MS150C RGB 150W 2700-6500K - IRONSKY.PL Sklep z Dronami","isPartOf":{"@id":"https:\/\/ironsky.pl\/sklep\/#website"},"primaryImageOfPage":{"@id":"https:\/\/ironsky.pl\/sklep\/produkt\/lampa-led-neewer-ms150c-rgb-150w-2700-6500k\/#primaryimage"},"image":{"@id":"https:\/\/ironsky.pl\/sklep\/produkt\/lampa-led-neewer-ms150c-rgb-150w-2700-6500k\/#primaryimage"},"thumbnailUrl":"https:\/\/ironsky.pl\/sklep\/wp-content\/uploads\/2024\/09\/42435_1.jpg","datePublished":"2024-09-16T17:43:34+00:00","dateModified":"2026-03-13T07:36:07+00:00","description":"Lampa LED Neewer MS150C RGB 150W 2700-6500K - \u2705 sklep z dronami i fachowym doradztwem. \u2705 Tutaj kupisz produkty DJI, Yuneec, Parrot, Syma i wiele innych, a tak\u017ce kursy i licencje na operatora drona.","breadcrumb":{"@id":"https:\/\/ironsky.pl\/sklep\/produkt\/lampa-led-neewer-ms150c-rgb-150w-2700-6500k\/#breadcrumb"},"inLanguage":"pl-PL","potentialAction":[{"@type":"ReadAction","target":["https:\/\/ironsky.pl\/sklep\/produkt\/lampa-led-neewer-ms150c-rgb-150w-2700-6500k\/"]}]},{"@type":"ImageObject","inLanguage":"pl-PL","@id":"https:\/\/ironsky.pl\/sklep\/produkt\/lampa-led-neewer-ms150c-rgb-150w-2700-6500k\/#primaryimage","url":"https:\/\/ironsky.pl\/sklep\/wp-content\/uploads\/2024\/09\/42435_1.jpg","contentUrl":"https:\/\/ironsky.pl\/sklep\/wp-content\/uploads\/2024\/09\/42435_1.jpg","width":800,"height":800},{"@type":"BreadcrumbList","@id":"https:\/\/ironsky.pl\/sklep\/produkt\/lampa-led-neewer-ms150c-rgb-150w-2700-6500k\/#breadcrumb","itemListElement":[{"@type":"ListItem","position":1,"name":"Strona g\u0142\u00f3wna","item":"https:\/\/ironsky.pl\/sklep\/"},{"@type":"ListItem","position":2,"name":"Wszystkie produkty","item":"https:\/\/ironsky.pl\/sklep\/sklep\/"},{"@type":"ListItem","position":3,"name":"Lampa LED Neewer MS150C RGB 150W 2700-6500K"}]},{"@type":"WebSite","@id":"https:\/\/ironsky.pl\/sklep\/#website","url":"https:\/\/ironsky.pl\/sklep\/","name":"IRONSKY.PL Sklep z Dronami","description":"IRONSKY.PL Sklep z Dronami","potentialAction":[{"@type":"SearchAction","target":{"@type":"EntryPoint","urlTemplate":"https:\/\/ironsky.pl\/sklep\/?s={search_term_string}"},"query-input":{"@type":"PropertyValueSpecification","valueRequired":true,"valueName":"search_term_string"}}],"inLanguage":"pl-PL"}]}},"_links":{"self":[{"href":"https:\/\/ironsky.pl\/sklep\/wp-json\/wp\/v2\/product\/26775","targetHints":{"allow":["GET"]}}],"collection":[{"href":"https:\/\/ironsky.pl\/sklep\/wp-json\/wp\/v2\/product"}],"about":[{"href":"https:\/\/ironsky.pl\/sklep\/wp-json\/wp\/v2\/types\/product"}],"replies":[{"embeddable":true,"href":"https:\/\/ironsky.pl\/sklep\/wp-json\/wp\/v2\/comments?post=26775"}],"wp:featuredmedia":[{"embeddable":true,"href":"https:\/\/ironsky.pl\/sklep\/wp-json\/wp\/v2\/media\/26776"}],"wp:attachment":[{"href":"https:\/\/ironsky.pl\/sklep\/wp-json\/wp\/v2\/media?parent=26775"}],"wp:term":[{"taxonomy":"product_brand","embeddable":true,"href":"https:\/\/ironsky.pl\/sklep\/wp-json\/wp\/v2\/product_brand?post=26775"},{"taxonomy":"product_cat","embeddable":true,"href":"https:\/\/ironsky.pl\/sklep\/wp-json\/wp\/v2\/product_cat?post=26775"},{"taxonomy":"product_tag","embeddable":true,"href":"https:\/\/ironsky.pl\/sklep\/wp-json\/wp\/v2\/product_tag?post=26775"}],"curies":[{"name":"wp","href":"https:\/\/api.w.org\/{rel}","templated":true}]}}