{"id":26770,"date":"2024-09-16T19:43:34","date_gmt":"2024-09-16T17:43:34","guid":{"rendered":"http:\/\/gvshalph.pro-linuxpl.com\/ironskyprodukty\/produkt\/lampa-led-neewer-tl120c-rgb\/"},"modified":"2026-03-05T15:52:41","modified_gmt":"2026-03-05T14:52:41","slug":"lampa-led-neewer-tl120c-rgb","status":"publish","type":"product","link":"https:\/\/ironsky.pl\/sklep\/produkt\/lampa-led-neewer-tl120c-rgb\/","title":{"rendered":"Lampa LED Neewer TL120C RGB"},"content":{"rendered":"<h3>Lampa LED Neewer TL120C RGB<\/h3>\n<p>Lampa LED Neewer TL120C oferuje technologi\u0119 mieszania \u015bwiat\u0142a RGBWW, a jej d\u0142ugo\u015b\u0107 przed\u0142u\u017ca\u0107 mo\u017cna do 127 cm. Dzi\u0119ki mocy 42 W i maksymalnemu o\u015bwietleniu 2000 lux przy 0,5 m (5600K) urz\u0105dzenie zapewnia mi\u0119kkie i zbalansowane rozproszenie \u015bwiat\u0142a, oferuj\u0105c jednocze\u015bnie szeroki zakres temperatury barwowej (od 2500 do 10 000 K), wysoki wsp\u00f3\u0142czynnik oddawania kolor\u00f3w (CRI 97+ \/ TLCI 98+) oraz pokrycie 90% przestrzeni kolor\u00f3w Rec. 2020.<\/p>\n<p>\n<img decoding=\"async\" border=\"0\" src=\"https:\/\/assets.innpro.pl\/6038\/7086\/1.jpg\"\/>\n<\/p>\n<h3>Niezale\u017cnie sterowane piksele<\/h3>\n<p>Lamp\u0119 Neewer TL120C wyposa\u017cono w 32-bitowe piksele, kt\u00f3re mo\u017cna niezale\u017cnie kontrolowa\u0107, dostosowuj\u0105c jasno\u015b\u0107, temperatur\u0119 barwow\u0105 oraz efekty \u015bwietlne ka\u017cdego segmentu. 7 efekt\u00f3w pikseli umo\u017cliwia precyzyjne odwzorowanie r\u00f3\u017cnych scenariuszy, a 18 efekt\u00f3w scenicznych dodaje realizmu i dynamiki.<\/p>\n<p>\n<img decoding=\"async\" border=\"0\" src=\"https:\/\/assets.innpro.pl\/6038\/7086\/3.jpg\"\/>\n<\/p>\n<h3>Zaawansowane opcje \u015bciemniania<\/h3>\n<p>Model TL120C oferuje zaawansowane typy \u015bciemniania PWM, w tym eksponencjalne, logarytmiczne, typu S i liniowe, kt\u00f3re umo\u017cliwiaj\u0105 p\u0142ynn\u0105 i precyzyjn\u0105 regulacj\u0119 jasno\u015bci. Tryb HSI oferuje dost\u0119p do 36000 kolor\u00f3w, a tryb RGBCW umo\u017cliwia regulacj\u0119 stosunku kolor\u00f3w od 0 do 255.<\/p>\n<p>\n<img decoding=\"async\" border=\"0\" src=\"https:\/\/assets.innpro.pl\/6038\/7086\/2.jpg\"\/>\n<\/p>\n<h3>Wiele mo\u017cliwo\u015bci sterowania<\/h3>\n<p>Urz\u0105dzenie mo\u017cna obs\u0142ugiwa\u0107 za pomoc\u0105 przycisk\u00f3w lub bezprzewodowo przez system 2.4G oraz aplikacj\u0119 NEEWER. Dzi\u0119ki technologii Infinity Network Meshing mo\u017cna jednocze\u015bnie sterowa\u0107 setkami innych \u015bwiate\u0142 lub programowa\u0107 wiele lamp TL120C, aby uzyska\u0107 dynamiczne efekty.<\/p>\n<p>\n<img decoding=\"async\" border=\"0\" src=\"https:\/\/assets.innpro.pl\/6038\/7086\/7.jpg\"\/>\n<\/p>\n<h3>Wydajno\u015b\u0107 i dopracowana konstrukcja<\/h3>\n<p>Ciesz si\u0119 d\u0142ugim czasem dzia\u0142ania lampy. Model TL120C wyposa\u017cony jest w akumulator o pojemno\u015bci 6000 mAh, kt\u00f3ry zapewnia do 120 minut ci\u0105g\u0142ego dzia\u0142ania przy 100% jasno\u015bci. Lampa wyr\u00f3\u017cnia si\u0119 tak\u017ce smuk\u0142ym i eleganckim kszta\u0142tem \u2013 jej \u015brednica wynosi 4,5 cm, a waga nie przekracza 3,23 kg, dzi\u0119ki czemu harmonijnie \u0142\u0105czy si\u0119 z t\u0142em.<\/p>\n<p>\n<img decoding=\"async\" border=\"0\" src=\"https:\/\/assets.innpro.pl\/6038\/7086\/6.jpg\"\/>\n<\/p>\n<h3>Wsp\u00f3\u0142praca z innymi urz\u0105dzeniami Neewer<\/h3>\n<p>TL120C umo\u017cliwia integracj\u0119 z innymi urz\u0105dzeniami o\u015bwietleniowymi Neewer, takimi jak TL60, BH30S, CB300, CB300B, CB200, CB200B, FS150, FS150B i FS230, co pozwala na tworzenie jeszcze bardziej zaawansowanych efekt\u00f3w \u015bwietlnych. Jest to idealne rozwi\u0105zanie dla reklam, produkcji filmowej czy te\u017c teledysk\u00f3w. Lampa sprawdzi si\u0119 tak\u017ce podczas vlogowania czy streamingu na \u017cywo.<\/p>\n<p>\n<img decoding=\"async\" border=\"0\" src=\"https:\/\/assets.innpro.pl\/6038\/7086\/4.jpg\"\/>\n<\/p>\n<h3>Mobilno\u015b\u0107 i \u0142atwo\u015b\u0107 monta\u017cu<\/h3>\n<p>Dzi\u0119ki kompaktowej konstrukcji oraz r\u00f3\u017cnorodno\u015bci opcji monta\u017cowych, w tym gwintowi 1\/4&#8243; na spodzie, TL120C mo\u017cna \u0142atwo zamontowa\u0107 na r\u00f3\u017cnego rodzaju statywach lub za pomoc\u0105 dostarczonych zacisk\u00f3w i drut\u00f3w stalowych.<\/p>\n<p>\n<img decoding=\"async\" border=\"0\" src=\"https:\/\/assets.innpro.pl\/6038\/7086\/5.jpg\"\/>\n<\/p>\n<h3>W zestawie:<\/h3>\n<ul class=\"list-disc pl-5\">\n<li>Lampa LED x1<\/li>\n<li>Adapter zasilaj\u0105cy x1<\/li>\n<li>Kabel zasilaj\u0105cy x1<\/li>\n<li>Drut stalowy x2<\/li>\n<li>Zacisk monta\u017cowy x2<\/li>\n<li>Kabel DMX RJ45 x1<\/li>\n<li>Torba do przechowywania x1<\/li>\n<li>Instrukcja obs\u0142ugi x1<\/li>\n<\/ul>\n<div class=\"table-wrapper\">\n<p>\u00a0<\/p>\n<h3><\/h3>\n<table>\n<tbody>\n<tr>\n<th>Producent<\/th>\n<td>Neewer <\/td>\n<\/tr>\n<tr>\n<th>Model<\/th>\n<td>TL120C<\/td>\n<\/tr>\n<tr>\n<th>Zakres barw<\/th>\n<td>0-360\u00b0<\/td>\n<\/tr>\n<tr>\n<th>Nasycenie<\/th>\n<td>0-100<\/td>\n<\/tr>\n<tr>\n<th>Tryb efekt\u00f3w scenariuszy<\/th>\n<td>18 rodzaj\u00f3w<\/td>\n<\/tr>\n<tr>\n<th>Jasno\u015b\u0107<\/th>\n<td>0%-100% (wzrost o 1%)<\/td>\n<\/tr>\n<tr>\n<th>Tryb efekt\u00f3w pikselowych<\/th>\n<td>7 rodzaj\u00f3w<\/td>\n<\/tr>\n<tr>\n<th>Tryb RGBCW<\/th>\n<td>0-255<\/td>\n<\/tr>\n<tr>\n<th>Warto\u015b\u0107 kompensacji czerwieni i zieleni GM<\/th>\n<td>-50~+50<\/td>\n<\/tr>\n<tr>\n<th>Tryb temperatury kolor\u00f3w CCT<\/th>\n<td>Tak<\/td>\n<\/tr>\n<tr>\n<th>Tryb \u015bwiat\u0142a kolorowego HS<\/th>\n<td>Tak<\/td>\n<\/tr>\n<tr>\n<th>Zakres warto\u015bci wsp\u00f3\u0142rz\u0119dnych XY<\/th>\n<td>0.0001-0.8000<\/td>\n<\/tr>\n<tr>\n<th>Model krzywej \u015bciemniania<\/th>\n<td>liniowy \/ S-typ \/ logarytmiczny \/ wyk\u0142adniczy<\/td>\n<\/tr>\n<tr>\n<th>Dostosowanie koloru papieru<\/th>\n<td>40 rodzaj\u00f3w<\/td>\n<\/tr>\n<tr>\n<th>Wbudowany akumulator<\/th>\n<td>14.4V\/6000mAh\/86.4Wh<\/td>\n<\/tr>\n<tr>\n<th>Czas pracy<\/th>\n<td>120 minut (100% jasno\u015bci)<\/td>\n<\/tr>\n<tr>\n<th>Czas \u0142adowania<\/th>\n<td>120 minut<\/td>\n<\/tr>\n<tr>\n<th>Wej\u015bcie DC<\/th>\n<td>DC 20V\/5A<\/td>\n<\/tr>\n<tr>\n<th>Kompatybilno\u015b\u0107<\/th>\n<td>Telefony iOS\/Android<\/td>\n<\/tr>\n<tr>\n<th>Maksymalna moc<\/th>\n<td>42 W<\/td>\n<\/tr>\n<tr>\n<th>Maksymalne o\u015bwietlenie<\/th>\n<td>2000 lux przy 0,5 m (5600K)<\/td>\n<\/tr>\n<tr>\n<th>Zakres temperatury barwowej<\/th>\n<td>od 2500 do 10000K<\/td>\n<\/tr>\n<tr>\n<th>Tryb koloru<\/th>\n<td>Cool \/ Warm \/ RGB<\/td>\n<\/tr>\n<tr>\n<th>CRI\/TLCI<\/th>\n<td>97+\/98+<\/td>\n<\/tr>\n<tr>\n<th>Liczba efekt\u00f3w specjalnych <\/th>\n<td>25<\/td>\n<\/tr>\n<tr>\n<th>Sterowanie bezprzewodowe 2.4G<\/th>\n<td>Tak<\/td>\n<\/tr>\n<tr>\n<th>Sterowanie bezprzewodowe przez aplikacj\u0119<\/th>\n<td>Tak<\/td>\n<\/tr>\n<tr>\n<th>Temperatura robocza<\/th>\n<td>od -10\u00b0C\u201340\u00b0C<\/td>\n<\/tr>\n<tr>\n<th>Punkty monta\u017cowe<\/th>\n<td>Gwint 1\/4&#8243;<\/td>\n<\/tr>\n<tr>\n<th>G\u0142\u00f3wny materia\u0142<\/th>\n<td>Plastik<\/td>\n<\/tr>\n<tr>\n<th>Wymiary<\/th>\n<td>4,5 x 127 cm<\/td>\n<\/tr>\n<tr>\n<th>Waga<\/th>\n<td>3,23 kg<\/td>\n<\/tr>\n<\/tbody>\n<\/table>\n<\/div>\n","protected":false},"excerpt":{"rendered":"<p>Lampa LED Neewer TL120C RGB Lampa LED Neewer TL120C oferuje technologi\u0119 mieszania \u015bwiat\u0142a RGBWW, a jej d\u0142ugo\u015b\u0107 przed\u0142u\u017ca\u0107 mo\u017cna do<\/p>\n","protected":false},"featured_media":26771,"comment_status":"closed","ping_status":"open","template":"","meta":{"_acf_changed":false},"product_brand":[],"product_cat":[1128,1151,1146],"product_tag":[],"class_list":{"0":"post-26770","1":"product","2":"type-product","3":"status-publish","4":"has-post-thumbnail","6":"product_cat-foto-wideo","7":"product_cat-lampy-studyjne","8":"product_cat-wyposazenie-studia","9":"pa_gross-weight-4996","11":"first","12":"outofstock","13":"taxable","14":"shipping-taxable","15":"purchasable","16":"product-type-simple"},"acf":[],"yoast_head":"<!-- This site is optimized with the Yoast SEO plugin v27.2 - https:\/\/yoast.com\/product\/yoast-seo-wordpress\/ -->\n<title>Lampa LED Neewer TL120C RGB - IRONSKY.PL Sklep z Dronami<\/title>\n<meta name=\"description\" content=\"Lampa LED Neewer TL120C RGB - \u2705 sklep z dronami i fachowym doradztwem. \u2705 Tutaj kupisz produkty DJI, Yuneec, Parrot, Syma i wiele innych, a tak\u017ce kursy i licencje na operatora drona.\" \/>\n<meta name=\"robots\" content=\"index, follow, max-snippet:-1, max-image-preview:large, max-video-preview:-1\" \/>\n<link rel=\"canonical\" href=\"https:\/\/ironsky.pl\/sklep\/produkt\/lampa-led-neewer-tl120c-rgb\/\" \/>\n<meta property=\"og:locale\" content=\"pl_PL\" \/>\n<meta property=\"og:type\" content=\"article\" \/>\n<meta property=\"og:title\" content=\"Lampa LED Neewer TL120C RGB - IRONSKY.PL Sklep z Dronami\" \/>\n<meta property=\"og:description\" content=\"Lampa LED Neewer TL120C RGB - \u2705 sklep z dronami i fachowym doradztwem. \u2705 Tutaj kupisz produkty DJI, Yuneec, Parrot, Syma i wiele innych, a tak\u017ce kursy i licencje na operatora drona.\" \/>\n<meta property=\"og:url\" content=\"https:\/\/ironsky.pl\/sklep\/produkt\/lampa-led-neewer-tl120c-rgb\/\" \/>\n<meta property=\"og:site_name\" content=\"IRONSKY.PL Sklep z Dronami\" \/>\n<meta property=\"article:modified_time\" content=\"2026-03-05T14:52:41+00:00\" \/>\n<meta property=\"og:image\" content=\"https:\/\/ironsky.pl\/sklep\/wp-content\/uploads\/2024\/09\/42428_1.jpg\" \/>\n\t<meta property=\"og:image:width\" content=\"800\" \/>\n\t<meta property=\"og:image:height\" content=\"800\" \/>\n\t<meta property=\"og:image:type\" content=\"image\/jpeg\" \/>\n<meta name=\"twitter:card\" content=\"summary_large_image\" \/>\n<meta name=\"twitter:label1\" content=\"Szacowany czas czytania\" \/>\n\t<meta name=\"twitter:data1\" content=\"3 minuty\" \/>\n<script type=\"application\/ld+json\" class=\"yoast-schema-graph\">{\"@context\":\"https:\/\/schema.org\",\"@graph\":[{\"@type\":\"WebPage\",\"@id\":\"https:\/\/ironsky.pl\/sklep\/produkt\/lampa-led-neewer-tl120c-rgb\/\",\"url\":\"https:\/\/ironsky.pl\/sklep\/produkt\/lampa-led-neewer-tl120c-rgb\/\",\"name\":\"Lampa LED Neewer TL120C RGB - IRONSKY.PL Sklep z Dronami\",\"isPartOf\":{\"@id\":\"https:\/\/ironsky.pl\/sklep\/#website\"},\"primaryImageOfPage\":{\"@id\":\"https:\/\/ironsky.pl\/sklep\/produkt\/lampa-led-neewer-tl120c-rgb\/#primaryimage\"},\"image\":{\"@id\":\"https:\/\/ironsky.pl\/sklep\/produkt\/lampa-led-neewer-tl120c-rgb\/#primaryimage\"},\"thumbnailUrl\":\"https:\/\/ironsky.pl\/sklep\/wp-content\/uploads\/2024\/09\/42428_1.jpg\",\"datePublished\":\"2024-09-16T17:43:34+00:00\",\"dateModified\":\"2026-03-05T14:52:41+00:00\",\"description\":\"Lampa LED Neewer TL120C RGB - \u2705 sklep z dronami i fachowym doradztwem. \u2705 Tutaj kupisz produkty DJI, Yuneec, Parrot, Syma i wiele innych, a tak\u017ce kursy i licencje na operatora drona.\",\"breadcrumb\":{\"@id\":\"https:\/\/ironsky.pl\/sklep\/produkt\/lampa-led-neewer-tl120c-rgb\/#breadcrumb\"},\"inLanguage\":\"pl-PL\",\"potentialAction\":[{\"@type\":\"ReadAction\",\"target\":[\"https:\/\/ironsky.pl\/sklep\/produkt\/lampa-led-neewer-tl120c-rgb\/\"]}]},{\"@type\":\"ImageObject\",\"inLanguage\":\"pl-PL\",\"@id\":\"https:\/\/ironsky.pl\/sklep\/produkt\/lampa-led-neewer-tl120c-rgb\/#primaryimage\",\"url\":\"https:\/\/ironsky.pl\/sklep\/wp-content\/uploads\/2024\/09\/42428_1.jpg\",\"contentUrl\":\"https:\/\/ironsky.pl\/sklep\/wp-content\/uploads\/2024\/09\/42428_1.jpg\",\"width\":800,\"height\":800},{\"@type\":\"BreadcrumbList\",\"@id\":\"https:\/\/ironsky.pl\/sklep\/produkt\/lampa-led-neewer-tl120c-rgb\/#breadcrumb\",\"itemListElement\":[{\"@type\":\"ListItem\",\"position\":1,\"name\":\"Strona g\u0142\u00f3wna\",\"item\":\"https:\/\/ironsky.pl\/sklep\/\"},{\"@type\":\"ListItem\",\"position\":2,\"name\":\"Wszystkie produkty\",\"item\":\"https:\/\/ironsky.pl\/sklep\/produkty\/\"},{\"@type\":\"ListItem\",\"position\":3,\"name\":\"Lampa LED Neewer TL120C RGB\"}]},{\"@type\":\"WebSite\",\"@id\":\"https:\/\/ironsky.pl\/sklep\/#website\",\"url\":\"https:\/\/ironsky.pl\/sklep\/\",\"name\":\"IRONSKY.PL Sklep z Dronami\",\"description\":\"IRONSKY.PL Sklep z Dronami\",\"potentialAction\":[{\"@type\":\"SearchAction\",\"target\":{\"@type\":\"EntryPoint\",\"urlTemplate\":\"https:\/\/ironsky.pl\/sklep\/?s={search_term_string}\"},\"query-input\":{\"@type\":\"PropertyValueSpecification\",\"valueRequired\":true,\"valueName\":\"search_term_string\"}}],\"inLanguage\":\"pl-PL\"}]}<\/script>\n<!-- \/ Yoast SEO plugin. -->","yoast_head_json":{"title":"Lampa LED Neewer TL120C RGB - IRONSKY.PL Sklep z Dronami","description":"Lampa LED Neewer TL120C RGB - \u2705 sklep z dronami i fachowym doradztwem. \u2705 Tutaj kupisz produkty DJI, Yuneec, Parrot, Syma i wiele innych, a tak\u017ce kursy i licencje na operatora drona.","robots":{"index":"index","follow":"follow","max-snippet":"max-snippet:-1","max-image-preview":"max-image-preview:large","max-video-preview":"max-video-preview:-1"},"canonical":"https:\/\/ironsky.pl\/sklep\/produkt\/lampa-led-neewer-tl120c-rgb\/","og_locale":"pl_PL","og_type":"article","og_title":"Lampa LED Neewer TL120C RGB - IRONSKY.PL Sklep z Dronami","og_description":"Lampa LED Neewer TL120C RGB - \u2705 sklep z dronami i fachowym doradztwem. \u2705 Tutaj kupisz produkty DJI, Yuneec, Parrot, Syma i wiele innych, a tak\u017ce kursy i licencje na operatora drona.","og_url":"https:\/\/ironsky.pl\/sklep\/produkt\/lampa-led-neewer-tl120c-rgb\/","og_site_name":"IRONSKY.PL Sklep z Dronami","article_modified_time":"2026-03-05T14:52:41+00:00","og_image":[{"width":800,"height":800,"url":"https:\/\/ironsky.pl\/sklep\/wp-content\/uploads\/2024\/09\/42428_1.jpg","type":"image\/jpeg"}],"twitter_card":"summary_large_image","twitter_misc":{"Szacowany czas czytania":"3 minuty"},"schema":{"@context":"https:\/\/schema.org","@graph":[{"@type":"WebPage","@id":"https:\/\/ironsky.pl\/sklep\/produkt\/lampa-led-neewer-tl120c-rgb\/","url":"https:\/\/ironsky.pl\/sklep\/produkt\/lampa-led-neewer-tl120c-rgb\/","name":"Lampa LED Neewer TL120C RGB - IRONSKY.PL Sklep z Dronami","isPartOf":{"@id":"https:\/\/ironsky.pl\/sklep\/#website"},"primaryImageOfPage":{"@id":"https:\/\/ironsky.pl\/sklep\/produkt\/lampa-led-neewer-tl120c-rgb\/#primaryimage"},"image":{"@id":"https:\/\/ironsky.pl\/sklep\/produkt\/lampa-led-neewer-tl120c-rgb\/#primaryimage"},"thumbnailUrl":"https:\/\/ironsky.pl\/sklep\/wp-content\/uploads\/2024\/09\/42428_1.jpg","datePublished":"2024-09-16T17:43:34+00:00","dateModified":"2026-03-05T14:52:41+00:00","description":"Lampa LED Neewer TL120C RGB - \u2705 sklep z dronami i fachowym doradztwem. \u2705 Tutaj kupisz produkty DJI, Yuneec, Parrot, Syma i wiele innych, a tak\u017ce kursy i licencje na operatora drona.","breadcrumb":{"@id":"https:\/\/ironsky.pl\/sklep\/produkt\/lampa-led-neewer-tl120c-rgb\/#breadcrumb"},"inLanguage":"pl-PL","potentialAction":[{"@type":"ReadAction","target":["https:\/\/ironsky.pl\/sklep\/produkt\/lampa-led-neewer-tl120c-rgb\/"]}]},{"@type":"ImageObject","inLanguage":"pl-PL","@id":"https:\/\/ironsky.pl\/sklep\/produkt\/lampa-led-neewer-tl120c-rgb\/#primaryimage","url":"https:\/\/ironsky.pl\/sklep\/wp-content\/uploads\/2024\/09\/42428_1.jpg","contentUrl":"https:\/\/ironsky.pl\/sklep\/wp-content\/uploads\/2024\/09\/42428_1.jpg","width":800,"height":800},{"@type":"BreadcrumbList","@id":"https:\/\/ironsky.pl\/sklep\/produkt\/lampa-led-neewer-tl120c-rgb\/#breadcrumb","itemListElement":[{"@type":"ListItem","position":1,"name":"Strona g\u0142\u00f3wna","item":"https:\/\/ironsky.pl\/sklep\/"},{"@type":"ListItem","position":2,"name":"Wszystkie produkty","item":"https:\/\/ironsky.pl\/sklep\/produkty\/"},{"@type":"ListItem","position":3,"name":"Lampa LED Neewer TL120C RGB"}]},{"@type":"WebSite","@id":"https:\/\/ironsky.pl\/sklep\/#website","url":"https:\/\/ironsky.pl\/sklep\/","name":"IRONSKY.PL Sklep z Dronami","description":"IRONSKY.PL Sklep z Dronami","potentialAction":[{"@type":"SearchAction","target":{"@type":"EntryPoint","urlTemplate":"https:\/\/ironsky.pl\/sklep\/?s={search_term_string}"},"query-input":{"@type":"PropertyValueSpecification","valueRequired":true,"valueName":"search_term_string"}}],"inLanguage":"pl-PL"}]}},"_links":{"self":[{"href":"https:\/\/ironsky.pl\/sklep\/wp-json\/wp\/v2\/product\/26770","targetHints":{"allow":["GET"]}}],"collection":[{"href":"https:\/\/ironsky.pl\/sklep\/wp-json\/wp\/v2\/product"}],"about":[{"href":"https:\/\/ironsky.pl\/sklep\/wp-json\/wp\/v2\/types\/product"}],"replies":[{"embeddable":true,"href":"https:\/\/ironsky.pl\/sklep\/wp-json\/wp\/v2\/comments?post=26770"}],"wp:featuredmedia":[{"embeddable":true,"href":"https:\/\/ironsky.pl\/sklep\/wp-json\/wp\/v2\/media\/26771"}],"wp:attachment":[{"href":"https:\/\/ironsky.pl\/sklep\/wp-json\/wp\/v2\/media?parent=26770"}],"wp:term":[{"taxonomy":"product_brand","embeddable":true,"href":"https:\/\/ironsky.pl\/sklep\/wp-json\/wp\/v2\/product_brand?post=26770"},{"taxonomy":"product_cat","embeddable":true,"href":"https:\/\/ironsky.pl\/sklep\/wp-json\/wp\/v2\/product_cat?post=26770"},{"taxonomy":"product_tag","embeddable":true,"href":"https:\/\/ironsky.pl\/sklep\/wp-json\/wp\/v2\/product_tag?post=26770"}],"curies":[{"name":"wp","href":"https:\/\/api.w.org\/{rel}","templated":true}]}}