{"id":26762,"date":"2024-09-16T19:42:46","date_gmt":"2024-09-16T17:42:46","guid":{"rendered":"http:\/\/gvshalph.pro-linuxpl.com\/ironskyprodukty\/produkt\/zestaw-filtrow-magnetycznych-vnd-freewell-77-mm\/"},"modified":"2026-03-05T15:52:40","modified_gmt":"2026-03-05T14:52:40","slug":"zestaw-filtrow-magnetycznych-vnd-freewell-77-mm","status":"publish","type":"product","link":"https:\/\/ironsky.pl\/sklep\/produkt\/zestaw-filtrow-magnetycznych-vnd-freewell-77-mm\/","title":{"rendered":"Zestaw filtr\u00f3w magnetycznych VND Freewell 77 MM"},"content":{"rendered":"<h3>Zestaw filtr\u00f3w magnetycznych VND Freewell 77 MM<\/h3>\n<p>Zestaw filtr\u00f3w magnetycznych VND 77 mm marki Freewell to obecnie najbardziej wszechstronny system VND na rynku, kt\u00f3ry zapewnia dost\u0119p do szeregu funkcji, pozwalaj\u0105cych osi\u0105gn\u0105\u0107 po\u017c\u0105dane efekty w ka\u017cdych warunkach. Dzi\u0119ki niemu z \u0142atwo\u015bci\u0105 zredukujesz \u015bwiat\u0142o (VND2-5, VND6-9), wyeliminujesz odblaski (CPL) czy te\u017c osi\u0105gniesz efekt mglistego obrazu (VNDXMIST2-5, VNDXMIST6-9, GLOW MIST). Szk\u0142o optyczne o wysokiej rozdzielczo\u015bci z 18-warstwow\u0105 pow\u0142ok\u0105 wielokrotn\u0105 gwarantuje nieskazitelnie czysty obraz, a solidna, magnetyczna konstrukcja zapewnia stabilno\u015b\u0107 i niezawodno\u015b\u0107. Ponadto zakres rozszerzony od 2 do 9 stopni daje pe\u0142n\u0105 kontrol\u0119 nad ilo\u015bci\u0105 wpadaj\u0105cego \u015bwiat\u0142a. W zestawie znajdziesz tak\u017ce magnetyczny mechanizm szybkiej wymiany i etui ochronne.<\/p>\n<p><img decoding=\"async\" src=\"https:\/\/assets.innpro.pl\/5621\/6620\/4.jpg\" border=\"0\" alt=\"\" \/><\/p>\n<h3>Szereg cech<\/h3>\n<p>Filtry Freewell wyr\u00f3\u017cniaj\u0105 si\u0119 szerokimi mo\u017cliwo\u015bciami zastosowania. Zestaw zawiera filtry VND2-5 i VND6-9, kt\u00f3re umo\u017cliwiaj\u0105 precyzyjn\u0105 kontrol\u0119 nad ilo\u015bci\u0105 \u015bwiat\u0142a wpadaj\u0105cego do kamery. Z kolei filtr VND6-9XMIST \u0142\u0105czy w sobie zmienne t\u0142umienie \u015bwiat\u0142a z efektem mg\u0142y, co daje niesamowite mo\u017cliwo\u015bci artystyczne. Filtr CPL eliminuje odblaski i wzmacnia kolory, a filtr GLOW MIST nadaje uj\u0119ciom delikatnego wygl\u0105du. To jednak nie koniec \u2013 do Twojej dyspozycji b\u0119dzie tak\u017ce filtr VND2-5XMIST, \u0142\u0105cz\u0105cy zmienne t\u0142umienie \u015bwiat\u0142a z efektem mg\u0142y oraz ND32\/CPL, kt\u00f3ry redukuje \u015bwiat\u0142o i zapewnia wyraziste barwy. Dodatkowym atutem jest kompatybilno\u015b\u0107 z magnetycznym systemem Freewell, co oznacza, \u017ce mo\u017cesz go rozbudowa\u0107 o dodatkowe filtry i stworzy\u0107 hybrydowy system, kt\u00f3ry jeszcze bardziej rozszerzy Twoje mo\u017cliwo\u015bci tworzenia. Eksperymentuj i osi\u0105gaj efekty, o kt\u00f3rych zawsze marzy\u0142e\u015b!<\/p>\n<p><img decoding=\"async\" src=\"https:\/\/assets.innpro.pl\/5621\/6620\/2.jpg\" border=\"0\" alt=\"\" \/><\/p>\n<h3>20 typ\u00f3w funkcji<\/h3>\n<p>Zestaw filtr\u00f3w magnetycznych Variable ND 77 mm otworzy przed Tob\u0105 wiele mo\u017cliwo\u015bci i kreatywnych rozwi\u0105za\u0144, zapewniaj\u0105c nieograniczon\u0105 kontrol\u0119 nad \u015bwiat\u0142em i efektami. Oferuje on a\u017c 20 r\u00f3\u017cnych funkcji. Zyskasz filtr ND o r\u00f3\u017cnym t\u0142umieniu \u015bwiat\u0142a, CPL, kt\u00f3ry eliminuje odblaski czy te\u017c MISTXND z efektem mg\u0142y. Dla przyk\u0142adu \u2013 filtr ND 9 fstop redukuje ilo\u015b\u0107 \u015bwiat\u0142a o 9 stopni, co pozwala na d\u0142u\u017cszy czas na\u015bwietlania lub bardziej kontrolowan\u0105 ekspozycj\u0119. Filtr CPL pomaga w eliminacji odblask\u00f3w i poprawia nasycenie kolor\u00f3w. Zestaw zawiera tak\u017ce kombinacje filtr\u00f3w, w tym ND32\/CPL.<\/p>\n<p><img decoding=\"async\" src=\"https:\/\/assets.innpro.pl\/5621\/6620\/5.jpg\" border=\"0\" alt=\"\" \/><\/p>\n<h3>Solidna i magnetyczna konstrukcja<\/h3>\n<p>Konstrukcja filtr\u00f3w opiera si\u0119 na solidnej ramie wykonanej z metalu przy u\u017cyciu technologii CNC, co gwarantuje trwa\u0142o\u015b\u0107 i niezawodno\u015b\u0107. Akcesoria wyposa\u017cone s\u0105 w magnetyczny mechanizm szybkiej wymiany. Dzi\u0119ki niemu mo\u017cesz sprawnie i wygodnie zmieni\u0107 filtr, nawet kiedy pracujesz indywidualnie. Jest to szczeg\u00f3lnie przydatne w dynamicznych sytuacjach. Teraz ca\u0142y zestaw filtr\u00f3w jest dost\u0119pny w jednym systemie, a Ty mo\u017cesz swobodnie prze\u0142\u0105cza\u0107 si\u0119 mi\u0119dzy nimi w trakcie nagrywania. Ju\u017c nie musisz przerywa\u0107 pracy ani traci\u0107 cennego czasu na skomplikowany monta\u017c i demonta\u017c filtr\u00f3w. Rozwi\u0105zanie Freewell zapewnia pe\u0142n\u0105 kontrol\u0119 i swobod\u0119 podczas tworzenia.<\/p>\n<p><img decoding=\"async\" src=\"https:\/\/assets.innpro.pl\/5621\/6620\/3.jpg\" border=\"0\" alt=\"\" \/><\/p>\n<h3>W zestawie<\/h3>\n<ul>\n<li>filtry (VND2-5\/CPL, VND6-9\/ND32-CPL)<\/li>\n<li>\n<p style=\"text-align: justify;\">Filtr bazowy VND<\/p>\n<\/li>\n<li>\n<p style=\"text-align: justify;\">Filtr bazowy MISTXVND<\/p>\n<\/li>\n<li>\n<p style=\"text-align: justify;\">ramka magnetyczna<\/p>\n<\/li>\n<li>\n<p style=\"text-align: justify;\">os\u0142ona na obiektyw<\/p>\n<\/li>\n<li>\n<p style=\"text-align: justify;\">\u015bciereczka do czyszczenia z mikrofibry<\/p>\n<\/li>\n<li>\n<p style=\"text-align: justify;\">etui ochronne<\/p>\n<\/li>\n<\/ul>\n<div class=\"table-wrapper\">\n<p>\u00a0<\/p>\n<table>\n<tbody>\n<tr>\n<th>Producent<\/th>\n<td>Freewell<\/td>\n<\/tr>\n<tr>\n<th>Model<\/th>\n<td>FW-77-MAGVND<\/td>\n<\/tr>\n<tr>\n<th>Rozmiar gwintu filtra<\/th>\n<td>77 mm (2-5)<\/td>\n<\/tr>\n<tr>\n<th>Materia\u0142<\/th>\n<td>metal, szk\u0142o optyczne<\/td>\n<\/tr>\n<tr>\n<th>\u015arednica zewn\u0119trzna (pier\u015bcie\u0144 bazowy + pier\u015bcie\u0144 bazowy VND + filtry o zakresie od 2 do 5 stopni)<\/th>\n<td>93.03 mm<\/td>\n<\/tr>\n<tr>\n<th>Grubo\u015b\u0107<\/th>\n<td>9.65 mm<\/td>\n<\/tr>\n<tr>\n<th>Waga (pier\u015bcie\u0144 bazowy + pier\u015bcie\u0144 bazowy VND + filtry o zakresie od 2 do 5 stopni)<\/th>\n<td>77 g<\/td>\n<\/tr>\n<tr>\n<th>Waga (pier\u015bcie\u0144 bazowy + pier\u015bcie\u0144 bazowy VND + filtry o zakresie od 2 do 5 stopni + os\u0142ona na obiektyw)<\/th>\n<td>115 g<\/td>\n<\/tr>\n<\/tbody>\n<\/table>\n<\/div>\n","protected":false},"excerpt":{"rendered":"<p>Zestaw filtr\u00f3w magnetycznych VND Freewell 77 MM Zestaw filtr\u00f3w magnetycznych VND 77 mm marki Freewell to obecnie najbardziej wszechstronny system<\/p>\n","protected":false},"featured_media":26763,"comment_status":"closed","ping_status":"open","template":"","meta":{"_acf_changed":false},"product_brand":[],"product_cat":[1132,1133,1128],"product_tag":[],"class_list":{"0":"post-26762","1":"product","2":"type-product","3":"status-publish","4":"has-post-thumbnail","6":"product_cat-filtry-foto","7":"product_cat-do-lustrzanek","8":"product_cat-foto-wideo","9":"pa_box-height-1326","10":"pa_box-length-1384","11":"pa_box-width-2060","12":"pa_gross-weight-4953","13":"pa_net-weight-1616","14":"pa_obiektyw-mm-1751","15":"pa_zestaw-tak","17":"first","18":"outofstock","19":"taxable","20":"shipping-taxable","21":"purchasable","22":"product-type-simple"},"acf":[],"yoast_head":"<!-- This site is optimized with the Yoast SEO plugin v27.2 - https:\/\/yoast.com\/product\/yoast-seo-wordpress\/ -->\n<title>Zestaw filtr\u00f3w magnetycznych VND Freewell 77 MM - IRONSKY.PL Sklep z Dronami<\/title>\n<meta name=\"description\" content=\"Zestaw filtr\u00f3w magnetycznych VND Freewell 77 MM - \u2705 sklep z dronami i fachowym doradztwem. \u2705 Tutaj kupisz produkty DJI, Yuneec, Parrot, Syma i wiele innych, a tak\u017ce kursy i licencje na operatora drona.\" \/>\n<meta name=\"robots\" content=\"index, follow, max-snippet:-1, max-image-preview:large, max-video-preview:-1\" \/>\n<link rel=\"canonical\" href=\"https:\/\/ironsky.pl\/sklep\/produkt\/zestaw-filtrow-magnetycznych-vnd-freewell-77-mm\/\" \/>\n<meta property=\"og:locale\" content=\"pl_PL\" \/>\n<meta property=\"og:type\" content=\"article\" \/>\n<meta property=\"og:title\" content=\"Zestaw filtr\u00f3w magnetycznych VND Freewell 77 MM - IRONSKY.PL Sklep z Dronami\" \/>\n<meta property=\"og:description\" content=\"Zestaw filtr\u00f3w magnetycznych VND Freewell 77 MM - \u2705 sklep z dronami i fachowym doradztwem. \u2705 Tutaj kupisz produkty DJI, Yuneec, Parrot, Syma i wiele innych, a tak\u017ce kursy i licencje na operatora drona.\" \/>\n<meta property=\"og:url\" content=\"https:\/\/ironsky.pl\/sklep\/produkt\/zestaw-filtrow-magnetycznych-vnd-freewell-77-mm\/\" \/>\n<meta property=\"og:site_name\" content=\"IRONSKY.PL Sklep z Dronami\" \/>\n<meta property=\"article:modified_time\" content=\"2026-03-05T14:52:40+00:00\" \/>\n<meta property=\"og:image\" content=\"https:\/\/ironsky.pl\/sklep\/wp-content\/uploads\/2024\/09\/42326_1.jpg\" \/>\n\t<meta property=\"og:image:width\" content=\"800\" \/>\n\t<meta property=\"og:image:height\" content=\"800\" \/>\n\t<meta property=\"og:image:type\" content=\"image\/jpeg\" \/>\n<meta name=\"twitter:card\" content=\"summary_large_image\" \/>\n<meta name=\"twitter:label1\" content=\"Szacowany czas czytania\" \/>\n\t<meta name=\"twitter:data1\" content=\"3 minuty\" \/>\n<script type=\"application\/ld+json\" class=\"yoast-schema-graph\">{\"@context\":\"https:\/\/schema.org\",\"@graph\":[{\"@type\":\"WebPage\",\"@id\":\"https:\/\/ironsky.pl\/sklep\/produkt\/zestaw-filtrow-magnetycznych-vnd-freewell-77-mm\/\",\"url\":\"https:\/\/ironsky.pl\/sklep\/produkt\/zestaw-filtrow-magnetycznych-vnd-freewell-77-mm\/\",\"name\":\"Zestaw filtr\u00f3w magnetycznych VND Freewell 77 MM - IRONSKY.PL Sklep z Dronami\",\"isPartOf\":{\"@id\":\"https:\/\/ironsky.pl\/sklep\/#website\"},\"primaryImageOfPage\":{\"@id\":\"https:\/\/ironsky.pl\/sklep\/produkt\/zestaw-filtrow-magnetycznych-vnd-freewell-77-mm\/#primaryimage\"},\"image\":{\"@id\":\"https:\/\/ironsky.pl\/sklep\/produkt\/zestaw-filtrow-magnetycznych-vnd-freewell-77-mm\/#primaryimage\"},\"thumbnailUrl\":\"https:\/\/ironsky.pl\/sklep\/wp-content\/uploads\/2024\/09\/42326_1.jpg\",\"datePublished\":\"2024-09-16T17:42:46+00:00\",\"dateModified\":\"2026-03-05T14:52:40+00:00\",\"description\":\"Zestaw filtr\u00f3w magnetycznych VND Freewell 77 MM - \u2705 sklep z dronami i fachowym doradztwem. \u2705 Tutaj kupisz produkty DJI, Yuneec, Parrot, Syma i wiele innych, a tak\u017ce kursy i licencje na operatora drona.\",\"breadcrumb\":{\"@id\":\"https:\/\/ironsky.pl\/sklep\/produkt\/zestaw-filtrow-magnetycznych-vnd-freewell-77-mm\/#breadcrumb\"},\"inLanguage\":\"pl-PL\",\"potentialAction\":[{\"@type\":\"ReadAction\",\"target\":[\"https:\/\/ironsky.pl\/sklep\/produkt\/zestaw-filtrow-magnetycznych-vnd-freewell-77-mm\/\"]}]},{\"@type\":\"ImageObject\",\"inLanguage\":\"pl-PL\",\"@id\":\"https:\/\/ironsky.pl\/sklep\/produkt\/zestaw-filtrow-magnetycznych-vnd-freewell-77-mm\/#primaryimage\",\"url\":\"https:\/\/ironsky.pl\/sklep\/wp-content\/uploads\/2024\/09\/42326_1.jpg\",\"contentUrl\":\"https:\/\/ironsky.pl\/sklep\/wp-content\/uploads\/2024\/09\/42326_1.jpg\",\"width\":800,\"height\":800},{\"@type\":\"BreadcrumbList\",\"@id\":\"https:\/\/ironsky.pl\/sklep\/produkt\/zestaw-filtrow-magnetycznych-vnd-freewell-77-mm\/#breadcrumb\",\"itemListElement\":[{\"@type\":\"ListItem\",\"position\":1,\"name\":\"Strona g\u0142\u00f3wna\",\"item\":\"https:\/\/ironsky.pl\/sklep\/\"},{\"@type\":\"ListItem\",\"position\":2,\"name\":\"Wszystkie produkty\",\"item\":\"https:\/\/ironsky.pl\/sklep\/produkty\/\"},{\"@type\":\"ListItem\",\"position\":3,\"name\":\"Zestaw filtr\u00f3w magnetycznych VND Freewell 77 MM\"}]},{\"@type\":\"WebSite\",\"@id\":\"https:\/\/ironsky.pl\/sklep\/#website\",\"url\":\"https:\/\/ironsky.pl\/sklep\/\",\"name\":\"IRONSKY.PL Sklep z Dronami\",\"description\":\"IRONSKY.PL Sklep z Dronami\",\"potentialAction\":[{\"@type\":\"SearchAction\",\"target\":{\"@type\":\"EntryPoint\",\"urlTemplate\":\"https:\/\/ironsky.pl\/sklep\/?s={search_term_string}\"},\"query-input\":{\"@type\":\"PropertyValueSpecification\",\"valueRequired\":true,\"valueName\":\"search_term_string\"}}],\"inLanguage\":\"pl-PL\"}]}<\/script>\n<!-- \/ Yoast SEO plugin. -->","yoast_head_json":{"title":"Zestaw filtr\u00f3w magnetycznych VND Freewell 77 MM - IRONSKY.PL Sklep z Dronami","description":"Zestaw filtr\u00f3w magnetycznych VND Freewell 77 MM - \u2705 sklep z dronami i fachowym doradztwem. \u2705 Tutaj kupisz produkty DJI, Yuneec, Parrot, Syma i wiele innych, a tak\u017ce kursy i licencje na operatora drona.","robots":{"index":"index","follow":"follow","max-snippet":"max-snippet:-1","max-image-preview":"max-image-preview:large","max-video-preview":"max-video-preview:-1"},"canonical":"https:\/\/ironsky.pl\/sklep\/produkt\/zestaw-filtrow-magnetycznych-vnd-freewell-77-mm\/","og_locale":"pl_PL","og_type":"article","og_title":"Zestaw filtr\u00f3w magnetycznych VND Freewell 77 MM - IRONSKY.PL Sklep z Dronami","og_description":"Zestaw filtr\u00f3w magnetycznych VND Freewell 77 MM - \u2705 sklep z dronami i fachowym doradztwem. \u2705 Tutaj kupisz produkty DJI, Yuneec, Parrot, Syma i wiele innych, a tak\u017ce kursy i licencje na operatora drona.","og_url":"https:\/\/ironsky.pl\/sklep\/produkt\/zestaw-filtrow-magnetycznych-vnd-freewell-77-mm\/","og_site_name":"IRONSKY.PL Sklep z Dronami","article_modified_time":"2026-03-05T14:52:40+00:00","og_image":[{"width":800,"height":800,"url":"https:\/\/ironsky.pl\/sklep\/wp-content\/uploads\/2024\/09\/42326_1.jpg","type":"image\/jpeg"}],"twitter_card":"summary_large_image","twitter_misc":{"Szacowany czas czytania":"3 minuty"},"schema":{"@context":"https:\/\/schema.org","@graph":[{"@type":"WebPage","@id":"https:\/\/ironsky.pl\/sklep\/produkt\/zestaw-filtrow-magnetycznych-vnd-freewell-77-mm\/","url":"https:\/\/ironsky.pl\/sklep\/produkt\/zestaw-filtrow-magnetycznych-vnd-freewell-77-mm\/","name":"Zestaw filtr\u00f3w magnetycznych VND Freewell 77 MM - IRONSKY.PL Sklep z Dronami","isPartOf":{"@id":"https:\/\/ironsky.pl\/sklep\/#website"},"primaryImageOfPage":{"@id":"https:\/\/ironsky.pl\/sklep\/produkt\/zestaw-filtrow-magnetycznych-vnd-freewell-77-mm\/#primaryimage"},"image":{"@id":"https:\/\/ironsky.pl\/sklep\/produkt\/zestaw-filtrow-magnetycznych-vnd-freewell-77-mm\/#primaryimage"},"thumbnailUrl":"https:\/\/ironsky.pl\/sklep\/wp-content\/uploads\/2024\/09\/42326_1.jpg","datePublished":"2024-09-16T17:42:46+00:00","dateModified":"2026-03-05T14:52:40+00:00","description":"Zestaw filtr\u00f3w magnetycznych VND Freewell 77 MM - \u2705 sklep z dronami i fachowym doradztwem. \u2705 Tutaj kupisz produkty DJI, Yuneec, Parrot, Syma i wiele innych, a tak\u017ce kursy i licencje na operatora drona.","breadcrumb":{"@id":"https:\/\/ironsky.pl\/sklep\/produkt\/zestaw-filtrow-magnetycznych-vnd-freewell-77-mm\/#breadcrumb"},"inLanguage":"pl-PL","potentialAction":[{"@type":"ReadAction","target":["https:\/\/ironsky.pl\/sklep\/produkt\/zestaw-filtrow-magnetycznych-vnd-freewell-77-mm\/"]}]},{"@type":"ImageObject","inLanguage":"pl-PL","@id":"https:\/\/ironsky.pl\/sklep\/produkt\/zestaw-filtrow-magnetycznych-vnd-freewell-77-mm\/#primaryimage","url":"https:\/\/ironsky.pl\/sklep\/wp-content\/uploads\/2024\/09\/42326_1.jpg","contentUrl":"https:\/\/ironsky.pl\/sklep\/wp-content\/uploads\/2024\/09\/42326_1.jpg","width":800,"height":800},{"@type":"BreadcrumbList","@id":"https:\/\/ironsky.pl\/sklep\/produkt\/zestaw-filtrow-magnetycznych-vnd-freewell-77-mm\/#breadcrumb","itemListElement":[{"@type":"ListItem","position":1,"name":"Strona g\u0142\u00f3wna","item":"https:\/\/ironsky.pl\/sklep\/"},{"@type":"ListItem","position":2,"name":"Wszystkie produkty","item":"https:\/\/ironsky.pl\/sklep\/produkty\/"},{"@type":"ListItem","position":3,"name":"Zestaw filtr\u00f3w magnetycznych VND Freewell 77 MM"}]},{"@type":"WebSite","@id":"https:\/\/ironsky.pl\/sklep\/#website","url":"https:\/\/ironsky.pl\/sklep\/","name":"IRONSKY.PL Sklep z Dronami","description":"IRONSKY.PL Sklep z Dronami","potentialAction":[{"@type":"SearchAction","target":{"@type":"EntryPoint","urlTemplate":"https:\/\/ironsky.pl\/sklep\/?s={search_term_string}"},"query-input":{"@type":"PropertyValueSpecification","valueRequired":true,"valueName":"search_term_string"}}],"inLanguage":"pl-PL"}]}},"_links":{"self":[{"href":"https:\/\/ironsky.pl\/sklep\/wp-json\/wp\/v2\/product\/26762","targetHints":{"allow":["GET"]}}],"collection":[{"href":"https:\/\/ironsky.pl\/sklep\/wp-json\/wp\/v2\/product"}],"about":[{"href":"https:\/\/ironsky.pl\/sklep\/wp-json\/wp\/v2\/types\/product"}],"replies":[{"embeddable":true,"href":"https:\/\/ironsky.pl\/sklep\/wp-json\/wp\/v2\/comments?post=26762"}],"wp:featuredmedia":[{"embeddable":true,"href":"https:\/\/ironsky.pl\/sklep\/wp-json\/wp\/v2\/media\/26763"}],"wp:attachment":[{"href":"https:\/\/ironsky.pl\/sklep\/wp-json\/wp\/v2\/media?parent=26762"}],"wp:term":[{"taxonomy":"product_brand","embeddable":true,"href":"https:\/\/ironsky.pl\/sklep\/wp-json\/wp\/v2\/product_brand?post=26762"},{"taxonomy":"product_cat","embeddable":true,"href":"https:\/\/ironsky.pl\/sklep\/wp-json\/wp\/v2\/product_cat?post=26762"},{"taxonomy":"product_tag","embeddable":true,"href":"https:\/\/ironsky.pl\/sklep\/wp-json\/wp\/v2\/product_tag?post=26762"}],"curies":[{"name":"wp","href":"https:\/\/api.w.org\/{rel}","templated":true}]}}