{"id":26739,"date":"2024-09-16T19:42:46","date_gmt":"2024-09-16T17:42:46","guid":{"rendered":"http:\/\/gvshalph.pro-linuxpl.com\/ironskyprodukty\/produkt\/zestaw-studyjny-neewer-rgb1200-led-dwie-lampy-60w-2500-8500k-statywy-wrota\/"},"modified":"2026-03-05T15:52:39","modified_gmt":"2026-03-05T14:52:39","slug":"zestaw-studyjny-neewer-rgb1200-led-dwie-lampy-60w-2500-8500k-statywy-wrota","status":"publish","type":"product","link":"https:\/\/ironsky.pl\/sklep\/produkt\/zestaw-studyjny-neewer-rgb1200-led-dwie-lampy-60w-2500-8500k-statywy-wrota\/","title":{"rendered":"Zestaw studyjny Neewer RGB1200 LED dwie lampy 60W 2500-8500K + statywy + wrota"},"content":{"rendered":"<h3>Lampa LED Neewer 660 PRO RGB 50W<\/h3>\n<p>Z 60W mocy i 480 diodami LED, lampa (z wtyczk\u0105 US) zapewnia doskona\u0142e o\u015bwietlenie do 22 000lux@0.5m, przy wska\u017anikach CRI97+ i TLCI98+. Dzi\u0119ki technologii liniowej regulacji PWM NEEWER, przekracza ona minimalne ograniczenie jasno\u015bci od 1% lekko jasnego (jasno\u015b\u0107 i moc mog\u0105 osi\u0105gn\u0105\u0107 prawdziwe 1%) do 100% ultra jasnego, oraz zakresowi temperatury barwowej 2500K~8500K i pe\u0142nemu zakresowi 360\u00b0 kolor\u00f3w RGB, wszystko to zapewnia p\u0142ynn\u0105 i precyzyjn\u0105 regulacj\u0119.<\/p>\n<p>\n<img decoding=\"async\" border=\"0\" src=\"https:\/\/assets.innpro.pl\/5909\/6940\/3.jpg\"\/>\n<\/p>\n<h3>Kontrola za pomoc\u0105 Aplikacji Infinity &amp; Wbudowany 2.4G<\/h3>\n<p>U\u017cyj aplikacji NEEWER skonfigurowanej z technologi\u0105 \u0142\u0105czno\u015bci Infinity, aby dynamicznie regulowa\u0107 ustawienia wielu \u015bwiate\u0142 jednocze\u015bnie do 66&#8217;\/20m i w maksymalnie 8 grupach, umo\u017cliwiaj\u0105c kontrol\u0119 maksymalnie 255 urz\u0105dze\u0144 jednocze\u015bnie w aplikacji. Dzia\u0142a z lampami NEEWER SL90, RGB1, RGB C80 i RGB CB60, kt\u00f3re posiadaj\u0105 tak\u017ce wbudowany system 2.4G i 99 kana\u0142\u00f3w, ustaw je na ten sam kana\u0142, dzi\u0119ki czemu ka\u017cde \u015bwiat\u0142o w zasi\u0119gu 328&#8217;\/100m staje si\u0119 pilotem zdalnym bez potrzeby sieci.<\/p>\n<p>\n<img decoding=\"async\" border=\"0\" src=\"https:\/\/assets.innpro.pl\/5909\/6940\/2.jpg\"\/>\n<\/p>\n<h3>18 Tryb\u00f3w Scenicznych i Wsparcie Synchronizacji z Muzyk\u0105<\/h3>\n<p>Zaktualizowane do 18 efekt\u00f3w scenicznych, 17 z nich obs\u0142uguje predefiniowane ustawienia, dodaj\u0105c efektowny element do twoich tw\u00f3rczych wideo. Funkcja synchronizacji z muzyk\u0105 umo\u017cliwia synchronizacj\u0119 inteligentnego \u015bwiat\u0142a z muzyk\u0105 w kolorowy, dynamiczny spos\u00f3b, oparty na wysoko\u015bci d\u017awi\u0119ku i g\u0142o\u015bno\u015bci. Obs\u0142uguje regulacj\u0119 Zielono-Magenta (korekta GM). Sta\u0142a moc bez zmiany barw i migotania, idealna do fotografowania w wysokiej pr\u0119dko\u015bci przy czasach migawki poni\u017cej 1\/4000.<\/p>\n<p>\n<img decoding=\"async\" border=\"0\" src=\"https:\/\/assets.innpro.pl\/5909\/6940\/8.jpg\"\/>\n<\/p>\n<h3>Zasilany Przez Wej\u015bcie DC\/Baterie NP-F<\/h3>\n<p>Poprzez wej\u015bcie DC mo\u017cesz pod\u0142\u0105czy\u0107 lamp\u0119 do gniazdka \u015bcienne z do\u0142\u0105czonym adapterem zasilaj\u0105cym AC i uzyska\u0107 ci\u0105g\u0142\u0105 zasilanie. Lampa dzia\u0142a r\u00f3wnie\u017c na 1 lub 2 bateriach NP-F750\/970 podczas zdj\u0119\u0107 w terenie. Uwaga: Baterie nie s\u0105 do\u0142\u0105czone. Obs\u0142uguje aktualizacje firmware przez powietrze (OTA), umo\u017cliwiaj\u0105c bezprzewodow\u0105 transmisj\u0119 zaktualizowanego firmware z telefonu do lampy.<\/p>\n<p>\n<img decoding=\"async\" border=\"0\" src=\"https:\/\/assets.innpro.pl\/5909\/6940\/5.jpg\"\/>\n<\/p>\n<h3>Obudowa z Aluminium AMP<\/h3>\n<p>Zbudowana z aluminium lotniczego, obudowa jest solidna i zapewnia doskona\u0142\u0105 dyssypacj\u0119 ciep\u0142a. U\u017cyj uchwytu w kszta\u0142cie litery U, aby regulowa\u0107 k\u0105t \u015bwiat\u0142a o 360\u00b0. Furtki mog\u0105 rozszerza\u0107 lub zw\u0119\u017ca\u0107 \u017ar\u00f3d\u0142o \u015bwiat\u0142a za pomoc\u0105 4 klap, a matowy dyfuzor pomaga z\u0142agodzi\u0107 o\u015blepiaj\u0105ce odblaski. Stojaki na \u015bwiat\u0142o s\u0105 solidne i oferuj\u0105 zakres wysoko\u015bci od 2.85\u2019-6.6\u2019\/87-200cm, do\u0142\u0105czona jest r\u00f3wnie\u017c du\u017ca torba transportowa.<\/p>\n<p>\n<img decoding=\"async\" border=\"0\" src=\"https:\/\/assets.innpro.pl\/5909\/6940\/6.jpg\"\/>\n<\/p>\n<h3>Zawarto\u015b\u0107 zestawu<\/h3>\n<ul class=\"list-disc pl-5\">\n<li>Lampa LED Neewer 660 PRO RGB 50W<\/li>\n<li>Uchwyt w kszta\u0142cie litery U<\/li>\n<li>Furtki<\/li>\n<li>Matowy dyfuzor<\/li>\n<li>Stojaki na \u015bwiat\u0142o<\/li>\n<li>Adapter zasilaj\u0105cy AC<\/li>\n<li>Du\u017ca torba transportowa<\/li>\n<\/ul>\n<div class=\"table-wrapper\">\n<p>\u00a0<\/p>\n<h3>Specyfikacja<\/h3>\n<table>\n<tbody>\n<tr>\n<th>Moc<\/th>\n<td>60W<\/td>\n<\/tr>\n<tr>\n<th>Liczba LED\u00f3w<\/th>\n<td>480<\/td>\n<\/tr>\n<tr>\n<th>O\u015bwietlenie maksymalne<\/th>\n<td>22,000lux@0.5m<\/td>\n<\/tr>\n<tr>\n<th>Wska\u017anik CRI<\/th>\n<td>97+<\/td>\n<\/tr>\n<tr>\n<th>Wska\u017anik TLCI<\/th>\n<td>98+<\/td>\n<\/tr>\n<tr>\n<th>Zakres temperatury barwowej<\/th>\n<td>2500K~8500K<\/td>\n<\/tr>\n<tr>\n<th>Zakres kolor\u00f3w RGB<\/th>\n<td>Pe\u0142ny, 360\u00b0<\/td>\n<\/tr>\n<tr>\n<th>Tryby sceniczne<\/th>\n<td>18<\/td>\n<\/tr>\n<tr>\n<th>Synchronizacja z muzyk\u0105<\/th>\n<td>Tak<\/td>\n<\/tr>\n<tr>\n<th>Regulacja Zielono-Magenta<\/th>\n<td>Tak<\/td>\n<\/tr>\n<tr>\n<th>System \u0142\u0105czno\u015bci<\/th>\n<td>Infinity App, 2.4G<\/td>\n<\/tr>\n<tr>\n<th>Zasilanie<\/th>\n<td>Wej\u015bcie DC, Baterie NP-F750\/970<\/td>\n<\/tr>\n<tr>\n<th>Obs\u0142ugiwane baterie<\/th>\n<td>1 lub 2 NP-F750\/970<\/td>\n<\/tr>\n<tr>\n<th>Aktualizacje firmware<\/th>\n<td>OTA<\/td>\n<\/tr>\n<tr>\n<th>Materia\u0142 obudowy<\/th>\n<td>Aluminium lotnicze<\/td>\n<\/tr>\n<tr>\n<th>Regulacja k\u0105ta<\/th>\n<td>360\u00b0<\/td>\n<\/tr>\n<tr>\n<th>Wysoko\u015b\u0107 stojak\u00f3w<\/th>\n<td>2.85\u2019-6.6\u2019\/87-200cm<\/td>\n<\/tr>\n<tr>\n<th>Zawarto\u015b\u0107 zestawu<\/th>\n<td>Pe\u0142na, patrz powy\u017cej<\/td>\n<\/tr>\n<tr>\n<th><\/th>\n<td><\/td>\n<\/tr>\n<\/tbody>\n<\/table>\n<\/div>\n","protected":false},"excerpt":{"rendered":"<p>Lampa LED Neewer 660 PRO RGB 50W Z 60W mocy i 480 diodami LED, lampa (z wtyczk\u0105 US) zapewnia doskona\u0142e<\/p>\n","protected":false},"featured_media":26740,"comment_status":"closed","ping_status":"open","template":"","meta":{"_acf_changed":false},"product_brand":[],"product_cat":[1128,1151,1146],"product_tag":[],"class_list":{"0":"post-26739","1":"product","2":"type-product","3":"status-publish","4":"has-post-thumbnail","6":"product_cat-foto-wideo","7":"product_cat-lampy-studyjne","8":"product_cat-wyposazenie-studia","9":"pa_gross-weight-4935","11":"first","12":"outofstock","13":"taxable","14":"shipping-taxable","15":"purchasable","16":"product-type-simple"},"acf":[],"yoast_head":"<!-- This site is optimized with the Yoast SEO plugin v27.2 - https:\/\/yoast.com\/product\/yoast-seo-wordpress\/ -->\n<title>Zestaw studyjny Neewer RGB1200 LED dwie lampy 60W 2500-8500K + statywy + wrota - IRONSKY.PL Sklep z Dronami<\/title>\n<meta name=\"description\" content=\"Zestaw studyjny Neewer RGB1200 LED dwie lampy 60W 2500-8500K + statywy + wrota - \u2705 sklep z dronami i fachowym doradztwem. \u2705 Tutaj kupisz produkty DJI, Yuneec, Parrot, Syma i wiele innych, a tak\u017ce kursy i licencje na operatora drona.\" \/>\n<meta name=\"robots\" content=\"index, follow, max-snippet:-1, max-image-preview:large, max-video-preview:-1\" \/>\n<link rel=\"canonical\" href=\"https:\/\/ironsky.pl\/sklep\/produkt\/zestaw-studyjny-neewer-rgb1200-led-dwie-lampy-60w-2500-8500k-statywy-wrota\/\" \/>\n<meta property=\"og:locale\" content=\"pl_PL\" \/>\n<meta property=\"og:type\" content=\"article\" \/>\n<meta property=\"og:title\" content=\"Zestaw studyjny Neewer RGB1200 LED dwie lampy 60W 2500-8500K + statywy + wrota - IRONSKY.PL Sklep z Dronami\" \/>\n<meta property=\"og:description\" content=\"Zestaw studyjny Neewer RGB1200 LED dwie lampy 60W 2500-8500K + statywy + wrota - \u2705 sklep z dronami i fachowym doradztwem. \u2705 Tutaj kupisz produkty DJI, Yuneec, Parrot, Syma i wiele innych, a tak\u017ce kursy i licencje na operatora drona.\" \/>\n<meta property=\"og:url\" content=\"https:\/\/ironsky.pl\/sklep\/produkt\/zestaw-studyjny-neewer-rgb1200-led-dwie-lampy-60w-2500-8500k-statywy-wrota\/\" \/>\n<meta property=\"og:site_name\" content=\"IRONSKY.PL Sklep z Dronami\" \/>\n<meta property=\"article:modified_time\" content=\"2026-03-05T14:52:39+00:00\" \/>\n<meta property=\"og:image\" content=\"https:\/\/ironsky.pl\/sklep\/wp-content\/uploads\/2024\/09\/42305_1.jpg\" \/>\n\t<meta property=\"og:image:width\" content=\"800\" \/>\n\t<meta property=\"og:image:height\" content=\"800\" \/>\n\t<meta property=\"og:image:type\" content=\"image\/jpeg\" \/>\n<meta name=\"twitter:card\" content=\"summary_large_image\" \/>\n<meta name=\"twitter:label1\" content=\"Szacowany czas czytania\" \/>\n\t<meta name=\"twitter:data1\" content=\"2 minuty\" \/>\n<script type=\"application\/ld+json\" class=\"yoast-schema-graph\">{\"@context\":\"https:\/\/schema.org\",\"@graph\":[{\"@type\":\"WebPage\",\"@id\":\"https:\/\/ironsky.pl\/sklep\/produkt\/zestaw-studyjny-neewer-rgb1200-led-dwie-lampy-60w-2500-8500k-statywy-wrota\/\",\"url\":\"https:\/\/ironsky.pl\/sklep\/produkt\/zestaw-studyjny-neewer-rgb1200-led-dwie-lampy-60w-2500-8500k-statywy-wrota\/\",\"name\":\"Zestaw studyjny Neewer RGB1200 LED dwie lampy 60W 2500-8500K + statywy + wrota - IRONSKY.PL Sklep z Dronami\",\"isPartOf\":{\"@id\":\"https:\/\/ironsky.pl\/sklep\/#website\"},\"primaryImageOfPage\":{\"@id\":\"https:\/\/ironsky.pl\/sklep\/produkt\/zestaw-studyjny-neewer-rgb1200-led-dwie-lampy-60w-2500-8500k-statywy-wrota\/#primaryimage\"},\"image\":{\"@id\":\"https:\/\/ironsky.pl\/sklep\/produkt\/zestaw-studyjny-neewer-rgb1200-led-dwie-lampy-60w-2500-8500k-statywy-wrota\/#primaryimage\"},\"thumbnailUrl\":\"https:\/\/ironsky.pl\/sklep\/wp-content\/uploads\/2024\/09\/42305_1.jpg\",\"datePublished\":\"2024-09-16T17:42:46+00:00\",\"dateModified\":\"2026-03-05T14:52:39+00:00\",\"description\":\"Zestaw studyjny Neewer RGB1200 LED dwie lampy 60W 2500-8500K + statywy + wrota - \u2705 sklep z dronami i fachowym doradztwem. \u2705 Tutaj kupisz produkty DJI, Yuneec, Parrot, Syma i wiele innych, a tak\u017ce kursy i licencje na operatora drona.\",\"breadcrumb\":{\"@id\":\"https:\/\/ironsky.pl\/sklep\/produkt\/zestaw-studyjny-neewer-rgb1200-led-dwie-lampy-60w-2500-8500k-statywy-wrota\/#breadcrumb\"},\"inLanguage\":\"pl-PL\",\"potentialAction\":[{\"@type\":\"ReadAction\",\"target\":[\"https:\/\/ironsky.pl\/sklep\/produkt\/zestaw-studyjny-neewer-rgb1200-led-dwie-lampy-60w-2500-8500k-statywy-wrota\/\"]}]},{\"@type\":\"ImageObject\",\"inLanguage\":\"pl-PL\",\"@id\":\"https:\/\/ironsky.pl\/sklep\/produkt\/zestaw-studyjny-neewer-rgb1200-led-dwie-lampy-60w-2500-8500k-statywy-wrota\/#primaryimage\",\"url\":\"https:\/\/ironsky.pl\/sklep\/wp-content\/uploads\/2024\/09\/42305_1.jpg\",\"contentUrl\":\"https:\/\/ironsky.pl\/sklep\/wp-content\/uploads\/2024\/09\/42305_1.jpg\",\"width\":800,\"height\":800},{\"@type\":\"BreadcrumbList\",\"@id\":\"https:\/\/ironsky.pl\/sklep\/produkt\/zestaw-studyjny-neewer-rgb1200-led-dwie-lampy-60w-2500-8500k-statywy-wrota\/#breadcrumb\",\"itemListElement\":[{\"@type\":\"ListItem\",\"position\":1,\"name\":\"Strona g\u0142\u00f3wna\",\"item\":\"https:\/\/ironsky.pl\/sklep\/\"},{\"@type\":\"ListItem\",\"position\":2,\"name\":\"Wszystkie produkty\",\"item\":\"https:\/\/ironsky.pl\/sklep\/produkty\/\"},{\"@type\":\"ListItem\",\"position\":3,\"name\":\"Zestaw studyjny Neewer RGB1200 LED dwie lampy 60W 2500-8500K + statywy + wrota\"}]},{\"@type\":\"WebSite\",\"@id\":\"https:\/\/ironsky.pl\/sklep\/#website\",\"url\":\"https:\/\/ironsky.pl\/sklep\/\",\"name\":\"IRONSKY.PL Sklep z Dronami\",\"description\":\"IRONSKY.PL Sklep z Dronami\",\"potentialAction\":[{\"@type\":\"SearchAction\",\"target\":{\"@type\":\"EntryPoint\",\"urlTemplate\":\"https:\/\/ironsky.pl\/sklep\/?s={search_term_string}\"},\"query-input\":{\"@type\":\"PropertyValueSpecification\",\"valueRequired\":true,\"valueName\":\"search_term_string\"}}],\"inLanguage\":\"pl-PL\"}]}<\/script>\n<!-- \/ Yoast SEO plugin. -->","yoast_head_json":{"title":"Zestaw studyjny Neewer RGB1200 LED dwie lampy 60W 2500-8500K + statywy + wrota - IRONSKY.PL Sklep z Dronami","description":"Zestaw studyjny Neewer RGB1200 LED dwie lampy 60W 2500-8500K + statywy + wrota - \u2705 sklep z dronami i fachowym doradztwem. \u2705 Tutaj kupisz produkty DJI, Yuneec, Parrot, Syma i wiele innych, a tak\u017ce kursy i licencje na operatora drona.","robots":{"index":"index","follow":"follow","max-snippet":"max-snippet:-1","max-image-preview":"max-image-preview:large","max-video-preview":"max-video-preview:-1"},"canonical":"https:\/\/ironsky.pl\/sklep\/produkt\/zestaw-studyjny-neewer-rgb1200-led-dwie-lampy-60w-2500-8500k-statywy-wrota\/","og_locale":"pl_PL","og_type":"article","og_title":"Zestaw studyjny Neewer RGB1200 LED dwie lampy 60W 2500-8500K + statywy + wrota - IRONSKY.PL Sklep z Dronami","og_description":"Zestaw studyjny Neewer RGB1200 LED dwie lampy 60W 2500-8500K + statywy + wrota - \u2705 sklep z dronami i fachowym doradztwem. \u2705 Tutaj kupisz produkty DJI, Yuneec, Parrot, Syma i wiele innych, a tak\u017ce kursy i licencje na operatora drona.","og_url":"https:\/\/ironsky.pl\/sklep\/produkt\/zestaw-studyjny-neewer-rgb1200-led-dwie-lampy-60w-2500-8500k-statywy-wrota\/","og_site_name":"IRONSKY.PL Sklep z Dronami","article_modified_time":"2026-03-05T14:52:39+00:00","og_image":[{"width":800,"height":800,"url":"https:\/\/ironsky.pl\/sklep\/wp-content\/uploads\/2024\/09\/42305_1.jpg","type":"image\/jpeg"}],"twitter_card":"summary_large_image","twitter_misc":{"Szacowany czas czytania":"2 minuty"},"schema":{"@context":"https:\/\/schema.org","@graph":[{"@type":"WebPage","@id":"https:\/\/ironsky.pl\/sklep\/produkt\/zestaw-studyjny-neewer-rgb1200-led-dwie-lampy-60w-2500-8500k-statywy-wrota\/","url":"https:\/\/ironsky.pl\/sklep\/produkt\/zestaw-studyjny-neewer-rgb1200-led-dwie-lampy-60w-2500-8500k-statywy-wrota\/","name":"Zestaw studyjny Neewer RGB1200 LED dwie lampy 60W 2500-8500K + statywy + wrota - IRONSKY.PL Sklep z Dronami","isPartOf":{"@id":"https:\/\/ironsky.pl\/sklep\/#website"},"primaryImageOfPage":{"@id":"https:\/\/ironsky.pl\/sklep\/produkt\/zestaw-studyjny-neewer-rgb1200-led-dwie-lampy-60w-2500-8500k-statywy-wrota\/#primaryimage"},"image":{"@id":"https:\/\/ironsky.pl\/sklep\/produkt\/zestaw-studyjny-neewer-rgb1200-led-dwie-lampy-60w-2500-8500k-statywy-wrota\/#primaryimage"},"thumbnailUrl":"https:\/\/ironsky.pl\/sklep\/wp-content\/uploads\/2024\/09\/42305_1.jpg","datePublished":"2024-09-16T17:42:46+00:00","dateModified":"2026-03-05T14:52:39+00:00","description":"Zestaw studyjny Neewer RGB1200 LED dwie lampy 60W 2500-8500K + statywy + wrota - \u2705 sklep z dronami i fachowym doradztwem. \u2705 Tutaj kupisz produkty DJI, Yuneec, Parrot, Syma i wiele innych, a tak\u017ce kursy i licencje na operatora drona.","breadcrumb":{"@id":"https:\/\/ironsky.pl\/sklep\/produkt\/zestaw-studyjny-neewer-rgb1200-led-dwie-lampy-60w-2500-8500k-statywy-wrota\/#breadcrumb"},"inLanguage":"pl-PL","potentialAction":[{"@type":"ReadAction","target":["https:\/\/ironsky.pl\/sklep\/produkt\/zestaw-studyjny-neewer-rgb1200-led-dwie-lampy-60w-2500-8500k-statywy-wrota\/"]}]},{"@type":"ImageObject","inLanguage":"pl-PL","@id":"https:\/\/ironsky.pl\/sklep\/produkt\/zestaw-studyjny-neewer-rgb1200-led-dwie-lampy-60w-2500-8500k-statywy-wrota\/#primaryimage","url":"https:\/\/ironsky.pl\/sklep\/wp-content\/uploads\/2024\/09\/42305_1.jpg","contentUrl":"https:\/\/ironsky.pl\/sklep\/wp-content\/uploads\/2024\/09\/42305_1.jpg","width":800,"height":800},{"@type":"BreadcrumbList","@id":"https:\/\/ironsky.pl\/sklep\/produkt\/zestaw-studyjny-neewer-rgb1200-led-dwie-lampy-60w-2500-8500k-statywy-wrota\/#breadcrumb","itemListElement":[{"@type":"ListItem","position":1,"name":"Strona g\u0142\u00f3wna","item":"https:\/\/ironsky.pl\/sklep\/"},{"@type":"ListItem","position":2,"name":"Wszystkie produkty","item":"https:\/\/ironsky.pl\/sklep\/produkty\/"},{"@type":"ListItem","position":3,"name":"Zestaw studyjny Neewer RGB1200 LED dwie lampy 60W 2500-8500K + statywy + wrota"}]},{"@type":"WebSite","@id":"https:\/\/ironsky.pl\/sklep\/#website","url":"https:\/\/ironsky.pl\/sklep\/","name":"IRONSKY.PL Sklep z Dronami","description":"IRONSKY.PL Sklep z Dronami","potentialAction":[{"@type":"SearchAction","target":{"@type":"EntryPoint","urlTemplate":"https:\/\/ironsky.pl\/sklep\/?s={search_term_string}"},"query-input":{"@type":"PropertyValueSpecification","valueRequired":true,"valueName":"search_term_string"}}],"inLanguage":"pl-PL"}]}},"_links":{"self":[{"href":"https:\/\/ironsky.pl\/sklep\/wp-json\/wp\/v2\/product\/26739","targetHints":{"allow":["GET"]}}],"collection":[{"href":"https:\/\/ironsky.pl\/sklep\/wp-json\/wp\/v2\/product"}],"about":[{"href":"https:\/\/ironsky.pl\/sklep\/wp-json\/wp\/v2\/types\/product"}],"replies":[{"embeddable":true,"href":"https:\/\/ironsky.pl\/sklep\/wp-json\/wp\/v2\/comments?post=26739"}],"wp:featuredmedia":[{"embeddable":true,"href":"https:\/\/ironsky.pl\/sklep\/wp-json\/wp\/v2\/media\/26740"}],"wp:attachment":[{"href":"https:\/\/ironsky.pl\/sklep\/wp-json\/wp\/v2\/media?parent=26739"}],"wp:term":[{"taxonomy":"product_brand","embeddable":true,"href":"https:\/\/ironsky.pl\/sklep\/wp-json\/wp\/v2\/product_brand?post=26739"},{"taxonomy":"product_cat","embeddable":true,"href":"https:\/\/ironsky.pl\/sklep\/wp-json\/wp\/v2\/product_cat?post=26739"},{"taxonomy":"product_tag","embeddable":true,"href":"https:\/\/ironsky.pl\/sklep\/wp-json\/wp\/v2\/product_tag?post=26739"}],"curies":[{"name":"wp","href":"https:\/\/api.w.org\/{rel}","templated":true}]}}