{"id":26737,"date":"2024-09-16T19:42:46","date_gmt":"2024-09-16T17:42:46","guid":{"rendered":"http:\/\/gvshalph.pro-linuxpl.com\/ironskyprodukty\/produkt\/panel-swietlny-led-neewer-rgb168-60w-2500-8500k\/"},"modified":"2026-04-22T16:35:06","modified_gmt":"2026-04-22T14:35:06","slug":"panel-swietlny-led-neewer-rgb168-60w-2500-8500k","status":"publish","type":"product","link":"https:\/\/ironsky.pl\/sklep\/produkt\/panel-swietlny-led-neewer-rgb168-60w-2500-8500k\/","title":{"rendered":"Panel \u015bwietlny LED Neewer RGB168 60W 2500-8500K"},"content":{"rendered":"<h3>Lampa LED Neewer 660 PRO RGB 50W: Nowoczesne O\u015bwietlenie Video<\/h3>\n<p>Lampa LED Neewer 660 PRO o mocy 60W zapewnia szeroki k\u0105t \u015bwiecenia 120\u00b0 oraz maksymaln\u0105 jasno\u015b\u0107 5000 lux na odleg\u0142o\u015b\u0107 0,5 metra. Dzi\u0119ki wysokiej warto\u015bci wska\u017anika CRI wynosz\u0105cej 97+ (TLCI 97+), osi\u0105gniesz dok\u0142adn\u0105 reprodukcj\u0119 kolor\u00f3w. Design panelu bocznego emituj\u0105cego \u015bwiat\u0142o oraz wbudowany dyfuzor (nieroz\u0142\u0105czny) zapewniaj\u0105 mi\u0119ksze \u015bwiat\u0142o ni\u017c w przypadku panelu emituj\u0105cego \u015bwiat\u0142o z ty\u0142u, co gwarantuje nowe doznania podczas gier, wideoblog\u00f3w na YouTube, vlog\u00f3w wideo, fotografii portretowej i wi\u0119cej.<\/p>\n<p>\n<img decoding=\"async\" alt=\"\" border=\"0\" src=\"https:\/\/assets.innpro.pl\/5908\/6939\/5.jpg\"\/>\n<\/p>\n<h3>Regulacja Odcienia, Jasno\u015bci i Temperatury Barwowej<\/h3>\n<p>Dzi\u0119ki regulacji odcienia od 0\u00b0 do 360\u00b0, jasno\u015bci od 0% do 100%, temperatura barwowa tego o\u015bwietlenia mo\u017ce by\u0107 dostosowana od 2500K (bia\u0142e ciep\u0142e) do 8500K (bia\u0142e zimne). Wy\u015bwietlacz LCD na tylnym panelu lampy wy\u015bwietla klarownie ustawienia \u015bwiat\u0142a, co poprawia efektywno\u015b\u0107.<\/p>\n<p>\n<img decoding=\"async\" alt=\"\" border=\"0\" src=\"https:\/\/assets.innpro.pl\/5908\/6939\/4.jpg\"\/>\n<\/p>\n<h3>17 Specjalnych Efekt\u00f3w Scenicznych<\/h3>\n<p>Lampa oferuje 17 specjalnych efekt\u00f3w o\u015bwietleniowych, w tym B\u0142yskawice, Paparazzi, Wybuch, Spalona \u017bar\u00f3wka, Spawanie, Migotanie Temperatury Barwowej, Migotanie Kolor\u00f3w, Pulsowanie Temperatury Barwowej, Pulsowanie Kolor\u00f3w, Policyjny Samoch\u00f3d, \u015awiat\u0142o \u015awieczki, Cyklowanie Kolor\u00f3w, Cyklowanie Temperatury Barwowej, Cyklowanie Jasno\u015bci, Ekran, Fajerwerki i Impreza. Te efekty sceniczne pozwalaj\u0105 r\u00f3wnie\u017c regulowa\u0107 jasno\u015b\u0107, temperatur\u0119 barwow\u0105, cz\u0119stotliwo\u015b\u0107 i inne ustawienia, spe\u0142niaj\u0105c Twoje potrzeby fotograficzne w r\u00f3\u017cnych scenach.<\/p>\n<p>\n<img decoding=\"async\" alt=\"\" border=\"0\" src=\"https:\/\/assets.innpro.pl\/5908\/6939\/3.jpg\"\/>\n<\/p>\n<h3>Obs\u0142uga Aplikacji<\/h3>\n<p>Lampa pozwala na tymczasowe zapisanie 2 grup ustawie\u0144 \u015bwietlnych, kontrol\u0119 1-8 grup \u015bwiate\u0142, dodanie predefiniowanych ustawie\u0144 do ulubionych oraz regulacj\u0119 temperatury barwowej, jasno\u015bci, HSI i tryb\u00f3w scenicznych za pomoc\u0105 pokr\u0119te\u0142 na panelu tylnym lub poprzez pobranie aplikacji NEEWER ze Sklepu App Store lub Google Play dla \u0142atwej obs\u0142ugi. Kompatybilna z systemem Android 4.3 lub iOS 11.1 i nowszymi wersjami.<\/p>\n<p>\n<img decoding=\"async\" alt=\"\" border=\"0\" src=\"https:\/\/assets.innpro.pl\/5908\/6939\/7.jpg\"\/>\n<\/p>\n<h3>Zasilanie i Monta\u017c<\/h3>\n<p>Lamp\u0119 mo\u017cna zasila\u0107 na dwa sposoby \u2014 za pomoc\u0105 adaptera zasilaj\u0105cego (do\u0142\u0105czonego) lub dw\u00f3ch baterii NP-F (nie do\u0142\u0105czone). Uchwyt monta\u017cowy umo\u017cliwia szybki monta\u017c na statywie, a torba transportowa przechowuje i chroni lamp\u0119 i akcesoria, zapewniaj\u0105c wygod\u0119 podczas fotografowania i nagrywania w podr\u00f3\u017cy.<\/p>\n<p>\n<img decoding=\"async\" alt=\"\" border=\"0\" src=\"https:\/\/assets.innpro.pl\/5908\/6939\/6.jpg\"\/>\n<\/p>\n<h3>Zawarto\u015b\u0107 zestawu<\/h3>\n<ul class=\"list-disc pl-5\">\n<li>Lampa LED Neewer 660 PRO RGB 50W<\/li>\n<li>Adapter zasilaj\u0105cy<\/li>\n<li>Uchwyt monta\u017cowy<\/li>\n<li>Torba transportowa<\/li>\n<\/ul>\n<div class=\"table-wrapper\">\n<p>\u00a0<\/p>\n<h3><\/h3>\n<table>\n<tbody>\n<tr>\n<th>Moc <\/th>\n<td>60W<\/td>\n<\/tr>\n<tr>\n<th>K\u0105t \u015bwiecenia <\/th>\n<td>120\u00b0<\/td>\n<\/tr>\n<tr>\n<th>Maksymalna jasno\u015b\u0107 <\/th>\n<td>5000 lux (na odleg\u0142o\u015b\u0107 0.5m)<\/td>\n<\/tr>\n<tr>\n<th>Wska\u017anik CRI <\/th>\n<td>97+ (TLCI 97+)<\/td>\n<\/tr>\n<tr>\n<th>Regulacja odcienia <\/th>\n<td>0\u00b0 do 360\u00b0<\/td>\n<\/tr>\n<tr>\n<th>Regulacja jasno\u015bci<\/th>\n<td>0% do 100%<\/td>\n<\/tr>\n<tr>\n<th>Temperatura barwowa <\/th>\n<td>2500K (ciep\u0142e bia\u0142e) do 8500K (zimne bia\u0142e)<\/td>\n<\/tr>\n<tr>\n<th>Efekty sceniczne <\/th>\n<td>17 rodzaj\u00f3w<\/td>\n<\/tr>\n<tr>\n<th>Obs\u0142uga aplikacji <\/th>\n<td>Tak (dost\u0119pna aplikacja NEEWER dla system\u00f3w Android 4.3 lub iOS 11.1 i nowszych)<\/td>\n<\/tr>\n<tr>\n<th>Zasilanie <\/th>\n<td>Adapter zasilaj\u0105cy (do\u0142\u0105czony) lub 2 baterie NP-F (nie do\u0142\u0105czone)<\/td>\n<\/tr>\n<tr>\n<th>Uchwyt monta\u017cowy <\/th>\n<td>Tak<\/td>\n<\/tr>\n<tr>\n<th>Torba transportowa <\/th>\n<td>Tak<\/td>\n<\/tr>\n<\/tbody>\n<\/table>\n<\/div>\n","protected":false},"excerpt":{"rendered":"<p>Lampa LED Neewer 660 PRO RGB 50W: Nowoczesne O\u015bwietlenie Video Lampa LED Neewer 660 PRO o mocy 60W zapewnia szeroki<\/p>\n","protected":false},"featured_media":26738,"comment_status":"closed","ping_status":"open","template":"","meta":{"_acf_changed":false},"product_brand":[],"product_cat":[1128,1151,1146],"product_tag":[],"class_list":{"0":"post-26737","1":"product","2":"type-product","3":"status-publish","4":"has-post-thumbnail","6":"product_cat-foto-wideo","7":"product_cat-lampy-studyjne","8":"product_cat-wyposazenie-studia","9":"pa_gross-weight-4934","10":"pa_net-weight-4933","12":"first","13":"outofstock","14":"taxable","15":"shipping-taxable","16":"purchasable","17":"product-type-simple"},"acf":[],"yoast_head":"<!-- This site is optimized with the Yoast SEO plugin v27.2 - https:\/\/yoast.com\/product\/yoast-seo-wordpress\/ -->\n<title>Panel \u015bwietlny LED Neewer RGB168 60W 2500-8500K - IRONSKY.PL Sklep z Dronami<\/title>\n<meta name=\"description\" content=\"Panel \u015bwietlny LED Neewer RGB168 60W 2500-8500K - \u2705 sklep z dronami i fachowym doradztwem. \u2705 Tutaj kupisz produkty DJI, Yuneec, Parrot, Syma i wiele innych, a tak\u017ce kursy i licencje na operatora drona.\" \/>\n<meta name=\"robots\" content=\"index, follow, max-snippet:-1, max-image-preview:large, max-video-preview:-1\" \/>\n<link rel=\"canonical\" href=\"https:\/\/ironsky.pl\/sklep\/produkt\/panel-swietlny-led-neewer-rgb168-60w-2500-8500k\/\" \/>\n<meta property=\"og:locale\" content=\"pl_PL\" \/>\n<meta property=\"og:type\" content=\"article\" \/>\n<meta property=\"og:title\" content=\"Panel \u015bwietlny LED Neewer RGB168 60W 2500-8500K - IRONSKY.PL Sklep z Dronami\" \/>\n<meta property=\"og:description\" content=\"Panel \u015bwietlny LED Neewer RGB168 60W 2500-8500K - \u2705 sklep z dronami i fachowym doradztwem. \u2705 Tutaj kupisz produkty DJI, Yuneec, Parrot, Syma i wiele innych, a tak\u017ce kursy i licencje na operatora drona.\" \/>\n<meta property=\"og:url\" content=\"https:\/\/ironsky.pl\/sklep\/produkt\/panel-swietlny-led-neewer-rgb168-60w-2500-8500k\/\" \/>\n<meta property=\"og:site_name\" content=\"IRONSKY.PL Sklep z Dronami\" \/>\n<meta property=\"article:modified_time\" content=\"2026-04-22T14:35:06+00:00\" \/>\n<meta property=\"og:image\" content=\"https:\/\/ironsky.pl\/sklep\/wp-content\/uploads\/2024\/09\/42304_1.jpg\" \/>\n\t<meta property=\"og:image:width\" content=\"800\" \/>\n\t<meta property=\"og:image:height\" content=\"800\" \/>\n\t<meta property=\"og:image:type\" content=\"image\/jpeg\" \/>\n<meta name=\"twitter:card\" content=\"summary_large_image\" \/>\n<meta name=\"twitter:label1\" content=\"Szacowany czas czytania\" \/>\n\t<meta name=\"twitter:data1\" content=\"2 minuty\" \/>\n<script type=\"application\/ld+json\" class=\"yoast-schema-graph\">{\"@context\":\"https:\/\/schema.org\",\"@graph\":[{\"@type\":\"WebPage\",\"@id\":\"https:\/\/ironsky.pl\/sklep\/produkt\/panel-swietlny-led-neewer-rgb168-60w-2500-8500k\/\",\"url\":\"https:\/\/ironsky.pl\/sklep\/produkt\/panel-swietlny-led-neewer-rgb168-60w-2500-8500k\/\",\"name\":\"Panel \u015bwietlny LED Neewer RGB168 60W 2500-8500K - IRONSKY.PL Sklep z Dronami\",\"isPartOf\":{\"@id\":\"https:\/\/ironsky.pl\/sklep\/#website\"},\"primaryImageOfPage\":{\"@id\":\"https:\/\/ironsky.pl\/sklep\/produkt\/panel-swietlny-led-neewer-rgb168-60w-2500-8500k\/#primaryimage\"},\"image\":{\"@id\":\"https:\/\/ironsky.pl\/sklep\/produkt\/panel-swietlny-led-neewer-rgb168-60w-2500-8500k\/#primaryimage\"},\"thumbnailUrl\":\"https:\/\/ironsky.pl\/sklep\/wp-content\/uploads\/2024\/09\/42304_1.jpg\",\"datePublished\":\"2024-09-16T17:42:46+00:00\",\"dateModified\":\"2026-04-22T14:35:06+00:00\",\"description\":\"Panel \u015bwietlny LED Neewer RGB168 60W 2500-8500K - \u2705 sklep z dronami i fachowym doradztwem. \u2705 Tutaj kupisz produkty DJI, Yuneec, Parrot, Syma i wiele innych, a tak\u017ce kursy i licencje na operatora drona.\",\"breadcrumb\":{\"@id\":\"https:\/\/ironsky.pl\/sklep\/produkt\/panel-swietlny-led-neewer-rgb168-60w-2500-8500k\/#breadcrumb\"},\"inLanguage\":\"pl-PL\",\"potentialAction\":[{\"@type\":\"ReadAction\",\"target\":[\"https:\/\/ironsky.pl\/sklep\/produkt\/panel-swietlny-led-neewer-rgb168-60w-2500-8500k\/\"]}]},{\"@type\":\"ImageObject\",\"inLanguage\":\"pl-PL\",\"@id\":\"https:\/\/ironsky.pl\/sklep\/produkt\/panel-swietlny-led-neewer-rgb168-60w-2500-8500k\/#primaryimage\",\"url\":\"https:\/\/ironsky.pl\/sklep\/wp-content\/uploads\/2024\/09\/42304_1.jpg\",\"contentUrl\":\"https:\/\/ironsky.pl\/sklep\/wp-content\/uploads\/2024\/09\/42304_1.jpg\",\"width\":800,\"height\":800},{\"@type\":\"BreadcrumbList\",\"@id\":\"https:\/\/ironsky.pl\/sklep\/produkt\/panel-swietlny-led-neewer-rgb168-60w-2500-8500k\/#breadcrumb\",\"itemListElement\":[{\"@type\":\"ListItem\",\"position\":1,\"name\":\"Strona g\u0142\u00f3wna\",\"item\":\"https:\/\/ironsky.pl\/sklep\/\"},{\"@type\":\"ListItem\",\"position\":2,\"name\":\"Wszystkie produkty\",\"item\":\"https:\/\/ironsky.pl\/sklep\/produkty\/\"},{\"@type\":\"ListItem\",\"position\":3,\"name\":\"Panel \u015bwietlny LED Neewer RGB168 60W 2500-8500K\"}]},{\"@type\":\"WebSite\",\"@id\":\"https:\/\/ironsky.pl\/sklep\/#website\",\"url\":\"https:\/\/ironsky.pl\/sklep\/\",\"name\":\"IRONSKY.PL Sklep z Dronami\",\"description\":\"IRONSKY.PL Sklep z Dronami\",\"potentialAction\":[{\"@type\":\"SearchAction\",\"target\":{\"@type\":\"EntryPoint\",\"urlTemplate\":\"https:\/\/ironsky.pl\/sklep\/?s={search_term_string}\"},\"query-input\":{\"@type\":\"PropertyValueSpecification\",\"valueRequired\":true,\"valueName\":\"search_term_string\"}}],\"inLanguage\":\"pl-PL\"}]}<\/script>\n<!-- \/ Yoast SEO plugin. -->","yoast_head_json":{"title":"Panel \u015bwietlny LED Neewer RGB168 60W 2500-8500K - IRONSKY.PL Sklep z Dronami","description":"Panel \u015bwietlny LED Neewer RGB168 60W 2500-8500K - \u2705 sklep z dronami i fachowym doradztwem. \u2705 Tutaj kupisz produkty DJI, Yuneec, Parrot, Syma i wiele innych, a tak\u017ce kursy i licencje na operatora drona.","robots":{"index":"index","follow":"follow","max-snippet":"max-snippet:-1","max-image-preview":"max-image-preview:large","max-video-preview":"max-video-preview:-1"},"canonical":"https:\/\/ironsky.pl\/sklep\/produkt\/panel-swietlny-led-neewer-rgb168-60w-2500-8500k\/","og_locale":"pl_PL","og_type":"article","og_title":"Panel \u015bwietlny LED Neewer RGB168 60W 2500-8500K - IRONSKY.PL Sklep z Dronami","og_description":"Panel \u015bwietlny LED Neewer RGB168 60W 2500-8500K - \u2705 sklep z dronami i fachowym doradztwem. \u2705 Tutaj kupisz produkty DJI, Yuneec, Parrot, Syma i wiele innych, a tak\u017ce kursy i licencje na operatora drona.","og_url":"https:\/\/ironsky.pl\/sklep\/produkt\/panel-swietlny-led-neewer-rgb168-60w-2500-8500k\/","og_site_name":"IRONSKY.PL Sklep z Dronami","article_modified_time":"2026-04-22T14:35:06+00:00","og_image":[{"width":800,"height":800,"url":"https:\/\/ironsky.pl\/sklep\/wp-content\/uploads\/2024\/09\/42304_1.jpg","type":"image\/jpeg"}],"twitter_card":"summary_large_image","twitter_misc":{"Szacowany czas czytania":"2 minuty"},"schema":{"@context":"https:\/\/schema.org","@graph":[{"@type":"WebPage","@id":"https:\/\/ironsky.pl\/sklep\/produkt\/panel-swietlny-led-neewer-rgb168-60w-2500-8500k\/","url":"https:\/\/ironsky.pl\/sklep\/produkt\/panel-swietlny-led-neewer-rgb168-60w-2500-8500k\/","name":"Panel \u015bwietlny LED Neewer RGB168 60W 2500-8500K - IRONSKY.PL Sklep z Dronami","isPartOf":{"@id":"https:\/\/ironsky.pl\/sklep\/#website"},"primaryImageOfPage":{"@id":"https:\/\/ironsky.pl\/sklep\/produkt\/panel-swietlny-led-neewer-rgb168-60w-2500-8500k\/#primaryimage"},"image":{"@id":"https:\/\/ironsky.pl\/sklep\/produkt\/panel-swietlny-led-neewer-rgb168-60w-2500-8500k\/#primaryimage"},"thumbnailUrl":"https:\/\/ironsky.pl\/sklep\/wp-content\/uploads\/2024\/09\/42304_1.jpg","datePublished":"2024-09-16T17:42:46+00:00","dateModified":"2026-04-22T14:35:06+00:00","description":"Panel \u015bwietlny LED Neewer RGB168 60W 2500-8500K - \u2705 sklep z dronami i fachowym doradztwem. \u2705 Tutaj kupisz produkty DJI, Yuneec, Parrot, Syma i wiele innych, a tak\u017ce kursy i licencje na operatora drona.","breadcrumb":{"@id":"https:\/\/ironsky.pl\/sklep\/produkt\/panel-swietlny-led-neewer-rgb168-60w-2500-8500k\/#breadcrumb"},"inLanguage":"pl-PL","potentialAction":[{"@type":"ReadAction","target":["https:\/\/ironsky.pl\/sklep\/produkt\/panel-swietlny-led-neewer-rgb168-60w-2500-8500k\/"]}]},{"@type":"ImageObject","inLanguage":"pl-PL","@id":"https:\/\/ironsky.pl\/sklep\/produkt\/panel-swietlny-led-neewer-rgb168-60w-2500-8500k\/#primaryimage","url":"https:\/\/ironsky.pl\/sklep\/wp-content\/uploads\/2024\/09\/42304_1.jpg","contentUrl":"https:\/\/ironsky.pl\/sklep\/wp-content\/uploads\/2024\/09\/42304_1.jpg","width":800,"height":800},{"@type":"BreadcrumbList","@id":"https:\/\/ironsky.pl\/sklep\/produkt\/panel-swietlny-led-neewer-rgb168-60w-2500-8500k\/#breadcrumb","itemListElement":[{"@type":"ListItem","position":1,"name":"Strona g\u0142\u00f3wna","item":"https:\/\/ironsky.pl\/sklep\/"},{"@type":"ListItem","position":2,"name":"Wszystkie produkty","item":"https:\/\/ironsky.pl\/sklep\/produkty\/"},{"@type":"ListItem","position":3,"name":"Panel \u015bwietlny LED Neewer RGB168 60W 2500-8500K"}]},{"@type":"WebSite","@id":"https:\/\/ironsky.pl\/sklep\/#website","url":"https:\/\/ironsky.pl\/sklep\/","name":"IRONSKY.PL Sklep z Dronami","description":"IRONSKY.PL Sklep z Dronami","potentialAction":[{"@type":"SearchAction","target":{"@type":"EntryPoint","urlTemplate":"https:\/\/ironsky.pl\/sklep\/?s={search_term_string}"},"query-input":{"@type":"PropertyValueSpecification","valueRequired":true,"valueName":"search_term_string"}}],"inLanguage":"pl-PL"}]}},"_links":{"self":[{"href":"https:\/\/ironsky.pl\/sklep\/wp-json\/wp\/v2\/product\/26737","targetHints":{"allow":["GET"]}}],"collection":[{"href":"https:\/\/ironsky.pl\/sklep\/wp-json\/wp\/v2\/product"}],"about":[{"href":"https:\/\/ironsky.pl\/sklep\/wp-json\/wp\/v2\/types\/product"}],"replies":[{"embeddable":true,"href":"https:\/\/ironsky.pl\/sklep\/wp-json\/wp\/v2\/comments?post=26737"}],"wp:featuredmedia":[{"embeddable":true,"href":"https:\/\/ironsky.pl\/sklep\/wp-json\/wp\/v2\/media\/26738"}],"wp:attachment":[{"href":"https:\/\/ironsky.pl\/sklep\/wp-json\/wp\/v2\/media?parent=26737"}],"wp:term":[{"taxonomy":"product_brand","embeddable":true,"href":"https:\/\/ironsky.pl\/sklep\/wp-json\/wp\/v2\/product_brand?post=26737"},{"taxonomy":"product_cat","embeddable":true,"href":"https:\/\/ironsky.pl\/sklep\/wp-json\/wp\/v2\/product_cat?post=26737"},{"taxonomy":"product_tag","embeddable":true,"href":"https:\/\/ironsky.pl\/sklep\/wp-json\/wp\/v2\/product_tag?post=26737"}],"curies":[{"name":"wp","href":"https:\/\/api.w.org\/{rel}","templated":true}]}}