{"id":26719,"date":"2024-09-16T19:42:46","date_gmt":"2024-09-16T17:42:46","guid":{"rendered":"http:\/\/gvshalph.pro-linuxpl.com\/ironskyprodukty\/produkt\/lampa-neewer-bh30s-rgb-led-stick-2500k-10000k\/"},"modified":"2026-03-05T15:52:38","modified_gmt":"2026-03-05T14:52:38","slug":"lampa-neewer-bh30s-rgb-led-stick-2500k-10000k","status":"publish","type":"product","link":"https:\/\/ironsky.pl\/sklep\/produkt\/lampa-neewer-bh30s-rgb-led-stick-2500k-10000k\/","title":{"rendered":"Lampa Neewer BH30S RGB LED Stick 2500K-10000K"},"content":{"rendered":"<h3>Lampa Neewer BH30S RGB LED Stick 2500K-10000K<\/h3>\n<p>Neewer BH30S RGB LED Stick to praktyczna lampa LED, kt\u00f3ra zapewnia moc 15 W i maksymaln\u0105 jasno\u015b\u0107 1800 luks\u00f3w. Dzi\u0119ki szerokiemu zakresowi temperatury barwowej (od 2500K do 10000K) oraz mo\u017cliwo\u015bci precyzyjnego dostosowania jasno\u015bci (od 0% do 100%) idealnie sprawdzi si\u0119 w r\u00f3\u017cnych warunkach. Ponadto wysoki wska\u017anik CRI i TLCI na poziomie 97+ gwarantuje autentyczn\u0105 reprodukcj\u0119 kolor\u00f3w, co jest kluczowe dla fotograf\u00f3w i filmowc\u00f3w d\u0105\u017c\u0105cych do uzyskania jak najlepszych efekt\u00f3w wizualnych.<\/p>\n<p><img decoding=\"async\" src=\"https:\/\/assets.innpro.pl\/5653\/6653\/5.jpg\" border=\"0\" alt=\"\"><\/p>\n<h3>Pe\u0142na kontrola nad parametrami \u015bwiat\u0142a<\/h3>\n<p>Lampa oferuje u\u017cytkownikom pe\u0142n\u0105 kontrol\u0119 nad parametrami \u015bwiat\u0142a, umo\u017cliwiaj\u0105c dok\u0142adne dostosowanie go do potrzeb sceny. Teraz mo\u017cesz swobodnie regulowa\u0107 temperatur\u0119 barwow\u0105 w zakresie od 2500K do 10000K oraz jasno\u015b\u0107 od 0% do 100%.Istnieje r\u00f3wnie\u017c mo\u017cliwo\u015b\u0107 zmiany koloru o\u015bwietlenia. Wszystko to sprawia, \u017ce urz\u0105dzenie b\u0119dzie idealnym wyborem dla tw\u00f3rc\u00f3w, kt\u00f3rzy potrzebuj\u0105 precyzyjnie kalibrowa\u0107 \u015bwiat\u0142o pod k\u0105tem r\u00f3\u017cnych warunk\u00f3w i styl\u00f3w wizualnych.<\/p>\n<p><img decoding=\"async\" src=\"https:\/\/assets.innpro.pl\/5653\/6653\/1.jpg\" border=\"0\" alt=\"\"><\/p>\n<h3>Zaawansowane opcje sterowania<\/h3>\n<p>Mo\u017cliwe jest sterowanie lamp\u0105 na trzy sposoby, co zwi\u0119ksza elastyczno\u015b\u0107 u\u017cytkowania. Pierwsz\u0105 opcj\u0105 jest kontrola za pomoc\u0105 aplikacji NEEWER, kt\u00f3ra pozwala na zdalne zarz\u0105dzanie nawet 255 urz\u0105dzeniami jednocze\u015bnie. Dost\u0119pna jest r\u00f3wnie\u017c obs\u0142uga przez 2.4G, co nie wymaga parowania. Trzeci\u0105 metod\u0105 jest tradycyjne sterowanie bezpo\u015brednio na urz\u0105dzeniu \u2013 przy u\u017cyciu przycisk\u00f3w i intuicyjnego, dotykowego miksera kolor\u00f3w.<\/p>\n<p><img decoding=\"async\" src=\"https:\/\/assets.innpro.pl\/5653\/6653\/6.jpg\" border=\"0\" alt=\"\"><\/p>\n<h3>Wydajny akumulator<\/h3>\n<p>Lampa BH30S jest wyposa\u017cona w wydajny akumulator litowo-jonowy o pojemno\u015bci 4150 mAh, kt\u00f3ry zapewnia do 150 minut dzia\u0142ania przy pe\u0142nej mocy. Co wi\u0119cej, dzi\u0119ki wsparciu dla \u0142adowania PD (Power Delivery) przez port USB-C urz\u0105dzenie b\u0119dzie gotowe do pracy w zaledwie oko\u0142o 3,5 godziny. Produkt mo\u017ce te\u017c by\u0107 \u0142adowany podczas u\u017cytkowania, co jest szczeg\u00f3lnie przydatne przy d\u0142u\u017cszych sesjach fotograficznych lub filmowych.<\/p>\n<p><img decoding=\"async\" src=\"https:\/\/assets.innpro.pl\/5653\/6653\/9.jpg\" border=\"0\" alt=\"\"><\/p>\n<h3>Uniwersalno\u015b\u0107 metod monta\u017cu<\/h3>\n<p>Standardowy gwint 1\/4&#8243; umo\u017cliwia bezproblemowy monta\u017c lampy na wi\u0119kszo\u015bci popularnych modeli statyw\u00f3w. Urz\u0105dzenie oferuje tak\u017ce od\u0142\u0105czany uchwyt, kt\u00f3ry pozwala na wygodne trzymanie go w r\u0119ku pod r\u00f3\u017cnymi k\u0105tami. Dzi\u0119ki temu z powodzeniem wykorzystasz je r\u00f3wnie\u017c podczas sesji zdj\u0119ciowych w ruchu czy imprez na \u017cywo.<\/p>\n<p><img decoding=\"async\" src=\"https:\/\/assets.innpro.pl\/5653\/6653\/2.jpg\" border=\"0\" alt=\"\"><\/p>\n<h3>W zestawie<\/h3>\n<ul>\n<li>Lampa<\/li>\n<li>Uchwyt<\/li>\n<li>Kabel do \u0142adowania USB-C<\/li>\n<li>Torba transportowa<\/li>\n<\/ul>\n<div class=\"table-wrapper\">\n<p>&nbsp;<\/p>\n<h3><\/h3>\n<table>\n<tbody>\n<tr>\n<th>Producent<\/th>\n<td>Neewer<\/td>\n<\/tr>\n<tr>\n<th>Model<\/th>\n<td>B0BV2Z82XC<\/td>\n<\/tr>\n<tr>\n<th>Liczba diod LED<\/th>\n<td>248 (RGB 80, zimne \u015bwiat\u0142o 84, ciep\u0142e \u015bwiat\u0142o 84)<\/td>\n<\/tr>\n<tr>\n<th>Moc<\/th>\n<td>15 W<\/td>\n<\/tr>\n<tr>\n<th>CRI<\/th>\n<td>97+<\/td>\n<\/tr>\n<tr>\n<th>TLCI<\/th>\n<td>97+<\/td>\n<\/tr>\n<tr>\n<th>Maks. jasno\u015b\u0107<\/th>\n<td>1800 luks\u00f3w \/ 0,5 m (6300K)<\/td>\n<\/tr>\n<tr>\n<th>Temperatura barwowa<\/th>\n<td>2500-10000K (przyrost co 100K)<\/td>\n<\/tr>\n<tr>\n<th>Zakres \u015bciemniania<\/th>\n<td>0-100% (przyrost co 1%)<\/td>\n<\/tr>\n<tr>\n<th>Odcie\u0144<\/th>\n<td>0-360\u00b0<\/td>\n<\/tr>\n<tr>\n<th>Nasycenie<\/th>\n<td>1-100%<\/td>\n<\/tr>\n<tr>\n<th>Liczba scen<\/th>\n<td>18<\/td>\n<\/tr>\n<tr>\n<th>Pojemno\u015b\u0107 akumulatora<\/th>\n<td>4150 mAh (7,7 V, 32 Wh)<\/td>\n<\/tr>\n<tr>\n<th>Wej\u015bcie DC<\/th>\n<td>USB 5 V \/ 2 A, 9 V \/ 2 A<\/td>\n<\/tr>\n<tr>\n<th>Z\u0142\u0105cze<\/th>\n<td>USB-C<\/td>\n<\/tr>\n<\/tbody>\n<\/table>\n<\/div>\n","protected":false},"excerpt":{"rendered":"<p>Lampa Neewer BH30S RGB LED Stick 2500K-10000K Neewer BH30S RGB LED Stick to praktyczna lampa LED, kt\u00f3ra zapewnia moc 15<\/p>\n","protected":false},"featured_media":26720,"comment_status":"closed","ping_status":"open","template":"","meta":{"_acf_changed":false},"product_brand":[],"product_cat":[1128,1151,1146],"product_tag":[],"class_list":{"0":"post-26719","1":"product","2":"type-product","3":"status-publish","4":"has-post-thumbnail","6":"product_cat-foto-wideo","7":"product_cat-lampy-studyjne","8":"product_cat-wyposazenie-studia","9":"pa_box-height-1591","10":"pa_box-length-4926","11":"pa_box-width-1614","12":"pa_gross-weight-4927","13":"pa_net-weight-4925","14":"pa_regulowane-natezenie-tak","15":"pa_ze-statywem-nie","17":"first","18":"outofstock","19":"taxable","20":"shipping-taxable","21":"purchasable","22":"product-type-simple"},"acf":[],"yoast_head":"<!-- This site is optimized with the Yoast SEO plugin v27.2 - https:\/\/yoast.com\/product\/yoast-seo-wordpress\/ -->\n<title>Lampa Neewer BH30S RGB LED Stick 2500K-10000K - IRONSKY.PL Sklep z Dronami<\/title>\n<meta name=\"description\" content=\"Lampa Neewer BH30S RGB LED Stick 2500K-10000K - \u2705 sklep z dronami i fachowym doradztwem. \u2705 Tutaj kupisz produkty DJI, Yuneec, Parrot, Syma i wiele innych, a tak\u017ce kursy i licencje na operatora drona.\" \/>\n<meta name=\"robots\" content=\"index, follow, max-snippet:-1, max-image-preview:large, max-video-preview:-1\" \/>\n<link rel=\"canonical\" href=\"https:\/\/ironsky.pl\/sklep\/produkt\/lampa-neewer-bh30s-rgb-led-stick-2500k-10000k\/\" \/>\n<meta property=\"og:locale\" content=\"pl_PL\" \/>\n<meta property=\"og:type\" content=\"article\" \/>\n<meta property=\"og:title\" content=\"Lampa Neewer BH30S RGB LED Stick 2500K-10000K - IRONSKY.PL Sklep z Dronami\" \/>\n<meta property=\"og:description\" content=\"Lampa Neewer BH30S RGB LED Stick 2500K-10000K - \u2705 sklep z dronami i fachowym doradztwem. \u2705 Tutaj kupisz produkty DJI, Yuneec, Parrot, Syma i wiele innych, a tak\u017ce kursy i licencje na operatora drona.\" \/>\n<meta property=\"og:url\" content=\"https:\/\/ironsky.pl\/sklep\/produkt\/lampa-neewer-bh30s-rgb-led-stick-2500k-10000k\/\" \/>\n<meta property=\"og:site_name\" content=\"IRONSKY.PL Sklep z Dronami\" \/>\n<meta property=\"article:modified_time\" content=\"2026-03-05T14:52:38+00:00\" \/>\n<meta property=\"og:image\" content=\"https:\/\/ironsky.pl\/sklep\/wp-content\/uploads\/2024\/09\/42264_2.jpg\" \/>\n\t<meta property=\"og:image:width\" content=\"800\" \/>\n\t<meta property=\"og:image:height\" content=\"800\" \/>\n\t<meta property=\"og:image:type\" content=\"image\/jpeg\" \/>\n<meta name=\"twitter:card\" content=\"summary_large_image\" \/>\n<meta name=\"twitter:label1\" content=\"Szacowany czas czytania\" \/>\n\t<meta name=\"twitter:data1\" content=\"2 minuty\" \/>\n<script type=\"application\/ld+json\" class=\"yoast-schema-graph\">{\"@context\":\"https:\/\/schema.org\",\"@graph\":[{\"@type\":\"WebPage\",\"@id\":\"https:\/\/ironsky.pl\/sklep\/produkt\/lampa-neewer-bh30s-rgb-led-stick-2500k-10000k\/\",\"url\":\"https:\/\/ironsky.pl\/sklep\/produkt\/lampa-neewer-bh30s-rgb-led-stick-2500k-10000k\/\",\"name\":\"Lampa Neewer BH30S RGB LED Stick 2500K-10000K - IRONSKY.PL Sklep z Dronami\",\"isPartOf\":{\"@id\":\"https:\/\/ironsky.pl\/sklep\/#website\"},\"primaryImageOfPage\":{\"@id\":\"https:\/\/ironsky.pl\/sklep\/produkt\/lampa-neewer-bh30s-rgb-led-stick-2500k-10000k\/#primaryimage\"},\"image\":{\"@id\":\"https:\/\/ironsky.pl\/sklep\/produkt\/lampa-neewer-bh30s-rgb-led-stick-2500k-10000k\/#primaryimage\"},\"thumbnailUrl\":\"https:\/\/ironsky.pl\/sklep\/wp-content\/uploads\/2024\/09\/42264_2.jpg\",\"datePublished\":\"2024-09-16T17:42:46+00:00\",\"dateModified\":\"2026-03-05T14:52:38+00:00\",\"description\":\"Lampa Neewer BH30S RGB LED Stick 2500K-10000K - \u2705 sklep z dronami i fachowym doradztwem. \u2705 Tutaj kupisz produkty DJI, Yuneec, Parrot, Syma i wiele innych, a tak\u017ce kursy i licencje na operatora drona.\",\"breadcrumb\":{\"@id\":\"https:\/\/ironsky.pl\/sklep\/produkt\/lampa-neewer-bh30s-rgb-led-stick-2500k-10000k\/#breadcrumb\"},\"inLanguage\":\"pl-PL\",\"potentialAction\":[{\"@type\":\"ReadAction\",\"target\":[\"https:\/\/ironsky.pl\/sklep\/produkt\/lampa-neewer-bh30s-rgb-led-stick-2500k-10000k\/\"]}]},{\"@type\":\"ImageObject\",\"inLanguage\":\"pl-PL\",\"@id\":\"https:\/\/ironsky.pl\/sklep\/produkt\/lampa-neewer-bh30s-rgb-led-stick-2500k-10000k\/#primaryimage\",\"url\":\"https:\/\/ironsky.pl\/sklep\/wp-content\/uploads\/2024\/09\/42264_2.jpg\",\"contentUrl\":\"https:\/\/ironsky.pl\/sklep\/wp-content\/uploads\/2024\/09\/42264_2.jpg\",\"width\":800,\"height\":800},{\"@type\":\"BreadcrumbList\",\"@id\":\"https:\/\/ironsky.pl\/sklep\/produkt\/lampa-neewer-bh30s-rgb-led-stick-2500k-10000k\/#breadcrumb\",\"itemListElement\":[{\"@type\":\"ListItem\",\"position\":1,\"name\":\"Strona g\u0142\u00f3wna\",\"item\":\"https:\/\/ironsky.pl\/sklep\/\"},{\"@type\":\"ListItem\",\"position\":2,\"name\":\"Wszystkie produkty\",\"item\":\"https:\/\/ironsky.pl\/sklep\/produkty\/\"},{\"@type\":\"ListItem\",\"position\":3,\"name\":\"Lampa Neewer BH30S RGB LED Stick 2500K-10000K\"}]},{\"@type\":\"WebSite\",\"@id\":\"https:\/\/ironsky.pl\/sklep\/#website\",\"url\":\"https:\/\/ironsky.pl\/sklep\/\",\"name\":\"IRONSKY.PL Sklep z Dronami\",\"description\":\"IRONSKY.PL Sklep z Dronami\",\"potentialAction\":[{\"@type\":\"SearchAction\",\"target\":{\"@type\":\"EntryPoint\",\"urlTemplate\":\"https:\/\/ironsky.pl\/sklep\/?s={search_term_string}\"},\"query-input\":{\"@type\":\"PropertyValueSpecification\",\"valueRequired\":true,\"valueName\":\"search_term_string\"}}],\"inLanguage\":\"pl-PL\"}]}<\/script>\n<!-- \/ Yoast SEO plugin. -->","yoast_head_json":{"title":"Lampa Neewer BH30S RGB LED Stick 2500K-10000K - IRONSKY.PL Sklep z Dronami","description":"Lampa Neewer BH30S RGB LED Stick 2500K-10000K - \u2705 sklep z dronami i fachowym doradztwem. \u2705 Tutaj kupisz produkty DJI, Yuneec, Parrot, Syma i wiele innych, a tak\u017ce kursy i licencje na operatora drona.","robots":{"index":"index","follow":"follow","max-snippet":"max-snippet:-1","max-image-preview":"max-image-preview:large","max-video-preview":"max-video-preview:-1"},"canonical":"https:\/\/ironsky.pl\/sklep\/produkt\/lampa-neewer-bh30s-rgb-led-stick-2500k-10000k\/","og_locale":"pl_PL","og_type":"article","og_title":"Lampa Neewer BH30S RGB LED Stick 2500K-10000K - IRONSKY.PL Sklep z Dronami","og_description":"Lampa Neewer BH30S RGB LED Stick 2500K-10000K - \u2705 sklep z dronami i fachowym doradztwem. \u2705 Tutaj kupisz produkty DJI, Yuneec, Parrot, Syma i wiele innych, a tak\u017ce kursy i licencje na operatora drona.","og_url":"https:\/\/ironsky.pl\/sklep\/produkt\/lampa-neewer-bh30s-rgb-led-stick-2500k-10000k\/","og_site_name":"IRONSKY.PL Sklep z Dronami","article_modified_time":"2026-03-05T14:52:38+00:00","og_image":[{"width":800,"height":800,"url":"https:\/\/ironsky.pl\/sklep\/wp-content\/uploads\/2024\/09\/42264_2.jpg","type":"image\/jpeg"}],"twitter_card":"summary_large_image","twitter_misc":{"Szacowany czas czytania":"2 minuty"},"schema":{"@context":"https:\/\/schema.org","@graph":[{"@type":"WebPage","@id":"https:\/\/ironsky.pl\/sklep\/produkt\/lampa-neewer-bh30s-rgb-led-stick-2500k-10000k\/","url":"https:\/\/ironsky.pl\/sklep\/produkt\/lampa-neewer-bh30s-rgb-led-stick-2500k-10000k\/","name":"Lampa Neewer BH30S RGB LED Stick 2500K-10000K - IRONSKY.PL Sklep z Dronami","isPartOf":{"@id":"https:\/\/ironsky.pl\/sklep\/#website"},"primaryImageOfPage":{"@id":"https:\/\/ironsky.pl\/sklep\/produkt\/lampa-neewer-bh30s-rgb-led-stick-2500k-10000k\/#primaryimage"},"image":{"@id":"https:\/\/ironsky.pl\/sklep\/produkt\/lampa-neewer-bh30s-rgb-led-stick-2500k-10000k\/#primaryimage"},"thumbnailUrl":"https:\/\/ironsky.pl\/sklep\/wp-content\/uploads\/2024\/09\/42264_2.jpg","datePublished":"2024-09-16T17:42:46+00:00","dateModified":"2026-03-05T14:52:38+00:00","description":"Lampa Neewer BH30S RGB LED Stick 2500K-10000K - \u2705 sklep z dronami i fachowym doradztwem. \u2705 Tutaj kupisz produkty DJI, Yuneec, Parrot, Syma i wiele innych, a tak\u017ce kursy i licencje na operatora drona.","breadcrumb":{"@id":"https:\/\/ironsky.pl\/sklep\/produkt\/lampa-neewer-bh30s-rgb-led-stick-2500k-10000k\/#breadcrumb"},"inLanguage":"pl-PL","potentialAction":[{"@type":"ReadAction","target":["https:\/\/ironsky.pl\/sklep\/produkt\/lampa-neewer-bh30s-rgb-led-stick-2500k-10000k\/"]}]},{"@type":"ImageObject","inLanguage":"pl-PL","@id":"https:\/\/ironsky.pl\/sklep\/produkt\/lampa-neewer-bh30s-rgb-led-stick-2500k-10000k\/#primaryimage","url":"https:\/\/ironsky.pl\/sklep\/wp-content\/uploads\/2024\/09\/42264_2.jpg","contentUrl":"https:\/\/ironsky.pl\/sklep\/wp-content\/uploads\/2024\/09\/42264_2.jpg","width":800,"height":800},{"@type":"BreadcrumbList","@id":"https:\/\/ironsky.pl\/sklep\/produkt\/lampa-neewer-bh30s-rgb-led-stick-2500k-10000k\/#breadcrumb","itemListElement":[{"@type":"ListItem","position":1,"name":"Strona g\u0142\u00f3wna","item":"https:\/\/ironsky.pl\/sklep\/"},{"@type":"ListItem","position":2,"name":"Wszystkie produkty","item":"https:\/\/ironsky.pl\/sklep\/produkty\/"},{"@type":"ListItem","position":3,"name":"Lampa Neewer BH30S RGB LED Stick 2500K-10000K"}]},{"@type":"WebSite","@id":"https:\/\/ironsky.pl\/sklep\/#website","url":"https:\/\/ironsky.pl\/sklep\/","name":"IRONSKY.PL Sklep z Dronami","description":"IRONSKY.PL Sklep z Dronami","potentialAction":[{"@type":"SearchAction","target":{"@type":"EntryPoint","urlTemplate":"https:\/\/ironsky.pl\/sklep\/?s={search_term_string}"},"query-input":{"@type":"PropertyValueSpecification","valueRequired":true,"valueName":"search_term_string"}}],"inLanguage":"pl-PL"}]}},"_links":{"self":[{"href":"https:\/\/ironsky.pl\/sklep\/wp-json\/wp\/v2\/product\/26719","targetHints":{"allow":["GET"]}}],"collection":[{"href":"https:\/\/ironsky.pl\/sklep\/wp-json\/wp\/v2\/product"}],"about":[{"href":"https:\/\/ironsky.pl\/sklep\/wp-json\/wp\/v2\/types\/product"}],"replies":[{"embeddable":true,"href":"https:\/\/ironsky.pl\/sklep\/wp-json\/wp\/v2\/comments?post=26719"}],"wp:featuredmedia":[{"embeddable":true,"href":"https:\/\/ironsky.pl\/sklep\/wp-json\/wp\/v2\/media\/26720"}],"wp:attachment":[{"href":"https:\/\/ironsky.pl\/sklep\/wp-json\/wp\/v2\/media?parent=26719"}],"wp:term":[{"taxonomy":"product_brand","embeddable":true,"href":"https:\/\/ironsky.pl\/sklep\/wp-json\/wp\/v2\/product_brand?post=26719"},{"taxonomy":"product_cat","embeddable":true,"href":"https:\/\/ironsky.pl\/sklep\/wp-json\/wp\/v2\/product_cat?post=26719"},{"taxonomy":"product_tag","embeddable":true,"href":"https:\/\/ironsky.pl\/sklep\/wp-json\/wp\/v2\/product_tag?post=26719"}],"curies":[{"name":"wp","href":"https:\/\/api.w.org\/{rel}","templated":true}]}}